{"id":958,"date":"2024-12-19T03:39:43","date_gmt":"2024-12-19T03:39:43","guid":{"rendered":"https:\/\/fmp-components.com\/product\/10038-quality-assurance-hydraulic-cylinder-double-acting-hydraulic-cylinder-for-trailer\/"},"modified":"2024-12-19T08:49:07","modified_gmt":"2024-12-19T08:49:07","slug":"10038-quality-assurance-hydraulic-cylinder-double-acting-hydraulic-cylinder-for-trailer","status":"publish","type":"product","link":"https:\/\/fmp-components.com\/vi\/product\/10038-quality-assurance-hydraulic-cylinder-double-acting-hydraulic-cylinder-for-trailer\/","title":{"rendered":"10038 \u0110\u1ea3m b\u1ea3o ch\u1ea5t l\u01b0\u1ee3ng Xi lanh th\u1ee7y l\u1ef1c Xi lanh th\u1ee7y l\u1ef1c t\u00e1c \u0111\u1ed9ng k\u00e9p cho r\u01a1 mo\u00f3c"},"content":{"rendered":"<p>Xi lanh th\u1ee7y l\u1ef1c t\u00e1c \u0111\u1ed9ng k\u00e9p 10038 Quality Assurance \u0111\u01b0\u1ee3c thi\u1ebft k\u1ebf chuy\u00ean nghi\u1ec7p cho c\u00e1c \u1ee9ng d\u1ee5ng r\u01a1 mo\u00f3c, mang l\u1ea1i hi\u1ec7u su\u1ea5t \u0111\u00e1ng tin c\u1eady v\u00e0 hi\u1ec7u qu\u1ea3 n\u00e2ng cao. Xi lanh th\u1ee7y l\u1ef1c n\u00e0y \u0111\u01b0\u1ee3c ch\u1ebf t\u1ea1o \u0111\u1ec3 \u0111\u00e1p \u1ee9ng nhu c\u1ea7u c\u1ee7a nhi\u1ec1u lo\u1ea1i r\u01a1 mo\u00f3c kh\u00e1c nhau, \u0111\u1ea3m b\u1ea3o ch\u1ee9c n\u0103ng v\u00e0 \u0111\u1ed9 b\u1ec1n t\u1ed1i \u01b0u.<\/p>\n<h4>C\u00e1c t\u00ednh n\u0103ng ch\u00ednh:<\/h4>\n<ul>\n<li><strong>C\u01a1 ch\u1ebf t\u00e1c \u0111\u1ed9ng k\u00e9p:<\/strong><br \/>\nThi\u1ebft k\u1ebf t\u00e1c \u0111\u1ed9ng k\u00e9p cho ph\u00e9p v\u1eadn h\u00e0nh tr\u01a1n tru c\u1ea3 khi k\u00e9o ra v\u00e0 thu v\u00e0o, mang l\u1ea1i kh\u1ea3 n\u0103ng ki\u1ec3m so\u00e1t ch\u00ednh x\u00e1c trong qu\u00e1 tr\u00ecnh n\u00e2ng v\u00e0 h\u1ea1. T\u00ednh n\u0103ng n\u00e0y n\u00e2ng cao hi\u1ec7u su\u1ea5t t\u1ed5ng th\u1ec3 c\u1ee7a ho\u1ea1t \u0111\u1ed9ng r\u01a1 mo\u00f3c.<\/li>\n<li><strong>\u0110\u1ea3m b\u1ea3o ch\u1ea5t l\u01b0\u1ee3ng:<\/strong><br \/>\nM\u1ed7i xi lanh th\u1ee7y l\u1ef1c \u0111\u1ec1u tr\u1ea3i qua qu\u00e1 tr\u00ecnh ki\u1ec3m tra ch\u1ea5t l\u01b0\u1ee3ng nghi\u00eam ng\u1eb7t \u0111\u1ec3 \u0111\u1ea3m b\u1ea3o \u0111\u00e1p \u1ee9ng c\u00e1c ti\u00eau chu\u1ea9n cao c\u1ee7a ng\u00e0nh. Cam k\u1ebft v\u1ec1 ch\u1ea5t l\u01b0\u1ee3ng n\u00e0y \u0111\u1ea3m b\u1ea3o \u0111\u1ed9 tin c\u1eady v\u00e0 an to\u00e0n trong qu\u00e1 tr\u00ecnh v\u1eadn h\u00e0nh.<\/li>\n<li><strong>K\u1ebft c\u1ea5u ch\u1eafc ch\u1eafn:<\/strong><br \/>\n\u0110\u01b0\u1ee3c ch\u1ebf t\u1ea1o t\u1eeb v\u1eadt li\u1ec7u ch\u1ea5t l\u01b0\u1ee3ng cao, xi lanh th\u1ee7y l\u1ef1c 10038 \u0111\u01b0\u1ee3c thi\u1ebft k\u1ebf \u0111\u1ec3 ch\u1ecbu \u0111\u01b0\u1ee3c s\u1ef1 kh\u1eafc nghi\u1ec7t c\u1ee7a vi\u1ec7c s\u1eed d\u1ee5ng n\u1eb7ng nh\u1ecdc. K\u1ebft c\u1ea5u b\u1ec1n b\u1ec9 c\u1ee7a n\u00f3 \u0111\u1ea3m b\u1ea3o hi\u1ec7u su\u1ea5t l\u00e2u d\u00e0i, ngay c\u1ea3 trong nh\u1eefng m\u00f4i tr\u01b0\u1eddng kh\u1eafc nghi\u1ec7t.<\/li>\n<li><strong>\u1ee8ng d\u1ee5ng \u0111a n\u0103ng:<\/strong><br \/>\nPh\u00f9 h\u1ee3p v\u1edbi nhi\u1ec1u \u1ee9ng d\u1ee5ng r\u01a1 mo\u00f3c, bao g\u1ed3m r\u01a1 mo\u00f3c s\u00e0n ph\u1eb3ng, r\u01a1 mo\u00f3c ben v\u00e0 r\u01a1 mo\u00f3c ti\u1ec7n \u00edch, xi lanh th\u1ee7y l\u1ef1c n\u00e0y t\u0103ng c\u01b0\u1eddng ch\u1ee9c n\u0103ng c\u1ee7a nhi\u1ec1u lo\u1ea1i r\u01a1 mo\u00f3c kh\u00e1c nhau.<\/li>\n<li><strong>C\u00e0i \u0111\u1eb7t d\u1ec5 d\u00e0ng:<\/strong><br \/>\n\u0110\u01b0\u1ee3c thi\u1ebft k\u1ebf \u0111\u1ec3 l\u1eafp \u0111\u1eb7t d\u1ec5 d\u00e0ng, xi lanh th\u1ee7y l\u1ef1c 10038 c\u00f3 th\u1ec3 nhanh ch\u00f3ng t\u00edch h\u1ee3p v\u00e0o h\u1ec7 th\u1ed1ng r\u01a1 mo\u00f3c hi\u1ec7n c\u00f3, gi\u1ea3m thi\u1ec3u th\u1eddi gian ch\u1ebft v\u00e0 c\u1ea3i thi\u1ec7n n\u0103ng su\u1ea5t.<\/li>\n<\/ul>\n<p><img decoding=\"async\" src=\"https:\/\/hzpt.com\/wp-content\/uploads\/2023\/12\/random-2.webp\" alt=\"\" title=\"\"><\/p>\n<h4>Th\u00f4ng s\u1ed1 k\u1ef9 thu\u1eadt:<\/h4>\n<table style=\"width: 91.5825%; height: 151px;\">\n<thead>\n<tr>\n<th>\u0110\u1eb7c \u0111i\u1ec3m k\u1ef9 thu\u1eadt<\/th>\n<th>S\u1ef1 mi\u00eau t\u1ea3<\/th>\n<\/tr>\n<\/thead>\n<tbody>\n<tr>\n<td><strong>T\u1ea3i tr\u1ecdng<\/strong><\/td>\n<td>C\u00f3 th\u1ec3 t\u00f9y ch\u1ec9nh<\/td>\n<\/tr>\n<tr>\n<td><strong>K\u00edch th\u01b0\u1edbc l\u1ed7 khoan<\/strong><\/td>\n<td>C\u00f3 nhi\u1ec1u t\u00f9y ch\u1ecdn kh\u00e1c nhau<\/td>\n<\/tr>\n<tr>\n<td><strong>Chi\u1ec1u d\u00e0i n\u00e9t v\u1ebd<\/strong><\/td>\n<td>C\u00f3 th\u1ec3 t\u00f9y ch\u1ec9nh<\/td>\n<\/tr>\n<tr>\n<td><strong>\u00c1p su\u1ea5t t\u1ed1i \u0111a<\/strong><\/td>\n<td>L\u00ean \u0111\u1ebfn 3000 PSI<\/td>\n<\/tr>\n<tr>\n<td><strong>V\u1eadt li\u1ec7u<\/strong><\/td>\n<td>Th\u00e9p ch\u1ea5t l\u01b0\u1ee3ng cao<\/td>\n<\/tr>\n<tr>\n<td><strong>Lo\u1ea1i k\u1ebft n\u1ed1i<\/strong><\/td>\n<td>C\u00f3 b\u00edch ho\u1eb7c c\u00f3 ren<\/td>\n<\/tr>\n<\/tbody>\n<\/table>\n<h4>Nguy\u00ean l\u00fd ho\u1ea1t \u0111\u1ed9ng:<\/h4>\n<p>Xi lanh th\u1ee7y l\u1ef1c t\u00e1c \u0111\u1ed9ng k\u00e9p 10038 ho\u1ea1t \u0111\u1ed9ng d\u1ef1a tr\u00ean nguy\u00ean l\u00fd \u00e1p su\u1ea5t ch\u1ea5t l\u1ecfng th\u1ee7y l\u1ef1c. Khi ch\u1ea5t l\u1ecfng th\u1ee7y l\u1ef1c \u0111\u01b0\u1ee3c b\u01a1m v\u00e0o xi lanh, n\u00f3 t\u00e1c \u0111\u1ed9ng l\u1ef1c l\u00ean piston, t\u1ea1o ra chuy\u1ec3n \u0111\u1ed9ng th\u1eb3ng theo c\u1ea3 hai h\u01b0\u1edbng. Vi\u1ec7c truy\u1ec1n l\u1ef1c hi\u1ec7u qu\u1ea3 n\u00e0y cho ph\u00e9p ki\u1ec3m so\u00e1t ch\u00ednh x\u00e1c ho\u1ea1t \u0111\u1ed9ng c\u1ee7a r\u01a1 mo\u00f3c, n\u00e2ng cao hi\u1ec7u qu\u1ea3 t\u1ed5ng th\u1ec3.<\/p>\n<p>T\u00f3m l\u1ea1i, Xi lanh th\u1ee7y l\u1ef1c t\u00e1c \u0111\u1ed9ng k\u00e9p 10038 cho r\u01a1 mo\u00f3c l\u00e0 m\u1ed9t gi\u1ea3i ph\u00e1p \u0111\u00e1ng tin c\u1eady v\u00e0 hi\u1ec7u qu\u1ea3 \u0111\u1ec3 n\u00e2ng cao hi\u1ec7u su\u1ea5t r\u01a1 mo\u00f3c. C\u1ea5u tr\u00fac ch\u1eafc ch\u1eafn, \u0111\u1ea3m b\u1ea3o ch\u1ea5t l\u01b0\u1ee3ng v\u00e0 \u1ee9ng d\u1ee5ng \u0111a d\u1ea1ng khi\u1ebfn n\u00f3 tr\u1edf th\u00e0nh m\u1ed9t th\u00e0nh ph\u1ea7n thi\u1ebft y\u1ebfu cho c\u00e1c nh\u00e0 v\u1eadn h\u00e0nh mu\u1ed1n c\u1ea3i thi\u1ec7n h\u1ec7 th\u1ed1ng r\u01a1 mo\u00f3c c\u1ee7a m\u00ecnh.<\/p>\n<p>&nbsp;<\/p>\n<h2>H\u1ecfi &amp; \u0110\u00e1p<\/h2>\n<ol>\n<li>H: Xi lanh th\u1ee7y l\u1ef1c t\u00e1c \u0111\u1ed9ng k\u00e9p ho\u1ea1t \u0111\u1ed9ng nh\u01b0 th\u1ebf n\u00e0o?<br \/>\n<img decoding=\"async\" src=\"https:\/\/hzpt.com\/wp-content\/uploads\/2023\/12\/random-1.webp?v=1694163707\" alt=\"\" title=\"\"><br \/>\nA: N\u00f3 ho\u1ea1t \u0111\u1ed9ng b\u1eb1ng c\u00e1ch cho ch\u1ea5t l\u1ecfng \u0111i v\u00e0o t\u1eeb c\u1ea3 hai ph\u00eda c\u1ee7a piston, cung c\u1ea5p n\u0103ng l\u01b0\u1ee3ng theo c\u1ea3 hai h\u01b0\u1edbng.<\/li>\n<li>H: Nh\u1eefng xi lanh n\u00e0y \u0111\u01b0\u1ee3c s\u1eed d\u1ee5ng trong nh\u1eefng \u1ee9ng d\u1ee5ng n\u00e0o?<br \/>\nA: Ch\u00fang \u0111\u01b0\u1ee3c s\u1eed d\u1ee5ng r\u1ed9ng r\u00e3i trong xe k\u00e9o v\u00e0 nhi\u1ec1u \u1ee9ng d\u1ee5ng kh\u00e1c.<\/li>\n<li>H: L\u00e0m th\u1ebf n\u00e0o \u0111\u1ec3 ch\u1ecdn \u0111\u01b0\u1ee3c lo\u1ea1i d\u1ea7u th\u1ee7y l\u1ef1c ph\u00f9 h\u1ee3p?<br \/>\nA: Vi\u1ec7c l\u1ef1a ch\u1ecdn d\u1ea7u th\u1ee7y l\u1ef1c ph\u1ee5 thu\u1ed9c v\u00e0o m\u00f4i tr\u01b0\u1eddng v\u1eadn h\u00e0nh v\u00e0 th\u00f4ng s\u1ed1 k\u1ef9 thu\u1eadt c\u1ee7a h\u1ec7 th\u1ed1ng th\u1ee7y l\u1ef1c.<\/li>\n<li>Q: Khi n\u00e0o t\u00f4i n\u00ean thay ph\u1edbt d\u1ea7u?<br \/>\nA: Ph\u1edbt d\u1ea7u c\u1ea7n \u0111\u01b0\u1ee3c thay th\u1ebf khi c\u00f3 d\u1ea5u hi\u1ec7u m\u00f2n ho\u1eb7c r\u00f2 r\u1ec9.<\/li>\n<li>H: L\u00e0m th\u1ebf n\u00e0o \u0111\u1ec3 \u0111o xi lanh th\u1ee7y l\u1ef1c?<br \/>\nA: B\u1ea1n \u0111o \u0111\u01b0\u1eddng k\u00ednh l\u1ed7 khoan, \u0111\u01b0\u1eddng k\u00ednh thanh truy\u1ec1n v\u00e0 chi\u1ec1u d\u00e0i h\u00e0nh tr\u00ecnh.<\/li>\n<\/ol>\n<h2>\u01afu \u0111i\u1ec3m c\u1ee7a xi lanh lo\u1ea1i T h\u00e0n<\/h2>\n<ul>\n<li style=\"list-style-type: none;\">\n<ul>\n<li><strong>T\u0103ng c\u01b0\u1eddng s\u1ee9c m\u1ea1nh:<\/strong> Xi lanh ch\u1eef T h\u00e0n n\u1ed5i ti\u1ebfng v\u1edbi \u0111\u1ed9 b\u1ec1n cao, ph\u00f9 h\u1ee3p cho c\u00e1c \u1ee9ng d\u1ee5ng \u0111\u00f2i h\u1ecfi n\u00e2ng v\u1eadt n\u1eb7ng. Quy tr\u00ecnh h\u00e0n \u0111\u01b0\u1ee3c s\u1eed d\u1ee5ng trong qu\u00e1 tr\u00ecnh ch\u1ebf t\u1ea1o xi lanh \u0111\u1ea3m b\u1ea3o xi lanh kh\u00f4ng c\u00f3 \u0111i\u1ec3m y\u1ebfu v\u00e0 c\u00f3 th\u1ec3 ch\u1ecbu \u0111\u01b0\u1ee3c \u00e1p su\u1ea5t v\u00e0 \u1ee9ng su\u1ea5t cao.<\/li>\n<\/ul>\n<\/li>\n<\/ul>\n<p>Khi \u00e1p l\u1ef1c t\u00e1c \u0111\u1ed9ng l\u00ean xi lanh, \u00e1p l\u1ef1c \u0111\u01b0\u1ee3c ph\u00e2n b\u1ed5 \u0111\u1ec1u tr\u00ean to\u00e0n b\u1ed9 b\u1ec1 m\u1eb7t, gi\u00fap xi lanh ch\u1ed1ng bi\u1ebfn d\u1ea1ng. \u0110\u1eb7c \u0111i\u1ec3m n\u00e0y \u0111\u1ea3m b\u1ea3o xi lanh duy tr\u00ec h\u00ecnh d\u1ea1ng v\u00e0 t\u00ednh to\u00e0n v\u1eb9n v\u1ec1 c\u1ea5u tr\u00fac ngay c\u1ea3 trong \u0111i\u1ec1u ki\u1ec7n kh\u1eafc nghi\u1ec7t.<\/p>\n<ul>\n<li style=\"list-style-type: none;\">\n<ul>\n<li><strong>Ph\u00f2ng ng\u1eeba r\u00f2 r\u1ec9:<\/strong> Xi lanh ch\u1eef T h\u00e0n \u0111\u01b0\u1ee3c thi\u1ebft k\u1ebf \u0111\u1ec3 ng\u0103n ng\u1eeba r\u00f2 r\u1ec9. Quy tr\u00ecnh h\u00e0n \u0111\u01b0\u1ee3c s\u1eed d\u1ee5ng trong qu\u00e1 tr\u00ecnh ch\u1ebf t\u1ea1o \u0111\u1ea3m b\u1ea3o xi lanh \u0111\u01b0\u1ee3c b\u1ecbt k\u00edn ho\u00e0n to\u00e0n v\u00e0 kh\u00f4ng c\u00f3 b\u1ea5t k\u1ef3 r\u00f2 r\u1ec9 n\u00e0o. \u0110\u1eb7c \u0111i\u1ec3m n\u00e0y khi\u1ebfn ch\u00fang ph\u00f9 h\u1ee3p \u0111\u1ec3 s\u1eed d\u1ee5ng trong c\u00e1c \u1ee9ng d\u1ee5ng m\u00e0 r\u00f2 r\u1ec9 c\u00f3 th\u1ec3 g\u00e2y ra h\u01b0 h\u1ecfng ho\u1eb7c th\u01b0\u01a1ng t\u00edch nghi\u00eam tr\u1ecdng.<\/li>\n<\/ul>\n<\/li>\n<\/ul>\n<p>C\u00e1c m\u1ed1i h\u00e0n nh\u1eb5n, kh\u00f4ng c\u00f3 khe h\u1edf hay r\u00e3nh n\u00e0o \u0111\u1ec3 m\u1ea3nh v\u1ee5n ho\u1eb7c b\u1ee5i b\u1ea9n c\u00f3 th\u1ec3 t\u00edch t\u1ee5, gi\u00fap gi\u1ea3m nguy c\u01a1 \u0103n m\u00f2n v\u00e0 h\u01b0 h\u1ecfng xi lanh.<\/p>\n<ul>\n<li style=\"list-style-type: none;\">\n<ul>\n<li><strong>C\u00f3 th\u1ec3 t\u00f9y ch\u1ec9nh:<\/strong> Xi lanh h\u00e0n ch\u1eef T c\u00f3 th\u1ec3 \u0111\u01b0\u1ee3c t\u00f9y ch\u1ec9nh \u0111\u1ec3 ph\u00f9 h\u1ee3p v\u1edbi c\u00e1c \u1ee9ng d\u1ee5ng c\u1ee5 th\u1ec3. Xi lanh c\u00f3 nhi\u1ec1u k\u00edch c\u1ee1 v\u00e0 h\u00ecnh d\u1ea1ng kh\u00e1c nhau, v\u00e0 c\u00f3 th\u1ec3 \u0111\u01b0\u1ee3c ch\u1ebf t\u1ea1o \u0111\u1ec3 \u0111\u00e1p \u1ee9ng c\u00e1c y\u00eau c\u1ea7u c\u1ee5 th\u1ec3 c\u1ee7a \u1ee9ng d\u1ee5ng.<\/li>\n<\/ul>\n<\/li>\n<\/ul>\n<p>Qu\u00e1 tr\u00ecnh t\u00f9y ch\u1ec9nh cho ph\u00e9p t\u1ed1i \u01b0u h\u00f3a hi\u1ec7u su\u1ea5t c\u1ee7a xi lanh, \u0111\u1ea3m b\u1ea3o ph\u00f9 h\u1ee3p v\u1edbi \u1ee9ng d\u1ee5ng mong mu\u1ed1n. \u0110\u1eb7c \u0111i\u1ec3m n\u00e0y l\u00e0m cho xi lanh ch\u1eef T h\u00e0n tr\u1edf n\u00ean l\u00fd t\u01b0\u1edfng \u0111\u1ec3 s\u1eed d\u1ee5ng trong nhi\u1ec1u \u1ee9ng d\u1ee5ng c\u00f4ng nghi\u1ec7p kh\u00e1c nhau, bao g\u1ed3m x\u00e2y d\u1ef1ng, khai th\u00e1c m\u1ecf v\u00e0 v\u1eadn chuy\u1ec3n v\u1eadt li\u1ec7u.<\/p>\n<ul>\n<li style=\"list-style-type: none;\">\n<ul>\n<li><strong>Ti\u1ebft ki\u1ec7m chi ph\u00ed:<\/strong> Xi lanh ch\u1eef T h\u00e0n c\u00f3 chi ph\u00ed h\u1ee3p l\u00fd h\u01a1n so v\u1edbi c\u00e1c lo\u1ea1i xi lanh kh\u00e1c. Quy tr\u00ecnh ch\u1ebf t\u1ea1o lo\u1ea1i xi lanh n\u00e0y r\u1ea5t \u0111\u01a1n gi\u1ea3n, gi\u00fap gi\u1ea3m chi ph\u00ed so v\u1edbi c\u00e1c lo\u1ea1i xi lanh kh\u00e1c.<\/li>\n<\/ul>\n<\/li>\n<\/ul>\n<p>H\u01a1n n\u1eefa, \u0111\u1ed9 b\u1ec1n v\u00e0 \u0111\u1ed9 b\u1ec1n cao c\u1ee7a xi lanh ch\u1eef T h\u00e0n gi\u00fap gi\u1ea3m nhu c\u1ea7u s\u1eeda ch\u1eefa v\u00e0 thay th\u1ebf th\u01b0\u1eddng xuy\u00ean, ti\u1ebft ki\u1ec7m chi ph\u00ed b\u1ea3o tr\u00ec. \u0110\u1eb7c \u0111i\u1ec3m n\u00e0y khi\u1ebfn ch\u00fang tr\u1edf th\u00e0nh l\u1ef1a ch\u1ecdn ph\u1ed5 bi\u1ebfn cho nhi\u1ec1u ng\u00e0nh c\u00f4ng nghi\u1ec7p, \u0111\u1eb7c bi\u1ec7t l\u00e0 nh\u1eefng ng\u00e0nh c\u00f3 ng\u00e2n s\u00e1ch h\u1ea1n h\u1eb9p.<\/p>\n<ul>\n<li style=\"list-style-type: none;\">\n<ul>\n<li><strong>T\u0103ng hi\u1ec7u qu\u1ea3:<\/strong> Xi lanh h\u00e0n ch\u1eef T c\u00f3 hi\u1ec7u su\u1ea5t cao v\u00e0 hi\u1ec7u su\u1ea5t t\u1ed1t. Thi\u1ebft k\u1ebf c\u1ee7a xi lanh \u0111\u1ea3m b\u1ea3o l\u1ef1c t\u00e1c d\u1ee5ng \u0111\u01b0\u1ee3c truy\u1ec1n tr\u1ef1c ti\u1ebfp \u0111\u1ebfn t\u1ea3i, gi\u1ea3m t\u1ed5n th\u1ea5t n\u0103ng l\u01b0\u1ee3ng v\u00e0 t\u0103ng hi\u1ec7u su\u1ea5t.<\/li>\n<\/ul>\n<\/li>\n<\/ul>\n<p>C\u00e1c m\u1ed1i h\u00e0n ch\u1eafc ch\u1eafn v\u00e0 c\u1ee9ng c\u00e1p, gi\u1ea3m thi\u1ec3u \u0111\u1ed9 v\u00f5ng v\u00e0 \u0111\u1ea3m b\u1ea3o xi lanh duy tr\u00ec h\u00ecnh d\u1ea1ng v\u00e0 t\u00ednh to\u00e0n v\u1eb9n v\u1ec1 c\u1ea5u tr\u00fac ngay c\u1ea3 trong \u0111i\u1ec1u ki\u1ec7n kh\u1eafc nghi\u1ec7t. \u0110\u1eb7c \u0111i\u1ec3m n\u00e0y l\u00e0m cho xi lanh ch\u1eef T h\u00e0n l\u00fd t\u01b0\u1edfng \u0111\u1ec3 s\u1eed d\u1ee5ng trong c\u00e1c \u1ee9ng d\u1ee5ng \u0111\u00f2i h\u1ecfi hi\u1ec7u su\u1ea5t v\u00e0 \u0111\u1ed9 tin c\u1eady cao.<\/p>\n<h2>\u1ee8ng d\u1ee5ng c\u1ee7a xi lanh lo\u1ea1i T h\u00e0n<\/h2>\n<h3>Gi\u1edbi thi\u1ec7u<\/h3>\n<p>Xi lanh ch\u1eef T h\u00e0n l\u00e0 m\u1ed9t lo\u1ea1i xi lanh th\u1ee7y l\u1ef1c th\u01b0\u1eddng \u0111\u01b0\u1ee3c s\u1eed d\u1ee5ng trong c\u00e1c \u1ee9ng d\u1ee5ng c\u00f4ng nghi\u1ec7p. N\u00f3 \u0111\u01b0\u1ee3c thi\u1ebft k\u1ebf \u0111\u1ec3 cung c\u1ea5p l\u1ef1c \u0111\u1ea7u ra l\u1edbn trong m\u1ed9t c\u1ea5u tr\u00fac nh\u1ecf g\u1ecdn v\u00e0 ti\u1ebft ki\u1ec7m chi ph\u00ed. Lo\u1ea1i xi lanh n\u00e0y bao g\u1ed3m m\u1ed9t ch\u1eef T h\u00e0n v\u00e0 m\u1ed9t thanh piston \u0111\u01b0\u1ee3c g\u1eafn v\u00e0o ch\u1eef T. Ch\u1eef T \u0111\u01b0\u1ee3c n\u1ed1i v\u1edbi th\u00e2n xi lanh v\u00e0 ch\u1ee9a m\u1ed9t piston di chuy\u1ec3n qua l\u1ea1i b\u00ean trong th\u00e2n xi lanh \u0111\u1ec3 t\u1ea1o l\u1ef1c.<\/p>\n<p><img loading=\"lazy\" decoding=\"async\" class=\"size-full wp-image-974 aligncenter\" src=\"https:\/\/fmp-components.com\/wp-content\/uploads\/2024\/12\/application-of-Welded-Tee-Type-Cylinder.webp\" alt=\"\u1ee9ng d\u1ee5ng c\u1ee7a xi-lanh ki\u1ec3u ch\u1eef T h\u00e0n\" width=\"760\" height=\"860\" title=\"\" srcset=\"https:\/\/fmp-components.com\/wp-content\/uploads\/2024\/12\/application-of-Welded-Tee-Type-Cylinder.webp 760w, https:\/\/fmp-components.com\/wp-content\/uploads\/2024\/12\/application-of-Welded-Tee-Type-Cylinder-480x543.webp 480w\" sizes=\"(min-width: 0px) and (max-width: 480px) 480px, (min-width: 481px) 760px, 100vw\" \/><\/p>\n<h3>\u01afu \u0111i\u1ec3m c\u1ee7a xi lanh lo\u1ea1i T h\u00e0n<\/h3>\n<p>C\u00f3 m\u1ed9t s\u1ed1 l\u1ee3i th\u1ebf khi s\u1eed d\u1ee5ng xi lanh ch\u1eef T h\u00e0n trong c\u00e1c \u1ee9ng d\u1ee5ng c\u00f4ng nghi\u1ec7p:<\/p>\n<ul>\n<li><b>Thi\u1ebft k\u1ebf nh\u1ecf g\u1ecdn:<\/b> Xi lanh ch\u1eef T h\u00e0n \u0111\u01b0\u1ee3c thi\u1ebft k\u1ebf nh\u1ecf g\u1ecdn, l\u00fd t\u01b0\u1edfng \u0111\u1ec3 s\u1eed d\u1ee5ng trong c\u00e1c \u1ee9ng d\u1ee5ng c\u00f3 kh\u00f4ng gian h\u1ea1n ch\u1ebf.<\/li>\n<li><b>Hi\u1ec7u qu\u1ea3 cao:<\/b> Xi lanh ch\u1eef T h\u00e0n c\u00f3 hi\u1ec7u su\u1ea5t cao, ngh\u0129a l\u00e0 ch\u00fang c\u00f3 th\u1ec3 t\u1ea1o ra l\u1ef1c l\u1edbn v\u1edbi l\u01b0\u1ee3ng n\u0103ng l\u01b0\u1ee3ng \u0111\u1ea7u v\u00e0o t\u1ed1i thi\u1ec3u.<\/li>\n<li><b>B\u1ec1n b\u1ec9:<\/b> Xi lanh ch\u1eef T h\u00e0n \u0111\u01b0\u1ee3c thi\u1ebft k\u1ebf c\u00f3 \u0111\u1ed9 b\u1ec1n cao, ngh\u0129a l\u00e0 ch\u00fang c\u00f3 th\u1ec3 ch\u1ecbu \u0111\u01b0\u1ee3c \u0111i\u1ec1u ki\u1ec7n v\u1eadn h\u00e0nh kh\u1eafc nghi\u1ec7t v\u00e0 s\u1eed d\u1ee5ng trong th\u1eddi gian d\u00e0i.<\/li>\n<li><b>Ti\u1ebft ki\u1ec7m chi ph\u00ed:<\/b> Xi lanh ch\u1eef T h\u00e0n c\u00f3 gi\u00e1 th\u00e0nh h\u1ee3p l\u00fd, ngh\u0129a l\u00e0 ch\u00fang c\u00f3 gi\u00e1 tr\u1ecb t\u1ed1t.<\/li>\n<\/ul>\n<h3>\u1ee8ng d\u1ee5ng c\u1ee7a xi lanh lo\u1ea1i T h\u00e0n<\/h3>\n<p>C\u00f3 nhi\u1ec1u \u1ee9ng d\u1ee5ng cho xi lanh ch\u1eef T h\u00e0n trong nhi\u1ec1u ng\u00e0nh c\u00f4ng nghi\u1ec7p kh\u00e1c nhau, bao g\u1ed3m:<\/p>\n<ul>\n<li><b>Ch\u1ebf t\u1ea1o:<\/b> Xi lanh ch\u1eef T h\u00e0n \u0111\u01b0\u1ee3c s\u1eed d\u1ee5ng trong s\u1ea3n xu\u1ea5t \u0111\u1ec3 v\u1eadn h\u00e0nh m\u00e1y m\u00f3c, di chuy\u1ec3n t\u1ea3i tr\u1ecdng n\u1eb7ng v\u00e0 \u0111\u1ecbnh h\u00ecnh c\u00e1c b\u1ed9 ph\u1eadn kim lo\u1ea1i.<\/li>\n<li><b>N\u00f4ng nghi\u1ec7p:<\/b> Xi lanh ch\u1eef T h\u00e0n \u0111\u01b0\u1ee3c s\u1eed d\u1ee5ng trong n\u00f4ng nghi\u1ec7p \u0111\u1ec3 v\u1eadn h\u00e0nh h\u1ec7 th\u1ed1ng th\u1ee7y l\u1ef1c tr\u00ean m\u00e1y k\u00e9o, m\u00e1y g\u1eb7t v\u00e0 c\u00e1c thi\u1ebft b\u1ecb n\u00f4ng nghi\u1ec7p kh\u00e1c.<\/li>\n<li><b>S\u1ef1 thi c\u00f4ng:<\/b> Xi lanh ch\u1eef T h\u00e0n \u0111\u01b0\u1ee3c s\u1eed d\u1ee5ng trong x\u00e2y d\u1ef1ng \u0111\u1ec3 v\u1eadn h\u00e0nh m\u00e1y m\u00f3c nh\u01b0 c\u1ea7n c\u1ea9u, m\u00e1y \u0111\u00e0o v\u00e0 m\u00e1y x\u00fac l\u1eadt.<\/li>\n<li><b>Khai th\u00e1c:<\/b> Xi lanh ch\u1eef T h\u00e0n \u0111\u01b0\u1ee3c s\u1eed d\u1ee5ng trong khai th\u00e1c m\u1ecf \u0111\u1ec3 v\u1eadn h\u00e0nh h\u1ec7 th\u1ed1ng th\u1ee7y l\u1ef1c tr\u00ean c\u00e1c thi\u1ebft b\u1ecb h\u1ea1ng n\u1eb7ng nh\u01b0 m\u00e1y \u1ee7i, m\u00e1y x\u00fac v\u00e0 m\u00e1y khoan \u0111\u00e1.<\/li>\n<li><b>V\u1eadn t\u1ea3i:<\/b> Xi lanh ch\u1eef T h\u00e0n \u0111\u01b0\u1ee3c s\u1eed d\u1ee5ng trong v\u1eadn chuy\u1ec3n \u0111\u1ec3 v\u1eadn h\u00e0nh h\u1ec7 th\u1ed1ng th\u1ee7y l\u1ef1c tr\u00ean xe t\u1ea3i, xe bu\u00fdt v\u00e0 c\u00e1c ph\u01b0\u01a1ng ti\u1ec7n kh\u00e1c.<\/li>\n<\/ul>\n<p>T\u00f3m l\u1ea1i, xi lanh ch\u1eef T h\u00e0n l\u00e0 m\u1ed9t th\u00e0nh ph\u1ea7n quan tr\u1ecdng trong nhi\u1ec1u \u1ee9ng d\u1ee5ng c\u00f4ng nghi\u1ec7p. Ch\u00fang \u0111\u01b0\u1ee3c thi\u1ebft k\u1ebf nh\u1ecf g\u1ecdn, hi\u1ec7u qu\u1ea3, b\u1ec1n b\u1ec9 v\u00e0 ti\u1ebft ki\u1ec7m chi ph\u00ed, khi\u1ebfn ch\u00fang tr\u1edf th\u00e0nh l\u1ef1a ch\u1ecdn l\u00fd t\u01b0\u1edfng cho nhi\u1ec1u \u1ee9ng d\u1ee5ng kh\u00e1c nhau. Cho d\u00f9 b\u1ea1n \u0111ang v\u1eadn h\u00e0nh m\u00e1y m\u00f3c trong nh\u00e0 m\u00e1y s\u1ea3n xu\u1ea5t, thi\u1ebft b\u1ecb n\u00f4ng nghi\u1ec7p tr\u00ean trang tr\u1ea1i hay thi\u1ebft b\u1ecb h\u1ea1ng n\u1eb7ng trong m\u1ecf, xi lanh ch\u1eef T h\u00e0n \u0111\u1ec1u c\u00f3 th\u1ec3 gi\u00fap b\u1ea1n ho\u00e0n th\u00e0nh c\u00f4ng vi\u1ec7c m\u1ed9t c\u00e1ch hi\u1ec7u qu\u1ea3.<\/p>\n<h3>Gi\u1edbi thi\u1ec7u v\u1ec1 FMP<\/h3>\n<p>FMP l\u00e0 nh\u00e0 s\u1ea3n xu\u1ea5t v\u00e0 cung c\u1ea5p xi lanh th\u1ee7y l\u1ef1c h\u00e0ng \u0111\u1ea7u v\u1edbi h\u01a1n 30 n\u0103m kinh nghi\u1ec7m trong ng\u00e0nh. T\u1ecda l\u1ea1c t\u1ea1i \u00dd, khu c\u00f4ng nghi\u1ec7p hi\u1ec7n \u0111\u1ea1i c\u1ee7a ch\u00fang t\u00f4i s\u1edf h\u1eefu h\u01a1n 100 thi\u1ebft b\u1ecb ti\u00ean ti\u1ebfn, bao g\u1ed3m m\u00e1y h\u00e0n kh\u00ed t\u1ef1 \u0111\u1ed9ng, m\u00e1y khoan l\u1ed7 s\u00e2u, m\u00e1y ti\u1ec7n CNC, m\u00e1y m\u00e0i tr\u1ee5, m\u00e1y v\u1ec7 sinh t\u1ef1 \u0111\u1ed9ng, m\u00e1y l\u1eafp \u0111\u1eb7t t\u1ef1 \u0111\u1ed9ng, b\u00e0n th\u1eed nghi\u1ec7m hi\u1ec7u su\u1ea5t xi lanh th\u1ee7y l\u1ef1c t\u1ef1 \u0111\u1ed9ng v\u00e0 d\u00e2y chuy\u1ec1n s\u01a1n t\u1ef1 \u0111\u1ed9ng.<\/p>\n<p><img decoding=\"async\" src=\"https:\/\/fmp-components.com\/wp-content\/uploads\/2024\/12\/fmp-factory-4.webp\" alt=\"Nh\u00e0 m\u00e1y FMP\" width=\"800\" title=\"\"><\/p>\n<p>Ch\u00fang t\u00f4i cung c\u1ea5p nhi\u1ec1u lo\u1ea1i xi lanh th\u1ee7y l\u1ef1c \u0111\u1ec3 \u0111\u00e1p \u1ee9ng nhi\u1ec1u nhu c\u1ea7u kh\u00e1c nhau:<\/p>\n<ol>\n<li>Xi lanh th\u1ee7y l\u1ef1c: Xi lanh th\u1ee7y l\u1ef1c ti\u00eau chu\u1ea9n c\u1ee7a ch\u00fang t\u00f4i \u0111\u01b0\u1ee3c x\u1eed l\u00fd v\u00e0 ki\u1ec3m tra t\u1ec9 m\u1ec9 \u0111\u1ec3 \u0111\u1ea3m b\u1ea3o ch\u1ea5t l\u01b0\u1ee3ng h\u00e0ng \u0111\u1ea7u. Ch\u00fang \u0111\u01b0\u1ee3c thi\u1ebft k\u1ebf \u0111\u1ec3 mang l\u1ea1i hi\u1ec7u su\u1ea5t v\u00e0 \u0111\u1ed9 b\u1ec1n v\u01b0\u1ee3t tr\u1ed9i.<\/li>\n<li>Xi lanh th\u1ee7y l\u1ef1c d\u1ea1ng khuy\u00ean: Xi lanh th\u1ee7y l\u1ef1c chuy\u00ean d\u1ee5ng n\u00e0y \u0111\u01b0\u1ee3c thi\u1ebft k\u1ebf ri\u00eang cho c\u00e1c \u1ee9ng d\u1ee5ng khuy\u00ean. K\u1ebft c\u1ea5u ch\u1eafc ch\u1eafn v\u00e0 k\u1ef9 thu\u1eadt ch\u00ednh x\u00e1c khi\u1ebfn n\u00f3 tr\u1edf th\u00e0nh m\u1ed9t l\u1ef1a ch\u1ecdn \u0111\u00e1ng tin c\u1eady.<\/li>\n<li>Xi lanh th\u1ee7y l\u1ef1c t\u1ef1 \u0111\u1ed9ng hai chi\u1ec1u: Xi lanh th\u1ee7y l\u1ef1c t\u1ef1 \u0111\u1ed9ng hai chi\u1ec1u c\u1ee7a ch\u00fang t\u00f4i mang l\u1ea1i s\u1ef1 linh ho\u1ea1t v\u00e0 hi\u1ec7u qu\u1ea3. S\u1ea3n ph\u1ea9m \u0111\u01b0\u1ee3c thi\u1ebft k\u1ebf \u0111\u1ec3 x\u1eed l\u00fd c\u00e1c nhi\u1ec7m v\u1ee5 kh\u00f3 m\u1ed9t c\u00e1ch d\u1ec5 d\u00e0ng.<\/li>\n<li>D\u1ecbch v\u1ee5 Thi\u1ebft k\u1ebf: \u0110\u1ed9i ng\u0169 thi\u1ebft k\u1ebf gi\u00e0u kinh nghi\u1ec7m c\u1ee7a ch\u00fang t\u00f4i t\u1eadn t\u00e2m cung c\u1ea5p d\u1ecbch v\u1ee5 thi\u1ebft k\u1ebf v\u00e0 ph\u00e1t tri\u1ec3n xu\u1ea5t s\u1eafc. D\u00f9 b\u1ea1n c\u1ea7n thi\u1ebft k\u1ebf s\u1ea3n ph\u1ea9m m\u1edbi hay c\u1ea3i ti\u1ebfn s\u1ea3n ph\u1ea9m hi\u1ec7n c\u00f3, ch\u00fang t\u00f4i lu\u00f4n s\u1eb5n s\u00e0ng h\u1ed7 tr\u1ee3 b\u1ea1n.<\/li>\n<li>D\u1ecbch v\u1ee5 S\u1ea3n ph\u1ea9m: T\u1eeb nguy\u00ean li\u1ec7u th\u00f4 \u0111\u1ebfn v\u1eadn chuy\u1ec3n, ch\u00fang t\u00f4i \u0111\u1ea3m b\u1ea3o quy tr\u00ecnh s\u1ea3n xu\u1ea5t li\u1ec1n m\u1ea1ch. S\u1ea3n ph\u1ea9m c\u1ee7a ch\u00fang t\u00f4i tr\u1ea3i qua c\u00e1c kh\u00e2u c\u1eaft, gia c\u00f4ng th\u00f4, th\u1eed nghi\u1ec7m, l\u00e0m s\u1ea1ch, l\u1eafp r\u00e1p, \u0111\u00f3ng g\u00f3i v\u00e0 ki\u1ec3m tra ch\u1ea5t l\u01b0\u1ee3ng nghi\u00eam ng\u1eb7t \u0111\u1ec3 mang l\u1ea1i k\u1ebft qu\u1ea3 ho\u00e0n h\u1ea3o.<\/li>\n<\/ol>\n<p>Ngo\u00e0i c\u00e1c s\u1ea3n ph\u1ea9m ch\u1ee7 l\u1ef1c n\u00e0y, ch\u00fang t\u00f4i c\u00f2n cung c\u1ea5p d\u1ecbch v\u1ee5 ph\u00e1t tri\u1ec3n m\u1eabu \u0111\u1ec3 \u0111\u00e1p \u1ee9ng c\u00e1c y\u00eau c\u1ea7u c\u1ee5 th\u1ec3 c\u1ee7a b\u1ea1n. \u0110\u1ed9i ng\u0169 c\u1ee7a ch\u00fang t\u00f4i c\u00f3 th\u1ec3 ph\u00e1t tri\u1ec3n v\u00e0 ch\u1ec9nh s\u1eeda m\u1eabu cho \u0111\u1ebfn khi ch\u00fang ho\u00e0n to\u00e0n ph\u00f9 h\u1ee3p v\u1edbi nhu c\u1ea7u c\u1ee7a b\u1ea1n. H\u01a1n n\u1eefa, cam k\u1ebft nghi\u00ean c\u1ee9u v\u00e0 ph\u00e1t tri\u1ec3n c\u1ee7a ch\u00fang t\u00f4i cho ph\u00e9p ch\u00fang t\u00f4i lu\u00f4n \u0111\u00f3n \u0111\u1ea7u xu h\u01b0\u1edbng th\u1ecb tr\u01b0\u1eddng. Ch\u00fang t\u00f4i li\u00ean t\u1ee5c nghi\u00ean c\u1ee9u nhu c\u1ea7u ng\u00e0y c\u00e0ng thay \u0111\u1ed5i c\u1ee7a th\u1ecb tr\u01b0\u1eddng v\u00e0 ph\u00e1t tri\u1ec3n c\u00e1c m\u1eabu m\u1edbi ph\u00f9 h\u1ee3p.<\/p>\n<p>H\u00e3y ch\u1ecdn FMP cho m\u1ecdi nhu c\u1ea7u v\u1ec1 Xi lanh th\u1ee7y l\u1ef1c c\u1ee7a b\u1ea1n. V\u1edbi s\u1ea3n ph\u1ea9m ch\u1ea5t l\u01b0\u1ee3ng cao, chuy\u00ean m\u00f4n s\u00e2u r\u1ed9ng v\u00e0 ph\u01b0\u01a1ng ch\u00e2m l\u1ea5y kh\u00e1ch h\u00e0ng l\u00e0m tr\u1ecdng t\u00e2m, ch\u00fang t\u00f4i l\u00e0 \u0111\u1ed1i t\u00e1c \u0111\u00e1ng tin c\u1eady c\u1ee7a b\u1ea1n. H\u00e3y li\u00ean h\u1ec7 v\u1edbi ch\u00fang t\u00f4i ngay h\u00f4m nay \u0111\u1ec3 th\u1ea3o lu\u1eadn v\u1ec1 nhu c\u1ea7u c\u1ee7a b\u1ea1n v\u00e0 tr\u1ea3i nghi\u1ec7m l\u1ee3i th\u1ebf c\u1ee7a FMP.<\/p>\n<p>T\u00e1c gi\u1ea3: CX<\/p>","protected":false},"excerpt":{"rendered":"<p>The 10038 Quality Assurance Double Acting Hydraulic Cylinder is expertly designed for trailer applications, offering reliable performance and enhanced efficiency. This hydraulic cylinder is built to meet the demands of various trailer types, ensuring optimal functionality and durability. Key Features: Double Acting Mechanism: The double acting design allows for smooth operation in both extension and [&hellip;]<\/p>","protected":false},"featured_media":1133,"comment_status":"closed","ping_status":"closed","template":"","meta":{"_et_pb_use_builder":"","_et_pb_old_content":"","_et_gb_content_width":""},"product_brand":[],"product_cat":[31],"product_tag":[34,35],"class_list":{"0":"post-958","1":"product","2":"type-product","3":"status-publish","4":"has-post-thumbnail","6":"product_cat-welded-tee-type-cylinder","7":"product_tag-hydraulic-cylinder","8":"product_tag-welded-tee-type-cylinder","10":"first","11":"instock","12":"product-type-simple"},"_links":{"self":[{"href":"https:\/\/fmp-components.com\/vi\/wp-json\/wp\/v2\/product\/958","targetHints":{"allow":["GET"]}}],"collection":[{"href":"https:\/\/fmp-components.com\/vi\/wp-json\/wp\/v2\/product"}],"about":[{"href":"https:\/\/fmp-components.com\/vi\/wp-json\/wp\/v2\/types\/product"}],"replies":[{"embeddable":true,"href":"https:\/\/fmp-components.com\/vi\/wp-json\/wp\/v2\/comments?post=958"}],"wp:featuredmedia":[{"embeddable":true,"href":"https:\/\/fmp-components.com\/vi\/wp-json\/wp\/v2\/media\/1133"}],"wp:attachment":[{"href":"https:\/\/fmp-components.com\/vi\/wp-json\/wp\/v2\/media?parent=958"}],"wp:term":[{"taxonomy":"product_brand","embeddable":true,"href":"https:\/\/fmp-components.com\/vi\/wp-json\/wp\/v2\/product_brand?post=958"},{"taxonomy":"product_cat","embeddable":true,"href":"https:\/\/fmp-components.com\/vi\/wp-json\/wp\/v2\/product_cat?post=958"},{"taxonomy":"product_tag","embeddable":true,"href":"https:\/\/fmp-components.com\/vi\/wp-json\/wp\/v2\/product_tag?post=958"}],"curies":[{"name":"wp","href":"https:\/\/api.w.org\/{rel}","templated":true}]}}