{"id":956,"date":"2024-12-19T03:39:43","date_gmt":"2024-12-19T03:39:43","guid":{"rendered":"https:\/\/fmp-components.com\/product\/quality-assurance-custom-piston-hydraulic-cylinder-for-agricultural-machinery\/"},"modified":"2024-12-19T08:48:34","modified_gmt":"2024-12-19T08:48:34","slug":"quality-assurance-custom-piston-hydraulic-cylinder-for-agricultural-machinery","status":"publish","type":"product","link":"https:\/\/fmp-components.com\/vi\/product\/quality-assurance-custom-piston-hydraulic-cylinder-for-agricultural-machinery\/","title":{"rendered":"Xi lanh th\u1ee7y l\u1ef1c piston t\u00f9y ch\u1ec9nh \u0111\u1ea3m b\u1ea3o ch\u1ea5t l\u01b0\u1ee3ng cho m\u00e1y m\u00f3c n\u00f4ng nghi\u1ec7p"},"content":{"rendered":"<p>Xi lanh th\u1ee7y l\u1ef1c piston t\u00f9y ch\u1ec9nh \u0111\u1ea3m b\u1ea3o ch\u1ea5t l\u01b0\u1ee3ng \u0111\u01b0\u1ee3c thi\u1ebft k\u1ebf \u0111\u1eb7c bi\u1ec7t cho m\u00e1y m\u00f3c n\u00f4ng nghi\u1ec7p, mang l\u1ea1i hi\u1ec7u su\u1ea5t m\u1ea1nh m\u1ebd v\u00e0 \u0111\u1ed9 tin c\u1eady cao. \u0110\u01b0\u1ee3c thi\u1ebft k\u1ebf ri\u00eang \u0111\u1ec3 \u0111\u00e1p \u1ee9ng nhu c\u1ea7u ri\u00eang bi\u1ec7t c\u1ee7a nhi\u1ec1u \u1ee9ng d\u1ee5ng n\u00f4ng nghi\u1ec7p kh\u00e1c nhau, xi lanh th\u1ee7y l\u1ef1c n\u00e0y \u0111\u1ea3m b\u1ea3o ho\u1ea1t \u0111\u1ed9ng hi\u1ec7u qu\u1ea3 v\u00e0 \u0111\u1ed9 b\u1ec1n cao.<\/p>\n<h4>C\u00e1c t\u00ednh n\u0103ng ch\u00ednh:<\/h4>\n<ul>\n<li><strong>Thi\u1ebft k\u1ebf c\u00f3 th\u1ec3 t\u00f9y ch\u1ec9nh:<\/strong><br \/>\nXi lanh th\u1ee7y l\u1ef1c n\u00e0y c\u00f3 th\u1ec3 \u0111\u01b0\u1ee3c t\u00f9y ch\u1ec9nh \u0111\u1ec3 \u0111\u00e1p \u1ee9ng c\u00e1c y\u00eau c\u1ea7u c\u1ee5 th\u1ec3, bao g\u1ed3m k\u00edch th\u01b0\u1edbc l\u1ed7, h\u00e0nh tr\u00ecnh v\u00e0 kh\u1ea3 n\u0103ng ch\u1ecbu t\u1ea3i. Vi\u1ec7c t\u00f9y ch\u1ec9nh n\u00e0y \u0111\u1ea3m b\u1ea3o hi\u1ec7u su\u1ea5t t\u1ed1i \u01b0u cho c\u00e1c nhi\u1ec7m v\u1ee5 n\u00f4ng nghi\u1ec7p kh\u00e1c nhau.<\/li>\n<li><strong>K\u1ebft c\u1ea5u piston ch\u1eafc ch\u1eafn:<\/strong><br \/>\nV\u1edbi thi\u1ebft k\u1ebf piston ch\u1ea5t l\u01b0\u1ee3ng cao, xi lanh th\u1ee7y l\u1ef1c n\u00e0y mang l\u1ea1i s\u1ee9c m\u1ea1nh v\u00e0 hi\u1ec7u su\u1ea5t tuy\u1ec7t v\u1eddi. C\u1ea5u tr\u00fac ch\u1eafc ch\u1eafn gi\u00fap gi\u1ea3m thi\u1ec3u hao m\u00f2n v\u00e0 k\u00e9o d\u00e0i tu\u1ed5i th\u1ecd c\u1ee7a xi lanh, l\u00fd t\u01b0\u1edfng cho c\u00e1c m\u00f4i tr\u01b0\u1eddng n\u00f4ng nghi\u1ec7p kh\u1eafc nghi\u1ec7t.<\/li>\n<li><strong>\u0110\u1ea3m b\u1ea3o ch\u1ea5t l\u01b0\u1ee3ng:<\/strong><br \/>\nM\u1ed7i xi lanh th\u1ee7y l\u1ef1c \u0111\u1ec1u tr\u1ea3i qua quy tr\u00ecnh ki\u1ec3m so\u00e1t ch\u1ea5t l\u01b0\u1ee3ng nghi\u00eam ng\u1eb7t \u0111\u1ec3 \u0111\u1ea3m b\u1ea3o \u0111\u00e1p \u1ee9ng c\u00e1c ti\u00eau chu\u1ea9n c\u00f4ng nghi\u1ec7p. Cam k\u1ebft v\u1ec1 ch\u1ea5t l\u01b0\u1ee3ng n\u00e0y \u0111\u1ea3m b\u1ea3o hi\u1ec7u su\u1ea5t \u0111\u00e1ng tin c\u1eady v\u00e0 an to\u00e0n trong qu\u00e1 tr\u00ecnh v\u1eadn h\u00e0nh.<\/li>\n<li><strong>\u1ee8ng d\u1ee5ng \u0111a n\u0103ng:<\/strong><br \/>\nPh\u00f9 h\u1ee3p v\u1edbi nhi\u1ec1u lo\u1ea1i m\u00e1y m\u00f3c n\u00f4ng nghi\u1ec7p, bao g\u1ed3m m\u00e1y k\u00e9o, m\u00e1y g\u1eb7t v\u00e0 m\u00e1y x\u00fac, xi lanh th\u1ee7y l\u1ef1c n\u00e0y t\u0103ng c\u01b0\u1eddng ch\u1ee9c n\u0103ng c\u1ee7a nhi\u1ec1u thi\u1ebft b\u1ecb kh\u00e1c nhau, khi\u1ebfn n\u00f3 tr\u1edf th\u00e0nh s\u1ef1 b\u1ed5 sung c\u00f3 gi\u00e1 tr\u1ecb cho b\u1ea5t k\u1ef3 ho\u1ea1t \u0111\u1ed9ng n\u00f4ng nghi\u1ec7p n\u00e0o.<\/li>\n<li><strong>C\u00e0i \u0111\u1eb7t d\u1ec5 d\u00e0ng:<\/strong><br \/>\n\u0110\u01b0\u1ee3c thi\u1ebft k\u1ebf \u0111\u1ec3 l\u1eafp \u0111\u1eb7t d\u1ec5 d\u00e0ng, xi lanh th\u1ee7y l\u1ef1c piston t\u00f9y ch\u1ec9nh c\u00f3 th\u1ec3 nhanh ch\u00f3ng t\u00edch h\u1ee3p v\u00e0o c\u00e1c h\u1ec7 th\u1ed1ng hi\u1ec7n c\u00f3, gi\u1ea3m thi\u1ec3u th\u1eddi gian ch\u1ebft v\u00e0 n\u00e2ng cao n\u0103ng su\u1ea5t.<\/li>\n<\/ul>\n<p><img decoding=\"async\" class=\"aligncenter\" src=\"https:\/\/hzpt.com\/wp-content\/uploads\/2023\/12\/random-3.webp\" alt=\"\" title=\"\"><\/p>\n<h4>Th\u00f4ng s\u1ed1 k\u1ef9 thu\u1eadt:<\/h4>\n<table style=\"width: 94.7071%; height: 200px;\">\n<thead>\n<tr>\n<th>\u0110\u1eb7c \u0111i\u1ec3m k\u1ef9 thu\u1eadt<\/th>\n<th>S\u1ef1 mi\u00eau t\u1ea3<\/th>\n<\/tr>\n<\/thead>\n<tbody>\n<tr>\n<td><strong>T\u1ea3i tr\u1ecdng<\/strong><\/td>\n<td>C\u00f3 th\u1ec3 t\u00f9y ch\u1ec9nh<\/td>\n<\/tr>\n<tr>\n<td><strong>K\u00edch th\u01b0\u1edbc l\u1ed7 khoan<\/strong><\/td>\n<td>C\u00f3 nhi\u1ec1u t\u00f9y ch\u1ecdn kh\u00e1c nhau<\/td>\n<\/tr>\n<tr>\n<td><strong>Chi\u1ec1u d\u00e0i n\u00e9t v\u1ebd<\/strong><\/td>\n<td>C\u00f3 th\u1ec3 t\u00f9y ch\u1ec9nh<\/td>\n<\/tr>\n<tr>\n<td><strong>\u00c1p su\u1ea5t t\u1ed1i \u0111a<\/strong><\/td>\n<td>L\u00ean \u0111\u1ebfn 3000 PSI<\/td>\n<\/tr>\n<tr>\n<td><strong>V\u1eadt li\u1ec7u<\/strong><\/td>\n<td>Th\u00e9p ch\u1ea5t l\u01b0\u1ee3ng cao<\/td>\n<\/tr>\n<tr>\n<td><strong>Lo\u1ea1i k\u1ebft n\u1ed1i<\/strong><\/td>\n<td>C\u00f3 b\u00edch ho\u1eb7c c\u00f3 ren<\/td>\n<\/tr>\n<\/tbody>\n<\/table>\n<h4>Nguy\u00ean l\u00fd ho\u1ea1t \u0111\u1ed9ng:<\/h4>\n<p>Xi lanh th\u1ee7y l\u1ef1c piston t\u00f9y ch\u1ec9nh ho\u1ea1t \u0111\u1ed9ng d\u1ef1a tr\u00ean nguy\u00ean l\u00fd \u00e1p su\u1ea5t ch\u1ea5t l\u1ecfng th\u1ee7y l\u1ef1c. Khi ch\u1ea5t l\u1ecfng th\u1ee7y l\u1ef1c \u0111\u01b0\u1ee3c b\u01a1m v\u00e0o xi lanh, n\u00f3 s\u1ebd t\u00e1c \u0111\u1ed9ng l\u1ef1c l\u00ean piston, t\u1ea1o ra chuy\u1ec3n \u0111\u1ed9ng th\u1eb3ng \u0111\u1ec3 n\u00e2ng ho\u1eb7c \u0111\u1ea9y. C\u01a1 ch\u1ebf hi\u1ec7u qu\u1ea3 n\u00e0y cho ph\u00e9p ki\u1ec3m so\u00e1t ch\u00ednh x\u00e1c, n\u00e2ng cao hi\u1ec7u su\u1ea5t c\u1ee7a m\u00e1y m\u00f3c n\u00f4ng nghi\u1ec7p.<\/p>\n<p>T\u00f3m l\u1ea1i, Xi lanh th\u1ee7y l\u1ef1c piston t\u00f9y ch\u1ec9nh \u0111\u1ea3m b\u1ea3o ch\u1ea5t l\u01b0\u1ee3ng cho m\u00e1y m\u00f3c n\u00f4ng nghi\u1ec7p l\u00e0 m\u1ed9t gi\u1ea3i ph\u00e1p \u0111\u00e1ng tin c\u1eady v\u00e0 hi\u1ec7u qu\u1ea3, \u0111\u01b0\u1ee3c thi\u1ebft k\u1ebf ri\u00eang \u0111\u1ec3 \u0111\u00e1p \u1ee9ng nhu c\u1ea7u c\u1ee5 th\u1ec3 c\u1ee7a n\u00f4ng d\u00e2n v\u00e0 ng\u01b0\u1eddi v\u1eadn h\u00e0nh. K\u1ebft c\u1ea5u b\u1ec1n b\u1ec9, c\u00e1c t\u00f9y ch\u1ecdn t\u00f9y ch\u1ec9nh v\u00e0 cam k\u1ebft v\u1ec1 ch\u1ea5t l\u01b0\u1ee3ng khi\u1ebfn n\u00f3 tr\u1edf th\u00e0nh m\u1ed9t th\u00e0nh ph\u1ea7n thi\u1ebft y\u1ebfu \u0111\u1ec3 c\u1ea3i thi\u1ec7n hi\u1ec7u su\u1ea5t m\u00e1y m\u00f3c n\u00f4ng nghi\u1ec7p.<\/p>\n<h2>Ch\u1ee9c n\u0103ng v\u00e0 t\u00ednh n\u0103ng<\/h2>\n<p>Xi lanh th\u1ee7y l\u1ef1c piston t\u00f9y ch\u1ec9nh \u0111\u00f3ng vai tr\u00f2 quan tr\u1ecdng trong m\u00e1y m\u00f3c n\u00f4ng nghi\u1ec7p, cho ph\u00e9p v\u1eadn h\u00e0nh hi\u1ec7u qu\u1ea3, t\u1eeb n\u00e2ng v\u1eadt n\u1eb7ng \u0111\u1ebfn chuy\u1ec3n \u0111\u1ed9ng v\u00e0 ki\u1ec3m so\u00e1t. V\u1edbi kh\u1ea3 n\u0103ng ch\u1ecbu t\u1ea3i cao, c\u1ea5u tr\u00fac ch\u1eafc ch\u1eafn v\u00e0 kh\u1ea3 n\u0103ng ch\u1ed1ng m\u00e0i m\u00f2n v\u01b0\u1ee3t tr\u1ed9i, xi lanh th\u1ee7y l\u1ef1c n\u00e0y l\u00e0 s\u1ef1 l\u1ef1a ch\u1ecdn l\u00fd t\u01b0\u1edfng cho nhu c\u1ea7u c\u1ee7a m\u00e1y m\u00f3c n\u00f4ng nghi\u1ec7p.<\/p>\n<p><img decoding=\"async\" src=\"https:\/\/hzpt.com\/wp-content\/uploads\/2023\/12\/random-1.webp?v=1694163707\" alt=\"\" title=\"\"><\/p>\n<h2>\u01afu \u0111i\u1ec3m c\u1ee7a xi lanh lo\u1ea1i T h\u00e0n<\/h2>\n<ul>\n<li style=\"list-style-type: none;\">\n<ul>\n<li><strong>T\u0103ng c\u01b0\u1eddng s\u1ee9c m\u1ea1nh:<\/strong> Xi lanh ch\u1eef T h\u00e0n n\u1ed5i ti\u1ebfng v\u1edbi \u0111\u1ed9 b\u1ec1n cao, ph\u00f9 h\u1ee3p cho c\u00e1c \u1ee9ng d\u1ee5ng \u0111\u00f2i h\u1ecfi n\u00e2ng v\u1eadt n\u1eb7ng. Quy tr\u00ecnh h\u00e0n \u0111\u01b0\u1ee3c s\u1eed d\u1ee5ng trong qu\u00e1 tr\u00ecnh ch\u1ebf t\u1ea1o xi lanh \u0111\u1ea3m b\u1ea3o xi lanh kh\u00f4ng c\u00f3 \u0111i\u1ec3m y\u1ebfu v\u00e0 c\u00f3 th\u1ec3 ch\u1ecbu \u0111\u01b0\u1ee3c \u00e1p su\u1ea5t v\u00e0 \u1ee9ng su\u1ea5t cao.<\/li>\n<\/ul>\n<\/li>\n<\/ul>\n<p>Khi \u00e1p l\u1ef1c t\u00e1c \u0111\u1ed9ng l\u00ean xi lanh, \u00e1p l\u1ef1c \u0111\u01b0\u1ee3c ph\u00e2n b\u1ed5 \u0111\u1ec1u tr\u00ean to\u00e0n b\u1ed9 b\u1ec1 m\u1eb7t, gi\u00fap xi lanh ch\u1ed1ng bi\u1ebfn d\u1ea1ng. \u0110\u1eb7c \u0111i\u1ec3m n\u00e0y \u0111\u1ea3m b\u1ea3o xi lanh duy tr\u00ec h\u00ecnh d\u1ea1ng v\u00e0 t\u00ednh to\u00e0n v\u1eb9n v\u1ec1 c\u1ea5u tr\u00fac ngay c\u1ea3 trong \u0111i\u1ec1u ki\u1ec7n kh\u1eafc nghi\u1ec7t.<\/p>\n<ul>\n<li style=\"list-style-type: none;\">\n<ul>\n<li><strong>Ph\u00f2ng ng\u1eeba r\u00f2 r\u1ec9:<\/strong> Xi lanh ch\u1eef T h\u00e0n \u0111\u01b0\u1ee3c thi\u1ebft k\u1ebf \u0111\u1ec3 ng\u0103n ng\u1eeba r\u00f2 r\u1ec9. Quy tr\u00ecnh h\u00e0n \u0111\u01b0\u1ee3c s\u1eed d\u1ee5ng trong qu\u00e1 tr\u00ecnh ch\u1ebf t\u1ea1o \u0111\u1ea3m b\u1ea3o xi lanh \u0111\u01b0\u1ee3c b\u1ecbt k\u00edn ho\u00e0n to\u00e0n v\u00e0 kh\u00f4ng c\u00f3 b\u1ea5t k\u1ef3 r\u00f2 r\u1ec9 n\u00e0o. \u0110\u1eb7c \u0111i\u1ec3m n\u00e0y khi\u1ebfn ch\u00fang ph\u00f9 h\u1ee3p \u0111\u1ec3 s\u1eed d\u1ee5ng trong c\u00e1c \u1ee9ng d\u1ee5ng m\u00e0 r\u00f2 r\u1ec9 c\u00f3 th\u1ec3 g\u00e2y ra h\u01b0 h\u1ecfng ho\u1eb7c th\u01b0\u01a1ng t\u00edch nghi\u00eam tr\u1ecdng.<\/li>\n<\/ul>\n<\/li>\n<\/ul>\n<p>C\u00e1c m\u1ed1i h\u00e0n nh\u1eb5n, kh\u00f4ng c\u00f3 khe h\u1edf hay r\u00e3nh n\u00e0o \u0111\u1ec3 m\u1ea3nh v\u1ee5n ho\u1eb7c b\u1ee5i b\u1ea9n c\u00f3 th\u1ec3 t\u00edch t\u1ee5, gi\u00fap gi\u1ea3m nguy c\u01a1 \u0103n m\u00f2n v\u00e0 h\u01b0 h\u1ecfng xi lanh.<\/p>\n<ul>\n<li style=\"list-style-type: none;\">\n<ul>\n<li><strong>C\u00f3 th\u1ec3 t\u00f9y ch\u1ec9nh:<\/strong> Xi lanh h\u00e0n ch\u1eef T c\u00f3 th\u1ec3 \u0111\u01b0\u1ee3c t\u00f9y ch\u1ec9nh \u0111\u1ec3 ph\u00f9 h\u1ee3p v\u1edbi c\u00e1c \u1ee9ng d\u1ee5ng c\u1ee5 th\u1ec3. Xi lanh c\u00f3 nhi\u1ec1u k\u00edch c\u1ee1 v\u00e0 h\u00ecnh d\u1ea1ng kh\u00e1c nhau, v\u00e0 c\u00f3 th\u1ec3 \u0111\u01b0\u1ee3c ch\u1ebf t\u1ea1o \u0111\u1ec3 \u0111\u00e1p \u1ee9ng c\u00e1c y\u00eau c\u1ea7u c\u1ee5 th\u1ec3 c\u1ee7a \u1ee9ng d\u1ee5ng.<\/li>\n<\/ul>\n<\/li>\n<\/ul>\n<p>Qu\u00e1 tr\u00ecnh t\u00f9y ch\u1ec9nh cho ph\u00e9p t\u1ed1i \u01b0u h\u00f3a hi\u1ec7u su\u1ea5t c\u1ee7a xi lanh, \u0111\u1ea3m b\u1ea3o ph\u00f9 h\u1ee3p v\u1edbi \u1ee9ng d\u1ee5ng mong mu\u1ed1n. \u0110\u1eb7c \u0111i\u1ec3m n\u00e0y l\u00e0m cho xi lanh ch\u1eef T h\u00e0n tr\u1edf n\u00ean l\u00fd t\u01b0\u1edfng \u0111\u1ec3 s\u1eed d\u1ee5ng trong nhi\u1ec1u \u1ee9ng d\u1ee5ng c\u00f4ng nghi\u1ec7p kh\u00e1c nhau, bao g\u1ed3m x\u00e2y d\u1ef1ng, khai th\u00e1c m\u1ecf v\u00e0 v\u1eadn chuy\u1ec3n v\u1eadt li\u1ec7u.<\/p>\n<ul>\n<li style=\"list-style-type: none;\">\n<ul>\n<li><strong>Ti\u1ebft ki\u1ec7m chi ph\u00ed:<\/strong> Xi lanh ch\u1eef T h\u00e0n c\u00f3 chi ph\u00ed h\u1ee3p l\u00fd h\u01a1n so v\u1edbi c\u00e1c lo\u1ea1i xi lanh kh\u00e1c. Quy tr\u00ecnh ch\u1ebf t\u1ea1o lo\u1ea1i xi lanh n\u00e0y r\u1ea5t \u0111\u01a1n gi\u1ea3n, gi\u00fap gi\u1ea3m chi ph\u00ed so v\u1edbi c\u00e1c lo\u1ea1i xi lanh kh\u00e1c.<\/li>\n<\/ul>\n<\/li>\n<\/ul>\n<p>H\u01a1n n\u1eefa, \u0111\u1ed9 b\u1ec1n v\u00e0 \u0111\u1ed9 b\u1ec1n cao c\u1ee7a xi lanh ch\u1eef T h\u00e0n gi\u00fap gi\u1ea3m nhu c\u1ea7u s\u1eeda ch\u1eefa v\u00e0 thay th\u1ebf th\u01b0\u1eddng xuy\u00ean, ti\u1ebft ki\u1ec7m chi ph\u00ed b\u1ea3o tr\u00ec. \u0110\u1eb7c \u0111i\u1ec3m n\u00e0y khi\u1ebfn ch\u00fang tr\u1edf th\u00e0nh l\u1ef1a ch\u1ecdn ph\u1ed5 bi\u1ebfn cho nhi\u1ec1u ng\u00e0nh c\u00f4ng nghi\u1ec7p, \u0111\u1eb7c bi\u1ec7t l\u00e0 nh\u1eefng ng\u00e0nh c\u00f3 ng\u00e2n s\u00e1ch h\u1ea1n h\u1eb9p.<\/p>\n<ul>\n<li style=\"list-style-type: none;\">\n<ul>\n<li><strong>T\u0103ng hi\u1ec7u qu\u1ea3:<\/strong> Xi lanh h\u00e0n ch\u1eef T c\u00f3 hi\u1ec7u su\u1ea5t cao v\u00e0 hi\u1ec7u su\u1ea5t t\u1ed1t. Thi\u1ebft k\u1ebf c\u1ee7a xi lanh \u0111\u1ea3m b\u1ea3o l\u1ef1c t\u00e1c d\u1ee5ng \u0111\u01b0\u1ee3c truy\u1ec1n tr\u1ef1c ti\u1ebfp \u0111\u1ebfn t\u1ea3i, gi\u1ea3m t\u1ed5n th\u1ea5t n\u0103ng l\u01b0\u1ee3ng v\u00e0 t\u0103ng hi\u1ec7u su\u1ea5t.<\/li>\n<\/ul>\n<\/li>\n<\/ul>\n<p>C\u00e1c m\u1ed1i h\u00e0n ch\u1eafc ch\u1eafn v\u00e0 c\u1ee9ng c\u00e1p, gi\u1ea3m thi\u1ec3u \u0111\u1ed9 v\u00f5ng v\u00e0 \u0111\u1ea3m b\u1ea3o xi lanh duy tr\u00ec h\u00ecnh d\u1ea1ng v\u00e0 t\u00ednh to\u00e0n v\u1eb9n v\u1ec1 c\u1ea5u tr\u00fac ngay c\u1ea3 trong \u0111i\u1ec1u ki\u1ec7n kh\u1eafc nghi\u1ec7t. \u0110\u1eb7c \u0111i\u1ec3m n\u00e0y l\u00e0m cho xi lanh ch\u1eef T h\u00e0n l\u00fd t\u01b0\u1edfng \u0111\u1ec3 s\u1eed d\u1ee5ng trong c\u00e1c \u1ee9ng d\u1ee5ng \u0111\u00f2i h\u1ecfi hi\u1ec7u su\u1ea5t v\u00e0 \u0111\u1ed9 tin c\u1eady cao.<\/p>\n<h2>\u1ee8ng d\u1ee5ng c\u1ee7a xi lanh lo\u1ea1i T h\u00e0n<\/h2>\n<ul>\n<li>\n<h3>M\u00e1y m\u00f3c v\u00e0 thi\u1ebft b\u1ecb c\u00f4ng nghi\u1ec7p<\/h3>\n<p>Xy lanh ch\u1eef T h\u00e0n \u0111\u01b0\u1ee3c s\u1eed d\u1ee5ng r\u1ed9ng r\u00e3i trong m\u00e1y m\u00f3c v\u00e0 thi\u1ebft b\u1ecb c\u00f4ng nghi\u1ec7p, \u0111\u1eb7c bi\u1ec7t l\u00e0 trong c\u00e1c h\u1ec7 th\u1ed1ng th\u1ee7y l\u1ef1c. Xy lanh bao g\u1ed3m piston v\u00e0 \u1ed1ng xy lanh, \u0111\u01b0\u1ee3c h\u00e0n l\u1ea1i v\u1edbi nhau th\u00e0nh m\u1ed9t kh\u1ed1i th\u1ed1ng nh\u1ea5t. Thi\u1ebft k\u1ebf n\u00e0y mang l\u1ea1i nhi\u1ec1u \u01b0u \u0111i\u1ec3m so v\u1edbi c\u00e1c lo\u1ea1i xy lanh kh\u00e1c, ch\u1eb3ng h\u1ea1n nh\u01b0 \u0111\u1ed9 b\u1ec1n \u0111\u01b0\u1ee3c c\u1ea3i thi\u1ec7n, \u0111\u1ed9 b\u1ec1n cao h\u01a1n v\u00e0 \u0111\u1ed9 ch\u00ednh x\u00e1c cao h\u01a1n.<\/p>\n<p>M\u1ed9t trong nh\u1eefng \u1ee9ng d\u1ee5ng quan tr\u1ecdng nh\u1ea5t c\u1ee7a xy lanh ch\u1eef T h\u00e0n trong m\u00e1y m\u00f3c c\u00f4ng nghi\u1ec7p l\u00e0 kh\u1ea3 n\u0103ng cung c\u1ea5p l\u1ef1c \u0111\u1ed3ng \u0111\u1ec1u v\u00e0 ch\u00ednh x\u00e1c. \u0110i\u1ec1u n\u00e0y r\u1ea5t c\u1ea7n thi\u1ebft cho nhi\u1ec1u quy tr\u00ecnh s\u1ea3n xu\u1ea5t, n\u01a1i y\u00eau c\u1ea7u ki\u1ec3m so\u00e1t ch\u00ednh x\u00e1c \u0111\u1ec3 \u0111\u1ea3m b\u1ea3o ch\u1ea5t l\u01b0\u1ee3ng s\u1ea3n ph\u1ea9m cu\u1ed1i c\u00f9ng. Xy lanh ch\u1eef T h\u00e0n c\u0169ng c\u00f3 th\u1ec3 \u0111\u01b0\u1ee3c s\u1eed d\u1ee5ng \u0111\u1ec3 \u0111i\u1ec1u ch\u1ec9nh l\u01b0u l\u01b0\u1ee3ng ch\u1ea5t l\u1ecfng trong h\u1ec7 th\u1ed1ng th\u1ee7y l\u1ef1c, cho ph\u00e9p t\u0103ng hi\u1ec7u su\u1ea5t v\u00e0 \u0111\u1ed9 tin c\u1eady trong nhi\u1ec1u \u1ee9ng d\u1ee5ng c\u00f4ng nghi\u1ec7p.<\/li>\n<li>\n<h3>Thi\u1ebft b\u1ecb n\u00f4ng nghi\u1ec7p<\/h3>\n<p>Xi lanh ch\u1eef T h\u00e0n c\u0169ng th\u01b0\u1eddng \u0111\u01b0\u1ee3c s\u1eed d\u1ee5ng trong c\u00e1c thi\u1ebft b\u1ecb n\u00f4ng nghi\u1ec7p, ch\u1eb3ng h\u1ea1n nh\u01b0 m\u00e1y k\u00e9o v\u00e0 m\u00e1y g\u1eb7t. Nh\u1eefng m\u00e1y m\u00f3c n\u00e0y \u0111\u00f2i h\u1ecfi h\u1ec7 th\u1ed1ng th\u1ee7y l\u1ef1c m\u1ea1nh m\u1ebd v\u00e0 \u0111\u00e1ng tin c\u1eady \u0111\u1ec3 v\u1eadn h\u00e0nh hi\u1ec7u qu\u1ea3, v\u00e0 xi lanh ch\u1eef T h\u00e0n l\u00e0 l\u1ef1a ch\u1ecdn l\u00fd t\u01b0\u1edfng cho m\u1ee5c \u0111\u00edch n\u00e0y.<\/p>\n<p>C\u1ea5u tr\u00fac ch\u1eafc ch\u1eafn v\u00e0 \u0111\u1ed9 b\u1ec1n cao c\u1ee7a xi lanh gi\u00fap n\u00f3 c\u00f3 kh\u1ea3 n\u0103ng ch\u1ed1ng m\u00e0i m\u00f2n cao, ngay c\u1ea3 trong \u0111i\u1ec1u ki\u1ec7n v\u1eadn h\u00e0nh kh\u1eafc nghi\u1ec7t. \u0110i\u1ec1u n\u00e0y l\u00e0m cho n\u00f3 tr\u1edf th\u00e0nh l\u1ef1a ch\u1ecdn l\u00fd t\u01b0\u1edfng \u0111\u1ec3 s\u1eed d\u1ee5ng trong thi\u1ebft b\u1ecb n\u00f4ng nghi\u1ec7p, n\u01a1i \u0111\u1ed9 b\u1ec1n l\u00e0 y\u1ebfu t\u1ed1 quan tr\u1ecdng h\u00e0ng \u0111\u1ea7u. Xi lanh ch\u1eef T h\u00e0n c\u0169ng c\u00f3 th\u1ec3 \u0111\u01b0\u1ee3c s\u1eed d\u1ee5ng \u0111\u1ec3 cung c\u1ea5p kh\u1ea3 n\u0103ng ki\u1ec3m so\u00e1t ch\u00ednh x\u00e1c c\u1ea7n thi\u1ebft cho nhi\u1ec1u quy tr\u00ecnh n\u00f4ng nghi\u1ec7p, ch\u1eb3ng h\u1ea1n nh\u01b0 tr\u1ed3ng tr\u1ecdt, thu ho\u1ea1ch v\u00e0 t\u01b0\u1edbi ti\u00eau.<\/li>\n<li>\n<h3>Thi\u1ebft b\u1ecb x\u00e2y d\u1ef1ng<\/h3>\n<p>Xi lanh ch\u1eef T h\u00e0n c\u0169ng \u0111\u01b0\u1ee3c s\u1eed d\u1ee5ng r\u1ed9ng r\u00e3i trong c\u00e1c thi\u1ebft b\u1ecb x\u00e2y d\u1ef1ng nh\u01b0 m\u00e1y \u0111\u00e0o, m\u00e1y x\u00fac l\u1eadt v\u00e0 m\u00e1y \u1ee7i. Nh\u1eefng m\u00e1y m\u00f3c n\u00e0y \u0111\u00f2i h\u1ecfi h\u1ec7 th\u1ed1ng th\u1ee7y l\u1ef1c m\u1ea1nh m\u1ebd v\u00e0 \u0111\u00e1ng tin c\u1eady \u0111\u1ec3 th\u1ef1c hi\u1ec7n c\u00e1c nhi\u1ec7m v\u1ee5 n\u1eb7ng nh\u1ecdc nh\u01b0 \u0111\u00e0o, n\u00e2ng v\u00e0 \u0111\u1ea9y v\u1eadt n\u1eb7ng.<\/p>\n<p>Xi lanh ch\u1eef T h\u00e0n c\u00f3 \u0111\u1ed9 b\u1ec1n v\u00e0 \u0111\u1ed9 ch\u1eafc ch\u1eafn cao, l\u00e0 l\u1ef1a ch\u1ecdn l\u00fd t\u01b0\u1edfng cho c\u00e1c thi\u1ebft b\u1ecb x\u00e2y d\u1ef1ng. Kh\u1ea3 n\u0103ng ki\u1ec3m so\u00e1t ch\u00ednh x\u00e1c v\u00e0 l\u1ef1c \u1ed5n \u0111\u1ecbnh c\u1ee7a xi lanh l\u00e0 y\u1ebfu t\u1ed1 thi\u1ebft y\u1ebfu cho nhi\u1ec1u quy tr\u00ecnh x\u00e2y d\u1ef1ng, ch\u1eb3ng h\u1ea1n nh\u01b0 \u0111\u00e0o \u0111\u1ea5t, san l\u1ea5p m\u1eb7t b\u1eb1ng v\u00e0 tr\u1ea3i nh\u1ef1a. Xi lanh ch\u1eef T h\u00e0n c\u0169ng c\u00f3 th\u1ec3 \u0111\u01b0\u1ee3c s\u1eed d\u1ee5ng \u0111\u1ec3 \u0111i\u1ec1u ch\u1ec9nh l\u01b0u l\u01b0\u1ee3ng ch\u1ea5t l\u1ecfng trong h\u1ec7 th\u1ed1ng th\u1ee7y l\u1ef1c, c\u1ea3i thi\u1ec7n hi\u1ec7u su\u1ea5t v\u00e0 \u0111\u1ed9 tin c\u1eady c\u1ee7a thi\u1ebft b\u1ecb x\u00e2y d\u1ef1ng trong nhi\u1ec1u \u1ee9ng d\u1ee5ng kh\u00e1c nhau.<\/li>\n<\/ul>\n<h3>Gi\u1edbi thi\u1ec7u v\u1ec1 FMP<\/h3>\n<p>FMP l\u00e0 nh\u00e0 s\u1ea3n xu\u1ea5t v\u00e0 cung c\u1ea5p xi lanh th\u1ee7y l\u1ef1c ch\u1ea5t l\u01b0\u1ee3ng cao h\u00e0ng \u0111\u1ea7u trong h\u01a1n 30 n\u0103m. Khu c\u00f4ng nghi\u1ec7p c\u1ee7a ch\u00fang t\u00f4i \u0111\u1eb7t t\u1ea1i \u00dd v\u00e0 s\u1edf h\u1eefu h\u01a1n 100 thi\u1ebft b\u1ecb, bao g\u1ed3m m\u00e1y h\u00e0n t\u1ef1 \u0111\u1ed9ng c\u00f3 b\u1ea3o v\u1ec7 kh\u00ed, m\u00e1y khoan l\u1ed7 s\u00e2u, m\u00e1y ti\u1ec7n CNC, m\u00e1y m\u00e0i tr\u1ee5, m\u00e1y v\u1ec7 sinh t\u1ef1 \u0111\u1ed9ng, m\u00e1y l\u1eafp \u0111\u1eb7t t\u1ef1 \u0111\u1ed9ng, b\u0103ng th\u1eed hi\u1ec7u su\u1ea5t xi lanh th\u1ee7y l\u1ef1c t\u1ef1 \u0111\u1ed9ng v\u00e0 d\u00e2y chuy\u1ec1n s\u01a1n t\u1ef1 \u0111\u1ed9ng. T\u1ea5t c\u1ea3 xi lanh th\u1ee7y l\u1ef1c c\u1ee7a ch\u00fang t\u00f4i, bao g\u1ed3m xi lanh tai xi lanh th\u1ee7y l\u1ef1c v\u00e0 xi lanh th\u1ee7y l\u1ef1c \u1ed1ng l\u1ed3ng t\u1ef1 \u0111\u1ed9ng hai chi\u1ec1u, \u0111\u1ec1u tr\u1ea3i qua quy tr\u00ecnh x\u1eed l\u00fd v\u00e0 ki\u1ec3m tra nghi\u00eam ng\u1eb7t \u0111\u1ec3 \u0111\u1ea3m b\u1ea3o ch\u1ea5t l\u01b0\u1ee3ng h\u00e0ng \u0111\u1ea7u cho kh\u00e1ch h\u00e0ng.<\/p>\n<h4>D\u1ecbch v\u1ee5 thi\u1ebft k\u1ebf<\/h4>\n<p>\u0110\u1ed9i ng\u0169 thi\u1ebft k\u1ebf c\u1ee7a ch\u00fang t\u00f4i c\u00f3 kinh nghi\u1ec7m d\u00e0y d\u1eb7n trong thi\u1ebft k\u1ebf v\u00e0 ph\u00e1t tri\u1ec3n s\u1ea3n ph\u1ea9m tr\u1ee5c v\u1ea1n n\u0103ng. N\u1ebfu b\u1ea1n c\u00f3 nhu c\u1ea7u v\u1ec1 s\u1ea3n ph\u1ea9m m\u1edbi ho\u1eb7c mu\u1ed1n c\u1ea3i ti\u1ebfn h\u01a1n n\u1eefa, ch\u00fang t\u00f4i s\u1ebd h\u1ed7 tr\u1ee3 b\u1ea1n.<\/p>\n<h4>D\u1ecbch v\u1ee5 s\u1ea3n ph\u1ea9m<\/h4>\n<p>D\u1ecbch v\u1ee5 s\u1ea3n ph\u1ea9m to\u00e0n di\u1ec7n c\u1ee7a ch\u00fang t\u00f4i bao g\u1ed3m c\u1eaft nguy\u00ean li\u1ec7u th\u00f4, gia c\u00f4ng th\u00f4, ki\u1ec3m tra, v\u1ec7 sinh, l\u1eafp r\u00e1p, \u0111\u00f3ng g\u00f3i v\u00e0 v\u1eadn chuy\u1ec3n. Ch\u00fang t\u00f4i \u0111\u1ea3m b\u1ea3o kh\u00e1ch h\u00e0ng nh\u1eadn \u0111\u01b0\u1ee3c s\u1ea3n ph\u1ea9m trong t\u00ecnh tr\u1ea1ng ho\u00e0n h\u1ea3o v\u00e0 \u0111\u00fang h\u1ea1n.<\/p>\n<h4>Quy tr\u00ecnh m\u1eabu<\/h4>\n<p>Ch\u00fang t\u00f4i c\u00f3 th\u1ec3 ph\u00e1t tri\u1ec3n m\u1eabu theo y\u00eau c\u1ea7u c\u1ee7a b\u1ea1n v\u00e0 li\u00ean t\u1ee5c \u0111i\u1ec1u ch\u1ec9nh \u0111\u1ec3 \u0111\u00e1p \u1ee9ng nhu c\u1ea7u. \u0110i\u1ec1u n\u00e0y \u0111\u1ea3m b\u1ea3o b\u1ea1n s\u1ebd h\u00e0i l\u00f2ng v\u1edbi s\u1ea3n ph\u1ea9m cu\u1ed1i c\u00f9ng.<\/p>\n<h4>Nghi\u00ean c\u1ee9u v\u00e0 ph\u00e1t tri\u1ec3n<\/h4>\n<p>\u0110\u1ed9i ng\u0169 R&amp;D c\u1ee7a ch\u00fang t\u00f4i lu\u00f4n theo k\u1ecbp c\u00e1c xu h\u01b0\u1edbng m\u1edbi nh\u1ea5t c\u1ee7a th\u1ecb tr\u01b0\u1eddng v\u00e0 n\u1ed7 l\u1ef1c ph\u00e1t tri\u1ec3n c\u00e1c m\u1eabu m\u00e3 m\u1edbi \u0111\u1ec3 \u0111\u00e1p \u1ee9ng nhu c\u1ea7u thay \u0111\u1ed5i c\u1ee7a kh\u00e1ch h\u00e0ng.<\/p>\n<h4>T\u00f9y ch\u1ec9nh<\/h4>\n<p>Ch\u00fang t\u00f4i nh\u1eadn t\u00f9y ch\u1ec9nh xi lanh th\u1ee7y l\u1ef1c theo y\u00eau c\u1ea7u c\u1ee5 th\u1ec3 c\u1ee7a b\u1ea1n. \u0110i\u1ec1u n\u00e0y c\u00f3 ngh\u0129a l\u00e0 b\u1ea1n c\u00f3 th\u1ec3 nh\u1eadn \u0111\u01b0\u1ee3c s\u1ea3n ph\u1ea9m ho\u00e0n to\u00e0n ph\u00f9 h\u1ee3p v\u1edbi nhu c\u1ea7u c\u1ee7a m\u00ecnh, v\u00e0 \u0111\u1ed9i ng\u0169 c\u1ee7a ch\u00fang t\u00f4i lu\u00f4n s\u1eb5n s\u00e0ng cung c\u1ea5p cho b\u1ea1n nh\u1eefng gi\u1ea3i ph\u00e1p t\u1ed1t nh\u1ea5t.<\/p>\n<p><img decoding=\"async\" src=\"https:\/\/fmp-components.com\/wp-content\/uploads\/2024\/12\/fmp-factory-4.webp\" alt=\"Nh\u00e0 m\u00e1y FMP\" width=\"800\" title=\"\"><br \/>\nT\u00e1c gi\u1ea3: CX<\/p>","protected":false},"excerpt":{"rendered":"<p>The Quality Assurance Custom Piston Hydraulic Cylinder is specifically designed for agricultural machinery, providing robust performance and reliability. Tailored to meet the unique needs of various agricultural applications, this hydraulic cylinder ensures efficient operation and durability. Key Features: Customizable Design: This hydraulic cylinder can be tailored to meet specific requirements, including bore size, stroke length, [&hellip;]<\/p>","protected":false},"featured_media":1132,"comment_status":"closed","ping_status":"closed","template":"","meta":{"_et_pb_use_builder":"","_et_pb_old_content":"","_et_gb_content_width":""},"product_brand":[],"product_cat":[31],"product_tag":[34,35],"class_list":{"0":"post-956","1":"product","2":"type-product","3":"status-publish","4":"has-post-thumbnail","6":"product_cat-welded-tee-type-cylinder","7":"product_tag-hydraulic-cylinder","8":"product_tag-welded-tee-type-cylinder","10":"first","11":"instock","12":"product-type-simple"},"_links":{"self":[{"href":"https:\/\/fmp-components.com\/vi\/wp-json\/wp\/v2\/product\/956","targetHints":{"allow":["GET"]}}],"collection":[{"href":"https:\/\/fmp-components.com\/vi\/wp-json\/wp\/v2\/product"}],"about":[{"href":"https:\/\/fmp-components.com\/vi\/wp-json\/wp\/v2\/types\/product"}],"replies":[{"embeddable":true,"href":"https:\/\/fmp-components.com\/vi\/wp-json\/wp\/v2\/comments?post=956"}],"wp:featuredmedia":[{"embeddable":true,"href":"https:\/\/fmp-components.com\/vi\/wp-json\/wp\/v2\/media\/1132"}],"wp:attachment":[{"href":"https:\/\/fmp-components.com\/vi\/wp-json\/wp\/v2\/media?parent=956"}],"wp:term":[{"taxonomy":"product_brand","embeddable":true,"href":"https:\/\/fmp-components.com\/vi\/wp-json\/wp\/v2\/product_brand?post=956"},{"taxonomy":"product_cat","embeddable":true,"href":"https:\/\/fmp-components.com\/vi\/wp-json\/wp\/v2\/product_cat?post=956"},{"taxonomy":"product_tag","embeddable":true,"href":"https:\/\/fmp-components.com\/vi\/wp-json\/wp\/v2\/product_tag?post=956"}],"curies":[{"name":"wp","href":"https:\/\/api.w.org\/{rel}","templated":true}]}}