{"id":949,"date":"2024-12-19T03:39:43","date_gmt":"2024-12-19T03:39:43","guid":{"rendered":"https:\/\/fmp-components.com\/product\/10029-customized-mini-welded-hydraulic-cylinders-for-agricultural-machinery\/"},"modified":"2024-12-19T08:44:05","modified_gmt":"2024-12-19T08:44:05","slug":"10029-customized-mini-welded-hydraulic-cylinders-for-agricultural-machinery","status":"publish","type":"product","link":"https:\/\/fmp-components.com\/vi\/product\/10029-customized-mini-welded-hydraulic-cylinders-for-agricultural-machinery\/","title":{"rendered":"10029 Xi lanh th\u1ee7y l\u1ef1c h\u00e0n mini t\u00f9y ch\u1ec9nh cho m\u00e1y m\u00f3c n\u00f4ng nghi\u1ec7p"},"content":{"rendered":"<p>Xi lanh th\u1ee7y l\u1ef1c h\u00e0n mini t\u00f9y ch\u1ec9nh 10029 \u0111\u01b0\u1ee3c thi\u1ebft k\u1ebf \u0111\u1eb7c bi\u1ec7t cho m\u00e1y m\u00f3c n\u00f4ng nghi\u1ec7p, mang \u0111\u1ebfn gi\u1ea3i ph\u00e1p nh\u1ecf g\u1ecdn v\u00e0 m\u1ea1nh m\u1ebd cho nhi\u1ec1u \u1ee9ng d\u1ee5ng n\u00f4ng nghi\u1ec7p kh\u00e1c nhau. Nh\u1eefng xi lanh th\u1ee7y l\u1ef1c n\u00e0y mang l\u1ea1i hi\u1ec7u su\u1ea5t v\u00e0 \u0111\u1ed9 b\u1ec1n v\u01b0\u1ee3t tr\u1ed9i, l\u00fd t\u01b0\u1edfng \u0111\u1ec3 s\u1eed d\u1ee5ng trong kh\u00f4ng gian ch\u1eadt h\u1eb9p v\u00e0 m\u00f4i tr\u01b0\u1eddng kh\u1eafc nghi\u1ec7t.<\/p>\n<h4>C\u00e1c t\u00ednh n\u0103ng ch\u00ednh:<\/h4>\n<ul>\n<li><strong>Thi\u1ebft k\u1ebf t\u00f9y ch\u1ec9nh<\/strong>: \u0110\u01b0\u1ee3c thi\u1ebft k\u1ebf ri\u00eang \u0111\u1ec3 \u0111\u00e1p \u1ee9ng c\u00e1c y\u00eau c\u1ea7u c\u1ee5 th\u1ec3, \u0111\u1ea3m b\u1ea3o kh\u1ea3 n\u0103ng t\u01b0\u01a1ng th\u00edch v\u1edbi nhi\u1ec1u lo\u1ea1i thi\u1ebft b\u1ecb n\u00f4ng nghi\u1ec7p.<\/li>\n<li><strong>K\u00edch th\u01b0\u1edbc thu nh\u1ecf<\/strong>: Thi\u1ebft k\u1ebf nh\u1ecf g\u1ecdn cho ph\u00e9p l\u1eafp \u0111\u1eb7t \u1edf nh\u1eefng kh\u00f4ng gian h\u1ea1n ch\u1ebf m\u00e0 kh\u00f4ng l\u00e0m gi\u1ea3m c\u00f4ng su\u1ea5t ho\u1eb7c hi\u1ec7u su\u1ea5t.<\/li>\n<li><strong>K\u1ebft c\u1ea5u h\u00e0n<\/strong>: \u0110\u01b0\u1ee3c thi\u1ebft k\u1ebf h\u00e0n ch\u1eafc ch\u1eafn \u0111\u1ec3 t\u0103ng c\u01b0\u1eddng \u0111\u1ed9 b\u1ec1n v\u00e0 \u0111\u1ed9 tin c\u1eady, ph\u00f9 h\u1ee3p cho m\u1ee5c \u0111\u00edch s\u1eed d\u1ee5ng n\u1eb7ng.<\/li>\n<li><strong>L\u1edbp ph\u1ee7 ch\u1ed1ng \u0103n m\u00f2n<\/strong>: \u0110\u01b0\u1ee3c x\u1eed l\u00fd b\u1eb1ng l\u1edbp ph\u1ee7 b\u1ea3o v\u1ec7 \u0111\u1ec3 ch\u1ed1ng g\u1ec9 v\u00e0 \u0103n m\u00f2n, \u0111\u1ea3m b\u1ea3o \u0111\u1ed9 b\u1ec1n l\u00e2u trong \u0111i\u1ec1u ki\u1ec7n ngo\u00e0i tr\u1eddi.<\/li>\n<li><strong>T\u00edch h\u1ee3p d\u1ec5 d\u00e0ng<\/strong>: \u0110\u01b0\u1ee3c thi\u1ebft k\u1ebf \u0111\u1ec3 l\u1eafp \u0111\u1eb7t d\u1ec5 d\u00e0ng v\u00e0o nhi\u1ec1u lo\u1ea1i m\u00e1y n\u00f4ng nghi\u1ec7p kh\u00e1c nhau, gi\u00fap thi\u1ebft l\u1eadp nhanh ch\u00f3ng v\u00e0 gi\u1ea3m thi\u1ec3u th\u1eddi gian ch\u1ebft.<\/li>\n<\/ul>\n<p><img decoding=\"async\" src=\"https:\/\/hzpt.com\/wp-content\/uploads\/2023\/12\/random-2.webp\" alt=\"\" title=\"\"><\/p>\n<h4>Nh\u1eefng l\u1ee3i \u00edch:<\/h4>\n<ul>\n<li><strong>Hi\u1ec7u qu\u1ea3 \u0111\u01b0\u1ee3c n\u00e2ng cao<\/strong>: T\u1ed1i \u01b0u h\u00f3a hi\u1ec7u su\u1ea5t c\u1ee7a m\u00e1y m\u00f3c n\u00f4ng nghi\u1ec7p, cung c\u1ea5p t\u00e1c \u0111\u1ed9ng th\u1ee7y l\u1ef1c m\u1ea1nh m\u1ebd v\u00e0 tr\u01a1n tru.<\/li>\n<li><strong>\u1ee8ng d\u1ee5ng \u0111a n\u0103ng<\/strong>: Th\u00edch h\u1ee3p cho nhi\u1ec1u nhi\u1ec7m v\u1ee5 kh\u00e1c nhau, bao g\u1ed3m n\u00e2ng, \u0111\u1ea9y v\u00e0 k\u00e9o trong c\u00e1c ho\u1ea1t \u0111\u1ed9ng n\u00f4ng nghi\u1ec7p.<\/li>\n<li><strong>Gi\u1ea3m b\u1ea3o tr\u00ec<\/strong>: K\u1ebft c\u1ea5u b\u1ec1n b\u1ec9 gi\u00fap gi\u1ea3m thi\u1ec3u hao m\u00f2n, gi\u00fap gi\u1ea3m chi ph\u00ed b\u1ea3o tr\u00ec theo th\u1eddi gian.<\/li>\n<\/ul>\n<p>Xi lanh th\u1ee7y l\u1ef1c h\u00e0n mini t\u00f9y ch\u1ec9nh 10029 l\u00e0 m\u1ed9t th\u00e0nh ph\u1ea7n thi\u1ebft y\u1ebfu cho m\u00e1y m\u00f3c n\u00f4ng nghi\u1ec7p hi\u1ec7n \u0111\u1ea1i, mang l\u1ea1i hi\u1ec7u su\u1ea5t v\u00e0 hi\u1ec7u qu\u1ea3 \u0111\u00e1ng tin c\u1eady trong m\u1ed9t thi\u1ebft k\u1ebf nh\u1ecf g\u1ecdn. Thi\u1ebft k\u1ebf m\u1ea1nh m\u1ebd v\u00e0 c\u00e1c t\u00f9y ch\u1ecdn t\u00f9y ch\u1ec9nh c\u1ee7a ch\u00fang khi\u1ebfn ch\u00fang tr\u1edf th\u00e0nh m\u1ed9t s\u1ef1 b\u1ed5 sung gi\u00e1 tr\u1ecb cho b\u1ea5t k\u1ef3 ho\u1ea1t \u0111\u1ed9ng n\u00f4ng nghi\u1ec7p n\u00e0o.<\/p>\n<p>&nbsp;<\/p>\n<p><img decoding=\"async\" class=\"aligncenter\" src=\"https:\/\/hzpt.com\/wp-content\/uploads\/2023\/12\/random-3.webp\" alt=\"\" title=\"\"><\/p>\n<p><!-- Add 5 Q&A here --><\/p>\n<h2>\u01afu \u0111i\u1ec3m c\u1ee7a xi lanh lo\u1ea1i T h\u00e0n<\/h2>\n<ul>\n<li style=\"list-style-type: none;\">\n<ul>\n<li><strong>T\u0103ng c\u01b0\u1eddng s\u1ee9c m\u1ea1nh:<\/strong> Xi lanh ch\u1eef T h\u00e0n n\u1ed5i ti\u1ebfng v\u1edbi \u0111\u1ed9 b\u1ec1n cao, ph\u00f9 h\u1ee3p cho c\u00e1c \u1ee9ng d\u1ee5ng \u0111\u00f2i h\u1ecfi n\u00e2ng v\u1eadt n\u1eb7ng. Quy tr\u00ecnh h\u00e0n \u0111\u01b0\u1ee3c s\u1eed d\u1ee5ng trong qu\u00e1 tr\u00ecnh ch\u1ebf t\u1ea1o xi lanh \u0111\u1ea3m b\u1ea3o xi lanh kh\u00f4ng c\u00f3 \u0111i\u1ec3m y\u1ebfu v\u00e0 c\u00f3 th\u1ec3 ch\u1ecbu \u0111\u01b0\u1ee3c \u00e1p su\u1ea5t v\u00e0 \u1ee9ng su\u1ea5t cao.<\/li>\n<\/ul>\n<\/li>\n<\/ul>\n<p>Khi \u00e1p l\u1ef1c t\u00e1c \u0111\u1ed9ng l\u00ean xi lanh, \u00e1p l\u1ef1c \u0111\u01b0\u1ee3c ph\u00e2n b\u1ed5 \u0111\u1ec1u tr\u00ean to\u00e0n b\u1ed9 b\u1ec1 m\u1eb7t, gi\u00fap xi lanh ch\u1ed1ng bi\u1ebfn d\u1ea1ng. \u0110\u1eb7c \u0111i\u1ec3m n\u00e0y \u0111\u1ea3m b\u1ea3o xi lanh duy tr\u00ec h\u00ecnh d\u1ea1ng v\u00e0 t\u00ednh to\u00e0n v\u1eb9n v\u1ec1 c\u1ea5u tr\u00fac ngay c\u1ea3 trong \u0111i\u1ec1u ki\u1ec7n kh\u1eafc nghi\u1ec7t.<\/p>\n<ul>\n<li style=\"list-style-type: none;\">\n<ul>\n<li><strong>Ph\u00f2ng ng\u1eeba r\u00f2 r\u1ec9:<\/strong> Xi lanh ch\u1eef T h\u00e0n \u0111\u01b0\u1ee3c thi\u1ebft k\u1ebf \u0111\u1ec3 ng\u0103n ng\u1eeba r\u00f2 r\u1ec9. Quy tr\u00ecnh h\u00e0n \u0111\u01b0\u1ee3c s\u1eed d\u1ee5ng trong qu\u00e1 tr\u00ecnh ch\u1ebf t\u1ea1o \u0111\u1ea3m b\u1ea3o xi lanh \u0111\u01b0\u1ee3c b\u1ecbt k\u00edn ho\u00e0n to\u00e0n v\u00e0 kh\u00f4ng c\u00f3 b\u1ea5t k\u1ef3 r\u00f2 r\u1ec9 n\u00e0o. \u0110\u1eb7c \u0111i\u1ec3m n\u00e0y khi\u1ebfn ch\u00fang ph\u00f9 h\u1ee3p \u0111\u1ec3 s\u1eed d\u1ee5ng trong c\u00e1c \u1ee9ng d\u1ee5ng m\u00e0 r\u00f2 r\u1ec9 c\u00f3 th\u1ec3 g\u00e2y ra h\u01b0 h\u1ecfng ho\u1eb7c th\u01b0\u01a1ng t\u00edch nghi\u00eam tr\u1ecdng.<\/li>\n<\/ul>\n<\/li>\n<\/ul>\n<p>C\u00e1c m\u1ed1i h\u00e0n nh\u1eb5n, kh\u00f4ng c\u00f3 khe h\u1edf hay r\u00e3nh n\u00e0o \u0111\u1ec3 m\u1ea3nh v\u1ee5n ho\u1eb7c b\u1ee5i b\u1ea9n c\u00f3 th\u1ec3 t\u00edch t\u1ee5, gi\u00fap gi\u1ea3m nguy c\u01a1 \u0103n m\u00f2n v\u00e0 h\u01b0 h\u1ecfng xi lanh.<\/p>\n<ul>\n<li style=\"list-style-type: none;\">\n<ul>\n<li><strong>C\u00f3 th\u1ec3 t\u00f9y ch\u1ec9nh:<\/strong> Xi lanh h\u00e0n ch\u1eef T c\u00f3 th\u1ec3 \u0111\u01b0\u1ee3c t\u00f9y ch\u1ec9nh \u0111\u1ec3 ph\u00f9 h\u1ee3p v\u1edbi c\u00e1c \u1ee9ng d\u1ee5ng c\u1ee5 th\u1ec3. Xi lanh c\u00f3 nhi\u1ec1u k\u00edch c\u1ee1 v\u00e0 h\u00ecnh d\u1ea1ng kh\u00e1c nhau, v\u00e0 c\u00f3 th\u1ec3 \u0111\u01b0\u1ee3c ch\u1ebf t\u1ea1o \u0111\u1ec3 \u0111\u00e1p \u1ee9ng c\u00e1c y\u00eau c\u1ea7u c\u1ee5 th\u1ec3 c\u1ee7a \u1ee9ng d\u1ee5ng.<\/li>\n<\/ul>\n<\/li>\n<\/ul>\n<p>Qu\u00e1 tr\u00ecnh t\u00f9y ch\u1ec9nh cho ph\u00e9p t\u1ed1i \u01b0u h\u00f3a hi\u1ec7u su\u1ea5t c\u1ee7a xi lanh, \u0111\u1ea3m b\u1ea3o ph\u00f9 h\u1ee3p v\u1edbi \u1ee9ng d\u1ee5ng mong mu\u1ed1n. \u0110\u1eb7c \u0111i\u1ec3m n\u00e0y l\u00e0m cho xi lanh ch\u1eef T h\u00e0n tr\u1edf n\u00ean l\u00fd t\u01b0\u1edfng \u0111\u1ec3 s\u1eed d\u1ee5ng trong nhi\u1ec1u \u1ee9ng d\u1ee5ng c\u00f4ng nghi\u1ec7p kh\u00e1c nhau, bao g\u1ed3m x\u00e2y d\u1ef1ng, khai th\u00e1c m\u1ecf v\u00e0 v\u1eadn chuy\u1ec3n v\u1eadt li\u1ec7u.<\/p>\n<ul>\n<li style=\"list-style-type: none;\">\n<ul>\n<li><strong>Ti\u1ebft ki\u1ec7m chi ph\u00ed:<\/strong> Xi lanh ch\u1eef T h\u00e0n c\u00f3 chi ph\u00ed h\u1ee3p l\u00fd h\u01a1n so v\u1edbi c\u00e1c lo\u1ea1i xi lanh kh\u00e1c. Quy tr\u00ecnh ch\u1ebf t\u1ea1o lo\u1ea1i xi lanh n\u00e0y r\u1ea5t \u0111\u01a1n gi\u1ea3n, gi\u00fap gi\u1ea3m chi ph\u00ed so v\u1edbi c\u00e1c lo\u1ea1i xi lanh kh\u00e1c.<\/li>\n<\/ul>\n<\/li>\n<\/ul>\n<p>H\u01a1n n\u1eefa, \u0111\u1ed9 b\u1ec1n v\u00e0 \u0111\u1ed9 b\u1ec1n cao c\u1ee7a xi lanh ch\u1eef T h\u00e0n gi\u00fap gi\u1ea3m nhu c\u1ea7u s\u1eeda ch\u1eefa v\u00e0 thay th\u1ebf th\u01b0\u1eddng xuy\u00ean, ti\u1ebft ki\u1ec7m chi ph\u00ed b\u1ea3o tr\u00ec. \u0110\u1eb7c \u0111i\u1ec3m n\u00e0y khi\u1ebfn ch\u00fang tr\u1edf th\u00e0nh l\u1ef1a ch\u1ecdn ph\u1ed5 bi\u1ebfn cho nhi\u1ec1u ng\u00e0nh c\u00f4ng nghi\u1ec7p, \u0111\u1eb7c bi\u1ec7t l\u00e0 nh\u1eefng ng\u00e0nh c\u00f3 ng\u00e2n s\u00e1ch h\u1ea1n h\u1eb9p.<\/p>\n<ul>\n<li style=\"list-style-type: none;\">\n<ul>\n<li><strong>T\u0103ng hi\u1ec7u qu\u1ea3:<\/strong> Xi lanh h\u00e0n ch\u1eef T c\u00f3 hi\u1ec7u su\u1ea5t cao v\u00e0 hi\u1ec7u su\u1ea5t t\u1ed1t. Thi\u1ebft k\u1ebf c\u1ee7a xi lanh \u0111\u1ea3m b\u1ea3o l\u1ef1c t\u00e1c d\u1ee5ng \u0111\u01b0\u1ee3c truy\u1ec1n tr\u1ef1c ti\u1ebfp \u0111\u1ebfn t\u1ea3i, gi\u1ea3m t\u1ed5n th\u1ea5t n\u0103ng l\u01b0\u1ee3ng v\u00e0 t\u0103ng hi\u1ec7u su\u1ea5t.<\/li>\n<\/ul>\n<\/li>\n<\/ul>\n<p>C\u00e1c m\u1ed1i h\u00e0n ch\u1eafc ch\u1eafn v\u00e0 c\u1ee9ng c\u00e1p, gi\u1ea3m thi\u1ec3u \u0111\u1ed9 v\u00f5ng v\u00e0 \u0111\u1ea3m b\u1ea3o xi lanh duy tr\u00ec h\u00ecnh d\u1ea1ng v\u00e0 t\u00ednh to\u00e0n v\u1eb9n v\u1ec1 c\u1ea5u tr\u00fac ngay c\u1ea3 trong \u0111i\u1ec1u ki\u1ec7n kh\u1eafc nghi\u1ec7t. \u0110\u1eb7c \u0111i\u1ec3m n\u00e0y l\u00e0m cho xi lanh ch\u1eef T h\u00e0n l\u00fd t\u01b0\u1edfng \u0111\u1ec3 s\u1eed d\u1ee5ng trong c\u00e1c \u1ee9ng d\u1ee5ng \u0111\u00f2i h\u1ecfi hi\u1ec7u su\u1ea5t v\u00e0 \u0111\u1ed9 tin c\u1eady cao.<\/p>\n<h2>\u1ee8ng d\u1ee5ng c\u1ee7a xi lanh lo\u1ea1i T h\u00e0n<\/h2>\n<ul>\n<li>\n<h3>M\u00e1y m\u00f3c v\u00e0 thi\u1ebft b\u1ecb c\u00f4ng nghi\u1ec7p<\/h3>\n<p>Xy lanh ch\u1eef T h\u00e0n \u0111\u01b0\u1ee3c s\u1eed d\u1ee5ng r\u1ed9ng r\u00e3i trong m\u00e1y m\u00f3c v\u00e0 thi\u1ebft b\u1ecb c\u00f4ng nghi\u1ec7p, \u0111\u1eb7c bi\u1ec7t l\u00e0 trong c\u00e1c h\u1ec7 th\u1ed1ng th\u1ee7y l\u1ef1c. Xy lanh bao g\u1ed3m piston v\u00e0 \u1ed1ng xy lanh, \u0111\u01b0\u1ee3c h\u00e0n l\u1ea1i v\u1edbi nhau th\u00e0nh m\u1ed9t kh\u1ed1i th\u1ed1ng nh\u1ea5t. Thi\u1ebft k\u1ebf n\u00e0y mang l\u1ea1i nhi\u1ec1u \u01b0u \u0111i\u1ec3m so v\u1edbi c\u00e1c lo\u1ea1i xy lanh kh\u00e1c, ch\u1eb3ng h\u1ea1n nh\u01b0 \u0111\u1ed9 b\u1ec1n \u0111\u01b0\u1ee3c c\u1ea3i thi\u1ec7n, \u0111\u1ed9 b\u1ec1n cao h\u01a1n v\u00e0 \u0111\u1ed9 ch\u00ednh x\u00e1c cao h\u01a1n.<\/p>\n<p>M\u1ed9t trong nh\u1eefng \u1ee9ng d\u1ee5ng quan tr\u1ecdng nh\u1ea5t c\u1ee7a xy lanh ch\u1eef T h\u00e0n trong m\u00e1y m\u00f3c c\u00f4ng nghi\u1ec7p l\u00e0 kh\u1ea3 n\u0103ng cung c\u1ea5p l\u1ef1c \u0111\u1ed3ng \u0111\u1ec1u v\u00e0 ch\u00ednh x\u00e1c. \u0110i\u1ec1u n\u00e0y r\u1ea5t c\u1ea7n thi\u1ebft cho nhi\u1ec1u quy tr\u00ecnh s\u1ea3n xu\u1ea5t, n\u01a1i y\u00eau c\u1ea7u ki\u1ec3m so\u00e1t ch\u00ednh x\u00e1c \u0111\u1ec3 \u0111\u1ea3m b\u1ea3o ch\u1ea5t l\u01b0\u1ee3ng s\u1ea3n ph\u1ea9m cu\u1ed1i c\u00f9ng. Xy lanh ch\u1eef T h\u00e0n c\u0169ng c\u00f3 th\u1ec3 \u0111\u01b0\u1ee3c s\u1eed d\u1ee5ng \u0111\u1ec3 \u0111i\u1ec1u ch\u1ec9nh l\u01b0u l\u01b0\u1ee3ng ch\u1ea5t l\u1ecfng trong h\u1ec7 th\u1ed1ng th\u1ee7y l\u1ef1c, cho ph\u00e9p t\u0103ng hi\u1ec7u su\u1ea5t v\u00e0 \u0111\u1ed9 tin c\u1eady trong nhi\u1ec1u \u1ee9ng d\u1ee5ng c\u00f4ng nghi\u1ec7p.<\/li>\n<li>\n<h3>Thi\u1ebft b\u1ecb n\u00f4ng nghi\u1ec7p<\/h3>\n<p>Xi lanh ch\u1eef T h\u00e0n c\u0169ng th\u01b0\u1eddng \u0111\u01b0\u1ee3c s\u1eed d\u1ee5ng trong c\u00e1c thi\u1ebft b\u1ecb n\u00f4ng nghi\u1ec7p, ch\u1eb3ng h\u1ea1n nh\u01b0 m\u00e1y k\u00e9o v\u00e0 m\u00e1y g\u1eb7t. Nh\u1eefng m\u00e1y m\u00f3c n\u00e0y \u0111\u00f2i h\u1ecfi h\u1ec7 th\u1ed1ng th\u1ee7y l\u1ef1c m\u1ea1nh m\u1ebd v\u00e0 \u0111\u00e1ng tin c\u1eady \u0111\u1ec3 v\u1eadn h\u00e0nh hi\u1ec7u qu\u1ea3, v\u00e0 xi lanh ch\u1eef T h\u00e0n l\u00e0 l\u1ef1a ch\u1ecdn l\u00fd t\u01b0\u1edfng cho m\u1ee5c \u0111\u00edch n\u00e0y.<\/p>\n<p>C\u1ea5u tr\u00fac ch\u1eafc ch\u1eafn v\u00e0 \u0111\u1ed9 b\u1ec1n cao c\u1ee7a xi lanh gi\u00fap n\u00f3 c\u00f3 kh\u1ea3 n\u0103ng ch\u1ed1ng m\u00e0i m\u00f2n cao, ngay c\u1ea3 trong \u0111i\u1ec1u ki\u1ec7n v\u1eadn h\u00e0nh kh\u1eafc nghi\u1ec7t. \u0110i\u1ec1u n\u00e0y l\u00e0m cho n\u00f3 tr\u1edf th\u00e0nh l\u1ef1a ch\u1ecdn l\u00fd t\u01b0\u1edfng \u0111\u1ec3 s\u1eed d\u1ee5ng trong thi\u1ebft b\u1ecb n\u00f4ng nghi\u1ec7p, n\u01a1i \u0111\u1ed9 b\u1ec1n l\u00e0 y\u1ebfu t\u1ed1 quan tr\u1ecdng h\u00e0ng \u0111\u1ea7u. Xi lanh ch\u1eef T h\u00e0n c\u0169ng c\u00f3 th\u1ec3 \u0111\u01b0\u1ee3c s\u1eed d\u1ee5ng \u0111\u1ec3 cung c\u1ea5p kh\u1ea3 n\u0103ng ki\u1ec3m so\u00e1t ch\u00ednh x\u00e1c c\u1ea7n thi\u1ebft cho nhi\u1ec1u quy tr\u00ecnh n\u00f4ng nghi\u1ec7p, ch\u1eb3ng h\u1ea1n nh\u01b0 tr\u1ed3ng tr\u1ecdt, thu ho\u1ea1ch v\u00e0 t\u01b0\u1edbi ti\u00eau.<\/li>\n<li>\n<h3>Thi\u1ebft b\u1ecb x\u00e2y d\u1ef1ng<\/h3>\n<p>Xi lanh ch\u1eef T h\u00e0n c\u0169ng \u0111\u01b0\u1ee3c s\u1eed d\u1ee5ng r\u1ed9ng r\u00e3i trong c\u00e1c thi\u1ebft b\u1ecb x\u00e2y d\u1ef1ng nh\u01b0 m\u00e1y \u0111\u00e0o, m\u00e1y x\u00fac l\u1eadt v\u00e0 m\u00e1y \u1ee7i. Nh\u1eefng m\u00e1y m\u00f3c n\u00e0y \u0111\u00f2i h\u1ecfi h\u1ec7 th\u1ed1ng th\u1ee7y l\u1ef1c m\u1ea1nh m\u1ebd v\u00e0 \u0111\u00e1ng tin c\u1eady \u0111\u1ec3 th\u1ef1c hi\u1ec7n c\u00e1c nhi\u1ec7m v\u1ee5 n\u1eb7ng nh\u1ecdc nh\u01b0 \u0111\u00e0o, n\u00e2ng v\u00e0 \u0111\u1ea9y v\u1eadt n\u1eb7ng.<\/p>\n<p>Xi lanh ch\u1eef T h\u00e0n c\u00f3 \u0111\u1ed9 b\u1ec1n v\u00e0 \u0111\u1ed9 ch\u1eafc ch\u1eafn cao, l\u00e0 l\u1ef1a ch\u1ecdn l\u00fd t\u01b0\u1edfng cho c\u00e1c thi\u1ebft b\u1ecb x\u00e2y d\u1ef1ng. Kh\u1ea3 n\u0103ng ki\u1ec3m so\u00e1t ch\u00ednh x\u00e1c v\u00e0 l\u1ef1c \u1ed5n \u0111\u1ecbnh c\u1ee7a xi lanh l\u00e0 y\u1ebfu t\u1ed1 thi\u1ebft y\u1ebfu cho nhi\u1ec1u quy tr\u00ecnh x\u00e2y d\u1ef1ng, ch\u1eb3ng h\u1ea1n nh\u01b0 \u0111\u00e0o \u0111\u1ea5t, san l\u1ea5p m\u1eb7t b\u1eb1ng v\u00e0 tr\u1ea3i nh\u1ef1a. Xi lanh ch\u1eef T h\u00e0n c\u0169ng c\u00f3 th\u1ec3 \u0111\u01b0\u1ee3c s\u1eed d\u1ee5ng \u0111\u1ec3 \u0111i\u1ec1u ch\u1ec9nh l\u01b0u l\u01b0\u1ee3ng ch\u1ea5t l\u1ecfng trong h\u1ec7 th\u1ed1ng th\u1ee7y l\u1ef1c, c\u1ea3i thi\u1ec7n hi\u1ec7u su\u1ea5t v\u00e0 \u0111\u1ed9 tin c\u1eady c\u1ee7a thi\u1ebft b\u1ecb x\u00e2y d\u1ef1ng trong nhi\u1ec1u \u1ee9ng d\u1ee5ng kh\u00e1c nhau.<\/li>\n<\/ul>\n<h3>Gi\u1edbi thi\u1ec7u v\u1ec1 FMP<\/h3>\n<p>FMP l\u00e0 nh\u00e0 s\u1ea3n xu\u1ea5t v\u00e0 cung c\u1ea5p xi lanh th\u1ee7y l\u1ef1c h\u00e0ng \u0111\u1ea7u v\u1edbi h\u01a1n 30 n\u0103m kinh nghi\u1ec7m trong ng\u00e0nh. T\u1ecda l\u1ea1c t\u1ea1i \u00dd, khu c\u00f4ng nghi\u1ec7p hi\u1ec7n \u0111\u1ea1i c\u1ee7a ch\u00fang t\u00f4i s\u1edf h\u1eefu h\u01a1n 100 thi\u1ebft b\u1ecb h\u00e0ng \u0111\u1ea7u, bao g\u1ed3m m\u00e1y h\u00e0n kh\u00ed t\u1ef1 \u0111\u1ed9ng, m\u00e1y khoan l\u1ed7 s\u00e2u, m\u00e1y ti\u1ec7n CNC, m\u00e1y m\u00e0i tr\u1ee5, m\u00e1y v\u1ec7 sinh t\u1ef1 \u0111\u1ed9ng, m\u00e1y l\u1eafp \u0111\u1eb7t t\u1ef1 \u0111\u1ed9ng, b\u00e0n th\u1eed nghi\u1ec7m hi\u1ec7u su\u1ea5t xi lanh th\u1ee7y l\u1ef1c t\u1ef1 \u0111\u1ed9ng v\u00e0 d\u00e2y chuy\u1ec1n s\u01a1n t\u1ef1 \u0111\u1ed9ng.<\/p>\n<p>Xi lanh th\u1ee7y l\u1ef1c c\u1ee7a ch\u00fang t\u00f4i \u0111\u01b0\u1ee3c gia c\u00f4ng v\u00e0 ki\u1ec3m tra t\u1ec9 m\u1ec9 \u0111\u1ec3 \u0111\u1ea3m b\u1ea3o ch\u1ea5t l\u01b0\u1ee3ng v\u01b0\u1ee3t tr\u1ed9i cho kh\u00e1ch h\u00e0ng. Ch\u00fang t\u00f4i cung c\u1ea5p \u0111a d\u1ea1ng c\u00e1c s\u1ea3n ph\u1ea9m, bao g\u1ed3m Xi lanh th\u1ee7y l\u1ef1c d\u1ea1ng \u1ed1ng n\u1ed1i, Xi lanh th\u1ee7y l\u1ef1c d\u1ea1ng \u1ed1ng l\u1ed3ng t\u1ef1 \u0111\u1ed9ng hai chi\u1ec1u, v.v. D\u01b0\u1edbi \u0111\u00e2y l\u00e0 n\u0103m \u01b0u \u0111i\u1ec3m ch\u00ednh t\u1ea1o n\u00ean s\u1ef1 kh\u00e1c bi\u1ec7t c\u1ee7a ch\u00fang t\u00f4i:<\/p>\n<p>1) D\u1ecbch v\u1ee5 Thi\u1ebft k\u1ebf: \u0110\u1ed9i ng\u0169 thi\u1ebft k\u1ebf gi\u00e0u kinh nghi\u1ec7m c\u1ee7a ch\u00fang t\u00f4i chuy\u00ean s\u00e2u trong thi\u1ebft k\u1ebf v\u00e0 ph\u00e1t tri\u1ec3n s\u1ea3n ph\u1ea9m tr\u1ee5c v\u1ea1n n\u0103ng. D\u00f9 b\u1ea1n c\u1ea7n s\u1ea3n ph\u1ea9m m\u1edbi hay c\u1ea3i ti\u1ebfn s\u1ea3n ph\u1ea9m hi\u1ec7n c\u00f3, ch\u00fang t\u00f4i lu\u00f4n s\u1eb5n s\u00e0ng h\u1ed7 tr\u1ee3 b\u1ea1n trong t\u1eebng b\u01b0\u1edbc.<\/p>\n<p>2) D\u1ecbch v\u1ee5 S\u1ea3n ph\u1ea9m: D\u1ecbch v\u1ee5 s\u1ea3n ph\u1ea9m to\u00e0n di\u1ec7n c\u1ee7a ch\u00fang t\u00f4i bao g\u1ed3m to\u00e0n b\u1ed9 quy tr\u00ecnh s\u1ea3n xu\u1ea5t, t\u1eeb nguy\u00ean li\u1ec7u th\u00f4 \u0111\u1ebfn c\u1eaft, gia c\u00f4ng th\u00f4, ki\u1ec3m tra, v\u1ec7 sinh, l\u1eafp r\u00e1p, \u0111\u00f3ng g\u00f3i v\u00e0 v\u1eadn chuy\u1ec3n. V\u1edbi s\u1ef1 t\u1ec9 m\u1ec9 \u0111\u1ebfn t\u1eebng chi ti\u1ebft, b\u1ea1n c\u00f3 th\u1ec3 tin t\u01b0\u1edfng r\u1eb1ng s\u1ea3n ph\u1ea9m c\u1ee7a ch\u00fang t\u00f4i \u0111\u00e1p \u1ee9ng c\u00e1c ti\u00eau chu\u1ea9n ch\u1ea5t l\u01b0\u1ee3ng cao nh\u1ea5t.<\/p>\n<p>3) Quy tr\u00ecnh l\u1ea5y m\u1eabu: Ch\u00fang t\u00f4i hi\u1ec3u t\u1ea7m quan tr\u1ecdng c\u1ee7a c\u00e1c gi\u1ea3i ph\u00e1p t\u00f9y ch\u1ec9nh. \u0110\u1ed9i ng\u0169 c\u1ee7a ch\u00fang t\u00f4i c\u00f3 th\u1ec3 ph\u00e1t tri\u1ec3n c\u00e1c m\u1eabu theo y\u00eau c\u1ea7u ri\u00eang c\u1ee7a b\u1ea1n v\u00e0 li\u00ean t\u1ee5c ch\u1ec9nh s\u1eeda cho \u0111\u1ebfn khi ch\u00fang \u0111\u00e1p \u1ee9ng ho\u00e0n h\u1ea3o nhu c\u1ea7u c\u1ee7a b\u1ea1n. S\u1ef1 h\u00e0i l\u00f2ng c\u1ee7a b\u1ea1n l\u00e0 \u01b0u ti\u00ean h\u00e0ng \u0111\u1ea7u c\u1ee7a ch\u00fang t\u00f4i.<\/p>\n<p>4) Nghi\u00ean c\u1ee9u v\u00e0 Ph\u00e1t tri\u1ec3n (R&amp;D): T\u1ea1i FMP, ch\u00fang t\u00f4i lu\u00f4n \u0111\u00f3n \u0111\u1ea7u xu h\u01b0\u1edbng th\u1ecb tr\u01b0\u1eddng v\u00e0 kh\u00f4ng ng\u1eebng n\u1ed7 l\u1ef1c \u0111\u1ed5i m\u1edbi. Khi nhu c\u1ea7u th\u1ecb tr\u01b0\u1eddng m\u1edbi xu\u1ea5t hi\u1ec7n, ch\u00fang t\u00f4i ch\u1ee7 \u0111\u1ed9ng nghi\u00ean c\u1ee9u v\u00e0 ph\u00e1t tri\u1ec3n c\u00e1c m\u00f4 h\u00ecnh m\u1edbi \u0111\u1ec3 \u0111\u1ea3m b\u1ea3o s\u1ea3n ph\u1ea9m lu\u00f4n d\u1eabn \u0111\u1ea7u ng\u00e0nh.<\/p>\n<p>5) T\u00f9y ch\u1ec9nh: Ch\u00fang t\u00f4i chuy\u00ean s\u1ea3n xu\u1ea5t v\u00e0 kinh doanh c\u00e1c lo\u1ea1i Xi lanh th\u1ee7y l\u1ef1c kh\u00e1c nhau, v\u00e0 ch\u00fang t\u00f4i hoan ngh\u00eanh c\u00e1c \u0111\u01a1n \u0111\u1eb7t h\u00e0ng t\u00f9y ch\u1ec9nh. \u0110\u1ed9i ng\u0169 c\u1ee7a ch\u00fang t\u00f4i t\u1eadn t\u00e2m \u0111i\u1ec1u ch\u1ec9nh s\u1ea3n ph\u1ea9m theo nhu c\u1ea7u c\u1ee5 th\u1ec3 c\u1ee7a b\u1ea1n, cung c\u1ea5p cho b\u1ea1n c\u00e1c gi\u1ea3i ph\u00e1p \u0111\u00e1ng tin c\u1eady v\u00e0 b\u1ec1n b\u1ec9.<\/p>\n<p>H\u1ee3p t\u00e1c v\u1edbi FMP \u0111\u1ed3ng ngh\u0129a v\u1edbi vi\u1ec7c l\u1ef1a ch\u1ecdn m\u1ed9t nh\u00e0 cung c\u1ea5p \u0111\u00e1ng tin c\u1eady, \u01b0u ti\u00ean ch\u1ea5t l\u01b0\u1ee3ng, \u0111\u1ed5i m\u1edbi v\u00e0 s\u1ef1 h\u00e0i l\u00f2ng c\u1ee7a kh\u00e1ch h\u00e0ng. Ch\u00fang t\u00f4i tr\u00e2n tr\u1ecdng m\u1eddi b\u1ea1n kh\u00e1m ph\u00e1 d\u00f2ng s\u1ea3n ph\u1ea9m Xi lanh th\u1ee7y l\u1ef1c c\u1ee7a ch\u00fang t\u00f4i v\u00e0 tr\u1ea3i nghi\u1ec7m s\u1ef1 kh\u00e1c bi\u1ec7t m\u00e0 s\u1ea3n ph\u1ea9m v\u00e0 d\u1ecbch v\u1ee5 c\u1ee7a ch\u00fang t\u00f4i c\u00f3 th\u1ec3 mang l\u1ea1i cho doanh nghi\u1ec7p c\u1ee7a b\u1ea1n.<\/p>\n<p><img decoding=\"async\" src=\"https:\/\/fmp-components.com\/wp-content\/uploads\/2024\/12\/fmp-factory-4.webp\" alt=\"Nh\u00e0 m\u00e1y FMP\" width=\"800\" title=\"\"><br \/>\nT\u00e1c gi\u1ea3: CX<\/p>","protected":false},"excerpt":{"rendered":"<p>The 10029 Customized Mini Welded Hydraulic Cylinders are specifically designed for agricultural machinery, providing a compact and powerful solution for various farming applications. These hydraulic cylinders offer exceptional performance and durability, making them ideal for use in tight spaces and demanding environments. Key Features: Customized Design: Tailored to meet specific requirements, ensuring compatibility with a [&hellip;]<\/p>","protected":false},"featured_media":1133,"comment_status":"closed","ping_status":"closed","template":"","meta":{"_et_pb_use_builder":"","_et_pb_old_content":"","_et_gb_content_width":""},"product_brand":[],"product_cat":[31],"product_tag":[34,35],"class_list":{"0":"post-949","1":"product","2":"type-product","3":"status-publish","4":"has-post-thumbnail","6":"product_cat-welded-tee-type-cylinder","7":"product_tag-hydraulic-cylinder","8":"product_tag-welded-tee-type-cylinder","10":"first","11":"instock","12":"product-type-simple"},"_links":{"self":[{"href":"https:\/\/fmp-components.com\/vi\/wp-json\/wp\/v2\/product\/949","targetHints":{"allow":["GET"]}}],"collection":[{"href":"https:\/\/fmp-components.com\/vi\/wp-json\/wp\/v2\/product"}],"about":[{"href":"https:\/\/fmp-components.com\/vi\/wp-json\/wp\/v2\/types\/product"}],"replies":[{"embeddable":true,"href":"https:\/\/fmp-components.com\/vi\/wp-json\/wp\/v2\/comments?post=949"}],"wp:featuredmedia":[{"embeddable":true,"href":"https:\/\/fmp-components.com\/vi\/wp-json\/wp\/v2\/media\/1133"}],"wp:attachment":[{"href":"https:\/\/fmp-components.com\/vi\/wp-json\/wp\/v2\/media?parent=949"}],"wp:term":[{"taxonomy":"product_brand","embeddable":true,"href":"https:\/\/fmp-components.com\/vi\/wp-json\/wp\/v2\/product_brand?post=949"},{"taxonomy":"product_cat","embeddable":true,"href":"https:\/\/fmp-components.com\/vi\/wp-json\/wp\/v2\/product_cat?post=949"},{"taxonomy":"product_tag","embeddable":true,"href":"https:\/\/fmp-components.com\/vi\/wp-json\/wp\/v2\/product_tag?post=949"}],"curies":[{"name":"wp","href":"https:\/\/api.w.org\/{rel}","templated":true}]}}