{"id":944,"date":"2024-12-19T03:39:43","date_gmt":"2024-12-19T03:39:43","guid":{"rendered":"https:\/\/fmp-components.com\/product\/high-quality-welded-hydraulic-piston-cylinder-for-agriculture\/"},"modified":"2024-12-19T08:57:21","modified_gmt":"2024-12-19T08:57:21","slug":"high-quality-welded-hydraulic-piston-cylinder-for-agriculture","status":"publish","type":"product","link":"https:\/\/fmp-components.com\/vi\/product\/high-quality-welded-hydraulic-piston-cylinder-for-agriculture\/","title":{"rendered":"Xi lanh piston th\u1ee7y l\u1ef1c h\u00e0n ch\u1ea5t l\u01b0\u1ee3ng cao cho n\u00f4ng nghi\u1ec7p"},"content":{"rendered":"<p>Xi lanh th\u1ee7y l\u1ef1c h\u00e0n ch\u1ea5t l\u01b0\u1ee3ng cao \u0111\u01b0\u1ee3c thi\u1ebft k\u1ebf \u0111\u1eb7c bi\u1ec7t cho c\u00e1c \u1ee9ng d\u1ee5ng n\u00f4ng nghi\u1ec7p, mang l\u1ea1i hi\u1ec7u su\u1ea5t m\u1ea1nh m\u1ebd v\u00e0 \u0111\u00e1ng tin c\u1eady trong m\u00f4i tr\u01b0\u1eddng kh\u1eafc nghi\u1ec7t. Xi lanh n\u00e0y k\u1ebft h\u1ee3p k\u1ef9 thu\u1eadt ti\u00ean ti\u1ebfn v\u1edbi v\u1eadt li\u1ec7u ch\u1ea5t l\u01b0\u1ee3ng cao, \u0111\u1ea3m b\u1ea3o ch\u1ee9c n\u0103ng v\u00e0 \u0111\u1ed9 b\u1ec1n t\u1ed1i \u01b0u cho nhi\u1ec1u nhi\u1ec7m v\u1ee5 n\u00f4ng nghi\u1ec7p kh\u00e1c nhau.<\/p>\n<p><img decoding=\"async\" class=\"aligncenter\" src=\"https:\/\/hzpt.com\/wp-content\/uploads\/2023\/12\/random-3.webp\" alt=\"\" title=\"\"><\/p>\n<h4>C\u00e1c t\u00ednh n\u0103ng ch\u00ednh:<\/h4>\n<ul>\n<li><strong>K\u1ebft c\u1ea5u h\u00e0n<\/strong>: \u0110\u01b0\u1ee3c thi\u1ebft k\u1ebf v\u1edbi c\u00e1c m\u1ed1i h\u00e0n c\u00f3 \u0111\u1ed9 b\u1ec1n cao \u0111\u1ec3 t\u0103ng c\u01b0\u1eddng t\u00ednh to\u00e0n v\u1eb9n c\u1ee7a c\u1ea5u tr\u00fac v\u00e0 ng\u0103n ng\u1eeba r\u00f2 r\u1ec9, l\u00fd t\u01b0\u1edfng cho m\u1ee5c \u0111\u00edch s\u1eed d\u1ee5ng n\u00f4ng nghi\u1ec7p n\u1eb7ng.<\/li>\n<li><strong>Ho\u1ea1t \u0111\u1ed9ng hi\u1ec7u qu\u1ea3<\/strong>: \u0110\u01b0\u1ee3c thi\u1ebft k\u1ebf \u0111\u1ec3 c\u00f3 ch\u1ee9c n\u0103ng t\u00e1c \u0111\u1ed9ng k\u00e9p, cho ph\u00e9p ho\u1ea1t \u0111\u1ed9ng tr\u01a1n tru trong c\u1ea3 qu\u00e1 tr\u00ecnh k\u00e9o d\u00e0i v\u00e0 thu l\u1ea1i \u0111\u1ec3 ki\u1ec3m so\u00e1t ch\u00ednh x\u00e1c.<\/li>\n<li><strong>Kh\u1ea3 n\u0103ng ch\u1ed1ng \u0103n m\u00f2n<\/strong>: \u0110\u01b0\u1ee3c ph\u1ee7 l\u1edbp b\u1ea3o v\u1ec7 ch\u1ed1ng g\u1ec9 v\u00e0 \u0103n m\u00f2n, \u0111\u1ea3m b\u1ea3o \u0111\u1ed9 b\u1ec1n v\u00e0 hi\u1ec7u su\u1ea5t \u0111\u00e1ng tin c\u1eady trong \u0111i\u1ec1u ki\u1ec7n ngo\u00e0i tr\u1eddi.<\/li>\n<li><strong>\u1ee8ng d\u1ee5ng \u0111a n\u0103ng<\/strong>: Th\u00edch h\u1ee3p cho nhi\u1ec1u lo\u1ea1i thi\u1ebft b\u1ecb n\u00f4ng nghi\u1ec7p, bao g\u1ed3m m\u00e1y k\u00e9o, m\u00e1y c\u00e0y v\u00e0 m\u00e1y g\u1eb7t, gi\u00fap s\u1ea3n ph\u1ea9m tr\u1edf th\u00e0nh gi\u1ea3i ph\u00e1p \u0111a n\u0103ng cho n\u00f4ng d\u00e2n.<\/li>\n<li><strong>C\u00e0i \u0111\u1eb7t d\u1ec5 d\u00e0ng<\/strong>: \u0110\u01b0\u1ee3c thi\u1ebft k\u1ebf \u0111\u1ec3 t\u00edch h\u1ee3p li\u1ec1n m\u1ea1ch v\u00e0o m\u00e1y m\u00f3c hi\u1ec7n c\u00f3, gi\u1ea3m thi\u1ec3u th\u1eddi gian ch\u1ebft m\u00e1y v\u00e0 n\u00e2ng cao hi\u1ec7u qu\u1ea3 ho\u1ea1t \u0111\u1ed9ng.<\/li>\n<\/ul>\n<h4>Nh\u1eefng l\u1ee3i \u00edch:<\/h4>\n<ul>\n<li><strong>T\u0103ng hi\u1ec7u qu\u1ea3<\/strong>: T\u1ed1i \u01b0u h\u00f3a hi\u1ec7u su\u1ea5t c\u1ee7a m\u00e1y m\u00f3c n\u00f4ng nghi\u1ec7p, t\u1ea1o \u0111i\u1ec1u ki\u1ec7n cho c\u00e1c ho\u1ea1t \u0111\u1ed9ng n\u00e2ng, \u0111\u1ea9y v\u00e0 k\u00e9o hi\u1ec7u qu\u1ea3.<\/li>\n<li><strong>\u0110\u1ed9 b\u1ec1n<\/strong>: \u0110\u01b0\u1ee3c ch\u1ebf t\u1ea1o \u0111\u1ec3 ch\u1ecbu \u0111\u01b0\u1ee3c \u0111i\u1ec1u ki\u1ec7n n\u00f4ng nghi\u1ec7p kh\u1eafc nghi\u1ec7t, gi\u1ea3m nhu c\u1ea7u b\u1ea3o tr\u00ec v\u00e0 k\u00e9o d\u00e0i tu\u1ed5i th\u1ecd.<\/li>\n<li><strong>Hi\u1ec7u su\u1ea5t ti\u1ebft ki\u1ec7m chi ph\u00ed<\/strong>: Cung c\u1ea5p \u0111\u1ed9 tin c\u1eady v\u00e0 hi\u1ec7u su\u1ea5t cao v\u1edbi m\u1ee9c gi\u00e1 c\u1ea1nh tranh, \u0111\u1ea3m b\u1ea3o gi\u00e1 tr\u1ecb \u0111\u1ea7u t\u01b0 tuy\u1ec7t v\u1eddi.<\/li>\n<\/ul>\n<p>Xi lanh th\u1ee7y l\u1ef1c h\u00e0n ch\u1ea5t l\u01b0\u1ee3ng cao l\u00e0 m\u1ed9t th\u00e0nh ph\u1ea7n thi\u1ebft y\u1ebfu cho c\u00e1c ho\u1ea1t \u0111\u1ed9ng n\u00f4ng nghi\u1ec7p hi\u1ec7n \u0111\u1ea1i, mang l\u1ea1i hi\u1ec7u su\u1ea5t \u0111\u00e1ng tin c\u1eady v\u00e0 \u0111\u1ed9 b\u1ec1n cao. C\u1ea5u tr\u00fac b\u1ec1n b\u1ec9 v\u00e0 thi\u1ebft k\u1ebf \u0111a n\u0103ng khi\u1ebfn n\u00f3 tr\u1edf th\u00e0nh m\u1ed9t b\u1ed5 sung v\u00f4 gi\u00e1 cho b\u1ea5t k\u1ef3 d\u00f2ng thi\u1ebft b\u1ecb n\u00f4ng nghi\u1ec7p n\u00e0o.<\/p>\n<p>Xi lanh piston th\u1ee7y l\u1ef1c c\u1ee7a FMP s\u1edf h\u1eefu nh\u1eefng t\u00ednh n\u0103ng \u0111\u1ed9c \u0111\u00e1o, v\u01b0\u1ee3t tr\u1ed9i so v\u1edbi c\u00e1c \u0111\u1ed1i th\u1ee7 c\u1ea1nh tranh. S\u1ea3n ph\u1ea9m ti\u1ebft ki\u1ec7m n\u0103ng l\u01b0\u1ee3ng, hi\u1ec7u qu\u1ea3 cao v\u00e0 an to\u00e0n. Nh\u1eefng \u0111\u1eb7c t\u00ednh n\u00e0y khi\u1ebfn n\u00f3 tr\u1edf th\u00e0nh m\u1ed9t b\u1ed5 sung gi\u00e1 tr\u1ecb cho b\u1ea5t k\u1ef3 ho\u1ea1t \u0111\u1ed9ng n\u00f4ng nghi\u1ec7p n\u00e0o.<\/p>\n<p><img decoding=\"async\" class=\"aligncenter\" src=\"https:\/\/hzpt.com\/wp-content\/uploads\/2023\/12\/random-5.webp\" alt=\"\" title=\"\"><\/p>\n<h2>\u01afu \u0111i\u1ec3m c\u1ee7a xi lanh lo\u1ea1i T h\u00e0n<\/h2>\n<ul>\n<li style=\"list-style-type: none;\">\n<ul>\n<li><strong>T\u0103ng c\u01b0\u1eddng s\u1ee9c m\u1ea1nh:<\/strong> Xi lanh ch\u1eef T h\u00e0n n\u1ed5i ti\u1ebfng v\u1edbi \u0111\u1ed9 b\u1ec1n cao, ph\u00f9 h\u1ee3p cho c\u00e1c \u1ee9ng d\u1ee5ng \u0111\u00f2i h\u1ecfi n\u00e2ng v\u1eadt n\u1eb7ng. Quy tr\u00ecnh h\u00e0n \u0111\u01b0\u1ee3c s\u1eed d\u1ee5ng trong qu\u00e1 tr\u00ecnh ch\u1ebf t\u1ea1o xi lanh \u0111\u1ea3m b\u1ea3o xi lanh kh\u00f4ng c\u00f3 \u0111i\u1ec3m y\u1ebfu v\u00e0 c\u00f3 th\u1ec3 ch\u1ecbu \u0111\u01b0\u1ee3c \u00e1p su\u1ea5t v\u00e0 \u1ee9ng su\u1ea5t cao.<\/li>\n<\/ul>\n<\/li>\n<\/ul>\n<p>Khi \u00e1p l\u1ef1c t\u00e1c \u0111\u1ed9ng l\u00ean xi lanh, \u00e1p l\u1ef1c \u0111\u01b0\u1ee3c ph\u00e2n b\u1ed5 \u0111\u1ec1u tr\u00ean to\u00e0n b\u1ed9 b\u1ec1 m\u1eb7t, gi\u00fap xi lanh ch\u1ed1ng bi\u1ebfn d\u1ea1ng. \u0110\u1eb7c \u0111i\u1ec3m n\u00e0y \u0111\u1ea3m b\u1ea3o xi lanh duy tr\u00ec h\u00ecnh d\u1ea1ng v\u00e0 t\u00ednh to\u00e0n v\u1eb9n v\u1ec1 c\u1ea5u tr\u00fac ngay c\u1ea3 trong \u0111i\u1ec1u ki\u1ec7n kh\u1eafc nghi\u1ec7t.<\/p>\n<ul>\n<li style=\"list-style-type: none;\">\n<ul>\n<li><strong>Ph\u00f2ng ng\u1eeba r\u00f2 r\u1ec9:<\/strong> Xi lanh ch\u1eef T h\u00e0n \u0111\u01b0\u1ee3c thi\u1ebft k\u1ebf \u0111\u1ec3 ng\u0103n ng\u1eeba r\u00f2 r\u1ec9. Quy tr\u00ecnh h\u00e0n \u0111\u01b0\u1ee3c s\u1eed d\u1ee5ng trong qu\u00e1 tr\u00ecnh ch\u1ebf t\u1ea1o \u0111\u1ea3m b\u1ea3o xi lanh \u0111\u01b0\u1ee3c b\u1ecbt k\u00edn ho\u00e0n to\u00e0n v\u00e0 kh\u00f4ng c\u00f3 b\u1ea5t k\u1ef3 r\u00f2 r\u1ec9 n\u00e0o. \u0110\u1eb7c \u0111i\u1ec3m n\u00e0y khi\u1ebfn ch\u00fang ph\u00f9 h\u1ee3p \u0111\u1ec3 s\u1eed d\u1ee5ng trong c\u00e1c \u1ee9ng d\u1ee5ng m\u00e0 r\u00f2 r\u1ec9 c\u00f3 th\u1ec3 g\u00e2y ra h\u01b0 h\u1ecfng ho\u1eb7c th\u01b0\u01a1ng t\u00edch nghi\u00eam tr\u1ecdng.<\/li>\n<\/ul>\n<\/li>\n<\/ul>\n<p>C\u00e1c m\u1ed1i h\u00e0n nh\u1eb5n, kh\u00f4ng c\u00f3 khe h\u1edf hay r\u00e3nh n\u00e0o \u0111\u1ec3 m\u1ea3nh v\u1ee5n ho\u1eb7c b\u1ee5i b\u1ea9n c\u00f3 th\u1ec3 t\u00edch t\u1ee5, gi\u00fap gi\u1ea3m nguy c\u01a1 \u0103n m\u00f2n v\u00e0 h\u01b0 h\u1ecfng xi lanh.<\/p>\n<ul>\n<li style=\"list-style-type: none;\">\n<ul>\n<li><strong>C\u00f3 th\u1ec3 t\u00f9y ch\u1ec9nh:<\/strong> Xi lanh h\u00e0n ch\u1eef T c\u00f3 th\u1ec3 \u0111\u01b0\u1ee3c t\u00f9y ch\u1ec9nh \u0111\u1ec3 ph\u00f9 h\u1ee3p v\u1edbi c\u00e1c \u1ee9ng d\u1ee5ng c\u1ee5 th\u1ec3. Xi lanh c\u00f3 nhi\u1ec1u k\u00edch c\u1ee1 v\u00e0 h\u00ecnh d\u1ea1ng kh\u00e1c nhau, v\u00e0 c\u00f3 th\u1ec3 \u0111\u01b0\u1ee3c ch\u1ebf t\u1ea1o \u0111\u1ec3 \u0111\u00e1p \u1ee9ng c\u00e1c y\u00eau c\u1ea7u c\u1ee5 th\u1ec3 c\u1ee7a \u1ee9ng d\u1ee5ng.<\/li>\n<\/ul>\n<\/li>\n<\/ul>\n<p>Qu\u00e1 tr\u00ecnh t\u00f9y ch\u1ec9nh cho ph\u00e9p t\u1ed1i \u01b0u h\u00f3a hi\u1ec7u su\u1ea5t c\u1ee7a xi lanh, \u0111\u1ea3m b\u1ea3o ph\u00f9 h\u1ee3p v\u1edbi \u1ee9ng d\u1ee5ng mong mu\u1ed1n. \u0110\u1eb7c \u0111i\u1ec3m n\u00e0y l\u00e0m cho xi lanh ch\u1eef T h\u00e0n tr\u1edf n\u00ean l\u00fd t\u01b0\u1edfng \u0111\u1ec3 s\u1eed d\u1ee5ng trong nhi\u1ec1u \u1ee9ng d\u1ee5ng c\u00f4ng nghi\u1ec7p kh\u00e1c nhau, bao g\u1ed3m x\u00e2y d\u1ef1ng, khai th\u00e1c m\u1ecf v\u00e0 v\u1eadn chuy\u1ec3n v\u1eadt li\u1ec7u.<\/p>\n<ul>\n<li style=\"list-style-type: none;\">\n<ul>\n<li><strong>Ti\u1ebft ki\u1ec7m chi ph\u00ed:<\/strong> Xi lanh ch\u1eef T h\u00e0n c\u00f3 chi ph\u00ed h\u1ee3p l\u00fd h\u01a1n so v\u1edbi c\u00e1c lo\u1ea1i xi lanh kh\u00e1c. Quy tr\u00ecnh ch\u1ebf t\u1ea1o lo\u1ea1i xi lanh n\u00e0y r\u1ea5t \u0111\u01a1n gi\u1ea3n, gi\u00fap gi\u1ea3m chi ph\u00ed so v\u1edbi c\u00e1c lo\u1ea1i xi lanh kh\u00e1c.<\/li>\n<\/ul>\n<\/li>\n<\/ul>\n<p>H\u01a1n n\u1eefa, \u0111\u1ed9 b\u1ec1n v\u00e0 \u0111\u1ed9 b\u1ec1n cao c\u1ee7a xi lanh ch\u1eef T h\u00e0n gi\u00fap gi\u1ea3m nhu c\u1ea7u s\u1eeda ch\u1eefa v\u00e0 thay th\u1ebf th\u01b0\u1eddng xuy\u00ean, ti\u1ebft ki\u1ec7m chi ph\u00ed b\u1ea3o tr\u00ec. \u0110\u1eb7c \u0111i\u1ec3m n\u00e0y khi\u1ebfn ch\u00fang tr\u1edf th\u00e0nh l\u1ef1a ch\u1ecdn ph\u1ed5 bi\u1ebfn cho nhi\u1ec1u ng\u00e0nh c\u00f4ng nghi\u1ec7p, \u0111\u1eb7c bi\u1ec7t l\u00e0 nh\u1eefng ng\u00e0nh c\u00f3 ng\u00e2n s\u00e1ch h\u1ea1n h\u1eb9p.<\/p>\n<ul>\n<li style=\"list-style-type: none;\">\n<ul>\n<li><strong>T\u0103ng hi\u1ec7u qu\u1ea3:<\/strong> Xi lanh h\u00e0n ch\u1eef T c\u00f3 hi\u1ec7u su\u1ea5t cao v\u00e0 hi\u1ec7u su\u1ea5t t\u1ed1t. Thi\u1ebft k\u1ebf c\u1ee7a xi lanh \u0111\u1ea3m b\u1ea3o l\u1ef1c t\u00e1c d\u1ee5ng \u0111\u01b0\u1ee3c truy\u1ec1n tr\u1ef1c ti\u1ebfp \u0111\u1ebfn t\u1ea3i, gi\u1ea3m t\u1ed5n th\u1ea5t n\u0103ng l\u01b0\u1ee3ng v\u00e0 t\u0103ng hi\u1ec7u su\u1ea5t.<\/li>\n<\/ul>\n<\/li>\n<\/ul>\n<p>C\u00e1c m\u1ed1i h\u00e0n ch\u1eafc ch\u1eafn v\u00e0 c\u1ee9ng c\u00e1p, gi\u1ea3m thi\u1ec3u \u0111\u1ed9 v\u00f5ng v\u00e0 \u0111\u1ea3m b\u1ea3o xi lanh duy tr\u00ec h\u00ecnh d\u1ea1ng v\u00e0 t\u00ednh to\u00e0n v\u1eb9n v\u1ec1 c\u1ea5u tr\u00fac ngay c\u1ea3 trong \u0111i\u1ec1u ki\u1ec7n kh\u1eafc nghi\u1ec7t. \u0110\u1eb7c \u0111i\u1ec3m n\u00e0y l\u00e0m cho xi lanh ch\u1eef T h\u00e0n l\u00fd t\u01b0\u1edfng \u0111\u1ec3 s\u1eed d\u1ee5ng trong c\u00e1c \u1ee9ng d\u1ee5ng \u0111\u00f2i h\u1ecfi hi\u1ec7u su\u1ea5t v\u00e0 \u0111\u1ed9 tin c\u1eady cao.<\/p>\n<h2>\u1ee8ng d\u1ee5ng c\u1ee7a xi lanh lo\u1ea1i T h\u00e0n<\/h2>\n<ul>\n<li>\n<h3>M\u00e1y m\u00f3c v\u00e0 thi\u1ebft b\u1ecb c\u00f4ng nghi\u1ec7p<\/h3>\n<p>Xy lanh ch\u1eef T h\u00e0n \u0111\u01b0\u1ee3c s\u1eed d\u1ee5ng r\u1ed9ng r\u00e3i trong m\u00e1y m\u00f3c v\u00e0 thi\u1ebft b\u1ecb c\u00f4ng nghi\u1ec7p, \u0111\u1eb7c bi\u1ec7t l\u00e0 trong c\u00e1c h\u1ec7 th\u1ed1ng th\u1ee7y l\u1ef1c. Xy lanh bao g\u1ed3m piston v\u00e0 \u1ed1ng xy lanh, \u0111\u01b0\u1ee3c h\u00e0n l\u1ea1i v\u1edbi nhau th\u00e0nh m\u1ed9t kh\u1ed1i th\u1ed1ng nh\u1ea5t. Thi\u1ebft k\u1ebf n\u00e0y mang l\u1ea1i nhi\u1ec1u \u01b0u \u0111i\u1ec3m so v\u1edbi c\u00e1c lo\u1ea1i xy lanh kh\u00e1c, ch\u1eb3ng h\u1ea1n nh\u01b0 \u0111\u1ed9 b\u1ec1n \u0111\u01b0\u1ee3c c\u1ea3i thi\u1ec7n, \u0111\u1ed9 b\u1ec1n cao h\u01a1n v\u00e0 \u0111\u1ed9 ch\u00ednh x\u00e1c cao h\u01a1n.<\/p>\n<p>M\u1ed9t trong nh\u1eefng \u1ee9ng d\u1ee5ng quan tr\u1ecdng nh\u1ea5t c\u1ee7a xy lanh ch\u1eef T h\u00e0n trong m\u00e1y m\u00f3c c\u00f4ng nghi\u1ec7p l\u00e0 kh\u1ea3 n\u0103ng cung c\u1ea5p l\u1ef1c \u0111\u1ed3ng \u0111\u1ec1u v\u00e0 ch\u00ednh x\u00e1c. \u0110i\u1ec1u n\u00e0y r\u1ea5t c\u1ea7n thi\u1ebft cho nhi\u1ec1u quy tr\u00ecnh s\u1ea3n xu\u1ea5t, n\u01a1i y\u00eau c\u1ea7u ki\u1ec3m so\u00e1t ch\u00ednh x\u00e1c \u0111\u1ec3 \u0111\u1ea3m b\u1ea3o ch\u1ea5t l\u01b0\u1ee3ng s\u1ea3n ph\u1ea9m cu\u1ed1i c\u00f9ng. Xy lanh ch\u1eef T h\u00e0n c\u0169ng c\u00f3 th\u1ec3 \u0111\u01b0\u1ee3c s\u1eed d\u1ee5ng \u0111\u1ec3 \u0111i\u1ec1u ch\u1ec9nh l\u01b0u l\u01b0\u1ee3ng ch\u1ea5t l\u1ecfng trong h\u1ec7 th\u1ed1ng th\u1ee7y l\u1ef1c, cho ph\u00e9p t\u0103ng hi\u1ec7u su\u1ea5t v\u00e0 \u0111\u1ed9 tin c\u1eady trong nhi\u1ec1u \u1ee9ng d\u1ee5ng c\u00f4ng nghi\u1ec7p.<\/li>\n<li>\n<h3>Thi\u1ebft b\u1ecb n\u00f4ng nghi\u1ec7p<\/h3>\n<p>Xi lanh ch\u1eef T h\u00e0n c\u0169ng th\u01b0\u1eddng \u0111\u01b0\u1ee3c s\u1eed d\u1ee5ng trong c\u00e1c thi\u1ebft b\u1ecb n\u00f4ng nghi\u1ec7p, ch\u1eb3ng h\u1ea1n nh\u01b0 m\u00e1y k\u00e9o v\u00e0 m\u00e1y g\u1eb7t. Nh\u1eefng m\u00e1y m\u00f3c n\u00e0y \u0111\u00f2i h\u1ecfi h\u1ec7 th\u1ed1ng th\u1ee7y l\u1ef1c m\u1ea1nh m\u1ebd v\u00e0 \u0111\u00e1ng tin c\u1eady \u0111\u1ec3 v\u1eadn h\u00e0nh hi\u1ec7u qu\u1ea3, v\u00e0 xi lanh ch\u1eef T h\u00e0n l\u00e0 l\u1ef1a ch\u1ecdn l\u00fd t\u01b0\u1edfng cho m\u1ee5c \u0111\u00edch n\u00e0y.<\/p>\n<p>C\u1ea5u tr\u00fac ch\u1eafc ch\u1eafn v\u00e0 \u0111\u1ed9 b\u1ec1n cao c\u1ee7a xi lanh gi\u00fap n\u00f3 c\u00f3 kh\u1ea3 n\u0103ng ch\u1ed1ng m\u00e0i m\u00f2n cao, ngay c\u1ea3 trong \u0111i\u1ec1u ki\u1ec7n v\u1eadn h\u00e0nh kh\u1eafc nghi\u1ec7t. \u0110i\u1ec1u n\u00e0y l\u00e0m cho n\u00f3 tr\u1edf th\u00e0nh l\u1ef1a ch\u1ecdn l\u00fd t\u01b0\u1edfng \u0111\u1ec3 s\u1eed d\u1ee5ng trong thi\u1ebft b\u1ecb n\u00f4ng nghi\u1ec7p, n\u01a1i \u0111\u1ed9 b\u1ec1n l\u00e0 y\u1ebfu t\u1ed1 quan tr\u1ecdng h\u00e0ng \u0111\u1ea7u. Xi lanh ch\u1eef T h\u00e0n c\u0169ng c\u00f3 th\u1ec3 \u0111\u01b0\u1ee3c s\u1eed d\u1ee5ng \u0111\u1ec3 cung c\u1ea5p kh\u1ea3 n\u0103ng ki\u1ec3m so\u00e1t ch\u00ednh x\u00e1c c\u1ea7n thi\u1ebft cho nhi\u1ec1u quy tr\u00ecnh n\u00f4ng nghi\u1ec7p, ch\u1eb3ng h\u1ea1n nh\u01b0 tr\u1ed3ng tr\u1ecdt, thu ho\u1ea1ch v\u00e0 t\u01b0\u1edbi ti\u00eau.<\/li>\n<li>\n<h3>Thi\u1ebft b\u1ecb x\u00e2y d\u1ef1ng<\/h3>\n<p>Xi lanh ch\u1eef T h\u00e0n c\u0169ng \u0111\u01b0\u1ee3c s\u1eed d\u1ee5ng r\u1ed9ng r\u00e3i trong c\u00e1c thi\u1ebft b\u1ecb x\u00e2y d\u1ef1ng nh\u01b0 m\u00e1y \u0111\u00e0o, m\u00e1y x\u00fac l\u1eadt v\u00e0 m\u00e1y \u1ee7i. Nh\u1eefng m\u00e1y m\u00f3c n\u00e0y \u0111\u00f2i h\u1ecfi h\u1ec7 th\u1ed1ng th\u1ee7y l\u1ef1c m\u1ea1nh m\u1ebd v\u00e0 \u0111\u00e1ng tin c\u1eady \u0111\u1ec3 th\u1ef1c hi\u1ec7n c\u00e1c nhi\u1ec7m v\u1ee5 n\u1eb7ng nh\u1ecdc nh\u01b0 \u0111\u00e0o, n\u00e2ng v\u00e0 \u0111\u1ea9y v\u1eadt n\u1eb7ng.<\/p>\n<p>Xi lanh ch\u1eef T h\u00e0n c\u00f3 \u0111\u1ed9 b\u1ec1n v\u00e0 \u0111\u1ed9 ch\u1eafc ch\u1eafn cao, l\u00e0 l\u1ef1a ch\u1ecdn l\u00fd t\u01b0\u1edfng cho c\u00e1c thi\u1ebft b\u1ecb x\u00e2y d\u1ef1ng. Kh\u1ea3 n\u0103ng ki\u1ec3m so\u00e1t ch\u00ednh x\u00e1c v\u00e0 l\u1ef1c \u1ed5n \u0111\u1ecbnh c\u1ee7a xi lanh l\u00e0 y\u1ebfu t\u1ed1 thi\u1ebft y\u1ebfu cho nhi\u1ec1u quy tr\u00ecnh x\u00e2y d\u1ef1ng, ch\u1eb3ng h\u1ea1n nh\u01b0 \u0111\u00e0o \u0111\u1ea5t, san l\u1ea5p m\u1eb7t b\u1eb1ng v\u00e0 tr\u1ea3i nh\u1ef1a. Xi lanh ch\u1eef T h\u00e0n c\u0169ng c\u00f3 th\u1ec3 \u0111\u01b0\u1ee3c s\u1eed d\u1ee5ng \u0111\u1ec3 \u0111i\u1ec1u ch\u1ec9nh l\u01b0u l\u01b0\u1ee3ng ch\u1ea5t l\u1ecfng trong h\u1ec7 th\u1ed1ng th\u1ee7y l\u1ef1c, c\u1ea3i thi\u1ec7n hi\u1ec7u su\u1ea5t v\u00e0 \u0111\u1ed9 tin c\u1eady c\u1ee7a thi\u1ebft b\u1ecb x\u00e2y d\u1ef1ng trong nhi\u1ec1u \u1ee9ng d\u1ee5ng kh\u00e1c nhau.<\/li>\n<\/ul>\n<h3>Gi\u1edbi thi\u1ec7u v\u1ec1 FMP<\/h3>\n<p>FMP l\u00e0 nh\u00e0 s\u1ea3n xu\u1ea5t v\u00e0 cung c\u1ea5p xi lanh th\u1ee7y l\u1ef1c h\u00e0ng \u0111\u1ea7u v\u1edbi h\u01a1n 30 n\u0103m kinh nghi\u1ec7m trong ng\u00e0nh. Ch\u00fang t\u00f4i c\u00f3 tr\u1ee5 s\u1edf t\u1ea1i \u00dd v\u00e0 khu c\u00f4ng nghi\u1ec7p hi\u1ec7n \u0111\u1ea1i v\u1edbi h\u01a1n 100 thi\u1ebft b\u1ecb ti\u00ean ti\u1ebfn. Danh m\u1ee5c thi\u1ebft b\u1ecb \u0111a d\u1ea1ng c\u1ee7a ch\u00fang t\u00f4i bao g\u1ed3m m\u00e1y h\u00e0n kh\u00ed t\u1ef1 \u0111\u1ed9ng, m\u00e1y khoan l\u1ed7 s\u00e2u, m\u00e1y ti\u1ec7n CNC, m\u00e1y m\u00e0i tr\u1ee5, m\u00e1y v\u1ec7 sinh t\u1ef1 \u0111\u1ed9ng, m\u00e1y l\u1eafp \u0111\u1eb7t t\u1ef1 \u0111\u1ed9ng, b\u00e0n th\u1eed nghi\u1ec7m hi\u1ec7u su\u1ea5t xi lanh th\u1ee7y l\u1ef1c t\u1ef1 \u0111\u1ed9ng v\u00e0 d\u00e2y chuy\u1ec1n s\u01a1n t\u1ef1 \u0111\u1ed9ng.<\/p>\n<p><img decoding=\"async\" src=\"https:\/\/fmp-components.com\/wp-content\/uploads\/2024\/12\/fmp-factory-4.webp\" alt=\"Nh\u00e0 m\u00e1y FMP\" width=\"800\" title=\"\"><\/p>\n<p>T\u1ea1i FMP, ch\u00fang t\u00f4i t\u1ef1 h\u00e0o cung c\u1ea5p cho kh\u00e1ch h\u00e0ng nh\u1eefng s\u1ea3n ph\u1ea9m xi lanh th\u1ee7y l\u1ef1c ch\u1ea5t l\u01b0\u1ee3ng cao. M\u1ed7i xi lanh th\u1ee7y l\u1ef1c \u0111\u1ec1u tr\u1ea3i qua quy tr\u00ecnh x\u1eed l\u00fd v\u00e0 ki\u1ec3m tra nghi\u00eam ng\u1eb7t \u0111\u1ec3 \u0111\u1ea3m b\u1ea3o ch\u1ea5t l\u01b0\u1ee3ng v\u01b0\u1ee3t tr\u1ed9i. Danh m\u1ee5c s\u1ea3n ph\u1ea9m c\u1ee7a ch\u00fang t\u00f4i bao g\u1ed3m:<\/p>\n<ol>\n<li style=\"list-style-type: none;\">\n<ol>\n<li>Xi lanh th\u1ee7y l\u1ef1c<\/li>\n<\/ol>\n<\/li>\n<\/ol>\n<p>Xi lanh th\u1ee7y l\u1ef1c c\u1ee7a ch\u00fang t\u00f4i \u0111\u01b0\u1ee3c thi\u1ebft k\u1ebf \u0111\u1ec3 \u0111\u00e1p \u1ee9ng nhi\u1ec1u nhu c\u1ea7u c\u00f4ng nghi\u1ec7p kh\u00e1c nhau. Ch\u00fang \u0111\u01b0\u1ee3c ch\u1ebf t\u1ea1o t\u1ec9 m\u1ec9 v\u00e0 th\u1eed nghi\u1ec7m \u0111\u1ec3 \u0111\u1ea1t hi\u1ec7u su\u1ea5t v\u00e0 \u0111\u1ed9 b\u1ec1n t\u1ed1i \u01b0u.<\/p>\n<ol>\n<li style=\"list-style-type: none;\">\n<ol>\n<li>Xi lanh th\u1ee7y l\u1ef1c b\u00f4ng tai xi lanh<\/li>\n<\/ol>\n<\/li>\n<\/ol>\n<p>\u1ed0ng tr\u1ee5 khuy\u00ean tai c\u1ee7a ch\u00fang t\u00f4i \u0111\u01b0\u1ee3c thi\u1ebft k\u1ebf \u0111\u1eb7c bi\u1ec7t \u0111\u1ec3 mang l\u1ea1i hi\u1ec7u su\u1ea5t hi\u1ec7u qu\u1ea3 v\u00e0 \u0111\u00e1ng tin c\u1eady trong nhi\u1ec1u \u1ee9ng d\u1ee5ng kh\u00e1c nhau. Ch\u00fang tr\u1ea3i qua qu\u00e1 tr\u00ecnh ki\u1ec3m tra nghi\u00eam ng\u1eb7t \u0111\u1ec3 \u0111\u1ea3m b\u1ea3o ch\u1ee9c n\u0103ng v\u00e0 \u0111\u1ed9 b\u1ec1n.<\/p>\n<ol>\n<li style=\"list-style-type: none;\">\n<ol>\n<li>Xi lanh th\u1ee7y l\u1ef1c t\u1ef1 \u0111\u1ed9ng hai chi\u1ec1u<\/li>\n<\/ol>\n<\/li>\n<\/ol>\n<p>V\u1edbi xi lanh th\u1ee7y l\u1ef1c t\u1ef1 \u0111\u1ed9ng hai chi\u1ec1u d\u1ea1ng \u1ed1ng l\u1ed3ng c\u1ee7a ch\u00fang t\u00f4i, b\u1ea1n c\u00f3 th\u1ec3 y\u00ean t\u00e2m v\u1ec1 kh\u1ea3 n\u0103ng v\u1eadn h\u00e0nh tr\u01a1n tru v\u00e0 ch\u00ednh x\u00e1c. Nh\u1eefng xi lanh n\u00e0y \u0111\u01b0\u1ee3c ch\u1ebf t\u1ea1o \u0111\u1ec3 ch\u1ecbu \u0111\u01b0\u1ee3c t\u1ea3i tr\u1ecdng l\u1edbn v\u00e0 mang l\u1ea1i kh\u1ea3 n\u0103ng ki\u1ec3m so\u00e1t tuy\u1ec7t v\u1eddi.<\/p>\n<ol>\n<li style=\"list-style-type: none;\">\n<ol>\n<li>D\u1ecbch v\u1ee5 thi\u1ebft k\u1ebf<\/li>\n<\/ol>\n<\/li>\n<\/ol>\n<p>\u0110\u1ed9i ng\u0169 thi\u1ebft k\u1ebf gi\u00e0u kinh nghi\u1ec7m c\u1ee7a ch\u00fang t\u00f4i lu\u00f4n s\u1eb5n s\u00e0ng h\u1ed7 tr\u1ee3 b\u1ea1n trong vi\u1ec7c thi\u1ebft k\u1ebf v\u00e0 ph\u00e1t tri\u1ec3n s\u1ea3n ph\u1ea9m. D\u00f9 b\u1ea1n c\u1ea7n s\u1ea3n ph\u1ea9m m\u1edbi hay c\u1ea3i ti\u1ebfn s\u1ea3n ph\u1ea9m hi\u1ec7n c\u00f3, ch\u00fang t\u00f4i lu\u00f4n s\u1eb5n s\u00e0ng h\u1ed7 tr\u1ee3 b\u1ea1n.<\/p>\n<ol>\n<li style=\"list-style-type: none;\">\n<ol>\n<li>D\u1ecbch v\u1ee5 s\u1ea3n ph\u1ea9m<\/li>\n<\/ol>\n<\/li>\n<\/ol>\n<p>T\u1eeb kh\u00e2u t\u00ecm ngu\u1ed3n nguy\u00ean li\u1ec7u th\u00f4 t\u1ed1t nh\u1ea5t \u0111\u1ebfn \u0111\u00f3ng g\u00f3i v\u00e0 v\u1eadn chuy\u1ec3n, ch\u00fang t\u00f4i \u0111\u1ea3m b\u1ea3o d\u1ecbch v\u1ee5 s\u1ea3n ph\u1ea9m li\u1ec1n m\u1ea1ch. M\u1ed7i b\u01b0\u1edbc, bao g\u1ed3m c\u1eaft, gia c\u00f4ng th\u00f4, ki\u1ec3m tra, l\u00e0m s\u1ea1ch v\u00e0 l\u1eafp r\u00e1p, \u0111\u1ec1u \u0111\u01b0\u1ee3c th\u1ef1c hi\u1ec7n c\u1ea9n th\u1eadn \u0111\u1ec3 mang \u0111\u1ebfn nh\u1eefng s\u1ea3n ph\u1ea9m ch\u1ea5t l\u01b0\u1ee3ng cao nh\u1ea5t.<\/p>\n<p>Ngo\u00e0i c\u00e1c s\u1ea3n ph\u1ea9m v\u00e0 d\u1ecbch v\u1ee5 n\u00e0y, ch\u00fang t\u00f4i c\u00f2n cung c\u1ea5p d\u1ecbch v\u1ee5 ph\u00e1t tri\u1ec3n m\u1eabu theo y\u00eau c\u1ea7u c\u1ee7a b\u1ea1n. \u0110\u1ed9i ng\u0169 t\u1eadn t\u00e2m c\u1ee7a ch\u00fang t\u00f4i c\u00f3 th\u1ec3 li\u00ean t\u1ee5c \u0111i\u1ec1u ch\u1ec9nh m\u1eabu \u0111\u1ec3 \u0111\u00e1p \u1ee9ng nhu c\u1ea7u c\u1ee5 th\u1ec3 c\u1ee7a b\u1ea1n. H\u01a1n n\u1eefa, ch\u00fang t\u00f4i lu\u00f4n \u0111i \u0111\u1ea7u trong xu h\u01b0\u1edbng th\u1ecb tr\u01b0\u1eddng v\u00e0 \u0111\u1ea7u t\u01b0 v\u00e0o nghi\u00ean c\u1ee9u v\u00e0 ph\u00e1t tri\u1ec3n. \u0110i\u1ec1u n\u00e0y cho ph\u00e9p ch\u00fang t\u00f4i nghi\u00ean c\u1ee9u nhu c\u1ea7u th\u1ecb tr\u01b0\u1eddng m\u1edbi v\u00e0 ph\u00e1t tri\u1ec3n c\u00e1c m\u1eabu xi lanh th\u1ee7y l\u1ef1c ti\u00ean ti\u1ebfn, \u0111\u00e1p \u1ee9ng nhu c\u1ea7u c\u1ee7a ng\u00e0nh c\u00f4ng nghi\u1ec7p \u00f4 t\u00f4 \u0111ang kh\u00f4ng ng\u1eebng ph\u00e1t tri\u1ec3n.<\/p>\n<p>H\u00e3y ch\u1ecdn FMP cho m\u1ecdi nhu c\u1ea7u v\u1ec1 xi lanh th\u1ee7y l\u1ef1c c\u1ee7a b\u1ea1n. Ch\u00fang t\u00f4i cam k\u1ebft cung c\u1ea5p s\u1ea3n ph\u1ea9m v\u01b0\u1ee3t tr\u1ed9i v\u00e0 d\u1ecbch v\u1ee5 kh\u00e1ch h\u00e0ng tuy\u1ec7t v\u1eddi. H\u00e3y li\u00ean h\u1ec7 v\u1edbi ch\u00fang t\u00f4i ngay h\u00f4m nay \u0111\u1ec3 th\u1ea3o lu\u1eadn v\u1ec1 nhu c\u1ea7u c\u1ee7a b\u1ea1n v\u00e0 \u0111\u1ec3 ch\u00fang t\u00f4i tr\u1edf th\u00e0nh \u0111\u1ed1i t\u00e1c \u0111\u00e1ng tin c\u1eady c\u1ee7a b\u1ea1n.<\/p>\n<p>&nbsp;<\/p>\n<h2>C\u00e2u h\u1ecfi th\u01b0\u1eddng g\u1eb7p<\/h2>\n<h3>C\u00e2u 1: Kh\u1ea3 n\u0103ng ch\u1ecbu t\u1ea3i c\u1ee7a xi lanh piston th\u1ee7y l\u1ef1c l\u00e0 bao nhi\u00eau?<\/h3>\n<p>A: Kh\u1ea3 n\u0103ng ch\u1ecbu t\u1ea3i \u0111\u01b0\u1ee3c n\u00eau chi ti\u1ebft trong b\u1ea3ng th\u00f4ng s\u1ed1 k\u1ef9 thu\u1eadt s\u1ea3n ph\u1ea9m \u1edf tr\u00ean.<\/p>\n<h3>C\u00e2u 2: Xy lanh piston th\u1ee7y l\u1ef1c ho\u1ea1t \u0111\u1ed9ng nh\u01b0 th\u1ebf n\u00e0o?<\/h3>\n<p>A: Xy lanh piston th\u1ee7y l\u1ef1c ho\u1ea1t \u0111\u1ed9ng theo nguy\u00ean l\u00fd l\u1ef1c ch\u1ea5t l\u1ecfng, trong \u0111\u00f3 ch\u1ea5t l\u1ecfng th\u1ee7y l\u1ef1c ch\u1ecbu \u00e1p su\u1ea5t \u0111\u01b0\u1ee3c s\u1eed d\u1ee5ng \u0111\u1ec3 t\u1ea1o ra l\u1ef1c v\u00e0 chuy\u1ec3n \u0111\u1ed9ng.<\/p>\n<h3>C\u00e2u h\u1ecfi 3: L\u00e0m sao t\u00f4i bi\u1ebft khi n\u00e0o c\u1ea7n thay d\u1ea7u th\u1ee7y l\u1ef1c v\u00e0 ph\u1edbt?<\/h3>\n<p>A: FMP cung c\u1ea5p h\u01b0\u1edbng d\u1eabn chi ti\u1ebft v\u1ec1 th\u1eddi \u0111i\u1ec3m v\u00e0 c\u00e1ch thay d\u1ea7u th\u1ee7y l\u1ef1c v\u00e0 ph\u1edbt.<\/p>\n<h3>C\u00e2u h\u1ecfi 4: T\u00f4i c\u00f3 th\u1ec3 t\u00f9y ch\u1ec9nh xi lanh piston th\u1ee7y l\u1ef1c c\u1ee7a m\u00ecnh kh\u00f4ng?<\/h3>\n<p>A: C\u00f3, FMP hoan ngh\u00eanh vi\u1ec7c t\u00f9y ch\u1ec9nh d\u1ef1a tr\u00ean b\u1ea3n v\u1ebd ho\u1eb7c m\u1eabu do kh\u00e1ch h\u00e0ng cung c\u1ea5p.<\/p>\n<h3>C\u00e2u h\u1ecfi 5: T\u00f4i c\u00f3 th\u1ec3 mong \u0111\u1ee3i s\u1ef1 h\u1ed7 tr\u1ee3 n\u00e0o t\u1eeb FMP sau khi mua h\u00e0ng?<\/h3>\n<p>A: FMP cung c\u1ea5p h\u01b0\u1edbng d\u1eabn to\u00e0n di\u1ec7n v\u1ec1 l\u1eafp \u0111\u1eb7t, b\u1ea3o tr\u00ec v\u00e0 s\u1eeda ch\u1eefa, \u0111\u1ea3m b\u1ea3o xi lanh piston th\u1ee7y l\u1ef1c c\u1ee7a b\u1ea1n ho\u1ea1t \u0111\u1ed9ng t\u1ed1i \u01b0u.<\/p>\n<p>T\u00e1c gi\u1ea3: CX<\/p>","protected":false},"excerpt":{"rendered":"<p>The High Quality Welded Hydraulic Piston Cylinder is specifically designed for agricultural applications, providing robust and reliable performance in demanding environments. This cylinder combines advanced engineering with high-quality materials, ensuring optimal functionality and durability for various farming tasks. Key Features: Welded Construction: Engineered with high-strength welded joints to enhance structural integrity and prevent leaks, making [&hellip;]<\/p>","protected":false},"featured_media":1132,"comment_status":"closed","ping_status":"closed","template":"","meta":{"_et_pb_use_builder":"","_et_pb_old_content":"","_et_gb_content_width":""},"product_brand":[],"product_cat":[31],"product_tag":[34,35],"class_list":{"0":"post-944","1":"product","2":"type-product","3":"status-publish","4":"has-post-thumbnail","6":"product_cat-welded-tee-type-cylinder","7":"product_tag-hydraulic-cylinder","8":"product_tag-welded-tee-type-cylinder","10":"first","11":"instock","12":"product-type-simple"},"_links":{"self":[{"href":"https:\/\/fmp-components.com\/vi\/wp-json\/wp\/v2\/product\/944","targetHints":{"allow":["GET"]}}],"collection":[{"href":"https:\/\/fmp-components.com\/vi\/wp-json\/wp\/v2\/product"}],"about":[{"href":"https:\/\/fmp-components.com\/vi\/wp-json\/wp\/v2\/types\/product"}],"replies":[{"embeddable":true,"href":"https:\/\/fmp-components.com\/vi\/wp-json\/wp\/v2\/comments?post=944"}],"wp:featuredmedia":[{"embeddable":true,"href":"https:\/\/fmp-components.com\/vi\/wp-json\/wp\/v2\/media\/1132"}],"wp:attachment":[{"href":"https:\/\/fmp-components.com\/vi\/wp-json\/wp\/v2\/media?parent=944"}],"wp:term":[{"taxonomy":"product_brand","embeddable":true,"href":"https:\/\/fmp-components.com\/vi\/wp-json\/wp\/v2\/product_brand?post=944"},{"taxonomy":"product_cat","embeddable":true,"href":"https:\/\/fmp-components.com\/vi\/wp-json\/wp\/v2\/product_cat?post=944"},{"taxonomy":"product_tag","embeddable":true,"href":"https:\/\/fmp-components.com\/vi\/wp-json\/wp\/v2\/product_tag?post=944"}],"curies":[{"name":"wp","href":"https:\/\/api.w.org\/{rel}","templated":true}]}}