{"id":942,"date":"2024-12-19T03:39:43","date_gmt":"2024-12-19T03:39:43","guid":{"rendered":"https:\/\/fmp-components.com\/product\/10022-china-supplier-small-hydraulic-welded-cylinder-piston-hydraulic-cylinder\/"},"modified":"2024-12-26T08:57:51","modified_gmt":"2024-12-26T08:57:51","slug":"10022-italy-supplier-small-hydraulic-welded-cylinder-piston-hydraulic-cylinder","status":"publish","type":"product","link":"https:\/\/fmp-components.com\/vi\/product\/10022-italy-supplier-small-hydraulic-welded-cylinder-piston-hydraulic-cylinder\/","title":{"rendered":"10022 Nh\u00e0 cung c\u1ea5p \u00dd Xi lanh th\u1ee7y l\u1ef1c h\u00e0n nh\u1ecf Piston Xi lanh th\u1ee7y l\u1ef1c"},"content":{"rendered":"<p>Xi lanh th\u1ee7y l\u1ef1c piston h\u00e0n th\u1ee7y l\u1ef1c nh\u1ecf 10022 c\u1ee7a \u00dd \u0111\u01b0\u1ee3c thi\u1ebft k\u1ebf cho c\u00e1c \u1ee9ng d\u1ee5ng nh\u1ecf g\u1ecdn, n\u01a1i kh\u00f4ng gian h\u1ea1n ch\u1ebf nh\u01b0ng hi\u1ec7u su\u1ea5t l\u00e0 y\u1ebfu t\u1ed1 quan tr\u1ecdng. Xi lanh th\u1ee7y l\u1ef1c n\u00e0y c\u00f3 c\u1ea5u tr\u00fac h\u00e0n ch\u1eafc ch\u1eafn, \u0111\u1ea3m b\u1ea3o \u0111\u1ed9 b\u1ec1n v\u00e0 \u0111\u1ed9 tin c\u1eady trong nhi\u1ec1u \u1ee9ng d\u1ee5ng c\u00f4ng nghi\u1ec7p v\u00e0 n\u00f4ng nghi\u1ec7p.<\/p>\n<h4>C\u00e1c t\u00ednh n\u0103ng ch\u00ednh:<\/h4>\n<ul>\n<li><strong>K\u1ebft c\u1ea5u h\u00e0n<\/strong>: \u0110\u01b0\u1ee3c ch\u1ebf t\u1ea1o v\u1edbi thi\u1ebft k\u1ebf h\u00e0n ch\u1ea5t l\u01b0\u1ee3ng cao \u0111\u1ec3 t\u0103ng c\u01b0\u1eddng \u0111\u1ed9 b\u1ec1n v\u00e0 ng\u0103n ng\u1eeba r\u00f2 r\u1ec9, l\u00fd t\u01b0\u1edfng cho c\u00e1c \u1ee9ng d\u1ee5ng \u0111\u00f2i h\u1ecfi kh\u1eaft khe.<\/li>\n<li><strong>K\u00edch th\u01b0\u1edbc nh\u1ecf g\u1ecdn<\/strong>: K\u00edch th\u01b0\u1edbc nh\u1ecf g\u1ecdn cho ph\u00e9p l\u1eafp \u0111\u1eb7t \u1edf nh\u1eefng kh\u00f4ng gian ch\u1eadt h\u1eb9p, ph\u00f9 h\u1ee3p v\u1edbi nhi\u1ec1u lo\u1ea1i m\u00e1y m\u00f3c v\u00e0 thi\u1ebft b\u1ecb kh\u00e1c nhau.<\/li>\n<li><strong>Ch\u1ee9c n\u0103ng t\u00e1c \u0111\u1ed9ng k\u00e9p<\/strong>: Cung c\u1ea5p ho\u1ea1t \u0111\u1ed9ng \u0111\u00e1ng tin c\u1eady \u1edf c\u1ea3 giai \u0111o\u1ea1n k\u00e9o d\u00e0i v\u00e0 thu l\u1ea1i, \u0111\u1ea3m b\u1ea3o ki\u1ec3m so\u00e1t ch\u00ednh x\u00e1c trong qu\u00e1 tr\u00ecnh v\u1eadn h\u00e0nh.<\/li>\n<li><strong>Ho\u00e0n thi\u1ec7n ch\u1ed1ng \u0103n m\u00f2n<\/strong>: \u0110\u01b0\u1ee3c ph\u1ee7 l\u1edbp ch\u1ed1ng g\u1ec9 v\u00e0 \u0103n m\u00f2n, \u0111\u1ea3m b\u1ea3o \u0111\u1ed9 b\u1ec1n v\u00e0 hi\u1ec7u su\u1ea5t \u0111\u00e1ng tin c\u1eady trong m\u00f4i tr\u01b0\u1eddng ngo\u00e0i tr\u1eddi.<\/li>\n<li><strong>D\u1ec5 d\u00e0ng c\u00e0i \u0111\u1eb7t<\/strong>: \u0110\u01b0\u1ee3c thi\u1ebft k\u1ebf \u0111\u1ec3 t\u00edch h\u1ee3p tr\u1ef1c ti\u1ebfp v\u00e0o c\u00e1c h\u1ec7 th\u1ed1ng hi\u1ec7n c\u00f3, gi\u1ea3m thi\u1ec3u th\u1eddi gian ch\u1ebft v\u00e0 n\u00e2ng cao n\u0103ng su\u1ea5t.<\/li>\n<li><img decoding=\"async\" src=\"https:\/\/hzpt.com\/wp-content\/uploads\/2023\/12\/random-3.webp\" alt=\"\" title=\"\"><\/li>\n<\/ul>\n<h4>Nh\u1eefng l\u1ee3i \u00edch:<\/h4>\n<ul>\n<li><strong>Hi\u1ec7u su\u1ea5t \u0111\u01b0\u1ee3c n\u00e2ng cao<\/strong>: T\u1ed1i \u01b0u h\u00f3a ch\u1ee9c n\u0103ng c\u1ee7a thi\u1ebft b\u1ecb, t\u1ea1o \u0111i\u1ec1u ki\u1ec7n cho vi\u1ec7c n\u00e2ng h\u1ea1 di\u1ec5n ra tr\u01a1n tru v\u00e0 hi\u1ec7u qu\u1ea3.<\/li>\n<li><strong>\u1ee8ng d\u1ee5ng \u0111a n\u0103ng<\/strong>: Th\u00edch h\u1ee3p cho nhi\u1ec1u m\u1ee5c \u0111\u00edch s\u1eed d\u1ee5ng kh\u00e1c nhau trong n\u00f4ng nghi\u1ec7p, x\u00e2y d\u1ef1ng v\u00e0 m\u00e1y m\u00f3c c\u00f4ng nghi\u1ec7p.<\/li>\n<li><strong>\u0110\u1ed9 tin c\u1eady v\u00e0 \u0111\u1ed9 b\u1ec1n<\/strong>: \u0110\u01b0\u1ee3c thi\u1ebft k\u1ebf \u0111\u1ec3 ch\u1ecbu \u0111\u01b0\u1ee3c \u0111i\u1ec1u ki\u1ec7n kh\u1eafc nghi\u1ec7t v\u00e0 t\u1ea3i tr\u1ecdng n\u1eb7ng, gi\u1ea3m nhu c\u1ea7u b\u1ea3o tr\u00ec v\u00e0 k\u00e9o d\u00e0i tu\u1ed5i th\u1ecd.<\/li>\n<\/ul>\n<p>Xi lanh th\u1ee7y l\u1ef1c piston h\u00e0n th\u1ee7y l\u1ef1c nh\u1ecf 10022 c\u1ee7a \u00dd l\u00e0 m\u1ed9t th\u00e0nh ph\u1ea7n thi\u1ebft y\u1ebfu cho b\u1ea5t k\u1ef3 thi\u1ebft b\u1ecb n\u00e0o y\u00eau c\u1ea7u ho\u1ea1t \u0111\u1ed9ng th\u1ee7y l\u1ef1c \u0111\u00e1ng tin c\u1eady trong h\u00ecnh d\u1ea1ng nh\u1ecf g\u1ecdn. C\u1ea5u tr\u00fac ch\u1eafc ch\u1eafn v\u00e0 thi\u1ebft k\u1ebf hi\u1ec7u qu\u1ea3 c\u1ee7a n\u00f3 khi\u1ebfn n\u00f3 tr\u1edf th\u00e0nh l\u1ef1a ch\u1ecdn \u0111\u00e1ng gi\u00e1 cho nhi\u1ec1u \u1ee9ng d\u1ee5ng kh\u00e1c nhau.<\/p>\n<table border=\"1\"><!-- Insert product details here --><\/table>\n<p>&nbsp;<\/p>\n<p><img decoding=\"async\" src=\"https:\/\/hzpt.com\/wp-content\/uploads\/2023\/12\/random-4.webp\" alt=\"\" title=\"\"><\/p>\n<h2>\u01afu \u0111i\u1ec3m c\u1ee7a xi lanh lo\u1ea1i T h\u00e0n<\/h2>\n<ul>\n<li style=\"list-style-type: none;\">\n<ul>\n<li><strong>T\u0103ng c\u01b0\u1eddng s\u1ee9c m\u1ea1nh:<\/strong> Xi lanh ch\u1eef T h\u00e0n n\u1ed5i ti\u1ebfng v\u1edbi \u0111\u1ed9 b\u1ec1n cao, ph\u00f9 h\u1ee3p cho c\u00e1c \u1ee9ng d\u1ee5ng \u0111\u00f2i h\u1ecfi n\u00e2ng v\u1eadt n\u1eb7ng. Quy tr\u00ecnh h\u00e0n \u0111\u01b0\u1ee3c s\u1eed d\u1ee5ng trong qu\u00e1 tr\u00ecnh ch\u1ebf t\u1ea1o xi lanh \u0111\u1ea3m b\u1ea3o xi lanh kh\u00f4ng c\u00f3 \u0111i\u1ec3m y\u1ebfu v\u00e0 c\u00f3 th\u1ec3 ch\u1ecbu \u0111\u01b0\u1ee3c \u00e1p su\u1ea5t v\u00e0 \u1ee9ng su\u1ea5t cao.<\/li>\n<\/ul>\n<\/li>\n<\/ul>\n<p>Khi \u00e1p l\u1ef1c t\u00e1c \u0111\u1ed9ng l\u00ean xi lanh, \u00e1p l\u1ef1c \u0111\u01b0\u1ee3c ph\u00e2n b\u1ed5 \u0111\u1ec1u tr\u00ean to\u00e0n b\u1ed9 b\u1ec1 m\u1eb7t, gi\u00fap xi lanh ch\u1ed1ng bi\u1ebfn d\u1ea1ng. \u0110\u1eb7c \u0111i\u1ec3m n\u00e0y \u0111\u1ea3m b\u1ea3o xi lanh duy tr\u00ec h\u00ecnh d\u1ea1ng v\u00e0 t\u00ednh to\u00e0n v\u1eb9n v\u1ec1 c\u1ea5u tr\u00fac ngay c\u1ea3 trong \u0111i\u1ec1u ki\u1ec7n kh\u1eafc nghi\u1ec7t.<\/p>\n<ul>\n<li style=\"list-style-type: none;\">\n<ul>\n<li><strong>Ph\u00f2ng ng\u1eeba r\u00f2 r\u1ec9:<\/strong> Xi lanh ch\u1eef T h\u00e0n \u0111\u01b0\u1ee3c thi\u1ebft k\u1ebf \u0111\u1ec3 ng\u0103n ng\u1eeba r\u00f2 r\u1ec9. Quy tr\u00ecnh h\u00e0n \u0111\u01b0\u1ee3c s\u1eed d\u1ee5ng trong qu\u00e1 tr\u00ecnh ch\u1ebf t\u1ea1o \u0111\u1ea3m b\u1ea3o xi lanh \u0111\u01b0\u1ee3c b\u1ecbt k\u00edn ho\u00e0n to\u00e0n v\u00e0 kh\u00f4ng c\u00f3 b\u1ea5t k\u1ef3 r\u00f2 r\u1ec9 n\u00e0o. \u0110\u1eb7c \u0111i\u1ec3m n\u00e0y khi\u1ebfn ch\u00fang ph\u00f9 h\u1ee3p \u0111\u1ec3 s\u1eed d\u1ee5ng trong c\u00e1c \u1ee9ng d\u1ee5ng m\u00e0 r\u00f2 r\u1ec9 c\u00f3 th\u1ec3 g\u00e2y ra h\u01b0 h\u1ecfng ho\u1eb7c th\u01b0\u01a1ng t\u00edch nghi\u00eam tr\u1ecdng.<\/li>\n<\/ul>\n<\/li>\n<\/ul>\n<p>C\u00e1c m\u1ed1i h\u00e0n nh\u1eb5n, kh\u00f4ng c\u00f3 khe h\u1edf hay r\u00e3nh n\u00e0o \u0111\u1ec3 m\u1ea3nh v\u1ee5n ho\u1eb7c b\u1ee5i b\u1ea9n c\u00f3 th\u1ec3 t\u00edch t\u1ee5, gi\u00fap gi\u1ea3m nguy c\u01a1 \u0103n m\u00f2n v\u00e0 h\u01b0 h\u1ecfng xi lanh.<\/p>\n<ul>\n<li style=\"list-style-type: none;\">\n<ul>\n<li><strong>C\u00f3 th\u1ec3 t\u00f9y ch\u1ec9nh:<\/strong> Xi lanh h\u00e0n ch\u1eef T c\u00f3 th\u1ec3 \u0111\u01b0\u1ee3c t\u00f9y ch\u1ec9nh \u0111\u1ec3 ph\u00f9 h\u1ee3p v\u1edbi c\u00e1c \u1ee9ng d\u1ee5ng c\u1ee5 th\u1ec3. Xi lanh c\u00f3 nhi\u1ec1u k\u00edch c\u1ee1 v\u00e0 h\u00ecnh d\u1ea1ng kh\u00e1c nhau, v\u00e0 c\u00f3 th\u1ec3 \u0111\u01b0\u1ee3c ch\u1ebf t\u1ea1o \u0111\u1ec3 \u0111\u00e1p \u1ee9ng c\u00e1c y\u00eau c\u1ea7u c\u1ee5 th\u1ec3 c\u1ee7a \u1ee9ng d\u1ee5ng.<\/li>\n<\/ul>\n<\/li>\n<\/ul>\n<p>Qu\u00e1 tr\u00ecnh t\u00f9y ch\u1ec9nh cho ph\u00e9p t\u1ed1i \u01b0u h\u00f3a hi\u1ec7u su\u1ea5t c\u1ee7a xi lanh, \u0111\u1ea3m b\u1ea3o ph\u00f9 h\u1ee3p v\u1edbi \u1ee9ng d\u1ee5ng mong mu\u1ed1n. \u0110\u1eb7c \u0111i\u1ec3m n\u00e0y l\u00e0m cho xi lanh ch\u1eef T h\u00e0n tr\u1edf n\u00ean l\u00fd t\u01b0\u1edfng \u0111\u1ec3 s\u1eed d\u1ee5ng trong nhi\u1ec1u \u1ee9ng d\u1ee5ng c\u00f4ng nghi\u1ec7p kh\u00e1c nhau, bao g\u1ed3m x\u00e2y d\u1ef1ng, khai th\u00e1c m\u1ecf v\u00e0 v\u1eadn chuy\u1ec3n v\u1eadt li\u1ec7u.<\/p>\n<ul>\n<li style=\"list-style-type: none;\">\n<ul>\n<li><strong>Ti\u1ebft ki\u1ec7m chi ph\u00ed:<\/strong> Xi lanh ch\u1eef T h\u00e0n c\u00f3 chi ph\u00ed h\u1ee3p l\u00fd h\u01a1n so v\u1edbi c\u00e1c lo\u1ea1i xi lanh kh\u00e1c. Quy tr\u00ecnh ch\u1ebf t\u1ea1o lo\u1ea1i xi lanh n\u00e0y r\u1ea5t \u0111\u01a1n gi\u1ea3n, gi\u00fap gi\u1ea3m chi ph\u00ed so v\u1edbi c\u00e1c lo\u1ea1i xi lanh kh\u00e1c.<\/li>\n<\/ul>\n<\/li>\n<\/ul>\n<p>H\u01a1n n\u1eefa, \u0111\u1ed9 b\u1ec1n v\u00e0 \u0111\u1ed9 b\u1ec1n cao c\u1ee7a xi lanh ch\u1eef T h\u00e0n gi\u00fap gi\u1ea3m nhu c\u1ea7u s\u1eeda ch\u1eefa v\u00e0 thay th\u1ebf th\u01b0\u1eddng xuy\u00ean, ti\u1ebft ki\u1ec7m chi ph\u00ed b\u1ea3o tr\u00ec. \u0110\u1eb7c \u0111i\u1ec3m n\u00e0y khi\u1ebfn ch\u00fang tr\u1edf th\u00e0nh l\u1ef1a ch\u1ecdn ph\u1ed5 bi\u1ebfn cho nhi\u1ec1u ng\u00e0nh c\u00f4ng nghi\u1ec7p, \u0111\u1eb7c bi\u1ec7t l\u00e0 nh\u1eefng ng\u00e0nh c\u00f3 ng\u00e2n s\u00e1ch h\u1ea1n h\u1eb9p.<\/p>\n<ul>\n<li style=\"list-style-type: none;\">\n<ul>\n<li><strong>T\u0103ng hi\u1ec7u qu\u1ea3:<\/strong> Xi lanh h\u00e0n ch\u1eef T c\u00f3 hi\u1ec7u su\u1ea5t cao v\u00e0 hi\u1ec7u su\u1ea5t t\u1ed1t. Thi\u1ebft k\u1ebf c\u1ee7a xi lanh \u0111\u1ea3m b\u1ea3o l\u1ef1c t\u00e1c d\u1ee5ng \u0111\u01b0\u1ee3c truy\u1ec1n tr\u1ef1c ti\u1ebfp \u0111\u1ebfn t\u1ea3i, gi\u1ea3m t\u1ed5n th\u1ea5t n\u0103ng l\u01b0\u1ee3ng v\u00e0 t\u0103ng hi\u1ec7u su\u1ea5t.<\/li>\n<\/ul>\n<\/li>\n<\/ul>\n<p>C\u00e1c m\u1ed1i h\u00e0n ch\u1eafc ch\u1eafn v\u00e0 c\u1ee9ng c\u00e1p, gi\u1ea3m thi\u1ec3u \u0111\u1ed9 v\u00f5ng v\u00e0 \u0111\u1ea3m b\u1ea3o xi lanh duy tr\u00ec h\u00ecnh d\u1ea1ng v\u00e0 t\u00ednh to\u00e0n v\u1eb9n v\u1ec1 c\u1ea5u tr\u00fac ngay c\u1ea3 trong \u0111i\u1ec1u ki\u1ec7n kh\u1eafc nghi\u1ec7t. \u0110\u1eb7c \u0111i\u1ec3m n\u00e0y l\u00e0m cho xi lanh ch\u1eef T h\u00e0n l\u00fd t\u01b0\u1edfng \u0111\u1ec3 s\u1eed d\u1ee5ng trong c\u00e1c \u1ee9ng d\u1ee5ng \u0111\u00f2i h\u1ecfi hi\u1ec7u su\u1ea5t v\u00e0 \u0111\u1ed9 tin c\u1eady cao.<\/p>\n<h2>\u1ee8ng d\u1ee5ng c\u1ee7a xi lanh lo\u1ea1i T h\u00e0n<\/h2>\n<h3>Gi\u1edbi thi\u1ec7u<\/h3>\n<p>Xi lanh ch\u1eef T h\u00e0n l\u00e0 m\u1ed9t lo\u1ea1i xi lanh th\u1ee7y l\u1ef1c th\u01b0\u1eddng \u0111\u01b0\u1ee3c s\u1eed d\u1ee5ng trong c\u00e1c \u1ee9ng d\u1ee5ng c\u00f4ng nghi\u1ec7p. N\u00f3 \u0111\u01b0\u1ee3c thi\u1ebft k\u1ebf \u0111\u1ec3 cung c\u1ea5p l\u1ef1c \u0111\u1ea7u ra l\u1edbn trong m\u1ed9t c\u1ea5u tr\u00fac nh\u1ecf g\u1ecdn v\u00e0 ti\u1ebft ki\u1ec7m chi ph\u00ed. Lo\u1ea1i xi lanh n\u00e0y bao g\u1ed3m m\u1ed9t ch\u1eef T h\u00e0n v\u00e0 m\u1ed9t thanh piston \u0111\u01b0\u1ee3c g\u1eafn v\u00e0o ch\u1eef T. Ch\u1eef T \u0111\u01b0\u1ee3c n\u1ed1i v\u1edbi th\u00e2n xi lanh v\u00e0 ch\u1ee9a m\u1ed9t piston di chuy\u1ec3n qua l\u1ea1i b\u00ean trong th\u00e2n xi lanh \u0111\u1ec3 t\u1ea1o l\u1ef1c.<\/p>\n<h3>\u01afu \u0111i\u1ec3m c\u1ee7a xi lanh lo\u1ea1i T h\u00e0n<\/h3>\n<p>C\u00f3 m\u1ed9t s\u1ed1 l\u1ee3i th\u1ebf khi s\u1eed d\u1ee5ng xi lanh ch\u1eef T h\u00e0n trong c\u00e1c \u1ee9ng d\u1ee5ng c\u00f4ng nghi\u1ec7p:<\/p>\n<ul>\n<li><b>Thi\u1ebft k\u1ebf nh\u1ecf g\u1ecdn:<\/b> Xi lanh ch\u1eef T h\u00e0n \u0111\u01b0\u1ee3c thi\u1ebft k\u1ebf nh\u1ecf g\u1ecdn, l\u00fd t\u01b0\u1edfng \u0111\u1ec3 s\u1eed d\u1ee5ng trong c\u00e1c \u1ee9ng d\u1ee5ng c\u00f3 kh\u00f4ng gian h\u1ea1n ch\u1ebf.<\/li>\n<li><b>Hi\u1ec7u qu\u1ea3 cao:<\/b> Xi lanh ch\u1eef T h\u00e0n c\u00f3 hi\u1ec7u su\u1ea5t cao, ngh\u0129a l\u00e0 ch\u00fang c\u00f3 th\u1ec3 t\u1ea1o ra l\u1ef1c l\u1edbn v\u1edbi l\u01b0\u1ee3ng n\u0103ng l\u01b0\u1ee3ng \u0111\u1ea7u v\u00e0o t\u1ed1i thi\u1ec3u.<\/li>\n<li><b>B\u1ec1n b\u1ec9:<\/b> Xi lanh ch\u1eef T h\u00e0n \u0111\u01b0\u1ee3c thi\u1ebft k\u1ebf c\u00f3 \u0111\u1ed9 b\u1ec1n cao, ngh\u0129a l\u00e0 ch\u00fang c\u00f3 th\u1ec3 ch\u1ecbu \u0111\u01b0\u1ee3c \u0111i\u1ec1u ki\u1ec7n v\u1eadn h\u00e0nh kh\u1eafc nghi\u1ec7t v\u00e0 s\u1eed d\u1ee5ng trong th\u1eddi gian d\u00e0i.<\/li>\n<li><b>Ti\u1ebft ki\u1ec7m chi ph\u00ed:<\/b> Xi lanh ch\u1eef T h\u00e0n c\u00f3 gi\u00e1 th\u00e0nh h\u1ee3p l\u00fd, ngh\u0129a l\u00e0 ch\u00fang c\u00f3 gi\u00e1 tr\u1ecb t\u1ed1t.<\/li>\n<\/ul>\n<h3>\u1ee8ng d\u1ee5ng c\u1ee7a xi lanh lo\u1ea1i T h\u00e0n<\/h3>\n<p>C\u00f3 nhi\u1ec1u \u1ee9ng d\u1ee5ng cho xi lanh ch\u1eef T h\u00e0n trong nhi\u1ec1u ng\u00e0nh c\u00f4ng nghi\u1ec7p kh\u00e1c nhau, bao g\u1ed3m:<\/p>\n<ul>\n<li><b>Ch\u1ebf t\u1ea1o:<\/b> Xi lanh ch\u1eef T h\u00e0n \u0111\u01b0\u1ee3c s\u1eed d\u1ee5ng trong s\u1ea3n xu\u1ea5t \u0111\u1ec3 v\u1eadn h\u00e0nh m\u00e1y m\u00f3c, di chuy\u1ec3n t\u1ea3i tr\u1ecdng n\u1eb7ng v\u00e0 \u0111\u1ecbnh h\u00ecnh c\u00e1c b\u1ed9 ph\u1eadn kim lo\u1ea1i.<\/li>\n<li><b>N\u00f4ng nghi\u1ec7p:<\/b> Xi lanh ch\u1eef T h\u00e0n \u0111\u01b0\u1ee3c s\u1eed d\u1ee5ng trong n\u00f4ng nghi\u1ec7p \u0111\u1ec3 v\u1eadn h\u00e0nh h\u1ec7 th\u1ed1ng th\u1ee7y l\u1ef1c tr\u00ean m\u00e1y k\u00e9o, m\u00e1y g\u1eb7t v\u00e0 c\u00e1c thi\u1ebft b\u1ecb n\u00f4ng nghi\u1ec7p kh\u00e1c.<\/li>\n<li><b>S\u1ef1 thi c\u00f4ng:<\/b> Xi lanh ch\u1eef T h\u00e0n \u0111\u01b0\u1ee3c s\u1eed d\u1ee5ng trong x\u00e2y d\u1ef1ng \u0111\u1ec3 v\u1eadn h\u00e0nh m\u00e1y m\u00f3c nh\u01b0 c\u1ea7n c\u1ea9u, m\u00e1y \u0111\u00e0o v\u00e0 m\u00e1y x\u00fac l\u1eadt.<\/li>\n<li><b>Khai th\u00e1c:<\/b> Xi lanh ch\u1eef T h\u00e0n \u0111\u01b0\u1ee3c s\u1eed d\u1ee5ng trong khai th\u00e1c m\u1ecf \u0111\u1ec3 v\u1eadn h\u00e0nh h\u1ec7 th\u1ed1ng th\u1ee7y l\u1ef1c tr\u00ean c\u00e1c thi\u1ebft b\u1ecb h\u1ea1ng n\u1eb7ng nh\u01b0 m\u00e1y \u1ee7i, m\u00e1y x\u00fac v\u00e0 m\u00e1y khoan \u0111\u00e1.<\/li>\n<li><b>V\u1eadn t\u1ea3i:<\/b> Xi lanh ch\u1eef T h\u00e0n \u0111\u01b0\u1ee3c s\u1eed d\u1ee5ng trong v\u1eadn chuy\u1ec3n \u0111\u1ec3 v\u1eadn h\u00e0nh h\u1ec7 th\u1ed1ng th\u1ee7y l\u1ef1c tr\u00ean xe t\u1ea3i, xe bu\u00fdt v\u00e0 c\u00e1c ph\u01b0\u01a1ng ti\u1ec7n kh\u00e1c.<\/li>\n<\/ul>\n<h3>Ph\u1ea7n k\u1ebft lu\u1eadn<\/h3>\n<p>T\u00f3m l\u1ea1i, xi lanh ch\u1eef T h\u00e0n l\u00e0 m\u1ed9t th\u00e0nh ph\u1ea7n quan tr\u1ecdng trong nhi\u1ec1u \u1ee9ng d\u1ee5ng c\u00f4ng nghi\u1ec7p. Ch\u00fang \u0111\u01b0\u1ee3c thi\u1ebft k\u1ebf nh\u1ecf g\u1ecdn, hi\u1ec7u qu\u1ea3, b\u1ec1n b\u1ec9 v\u00e0 ti\u1ebft ki\u1ec7m chi ph\u00ed, khi\u1ebfn ch\u00fang tr\u1edf th\u00e0nh l\u1ef1a ch\u1ecdn l\u00fd t\u01b0\u1edfng cho nhi\u1ec1u \u1ee9ng d\u1ee5ng kh\u00e1c nhau. Cho d\u00f9 b\u1ea1n \u0111ang v\u1eadn h\u00e0nh m\u00e1y m\u00f3c trong nh\u00e0 m\u00e1y s\u1ea3n xu\u1ea5t, thi\u1ebft b\u1ecb n\u00f4ng nghi\u1ec7p tr\u00ean trang tr\u1ea1i hay thi\u1ebft b\u1ecb h\u1ea1ng n\u1eb7ng trong m\u1ecf, xi lanh ch\u1eef T h\u00e0n \u0111\u1ec1u c\u00f3 th\u1ec3 gi\u00fap b\u1ea1n ho\u00e0n th\u00e0nh c\u00f4ng vi\u1ec7c m\u1ed9t c\u00e1ch hi\u1ec7u qu\u1ea3.<\/p>\n<h3>Gi\u1edbi thi\u1ec7u v\u1ec1 FMP<\/h3>\n<p>FMP, \u0111\u01b0\u1ee3c th\u00e0nh l\u1eadp h\u01a1n 30 n\u0103m, l\u00e0 nh\u00e0 s\u1ea3n xu\u1ea5t v\u00e0 cung c\u1ea5p xi lanh th\u1ee7y l\u1ef1c h\u00e0ng \u0111\u1ea7u. T\u1ecda l\u1ea1c t\u1ea1i \u00dd, khu c\u00f4ng nghi\u1ec7p c\u1ee7a ch\u00fang t\u00f4i \u0111\u01b0\u1ee3c trang b\u1ecb h\u01a1n 100 thi\u1ebft b\u1ecb h\u00e0ng \u0111\u1ea7u, bao g\u1ed3m m\u00e1y h\u00e0n kh\u00ed t\u1ef1 \u0111\u1ed9ng, m\u00e1y khoan l\u1ed7 s\u00e2u, m\u00e1y ti\u1ec7n CNC, m\u00e1y m\u00e0i tr\u1ee5, m\u00e1y v\u1ec7 sinh t\u1ef1 \u0111\u1ed9ng, m\u00e1y l\u1eafp \u0111\u1eb7t t\u1ef1 \u0111\u1ed9ng, b\u00e0n th\u1eed nghi\u1ec7m hi\u1ec7u su\u1ea5t xi lanh th\u1ee7y l\u1ef1c t\u1ef1 \u0111\u1ed9ng, v\u00e0 d\u00e2y chuy\u1ec1n s\u01a1n t\u1ef1 \u0111\u1ed9ng, c\u00f9ng nhi\u1ec1u thi\u1ebft b\u1ecb kh\u00e1c.<\/p>\n<p><img decoding=\"async\" src=\"https:\/\/fmp-components.com\/wp-content\/uploads\/2024\/12\/fmp-factory-4.webp\" alt=\"Nh\u00e0 m\u00e1y FMP\" width=\"800\" title=\"\"><\/p>\n<p>Ch\u00fang t\u00f4i t\u1ef1 h\u00e0o v\u1ec1 quy tr\u00ecnh x\u1eed l\u00fd v\u00e0 ki\u1ec3m tra nghi\u00eam ng\u1eb7t c\u1ee7a m\u00ecnh, \u0111\u1ea3m b\u1ea3o r\u1eb1ng m\u1ed7i xi lanh th\u1ee7y l\u1ef1c \u0111\u1ec1u \u0111\u01b0\u1ee3c ki\u1ec3m tra k\u1ef9 l\u01b0\u1ee1ng \u0111\u1ec3 \u0111\u1ea3m b\u1ea3o ch\u1ea5t l\u01b0\u1ee3ng v\u01b0\u1ee3t tr\u1ed9i cho kh\u00e1ch h\u00e0ng.<\/p>\n<ol>\n<li><strong>D\u1ecbch v\u1ee5 thi\u1ebft k\u1ebf:<\/strong> \u0110\u1ed9i ng\u0169 thi\u1ebft k\u1ebf gi\u00e0u kinh nghi\u1ec7m c\u1ee7a ch\u00fang t\u00f4i am hi\u1ec3u s\u00e2u s\u1eafc v\u1ec1 thi\u1ebft k\u1ebf v\u00e0 ph\u00e1t tri\u1ec3n s\u1ea3n ph\u1ea9m tr\u1ee5c v\u1ea1n n\u0103ng. D\u00f9 b\u1ea1n c\u1ea7n s\u1ea3n ph\u1ea9m m\u1edbi hay c\u1ea3i ti\u1ebfn s\u1ea3n ph\u1ea9m hi\u1ec7n c\u00f3, ch\u00fang t\u00f4i lu\u00f4n s\u1eb5n s\u00e0ng h\u1ed7 tr\u1ee3 b\u1ea1n.<\/li>\n<li><strong>D\u1ecbch v\u1ee5 s\u1ea3n ph\u1ea9m:<\/strong> D\u1ecbch v\u1ee5 s\u1ea3n ph\u1ea9m to\u00e0n di\u1ec7n c\u1ee7a ch\u00fang t\u00f4i bao g\u1ed3m to\u00e0n b\u1ed9 quy tr\u00ecnh s\u1ea3n xu\u1ea5t, t\u1eeb nguy\u00ean li\u1ec7u th\u00f4 \u0111\u1ebfn c\u1eaft, gia c\u00f4ng th\u00f4, th\u1eed nghi\u1ec7m, l\u00e0m s\u1ea1ch, l\u1eafp r\u00e1p, \u0111\u00f3ng g\u00f3i v\u00e0 v\u1eadn chuy\u1ec3n.<\/li>\n<li><strong>Quy tr\u00ecnh m\u1eabu:<\/strong> Ch\u00fang t\u00f4i cung c\u1ea5p d\u1ecbch v\u1ee5 ph\u00e1t tri\u1ec3n m\u1eabu t\u00f9y ch\u1ec9nh d\u1ef1a tr\u00ean y\u00eau c\u1ea7u c\u1ee7a b\u1ea1n. Ch\u00fang t\u00f4i li\u00ean t\u1ee5c ch\u1ec9nh s\u1eeda m\u1eabu \u0111\u1ec3 \u0111\u00e1p \u1ee9ng nhu c\u1ea7u c\u1ee5 th\u1ec3 c\u1ee7a b\u1ea1n, \u0111\u1ea3m b\u1ea3o s\u1ea3n ph\u1ea9m cu\u1ed1i c\u00f9ng \u0111\u01b0\u1ee3c thi\u1ebft k\u1ebf ri\u00eang theo \u0111\u00fang y\u00eau c\u1ea7u c\u1ee7a b\u1ea1n.<\/li>\n<li><strong>Nghi\u00ean c\u1ee9u v\u00e0 ph\u00e1t tri\u1ec3n:<\/strong> Khi xu h\u01b0\u1edbng th\u1ecb tr\u01b0\u1eddng thay \u0111\u1ed5i, ch\u00fang t\u00f4i lu\u00f4n \u0111i \u0111\u1ea7u trong \u0111\u1ed5i m\u1edbi. Ch\u00fang t\u00f4i nghi\u00ean c\u1ee9u s\u00e2u r\u1ed9ng nhu c\u1ea7u th\u1ecb tr\u01b0\u1eddng m\u1edbi v\u00e0 ph\u00e1t tri\u1ec3n c\u00e1c m\u1eabu xi lanh th\u1ee7y l\u1ef1c m\u1edbi \u0111\u1ec3 \u0111\u00e1p \u1ee9ng nhu c\u1ea7u lu\u00f4n thay \u0111\u1ed5i c\u1ee7a kh\u00e1ch h\u00e0ng.<\/li>\n<li><strong>T\u00f9y ch\u1ec9nh:<\/strong> T\u1ea1i FMP, ch\u00fang t\u00f4i chuy\u00ean s\u1ea3n xu\u1ea5t v\u00e0 kinh doanh c\u00e1c lo\u1ea1i Xi lanh th\u1ee7y l\u1ef1c. Ch\u00fang t\u00f4i t\u1ef1 h\u00e0o v\u1ec1 kh\u1ea3 n\u0103ng t\u00f9y ch\u1ec9nh s\u1ea3n ph\u1ea9m \u0111\u1ec3 \u0111\u00e1p \u1ee9ng c\u00e1c y\u00eau c\u1ea7u ri\u00eang bi\u1ec7t c\u1ee7a kh\u00e1ch h\u00e0ng. T\u1eeb thi\u1ebft k\u1ebf \u0111\u1ebfn s\u1ea3n xu\u1ea5t, \u0111\u1ed9i ng\u0169 c\u1ee7a ch\u00fang t\u00f4i lu\u00f4n n\u1ed7 l\u1ef1c mang \u0111\u1ebfn nh\u1eefng gi\u1ea3i ph\u00e1p v\u01b0\u1ee3t xa mong \u0111\u1ee3i.<\/li>\n<\/ol>\n<p>V\u1edbi danh m\u1ee5c s\u1ea3n ph\u1ea9m ch\u1ea5t l\u01b0\u1ee3ng cao \u0111a d\u1ea1ng v\u00e0 cam k\u1ebft mang \u0111\u1ebfn s\u1ef1 h\u00e0i l\u00f2ng cho kh\u00e1ch h\u00e0ng, ch\u00fang t\u00f4i tr\u00e2n tr\u1ecdng m\u1eddi b\u1ea1n h\u1ee3p t\u00e1c v\u1edbi FMP. Tr\u1ea3i nghi\u1ec7m s\u1ea3n ph\u1ea9m v\u00e0 d\u1ecbch v\u1ee5 v\u01b0\u1ee3t tr\u1ed9i c\u1ee7a ch\u00fang t\u00f4i v\u00e0 kh\u00e1m ph\u00e1 l\u00fd do t\u1ea1i sao ch\u00fang t\u00f4i l\u00e0 l\u1ef1a ch\u1ecdn h\u00e0ng \u0111\u1ea7u trong ng\u00e0nh.<\/p>\n<p>T\u00e1c gi\u1ea3: CX<\/p>","protected":false},"excerpt":{"rendered":"<p>The 10022 Italy Supplier Small Hydraulic Welded Cylinder Piston Hydraulic Cylinder is designed for compact applications where space is limited but performance is essential. This hydraulic cylinder features a robust welded construction, ensuring durability and reliability in various industrial and agricultural uses. Key Features: Welded Construction: Built with high-quality welded design to enhance strength and [&hellip;]<\/p>","protected":false},"featured_media":1132,"comment_status":"closed","ping_status":"closed","template":"","meta":{"_et_pb_use_builder":"","_et_pb_old_content":"","_et_gb_content_width":""},"product_brand":[],"product_cat":[31],"product_tag":[34,35],"class_list":{"0":"post-942","1":"product","2":"type-product","3":"status-publish","4":"has-post-thumbnail","6":"product_cat-welded-tee-type-cylinder","7":"product_tag-hydraulic-cylinder","8":"product_tag-welded-tee-type-cylinder","10":"first","11":"instock","12":"product-type-simple"},"_links":{"self":[{"href":"https:\/\/fmp-components.com\/vi\/wp-json\/wp\/v2\/product\/942","targetHints":{"allow":["GET"]}}],"collection":[{"href":"https:\/\/fmp-components.com\/vi\/wp-json\/wp\/v2\/product"}],"about":[{"href":"https:\/\/fmp-components.com\/vi\/wp-json\/wp\/v2\/types\/product"}],"replies":[{"embeddable":true,"href":"https:\/\/fmp-components.com\/vi\/wp-json\/wp\/v2\/comments?post=942"}],"wp:featuredmedia":[{"embeddable":true,"href":"https:\/\/fmp-components.com\/vi\/wp-json\/wp\/v2\/media\/1132"}],"wp:attachment":[{"href":"https:\/\/fmp-components.com\/vi\/wp-json\/wp\/v2\/media?parent=942"}],"wp:term":[{"taxonomy":"product_brand","embeddable":true,"href":"https:\/\/fmp-components.com\/vi\/wp-json\/wp\/v2\/product_brand?post=942"},{"taxonomy":"product_cat","embeddable":true,"href":"https:\/\/fmp-components.com\/vi\/wp-json\/wp\/v2\/product_cat?post=942"},{"taxonomy":"product_tag","embeddable":true,"href":"https:\/\/fmp-components.com\/vi\/wp-json\/wp\/v2\/product_tag?post=942"}],"curies":[{"name":"wp","href":"https:\/\/api.w.org\/{rel}","templated":true}]}}