{"id":939,"date":"2024-12-19T03:39:00","date_gmt":"2024-12-19T03:39:00","guid":{"rendered":"https:\/\/fmp-components.com\/product\/10019-effective-double-acting-stainless-steel-hydraulic-cylinder\/"},"modified":"2024-12-19T09:02:51","modified_gmt":"2024-12-19T09:02:51","slug":"10019-effective-double-acting-stainless-steel-hydraulic-cylinder","status":"publish","type":"product","link":"https:\/\/fmp-components.com\/vi\/product\/10019-effective-double-acting-stainless-steel-hydraulic-cylinder\/","title":{"rendered":"10019 Xi lanh th\u1ee7y l\u1ef1c th\u00e9p kh\u00f4ng g\u1ec9 t\u00e1c \u0111\u1ed9ng k\u00e9p hi\u1ec7u qu\u1ea3"},"content":{"rendered":"<p>Xi lanh th\u1ee7y l\u1ef1c th\u00e9p kh\u00f4ng g\u1ec9 t\u00e1c \u0111\u1ed9ng k\u00e9p hi\u1ec7u qu\u1ea3 10019 \u0111\u01b0\u1ee3c thi\u1ebft k\u1ebf \u0111\u1ec3 mang l\u1ea1i hi\u1ec7u su\u1ea5t v\u00e0 \u0111\u1ed9 b\u1ec1n v\u01b0\u1ee3t tr\u1ed9i trong c\u00e1c m\u00f4i tr\u01b0\u1eddng kh\u1eafc nghi\u1ec7t. Xi lanh th\u1ee7y l\u1ef1c n\u00e0y k\u1ebft h\u1ee3p k\u1ef9 thu\u1eadt ti\u00ean ti\u1ebfn v\u1edbi v\u1eadt li\u1ec7u ch\u1ea5t l\u01b0\u1ee3ng cao, tr\u1edf th\u00e0nh m\u1ed9t th\u00e0nh ph\u1ea7n thi\u1ebft y\u1ebfu cho nhi\u1ec1u \u1ee9ng d\u1ee5ng c\u00f4ng nghi\u1ec7p v\u00e0 n\u00f4ng nghi\u1ec7p.<\/p>\n<h4>C\u00e1c t\u00ednh n\u0103ng ch\u00ednh:<\/h4>\n<ul>\n<li><strong>Thi\u1ebft k\u1ebf t\u00e1c \u0111\u1ed9ng k\u00e9p:<\/strong><br \/>\nC\u01a1 ch\u1ebf t\u00e1c \u0111\u1ed9ng k\u00e9p cho ph\u00e9p v\u1eadn h\u00e0nh hi\u1ec7u qu\u1ea3 c\u1ea3 khi k\u00e9o ra v\u00e0 thu v\u00e0o, mang l\u1ea1i chuy\u1ec3n \u0111\u1ed9ng m\u01b0\u1ee3t m\u00e0 v\u00e0 \u0111\u01b0\u1ee3c ki\u1ec3m so\u00e1t. \u0110i\u1ec1u n\u00e0y gi\u00fap t\u0103ng c\u01b0\u1eddng \u0111\u1ed9 ch\u00ednh x\u00e1c trong c\u00e1c t\u00e1c v\u1ee5 nh\u01b0 n\u00e2ng, \u0111\u1ea9y v\u00e0 k\u00e9o, l\u00fd t\u01b0\u1edfng cho nhi\u1ec1u \u1ee9ng d\u1ee5ng.<\/li>\n<li><strong>K\u1ebft c\u1ea5u th\u00e9p kh\u00f4ng g\u1ec9:<\/strong><br \/>\n\u0110\u01b0\u1ee3c ch\u1ebf t\u1ea1o t\u1eeb th\u00e9p kh\u00f4ng g\u1ec9 cao c\u1ea5p, xi lanh th\u1ee7y l\u1ef1c 10019 c\u00f3 kh\u1ea3 n\u0103ng ch\u1ed1ng \u0103n m\u00f2n v\u00e0 m\u00e0i m\u00f2n v\u01b0\u1ee3t tr\u1ed9i. \u0110\u1ed9 b\u1ec1n n\u00e0y \u0111\u1ea3m b\u1ea3o hi\u1ec7u su\u1ea5t \u0111\u00e1ng tin c\u1eady ngay c\u1ea3 trong \u0111i\u1ec1u ki\u1ec7n kh\u1eafc nghi\u1ec7t, ph\u00f9 h\u1ee3p cho s\u1eed d\u1ee5ng ngo\u00e0i tr\u1eddi v\u00e0 c\u00f4ng nghi\u1ec7p.<\/li>\n<li><strong>Kh\u1ea3 n\u0103ng ch\u1ecbu t\u1ea3i cao:<\/strong><br \/>\n\u0110\u01b0\u1ee3c thi\u1ebft k\u1ebf \u0111\u1ec3 ch\u1ecbu t\u1ea3i tr\u1ecdng l\u1edbn, xi lanh th\u1ee7y l\u1ef1c n\u00e0y mang l\u1ea1i kh\u1ea3 n\u0103ng n\u00e2ng v\u00e0 \u0111\u1ea9y m\u1ea1nh m\u1ebd. Kh\u1ea3 n\u0103ng ch\u1ecbu t\u1ea3i cao c\u1ee7a n\u00f3 gi\u00fap n\u00e2ng cao n\u0103ng su\u1ea5t v\u00e0 hi\u1ec7u qu\u1ea3 trong nhi\u1ec1u ho\u1ea1t \u0111\u1ed9ng, t\u1eeb x\u00e2y d\u1ef1ng \u0111\u1ebfn n\u00f4ng nghi\u1ec7p.<\/li>\n<li><strong>\u1ee8ng d\u1ee5ng \u0111a n\u0103ng:<\/strong><br \/>\nXi lanh th\u1ee7y l\u1ef1c 10019 ph\u00f9 h\u1ee3p v\u1edbi nhi\u1ec1u \u1ee9ng d\u1ee5ng, bao g\u1ed3m x\u1eed l\u00fd v\u1eadt li\u1ec7u, m\u00e1y m\u00f3c n\u00f4ng nghi\u1ec7p v\u00e0 thi\u1ebft b\u1ecb c\u00f4ng nghi\u1ec7p. T\u00ednh linh ho\u1ea1t c\u1ee7a n\u00f3 khi\u1ebfn n\u00f3 tr\u1edf th\u00e0nh m\u1ed9t c\u00f4ng c\u1ee5 h\u1eefu \u00edch cho c\u00e1c chuy\u00ean gia trong nhi\u1ec1u l\u0129nh v\u1ef1c.<\/li>\n<li><strong>Nh\u1ecf g\u1ecdn v\u00e0 nh\u1eb9:<\/strong><br \/>\nThi\u1ebft k\u1ebf nh\u1ecf g\u1ecdn c\u1ee7a xi lanh cho ph\u00e9p l\u1eafp \u0111\u1eb7t d\u1ec5 d\u00e0ng trong kh\u00f4ng gian ch\u1eadt h\u1eb9p m\u00e0 kh\u00f4ng \u1ea3nh h\u01b0\u1edfng \u0111\u1ebfn hi\u1ec7u su\u1ea5t. Tr\u1ecdng l\u01b0\u1ee3ng nh\u1eb9 gi\u00fap d\u1ec5 d\u00e0ng di chuy\u1ec3n, ph\u00f9 h\u1ee3p v\u1edbi nhi\u1ec1u lo\u1ea1i thi\u1ebft b\u1ecb kh\u00e1c nhau.<\/li>\n<\/ul>\n<p><img decoding=\"async\" class=\"aligncenter\" src=\"https:\/\/hzpt.com\/wp-content\/uploads\/2023\/12\/random-5.webp\" alt=\"\" title=\"\"><\/p>\n<h4>Th\u00f4ng s\u1ed1 k\u1ef9 thu\u1eadt:<\/h4>\n<table style=\"width: 87.8571%; height: 189px;\">\n<thead>\n<tr>\n<th>\u0110\u1eb7c \u0111i\u1ec3m k\u1ef9 thu\u1eadt<\/th>\n<th>S\u1ef1 mi\u00eau t\u1ea3<\/th>\n<\/tr>\n<\/thead>\n<tbody>\n<tr>\n<td><strong>K\u00edch th\u01b0\u1edbc l\u1ed7 khoan<\/strong><\/td>\n<td>C\u00f3 th\u1ec3 t\u00f9y ch\u1ec9nh<\/td>\n<\/tr>\n<tr>\n<td><strong>Chi\u1ec1u d\u00e0i n\u00e9t v\u1ebd<\/strong><\/td>\n<td>C\u00f3 nhi\u1ec1u t\u00f9y ch\u1ecdn kh\u00e1c nhau<\/td>\n<\/tr>\n<tr>\n<td><strong>\u00c1p su\u1ea5t t\u1ed1i \u0111a<\/strong><\/td>\n<td>L\u00ean \u0111\u1ebfn 3000 PSI<\/td>\n<\/tr>\n<tr>\n<td><strong>V\u1eadt li\u1ec7u<\/strong><\/td>\n<td>Th\u00e9p kh\u00f4ng g\u1ec9 ch\u1ea5t l\u01b0\u1ee3ng cao<\/td>\n<\/tr>\n<tr>\n<td><strong>Lo\u1ea1i k\u1ebft n\u1ed1i<\/strong><\/td>\n<td>C\u00f3 b\u00edch ho\u1eb7c c\u00f3 ren<\/td>\n<\/tr>\n<\/tbody>\n<\/table>\n<h4>Nguy\u00ean l\u00fd ho\u1ea1t \u0111\u1ed9ng:<\/h4>\n<p>Xi lanh th\u1ee7y l\u1ef1c th\u00e9p kh\u00f4ng g\u1ec9 t\u00e1c \u0111\u1ed9ng k\u00e9p 10019 ho\u1ea1t \u0111\u1ed9ng d\u1ef1a tr\u00ean nguy\u00ean l\u00fd \u00e1p su\u1ea5t ch\u1ea5t l\u1ecfng th\u1ee7y l\u1ef1c. Khi ch\u1ea5t l\u1ecfng th\u1ee7y l\u1ef1c \u0111\u01b0\u1ee3c b\u01a1m v\u00e0o xi lanh, n\u00f3 t\u00e1c \u0111\u1ed9ng l\u1ef1c l\u00ean piston, t\u1ea1o ra chuy\u1ec3n \u0111\u1ed9ng th\u1eb3ng theo c\u1ea3 hai h\u01b0\u1edbng. S\u1ef1 truy\u1ec1n l\u1ef1c hi\u1ec7u qu\u1ea3 n\u00e0y cho ph\u00e9p ki\u1ec3m so\u00e1t ch\u00ednh x\u00e1c c\u00e1c t\u00e1c v\u1ee5 kh\u00e1c nhau, n\u00e2ng cao hi\u1ec7u qu\u1ea3 v\u1eadn h\u00e0nh.<\/p>\n<p>T\u00f3m l\u1ea1i, Xi lanh th\u1ee7y l\u1ef1c th\u00e9p kh\u00f4ng g\u1ec9 t\u00e1c \u0111\u1ed9ng k\u00e9p hi\u1ec7u qu\u1ea3 10019 l\u00e0 gi\u1ea3i ph\u00e1p \u0111\u00e1ng tin c\u1eady v\u00e0 hi\u1ec7u qu\u1ea3 cho c\u00e1c \u1ee9ng d\u1ee5ng \u0111\u00f2i h\u1ecfi kh\u1eaft khe. K\u1ebft c\u1ea5u b\u1ec1n b\u1ec9, kh\u1ea3 n\u0103ng ch\u1ecbu t\u1ea3i cao v\u00e0 t\u00ednh linh ho\u1ea1t khi\u1ebfn n\u00f3 tr\u1edf th\u00e0nh c\u00f4ng c\u1ee5 thi\u1ebft y\u1ebfu cho c\u00e1c chuy\u00ean gia mu\u1ed1n c\u1ea3i thi\u1ec7n n\u0103ng su\u1ea5t v\u00e0 hi\u1ec7u su\u1ea5t v\u1eadn h\u00e0nh.<\/p>\n<p><img decoding=\"async\" src=\"https:\/\/hzpt.com\/wp-content\/uploads\/2023\/12\/random-1.webp?v=1694163707\" alt=\"\" title=\"\"><\/p>\n<h2>\u01afu \u0111i\u1ec3m c\u1ee7a xi lanh lo\u1ea1i T h\u00e0n<\/h2>\n<ul>\n<li style=\"list-style-type: none;\">\n<ul>\n<li><strong>T\u0103ng c\u01b0\u1eddng s\u1ee9c m\u1ea1nh:<\/strong> Xi lanh ch\u1eef T h\u00e0n n\u1ed5i ti\u1ebfng v\u1edbi \u0111\u1ed9 b\u1ec1n cao, ph\u00f9 h\u1ee3p cho c\u00e1c \u1ee9ng d\u1ee5ng \u0111\u00f2i h\u1ecfi n\u00e2ng v\u1eadt n\u1eb7ng. Quy tr\u00ecnh h\u00e0n \u0111\u01b0\u1ee3c s\u1eed d\u1ee5ng trong qu\u00e1 tr\u00ecnh ch\u1ebf t\u1ea1o xi lanh \u0111\u1ea3m b\u1ea3o xi lanh kh\u00f4ng c\u00f3 \u0111i\u1ec3m y\u1ebfu v\u00e0 c\u00f3 th\u1ec3 ch\u1ecbu \u0111\u01b0\u1ee3c \u00e1p su\u1ea5t v\u00e0 \u1ee9ng su\u1ea5t cao.<\/li>\n<\/ul>\n<\/li>\n<\/ul>\n<p>Khi \u00e1p l\u1ef1c t\u00e1c \u0111\u1ed9ng l\u00ean xi lanh, \u00e1p l\u1ef1c \u0111\u01b0\u1ee3c ph\u00e2n b\u1ed5 \u0111\u1ec1u tr\u00ean to\u00e0n b\u1ed9 b\u1ec1 m\u1eb7t, gi\u00fap xi lanh ch\u1ed1ng bi\u1ebfn d\u1ea1ng. \u0110\u1eb7c \u0111i\u1ec3m n\u00e0y \u0111\u1ea3m b\u1ea3o xi lanh duy tr\u00ec h\u00ecnh d\u1ea1ng v\u00e0 t\u00ednh to\u00e0n v\u1eb9n v\u1ec1 c\u1ea5u tr\u00fac ngay c\u1ea3 trong \u0111i\u1ec1u ki\u1ec7n kh\u1eafc nghi\u1ec7t.<\/p>\n<ul>\n<li style=\"list-style-type: none;\">\n<ul>\n<li><strong>Ph\u00f2ng ng\u1eeba r\u00f2 r\u1ec9:<\/strong> Xi lanh ch\u1eef T h\u00e0n \u0111\u01b0\u1ee3c thi\u1ebft k\u1ebf \u0111\u1ec3 ng\u0103n ng\u1eeba r\u00f2 r\u1ec9. Quy tr\u00ecnh h\u00e0n \u0111\u01b0\u1ee3c s\u1eed d\u1ee5ng trong qu\u00e1 tr\u00ecnh ch\u1ebf t\u1ea1o \u0111\u1ea3m b\u1ea3o xi lanh \u0111\u01b0\u1ee3c b\u1ecbt k\u00edn ho\u00e0n to\u00e0n v\u00e0 kh\u00f4ng c\u00f3 b\u1ea5t k\u1ef3 r\u00f2 r\u1ec9 n\u00e0o. \u0110\u1eb7c \u0111i\u1ec3m n\u00e0y khi\u1ebfn ch\u00fang ph\u00f9 h\u1ee3p \u0111\u1ec3 s\u1eed d\u1ee5ng trong c\u00e1c \u1ee9ng d\u1ee5ng m\u00e0 r\u00f2 r\u1ec9 c\u00f3 th\u1ec3 g\u00e2y ra h\u01b0 h\u1ecfng ho\u1eb7c th\u01b0\u01a1ng t\u00edch nghi\u00eam tr\u1ecdng.<\/li>\n<\/ul>\n<\/li>\n<\/ul>\n<p>C\u00e1c m\u1ed1i h\u00e0n nh\u1eb5n, kh\u00f4ng c\u00f3 khe h\u1edf hay r\u00e3nh n\u00e0o \u0111\u1ec3 m\u1ea3nh v\u1ee5n ho\u1eb7c b\u1ee5i b\u1ea9n c\u00f3 th\u1ec3 t\u00edch t\u1ee5, gi\u00fap gi\u1ea3m nguy c\u01a1 \u0103n m\u00f2n v\u00e0 h\u01b0 h\u1ecfng xi lanh.<\/p>\n<ul>\n<li style=\"list-style-type: none;\">\n<ul>\n<li><strong>C\u00f3 th\u1ec3 t\u00f9y ch\u1ec9nh:<\/strong> Xi lanh h\u00e0n ch\u1eef T c\u00f3 th\u1ec3 \u0111\u01b0\u1ee3c t\u00f9y ch\u1ec9nh \u0111\u1ec3 ph\u00f9 h\u1ee3p v\u1edbi c\u00e1c \u1ee9ng d\u1ee5ng c\u1ee5 th\u1ec3. Xi lanh c\u00f3 nhi\u1ec1u k\u00edch c\u1ee1 v\u00e0 h\u00ecnh d\u1ea1ng kh\u00e1c nhau, v\u00e0 c\u00f3 th\u1ec3 \u0111\u01b0\u1ee3c ch\u1ebf t\u1ea1o \u0111\u1ec3 \u0111\u00e1p \u1ee9ng c\u00e1c y\u00eau c\u1ea7u c\u1ee5 th\u1ec3 c\u1ee7a \u1ee9ng d\u1ee5ng.<\/li>\n<\/ul>\n<\/li>\n<\/ul>\n<p>Qu\u00e1 tr\u00ecnh t\u00f9y ch\u1ec9nh cho ph\u00e9p t\u1ed1i \u01b0u h\u00f3a hi\u1ec7u su\u1ea5t c\u1ee7a xi lanh, \u0111\u1ea3m b\u1ea3o ph\u00f9 h\u1ee3p v\u1edbi \u1ee9ng d\u1ee5ng mong mu\u1ed1n. \u0110\u1eb7c \u0111i\u1ec3m n\u00e0y l\u00e0m cho xi lanh ch\u1eef T h\u00e0n tr\u1edf n\u00ean l\u00fd t\u01b0\u1edfng \u0111\u1ec3 s\u1eed d\u1ee5ng trong nhi\u1ec1u \u1ee9ng d\u1ee5ng c\u00f4ng nghi\u1ec7p kh\u00e1c nhau, bao g\u1ed3m x\u00e2y d\u1ef1ng, khai th\u00e1c m\u1ecf v\u00e0 v\u1eadn chuy\u1ec3n v\u1eadt li\u1ec7u.<\/p>\n<ul>\n<li style=\"list-style-type: none;\">\n<ul>\n<li><strong>Ti\u1ebft ki\u1ec7m chi ph\u00ed:<\/strong> Xi lanh ch\u1eef T h\u00e0n c\u00f3 chi ph\u00ed h\u1ee3p l\u00fd h\u01a1n so v\u1edbi c\u00e1c lo\u1ea1i xi lanh kh\u00e1c. Quy tr\u00ecnh ch\u1ebf t\u1ea1o lo\u1ea1i xi lanh n\u00e0y r\u1ea5t \u0111\u01a1n gi\u1ea3n, gi\u00fap gi\u1ea3m chi ph\u00ed so v\u1edbi c\u00e1c lo\u1ea1i xi lanh kh\u00e1c.<\/li>\n<\/ul>\n<\/li>\n<\/ul>\n<p>H\u01a1n n\u1eefa, \u0111\u1ed9 b\u1ec1n v\u00e0 \u0111\u1ed9 b\u1ec1n cao c\u1ee7a xi lanh ch\u1eef T h\u00e0n gi\u00fap gi\u1ea3m nhu c\u1ea7u s\u1eeda ch\u1eefa v\u00e0 thay th\u1ebf th\u01b0\u1eddng xuy\u00ean, ti\u1ebft ki\u1ec7m chi ph\u00ed b\u1ea3o tr\u00ec. \u0110\u1eb7c \u0111i\u1ec3m n\u00e0y khi\u1ebfn ch\u00fang tr\u1edf th\u00e0nh l\u1ef1a ch\u1ecdn ph\u1ed5 bi\u1ebfn cho nhi\u1ec1u ng\u00e0nh c\u00f4ng nghi\u1ec7p, \u0111\u1eb7c bi\u1ec7t l\u00e0 nh\u1eefng ng\u00e0nh c\u00f3 ng\u00e2n s\u00e1ch h\u1ea1n h\u1eb9p.<\/p>\n<ul>\n<li style=\"list-style-type: none;\">\n<ul>\n<li><strong>T\u0103ng hi\u1ec7u qu\u1ea3:<\/strong> Xi lanh h\u00e0n ch\u1eef T c\u00f3 hi\u1ec7u su\u1ea5t cao v\u00e0 hi\u1ec7u su\u1ea5t t\u1ed1t. Thi\u1ebft k\u1ebf c\u1ee7a xi lanh \u0111\u1ea3m b\u1ea3o l\u1ef1c t\u00e1c d\u1ee5ng \u0111\u01b0\u1ee3c truy\u1ec1n tr\u1ef1c ti\u1ebfp \u0111\u1ebfn t\u1ea3i, gi\u1ea3m t\u1ed5n th\u1ea5t n\u0103ng l\u01b0\u1ee3ng v\u00e0 t\u0103ng hi\u1ec7u su\u1ea5t.<\/li>\n<\/ul>\n<\/li>\n<\/ul>\n<p>C\u00e1c m\u1ed1i h\u00e0n ch\u1eafc ch\u1eafn v\u00e0 c\u1ee9ng c\u00e1p, gi\u1ea3m thi\u1ec3u \u0111\u1ed9 v\u00f5ng v\u00e0 \u0111\u1ea3m b\u1ea3o xi lanh duy tr\u00ec h\u00ecnh d\u1ea1ng v\u00e0 t\u00ednh to\u00e0n v\u1eb9n v\u1ec1 c\u1ea5u tr\u00fac ngay c\u1ea3 trong \u0111i\u1ec1u ki\u1ec7n kh\u1eafc nghi\u1ec7t. \u0110\u1eb7c \u0111i\u1ec3m n\u00e0y l\u00e0m cho xi lanh ch\u1eef T h\u00e0n l\u00fd t\u01b0\u1edfng \u0111\u1ec3 s\u1eed d\u1ee5ng trong c\u00e1c \u1ee9ng d\u1ee5ng \u0111\u00f2i h\u1ecfi hi\u1ec7u su\u1ea5t v\u00e0 \u0111\u1ed9 tin c\u1eady cao.<\/p>\n<p><img loading=\"lazy\" decoding=\"async\" class=\"size-full wp-image-977 aligncenter\" src=\"https:\/\/fmp-components.com\/wp-content\/uploads\/2024\/12\/Welded-Tee-Type-Cylinder3.webp\" alt=\"Xi lanh lo\u1ea1i T h\u00e0n\" width=\"653\" height=\"600\" title=\"\" srcset=\"https:\/\/fmp-components.com\/wp-content\/uploads\/2024\/12\/Welded-Tee-Type-Cylinder3.webp 653w, https:\/\/fmp-components.com\/wp-content\/uploads\/2024\/12\/Welded-Tee-Type-Cylinder3-480x441.webp 480w\" sizes=\"(min-width: 0px) and (max-width: 480px) 480px, (min-width: 481px) 653px, 100vw\" \/><\/p>\n<h2>\u1ee8ng d\u1ee5ng c\u1ee7a xi lanh lo\u1ea1i T h\u00e0n<\/h2>\n<h3>Gi\u1edbi thi\u1ec7u<\/h3>\n<p>Xi lanh ch\u1eef T h\u00e0n l\u00e0 m\u1ed9t lo\u1ea1i xi lanh th\u1ee7y l\u1ef1c th\u01b0\u1eddng \u0111\u01b0\u1ee3c s\u1eed d\u1ee5ng trong c\u00e1c \u1ee9ng d\u1ee5ng c\u00f4ng nghi\u1ec7p. N\u00f3 \u0111\u01b0\u1ee3c thi\u1ebft k\u1ebf \u0111\u1ec3 cung c\u1ea5p l\u1ef1c \u0111\u1ea7u ra l\u1edbn trong m\u1ed9t c\u1ea5u tr\u00fac nh\u1ecf g\u1ecdn v\u00e0 ti\u1ebft ki\u1ec7m chi ph\u00ed. Lo\u1ea1i xi lanh n\u00e0y bao g\u1ed3m m\u1ed9t ch\u1eef T h\u00e0n v\u00e0 m\u1ed9t thanh piston \u0111\u01b0\u1ee3c g\u1eafn v\u00e0o ch\u1eef T. Ch\u1eef T \u0111\u01b0\u1ee3c n\u1ed1i v\u1edbi th\u00e2n xi lanh v\u00e0 ch\u1ee9a m\u1ed9t piston di chuy\u1ec3n qua l\u1ea1i b\u00ean trong th\u00e2n xi lanh \u0111\u1ec3 t\u1ea1o l\u1ef1c.<\/p>\n<h3>\u01afu \u0111i\u1ec3m c\u1ee7a xi lanh lo\u1ea1i T h\u00e0n<\/h3>\n<p>C\u00f3 m\u1ed9t s\u1ed1 l\u1ee3i th\u1ebf khi s\u1eed d\u1ee5ng xi lanh ch\u1eef T h\u00e0n trong c\u00e1c \u1ee9ng d\u1ee5ng c\u00f4ng nghi\u1ec7p:<\/p>\n<ul>\n<li><b>Thi\u1ebft k\u1ebf nh\u1ecf g\u1ecdn:<\/b> Xi lanh ch\u1eef T h\u00e0n \u0111\u01b0\u1ee3c thi\u1ebft k\u1ebf nh\u1ecf g\u1ecdn, l\u00fd t\u01b0\u1edfng \u0111\u1ec3 s\u1eed d\u1ee5ng trong c\u00e1c \u1ee9ng d\u1ee5ng c\u00f3 kh\u00f4ng gian h\u1ea1n ch\u1ebf.<\/li>\n<li><b>Hi\u1ec7u qu\u1ea3 cao:<\/b> Xi lanh ch\u1eef T h\u00e0n c\u00f3 hi\u1ec7u su\u1ea5t cao, ngh\u0129a l\u00e0 ch\u00fang c\u00f3 th\u1ec3 t\u1ea1o ra l\u1ef1c l\u1edbn v\u1edbi l\u01b0\u1ee3ng n\u0103ng l\u01b0\u1ee3ng \u0111\u1ea7u v\u00e0o t\u1ed1i thi\u1ec3u.<\/li>\n<li><b>B\u1ec1n b\u1ec9:<\/b> Xi lanh ch\u1eef T h\u00e0n \u0111\u01b0\u1ee3c thi\u1ebft k\u1ebf c\u00f3 \u0111\u1ed9 b\u1ec1n cao, ngh\u0129a l\u00e0 ch\u00fang c\u00f3 th\u1ec3 ch\u1ecbu \u0111\u01b0\u1ee3c \u0111i\u1ec1u ki\u1ec7n v\u1eadn h\u00e0nh kh\u1eafc nghi\u1ec7t v\u00e0 s\u1eed d\u1ee5ng trong th\u1eddi gian d\u00e0i.<\/li>\n<li><b>Ti\u1ebft ki\u1ec7m chi ph\u00ed:<\/b> Xi lanh ch\u1eef T h\u00e0n c\u00f3 gi\u00e1 th\u00e0nh h\u1ee3p l\u00fd, ngh\u0129a l\u00e0 ch\u00fang c\u00f3 gi\u00e1 tr\u1ecb t\u1ed1t.<\/li>\n<\/ul>\n<h3>\u1ee8ng d\u1ee5ng c\u1ee7a xi lanh lo\u1ea1i T h\u00e0n<\/h3>\n<p>C\u00f3 nhi\u1ec1u \u1ee9ng d\u1ee5ng cho xi lanh ch\u1eef T h\u00e0n trong nhi\u1ec1u ng\u00e0nh c\u00f4ng nghi\u1ec7p kh\u00e1c nhau, bao g\u1ed3m:<\/p>\n<ul>\n<li><b>Ch\u1ebf t\u1ea1o:<\/b> Xi lanh ch\u1eef T h\u00e0n \u0111\u01b0\u1ee3c s\u1eed d\u1ee5ng trong s\u1ea3n xu\u1ea5t \u0111\u1ec3 v\u1eadn h\u00e0nh m\u00e1y m\u00f3c, di chuy\u1ec3n t\u1ea3i tr\u1ecdng n\u1eb7ng v\u00e0 \u0111\u1ecbnh h\u00ecnh c\u00e1c b\u1ed9 ph\u1eadn kim lo\u1ea1i.<\/li>\n<li><b>N\u00f4ng nghi\u1ec7p:<\/b> Xi lanh ch\u1eef T h\u00e0n \u0111\u01b0\u1ee3c s\u1eed d\u1ee5ng trong n\u00f4ng nghi\u1ec7p \u0111\u1ec3 v\u1eadn h\u00e0nh h\u1ec7 th\u1ed1ng th\u1ee7y l\u1ef1c tr\u00ean m\u00e1y k\u00e9o, m\u00e1y g\u1eb7t v\u00e0 c\u00e1c thi\u1ebft b\u1ecb n\u00f4ng nghi\u1ec7p kh\u00e1c.<\/li>\n<li><b>S\u1ef1 thi c\u00f4ng:<\/b> Xi lanh ch\u1eef T h\u00e0n \u0111\u01b0\u1ee3c s\u1eed d\u1ee5ng trong x\u00e2y d\u1ef1ng \u0111\u1ec3 v\u1eadn h\u00e0nh m\u00e1y m\u00f3c nh\u01b0 c\u1ea7n c\u1ea9u, m\u00e1y \u0111\u00e0o v\u00e0 m\u00e1y x\u00fac l\u1eadt.<\/li>\n<li><b>Khai th\u00e1c:<\/b> Xi lanh ch\u1eef T h\u00e0n \u0111\u01b0\u1ee3c s\u1eed d\u1ee5ng trong khai th\u00e1c m\u1ecf \u0111\u1ec3 v\u1eadn h\u00e0nh h\u1ec7 th\u1ed1ng th\u1ee7y l\u1ef1c tr\u00ean c\u00e1c thi\u1ebft b\u1ecb h\u1ea1ng n\u1eb7ng nh\u01b0 m\u00e1y \u1ee7i, m\u00e1y x\u00fac v\u00e0 m\u00e1y khoan \u0111\u00e1.<\/li>\n<li><b>V\u1eadn t\u1ea3i:<\/b> Xi lanh ch\u1eef T h\u00e0n \u0111\u01b0\u1ee3c s\u1eed d\u1ee5ng trong v\u1eadn chuy\u1ec3n \u0111\u1ec3 v\u1eadn h\u00e0nh h\u1ec7 th\u1ed1ng th\u1ee7y l\u1ef1c tr\u00ean xe t\u1ea3i, xe bu\u00fdt v\u00e0 c\u00e1c ph\u01b0\u01a1ng ti\u1ec7n kh\u00e1c.<\/li>\n<\/ul>\n<p>T\u00f3m l\u1ea1i, xi lanh ch\u1eef T h\u00e0n l\u00e0 m\u1ed9t th\u00e0nh ph\u1ea7n quan tr\u1ecdng trong nhi\u1ec1u \u1ee9ng d\u1ee5ng c\u00f4ng nghi\u1ec7p. Ch\u00fang \u0111\u01b0\u1ee3c thi\u1ebft k\u1ebf nh\u1ecf g\u1ecdn, hi\u1ec7u qu\u1ea3, b\u1ec1n b\u1ec9 v\u00e0 ti\u1ebft ki\u1ec7m chi ph\u00ed, khi\u1ebfn ch\u00fang tr\u1edf th\u00e0nh l\u1ef1a ch\u1ecdn l\u00fd t\u01b0\u1edfng cho nhi\u1ec1u \u1ee9ng d\u1ee5ng kh\u00e1c nhau. Cho d\u00f9 b\u1ea1n \u0111ang v\u1eadn h\u00e0nh m\u00e1y m\u00f3c trong nh\u00e0 m\u00e1y s\u1ea3n xu\u1ea5t, thi\u1ebft b\u1ecb n\u00f4ng nghi\u1ec7p tr\u00ean trang tr\u1ea1i hay thi\u1ebft b\u1ecb h\u1ea1ng n\u1eb7ng trong m\u1ecf, xi lanh ch\u1eef T h\u00e0n \u0111\u1ec1u c\u00f3 th\u1ec3 gi\u00fap b\u1ea1n ho\u00e0n th\u00e0nh c\u00f4ng vi\u1ec7c m\u1ed9t c\u00e1ch hi\u1ec7u qu\u1ea3.<\/p>\n<p><img loading=\"lazy\" decoding=\"async\" class=\"size-full wp-image-974 aligncenter\" src=\"https:\/\/fmp-components.com\/wp-content\/uploads\/2024\/12\/application-of-Welded-Tee-Type-Cylinder.webp\" alt=\"\u1ee9ng d\u1ee5ng c\u1ee7a xi-lanh ki\u1ec3u ch\u1eef T h\u00e0n\" width=\"760\" height=\"860\" title=\"\" srcset=\"https:\/\/fmp-components.com\/wp-content\/uploads\/2024\/12\/application-of-Welded-Tee-Type-Cylinder.webp 760w, https:\/\/fmp-components.com\/wp-content\/uploads\/2024\/12\/application-of-Welded-Tee-Type-Cylinder-480x543.webp 480w\" sizes=\"(min-width: 0px) and (max-width: 480px) 480px, (min-width: 481px) 760px, 100vw\" \/><\/p>\n<h3>Gi\u1edbi thi\u1ec7u v\u1ec1 FMP<\/h3>\n<p>V\u1edbi h\u01a1n 30 n\u0103m th\u00e0nh l\u1eadp t\u1ea1i \u00dd, FMP l\u00e0 nh\u00e0 s\u1ea3n xu\u1ea5t v\u00e0 cung c\u1ea5p xi lanh th\u1ee7y l\u1ef1c h\u00e0ng \u0111\u1ea7u. \u0110\u01b0\u1ee3c trang b\u1ecb h\u01a1n 100 m\u00e1y m\u00f3c ti\u00ean ti\u1ebfn, bao g\u1ed3m m\u00e1y h\u00e0n kh\u00ed t\u1ef1 \u0111\u1ed9ng, m\u00e1y khoan l\u1ed7 s\u00e2u v\u00e0 m\u00e1y ti\u1ec7n CNC, ch\u00fang t\u00f4i \u0111\u1ea3m b\u1ea3o \u0111\u1ed9 ch\u00ednh x\u00e1c v\u00e0 hi\u1ec7u qu\u1ea3 trong quy tr\u00ecnh s\u1ea3n xu\u1ea5t. Cam k\u1ebft v\u1ec1 ch\u1ea5t l\u01b0\u1ee3ng c\u1ee7a ch\u00fang t\u00f4i \u0111\u01b0\u1ee3c th\u1ec3 hi\u1ec7n qua quy tr\u00ecnh gia c\u00f4ng v\u00e0 ki\u1ec3m tra nghi\u00eam ng\u1eb7t, \u0111\u1ea3m b\u1ea3o mang \u0111\u1ebfn nh\u1eefng s\u1ea3n ph\u1ea9m v\u01b0\u1ee3t tr\u1ed9i cho kh\u00e1ch h\u00e0ng th\u00e2n thi\u1ebft.<\/p>\n<p><strong>1) D\u1ecbch v\u1ee5 thi\u1ebft k\u1ebf:<\/strong> \u0110\u1ed9i ng\u0169 thi\u1ebft k\u1ebf gi\u00e0u kinh nghi\u1ec7m c\u1ee7a ch\u00fang t\u00f4i chuy\u00ean thi\u1ebft k\u1ebf v\u00e0 ph\u00e1t tri\u1ec3n s\u1ea3n ph\u1ea9m tr\u1ee5c v\u1ea1n n\u0103ng. D\u00f9 b\u1ea1n c\u1ea7n s\u1ea3n ph\u1ea9m m\u1edbi hay c\u1ea3i ti\u1ebfn s\u1ea3n ph\u1ea9m hi\u1ec7n c\u00f3, ch\u00fang t\u00f4i lu\u00f4n s\u1eb5n s\u00e0ng h\u1ed7 tr\u1ee3 b\u1ea1n.<\/p>\n<p><strong>2) D\u1ecbch v\u1ee5 s\u1ea3n ph\u1ea9m:<\/strong> T\u1eeb nguy\u00ean li\u1ec7u th\u00f4 \u0111\u1ebfn kh\u00e2u c\u1eaft, gia c\u00f4ng th\u00f4, th\u1eed nghi\u1ec7m, l\u00e0m s\u1ea1ch, l\u1eafp r\u00e1p, \u0111\u00f3ng g\u00f3i v\u00e0 v\u1eadn chuy\u1ec3n, ch\u00fang t\u00f4i gi\u00e1m s\u00e1t m\u1ecdi b\u01b0\u1edbc \u0111\u1ec3 \u0111\u1ea3m b\u1ea3o \u0111\u00e1p \u1ee9ng c\u00e1c ti\u00eau chu\u1ea9n ch\u1ea5t l\u01b0\u1ee3ng cao nh\u1ea5t.<\/p>\n<p><strong>3) Quy tr\u00ecnh m\u1eabu:<\/strong> Ch\u00fang t\u00f4i cung c\u1ea5p d\u1ecbch v\u1ee5 ph\u00e1t tri\u1ec3n m\u1eabu theo y\u00eau c\u1ea7u c\u1ee5 th\u1ec3 c\u1ee7a b\u1ea1n. \u0110\u1ed9i ng\u0169 t\u1eadn t\u00e2m c\u1ee7a ch\u00fang t\u00f4i li\u00ean t\u1ee5c \u0111i\u1ec1u ch\u1ec9nh m\u1eabu \u0111\u1ec3 \u0111\u00e1p \u1ee9ng nhu c\u1ea7u c\u1ee7a b\u1ea1n, \u0111\u1ea3m b\u1ea3o ch\u1ea5t l\u01b0\u1ee3ng s\u1ea3n ph\u1ea9m ho\u00e0n h\u1ea3o.<\/p>\n<p><strong>4) Nghi\u00ean c\u1ee9u v\u00e0 ph\u00e1t tri\u1ec3n:<\/strong> Khi th\u1ecb tr\u01b0\u1eddng ph\u00e1t tri\u1ec3n, ch\u00fang t\u00f4i lu\u00f4n \u0111i \u0111\u1ea7u trong \u0111\u1ed5i m\u1edbi. Ch\u00fang t\u00f4i nghi\u00ean c\u1ee9u nhu c\u1ea7u th\u1ecb tr\u01b0\u1eddng m\u1edbi v\u00e0 ph\u00e1t tri\u1ec3n c\u00e1c m\u1eabu m\u00e3 m\u1edbi \u0111\u1ec3 \u0111\u00e1p \u1ee9ng nhu c\u1ea7u lu\u00f4n thay \u0111\u1ed5i c\u1ee7a kh\u00e1ch h\u00e0ng.<\/p>\n<p><strong>5) T\u00f9y ch\u1ec9nh:<\/strong> T\u1ea1i FMP, ch\u00fang t\u00f4i hi\u1ec3u r\u1eb1ng m\u1ed7i kh\u00e1ch h\u00e0ng \u0111\u1ec1u l\u00e0 duy nh\u1ea5t. Ch\u00fang t\u00f4i cung c\u1ea5p xi lanh th\u1ee7y l\u1ef1c \u0111\u01b0\u1ee3c t\u00f9y ch\u1ec9nh theo \u0111\u00fang th\u00f4ng s\u1ed1 k\u1ef9 thu\u1eadt c\u1ee7a b\u1ea1n, \u0111\u1ea3m b\u1ea3o hi\u1ec7u su\u1ea5t t\u1ed1i \u01b0u v\u00e0 s\u1ef1 h\u00e0i l\u00f2ng c\u1ee7a kh\u00e1ch h\u00e0ng.<\/p>\n<p><img decoding=\"async\" src=\"https:\/\/fmp-components.com\/wp-content\/uploads\/2024\/12\/fmp-factory-4.webp\" alt=\"Nh\u00e0 m\u00e1y FMP\" width=\"800\" title=\"\"><br \/>\nT\u00e1c gi\u1ea3: CX<\/p>","protected":false},"excerpt":{"rendered":"<p>The 10019 Effective Double Acting Stainless Steel Hydraulic Cylinder is designed for superior performance and durability in demanding environments. This hydraulic cylinder combines advanced engineering with high-quality materials, making it an essential component for various industrial and agricultural applications. Key Features: Double Acting Design: The double acting mechanism allows for efficient operation in both extension [&hellip;]<\/p>","protected":false},"featured_media":1132,"comment_status":"closed","ping_status":"closed","template":"","meta":{"_et_pb_use_builder":"","_et_pb_old_content":"","_et_gb_content_width":""},"product_brand":[],"product_cat":[31],"product_tag":[34,35],"class_list":{"0":"post-939","1":"product","2":"type-product","3":"status-publish","4":"has-post-thumbnail","6":"product_cat-welded-tee-type-cylinder","7":"product_tag-hydraulic-cylinder","8":"product_tag-welded-tee-type-cylinder","10":"first","11":"instock","12":"product-type-simple"},"_links":{"self":[{"href":"https:\/\/fmp-components.com\/vi\/wp-json\/wp\/v2\/product\/939","targetHints":{"allow":["GET"]}}],"collection":[{"href":"https:\/\/fmp-components.com\/vi\/wp-json\/wp\/v2\/product"}],"about":[{"href":"https:\/\/fmp-components.com\/vi\/wp-json\/wp\/v2\/types\/product"}],"replies":[{"embeddable":true,"href":"https:\/\/fmp-components.com\/vi\/wp-json\/wp\/v2\/comments?post=939"}],"wp:featuredmedia":[{"embeddable":true,"href":"https:\/\/fmp-components.com\/vi\/wp-json\/wp\/v2\/media\/1132"}],"wp:attachment":[{"href":"https:\/\/fmp-components.com\/vi\/wp-json\/wp\/v2\/media?parent=939"}],"wp:term":[{"taxonomy":"product_brand","embeddable":true,"href":"https:\/\/fmp-components.com\/vi\/wp-json\/wp\/v2\/product_brand?post=939"},{"taxonomy":"product_cat","embeddable":true,"href":"https:\/\/fmp-components.com\/vi\/wp-json\/wp\/v2\/product_cat?post=939"},{"taxonomy":"product_tag","embeddable":true,"href":"https:\/\/fmp-components.com\/vi\/wp-json\/wp\/v2\/product_tag?post=939"}],"curies":[{"name":"wp","href":"https:\/\/api.w.org\/{rel}","templated":true}]}}