{"id":921,"date":"2024-12-19T03:39:00","date_gmt":"2024-12-19T03:39:00","guid":{"rendered":"https:\/\/fmp-components.com\/product\/10002-professional-craftsmanship-small-double-acting-stainless-steel-hydraulic-cylinder-for-tractor\/"},"modified":"2024-12-19T09:01:32","modified_gmt":"2024-12-19T09:01:32","slug":"10002-professional-craftsmanship-small-double-acting-stainless-steel-hydraulic-cylinder-for-tractor","status":"publish","type":"product","link":"https:\/\/fmp-components.com\/vi\/product\/10002-professional-craftsmanship-small-double-acting-stainless-steel-hydraulic-cylinder-for-tractor\/","title":{"rendered":"10002 Xi lanh th\u1ee7y l\u1ef1c b\u1eb1ng th\u00e9p kh\u00f4ng g\u1ec9 t\u00e1c \u0111\u1ed9ng k\u00e9p nh\u1ecf th\u1ee7 c\u00f4ng chuy\u00ean nghi\u1ec7p cho m\u00e1y k\u00e9o"},"content":{"rendered":"<p>Xi lanh th\u1ee7y l\u1ef1c th\u00e9p kh\u00f4ng g\u1ec9 t\u00e1c \u0111\u1ed9ng k\u00e9p nh\u1ecf g\u1ecdn 10002 Professional Craftsmanship \u0111\u01b0\u1ee3c thi\u1ebft k\u1ebf \u0111\u1ec3 \u0111\u1ea1t hi\u1ec7u su\u1ea5t t\u1ed1i \u01b0u trong c\u00e1c \u1ee9ng d\u1ee5ng m\u00e1y k\u00e9o. K\u1ebft h\u1ee3p thi\u1ebft k\u1ebf s\u00e1ng t\u1ea1o v\u1edbi v\u1eadt li\u1ec7u ch\u1ea5t l\u01b0\u1ee3ng cao, xi lanh th\u1ee7y l\u1ef1c n\u00e0y l\u00e0 m\u1ed9t c\u00f4ng c\u1ee5 thi\u1ebft y\u1ebfu \u0111\u1ec3 n\u00e2ng cao hi\u1ec7u qu\u1ea3 v\u00e0 hi\u1ec7u su\u1ea5t ho\u1ea1t \u0111\u1ed9ng n\u00f4ng nghi\u1ec7p c\u1ee7a b\u1ea1n.<\/p>\n<p><img loading=\"lazy\" decoding=\"async\" class=\"size-full wp-image-977 aligncenter\" src=\"https:\/\/fmp-components.com\/wp-content\/uploads\/2024\/12\/Welded-Tee-Type-Cylinder3.webp\" alt=\"Xi lanh lo\u1ea1i T h\u00e0n\" width=\"653\" height=\"600\" title=\"\" srcset=\"https:\/\/fmp-components.com\/wp-content\/uploads\/2024\/12\/Welded-Tee-Type-Cylinder3.webp 653w, https:\/\/fmp-components.com\/wp-content\/uploads\/2024\/12\/Welded-Tee-Type-Cylinder3-480x441.webp 480w\" sizes=\"(min-width: 0px) and (max-width: 480px) 480px, (min-width: 481px) 653px, 100vw\" \/><\/p>\n<h4>C\u00e1c t\u00ednh n\u0103ng ch\u00ednh:<\/h4>\n<ul>\n<li><strong>Thi\u1ebft k\u1ebf t\u00e1c \u0111\u1ed9ng k\u00e9p:<\/strong><br \/>\nXi lanh th\u1ee7y l\u1ef1c n\u00e0y ho\u1ea1t \u0111\u1ed9ng \u1edf c\u1ea3 ch\u1ebf \u0111\u1ed9 k\u00e9o gi\u00e3n v\u00e0 thu h\u1ed3i, cho ph\u00e9p s\u1eed d\u1ee5ng linh ho\u1ea1t. C\u01a1 ch\u1ebf t\u00e1c \u0111\u1ed9ng k\u00e9p \u0111\u1ea3m b\u1ea3o chuy\u1ec3n \u0111\u1ed9ng tr\u01a1n tru v\u00e0 \u0111\u01b0\u1ee3c ki\u1ec3m so\u00e1t, l\u00fd t\u01b0\u1edfng cho c\u00e1c c\u00f4ng vi\u1ec7c \u0111\u00f2i h\u1ecfi v\u1ecb tr\u00ed ch\u00ednh x\u00e1c, ch\u1eb3ng h\u1ea1n nh\u01b0 n\u00e2ng v\u00e0 \u0111i\u1ec1u ch\u1ec9nh d\u1ee5ng c\u1ee5.<\/li>\n<li><strong>K\u1ebft c\u1ea5u th\u00e9p kh\u00f4ng g\u1ec9 cao c\u1ea5p:<\/strong><br \/>\n\u0110\u01b0\u1ee3c ch\u1ebf t\u1ea1o t\u1eeb th\u00e9p kh\u00f4ng g\u1ec9 cao c\u1ea5p, xi lanh th\u1ee7y l\u1ef1c n\u00e0y c\u00f3 kh\u1ea3 n\u0103ng ch\u1ed1ng \u0103n m\u00f2n v\u00e0 m\u00e0i m\u00f2n v\u01b0\u1ee3t tr\u1ed9i. \u0110\u1ed9 b\u1ec1n n\u00e0y \u0111\u1ea3m b\u1ea3o xi lanh c\u00f3 th\u1ec3 ch\u1ecbu \u0111\u01b0\u1ee3c c\u00e1c \u0111i\u1ec1u ki\u1ec7n kh\u1eafc nghi\u1ec7t th\u01b0\u1eddng th\u1ea5y trong m\u00f4i tr\u01b0\u1eddng n\u00f4ng nghi\u1ec7p, k\u00e9o d\u00e0i tu\u1ed5i th\u1ecd v\u00e0 duy tr\u00ec hi\u1ec7u su\u1ea5t \u0111\u00e1ng tin c\u1eady.<\/li>\n<li><strong>K\u00edch th\u01b0\u1edbc nh\u1ecf g\u1ecdn:<\/strong><br \/>\nThi\u1ebft k\u1ebf nh\u1ecf g\u1ecdn c\u1ee7a xi lanh th\u1ee7y l\u1ef1c 10002 cho ph\u00e9p d\u1ec5 d\u00e0ng l\u1eafp \u0111\u1eb7t trong kh\u00f4ng gian h\u1ea1n ch\u1ebf m\u00e0 kh\u00f4ng l\u00e0m gi\u1ea3m c\u00f4ng su\u1ea5t hay hi\u1ec7u su\u1ea5t. T\u00ednh nh\u1ecf g\u1ecdn c\u1ee7a n\u00f3 ph\u00f9 h\u1ee3p v\u1edbi nhi\u1ec1u lo\u1ea1i m\u00e1y k\u00e9o v\u00e0 \u1ee9ng d\u1ee5ng kh\u00e1c nhau, mang l\u1ea1i s\u1ef1 linh ho\u1ea1t khi s\u1eed d\u1ee5ng.<\/li>\n<li><strong>Hi\u1ec7u su\u1ea5t cao:<\/strong><br \/>\n\u0110\u01b0\u1ee3c thi\u1ebft k\u1ebf \u0111\u1ec3 t\u1ea1o ra l\u1ef1c m\u1ea1nh m\u1ebd, xi lanh th\u1ee7y l\u1ef1c n\u00e0y c\u00f3 kh\u1ea3 n\u0103ng ch\u1ecbu t\u1ea3i tr\u1ecdng l\u1edbn, ho\u00e0n h\u1ea3o cho nhi\u1ec1u nhi\u1ec7m v\u1ee5 n\u00f4ng nghi\u1ec7p. Hi\u1ec7u su\u1ea5t cao c\u1ee7a n\u00f3 gi\u00fap n\u00e2ng cao n\u0103ng su\u1ea5t chung c\u1ee7a m\u00e1y k\u00e9o, \u0111\u1ea3m b\u1ea3o ho\u00e0n th\u00e0nh c\u00f4ng vi\u1ec7c m\u1ed9t c\u00e1ch hi\u1ec7u qu\u1ea3.<\/li>\n<li><strong>\u1ee8ng d\u1ee5ng \u0111a n\u0103ng:<\/strong><br \/>\nXi lanh th\u1ee7y l\u1ef1c 10002 l\u00fd t\u01b0\u1edfng cho nhi\u1ec1u \u1ee9ng d\u1ee5ng kh\u00e1c nhau, bao g\u1ed3m c\u00e0y, n\u00e2ng v\u00e0 k\u00e9o. T\u00ednh linh ho\u1ea1t c\u1ee7a n\u00f3 \u0111\u1ea3m b\u1ea3o c\u00f3 th\u1ec3 \u0111\u01b0\u1ee3c s\u1eed d\u1ee5ng hi\u1ec7u qu\u1ea3 v\u1edbi nhi\u1ec1u lo\u1ea1i ph\u1ee5 t\u00f9ng m\u00e1y k\u00e9o, t\u1ed1i \u0111a h\u00f3a hi\u1ec7u qu\u1ea3 v\u1eadn h\u00e0nh.<\/li>\n<\/ul>\n<h4>Th\u00f4ng s\u1ed1 k\u1ef9 thu\u1eadt:<\/h4>\n<table style=\"width: 94.2857%; height: 160px;\">\n<thead>\n<tr>\n<th>\u0110\u1eb7c \u0111i\u1ec3m k\u1ef9 thu\u1eadt<\/th>\n<th>S\u1ef1 mi\u00eau t\u1ea3<\/th>\n<\/tr>\n<\/thead>\n<tbody>\n<tr>\n<td><strong>K\u00edch th\u01b0\u1edbc l\u1ed7 khoan<\/strong><\/td>\n<td>C\u00f3 th\u1ec3 t\u00f9y ch\u1ec9nh<\/td>\n<\/tr>\n<tr>\n<td><strong>Chi\u1ec1u d\u00e0i n\u00e9t v\u1ebd<\/strong><\/td>\n<td>C\u00f3 nhi\u1ec1u t\u00f9y ch\u1ecdn kh\u00e1c nhau<\/td>\n<\/tr>\n<tr>\n<td><strong>\u00c1p su\u1ea5t t\u1ed1i \u0111a<\/strong><\/td>\n<td>L\u00ean \u0111\u1ebfn 3000 PSI<\/td>\n<\/tr>\n<tr>\n<td><strong>V\u1eadt li\u1ec7u<\/strong><\/td>\n<td>Th\u00e9p kh\u00f4ng g\u1ec9 ch\u1ea5t l\u01b0\u1ee3ng cao<\/td>\n<\/tr>\n<tr>\n<td><strong>Lo\u1ea1i k\u1ebft n\u1ed1i<\/strong><\/td>\n<td>C\u00f3 b\u00edch ho\u1eb7c c\u00f3 ren<\/td>\n<\/tr>\n<\/tbody>\n<\/table>\n<h4>Nguy\u00ean l\u00fd ho\u1ea1t \u0111\u1ed9ng:<\/h4>\n<p>Xi lanh th\u1ee7y l\u1ef1c th\u00e9p kh\u00f4ng g\u1ec9 t\u00e1c \u0111\u1ed9ng k\u00e9p c\u1ee1 nh\u1ecf 10002 ho\u1ea1t \u0111\u1ed9ng d\u1ef1a tr\u00ean nguy\u00ean l\u00fd \u00e1p su\u1ea5t ch\u1ea5t l\u1ecfng th\u1ee7y l\u1ef1c. Khi ch\u1ea5t l\u1ecfng th\u1ee7y l\u1ef1c \u0111\u01b0\u1ee3c b\u01a1m v\u00e0o xi lanh, n\u00f3 t\u00e1c \u0111\u1ed9ng l\u1ef1c l\u00ean piston, t\u1ea1o ra chuy\u1ec3n \u0111\u1ed9ng tuy\u1ebfn t\u00ednh theo c\u1ea3 hai h\u01b0\u1edbng. Kh\u1ea3 n\u0103ng t\u00e1c \u0111\u1ed9ng k\u00e9p n\u00e0y cho ph\u00e9p ki\u1ec3m so\u00e1t hi\u1ec7u qu\u1ea3 c\u00e1c ch\u1ee9c n\u0103ng kh\u00e1c nhau c\u1ee7a m\u00e1y k\u00e9o, n\u00e2ng cao hi\u1ec7u su\u1ea5t v\u00e0 n\u0103ng su\u1ea5t.<\/p>\n<p>T\u00f3m l\u1ea1i, xi lanh th\u1ee7y l\u1ef1c th\u00e9p kh\u00f4ng g\u1ec9 t\u00e1c \u0111\u1ed9ng k\u00e9p nh\u1ecf g\u1ecdn 10002 Professional Craftsmanship l\u00e0 m\u1ed9t gi\u1ea3i ph\u00e1p m\u1ea1nh m\u1ebd v\u00e0 hi\u1ec7u qu\u1ea3 cho c\u00e1c \u1ee9ng d\u1ee5ng m\u00e1y k\u00e9o. C\u1ea5u tr\u00fac ch\u1ea5t l\u01b0\u1ee3ng cao, thi\u1ebft k\u1ebf t\u00e1c \u0111\u1ed9ng k\u00e9p v\u00e0 k\u00edch th\u01b0\u1edbc nh\u1ecf g\u1ecdn khi\u1ebfn n\u00f3 tr\u1edf th\u00e0nh m\u1ed9t c\u00f4ng c\u1ee5 v\u00f4 gi\u00e1 \u0111\u1ec3 c\u1ea3i thi\u1ec7n hi\u1ec7u su\u1ea5t v\u00e0 \u0111\u1ed9 tin c\u1eady c\u1ee7a m\u00e1y m\u00f3c n\u00f4ng nghi\u1ec7p. Cho d\u00f9 n\u00e2ng, \u0111i\u1ec1u ch\u1ec9nh hay k\u00e9o, xi lanh th\u1ee7y l\u1ef1c n\u00e0y \u0111\u01b0\u1ee3c thi\u1ebft k\u1ebf \u0111\u1ec3 \u0111\u00e1p \u1ee9ng nhu c\u1ea7u kh\u1eaft khe c\u1ee7a n\u1ec1n n\u00f4ng nghi\u1ec7p hi\u1ec7n \u0111\u1ea1i.<\/p>\n<p><img decoding=\"async\" class=\"aligncenter\" src=\"https:\/\/hzpt.com\/wp-content\/uploads\/2023\/12\/random-4.webp\" alt=\"Nh\u00e0 m\u00e1y FMP\" title=\"\"><\/p>\n<h2>\u01afu \u0111i\u1ec3m c\u1ee7a xi lanh lo\u1ea1i T h\u00e0n<\/h2>\n<ul>\n<li style=\"list-style-type: none;\">\n<ul>\n<li><strong>T\u0103ng c\u01b0\u1eddng s\u1ee9c m\u1ea1nh:<\/strong> Xi lanh ch\u1eef T h\u00e0n n\u1ed5i ti\u1ebfng v\u1edbi \u0111\u1ed9 b\u1ec1n cao, ph\u00f9 h\u1ee3p cho c\u00e1c \u1ee9ng d\u1ee5ng \u0111\u00f2i h\u1ecfi n\u00e2ng v\u1eadt n\u1eb7ng. Quy tr\u00ecnh h\u00e0n \u0111\u01b0\u1ee3c s\u1eed d\u1ee5ng trong qu\u00e1 tr\u00ecnh ch\u1ebf t\u1ea1o xi lanh \u0111\u1ea3m b\u1ea3o xi lanh kh\u00f4ng c\u00f3 \u0111i\u1ec3m y\u1ebfu v\u00e0 c\u00f3 th\u1ec3 ch\u1ecbu \u0111\u01b0\u1ee3c \u00e1p su\u1ea5t v\u00e0 \u1ee9ng su\u1ea5t cao.<\/li>\n<\/ul>\n<\/li>\n<\/ul>\n<p>Khi \u00e1p l\u1ef1c t\u00e1c \u0111\u1ed9ng l\u00ean xi lanh, \u00e1p l\u1ef1c \u0111\u01b0\u1ee3c ph\u00e2n b\u1ed5 \u0111\u1ec1u tr\u00ean to\u00e0n b\u1ed9 b\u1ec1 m\u1eb7t, gi\u00fap xi lanh ch\u1ed1ng bi\u1ebfn d\u1ea1ng. \u0110\u1eb7c \u0111i\u1ec3m n\u00e0y \u0111\u1ea3m b\u1ea3o xi lanh duy tr\u00ec h\u00ecnh d\u1ea1ng v\u00e0 t\u00ednh to\u00e0n v\u1eb9n v\u1ec1 c\u1ea5u tr\u00fac ngay c\u1ea3 trong \u0111i\u1ec1u ki\u1ec7n kh\u1eafc nghi\u1ec7t.<\/p>\n<ul>\n<li style=\"list-style-type: none;\">\n<ul>\n<li><strong>Ph\u00f2ng ng\u1eeba r\u00f2 r\u1ec9:<\/strong> Xi lanh ch\u1eef T h\u00e0n \u0111\u01b0\u1ee3c thi\u1ebft k\u1ebf \u0111\u1ec3 ng\u0103n ng\u1eeba r\u00f2 r\u1ec9. Quy tr\u00ecnh h\u00e0n \u0111\u01b0\u1ee3c s\u1eed d\u1ee5ng trong qu\u00e1 tr\u00ecnh ch\u1ebf t\u1ea1o \u0111\u1ea3m b\u1ea3o xi lanh \u0111\u01b0\u1ee3c b\u1ecbt k\u00edn ho\u00e0n to\u00e0n v\u00e0 kh\u00f4ng c\u00f3 b\u1ea5t k\u1ef3 r\u00f2 r\u1ec9 n\u00e0o. \u0110\u1eb7c \u0111i\u1ec3m n\u00e0y khi\u1ebfn ch\u00fang ph\u00f9 h\u1ee3p \u0111\u1ec3 s\u1eed d\u1ee5ng trong c\u00e1c \u1ee9ng d\u1ee5ng m\u00e0 r\u00f2 r\u1ec9 c\u00f3 th\u1ec3 g\u00e2y ra h\u01b0 h\u1ecfng ho\u1eb7c th\u01b0\u01a1ng t\u00edch nghi\u00eam tr\u1ecdng.<\/li>\n<\/ul>\n<\/li>\n<\/ul>\n<p>C\u00e1c m\u1ed1i h\u00e0n nh\u1eb5n, kh\u00f4ng c\u00f3 khe h\u1edf hay r\u00e3nh n\u00e0o \u0111\u1ec3 m\u1ea3nh v\u1ee5n ho\u1eb7c b\u1ee5i b\u1ea9n c\u00f3 th\u1ec3 t\u00edch t\u1ee5, gi\u00fap gi\u1ea3m nguy c\u01a1 \u0103n m\u00f2n v\u00e0 h\u01b0 h\u1ecfng xi lanh.<\/p>\n<ul>\n<li style=\"list-style-type: none;\">\n<ul>\n<li><strong>C\u00f3 th\u1ec3 t\u00f9y ch\u1ec9nh:<\/strong> Xi lanh h\u00e0n ch\u1eef T c\u00f3 th\u1ec3 \u0111\u01b0\u1ee3c t\u00f9y ch\u1ec9nh \u0111\u1ec3 ph\u00f9 h\u1ee3p v\u1edbi c\u00e1c \u1ee9ng d\u1ee5ng c\u1ee5 th\u1ec3. Xi lanh c\u00f3 nhi\u1ec1u k\u00edch c\u1ee1 v\u00e0 h\u00ecnh d\u1ea1ng kh\u00e1c nhau, v\u00e0 c\u00f3 th\u1ec3 \u0111\u01b0\u1ee3c ch\u1ebf t\u1ea1o \u0111\u1ec3 \u0111\u00e1p \u1ee9ng c\u00e1c y\u00eau c\u1ea7u c\u1ee5 th\u1ec3 c\u1ee7a \u1ee9ng d\u1ee5ng.<\/li>\n<\/ul>\n<\/li>\n<\/ul>\n<p>Qu\u00e1 tr\u00ecnh t\u00f9y ch\u1ec9nh cho ph\u00e9p t\u1ed1i \u01b0u h\u00f3a hi\u1ec7u su\u1ea5t c\u1ee7a xi lanh, \u0111\u1ea3m b\u1ea3o ph\u00f9 h\u1ee3p v\u1edbi \u1ee9ng d\u1ee5ng mong mu\u1ed1n. \u0110\u1eb7c \u0111i\u1ec3m n\u00e0y l\u00e0m cho xi lanh ch\u1eef T h\u00e0n tr\u1edf n\u00ean l\u00fd t\u01b0\u1edfng \u0111\u1ec3 s\u1eed d\u1ee5ng trong nhi\u1ec1u \u1ee9ng d\u1ee5ng c\u00f4ng nghi\u1ec7p kh\u00e1c nhau, bao g\u1ed3m x\u00e2y d\u1ef1ng, khai th\u00e1c m\u1ecf v\u00e0 v\u1eadn chuy\u1ec3n v\u1eadt li\u1ec7u.<\/p>\n<ul>\n<li style=\"list-style-type: none;\">\n<ul>\n<li><strong>Ti\u1ebft ki\u1ec7m chi ph\u00ed:<\/strong> Xi lanh ch\u1eef T h\u00e0n c\u00f3 chi ph\u00ed h\u1ee3p l\u00fd h\u01a1n so v\u1edbi c\u00e1c lo\u1ea1i xi lanh kh\u00e1c. Quy tr\u00ecnh ch\u1ebf t\u1ea1o lo\u1ea1i xi lanh n\u00e0y r\u1ea5t \u0111\u01a1n gi\u1ea3n, gi\u00fap gi\u1ea3m chi ph\u00ed so v\u1edbi c\u00e1c lo\u1ea1i xi lanh kh\u00e1c.<\/li>\n<\/ul>\n<\/li>\n<\/ul>\n<p>H\u01a1n n\u1eefa, \u0111\u1ed9 b\u1ec1n v\u00e0 \u0111\u1ed9 b\u1ec1n cao c\u1ee7a xi lanh ch\u1eef T h\u00e0n gi\u00fap gi\u1ea3m nhu c\u1ea7u s\u1eeda ch\u1eefa v\u00e0 thay th\u1ebf th\u01b0\u1eddng xuy\u00ean, ti\u1ebft ki\u1ec7m chi ph\u00ed b\u1ea3o tr\u00ec. \u0110\u1eb7c \u0111i\u1ec3m n\u00e0y khi\u1ebfn ch\u00fang tr\u1edf th\u00e0nh l\u1ef1a ch\u1ecdn ph\u1ed5 bi\u1ebfn cho nhi\u1ec1u ng\u00e0nh c\u00f4ng nghi\u1ec7p, \u0111\u1eb7c bi\u1ec7t l\u00e0 nh\u1eefng ng\u00e0nh c\u00f3 ng\u00e2n s\u00e1ch h\u1ea1n h\u1eb9p.<\/p>\n<ul>\n<li style=\"list-style-type: none;\">\n<ul>\n<li><strong>T\u0103ng hi\u1ec7u qu\u1ea3:<\/strong> Xi lanh h\u00e0n ch\u1eef T c\u00f3 hi\u1ec7u su\u1ea5t cao v\u00e0 hi\u1ec7u su\u1ea5t t\u1ed1t. Thi\u1ebft k\u1ebf c\u1ee7a xi lanh \u0111\u1ea3m b\u1ea3o l\u1ef1c t\u00e1c d\u1ee5ng \u0111\u01b0\u1ee3c truy\u1ec1n tr\u1ef1c ti\u1ebfp \u0111\u1ebfn t\u1ea3i, gi\u1ea3m t\u1ed5n th\u1ea5t n\u0103ng l\u01b0\u1ee3ng v\u00e0 t\u0103ng hi\u1ec7u su\u1ea5t.<\/li>\n<\/ul>\n<\/li>\n<\/ul>\n<p>C\u00e1c m\u1ed1i h\u00e0n ch\u1eafc ch\u1eafn v\u00e0 c\u1ee9ng c\u00e1p, gi\u1ea3m thi\u1ec3u \u0111\u1ed9 v\u00f5ng v\u00e0 \u0111\u1ea3m b\u1ea3o xi lanh duy tr\u00ec h\u00ecnh d\u1ea1ng v\u00e0 t\u00ednh to\u00e0n v\u1eb9n v\u1ec1 c\u1ea5u tr\u00fac ngay c\u1ea3 trong \u0111i\u1ec1u ki\u1ec7n kh\u1eafc nghi\u1ec7t. \u0110\u1eb7c \u0111i\u1ec3m n\u00e0y l\u00e0m cho xi lanh ch\u1eef T h\u00e0n l\u00fd t\u01b0\u1edfng \u0111\u1ec3 s\u1eed d\u1ee5ng trong c\u00e1c \u1ee9ng d\u1ee5ng \u0111\u00f2i h\u1ecfi hi\u1ec7u su\u1ea5t v\u00e0 \u0111\u1ed9 tin c\u1eady cao.<\/p>\n<h2>\u1ee8ng d\u1ee5ng c\u1ee7a xi lanh lo\u1ea1i T h\u00e0n<\/h2>\n<ol>\n<li>\n<h3>Ng\u00e0nh c\u00f4ng nghi\u1ec7p \u00f4 t\u00f4<\/h3>\n<p>Xi lanh ch\u1eef T h\u00e0n \u0111\u01b0\u1ee3c s\u1eed d\u1ee5ng r\u1ed9ng r\u00e3i trong ng\u00e0nh c\u00f4ng nghi\u1ec7p \u00f4 t\u00f4. Ch\u00fang \u0111\u01b0\u1ee3c s\u1eed d\u1ee5ng trong c\u1eeda xe, n\u1eafp capo v\u00e0 c\u1ed1p xe, mui xe mui tr\u1ea7n v\u00e0 h\u1ec7 th\u1ed1ng tr\u1ee3 l\u1ef1c l\u00e1i. Lo\u1ea1i xi lanh n\u00e0y \u0111\u01b0\u1ee3c \u01b0a chu\u1ed9ng v\u00ec kh\u1ea3 n\u0103ng cung c\u1ea5p l\u1ef1c \u0111\u1ea7u ra l\u1edbn v\u1edbi y\u00eau c\u1ea7u kh\u00f4ng gian th\u1ea5p. Thi\u1ebft k\u1ebf xi lanh ch\u1eef T r\u1ea5t ph\u00f9 h\u1ee3p cho c\u00e1c \u1ee9ng d\u1ee5ng c\u1ea7n truy\u1ec1n l\u1ef1c theo hai h\u01b0\u1edbng kh\u00e1c nhau.<\/p>\n<p>H\u01a1n n\u1eefa, k\u1ebft c\u1ea5u h\u00e0n c\u1ee7a c\u00e1c xi-lanh n\u00e0y cho ph\u00e9p ch\u00fang ho\u1ea1t \u0111\u1ed9ng \u1edf nhi\u1ec7t \u0111\u1ed9 v\u00e0 \u00e1p su\u1ea5t cao m\u00e0 kh\u00f4ng b\u1ecb r\u00f2 r\u1ec9. \u0110i\u1ec1u n\u00e0y l\u00e0m cho ch\u00fang ph\u00f9 h\u1ee3p \u0111\u1ec3 s\u1eed d\u1ee5ng trong \u0111\u1ed9ng c\u01a1, h\u1ed9p s\u1ed1 v\u00e0 h\u1ec7 th\u1ed1ng phanh.<\/li>\n<li>\n<h3>Ng\u00e0nh s\u1ea3n xu\u1ea5t<\/h3>\n<p>Xi lanh ch\u1eef T h\u00e0n c\u0169ng \u0111\u01b0\u1ee3c s\u1eed d\u1ee5ng trong ng\u00e0nh s\u1ea3n xu\u1ea5t. Ch\u00fang \u0111\u01b0\u1ee3c s\u1eed d\u1ee5ng trong m\u00e1y \u00e9p th\u1ee7y l\u1ef1c, m\u00e1y r\u00e8n v\u00e0 m\u00e1y c\u1eaft kim lo\u1ea1i. L\u1ef1c \u0111\u1ea7u ra l\u1edbn c\u1ee7a lo\u1ea1i xi lanh n\u00e0y khi\u1ebfn ch\u00fang tr\u1edf n\u00ean l\u00fd t\u01b0\u1edfng cho c\u00e1c \u1ee9ng d\u1ee5ng \u0111\u00f2i h\u1ecfi l\u1ef1c l\u1edbn trong m\u1ed9t kh\u00f4ng gian nh\u1ecf.<\/p>\n<p>Thi\u1ebft k\u1ebf xi lanh ki\u1ec3u ch\u1eef T c\u0169ng r\u1ea5t ph\u00f9 h\u1ee3p cho c\u00e1c \u1ee9ng d\u1ee5ng c\u1ea7n truy\u1ec1n l\u1ef1c theo hai h\u01b0\u1edbng kh\u00e1c nhau. V\u00ed d\u1ee5, trong m\u00e1y \u00e9p th\u1ee7y l\u1ef1c, xi lanh ki\u1ec3u ch\u1eef T c\u00f3 th\u1ec3 \u0111\u01b0\u1ee3c s\u1eed d\u1ee5ng \u0111\u1ec3 t\u00e1c d\u1ee5ng l\u1ef1c theo c\u1ea3 ph\u01b0\u01a1ng th\u1eb3ng \u0111\u1ee9ng v\u00e0 ph\u01b0\u01a1ng ngang, cho ph\u00e9p th\u1ef1c hi\u1ec7n c\u00e1c quy tr\u00ecnh s\u1ea3n xu\u1ea5t ph\u1ee9c t\u1ea1p h\u01a1n.<\/li>\n<li>\n<h3>Ng\u00e0nh h\u00e0ng kh\u00f4ng v\u0169 tr\u1ee5<\/h3>\n<p>Xi lanh ch\u1eef T h\u00e0n \u0111\u01b0\u1ee3c s\u1eed d\u1ee5ng trong ng\u00e0nh h\u00e0ng kh\u00f4ng v\u0169 tr\u1ee5 cho nhi\u1ec1u \u1ee9ng d\u1ee5ng kh\u00e1c nhau. Ch\u00fang \u0111\u01b0\u1ee3c s\u1eed d\u1ee5ng trong h\u1ec7 th\u1ed1ng c\u00e0ng h\u1ea1 c\u00e1nh, c\u1eeda khoang h\u00e0ng h\u00f3a v\u00e0 h\u1ec7 th\u1ed1ng \u0111i\u1ec1u khi\u1ec3n bay. L\u1ef1c \u0111\u1ea9y l\u1edbn v\u00e0 thi\u1ebft k\u1ebf nh\u1ecf g\u1ecdn c\u1ee7a nh\u1eefng xi lanh n\u00e0y khi\u1ebfn ch\u00fang tr\u1edf n\u00ean l\u00fd t\u01b0\u1edfng \u0111\u1ec3 s\u1eed d\u1ee5ng trong kh\u00f4ng gian h\u1ea1n ch\u1ebf tr\u00ean m\u00e1y bay.<\/p>\n<p>C\u1ea5u tr\u00fac h\u00e0n c\u1ee7a c\u00e1c xi lanh n\u00e0y c\u0169ng gi\u00fap ch\u00fang ch\u1ecbu \u0111\u01b0\u1ee3c \u00e1p su\u1ea5t v\u00e0 nhi\u1ec7t \u0111\u1ed9 cao trong qu\u00e1 tr\u00ecnh bay. Ngo\u00e0i ra, thi\u1ebft k\u1ebf xi lanh ki\u1ec3u ch\u1eef T cho ph\u00e9p truy\u1ec1n l\u1ef1c theo hai h\u01b0\u1edbng kh\u00e1c nhau, r\u1ea5t ph\u00f9 h\u1ee3p cho c\u00e1c \u1ee9ng d\u1ee5ng c\u1ea7n t\u00e1c d\u1ee5ng l\u1ef1c theo m\u1ed9t g\u00f3c.<\/li>\n<li>\n<h3>Ng\u00e0nh x\u00e2y d\u1ef1ng<\/h3>\n<p>Xi lanh ch\u1eef T h\u00e0n \u0111\u01b0\u1ee3c s\u1eed d\u1ee5ng trong ng\u00e0nh x\u00e2y d\u1ef1ng cho c\u00e1c \u1ee9ng d\u1ee5ng n\u00e2ng h\u1ea1 v\u00e0 di chuy\u1ec3n n\u1eb7ng. Ch\u00fang \u0111\u01b0\u1ee3c s\u1eed d\u1ee5ng trong c\u1ea7n c\u1ea9u, m\u00e1y \u0111\u00e0o v\u00e0 m\u00e1y x\u00fac l\u1eadt. C\u00f4ng su\u1ea5t l\u1edbn v\u00e0 thi\u1ebft k\u1ebf nh\u1ecf g\u1ecdn c\u1ee7a lo\u1ea1i xi lanh n\u00e0y khi\u1ebfn ch\u00fang tr\u1edf n\u00ean l\u00fd t\u01b0\u1edfng \u0111\u1ec3 s\u1eed d\u1ee5ng trong kh\u00f4ng gian h\u1ea1n ch\u1ebf t\u1ea1i c\u00f4ng tr\u01b0\u1eddng x\u00e2y d\u1ef1ng.<\/p>\n<p>Thi\u1ebft k\u1ebf xi lanh ki\u1ec3u ch\u1eef T cho ph\u00e9p truy\u1ec1n l\u1ef1c theo hai h\u01b0\u1edbng kh\u00e1c nhau, r\u1ea5t ph\u00f9 h\u1ee3p cho c\u00e1c \u1ee9ng d\u1ee5ng c\u1ea7n t\u00e1c \u0111\u1ed9ng l\u1ef1c theo m\u1ed9t g\u00f3c. H\u01a1n n\u1eefa, k\u1ebft c\u1ea5u h\u00e0n c\u1ee7a c\u00e1c xi lanh n\u00e0y cho ph\u00e9p ch\u00fang ho\u1ea1t \u0111\u1ed9ng \u1edf \u00e1p su\u1ea5t v\u00e0 nhi\u1ec7t \u0111\u1ed9 cao m\u00e0 kh\u00f4ng b\u1ecb r\u00f2 r\u1ec9, ph\u00f9 h\u1ee3p \u0111\u1ec3 s\u1eed d\u1ee5ng trong m\u00f4i tr\u01b0\u1eddng ngo\u00e0i tr\u1eddi kh\u1eafc nghi\u1ec7t.<\/li>\n<\/ol>\n<p><img loading=\"lazy\" decoding=\"async\" class=\"size-full wp-image-974 aligncenter\" src=\"https:\/\/fmp-components.com\/wp-content\/uploads\/2024\/12\/application-of-Welded-Tee-Type-Cylinder.webp\" alt=\"\u1ee9ng d\u1ee5ng c\u1ee7a xi-lanh ki\u1ec3u ch\u1eef T h\u00e0n\" width=\"760\" height=\"860\" title=\"\" srcset=\"https:\/\/fmp-components.com\/wp-content\/uploads\/2024\/12\/application-of-Welded-Tee-Type-Cylinder.webp 760w, https:\/\/fmp-components.com\/wp-content\/uploads\/2024\/12\/application-of-Welded-Tee-Type-Cylinder-480x543.webp 480w\" sizes=\"(min-width: 0px) and (max-width: 480px) 480px, (min-width: 481px) 760px, 100vw\" \/><\/p>\n<h3>Gi\u1edbi thi\u1ec7u v\u1ec1 FMP<\/h3>\n<p>FMP l\u00e0 nh\u00e0 s\u1ea3n xu\u1ea5t xi lanh th\u1ee7y l\u1ef1c uy t\u00edn v\u1edbi h\u01a1n 30 n\u0103m kinh nghi\u1ec7m trong ng\u00e0nh, c\u00f3 tr\u1ee5 s\u1edf t\u1ea1i \u00dd. Ch\u00fang t\u00f4i chuy\u00ean s\u1ea3n xu\u1ea5t nhi\u1ec1u lo\u1ea1i xi lanh th\u1ee7y l\u1ef1c v\u00e0 c\u0169ng cung c\u1ea5p c\u00e1c t\u00f9y ch\u1ecdn t\u00f9y ch\u1ec9nh \u0111\u1ec3 \u0111\u00e1p \u1ee9ng nhu c\u1ea7u c\u1ee5 th\u1ec3 c\u1ee7a kh\u00e1ch h\u00e0ng.<\/p>\n<p>Sau \u0111\u00e2y l\u00e0 n\u0103m l\u00fd do t\u1ea1i sao b\u1ea1n n\u00ean ch\u1ecdn FMP cho nhu c\u1ea7u xi lanh th\u1ee7y l\u1ef1c c\u1ee7a m\u00ecnh:<\/p>\n<p>1. Thi\u1ebft b\u1ecb hi\u1ec7n \u0111\u1ea1i<\/p>\n<p>Ch\u00fang t\u00f4i s\u1edf h\u1eefu h\u01a1n 100 thi\u1ebft b\u1ecb ti\u00ean ti\u1ebfn, bao g\u1ed3m m\u00e1y h\u00e0n kh\u00ed t\u1ef1 \u0111\u1ed9ng, m\u00e1y khoan l\u1ed7 s\u00e2u, m\u00e1y ti\u1ec7n CNC, m\u00e1y m\u00e0i tr\u1ee5, m\u00e1y v\u1ec7 sinh t\u1ef1 \u0111\u1ed9ng, m\u00e1y l\u1eafp \u0111\u1eb7t t\u1ef1 \u0111\u1ed9ng, b\u00e0n th\u1eed nghi\u1ec7m hi\u1ec7u su\u1ea5t xi lanh th\u1ee7y l\u1ef1c t\u1ef1 \u0111\u1ed9ng, d\u00e2y chuy\u1ec1n s\u01a1n t\u1ef1 \u0111\u1ed9ng, v.v. V\u1edbi m\u00e1y m\u00f3c ti\u00ean ti\u1ebfn, ch\u00fang t\u00f4i c\u00f3 th\u1ec3 \u0111\u1ea3m b\u1ea3o ch\u1ea5t l\u01b0\u1ee3ng v\u00e0 \u0111\u1ed9 ch\u00ednh x\u00e1c c\u1ee7a xi lanh th\u1ee7y l\u1ef1c.<\/p>\n<p>2. Ki\u1ec3m so\u00e1t ch\u1ea5t l\u01b0\u1ee3ng nghi\u00eam ng\u1eb7t<\/p>\n<p>T\u1ea5t c\u1ea3 xi lanh th\u1ee7y l\u1ef1c c\u1ee7a ch\u00fang t\u00f4i \u0111\u1ec1u tr\u1ea3i qua qu\u00e1 tr\u00ecnh x\u1eed l\u00fd v\u00e0 ki\u1ec3m tra nghi\u00eam ng\u1eb7t \u0111\u1ec3 \u0111\u1ea3m b\u1ea3o \u0111\u00e1p \u1ee9ng c\u00e1c ti\u00eau chu\u1ea9n ch\u1ea5t l\u01b0\u1ee3ng cao c\u1ee7a ch\u00fang t\u00f4i. Ch\u00fang t\u00f4i lu\u00f4n n\u1ed7 l\u1ef1c mang \u0111\u1ebfn cho kh\u00e1ch h\u00e0ng nh\u1eefng s\u1ea3n ph\u1ea9m t\u1ed1t nh\u1ea5t c\u00f3 th\u1ec3.<\/p>\n<p>3. D\u1ecbch v\u1ee5 thi\u1ebft k\u1ebf<\/p>\n<p>\u0110\u1ed9i ng\u0169 thi\u1ebft k\u1ebf gi\u00e0u kinh nghi\u1ec7m c\u1ee7a ch\u00fang t\u00f4i c\u00f3 th\u1ec3 gi\u00fap b\u1ea1n ph\u00e1t tri\u1ec3n s\u1ea3n ph\u1ea9m m\u1edbi ho\u1eb7c c\u1ea3i ti\u1ebfn s\u1ea3n ph\u1ea9m hi\u1ec7n c\u00f3. Ch\u00fang t\u00f4i c\u00f3 th\u1ec3 cung c\u1ea5p cho b\u1ea1n l\u1eddi khuy\u00ean chuy\u00ean m\u00f4n v\u00e0 h\u1ed7 tr\u1ee3 trong su\u1ed1t qu\u00e1 tr\u00ecnh thi\u1ebft k\u1ebf.<\/p>\n<p>4. D\u1ecbch v\u1ee5 s\u1ea3n ph\u1ea9m ho\u00e0n ch\u1ec9nh<\/p>\n<p>Ch\u00fang t\u00f4i cung c\u1ea5p d\u1ecbch v\u1ee5 tr\u1ecdn g\u00f3i, t\u1eeb l\u1ef1a ch\u1ecdn nguy\u00ean li\u1ec7u th\u00f4 \u0111\u1ebfn v\u1eadn chuy\u1ec3n. Quy tr\u00ecnh c\u1ee7a ch\u00fang t\u00f4i bao g\u1ed3m c\u1eaft, gia c\u00f4ng th\u00f4, ki\u1ec3m tra, v\u1ec7 sinh, l\u1eafp r\u00e1p, \u0111\u00f3ng g\u00f3i, v.v. Ch\u00fang t\u00f4i cung c\u1ea5p cho kh\u00e1ch h\u00e0ng d\u1ecbch v\u1ee5 to\u00e0n di\u1ec7n \u0111\u1ec3 \u0111\u1ea3m b\u1ea3o h\u1ecd h\u00e0i l\u00f2ng v\u1edbi xi lanh th\u1ee7y l\u1ef1c c\u1ee7a m\u00ecnh.<\/p>\n<p>5. Nghi\u00ean c\u1ee9u v\u00e0 ph\u00e1t tri\u1ec3n<\/p>\n<p>Ch\u00fang t\u00f4i kh\u00f4ng ng\u1eebng nghi\u00ean c\u1ee9u c\u00e1c xu h\u01b0\u1edbng th\u1ecb tr\u01b0\u1eddng m\u1edbi nh\u1ea5t v\u00e0 ph\u00e1t tri\u1ec3n c\u00e1c m\u1eabu xi lanh th\u1ee7y l\u1ef1c m\u1edbi \u0111\u1ec3 \u0111\u00e1p \u1ee9ng nhu c\u1ea7u c\u1ee7a kh\u00e1ch h\u00e0ng. Ch\u00fang t\u00f4i cam k\u1ebft lu\u00f4n d\u1eabn \u0111\u1ea7u ng\u00e0nh v\u00e0 cung c\u1ea5p c\u00e1c gi\u1ea3i ph\u00e1p s\u00e1ng t\u1ea1o cho kh\u00e1ch h\u00e0ng.<\/p>\n<p><img decoding=\"async\" src=\"https:\/\/fmp-components.com\/wp-content\/uploads\/2024\/12\/fmp-factory-4.webp\" alt=\"Nh\u00e0 m\u00e1y FMP\" width=\"800\" title=\"\"><br \/>\nT\u00e1c gi\u1ea3: CX<\/p>","protected":false},"excerpt":{"rendered":"<p>Xi lanh th\u1ee7y l\u1ef1c t\u00e1c \u0111\u1ed9ng k\u00e9p nh\u1ecf b\u1eb1ng th\u00e9p kh\u00f4ng g\u1ec9 10002 chuy\u00ean nghi\u1ec7p \u0111\u01b0\u1ee3c thi\u1ebft k\u1ebf \u0111\u1ec3 \u0111\u1ea1t hi\u1ec7u su\u1ea5t t\u1ed1i \u01b0u trong c\u00e1c \u1ee9ng d\u1ee5ng m\u00e1y k\u00e9o. K\u1ebft h\u1ee3p thi\u1ebft k\u1ebf s\u00e1ng t\u1ea1o v\u1edbi v\u1eadt li\u1ec7u ch\u1ea5t l\u01b0\u1ee3ng cao, xi lanh th\u1ee7y l\u1ef1c n\u00e0y l\u00e0 m\u1ed9t c\u00f4ng c\u1ee5 thi\u1ebft y\u1ebfu \u0111\u1ec3 n\u00e2ng cao hi\u1ec7u qu\u1ea3 v\u00e0 n\u0103ng su\u1ea5t ho\u1ea1t \u0111\u1ed9ng n\u00f4ng nghi\u1ec7p c\u1ee7a b\u1ea1n. C\u00e1c t\u00ednh n\u0103ng ch\u00ednh: Thi\u1ebft k\u1ebf t\u00e1c \u0111\u1ed9ng k\u00e9p: Xi lanh th\u1ee7y l\u1ef1c n\u00e0y ho\u1ea1t \u0111\u1ed9ng \u1edf c\u1ea3 ch\u1ebf \u0111\u1ed9 m\u1edf r\u1ed9ng v\u00e0 [\u2026]<\/p>","protected":false},"featured_media":1133,"comment_status":"closed","ping_status":"closed","template":"","meta":{"_et_pb_use_builder":"","_et_pb_old_content":"","_et_gb_content_width":""},"product_brand":[],"product_cat":[31],"product_tag":[34,35],"class_list":{"0":"post-921","1":"product","2":"type-product","3":"status-publish","4":"has-post-thumbnail","6":"product_cat-welded-tee-type-cylinder","7":"product_tag-hydraulic-cylinder","8":"product_tag-welded-tee-type-cylinder","10":"first","11":"instock","12":"product-type-simple"},"_links":{"self":[{"href":"https:\/\/fmp-components.com\/vi\/wp-json\/wp\/v2\/product\/921","targetHints":{"allow":["GET"]}}],"collection":[{"href":"https:\/\/fmp-components.com\/vi\/wp-json\/wp\/v2\/product"}],"about":[{"href":"https:\/\/fmp-components.com\/vi\/wp-json\/wp\/v2\/types\/product"}],"replies":[{"embeddable":true,"href":"https:\/\/fmp-components.com\/vi\/wp-json\/wp\/v2\/comments?post=921"}],"wp:featuredmedia":[{"embeddable":true,"href":"https:\/\/fmp-components.com\/vi\/wp-json\/wp\/v2\/media\/1133"}],"wp:attachment":[{"href":"https:\/\/fmp-components.com\/vi\/wp-json\/wp\/v2\/media?parent=921"}],"wp:term":[{"taxonomy":"product_brand","embeddable":true,"href":"https:\/\/fmp-components.com\/vi\/wp-json\/wp\/v2\/product_brand?post=921"},{"taxonomy":"product_cat","embeddable":true,"href":"https:\/\/fmp-components.com\/vi\/wp-json\/wp\/v2\/product_cat?post=921"},{"taxonomy":"product_tag","embeddable":true,"href":"https:\/\/fmp-components.com\/vi\/wp-json\/wp\/v2\/product_tag?post=921"}],"curies":[{"name":"wp","href":"https:\/\/api.w.org\/{rel}","templated":true}]}}