{"id":885,"date":"2024-12-19T02:48:59","date_gmt":"2024-12-19T02:48:59","guid":{"rendered":"https:\/\/fmp-components.com\/?page_id=8"},"modified":"2024-12-19T02:50:44","modified_gmt":"2024-12-19T02:50:44","slug":"hydraulic-cylinder-for-double-shield-tunnel-boring-machine","status":"publish","type":"product","link":"https:\/\/fmp-components.com\/vi\/product\/hydraulic-cylinder-for-double-shield-tunnel-boring-machine\/","title":{"rendered":"Xi lanh th\u1ee7y l\u1ef1c cho m\u00e1y khoan h\u1ea7m hai l\u1edbp ch\u1eafn"},"content":{"rendered":"<p style=\"text-align: center;\"><span style=\"font-size: 18pt;\">Xi lanh th\u1ee7y l\u1ef1c cho m\u00e1y khoan h\u1ea7m hai l\u1edbp ch\u1eafn<\/span><\/p>\n<p>Xi lanh th\u1ee7y l\u1ef1c cho m\u00e1y khoan h\u1ea7m hai l\u1edbp ch\u1eafn l\u00e0 m\u1ed9t th\u00e0nh ph\u1ea7n thi\u1ebft y\u1ebfu \u0111\u01b0\u1ee3c thi\u1ebft k\u1ebf \u0111\u1ec3 n\u00e2ng cao hi\u1ec7u qu\u1ea3 v\u00e0 \u0111\u1ed9 ch\u00ednh x\u00e1c c\u1ee7a qu\u00e1 tr\u00ecnh \u0111\u00e0o h\u1ea7m. H\u1ec7 th\u1ed1ng th\u1ee7y l\u1ef1c ti\u00ean ti\u1ebfn n\u00e0y cho ph\u00e9p v\u1eadn h\u00e0nh hi\u1ec7u qu\u1ea3 trong khung hai l\u1edbp ch\u1eafn \u0111\u1ed9c \u0111\u00e1o, cho ph\u00e9p \u0111\u00e0o h\u1ea7m v\u00e0 l\u1eafp \u0111\u1eb7t gi\u00e1 \u0111\u1ee1 \u0111\u1ed3ng th\u1eddi.<\/p>\n<p><img loading=\"lazy\" decoding=\"async\" class=\"alignnone size-full wp-image-911\" src=\"https:\/\/fmp-components.com\/wp-content\/uploads\/2024\/12\/Double-Shield-Tunnel-Boring-Machine-Support-Shoe-Cylinder-1.webp\" alt=\"M\u00e1y khoan h\u1ea7m hai l\u1edbp ch\u1eafn h\u1ed7 tr\u1ee3 xi lanh gi\u00e0y\" width=\"980\" height=\"554\" title=\"\" srcset=\"https:\/\/fmp-components.com\/wp-content\/uploads\/2024\/12\/Double-Shield-Tunnel-Boring-Machine-Support-Shoe-Cylinder-1.webp 980w, https:\/\/fmp-components.com\/wp-content\/uploads\/2024\/12\/Double-Shield-Tunnel-Boring-Machine-Support-Shoe-Cylinder-1-480x271.webp 480w\" sizes=\"(min-width: 0px) and (max-width: 480px) 480px, (min-width: 481px) 980px, 100vw\" \/><\/p>\n<h4>C\u00e1c t\u00ednh n\u0103ng ch\u00ednh:<\/h4>\n<ul>\n<li><strong>Kh\u1ea3 n\u0103ng \u0111\u1ea9y cao:<\/strong><br \/>\n\u0110\u01b0\u1ee3c thi\u1ebft k\u1ebf \u0111\u1ec3 t\u1ea1o ra l\u1ef1c m\u1ea1nh, c\u00e1c xi lanh th\u1ee7y l\u1ef1c n\u00e0y gi\u00fap \u0111\u00e0o nhanh, gi\u1ea3m \u0111\u00e1ng k\u1ec3 th\u1eddi gian th\u1ef1c hi\u1ec7n d\u1ef1 \u00e1n v\u00e0 c\u1ea3i thi\u1ec7n n\u0103ng su\u1ea5t t\u1ed5ng th\u1ec3.<\/li>\n<li><strong>\u0110\u1ed9 b\u1ec1n ch\u1eafc ch\u1eafn:<\/strong><br \/>\n\u0110\u01b0\u1ee3c ch\u1ebf t\u1ea1o t\u1eeb v\u1eadt li\u1ec7u c\u00f3 \u0111\u1ed9 b\u1ec1n cao, c\u00e1c xi lanh \u0111\u01b0\u1ee3c thi\u1ebft k\u1ebf \u0111\u1ec3 ch\u1ecbu \u0111\u01b0\u1ee3c \u0111i\u1ec1u ki\u1ec7n kh\u1eafc nghi\u1ec7t trong qu\u00e1 tr\u00ecnh \u0111\u00e0o h\u1ea7m, \u0111\u1ea3m b\u1ea3o hi\u1ec7u su\u1ea5t v\u00e0 \u0111\u1ed9 tin c\u1eady l\u00e2u d\u00e0i.<\/li>\n<li><strong>Ki\u1ec3m so\u00e1t \u0111\u1ed9 ch\u00ednh x\u00e1c:<\/strong><br \/>\nH\u1ec7 th\u1ed1ng th\u1ee7y l\u1ef1c cho ph\u00e9p di chuy\u1ec3n v\u00e0 ki\u1ec3m so\u00e1t ch\u00ednh x\u00e1c m\u00e1y khoan, cho ph\u00e9p c\u0103n ch\u1ec9nh v\u00e0 \u0111\u00e0o h\u1ea7m ch\u00ednh x\u00e1c, \u0111i\u1ec1u n\u00e0y r\u1ea5t quan tr\u1ecdng \u0111\u1ec3 \u0111\u00e1p \u1ee9ng c\u00e1c th\u00f4ng s\u1ed1 k\u1ef9 thu\u1eadt c\u1ee7a d\u1ef1 \u00e1n v\u00e0 ti\u00eau chu\u1ea9n an to\u00e0n.<\/li>\n<li><strong>\u0110\u1ed9 \u1ed5n \u0111\u1ecbnh \u0111\u01b0\u1ee3c c\u1ea3i thi\u1ec7n:<\/strong><br \/>\nC\u00e1c xi lanh n\u00e0y g\u00f3p ph\u1ea7n v\u00e0o s\u1ef1 \u1ed5n \u0111\u1ecbnh t\u1ed5ng th\u1ec3 c\u1ee7a h\u1ec7 th\u1ed1ng l\u00e1 ch\u1eafn k\u00e9p, \u0111\u1ea3m b\u1ea3o ho\u1ea1t \u0111\u1ed9ng an to\u00e0n qua nhi\u1ec1u d\u1ea1ng \u0111\u1ecba ch\u1ea5t kh\u00e1c nhau v\u00e0 gi\u1ea3m thi\u1ec3u nguy c\u01a1 tai n\u1ea1n.<\/li>\n<li><strong>\u1ee8ng d\u1ee5ng \u0111a n\u0103ng:<\/strong><br \/>\nPh\u00f9 h\u1ee3p v\u1edbi nhi\u1ec1u lo\u1ea1i d\u1ef1 \u00e1n, bao g\u1ed3m h\u1ec7 th\u1ed1ng t\u00e0u \u0111i\u1ec7n ng\u1ea7m, \u0111\u01b0\u1eddng h\u1ea7m ti\u1ec7n \u00edch v\u00e0 ph\u00e1t tri\u1ec3n c\u01a1 s\u1edf h\u1ea1 t\u1ea7ng, c\u00e1c xi lanh th\u1ee7y l\u1ef1c n\u00e0y c\u00f3 th\u1ec3 th\u00edch \u1ee9ng v\u1edbi nhi\u1ec1u nhu c\u1ea7u \u0111\u00e0o h\u1ea7m kh\u00e1c nhau.<\/li>\n<li><strong>Y\u00eau c\u1ea7u b\u1ea3o tr\u00ec th\u1ea5p:<\/strong><br \/>\nThi\u1ebft k\u1ebf b\u1ec1n b\u1ec9 gi\u00fap gi\u1ea3m thi\u1ec3u hao m\u00f2n, d\u1eabn \u0111\u1ebfn chi ph\u00ed b\u1ea3o tr\u00ec th\u1ea5p h\u01a1n v\u00e0 th\u1eddi gian ng\u1eebng ho\u1ea1t \u0111\u1ed9ng \u00edt h\u01a1n, gi\u00fap n\u00e2ng cao hi\u1ec7u qu\u1ea3 chung c\u1ee7a d\u1ef1 \u00e1n.<\/li>\n<li><strong>C\u00e1c t\u00ednh n\u0103ng an to\u00e0n ti\u00ean ti\u1ebfn:<\/strong><br \/>\n\u0110\u01b0\u1ee3c trang b\u1ecb c\u01a1 ch\u1ebf an to\u00e0n \u0111\u1ec3 ng\u0103n ng\u1eeba vi\u1ec7c ng\u1eaft k\u1ebft n\u1ed1i ngo\u00e0i \u00fd mu\u1ed1n, c\u00e1c xi lanh th\u1ee7y l\u1ef1c n\u00e0y \u0111\u1ea3m b\u1ea3o ho\u1ea1t \u0111\u1ed9ng an to\u00e0n, b\u1ea3o v\u1ec7 c\u1ea3 phi h\u00e0nh \u0111o\u00e0n v\u00e0 m\u00e1y m\u00f3c trong qu\u00e1 tr\u00ecnh \u0111\u00e0o.<\/li>\n<\/ul>\n<p>Xi lanh th\u1ee7y l\u1ef1c cho m\u00e1y khoan h\u1ea7m hai l\u1edbp ch\u1eafn l\u00e0 m\u1ed9t th\u00e0nh ph\u1ea7n thi\u1ebft y\u1ebfu trong c\u00f4ng ngh\u1ec7 \u0111\u00e0o h\u1ea7m hi\u1ec7n \u0111\u1ea1i, mang l\u1ea1i hi\u1ec7u su\u1ea5t cao, \u0111\u1ed9 b\u1ec1n v\u00e0 an to\u00e0n. Vi\u1ec7c t\u00edch h\u1ee3p n\u00f3 v\u00e0o m\u00e1y khoan h\u1ea7m gi\u00fap n\u00e2ng cao \u0111\u00e1ng k\u1ec3 hi\u1ec7u qu\u1ea3 v\u00e0 th\u00e0nh c\u00f4ng c\u1ee7a c\u00e1c d\u1ef1 \u00e1n x\u00e2y d\u1ef1ng ng\u1ea7m, khi\u1ebfn n\u00f3 tr\u1edf th\u00e0nh m\u1ed9t ph\u1ea7n kh\u00f4ng th\u1ec3 thi\u1ebfu trong ph\u00e1t tri\u1ec3n c\u01a1 s\u1edf h\u1ea1 t\u1ea7ng.<\/p>\n<h2>Xi lanh gi\u00e0y h\u1ed7 tr\u1ee3 m\u00e1y khoan h\u1ea7m Double Shield<\/h2>\n<p><img loading=\"lazy\" decoding=\"async\" class=\"size-full wp-image-912 aligncenter\" src=\"https:\/\/fmp-components.com\/wp-content\/uploads\/2024\/12\/Double-Shield-Tunnel-Boring-Machine-Support-Shoe-Cylinder.webp\" alt=\"Xi lanh gi\u00e0y h\u1ed7 tr\u1ee3 m\u00e1y khoan h\u1ea7m Double Shield\" width=\"500\" height=\"200\" title=\"\" srcset=\"https:\/\/fmp-components.com\/wp-content\/uploads\/2024\/12\/Double-Shield-Tunnel-Boring-Machine-Support-Shoe-Cylinder.webp 500w, https:\/\/fmp-components.com\/wp-content\/uploads\/2024\/12\/Double-Shield-Tunnel-Boring-Machine-Support-Shoe-Cylinder-480x192.webp 480w\" sizes=\"(min-width: 0px) and (max-width: 480px) 480px, (min-width: 481px) 500px, 100vw\" \/><\/p>\n<table style=\"width: 94.1786%; height: 146px;\" border=\"1\" cellspacing=\"0\" cellpadding=\"0\">\n<tbody>\n<tr>\n<td>T\u00ean s\u1ea3n ph\u1ea9m<\/td>\n<td>Xi lanh gi\u00e0y h\u1ed7 tr\u1ee3 m\u00e1y khoan h\u1ea7m Double Shield<\/td>\n<\/tr>\n<tr>\n<td>\u0110\u1eb7c tr\u01b0ng:<\/td>\n<td>Cung c\u1ea5p l\u1ef1c \u0111\u1ea9y c\u1ee7a \u0111\u1ea7u c\u1eaft \u0111\u00e0o h\u1ea7m<\/td>\n<\/tr>\n<tr>\n<td>\u0110\u01b0\u1eddng k\u00ednh l\u1ed7 khoan:<\/td>\n<td>320mm\uff5e700mm<\/td>\n<\/tr>\n<tr>\n<td>\u0110\u01b0\u1eddng k\u00ednh thanh:<\/td>\n<td>220mm\uff5e500mm<br \/>\nH\u00e0nh tr\u00ecnh: 300mm\uff5e1200mm<\/td>\n<\/tr>\n<tr>\n<td>\u00c1p l\u1ef1c:<\/td>\n<td>l\u00ean \u0111\u1ebfn 35MPa<\/td>\n<\/tr>\n<tr>\n<td>\u1ee8ng d\u1ee5ng:<\/td>\n<td>M\u00e1y khoan h\u1ea7m hai l\u1edbp ch\u1eafn<\/td>\n<\/tr>\n<\/tbody>\n<\/table>\n<h2>Xi lanh m\u00f4-men xo\u1eafn m\u00e1y khoan h\u1ea7m l\u00e1 ch\u1eafn k\u00e9p<\/h2>\n<p><img loading=\"lazy\" decoding=\"async\" class=\"size-full wp-image-907 aligncenter\" src=\"https:\/\/fmp-components.com\/wp-content\/uploads\/2024\/12\/Double-Shield-Tunnel-Boring-Machine-Torque-Cylinder.webp\" alt=\"Xi lanh m\u00f4-men xo\u1eafn m\u00e1y khoan h\u1ea7m l\u00e1 ch\u1eafn k\u00e9p\" width=\"500\" height=\"200\" title=\"\" srcset=\"https:\/\/fmp-components.com\/wp-content\/uploads\/2024\/12\/Double-Shield-Tunnel-Boring-Machine-Torque-Cylinder.webp 500w, https:\/\/fmp-components.com\/wp-content\/uploads\/2024\/12\/Double-Shield-Tunnel-Boring-Machine-Torque-Cylinder-480x192.webp 480w\" sizes=\"(min-width: 0px) and (max-width: 480px) 480px, (min-width: 481px) 500px, 100vw\" \/><\/p>\n<table style=\"width: 94.832%; height: 150px;\" border=\"1\" cellspacing=\"0\" cellpadding=\"0\">\n<tbody>\n<tr>\n<td>T\u00ean s\u1ea3n ph\u1ea9m<\/td>\n<td>Xi lanh m\u00f4-men xo\u1eafn m\u00e1y khoan h\u1ea7m l\u00e1 ch\u1eafn k\u00e9p<\/td>\n<\/tr>\n<tr>\n<td>\u0110\u1eb7c tr\u01b0ng:<\/td>\n<td>Truy\u1ec1n m\u00f4-men xo\u1eafn c\u1ee7a \u0111\u1ea7u c\u1eaft<\/td>\n<\/tr>\n<tr>\n<td>Th\u00f4ng s\u1ed1 k\u1ef9 thu\u1eadt:<\/td>\n<td>C\u00f3 th\u1ec3 thi\u1ebft k\u1ebf v\u00e0 s\u1ea3n xu\u1ea5t nhi\u1ec1u lo\u1ea1i c\u1ea5u tr\u00fac v\u00e0 th\u00f4ng s\u1ed1 k\u1ef9 thu\u1eadt kh\u00e1c nhau c\u1ee7a xi lanh m\u00f4-men xo\u1eafn theo y\u00eau c\u1ea7u c\u1ee7a kh\u00e1ch h\u00e0ng<\/td>\n<\/tr>\n<tr>\n<td>\u00c1p l\u1ef1c:<\/td>\n<td>l\u00ean \u0111\u1ebfn 25MPa<br \/>\nY\u00eau c\u1ea7u \u0111\u1eb7c bi\u1ec7t l\u00ean \u0111\u1ebfn 35MPa<\/td>\n<\/tr>\n<tr>\n<td>\u1ee8ng d\u1ee5ng:<\/td>\n<td>M\u00e1y khoan h\u1ea7m hai l\u1edbp ch\u1eafn<\/td>\n<\/tr>\n<\/tbody>\n<\/table>\n<h2>M\u00e1y khoan h\u1ea7m hai l\u1edbp ch\u1eafn xi lanh \u0111\u1ea9y ch\u00ednh<\/h2>\n<p><img loading=\"lazy\" decoding=\"async\" class=\"size-full wp-image-906 aligncenter\" src=\"https:\/\/fmp-components.com\/wp-content\/uploads\/2024\/12\/Double-Shield-Tunnel-Boring-Machine-Main-Thrust-Cylinder.webp\" alt=\"M\u00e1y khoan h\u1ea7m hai l\u1edbp ch\u1eafn xi lanh \u0111\u1ea9y ch\u00ednh\" width=\"500\" height=\"200\" title=\"\" srcset=\"https:\/\/fmp-components.com\/wp-content\/uploads\/2024\/12\/Double-Shield-Tunnel-Boring-Machine-Main-Thrust-Cylinder.webp 500w, https:\/\/fmp-components.com\/wp-content\/uploads\/2024\/12\/Double-Shield-Tunnel-Boring-Machine-Main-Thrust-Cylinder-480x192.webp 480w\" sizes=\"(min-width: 0px) and (max-width: 480px) 480px, (min-width: 481px) 500px, 100vw\" \/><\/p>\n<table style=\"width: 96.1207%; height: 146px;\" border=\"1\" cellspacing=\"0\" cellpadding=\"0\">\n<tbody>\n<tr>\n<td>T\u00ean s\u1ea3n ph\u1ea9m<\/td>\n<td>M\u00e1y khoan h\u1ea7m hai l\u1edbp ch\u1eafn xi lanh \u0111\u1ea9y ch\u00ednh<\/td>\n<\/tr>\n<tr>\n<td>\u0110\u1eb7c tr\u01b0ng:<\/td>\n<td>Cung c\u1ea5p l\u1ef1c \u0111\u1ea9y cho qu\u00e1 tr\u00ecnh \u0111\u00e0o h\u1ea7m b\u1eb1ng TBM<\/td>\n<\/tr>\n<tr>\n<td>\u0110\u01b0\u1eddng k\u00ednh l\u1ed7 khoan:<\/td>\n<td>220mm\uff5e380mm<\/td>\n<\/tr>\n<tr>\n<td>\u0110\u01b0\u1eddng k\u00ednh thanh:<\/td>\n<td>150mm\uff5e280mm<br \/>\nH\u00e0nh tr\u00ecnh: 1100mm\uff5e1700mm<\/td>\n<\/tr>\n<tr>\n<td>\u00c1p l\u1ef1c:<\/td>\n<td>l\u00ean \u0111\u1ebfn 35MPa<\/td>\n<\/tr>\n<tr>\n<td>\u1ee8ng d\u1ee5ng:<\/td>\n<td>M\u00e1y khoan h\u1ea7m hai l\u1edbp ch\u1eafn<\/td>\n<\/tr>\n<\/tbody>\n<\/table>\n<h2>M\u00e1y khoan h\u1ea7m hai l\u1edbp ch\u1eafn xi lanh \u0111\u1ea9y ph\u1ee5<\/h2>\n<p><img loading=\"lazy\" decoding=\"async\" class=\"size-full wp-image-904 aligncenter\" src=\"https:\/\/fmp-components.com\/wp-content\/uploads\/2024\/12\/Double-Shield-Tunnel-Boring-Machine-Auxiliary-Thrust-Cylinder.webp\" alt=\"M\u00e1y khoan h\u1ea7m hai l\u1edbp ch\u1eafn xi lanh \u0111\u1ea9y ph\u1ee5\" width=\"500\" height=\"200\" title=\"\" srcset=\"https:\/\/fmp-components.com\/wp-content\/uploads\/2024\/12\/Double-Shield-Tunnel-Boring-Machine-Auxiliary-Thrust-Cylinder.webp 500w, https:\/\/fmp-components.com\/wp-content\/uploads\/2024\/12\/Double-Shield-Tunnel-Boring-Machine-Auxiliary-Thrust-Cylinder-480x192.webp 480w\" sizes=\"(min-width: 0px) and (max-width: 480px) 480px, (min-width: 481px) 500px, 100vw\" \/><\/p>\n<table style=\"width: 97.5599%; height: 190px;\" border=\"1\" cellspacing=\"0\" cellpadding=\"0\">\n<tbody>\n<tr>\n<td>T\u00ean s\u1ea3n ph\u1ea9m<\/td>\n<td>M\u00e1y khoan h\u1ea7m hai l\u1edbp ch\u1eafn xi lanh \u0111\u1ea9y ph\u1ee5<\/td>\n<\/tr>\n<tr>\n<td>\u0110\u1eb7c tr\u01b0ng:<\/td>\n<td>D\u1ef1a v\u00e0o l\u1ef1c ph\u1ea3n \u1ee9ng c\u1ee7a xi lanh \u0111\u1ea9y ph\u1ee5 \u0111\u1ec3 \u0111\u1ea9y m\u1ea3nh \u1ed1ng l\u00e0m cho TBM di chuy\u1ec3n v\u1ec1 ph\u00eda tr\u01b0\u1edbc<\/td>\n<\/tr>\n<tr>\n<td>\u0110\u01b0\u1eddng k\u00ednh l\u1ed7 khoan:<\/td>\n<td>220mm\uff5e320mm<\/td>\n<\/tr>\n<tr>\n<td>\u0110\u01b0\u1eddng k\u00ednh thanh:<\/td>\n<td>180mm\uff5e240mm<br \/>\nH\u00e0nh tr\u00ecnh: 2100mm\uff5e2600mm<\/td>\n<\/tr>\n<tr>\n<td>\u00c1p l\u1ef1c:<\/td>\n<td>l\u00ean \u0111\u1ebfn 35MPa<br \/>\nY\u00eau c\u1ea7u \u0111\u1eb7c bi\u1ec7t l\u00ean \u0111\u1ebfn 45MPa<\/td>\n<\/tr>\n<tr>\n<td>\u1ee8ng d\u1ee5ng:<\/td>\n<td>M\u00e1y khoan h\u1ea7m hai l\u1edbp ch\u1eafn<\/td>\n<\/tr>\n<\/tbody>\n<\/table>\n<h3><\/h3>\n<h3>M\u00e1y khoan h\u1ea7m hai l\u1edbp ch\u1eafn ho\u1ea1t \u0111\u1ed9ng nh\u01b0 th\u1ebf n\u00e0o?<\/h3>\n<p>Xi lanh th\u1ee7y l\u1ef1c trong M\u00e1y \u0111\u00e0o h\u1ea7m hai l\u1edbp (TBM) \u0111\u00f3ng vai tr\u00f2 quan tr\u1ecdng trong qu\u00e1 tr\u00ecnh \u0111\u00e0o h\u1ea7m. D\u01b0\u1edbi \u0111\u00e2y l\u00e0 t\u1ed5ng quan v\u1ec1 ho\u1ea1t \u0111\u1ed9ng c\u1ee7a n\u00f3:<\/p>\n<ul>\n<li><strong>S\u1ea3n xu\u1ea5t \u0111i\u1ec7n th\u1ee7y l\u1ef1c:<\/strong><br \/>\nH\u1ec7 th\u1ed1ng th\u1ee7y l\u1ef1c t\u1ea1o ra n\u0103ng l\u01b0\u1ee3ng b\u1eb1ng c\u00e1ch s\u1eed d\u1ee5ng ch\u1ea5t l\u1ecfng th\u1ee7y l\u1ef1c, \u0111\u01b0\u1ee3c n\u00e9n qua b\u01a1m th\u1ee7y l\u1ef1c. \u00c1p su\u1ea5t n\u00e0y t\u1ea1o ra l\u1ef1c truy\u1ec1n \u0111\u1ebfn c\u00e1c xi lanh th\u1ee7y l\u1ef1c.<\/li>\n<li><strong>T\u1ea1o l\u1ef1c \u0111\u1ea9y:<\/strong><br \/>\nXi lanh th\u1ee7y l\u1ef1c chuy\u1ec3n \u0111\u1ed5i n\u0103ng l\u01b0\u1ee3ng ch\u1ea5t l\u1ecfng th\u00e0nh n\u0103ng l\u01b0\u1ee3ng c\u01a1 h\u1ecdc, t\u1ea1o l\u1ef1c \u0111\u1ea9y cho m\u00e1y \u0111\u00e0o h\u1ea7m TBM. L\u1ef1c \u0111\u1ea9y n\u00e0y \u0111\u1ea9y m\u00e1y v\u1ec1 ph\u00eda tr\u01b0\u1edbc v\u00e0o \u0111\u00e1 ho\u1eb7c \u0111\u1ea5t, cho ph\u00e9p \u0111\u00e0o \u0111\u1ea5t hi\u1ec7u qu\u1ea3.<\/li>\n<li><strong>C\u01a1 ch\u1ebf l\u00e1 ch\u1eafn k\u00e9p:<\/strong><br \/>\nM\u00e1y TBM hai t\u1ea5m ch\u1eafn c\u00f3 hai t\u1ea5m ch\u1eafn: t\u1ea5m ch\u1eafn ph\u00eda tr\u01b0\u1edbc (t\u1ea5m ch\u1eafn c\u1eaft) v\u00e0 t\u1ea5m ch\u1eafn ph\u00eda sau (t\u1ea5m ch\u1eafn \u0111\u1ee1). C\u00e1c xi lanh th\u1ee7y l\u1ef1c \u0111\u01b0\u1ee3c t\u00edch h\u1ee3p v\u00e0o c\u1ea3 hai t\u1ea5m ch\u1eafn, cho ph\u00e9p \u0111\u00e0o v\u00e0 l\u1eafp \u0111\u1eb7t t\u1ea5m ch\u1eafn \u0111\u1ed3ng th\u1eddi.<\/li>\n<li><strong>Ho\u1ea1t \u0111\u1ed9ng c\u1ee7a \u0111\u1ea7u c\u1eaft:<\/strong><br \/>\nC\u00e1c xi lanh th\u1ee7y l\u1ef1c \u0111i\u1ec1u khi\u1ec3n chuy\u1ec3n \u0111\u1ed9ng c\u1ee7a \u0111\u1ea7u c\u1eaft \u1edf ph\u00eda tr\u01b0\u1edbc m\u00e1y TBM. B\u1eb1ng c\u00e1ch k\u00e9o d\u00e0i v\u00e0 thu l\u1ea1i, ch\u00fang gi\u00fap \u0111\u1ecbnh v\u1ecb c\u00e1c d\u1ee5ng c\u1ee5 c\u1eaft \u0111\u1ec3 ph\u00e1 v\u1ee1 m\u1eb7t \u0111\u1ea5t m\u1ed9t c\u00e1ch hi\u1ec7u qu\u1ea3.<\/li>\n<\/ul>\n<p><img loading=\"lazy\" decoding=\"async\" class=\"alignnone size-full wp-image-909\" src=\"https:\/\/fmp-components.com\/wp-content\/uploads\/2024\/12\/Double-Shield-Tunnel-Boring-Machine-Torque-Cylinder-1.webp\" alt=\"M\u00e1y khoan h\u1ea7m hai l\u1edbp ch\u1eafn xi lanh m\u00f4-men xo\u1eafn\" width=\"1024\" height=\"555\" title=\"\" srcset=\"https:\/\/fmp-components.com\/wp-content\/uploads\/2024\/12\/Double-Shield-Tunnel-Boring-Machine-Torque-Cylinder-1.webp 1024w, https:\/\/fmp-components.com\/wp-content\/uploads\/2024\/12\/Double-Shield-Tunnel-Boring-Machine-Torque-Cylinder-1-980x531.webp 980w, https:\/\/fmp-components.com\/wp-content\/uploads\/2024\/12\/Double-Shield-Tunnel-Boring-Machine-Torque-Cylinder-1-480x260.webp 480w\" sizes=\"(min-width: 0px) and (max-width: 480px) 480px, (min-width: 481px) and (max-width: 980px) 980px, (min-width: 981px) 1024px, 100vw\" \/><\/p>\n<ul>\n<li><strong>H\u1ed7 tr\u1ee3 c\u00e0i \u0111\u1eb7t:<\/strong><br \/>\nKhi m\u00e1y ti\u1ebfn l\u00ean, t\u1ea5m ch\u1eafn ph\u00eda sau s\u1eed d\u1ee5ng xi lanh th\u1ee7y l\u1ef1c \u0111\u1ec3 l\u1eafp c\u00e1c c\u1ea5u tr\u00fac h\u1ed7 tr\u1ee3 (nh\u01b0 c\u00e1c \u0111o\u1ea1n ho\u1eb7c l\u1edbp l\u00f3t) ph\u00eda sau \u0111\u1ea7u c\u1eaft, \u0111\u1ea3m b\u1ea3o s\u1ef1 \u1ed5n \u0111\u1ecbnh c\u1ee7a \u0111\u01b0\u1eddng h\u1ea7m trong qu\u00e1 tr\u00ecnh \u0111\u00e0o.<\/li>\n<li><strong>Ki\u1ec3m so\u00e1t ph\u1ea3n h\u1ed3i:<\/strong><br \/>\nH\u1ec7 th\u1ed1ng th\u1ee7y l\u1ef1c \u0111\u01b0\u1ee3c trang b\u1ecb c\u00e1c c\u1ea3m bi\u1ebfn v\u00e0 h\u1ec7 th\u1ed1ng \u0111i\u1ec1u khi\u1ec3n gi\u00e1m s\u00e1t \u00e1p su\u1ea5t v\u00e0 v\u1ecb tr\u00ed c\u1ee7a xi lanh th\u1ee7y l\u1ef1c. Ph\u1ea3n h\u1ed3i n\u00e0y cho ph\u00e9p \u0111i\u1ec1u ch\u1ec9nh ch\u00ednh x\u00e1c, \u0111\u1ea3m b\u1ea3o hi\u1ec7u su\u1ea5t v\u00e0 an to\u00e0n t\u1ed1i \u01b0u.<\/li>\n<li><strong>\u0110\u1ed9 \u1ed5n \u0111\u1ecbnh v\u00e0 an to\u00e0n:<\/strong><br \/>\nC\u00e1c xi lanh th\u1ee7y l\u1ef1c g\u00f3p ph\u1ea7n v\u00e0o s\u1ef1 \u1ed5n \u0111\u1ecbnh t\u1ed5ng th\u1ec3 c\u1ee7a TBM, gi\u00fap duy tr\u00ec s\u1ef1 li\u00ean k\u1ebft v\u00e0 c\u00e2n b\u1eb1ng, gi\u00fap gi\u1ea3m nguy c\u01a1 tai n\u1ea1n v\u00e0 gi\u00e1n \u0111o\u1ea1n ho\u1ea1t \u0111\u1ed9ng.<\/li>\n<li><strong>Kh\u1ea3 n\u0103ng th\u00edch \u1ee9ng:<\/strong><br \/>\nH\u1ec7 th\u1ed1ng th\u1ee7y l\u1ef1c c\u00f3 th\u1ec3 \u0111\u01b0\u1ee3c \u0111i\u1ec1u ch\u1ec9nh \u0111\u1ec3 ph\u00f9 h\u1ee3p v\u1edbi nhi\u1ec1u lo\u1ea1i \u0111\u1ea5t v\u00e0 \u0111i\u1ec1u ki\u1ec7n \u0111\u1ecba ch\u1ea5t kh\u00e1c nhau, gi\u00fap h\u1ec7 th\u1ed1ng linh ho\u1ea1t cho nhi\u1ec1u d\u1ef1 \u00e1n \u0111\u00e0o h\u1ea7m kh\u00e1c nhau.<\/li>\n<\/ul>\n<p>Nh\u1edd kh\u1ea3 n\u0103ng qu\u1ea3n l\u00fd l\u1ef1c \u0111\u1ea9y, \u0111\u1ed9 \u1ed5n \u0111\u1ecbnh v\u00e0 h\u1ed7 tr\u1ee3 hi\u1ec7u qu\u1ea3, c\u00e1c xi lanh th\u1ee7y l\u1ef1c trong M\u00e1y khoan h\u1ea7m Double Shield \u0111\u00f3ng vai tr\u00f2 thi\u1ebft y\u1ebfu cho vi\u1ec7c \u0111\u00e0o h\u1ea7m th\u00e0nh c\u00f4ng v\u00e0 an to\u00e0n, n\u00e2ng cao hi\u1ec7u qu\u1ea3 v\u00e0 \u0111\u1ed9 tin c\u1eady c\u1ee7a c\u00f4ng tr\u00ecnh ng\u1ea7m hi\u1ec7n \u0111\u1ea1i.<\/p>\n<p><img loading=\"lazy\" decoding=\"async\" class=\"alignnone  wp-image-914\" src=\"https:\/\/fmp-components.com\/wp-content\/uploads\/2024\/12\/Double-Shield-Tunnel-Boring-Machine-Main-Thrust-Cylinder-1.webp\" alt=\"M\u00e1y khoan h\u1ea7m hai l\u1edbp ch\u1eafn xi lanh \u0111\u1ea9y ch\u00ednh\" width=\"907\" height=\"305\" title=\"\" srcset=\"https:\/\/fmp-components.com\/wp-content\/uploads\/2024\/12\/Double-Shield-Tunnel-Boring-Machine-Main-Thrust-Cylinder-1.webp 907w, https:\/\/fmp-components.com\/wp-content\/uploads\/2024\/12\/Double-Shield-Tunnel-Boring-Machine-Main-Thrust-Cylinder-1-480x161.webp 480w\" sizes=\"(min-width: 0px) and (max-width: 480px) 480px, (min-width: 481px) 907px, 100vw\" \/><\/p>\n<h3>Gi\u1edbi thi\u1ec7u v\u1ec1 FMP<\/h3>\n<p>FMP l\u00e0 m\u1ed9t c\u00f4ng ty s\u1ea3n xu\u1ea5t c\u01a1 kh\u00ed chuy\u00ean bi\u1ec7t, chuy\u00ean s\u1ea3n xu\u1ea5t xi lanh th\u1ee7y l\u1ef1c. K\u1ec3 t\u1eeb khi th\u00e0nh l\u1eadp, c\u00f4ng ty \u0111\u00e3 t\u1eadp trung v\u00e0o nghi\u00ean c\u1ee9u v\u00e0 s\u1ea3n xu\u1ea5t c\u00f4ng ngh\u1ec7 th\u1ee7y l\u1ef1c, chuy\u1ec3n \u0111\u1ed5i th\u00e0nh c\u00f4ng t\u1eeb danh m\u1ee5c s\u1ea3n ph\u1ea9m \u0111a d\u1ea1ng, bao g\u1ed3m m\u00e1y m\u00f3c thu ho\u1ea1ch v\u00e0 x\u00e2y d\u1ef1ng, sang chuy\u00ean v\u1ec1 linh ki\u1ec7n m\u00e1y k\u00e9o n\u00f4ng nghi\u1ec7p. V\u1edbi h\u01a1n m\u1ed9t th\u1eadp k\u1ef7 kinh nghi\u1ec7m trong s\u1ea3n xu\u1ea5t v\u00e0 qu\u1ea3n l\u00fd, FMP \u0111\u1ea3m b\u1ea3o s\u1ea3n ph\u1ea9m ch\u1ea5t l\u01b0\u1ee3ng cao th\u00f4ng qua c\u00e1c k\u1ef9 thu\u1eadt s\u1ea3n xu\u1ea5t ti\u00ean ti\u1ebfn.<\/p>\n<p>Trong qu\u00e1 tr\u00ecnh ph\u00e1t tri\u1ec3n, c\u00f4ng ty \u0111\u00e3 x\u00e2y d\u1ef1ng \u0111\u01b0\u1ee3c d\u00e2y chuy\u1ec1n s\u1ea3n xu\u1ea5t gia c\u00f4ng, d\u00e2y chuy\u1ec1n l\u1eafp r\u00e1p v\u00e0 d\u00e2y chuy\u1ec1n s\u01a1n ph\u1ee7 to\u00e0n di\u1ec7n. \u0110\u1ed9i ng\u0169 c\u1ee7a ch\u00fang t\u00f4i bao g\u1ed3m \u0111\u1ed9i ng\u0169 qu\u1ea3n l\u00fd l\u00e0nh ngh\u1ec1, \u0111\u1ed9i ng\u0169 thi\u1ebft k\u1ebf c\u01a1 kh\u00ed gi\u00e0u kinh nghi\u1ec7m v\u00e0 \u0111\u1ed9i ng\u0169 k\u1ef9 thu\u1eadt vi\u00ean \u0111\u01b0\u1ee3c \u0111\u00e0o t\u1ea1o b\u00e0i b\u1ea3n, c\u00f9ng nhau duy tr\u00ec ch\u1ea5t l\u01b0\u1ee3ng s\u1ea3n xu\u1ea5t \u1ed5n \u0111\u1ecbnh, \u0111\u1ed3ng th\u1eddi ki\u1ec3m so\u00e1t hi\u1ec7u qu\u1ea3 t\u00ednh li\u00ean t\u1ee5c v\u00e0 hi\u1ec7u qu\u1ea3 c\u1ee7a quy tr\u00ecnh.<\/p>\n<p>FMP duy tr\u00ec tri\u1ebft l\u00fd \u201c\u0110\u1ed5i m\u1edbi c\u00f4ng ngh\u1ec7 th\u00fac \u0111\u1ea9y ti\u1ebfn b\u1ed9, Ch\u1ea5t l\u01b0\u1ee3ng t\u1ea1o n\u00ean th\u01b0\u01a1ng hi\u1ec7u, Tay ngh\u1ec1 \u0111\u1ea3m b\u1ea3o ch\u1ea5t l\u01b0\u1ee3ng v\u00e0 X\u00e2y d\u1ef1ng m\u1ed1i quan h\u1ec7 \u0111\u00f4i b\u00ean c\u00f9ng c\u00f3 l\u1ee3i l\u00e2u d\u00e0i\u201d. Cam k\u1ebft cung c\u1ea5p s\u1ea3n ph\u1ea9m ch\u1ea5t l\u01b0\u1ee3ng cao v\u00e0 d\u1ecbch v\u1ee5 kh\u00e1ch h\u00e0ng v\u01b0\u1ee3t tr\u1ed9i v\u1eabn l\u00e0 m\u1ee5c ti\u00eau c\u1ed1t l\u00f5i khi ch\u00fang t\u00f4i ti\u1ebfp t\u1ee5c \u0111\u00e1p \u1ee9ng nhu c\u1ea7u ng\u00e0y c\u00e0ng thay \u0111\u1ed5i c\u1ee7a th\u1ecb tr\u01b0\u1eddng.<\/p>\n<p><img loading=\"lazy\" decoding=\"async\" class=\"alignnone size-full wp-image-426\" src=\"https:\/\/fmp-components.com\/wp-content\/uploads\/2024\/12\/Sanitation-Machinery-Locking-Hydraulic-Cylinder-factory.webp\" sizes=\"(min-width: 0px) and (max-width: 480px) 480px, (min-width: 481px) and (max-width: 980px) 980px, (min-width: 981px) and (max-width: 1280px) 1280px, (min-width: 1281px) 1414px, 100vw\" srcset=\"https:\/\/fmp-components.com\/wp-content\/uploads\/2024\/12\/Sanitation-Machinery-Locking-Hydraulic-Cylinder-factory.webp 1414w, https:\/\/fmp-components.com\/wp-content\/uploads\/2024\/12\/Sanitation-Machinery-Locking-Hydraulic-Cylinder-factory-1280x529.webp 1280w, https:\/\/fmp-components.com\/wp-content\/uploads\/2024\/12\/Sanitation-Machinery-Locking-Hydraulic-Cylinder-factory-980x405.webp 980w, https:\/\/fmp-components.com\/wp-content\/uploads\/2024\/12\/Sanitation-Machinery-Locking-Hydraulic-Cylinder-factory-480x198.webp 480w\" alt=\"Nh\u00e0 m\u00e1y xi lanh th\u1ee7y l\u1ef1c kh\u00f3a m\u00e1y v\u1ec7 sinh\" width=\"1414\" height=\"584\" title=\"\"><\/p>\n<p>T\u00e1c gi\u1ea3: CX<\/p>","protected":false},"excerpt":{"rendered":"<p>Xi lanh th\u1ee7y l\u1ef1c cho m\u00e1y khoan h\u1ea7m hai l\u1edbp ch\u1eafn l\u00e0 m\u1ed9t b\u1ed9 ph\u1eadn quan tr\u1ecdng \u0111\u01b0\u1ee3c thi\u1ebft k\u1ebf \u0111\u1ec3 cung c\u1ea5p l\u1ef1c \u0111\u1ea9y m\u1ea1nh m\u1ebd v\u00e0 kh\u1ea3 n\u0103ng ki\u1ec3m so\u00e1t ch\u00ednh x\u00e1c trong qu\u00e1 tr\u00ecnh \u0111\u00e0o h\u1ea7m. \u0110\u01b0\u1ee3c thi\u1ebft k\u1ebf \u0111\u1ec3 ho\u1ea1t \u0111\u1ed9ng hi\u1ec7u qu\u1ea3 trong \u0111i\u1ec1u ki\u1ec7n \u0111\u1ecba ch\u1ea5t kh\u1eafc nghi\u1ec7t, c\u00e1c xi lanh n\u00e0y h\u1ed7 tr\u1ee3 h\u1ec7 th\u1ed1ng hai l\u1edbp ch\u1eafn, cho ph\u00e9p \u0111\u00e0o v\u00e0 l\u1eafp \u0111\u1eb7t gi\u00e1 \u0111\u1ee1 \u0111\u1ed3ng th\u1eddi. K\u1ebft c\u1ea5u b\u1ec1n b\u1ec9 c\u1ee7a ch\u00fang \u0111\u1ea3m b\u1ea3o tu\u1ed5i th\u1ecd v\u00e0 \u0111\u1ed9 tin c\u1eady, trong khi c\u00f4ng ngh\u1ec7 th\u1ee7y l\u1ef1c ti\u00ean ti\u1ebfn cho ph\u00e9p chuy\u1ec3n \u0111\u1ed9ng tr\u01a1n tru v\u00e0 ch\u00ednh x\u00e1c, thi\u1ebft y\u1ebfu \u0111\u1ec3 duy tr\u00ec s\u1ef1 th\u1eb3ng h\u00e0ng v\u00e0 an to\u00e0n. H\u1ec7 th\u1ed1ng th\u1ee7y l\u1ef1c n\u00e0y n\u00e2ng cao \u0111\u00e1ng k\u1ec3 hi\u1ec7u su\u1ea5t v\u00e0 hi\u1ec7u qu\u1ea3 c\u1ee7a vi\u1ec7c x\u00e2y d\u1ef1ng \u0111\u01b0\u1eddng h\u1ea7m, ph\u00f9 h\u1ee3p v\u1edbi nhi\u1ec1u d\u1ef1 \u00e1n ng\u1ea7m, bao g\u1ed3m h\u1ec7 th\u1ed1ng t\u00e0u \u0111i\u1ec7n ng\u1ea7m v\u00e0 \u0111\u01b0\u1eddng h\u1ea7m ti\u1ec7n \u00edch.<\/p>","protected":false},"featured_media":908,"comment_status":"open","ping_status":"closed","template":"","meta":{"_et_pb_use_builder":"","_et_pb_old_content":"","_et_gb_content_width":""},"product_brand":[],"product_cat":[30],"product_tag":[],"class_list":{"0":"post-885","1":"product","2":"type-product","3":"status-publish","4":"has-post-thumbnail","6":"product_cat-tunnel-boring-machine-hydraulic-cylinders","8":"first","9":"instock","10":"shipping-taxable","11":"product-type-simple"},"_links":{"self":[{"href":"https:\/\/fmp-components.com\/vi\/wp-json\/wp\/v2\/product\/885","targetHints":{"allow":["GET"]}}],"collection":[{"href":"https:\/\/fmp-components.com\/vi\/wp-json\/wp\/v2\/product"}],"about":[{"href":"https:\/\/fmp-components.com\/vi\/wp-json\/wp\/v2\/types\/product"}],"replies":[{"embeddable":true,"href":"https:\/\/fmp-components.com\/vi\/wp-json\/wp\/v2\/comments?post=885"}],"wp:featuredmedia":[{"embeddable":true,"href":"https:\/\/fmp-components.com\/vi\/wp-json\/wp\/v2\/media\/908"}],"wp:attachment":[{"href":"https:\/\/fmp-components.com\/vi\/wp-json\/wp\/v2\/media?parent=885"}],"wp:term":[{"taxonomy":"product_brand","embeddable":true,"href":"https:\/\/fmp-components.com\/vi\/wp-json\/wp\/v2\/product_brand?post=885"},{"taxonomy":"product_cat","embeddable":true,"href":"https:\/\/fmp-components.com\/vi\/wp-json\/wp\/v2\/product_cat?post=885"},{"taxonomy":"product_tag","embeddable":true,"href":"https:\/\/fmp-components.com\/vi\/wp-json\/wp\/v2\/product_tag?post=885"}],"curies":[{"name":"wp","href":"https:\/\/api.w.org\/{rel}","templated":true}]}}