{"id":816,"date":"2024-12-18T07:55:12","date_gmt":"2024-12-18T07:55:12","guid":{"rendered":"https:\/\/fmp-components.com\/?page_id=8"},"modified":"2024-12-18T08:06:02","modified_gmt":"2024-12-18T08:06:02","slug":"hydraulic-cylinder-for-wave-tide-power-generation","status":"publish","type":"product","link":"https:\/\/fmp-components.com\/vi\/product\/hydraulic-cylinder-for-wave-tide-power-generation\/","title":{"rendered":"Xi lanh th\u1ee7y l\u1ef1c cho m\u00e1y ph\u00e1t \u0111i\u1ec7n s\u00f3ng\/th\u1ee7y tri\u1ec1u"},"content":{"rendered":"<p style=\"text-align: center;\"><span style=\"font-size: 18pt;\">Xi lanh th\u1ee7y l\u1ef1c cho m\u00e1y ph\u00e1t \u0111i\u1ec7n s\u00f3ng\/th\u1ee7y tri\u1ec1u<\/span><\/p>\n<p>Xi lanh th\u1ee7y l\u1ef1c d\u00f9ng \u0111\u1ec3 ph\u00e1t \u0111i\u1ec7n t\u1eeb s\u00f3ng\/th\u1ee7y tri\u1ec1u l\u00e0 m\u1ed9t thi\u1ebft b\u1ecb ti\u00ean ti\u1ebfn \u0111\u01b0\u1ee3c thi\u1ebft k\u1ebf \u0111\u1ec3 khai th\u00e1c n\u0103ng l\u01b0\u1ee3ng t\u1eeb s\u00f3ng bi\u1ec3n v\u00e0 chuy\u1ec3n \u0111\u1ed9ng c\u1ee7a th\u1ee7y tri\u1ec1u. Gi\u1ea3i ph\u00e1p s\u00e1ng t\u1ea1o n\u00e0y chuy\u1ec3n \u0111\u1ed5i \u0111\u1ed9ng n\u0103ng th\u00e0nh n\u0103ng l\u01b0\u1ee3ng h\u1eefu \u00edch, g\u00f3p ph\u1ea7n v\u00e0o vi\u1ec7c s\u1ea3n xu\u1ea5t n\u0103ng l\u01b0\u1ee3ng b\u1ec1n v\u1eefng.<\/p>\n<h4>C\u00e1c t\u00ednh n\u0103ng ch\u00ednh:<\/h4>\n<ul>\n<li><strong>Thi\u1ebft k\u1ebf m\u1ea1nh m\u1ebd:<\/strong> \u0110\u01b0\u1ee3c thi\u1ebft k\u1ebf \u0111\u1ec3 ch\u1ecbu \u0111\u01b0\u1ee3c m\u00f4i tr\u01b0\u1eddng bi\u1ec3n kh\u1eafc nghi\u1ec7t, xi lanh th\u1ee7y l\u1ef1c c\u1ee7a ch\u00fang t\u00f4i \u0111\u01b0\u1ee3c ch\u1ebf t\u1ea1o t\u1eeb v\u1eadt li\u1ec7u c\u00f3 \u0111\u1ed9 b\u1ec1n cao, ch\u1ed1ng \u0103n m\u00f2n v\u00e0 m\u00e0i m\u00f2n.<\/li>\n<li><strong>Hi\u1ec7u qu\u1ea3 cao:<\/strong> \u0110\u01b0\u1ee3c t\u1ed1i \u01b0u h\u00f3a \u0111\u1ec3 khai th\u00e1c n\u0103ng l\u01b0\u1ee3ng t\u1ed1i \u0111a, h\u1ec7 th\u1ed1ng th\u1ee7y l\u1ef1c \u0111\u1ea3m b\u1ea3o chuy\u1ec3n \u0111\u1ed5i hi\u1ec7u qu\u1ea3 n\u0103ng l\u01b0\u1ee3ng s\u00f3ng v\u00e0 th\u1ee7y tri\u1ec1u th\u00e0nh n\u0103ng l\u01b0\u1ee3ng th\u1ee7y l\u1ef1c.<\/li>\n<li><strong>\u1ee8ng d\u1ee5ng \u0111a n\u0103ng:<\/strong> Th\u00edch h\u1ee3p cho nhi\u1ec1u d\u1ef1 \u00e1n n\u0103ng l\u01b0\u1ee3ng bi\u1ec3n kh\u00e1c nhau, bao g\u1ed3m c\u00e1c c\u00f4ng tr\u00ecnh ngo\u00e0i kh\u01a1i v\u00e0 ven bi\u1ec3n, xi lanh th\u1ee7y l\u1ef1c n\u00e0y c\u00f3 th\u1ec3 \u0111\u01b0\u1ee3c t\u00edch h\u1ee3p v\u00e0o c\u00e1c h\u1ec7 th\u1ed1ng \u0111i\u1ec7n hi\u1ec7n c\u00f3 ho\u1eb7c s\u1eed d\u1ee5ng trong c\u00e1c d\u1ef1 \u00e1n ph\u00e1t tri\u1ec3n m\u1edbi.<\/li>\n<li><strong>B\u1ea3o tr\u00ec d\u1ec5 d\u00e0ng:<\/strong> \u0110\u01b0\u1ee3c thi\u1ebft k\u1ebf \u0111\u1ec3 d\u1ec5 ti\u1ebfp c\u1eadn, xi lanh th\u1ee7y l\u1ef1c gi\u00fap \u0111\u01a1n gi\u1ea3n h\u00f3a quy tr\u00ecnh b\u1ea3o tr\u00ec, \u0111\u1ea3m b\u1ea3o \u0111\u1ed9 tin c\u1eady l\u00e2u d\u00e0i v\u00e0 gi\u1ea3m th\u1eddi gian ch\u1ebft m\u00e1y.<\/li>\n<li><strong>Th\u00e2n thi\u1ec7n v\u1edbi m\u00f4i tr\u01b0\u1eddng:<\/strong> B\u1eb1ng c\u00e1ch s\u1eed d\u1ee5ng n\u0103ng l\u01b0\u1ee3ng bi\u1ec3n t\u00e1i t\u1ea1o, s\u1ea3n ph\u1ea9m n\u00e0y g\u00f3p ph\u1ea7n gi\u1ea3m l\u01b0\u1ee3ng kh\u00ed th\u1ea3i carbon v\u00e0 th\u00fac \u0111\u1ea9y c\u00e1c gi\u1ea3i ph\u00e1p n\u0103ng l\u01b0\u1ee3ng b\u1ec1n v\u1eefng.<\/li>\n<\/ul>\n<p>Xi lanh th\u1ee7y l\u1ef1c d\u00f9ng \u0111\u1ec3 ph\u00e1t \u0111i\u1ec7n t\u1eeb s\u00f3ng\/th\u1ee7y tri\u1ec1u l\u00e0 m\u1ed9t b\u01b0\u1edbc ti\u1ebfn \u0111\u00e1ng k\u1ec3 trong l\u0129nh v\u1ef1c n\u0103ng l\u01b0\u1ee3ng t\u00e1i t\u1ea1o. B\u1eb1ng c\u00e1ch t\u1eadn d\u1ee5ng hi\u1ec7u qu\u1ea3 s\u1ee9c m\u1ea1nh c\u1ee7a chuy\u1ec3n \u0111\u1ed9ng \u0111\u1ea1i d\u01b0\u01a1ng, n\u00f3 \u0111\u00f3ng vai tr\u00f2 quan tr\u1ecdng trong qu\u00e1 tr\u00ecnh chuy\u1ec3n \u0111\u1ed5i sang m\u1ed9t t\u01b0\u01a1ng lai n\u0103ng l\u01b0\u1ee3ng b\u1ec1n v\u1eefng h\u01a1n.<\/p>\n<h2>Thi\u1ebft b\u1ecb ph\u00e1t \u0111i\u1ec7n s\u00f3ng\/th\u1ee7y tri\u1ec1u Xi lanh th\u1ee7y l\u1ef1c<\/h2>\n<table border=\"1\" cellspacing=\"0\" cellpadding=\"0\">\n<tbody>\n<tr>\n<td>T\u00ean s\u1ea3n ph\u1ea9m<\/td>\n<td>Thi\u1ebft b\u1ecb ph\u00e1t \u0111i\u1ec7n s\u00f3ng\/th\u1ee7y tri\u1ec1u<\/td>\n<\/tr>\n<tr>\n<td>\u0110\u1eb7c tr\u01b0ng:<\/td>\n<td>Chuy\u1ec3n \u0111\u1ed5i n\u0103ng l\u01b0\u1ee3ng s\u00f3ng th\u00e0nh n\u0103ng l\u01b0\u1ee3ng th\u1ee7y l\u1ef1c \u0111\u1ec3 \u0111\u1ea9y xi lanh th\u1ee7y l\u1ef1c chuy\u1ec3n \u0111\u1ed9ng. D\u1ea7u \u00e1p su\u1ea5t cao sau \u0111\u00f3 truy\u1ec1n \u0111\u1ed9ng cho \u0111\u1ed9ng c\u01a1 \u0111i\u1ec7n \u0111\u1ec3 t\u1ea1o ra \u0111i\u1ec7n, cu\u1ed1i c\u00f9ng \u0111i\u1ec7n n\u0103ng \u0111\u01b0\u1ee3c chuy\u1ec3n \u0111\u1ed5i th\u00e0nh n\u0103ng l\u01b0\u1ee3ng \u0111i\u1ec7n.<\/td>\n<\/tr>\n<tr>\n<td>\u0110\u01b0\u1eddng k\u00ednh l\u1ed7 khoan:<\/td>\n<td>\u00a0L\u00ean \u0111\u1ebfn 250mm<\/td>\n<\/tr>\n<tr>\n<td>\u0110\u01b0\u1eddng k\u00ednh thanh:<\/td>\n<td>L\u00ean \u0111\u1ebfn 190mm<br \/>\nH\u00e0nh tr\u00ecnh l\u00ean \u0111\u1ebfn 4800mm<\/td>\n<\/tr>\n<tr>\n<td>\u00c1p l\u1ef1c:<\/td>\n<td>l\u00ean \u0111\u1ebfn 31,5MPa<\/td>\n<\/tr>\n<tr>\n<td>\u1ee8ng d\u1ee5ng:<\/td>\n<td>Ph\u00e1t \u0111i\u1ec7n t\u1eeb s\u00f3ng\/th\u1ee7y tri\u1ec1u<\/td>\n<\/tr>\n<\/tbody>\n<\/table>\n<h3>\u01afu \u0111i\u1ec3m c\u1ee7a xi lanh th\u1ee7y l\u1ef1c trong thi\u1ebft b\u1ecb ph\u00e1t \u0111i\u1ec7n s\u00f3ng\/th\u1ee7y tri\u1ec1u<\/h3>\n<p>Xi lanh th\u1ee7y l\u1ef1c \u0111\u00f3ng vai tr\u00f2 quan tr\u1ecdng trong v\u1eadn h\u00e0nh h\u1ec7 th\u1ed1ng ph\u00e1t \u0111i\u1ec7n t\u1eeb s\u00f3ng v\u00e0 th\u1ee7y tri\u1ec1u. D\u01b0\u1edbi \u0111\u00e2y l\u00e0 nh\u1eefng l\u1ee3i th\u1ebf ch\u00ednh c\u1ee7a vi\u1ec7c s\u1eed d\u1ee5ng xi lanh th\u1ee7y l\u1ef1c trong b\u1ed1i c\u1ea3nh n\u00e0y:<\/p>\n<ol>\n<li><strong>M\u1eadt \u0111\u1ed9 c\u00f4ng su\u1ea5t cao:<\/strong> Xi lanh th\u1ee7y l\u1ef1c cung c\u1ea5p t\u1ef7 l\u1ec7 c\u00f4ng su\u1ea5t tr\u00ean tr\u1ecdng l\u01b0\u1ee3ng tuy\u1ec7t v\u1eddi, cho ph\u00e9p thi\u1ebft k\u1ebf nh\u1ecf g\u1ecdn v\u00e0 hi\u1ec7u qu\u1ea3. \u0110i\u1ec1u n\u00e0y \u0111\u1eb7c bi\u1ec7t c\u00f3 l\u1ee3i trong c\u00e1c \u1ee9ng d\u1ee5ng khai th\u00e1c n\u0103ng l\u01b0\u1ee3ng t\u1eeb s\u00f3ng v\u00e0 th\u1ee7y tri\u1ec1u, n\u01a1i kh\u00f4ng gian h\u1ea1n ch\u1ebf v\u00e0 thi\u1ebft b\u1ecb th\u01b0\u1eddng ph\u1ea3i \u0111\u01b0\u1ee3c \u0111\u1eb7t ch\u00ecm.<\/li>\n<li><strong>\u0110\u1ed9 b\u1ec1n v\u00e0 \u0111\u1ed9 tin c\u1eady:<\/strong> \u0110\u01b0\u1ee3c bi\u1ebft \u0111\u1ebfn v\u1edbi \u0111\u1ed9 b\u1ec1n cao, xi lanh th\u1ee7y l\u1ef1c c\u00f3 th\u1ec3 ch\u1ecbu \u0111\u01b0\u1ee3c m\u00f4i tr\u01b0\u1eddng bi\u1ec3n kh\u1eafc nghi\u1ec7t, bao g\u1ed3m c\u1ea3 n\u01b0\u1edbc m\u1eb7n v\u00e0 th\u1eddi ti\u1ebft kh\u1eafc nghi\u1ec7t. Ch\u00fang \u0111\u01b0\u1ee3c ch\u1ebf t\u1ea1o \u0111\u1ec3 ho\u1ea1t \u0111\u1ed9ng l\u00e2u d\u00e0i v\u1edbi chi ph\u00ed b\u1ea3o tr\u00ec t\u1ed1i thi\u1ec3u, l\u00fd t\u01b0\u1edfng cho c\u00e1c h\u1ec7 th\u1ed1ng th\u01b0\u1eddng xuy\u00ean ti\u1ebfp x\u00fac v\u1edbi m\u00f4i tr\u01b0\u1eddng.<\/li>\n<li><strong>Ki\u1ec3m so\u00e1t ch\u00ednh x\u00e1c:<\/strong> C\u00e1c xi lanh n\u00e0y cung c\u1ea5p kh\u1ea3 n\u0103ng ki\u1ec3m so\u00e1t ch\u00ednh x\u00e1c chuy\u1ec3n \u0111\u1ed9ng c\u1ee7a c\u00e1c th\u00e0nh ph\u1ea7n trong h\u1ec7 th\u1ed1ng n\u0103ng l\u01b0\u1ee3ng s\u00f3ng v\u00e0 th\u1ee7y tri\u1ec1u. \u0110i\u1ec1u n\u00e0y r\u1ea5t c\u1ea7n thi\u1ebft \u0111\u1ec3 t\u1ed1i \u01b0u h\u00f3a vi\u1ec7c thu n\u0103ng l\u01b0\u1ee3ng v\u00e0 th\u00edch \u1ee9ng v\u1edbi c\u00e1c \u0111i\u1ec1u ki\u1ec7n m\u00f4i tr\u01b0\u1eddng thay \u0111\u1ed5i.<\/li>\n<li><strong>Kh\u1ea3 n\u0103ng m\u1edf r\u1ed9ng:<\/strong> H\u1ec7 th\u1ed1ng th\u1ee7y l\u1ef1c c\u00f3 kh\u1ea3 n\u0103ng m\u1edf r\u1ed9ng d\u1ec5 d\u00e0ng, cho ph\u00e9p t\u00f9y ch\u1ec9nh d\u1ef1a tr\u00ean nhu c\u1ea7u ph\u00e1t \u0111i\u1ec7n kh\u00e1c nhau. B\u1eb1ng c\u00e1ch thay \u0111\u1ed5i k\u00edch th\u01b0\u1edbc v\u00e0 s\u1ed1 l\u01b0\u1ee3ng xi lanh, thi\u1ebft b\u1ecb c\u00f3 th\u1ec3 \u0111\u01b0\u1ee3c \u0111i\u1ec1u ch\u1ec9nh theo nhu c\u1ea7u n\u0103ng l\u01b0\u1ee3ng c\u1ee5 th\u1ec3.<\/li>\n<li><strong>Hi\u1ec7u su\u1ea5t chuy\u1ec3n \u0111\u1ed5i n\u0103ng l\u01b0\u1ee3ng:<\/strong> Xi lanh th\u1ee7y l\u1ef1c chuy\u1ec3n \u0111\u1ed5i hi\u1ec7u qu\u1ea3 chuy\u1ec3n \u0111\u1ed9ng c\u1ee7a s\u00f3ng v\u00e0 th\u1ee7y tri\u1ec1u th\u00e0nh n\u0103ng l\u01b0\u1ee3ng c\u01a1 h\u1ecdc, thu th\u1eadp n\u0103ng l\u01b0\u1ee3ng m\u1ed9t c\u00e1ch hi\u1ec7u qu\u1ea3 v\u00e0 chuy\u1ec3n \u0111\u1ed5i th\u00e0nh chuy\u1ec3n \u0111\u1ed9ng quay cho m\u00e1y ph\u00e1t \u0111i\u1ec7n ho\u1eb7c c\u00e1c thi\u1ebft b\u1ecb kh\u00e1c.<\/li>\n<li><strong>T\u00e1c \u0111\u1ed9ng t\u1ed1i thi\u1ec3u \u0111\u1ebfn m\u00f4i tr\u01b0\u1eddng:<\/strong> So v\u1edbi c\u00e1c ph\u01b0\u01a1ng ph\u00e1p t\u1ea1o n\u0103ng l\u01b0\u1ee3ng kh\u00e1c, xi lanh th\u1ee7y l\u1ef1c c\u00f3 t\u00e1c \u0111\u1ed9ng m\u00f4i tr\u01b0\u1eddng th\u1ea5p. Ch\u00fang kh\u00f4ng t\u1ea1o ra kh\u00ed th\u1ea3i tr\u1ef1c ti\u1ebfp v\u00e0 ho\u1ea1t \u0111\u1ed9ng \u00eam \u00e1i, gi\u1ea3m thi\u1ec3u \u00f4 nhi\u1ec5m ti\u1ebfng \u1ed3n v\u00e0 b\u1ea3o v\u1ec7 h\u1ec7 sinh th\u00e1i bi\u1ec3n.<\/li>\n<li><strong>T\u00ednh linh ho\u1ea1t trong thi\u1ebft k\u1ebf:<\/strong> Xi lanh th\u1ee7y l\u1ef1c mang l\u1ea1i t\u00ednh linh ho\u1ea1t \u0111\u00e1ng k\u1ec3 trong thi\u1ebft k\u1ebf, cho ph\u00e9p c\u00e1c k\u1ef9 s\u01b0 t\u00f9y ch\u1ec9nh k\u00edch th\u01b0\u1edbc, chi\u1ec1u d\u00e0i h\u00e0nh tr\u00ecnh v\u00e0 l\u1ef1c \u0111\u1ea7u ra \u0111\u1ec3 t\u1ed1i \u01b0u h\u00f3a hi\u1ec7u su\u1ea5t v\u00e0 hi\u1ec7u qu\u1ea3 c\u1ee7a h\u1ec7 th\u1ed1ng cho c\u00e1c \u1ee9ng d\u1ee5ng ph\u00e1t \u0111i\u1ec7n t\u1eeb s\u00f3ng v\u00e0 th\u1ee7y tri\u1ec1u c\u1ee5 th\u1ec3.<\/li>\n<\/ol>\n<p><img loading=\"lazy\" decoding=\"async\" class=\"alignnone  wp-image-819\" src=\"https:\/\/fmp-components.com\/wp-content\/uploads\/2024\/12\/Wave-Tide-Power-Generation-Equipment-Hydraulic-Cylinder.webp\" alt=\"Thi\u1ebft b\u1ecb ph\u00e1t \u0111i\u1ec7n th\u1ee7y tri\u1ec1u d\u1ea1ng s\u00f3ng\" width=\"925\" height=\"308\" title=\"\" srcset=\"https:\/\/fmp-components.com\/wp-content\/uploads\/2024\/12\/Wave-Tide-Power-Generation-Equipment-Hydraulic-Cylinder.webp 925w, https:\/\/fmp-components.com\/wp-content\/uploads\/2024\/12\/Wave-Tide-Power-Generation-Equipment-Hydraulic-Cylinder-480x160.webp 480w\" sizes=\"(min-width: 0px) and (max-width: 480px) 480px, (min-width: 481px) 925px, 100vw\" \/><\/p>\n<h3>Ch\u1ecdn xi lanh th\u1ee7y l\u1ef1c FMP \u0111\u1ec3 ph\u00e1t \u0111i\u1ec7n t\u1eeb s\u00f3ng\/th\u1ee7y tri\u1ec1u<\/h3>\n<p>FMP l\u00e0 nh\u00e0 s\u1ea3n xu\u1ea5t xi lanh th\u1ee7y l\u1ef1c h\u00e0ng \u0111\u1ea7u \u0111\u01b0\u1ee3c thi\u1ebft k\u1ebf chuy\u00ean bi\u1ec7t cho vi\u1ec7c ph\u00e1t \u0111i\u1ec7n t\u1eeb s\u00f3ng v\u00e0 th\u1ee7y tri\u1ec1u. N\u1ed5i ti\u1ebfng v\u1ec1 ch\u1ea5t l\u01b0\u1ee3ng, \u0111\u1ed9 b\u1ec1n v\u00e0 \u0111\u1ed9 tin c\u1eady, xi lanh FMP ho\u00e0n h\u1ea3o cho m\u00f4i tr\u01b0\u1eddng bi\u1ec3n kh\u1eafc nghi\u1ec7t.<\/p>\n<h4>L\u1ee3i \u00edch khi l\u1ef1a ch\u1ecdn xi lanh th\u1ee7y l\u1ef1c FMP:<\/h4>\n<ul>\n<li><strong>Hi\u1ec7u qu\u1ea3 cao:<\/strong> Xi lanh th\u1ee7y l\u1ef1c FMP \u0111\u01b0\u1ee3c thi\u1ebft k\u1ebf \u0111\u1ec3 \u0111\u1ea1t hi\u1ec7u qu\u1ea3 t\u1ed1i \u01b0u, chuy\u1ec3n \u0111\u1ed5i n\u0103ng l\u01b0\u1ee3ng s\u00f3ng v\u00e0 th\u1ee7y tri\u1ec1u th\u00e0nh n\u0103ng l\u01b0\u1ee3ng th\u1ee7y l\u1ef1c v\u1edbi t\u1ed5n th\u1ea5t t\u1ed1i thi\u1ec3u.<\/li>\n<li><strong>Tu\u1ed5i th\u1ecd d\u00e0i:<\/strong> \u0110\u01b0\u1ee3c ch\u1ebf t\u1ea1o \u0111\u1ec3 b\u1ec1n b\u1ec9, nh\u1eefng xi lanh n\u00e0y c\u00f3 c\u00e1c th\u00e0nh ph\u1ea7n v\u00e0 k\u1ebft c\u1ea5u ch\u1eafc ch\u1eafn c\u00f3 th\u1ec3 ch\u1ecbu \u0111\u01b0\u1ee3c \u0111i\u1ec1u ki\u1ec7n kh\u1eafc nghi\u1ec7t c\u1ee7a bi\u1ec3n.<\/li>\n<li><strong>B\u1ea3o tr\u00ec th\u1ea5p:<\/strong> \u0110\u01b0\u1ee3c thi\u1ebft k\u1ebf \u0111\u1ec3 b\u1ea3o tr\u00ec t\u1ed1i thi\u1ec3u, xi lanh th\u1ee7y l\u1ef1c FMP c\u1ea7n \u00edt b\u1ea3o tr\u00ec trong khi v\u1eabn \u0111\u1ea3m b\u1ea3o hi\u1ec7u su\u1ea5t \u0111\u00e1ng tin c\u1eady.<\/li>\n<li><strong>Thi\u1ebft k\u1ebf c\u00f3 th\u1ec3 t\u00f9y ch\u1ec9nh:<\/strong> FMP cung c\u1ea5p nhi\u1ec1u lo\u1ea1i thi\u1ebft k\u1ebf xi lanh th\u1ee7y l\u1ef1c kh\u00e1c nhau, ph\u00f9 h\u1ee3p v\u1edbi c\u00e1c y\u00eau c\u1ea7u c\u1ee5 th\u1ec3 c\u1ee7a t\u1eebng d\u1ef1 \u00e1n ph\u00e1t \u0111i\u1ec7n t\u1eeb s\u00f3ng v\u00e0 th\u1ee7y tri\u1ec1u.<\/li>\n<\/ul>\n<p>Xi lanh th\u1ee7y l\u1ef1c FMP \u0111\u00e3 \u0111\u01b0\u1ee3c tri\u1ec3n khai th\u00e0nh c\u00f4ng trong nhi\u1ec1u d\u1ef1 \u00e1n tr\u00ean to\u00e0n th\u1ebf gi\u1edbi, bao g\u1ed3m nh\u00e0 m\u00e1y \u0111i\u1ec7n s\u00f3ng Oyster \u1edf Orkney, Scotland v\u00e0 \u0111\u1ea7m ph\u00e1 th\u1ee7y tri\u1ec1u Penghu \u1edf \u0110\u00e0i Loan.<\/p>\n<h4>Nh\u1eefng c\u00e2n nh\u1eafc khi l\u1ef1a ch\u1ecdn xi lanh th\u1ee7y l\u1ef1c FMP:<\/h4>\n<ol>\n<li><strong>Lo\u1ea1i thi\u1ebft b\u1ecb ph\u00e1t \u0111i\u1ec7n:<\/strong> C\u00e1c y\u00eau c\u1ea7u c\u1ee5 th\u1ec3 \u0111\u1ed1i v\u1edbi xi lanh th\u1ee7y l\u1ef1c c\u1ee7a b\u1ea1n s\u1ebd ph\u1ee5 thu\u1ed9c v\u00e0o thi\u1ebft b\u1ecb \u0111\u01b0\u1ee3c s\u1eed d\u1ee5ng. V\u00ed d\u1ee5, b\u1ed9 chuy\u1ec3n \u0111\u1ed5i n\u0103ng l\u01b0\u1ee3ng s\u00f3ng (WEC) c\u00f3 th\u1ec3 c\u1ea7n xi lanh c\u00f3 m\u1eadt \u0111\u1ed9 c\u00f4ng su\u1ea5t cao v\u00e0 chi\u1ec1u d\u00e0i h\u00e0nh tr\u00ecnh d\u00e0i h\u01a1n, trong khi \u0111\u1eadp th\u1ee7y tri\u1ec1u y\u00eau c\u1ea7u xi lanh c\u00f3 kh\u1ea3 n\u0103ng ch\u1ecbu l\u1ef1c cao h\u01a1n.<\/li>\n<li><strong>M\u00f4i tr\u01b0\u1eddng ho\u1ea1t \u0111\u1ed9ng:<\/strong> H\u00e3y c\u00e2n nh\u1eafc c\u00e1c y\u1ebfu t\u1ed1 nh\u01b0 \u0111\u1ed9 s\u00e2u c\u1ee7a n\u01b0\u1edbc, \u0111\u1ed9 m\u1eb7n v\u00e0 nhi\u1ec7t \u0111\u1ed9 v\u00ec ch\u00fang c\u00f3 th\u1ec3 \u1ea3nh h\u01b0\u1edfng \u0111\u1ebfn hi\u1ec7u su\u1ea5t v\u00e0 tu\u1ed5i th\u1ecd c\u1ee7a xi lanh th\u1ee7y l\u1ef1c.<\/li>\n<li><strong>Ng\u00e2n s\u00e1ch:<\/strong> FMP cung c\u1ea5p nhi\u1ec1u lo\u1ea1i xi lanh th\u1ee7y l\u1ef1c v\u1edbi nhi\u1ec1u m\u1ee9c gi\u00e1 kh\u00e1c nhau. \u0110i\u1ec1u quan tr\u1ecdng l\u00e0 ph\u1ea3i c\u00e2n b\u1eb1ng gi\u1eefa ng\u00e2n s\u00e1ch v\u00e0 ch\u1ea5t l\u01b0\u1ee3ng c\u0169ng nh\u01b0 hi\u1ec7u su\u1ea5t b\u1ea1n c\u1ea7n.<\/li>\n<\/ol>\n<p>\u0110\u1ec3 \u0111\u01b0\u1ee3c h\u1ed7 tr\u1ee3 l\u1ef1a ch\u1ecdn xi lanh th\u1ee7y l\u1ef1c FMP ph\u00f9 h\u1ee3p cho d\u1ef1 \u00e1n ph\u00e1t \u0111i\u1ec7n t\u1eeb s\u00f3ng ho\u1eb7c th\u1ee7y tri\u1ec1u c\u1ee7a b\u1ea1n, vui l\u00f2ng li\u00ean h\u1ec7 tr\u1ef1c ti\u1ebfp v\u1edbi FMP. C\u00e1c k\u1ef9 s\u01b0 gi\u00e0u kinh nghi\u1ec7m c\u1ee7a ch\u00fang t\u00f4i lu\u00f4n s\u1eb5n s\u00e0ng gi\u00fap b\u1ea1n x\u00e1c \u0111\u1ecbnh c\u00e1c gi\u1ea3i ph\u00e1p t\u1ed1t nh\u1ea5t ph\u00f9 h\u1ee3p v\u1edbi y\u00eau c\u1ea7u c\u1ee5 th\u1ec3 c\u1ee7a b\u1ea1n.<\/p>\n<p><img loading=\"lazy\" decoding=\"async\" class=\"alignnone size-full wp-image-818\" src=\"https:\/\/fmp-components.com\/wp-content\/uploads\/2024\/12\/Wave-Tide-Power-Generation-Equipment-Hydraulic-Cylinder-Advantages.webp\" alt=\"Thi\u1ebft b\u1ecb ph\u00e1t \u0111i\u1ec7n th\u1ee7y tri\u1ec1u - \u01afu \u0111i\u1ec3m c\u1ee7a xi lanh th\u1ee7y l\u1ef1c\" width=\"1000\" height=\"501\" title=\"\" srcset=\"https:\/\/fmp-components.com\/wp-content\/uploads\/2024\/12\/Wave-Tide-Power-Generation-Equipment-Hydraulic-Cylinder-Advantages.webp 1000w, https:\/\/fmp-components.com\/wp-content\/uploads\/2024\/12\/Wave-Tide-Power-Generation-Equipment-Hydraulic-Cylinder-Advantages-980x491.webp 980w, https:\/\/fmp-components.com\/wp-content\/uploads\/2024\/12\/Wave-Tide-Power-Generation-Equipment-Hydraulic-Cylinder-Advantages-480x240.webp 480w\" sizes=\"(min-width: 0px) and (max-width: 480px) 480px, (min-width: 481px) and (max-width: 980px) 980px, (min-width: 981px) 1000px, 100vw\" \/><\/p>\n<h3>Gi\u1edbi thi\u1ec7u v\u1ec1 FMP<\/h3>\n<p>FMP l\u00e0 m\u1ed9t c\u00f4ng ty s\u1ea3n xu\u1ea5t c\u01a1 kh\u00ed chuy\u00ean bi\u1ec7t, chuy\u00ean s\u1ea3n xu\u1ea5t xi lanh th\u1ee7y l\u1ef1c. K\u1ec3 t\u1eeb khi th\u00e0nh l\u1eadp, c\u00f4ng ty \u0111\u00e3 t\u1eadp trung v\u00e0o nghi\u00ean c\u1ee9u v\u00e0 s\u1ea3n xu\u1ea5t c\u00f4ng ngh\u1ec7 th\u1ee7y l\u1ef1c, chuy\u1ec3n \u0111\u1ed5i th\u00e0nh c\u00f4ng t\u1eeb danh m\u1ee5c s\u1ea3n ph\u1ea9m \u0111a d\u1ea1ng, bao g\u1ed3m m\u00e1y m\u00f3c thu ho\u1ea1ch v\u00e0 x\u00e2y d\u1ef1ng, sang chuy\u00ean v\u1ec1 linh ki\u1ec7n m\u00e1y k\u00e9o n\u00f4ng nghi\u1ec7p. V\u1edbi h\u01a1n m\u1ed9t th\u1eadp k\u1ef7 kinh nghi\u1ec7m trong s\u1ea3n xu\u1ea5t v\u00e0 qu\u1ea3n l\u00fd, FMP \u0111\u1ea3m b\u1ea3o s\u1ea3n ph\u1ea9m ch\u1ea5t l\u01b0\u1ee3ng cao th\u00f4ng qua c\u00e1c k\u1ef9 thu\u1eadt s\u1ea3n xu\u1ea5t ti\u00ean ti\u1ebfn.<\/p>\n<p>Trong qu\u00e1 tr\u00ecnh ph\u00e1t tri\u1ec3n, c\u00f4ng ty \u0111\u00e3 x\u00e2y d\u1ef1ng \u0111\u01b0\u1ee3c d\u00e2y chuy\u1ec1n s\u1ea3n xu\u1ea5t gia c\u00f4ng, d\u00e2y chuy\u1ec1n l\u1eafp r\u00e1p v\u00e0 d\u00e2y chuy\u1ec1n s\u01a1n ph\u1ee7 to\u00e0n di\u1ec7n. \u0110\u1ed9i ng\u0169 c\u1ee7a ch\u00fang t\u00f4i bao g\u1ed3m \u0111\u1ed9i ng\u0169 qu\u1ea3n l\u00fd l\u00e0nh ngh\u1ec1, \u0111\u1ed9i ng\u0169 thi\u1ebft k\u1ebf c\u01a1 kh\u00ed gi\u00e0u kinh nghi\u1ec7m v\u00e0 \u0111\u1ed9i ng\u0169 k\u1ef9 thu\u1eadt vi\u00ean \u0111\u01b0\u1ee3c \u0111\u00e0o t\u1ea1o b\u00e0i b\u1ea3n, c\u00f9ng nhau duy tr\u00ec ch\u1ea5t l\u01b0\u1ee3ng s\u1ea3n xu\u1ea5t \u1ed5n \u0111\u1ecbnh, \u0111\u1ed3ng th\u1eddi ki\u1ec3m so\u00e1t hi\u1ec7u qu\u1ea3 t\u00ednh li\u00ean t\u1ee5c v\u00e0 hi\u1ec7u qu\u1ea3 c\u1ee7a quy tr\u00ecnh.<\/p>\n<p>FMP duy tr\u00ec tri\u1ebft l\u00fd \u201c\u0110\u1ed5i m\u1edbi c\u00f4ng ngh\u1ec7 th\u00fac \u0111\u1ea9y ti\u1ebfn b\u1ed9, Ch\u1ea5t l\u01b0\u1ee3ng t\u1ea1o n\u00ean th\u01b0\u01a1ng hi\u1ec7u, Tay ngh\u1ec1 \u0111\u1ea3m b\u1ea3o ch\u1ea5t l\u01b0\u1ee3ng v\u00e0 X\u00e2y d\u1ef1ng m\u1ed1i quan h\u1ec7 \u0111\u00f4i b\u00ean c\u00f9ng c\u00f3 l\u1ee3i l\u00e2u d\u00e0i\u201d. Cam k\u1ebft cung c\u1ea5p s\u1ea3n ph\u1ea9m ch\u1ea5t l\u01b0\u1ee3ng cao v\u00e0 d\u1ecbch v\u1ee5 kh\u00e1ch h\u00e0ng v\u01b0\u1ee3t tr\u1ed9i v\u1eabn l\u00e0 m\u1ee5c ti\u00eau c\u1ed1t l\u00f5i khi ch\u00fang t\u00f4i ti\u1ebfp t\u1ee5c \u0111\u00e1p \u1ee9ng nhu c\u1ea7u ng\u00e0y c\u00e0ng thay \u0111\u1ed5i c\u1ee7a th\u1ecb tr\u01b0\u1eddng.<\/p>\n<p><img loading=\"lazy\" decoding=\"async\" class=\"alignnone size-full wp-image-426\" src=\"https:\/\/fmp-components.com\/wp-content\/uploads\/2024\/12\/Sanitation-Machinery-Locking-Hydraulic-Cylinder-factory.webp\" sizes=\"(min-width: 0px) and (max-width: 480px) 480px, (min-width: 481px) and (max-width: 980px) 980px, (min-width: 981px) and (max-width: 1280px) 1280px, (min-width: 1281px) 1414px, 100vw\" srcset=\"https:\/\/fmp-components.com\/wp-content\/uploads\/2024\/12\/Sanitation-Machinery-Locking-Hydraulic-Cylinder-factory.webp 1414w, https:\/\/fmp-components.com\/wp-content\/uploads\/2024\/12\/Sanitation-Machinery-Locking-Hydraulic-Cylinder-factory-1280x529.webp 1280w, https:\/\/fmp-components.com\/wp-content\/uploads\/2024\/12\/Sanitation-Machinery-Locking-Hydraulic-Cylinder-factory-980x405.webp 980w, https:\/\/fmp-components.com\/wp-content\/uploads\/2024\/12\/Sanitation-Machinery-Locking-Hydraulic-Cylinder-factory-480x198.webp 480w\" alt=\"Nh\u00e0 m\u00e1y xi lanh th\u1ee7y l\u1ef1c kh\u00f3a m\u00e1y v\u1ec7 sinh\" width=\"1414\" height=\"584\" title=\"\"><\/p>\n<p>T\u00e1c gi\u1ea3: CX<\/p>","protected":false},"excerpt":{"rendered":"<p>Xi lanh th\u1ee7y l\u1ef1c cho thi\u1ebft b\u1ecb ph\u00e1t \u0111i\u1ec7n s\u00f3ng\/th\u1ee7y tri\u1ec1u l\u00e0 m\u1ed9t b\u1ed9 ph\u1eadn th\u1ee7y l\u1ef1c quan tr\u1ecdng \u0111\u01b0\u1ee3c thi\u1ebft k\u1ebf \u0111\u1ec3 khai th\u00e1c n\u0103ng l\u01b0\u1ee3ng t\u1eeb s\u00f3ng bi\u1ec3n v\u00e0 chuy\u1ec3n \u0111\u1ed9ng th\u1ee7y tri\u1ec1u. Xi lanh n\u00e0y \u0111\u00f3ng vai tr\u00f2 thi\u1ebft y\u1ebfu trong vi\u1ec7c chuy\u1ec3n \u0111\u1ed5i \u0111\u1ed9ng n\u0103ng c\u1ee7a n\u01b0\u1edbc th\u00e0nh c\u01a1 n\u0103ng, t\u1ea1o \u0111i\u1ec1u ki\u1ec7n thu\u1eadn l\u1ee3i cho ho\u1ea1t \u0111\u1ed9ng c\u1ee7a nhi\u1ec1u c\u01a1 ch\u1ebf ph\u00e1t \u0111i\u1ec7n kh\u00e1c nhau. \u0110\u01b0\u1ee3c ch\u1ebf t\u1ea1o t\u1eeb v\u1eadt li\u1ec7u ch\u1ed1ng \u0103n m\u00f2n, c\u00f3 \u0111\u1ed9 b\u1ec1n cao, xi lanh \u0111\u01b0\u1ee3c thi\u1ebft k\u1ebf \u0111\u1ec3 ch\u1ecbu \u0111\u01b0\u1ee3c m\u00f4i tr\u01b0\u1eddng bi\u1ec3n kh\u1eafc nghi\u1ec7t, bao g\u1ed3m c\u1ea3 vi\u1ec7c ti\u1ebfp x\u00fac v\u1edbi n\u01b0\u1edbc m\u1eb7n v\u00e0 \u0111i\u1ec1u ki\u1ec7n th\u1eddi ti\u1ebft kh\u1eafc nghi\u1ec7t. H\u1ec7 th\u1ed1ng th\u1ee7y l\u1ef1c cho ph\u00e9p chuy\u1ec3n \u0111\u1ed9ng tr\u01a1n tru v\u00e0 hi\u1ec7u qu\u1ea3, t\u1ed1i \u0111a h\u00f3a kh\u1ea3 n\u0103ng thu n\u0103ng l\u01b0\u1ee3ng \u0111\u1ed3ng th\u1eddi \u0111\u1ea3m b\u1ea3o \u0111\u1ed9 tin c\u1eady v\u00e0 \u0111\u1ed9 b\u1ec1n c\u1ee7a thi\u1ebft b\u1ecb. Xi lanh th\u1ee7y l\u1ef1c n\u00e0y r\u1ea5t c\u1ea7n thi\u1ebft \u0111\u1ec3 t\u1ed1i \u01b0u h\u00f3a hi\u1ec7u su\u1ea5t c\u1ee7a c\u00e1c h\u1ec7 th\u1ed1ng n\u0103ng l\u01b0\u1ee3ng s\u00f3ng v\u00e0 th\u1ee7y tri\u1ec1u, \u0111\u00f3ng g\u00f3p \u0111\u00e1ng k\u1ec3 v\u00e0o c\u00e1c gi\u1ea3i ph\u00e1p n\u0103ng l\u01b0\u1ee3ng b\u1ec1n v\u1eefng v\u00e0 t\u00e1i t\u1ea1o.<\/p>","protected":false},"featured_media":817,"comment_status":"open","ping_status":"closed","template":"","meta":{"_et_pb_use_builder":"","_et_pb_old_content":"","_et_gb_content_width":""},"product_brand":[],"product_cat":[29],"product_tag":[],"class_list":{"0":"post-816","1":"product","2":"type-product","3":"status-publish","4":"has-post-thumbnail","6":"product_cat-energy-technology-hydraulic-cylinders","8":"first","9":"instock","10":"shipping-taxable","11":"product-type-simple"},"_links":{"self":[{"href":"https:\/\/fmp-components.com\/vi\/wp-json\/wp\/v2\/product\/816","targetHints":{"allow":["GET"]}}],"collection":[{"href":"https:\/\/fmp-components.com\/vi\/wp-json\/wp\/v2\/product"}],"about":[{"href":"https:\/\/fmp-components.com\/vi\/wp-json\/wp\/v2\/types\/product"}],"replies":[{"embeddable":true,"href":"https:\/\/fmp-components.com\/vi\/wp-json\/wp\/v2\/comments?post=816"}],"wp:featuredmedia":[{"embeddable":true,"href":"https:\/\/fmp-components.com\/vi\/wp-json\/wp\/v2\/media\/817"}],"wp:attachment":[{"href":"https:\/\/fmp-components.com\/vi\/wp-json\/wp\/v2\/media?parent=816"}],"wp:term":[{"taxonomy":"product_brand","embeddable":true,"href":"https:\/\/fmp-components.com\/vi\/wp-json\/wp\/v2\/product_brand?post=816"},{"taxonomy":"product_cat","embeddable":true,"href":"https:\/\/fmp-components.com\/vi\/wp-json\/wp\/v2\/product_cat?post=816"},{"taxonomy":"product_tag","embeddable":true,"href":"https:\/\/fmp-components.com\/vi\/wp-json\/wp\/v2\/product_tag?post=816"}],"curies":[{"name":"wp","href":"https:\/\/api.w.org\/{rel}","templated":true}]}}