{"id":809,"date":"2024-12-18T07:45:43","date_gmt":"2024-12-18T07:45:43","guid":{"rendered":"https:\/\/fmp-components.com\/?page_id=8"},"modified":"2024-12-18T07:51:27","modified_gmt":"2024-12-18T07:51:27","slug":"desalination-equipment-hydraulic-cylinders","status":"publish","type":"product","link":"https:\/\/fmp-components.com\/vi\/product\/desalination-equipment-hydraulic-cylinders\/","title":{"rendered":"Thi\u1ebft b\u1ecb kh\u1eed mu\u1ed1i Xi lanh th\u1ee7y l\u1ef1c"},"content":{"rendered":"<p style=\"text-align: center;\"><span style=\"font-size: 18pt;\">Thi\u1ebft b\u1ecb kh\u1eed mu\u1ed1i Xi lanh th\u1ee7y l\u1ef1c<\/span><\/p>\n<p>Xi lanh th\u1ee7y l\u1ef1c c\u1ee7a thi\u1ebft b\u1ecb kh\u1eed mu\u1ed1i l\u00e0 c\u00e1c b\u1ed9 ph\u1eadn th\u1ee7y l\u1ef1c thi\u1ebft y\u1ebfu \u0111\u01b0\u1ee3c thi\u1ebft k\u1ebf chuy\u00ean d\u1ee5ng \u0111\u1ec3 s\u1eed d\u1ee5ng trong c\u00e1c nh\u00e0 m\u00e1y kh\u1eed mu\u1ed1i. C\u00e1c xi lanh n\u00e0y \u0111\u00f3ng vai tr\u00f2 quan tr\u1ecdng trong vi\u1ec7c h\u1ed7 tr\u1ee3 chuy\u1ec3n \u0111\u1ed9ng v\u00e0 v\u1eadn h\u00e0nh c\u00e1c m\u00e1y m\u00f3c kh\u00e1c nhau li\u00ean quan \u0111\u1ebfn quy tr\u00ecnh x\u1eed l\u00fd n\u01b0\u1edbc, ch\u1eb3ng h\u1ea1n nh\u01b0 m\u00e1y b\u01a1m, van v\u00e0 h\u1ec7 th\u1ed1ng l\u1ecdc.<\/p>\n<h4>C\u00e1c t\u00ednh n\u0103ng ch\u00ednh:<\/h4>\n<ul>\n<li><strong>K\u1ebft c\u1ea5u c\u01b0\u1eddng \u0111\u1ed9 cao:<\/strong> \u0110\u01b0\u1ee3c l\u00e0m t\u1eeb v\u1eadt li\u1ec7u b\u1ec1n, ch\u1ed1ng \u0103n m\u00f2n, c\u00e1c xi lanh th\u1ee7y l\u1ef1c n\u00e0y \u0111\u01b0\u1ee3c thi\u1ebft k\u1ebf \u0111\u1ec3 ch\u1ecbu \u0111\u01b0\u1ee3c m\u00f4i tr\u01b0\u1eddng kh\u1eafc nghi\u1ec7t th\u01b0\u1eddng th\u1ea5y trong c\u00e1c ho\u1ea1t \u0111\u1ed9ng kh\u1eed mu\u1ed1i, bao g\u1ed3m ti\u1ebfp x\u00fac v\u1edbi n\u01b0\u1edbc m\u1eb7n v\u00e0 \u00e1p su\u1ea5t cao.<\/li>\n<li><strong>Hi\u1ec7u su\u1ea5t \u0111\u00e1ng tin c\u1eady:<\/strong> \u0110\u01b0\u1ee3c thi\u1ebft k\u1ebf \u0111\u1ec3 \u0111\u1ea1t hi\u1ec7u su\u1ea5t cao, c\u00e1c xi lanh n\u00e0y cung c\u1ea5p l\u1ef1c th\u1ee7y l\u1ef1c m\u1ea1nh m\u1ebd v\u00e0 \u1ed5n \u0111\u1ecbnh, \u0111\u1ea3m b\u1ea3o thi\u1ebft b\u1ecb kh\u1eed mu\u1ed1i ho\u1ea1t \u0111\u1ed9ng hi\u1ec7u qu\u1ea3 v\u00e0 g\u00f3p ph\u1ea7n v\u00e0o \u0111\u1ed9 tin c\u1eady t\u1ed5ng th\u1ec3 c\u1ee7a quy tr\u00ecnh x\u1eed l\u00fd n\u01b0\u1edbc.<\/li>\n<li><strong>Ki\u1ec3m so\u00e1t ch\u00ednh x\u00e1c:<\/strong> Thi\u1ebft k\u1ebf th\u1ee7y l\u1ef1c cho ph\u00e9p \u0111i\u1ec1u ch\u1ec9nh tr\u01a1n tru v\u00e0 ch\u00ednh x\u00e1c, n\u00e2ng cao hi\u1ec7u qu\u1ea3 ho\u1ea1t \u0111\u1ed9ng c\u1ee7a van v\u00e0 m\u00e1y b\u01a1m, \u0111i\u1ec1u n\u00e0y r\u1ea5t quan tr\u1ecdng \u0111\u1ec3 t\u1ed1i \u01b0u h\u00f3a l\u01b0u l\u01b0\u1ee3ng n\u01b0\u1edbc v\u00e0 quy tr\u00ecnh x\u1eed l\u00fd.<\/li>\n<li><strong>\u1ee8ng d\u1ee5ng \u0111a n\u0103ng:<\/strong> Ph\u00f9 h\u1ee3p v\u1edbi nhi\u1ec1u c\u00f4ng ngh\u1ec7 kh\u1eed mu\u1ed1i kh\u00e1c nhau, bao g\u1ed3m th\u1ea9m th\u1ea5u ng\u01b0\u1ee3c v\u00e0 ch\u01b0ng c\u1ea5t nhanh nhi\u1ec1u giai \u0111o\u1ea1n, c\u00e1c xi lanh th\u1ee7y l\u1ef1c n\u00e0y c\u00f3 th\u1ec3 th\u00edch \u1ee9ng v\u1edbi nhi\u1ec1u nhu c\u1ea7u v\u1eadn h\u00e0nh kh\u00e1c nhau, gi\u00fap ch\u00fang tr\u1edf n\u00ean linh ho\u1ea1t cho nhi\u1ec1u \u1ee9ng d\u1ee5ng kh\u00e1c nhau.<\/li>\n<li><strong>Y\u00eau c\u1ea7u b\u1ea3o tr\u00ec th\u1ea5p:<\/strong> \u0110\u01b0\u1ee3c thi\u1ebft k\u1ebf \u0111\u1ec3 gi\u1ea3m thi\u1ec3u hao m\u00f2n, c\u00e1c xi lanh n\u00e0y gi\u00fap gi\u1ea3m nhu c\u1ea7u b\u1ea3o tr\u00ec th\u01b0\u1eddng xuy\u00ean, g\u00f3p ph\u1ea7n gi\u1ea3m chi ph\u00ed v\u1eadn h\u00e0nh v\u00e0 t\u0103ng n\u0103ng su\u1ea5t t\u1ea1i c\u00e1c c\u01a1 s\u1edf kh\u1eed mu\u1ed1i.<\/li>\n<\/ul>\n<p>T\u00f3m l\u1ea1i, Xi lanh th\u1ee7y l\u1ef1c c\u1ee7a thi\u1ebft b\u1ecb kh\u1eed mu\u1ed1i l\u00e0 th\u00e0nh ph\u1ea7n quan tr\u1ecdng gi\u00fap t\u1ed1i \u01b0u h\u00f3a hi\u1ec7u su\u1ea5t v\u00e0 hi\u1ec7u qu\u1ea3 c\u1ee7a c\u00e1c nh\u00e0 m\u00e1y kh\u1eed mu\u1ed1i, n\u00e2ng cao \u0111\u00e1ng k\u1ec3 hi\u1ec7u qu\u1ea3 cung c\u1ea5p n\u01b0\u1edbc ng\u1ecdt t\u1eeb n\u01b0\u1edbc bi\u1ec3n v\u00e0 \u0111\u1ea3m b\u1ea3o qu\u1ea3n l\u00fd t\u00e0i nguy\u00ean n\u01b0\u1edbc b\u1ec1n v\u1eefng.<\/p>\n<h2>Thi\u1ebft b\u1ecb kh\u1eed mu\u1ed1i Xi lanh th\u1ee7y l\u1ef1c<\/h2>\n<table style=\"width: 98.4268%; height: 316px;\" border=\"1\" cellspacing=\"0\" cellpadding=\"0\">\n<tbody>\n<tr>\n<td>T\u00ean s\u1ea3n ph\u1ea9m<\/td>\n<td>Xi lanh th\u1ee7y l\u1ef1c cho thi\u1ebft b\u1ecb kh\u1eed mu\u1ed1i<\/td>\n<\/tr>\n<tr>\n<td>\u0110\u1eb7c tr\u01b0ng:<\/td>\n<td>Tr\u00edch xu\u1ea5t v\u00e0 n\u00e9n n\u01b0\u1edbc bi\u1ec3n v\u00e0 \u0111\u01b0a v\u00e0o thi\u1ebft b\u1ecb l\u1ecdc.<\/td>\n<\/tr>\n<tr>\n<td>\u0110\u01b0\u1eddng k\u00ednh l\u1ed7 khoan:<\/td>\n<td>L\u00ean \u0111\u1ebfn 300mm<\/td>\n<\/tr>\n<tr>\n<td>\u0110\u01b0\u1eddng k\u00ednh thanh:<\/td>\n<td>L\u00ean \u0111\u1ebfn 185mm<br \/>\nH\u00e0nh tr\u00ecnh l\u00ean \u0111\u1ebfn 1000mm<\/td>\n<\/tr>\n<tr>\n<td>Nhi\u1ec7t \u0111\u1ed9 l\u00e0m vi\u1ec7c:<\/td>\n<td>-20~30\u2103<\/td>\n<\/tr>\n<tr>\n<td>T\u1ed1c \u0111\u1ed9 l\u00e0m vi\u1ec7c:<\/td>\n<td>l\u00ean \u0111\u1ebfn 110mm\/gi\u00e2y<\/td>\n<\/tr>\n<tr>\n<td>T\u1ea7n s\u1ed1 l\u00e0m vi\u1ec7c:<\/td>\n<td>24 gi\u1edd<\/td>\n<\/tr>\n<tr>\n<td>R\u00f2 r\u1ec9 b\u00ean trong v\u00e0 b\u00ean ngo\u00e0i:<\/td>\n<td>&lt; 5ml\/ph\u00fat<\/td>\n<\/tr>\n<tr>\n<td>\u00c1p l\u1ef1c:<\/td>\n<td>l\u00ean \u0111\u1ebfn 11MPa<br \/>\n\u00e1p su\u1ea5t kh\u1edfi \u0111\u1ed9ng\uff1c0.1Mpa<\/td>\n<\/tr>\n<tr>\n<td>\u1ee8ng d\u1ee5ng:<\/td>\n<td>Thi\u1ebft b\u1ecb kh\u1eed mu\u1ed1i<\/td>\n<\/tr>\n<\/tbody>\n<\/table>\n<h2>Thi\u1ebft k\u1ebf xi lanh th\u1ee7y l\u1ef1c c\u1ee7a thi\u1ebft b\u1ecb kh\u1eed mu\u1ed1i<\/h2>\n<ul>\n<li><strong>Kh\u1ea3 n\u0103ng ch\u1ed1ng \u0103n m\u00f2n:<\/strong> \u0110\u01b0\u1ee3c ch\u1ebf t\u1ea1o t\u1eeb th\u00e9p kh\u00f4ng g\u1ec9 hai l\u1edbp kh\u00f4ng c\u00f3 m\u1ed1i h\u00e0n, thi\u1ebft k\u1ebf n\u00e0y c\u00f3 kh\u1ea3 n\u0103ng ch\u1ed1ng \u0103n m\u00f2n hi\u1ec7u qu\u1ea3 trong n\u01b0\u1edbc bi\u1ec3n, \u0111\u1ea3m b\u1ea3o \u0111\u1ed9 b\u1ec1n v\u00e0 \u0111\u1ed9 tin c\u1eady.<\/li>\n<li><strong>\u0110\u1ed9 b\u1ec1n \u0111\u01b0\u1ee3c c\u1ea3i thi\u1ec7n:<\/strong> Th\u00e2n xi lanh th\u1ee7y l\u1ef1c v\u00e0 thanh piston \u0111\u01b0\u1ee3c ph\u1ee7 s\u01a1n g\u1ed1m, t\u0103ng kh\u1ea3 n\u0103ng ch\u1ed1ng m\u00e0i m\u00f2n b\u1ec1 m\u1eb7t v\u00e0 \u0111\u1ed9 b\u1ec1n t\u1ed5ng th\u1ec3.<\/li>\n<li><strong>Ni\u00eam phong t\u00f9y ch\u1ec9nh:<\/strong> C\u1ea5u h\u00ecnh v\u00e0 v\u1eadt li\u1ec7u b\u1ecbt k\u00edn chuy\u00ean d\u1ee5ng \u0111\u01b0\u1ee3c s\u1eed d\u1ee5ng \u0111\u1ec3 lo\u1ea1i b\u1ecf hi\u1ec7u qu\u1ea3 vi khu\u1ea9n v\u00e0 c\u00e1t m\u1ecbn kh\u1ecfi n\u01b0\u1edbc bi\u1ec3n, t\u1ed1i \u0111a h\u00f3a \u0111\u1ed9 tin c\u1eady v\u00e0 tu\u1ed5i th\u1ecd c\u1ee7a gio\u0103ng.<\/li>\n<li><strong>Thi\u1ebft k\u1ebf van \u0111\u01b0\u1ee3c t\u1ed1i \u01b0u h\u00f3a:<\/strong> Xi lanh th\u1ee7y l\u1ef1c c\u00f3 van \u0111\u1ea7u v\u00e0o v\u00e0 \u0111\u1ea7u ra n\u01b0\u1edbc bi\u1ec3n \u0111\u01b0\u1ee3c thi\u1ebft k\u1ebf \u0111\u1eb7c bi\u1ec7t, \u0111\u1ea3m b\u1ea3o v\u1eadn chuy\u1ec3n n\u01b0\u1edbc bi\u1ec3n hi\u1ec7u qu\u1ea3.<\/li>\n<li><strong>Quy tr\u00ecnh l\u1eafp r\u00e1p s\u1ea1ch s\u1ebd:<\/strong> Quy tr\u00ecnh l\u1eafp r\u00e1p v\u00e0 t\u1ea9y d\u1ea7u m\u1ee1 \u0111\u1ed9c \u0111\u00e1o \u0111\u1ea3m b\u1ea3o xi lanh th\u1ee7y l\u1ef1c kh\u00f4ng b\u1ecb b\u00e1m d\u1ea7u, duy tr\u00ec hi\u1ec7u su\u1ea5t v\u00e0 \u0111\u1ed9 s\u1ea1ch t\u1ed1i \u01b0u.<\/li>\n<\/ul>\n<p><img loading=\"lazy\" decoding=\"async\" class=\"wp-image-813 aligncenter\" src=\"https:\/\/fmp-components.com\/wp-content\/uploads\/2024\/12\/Hydraulic-Cylinders-in-Desalination-Equipment-Benefits.webp\" alt=\"L\u1ee3i \u00edch c\u1ee7a xi lanh th\u1ee7y l\u1ef1c trong thi\u1ebft b\u1ecb kh\u1eed mu\u1ed1i\" width=\"814\" height=\"407\" title=\"\"><\/p>\n<h2>L\u1ee3i \u00edch c\u1ee7a xi lanh th\u1ee7y l\u1ef1c trong thi\u1ebft b\u1ecb kh\u1eed mu\u1ed1i<\/h2>\n<p>Xi lanh th\u1ee7y l\u1ef1c mang l\u1ea1i nhi\u1ec1u l\u1ee3i th\u1ebf cho thi\u1ebft b\u1ecb kh\u1eed mu\u1ed1i, bao g\u1ed3m:<\/p>\n<ol>\n<li><strong>T\u1ef7 l\u1ec7 c\u00f4ng su\u1ea5t tr\u00ean tr\u1ecdng l\u01b0\u1ee3ng cao:<\/strong> Nh\u1eefng xi lanh n\u00e0y t\u1ea1o ra l\u1ef1c \u0111\u00e1ng k\u1ec3 trong khi v\u1eabn t\u01b0\u01a1ng \u0111\u1ed1i nh\u1eb9, \u0111i\u1ec1u n\u00e0y r\u1ea5t quan tr\u1ecdng \u0111\u1ed1i v\u1edbi c\u00e1c h\u1ec7 th\u1ed1ng kh\u1eed mu\u1ed1i c\u1ea7n v\u1eadn chuy\u1ec3n c\u00e1c th\u00e0nh ph\u1ea7n n\u1eb7ng nh\u01b0 m\u00e0ng RO v\u00e0 b\u1ed9 thu n\u01b0\u1edbc mu\u1ed1i.<\/li>\n<li><strong>Ki\u1ec3m so\u00e1t t\u1ed1c \u0111\u1ed9 thay \u0111\u1ed5i:<\/strong> Xi lanh th\u1ee7y l\u1ef1c c\u00f3 th\u1ec3 \u0111\u01b0\u1ee3c \u0111i\u1ec1u ch\u1ec9nh \u0111\u1ec3 di chuy\u1ec3n \u1edf nhi\u1ec1u t\u1ed1c \u0111\u1ed9 kh\u00e1c nhau, cho ph\u00e9p ki\u1ec3m so\u00e1t ch\u00ednh x\u00e1c c\u00e1c quy tr\u00ecnh kh\u1eed mu\u1ed1i, ch\u1eb3ng h\u1ea1n nh\u01b0 t\u1ed1c \u0111\u1ed9 lo\u1ea1i b\u1ecf n\u01b0\u1edbc mu\u1ed1i v\u00e0 t\u1ed1c \u0111\u1ed9 l\u00e0m s\u1ea1ch m\u00e0ng.<\/li>\n<li><strong>\u0110\u1ed9 ch\u00ednh x\u00e1c \u0111\u1ecbnh v\u1ecb:<\/strong> Ch\u00fang cho ph\u00e9p \u0111\u1ecbnh v\u1ecb c\u00e1c th\u00e0nh ph\u1ea7n thi\u1ebft b\u1ecb c\u00f3 \u0111\u1ed9 ch\u00ednh x\u00e1c cao, \u0111\u1ea3m b\u1ea3o ho\u1ea1t \u0111\u1ed9ng t\u1ed1i \u01b0u v\u00e0 hi\u1ec7u qu\u1ea3 trong qu\u00e1 tr\u00ecnh kh\u1eed mu\u1ed1i.<\/li>\n<li><strong>S\u1eed d\u1ee5ng n\u0103ng l\u01b0\u1ee3ng hi\u1ec7u qu\u1ea3:<\/strong> H\u1ec7 th\u1ed1ng th\u1ee7y l\u1ef1c \u0111\u01b0\u1ee3c bi\u1ebft \u0111\u1ebfn v\u1edbi hi\u1ec7u qu\u1ea3 n\u0103ng l\u01b0\u1ee3ng, \u0111i\u1ec1u n\u00e0y r\u1ea5t c\u1ea7n thi\u1ebft cho c\u00e1c nh\u00e0 m\u00e1y kh\u1eed mu\u1ed1i ph\u1ea3i ho\u1ea1t \u0111\u1ed9ng li\u00ean t\u1ee5c.<\/li>\n<li><strong>\u0110\u1ed9 b\u1ec1n v\u00e0 \u0111\u1ed9 tin c\u1eady:<\/strong> Xi lanh th\u1ee7y l\u1ef1c \u0111\u01b0\u1ee3c ch\u1ebf t\u1ea1o ch\u1eafc ch\u1eafn v\u00e0 \u0111\u00e1ng tin c\u1eady, c\u00f3 kh\u1ea3 n\u0103ng ch\u1ecbu \u0111\u01b0\u1ee3c c\u00e1c \u0111i\u1ec1u ki\u1ec7n kh\u1eafc nghi\u1ec7t th\u01b0\u1eddng th\u1ea5y \u1edf c\u00e1c c\u01a1 s\u1edf kh\u1eed mu\u1ed1i, bao g\u1ed3m nhi\u1ec7t \u0111\u1ed9 cao v\u00e0 ti\u1ebfp x\u00fac v\u1edbi h\u00f3a ch\u1ea5t \u0103n m\u00f2n.<\/li>\n<\/ol>\n<p><img loading=\"lazy\" decoding=\"async\" class=\"alignnone  wp-image-814\" src=\"https:\/\/fmp-components.com\/wp-content\/uploads\/2024\/12\/Desalination-Equipment-Hydraulic-Cylinder.webp\" alt=\"Thi\u1ebft b\u1ecb kh\u1eed mu\u1ed1i - Xi lanh th\u1ee7y l\u1ef1c\" width=\"900\" height=\"451\" title=\"\"><\/p>\n<h3>Gi\u1edbi thi\u1ec7u v\u1ec1 FMP<\/h3>\n<p>FMP l\u00e0 m\u1ed9t c\u00f4ng ty s\u1ea3n xu\u1ea5t c\u01a1 kh\u00ed chuy\u00ean bi\u1ec7t, chuy\u00ean s\u1ea3n xu\u1ea5t xi lanh th\u1ee7y l\u1ef1c. K\u1ec3 t\u1eeb khi th\u00e0nh l\u1eadp, c\u00f4ng ty \u0111\u00e3 t\u1eadp trung v\u00e0o nghi\u00ean c\u1ee9u v\u00e0 s\u1ea3n xu\u1ea5t c\u00f4ng ngh\u1ec7 th\u1ee7y l\u1ef1c, chuy\u1ec3n \u0111\u1ed5i th\u00e0nh c\u00f4ng t\u1eeb danh m\u1ee5c s\u1ea3n ph\u1ea9m \u0111a d\u1ea1ng, bao g\u1ed3m m\u00e1y m\u00f3c thu ho\u1ea1ch v\u00e0 x\u00e2y d\u1ef1ng, sang chuy\u00ean v\u1ec1 linh ki\u1ec7n m\u00e1y k\u00e9o n\u00f4ng nghi\u1ec7p. V\u1edbi h\u01a1n m\u1ed9t th\u1eadp k\u1ef7 kinh nghi\u1ec7m trong s\u1ea3n xu\u1ea5t v\u00e0 qu\u1ea3n l\u00fd, FMP \u0111\u1ea3m b\u1ea3o s\u1ea3n ph\u1ea9m ch\u1ea5t l\u01b0\u1ee3ng cao th\u00f4ng qua c\u00e1c k\u1ef9 thu\u1eadt s\u1ea3n xu\u1ea5t ti\u00ean ti\u1ebfn.<\/p>\n<p>Trong qu\u00e1 tr\u00ecnh ph\u00e1t tri\u1ec3n, c\u00f4ng ty \u0111\u00e3 x\u00e2y d\u1ef1ng \u0111\u01b0\u1ee3c d\u00e2y chuy\u1ec1n s\u1ea3n xu\u1ea5t gia c\u00f4ng, d\u00e2y chuy\u1ec1n l\u1eafp r\u00e1p v\u00e0 d\u00e2y chuy\u1ec1n s\u01a1n ph\u1ee7 to\u00e0n di\u1ec7n. \u0110\u1ed9i ng\u0169 c\u1ee7a ch\u00fang t\u00f4i bao g\u1ed3m \u0111\u1ed9i ng\u0169 qu\u1ea3n l\u00fd l\u00e0nh ngh\u1ec1, \u0111\u1ed9i ng\u0169 thi\u1ebft k\u1ebf c\u01a1 kh\u00ed gi\u00e0u kinh nghi\u1ec7m v\u00e0 \u0111\u1ed9i ng\u0169 k\u1ef9 thu\u1eadt vi\u00ean \u0111\u01b0\u1ee3c \u0111\u00e0o t\u1ea1o b\u00e0i b\u1ea3n, c\u00f9ng nhau duy tr\u00ec ch\u1ea5t l\u01b0\u1ee3ng s\u1ea3n xu\u1ea5t \u1ed5n \u0111\u1ecbnh, \u0111\u1ed3ng th\u1eddi ki\u1ec3m so\u00e1t hi\u1ec7u qu\u1ea3 t\u00ednh li\u00ean t\u1ee5c v\u00e0 hi\u1ec7u qu\u1ea3 c\u1ee7a quy tr\u00ecnh.<\/p>\n<p>FMP duy tr\u00ec tri\u1ebft l\u00fd \u201c\u0110\u1ed5i m\u1edbi c\u00f4ng ngh\u1ec7 th\u00fac \u0111\u1ea9y ti\u1ebfn b\u1ed9, Ch\u1ea5t l\u01b0\u1ee3ng t\u1ea1o n\u00ean th\u01b0\u01a1ng hi\u1ec7u, Tay ngh\u1ec1 \u0111\u1ea3m b\u1ea3o ch\u1ea5t l\u01b0\u1ee3ng v\u00e0 X\u00e2y d\u1ef1ng m\u1ed1i quan h\u1ec7 \u0111\u00f4i b\u00ean c\u00f9ng c\u00f3 l\u1ee3i l\u00e2u d\u00e0i\u201d. Cam k\u1ebft cung c\u1ea5p s\u1ea3n ph\u1ea9m ch\u1ea5t l\u01b0\u1ee3ng cao v\u00e0 d\u1ecbch v\u1ee5 kh\u00e1ch h\u00e0ng v\u01b0\u1ee3t tr\u1ed9i v\u1eabn l\u00e0 m\u1ee5c ti\u00eau c\u1ed1t l\u00f5i khi ch\u00fang t\u00f4i ti\u1ebfp t\u1ee5c \u0111\u00e1p \u1ee9ng nhu c\u1ea7u ng\u00e0y c\u00e0ng thay \u0111\u1ed5i c\u1ee7a th\u1ecb tr\u01b0\u1eddng.<\/p>\n<p><img loading=\"lazy\" decoding=\"async\" class=\"alignnone size-full wp-image-426\" src=\"https:\/\/fmp-components.com\/wp-content\/uploads\/2024\/12\/Sanitation-Machinery-Locking-Hydraulic-Cylinder-factory.webp\" sizes=\"(min-width: 0px) and (max-width: 480px) 480px, (min-width: 481px) and (max-width: 980px) 980px, (min-width: 981px) and (max-width: 1280px) 1280px, (min-width: 1281px) 1414px, 100vw\" srcset=\"https:\/\/fmp-components.com\/wp-content\/uploads\/2024\/12\/Sanitation-Machinery-Locking-Hydraulic-Cylinder-factory.webp 1414w, https:\/\/fmp-components.com\/wp-content\/uploads\/2024\/12\/Sanitation-Machinery-Locking-Hydraulic-Cylinder-factory-1280x529.webp 1280w, https:\/\/fmp-components.com\/wp-content\/uploads\/2024\/12\/Sanitation-Machinery-Locking-Hydraulic-Cylinder-factory-980x405.webp 980w, https:\/\/fmp-components.com\/wp-content\/uploads\/2024\/12\/Sanitation-Machinery-Locking-Hydraulic-Cylinder-factory-480x198.webp 480w\" alt=\"Nh\u00e0 m\u00e1y xi lanh th\u1ee7y l\u1ef1c kh\u00f3a m\u00e1y v\u1ec7 sinh\" width=\"1414\" height=\"584\" title=\"\"><\/p>\n<p>T\u00e1c gi\u1ea3: CX<\/p>\n<p>&nbsp;<\/p>","protected":false},"excerpt":{"rendered":"<p>Xi lanh th\u1ee7y l\u1ef1c c\u1ee7a thi\u1ebft b\u1ecb kh\u1eed mu\u1ed1i l\u00e0 th\u00e0nh ph\u1ea7n quan tr\u1ecdng \u0111\u01b0\u1ee3c s\u1eed d\u1ee5ng trong c\u00e1c nh\u00e0 m\u00e1y kh\u1eed mu\u1ed1i, gi\u00fap di chuy\u1ec3n v\u00e0 v\u1eadn h\u00e0nh c\u00e1c m\u00e1y m\u00f3c kh\u00e1c nhau trong qu\u00e1 tr\u00ecnh x\u1eed l\u00fd n\u01b0\u1edbc. C\u00e1c xi lanh th\u1ee7y l\u1ef1c n\u00e0y cung c\u1ea5p l\u1ef1c c\u1ea7n thi\u1ebft \u0111\u1ec3 \u0111i\u1ec1u khi\u1ec3n van, b\u01a1m v\u00e0 c\u00e1c thi\u1ebft b\u1ecb kh\u00e1c, \u0111\u1ea3m b\u1ea3o ho\u1ea1t \u0111\u1ed9ng hi\u1ec7u qu\u1ea3 trong vi\u1ec7c chuy\u1ec3n \u0111\u1ed5i n\u01b0\u1edbc bi\u1ec3n th\u00e0nh n\u01b0\u1edbc ng\u1ecdt. \u0110\u01b0\u1ee3c ch\u1ebf t\u1ea1o t\u1eeb v\u1eadt li\u1ec7u ch\u1ed1ng \u0103n m\u00f2n, c\u00f3 \u0111\u1ed9 b\u1ec1n cao, ch\u00fang \u0111\u01b0\u1ee3c thi\u1ebft k\u1ebf \u0111\u1ec3 ch\u1ecbu \u0111\u01b0\u1ee3c c\u00e1c \u0111i\u1ec1u ki\u1ec7n kh\u1eafc nghi\u1ec7t \u0111\u1eb7c tr\u01b0ng c\u1ee7a m\u00f4i tr\u01b0\u1eddng kh\u1eed mu\u1ed1i, bao g\u1ed3m ti\u1ebfp x\u00fac v\u1edbi n\u01b0\u1edbc m\u1eb7n v\u00e0 \u00e1p su\u1ea5t cao. Ho\u1ea1t \u0111\u1ed9ng th\u1ee7y l\u1ef1c m\u01b0\u1ee3t m\u00e0 cho ph\u00e9p ki\u1ec3m so\u00e1t v\u00e0 \u0111i\u1ec1u ch\u1ec9nh ch\u00ednh x\u00e1c, n\u00e2ng cao hi\u1ec7u qu\u1ea3 v\u00e0 \u0111\u1ed9 tin c\u1eady t\u1ed5ng th\u1ec3 c\u1ee7a qu\u00e1 tr\u00ecnh kh\u1eed mu\u1ed1i. C\u00e1c xi lanh th\u1ee7y l\u1ef1c n\u00e0y \u0111\u00f3ng vai tr\u00f2 quan tr\u1ecdng trong vi\u1ec7c t\u1ed1i \u01b0u h\u00f3a hi\u1ec7u su\u1ea5t c\u1ee7a thi\u1ebft b\u1ecb kh\u1eed mu\u1ed1i, g\u00f3p ph\u1ea7n \u0111\u00e1ng k\u1ec3 v\u00e0o vi\u1ec7c qu\u1ea3n l\u00fd t\u00e0i nguy\u00ean n\u01b0\u1edbc hi\u1ec7u qu\u1ea3.<\/p>","protected":false},"featured_media":812,"comment_status":"open","ping_status":"closed","template":"","meta":{"_et_pb_use_builder":"","_et_pb_old_content":"","_et_gb_content_width":""},"product_brand":[],"product_cat":[29],"product_tag":[],"class_list":{"0":"post-809","1":"product","2":"type-product","3":"status-publish","4":"has-post-thumbnail","6":"product_cat-energy-technology-hydraulic-cylinders","8":"first","9":"instock","10":"shipping-taxable","11":"product-type-simple"},"_links":{"self":[{"href":"https:\/\/fmp-components.com\/vi\/wp-json\/wp\/v2\/product\/809","targetHints":{"allow":["GET"]}}],"collection":[{"href":"https:\/\/fmp-components.com\/vi\/wp-json\/wp\/v2\/product"}],"about":[{"href":"https:\/\/fmp-components.com\/vi\/wp-json\/wp\/v2\/types\/product"}],"replies":[{"embeddable":true,"href":"https:\/\/fmp-components.com\/vi\/wp-json\/wp\/v2\/comments?post=809"}],"wp:featuredmedia":[{"embeddable":true,"href":"https:\/\/fmp-components.com\/vi\/wp-json\/wp\/v2\/media\/812"}],"wp:attachment":[{"href":"https:\/\/fmp-components.com\/vi\/wp-json\/wp\/v2\/media?parent=809"}],"wp:term":[{"taxonomy":"product_brand","embeddable":true,"href":"https:\/\/fmp-components.com\/vi\/wp-json\/wp\/v2\/product_brand?post=809"},{"taxonomy":"product_cat","embeddable":true,"href":"https:\/\/fmp-components.com\/vi\/wp-json\/wp\/v2\/product_cat?post=809"},{"taxonomy":"product_tag","embeddable":true,"href":"https:\/\/fmp-components.com\/vi\/wp-json\/wp\/v2\/product_tag?post=809"}],"curies":[{"name":"wp","href":"https:\/\/api.w.org\/{rel}","templated":true}]}}