{"id":8005,"date":"2025-04-15T05:33:41","date_gmt":"2025-04-15T05:33:41","guid":{"rendered":"https:\/\/fmp-components.com\/?post_type=product&#038;p=8005"},"modified":"2025-04-15T06:05:24","modified_gmt":"2025-04-15T06:05:24","slug":"plastic-gear-rack","status":"publish","type":"product","link":"https:\/\/fmp-components.com\/vi\/product\/plastic-gear-rack\/","title":{"rendered":"Gi\u00e1 \u0111\u1ee1 b\u00e1nh r\u0103ng b\u1eb1ng nh\u1ef1a"},"content":{"rendered":"<h2>Gi\u00e1 \u0111\u1ee1 b\u00e1nh r\u0103ng nh\u1ef1a: \u0110\u1ed9 ch\u00ednh x\u00e1c v\u00e0 hi\u1ec7u su\u1ea5t cho ng\u00e0nh c\u00f4ng nghi\u1ec7p \u00dd<\/h2>\n<p>K\u1ec7 nh\u1ef1a l\u00e0 th\u00e0nh ph\u1ea7n quan tr\u1ecdng trong m\u00e1y m\u00f3c, h\u1ec7 th\u1ed1ng t\u1ef1 \u0111\u1ed9ng h\u00f3a v\u00e0 c\u01a1 c\u1ea5u l\u00e1i, gi\u00fap chuy\u1ec3n \u0111\u1ed5i chuy\u1ec3n \u0111\u1ed9ng quay th\u00e0nh chuy\u1ec3n \u0111\u1ed9ng tuy\u1ebfn t\u00ednh ch\u00ednh x\u00e1c. Kh\u00f4ng gi\u1ed1ng nh\u01b0 k\u1ec7 kim lo\u1ea1i truy\u1ec1n th\u1ed1ng, k\u1ec7 nh\u1ef1a \u0111\u01b0\u1ee3c l\u00e0m t\u1eeb v\u1eadt li\u1ec7u hi\u1ec7u su\u1ea5t cao nh\u01b0 nylon v\u00e0 polyoxymethylene (POM) mang l\u1ea1i nh\u1eefng \u01b0u \u0111i\u1ec3m \u0111\u1ed9c \u0111\u00e1o, bao g\u1ed3m kh\u1ea3 n\u0103ng ch\u1ed1ng \u0103n m\u00f2n, ti\u1ebfng \u1ed3n th\u1ea5p v\u00e0 kh\u1ea3 n\u0103ng t\u1ef1 b\u00f4i tr\u01a1n, khi\u1ebfn ch\u00fang tr\u1edf th\u00e0nh l\u1ef1a ch\u1ecdn l\u00fd t\u01b0\u1edfng cho nhi\u1ec1u ng\u00e0nh c\u00f4ng nghi\u1ec7p t\u1ea1i \u00dd.<\/p>\n<p><img loading=\"lazy\" decoding=\"async\" class=\"size-full wp-image-8009 aligncenter\" src=\"https:\/\/fmp-components.com\/wp-content\/uploads\/2025\/04\/plastic-gear-rack-product-1.webp\" alt=\"s\u1ea3n ph\u1ea9m gi\u00e1 \u0111\u1ee1 b\u00e1nh r\u0103ng b\u1eb1ng nh\u1ef1a\" width=\"1000\" height=\"1000\" title=\"\" srcset=\"https:\/\/fmp-components.com\/wp-content\/uploads\/2025\/04\/plastic-gear-rack-product-1.webp 1000w, https:\/\/fmp-components.com\/wp-content\/uploads\/2025\/04\/plastic-gear-rack-product-1-980x980.webp 980w, https:\/\/fmp-components.com\/wp-content\/uploads\/2025\/04\/plastic-gear-rack-product-1-480x480.webp 480w\" sizes=\"(min-width: 0px) and (max-width: 480px) 480px, (min-width: 481px) and (max-width: 980px) 980px, (min-width: 981px) 1000px, 100vw\" \/><\/p>\n<div class=\"message-bubble rounded-3xl prose dark:prose-invert break-words text-primary min-h-7 prose-p:opacity-95 prose-strong:opacity-100 w-full max-w-none\" dir=\"auto\">\n<h3 class=\"\" dir=\"auto\">T\u1ea1i sao n\u00ean ch\u1ecdn gi\u00e1 \u0111\u1ee1 b\u00e1nh r\u0103ng b\u1eb1ng nh\u1ef1a?<\/h3>\n<p class=\"break-words\" dir=\"auto\">Gi\u00e1 \u0111\u1ee1 b\u00e1nh r\u0103ng b\u1eb1ng nh\u1ef1a, \u0111\u1eb7c bi\u1ec7t l\u00e0 lo\u1ea1i c\u00f3 g\u00f3c \u00e1p su\u1ea5t 20\u00b0, l\u00e0 ti\u00eau chu\u1ea9n c\u00f4ng nghi\u1ec7p nh\u1edd r\u0103ng d\u00e0y h\u01a1n, ch\u1eafc ch\u1eafn h\u01a1n so v\u1edbi c\u00e1c lo\u1ea1i gi\u00e1 \u0111\u1ee1 14,5\u00b0. \u0110\u01b0\u1ee3c s\u1ea3n xu\u1ea5t t\u1eeb \u200b\u200bc\u00e1c v\u1eadt li\u1ec7u nh\u01b0 nylon th\u1ef1c ph\u1ea9m v\u00e0 POM tr\u1eafng, ch\u00fang ho\u1ea1t \u0111\u1ed9ng hi\u1ec7u qu\u1ea3 trong c\u00e1c m\u00f4i tr\u01b0\u1eddng \u0111\u00f2i h\u1ecfi v\u1ec7 sinh, ch\u1eb3ng h\u1ea1n nh\u01b0 nh\u00e0 m\u00e1y ch\u1ebf bi\u1ebfn th\u1ef1c ph\u1ea9m ho\u1eb7c c\u00e1c \u1ee9ng d\u1ee5ng khoa h\u1ecdc. C\u00e1c l\u1ee3i \u00edch ch\u00ednh bao g\u1ed3m:<\/p>\n<ul class=\"marker:text-secondary\" dir=\"auto\">\n<li class=\"break-words\"><strong>\u0110\u1ed9 b\u1ec1n v\u00e0 kh\u1ea3 n\u0103ng ch\u1ed1ng m\u00e0i m\u00f2n<\/strong>: Thanh r\u0103ng b\u1eb1ng nylon v\u00e0 acetal ch\u1ed1ng m\u00e0i m\u00f2n, ch\u1ed1ng b\u1ea9n v\u00e0 b\u1ee5i, \u0111\u1ea3m b\u1ea3o hi\u1ec7u su\u1ea5t l\u00e2u d\u00e0i.<\/li>\n<li class=\"break-words\"><strong>Kh\u00f4ng c\u1ea7n b\u00f4i tr\u01a1n<\/strong>: T\u00ednh ch\u1ea5t t\u1ef1 b\u00f4i tr\u01a1n gi\u00fap ch\u00fang ph\u00f9 h\u1ee3p v\u1edbi nh\u1eefng m\u00f4i tr\u01b0\u1eddng kh\u1eafc nghi\u1ec7t nh\u01b0 m\u00e1y CNC ho\u1eb7c h\u1ec7 th\u1ed1ng \u0111\u01b0\u1eddng ray.<\/li>\n<li class=\"break-words\"><strong>Ho\u1ea1t \u0111\u1ed9ng y\u00ean t\u0129nh<\/strong>: Thanh r\u0103ng b\u1eb1ng nh\u1ef1a ch\u1ea1y \u00eam h\u01a1n thanh r\u0103ng b\u1eb1ng kim lo\u1ea1i, ho\u00e0n h\u1ea3o cho c\u00e1c \u1ee9ng d\u1ee5ng nh\u1ea1y c\u1ea3m v\u1edbi ti\u1ebfng \u1ed3n.<\/li>\n<li class=\"break-words\"><strong>Ch\u1ed1ng \u0103n m\u00f2n v\u00e0 h\u00f3a ch\u1ea5t<\/strong>: Th\u00edch h\u1ee3p cho c\u00e1c ng\u00e0nh c\u00f4ng nghi\u1ec7p m\u00e0 c\u00e1c th\u00e0nh ph\u1ea7n kim lo\u1ea1i c\u00f3 th\u1ec3 b\u1ecb ph\u00e2n h\u1ee7y.<\/li>\n<\/ul>\n<p class=\"break-words\" dir=\"auto\">Thanh r\u0103ng nh\u1ef1a mang l\u1ea1i \u0111\u1ed9 ch\u00ednh x\u00e1c v\u00e0 \u0111\u1ed9 tin c\u1eady cho c\u00e1c \u1ee9ng d\u1ee5ng nh\u01b0 h\u1ec7 th\u1ed1ng t\u1ef1 \u0111\u1ed9ng h\u00f3a v\u00e0 thang m\u00e1y.<\/p>\n<div>\n<h3 dir=\"auto\">\u1ee8ng d\u1ee5ng c\u1ee7a gi\u00e1 \u0111\u1ee1 b\u00e1nh r\u0103ng nh\u1ef1a<\/h3>\n<p class=\"break-words\" dir=\"auto\">Gi\u00e1 \u0111\u1ee1 b\u00e1nh r\u0103ng b\u1eb1ng nh\u1ef1a r\u1ea5t \u0111a n\u0103ng, h\u1ed7 tr\u1ee3 nhi\u1ec1u ng\u00e0nh c\u00f4ng nghi\u1ec7p tr\u00ean kh\u1eafp n\u01b0\u1edbc \u00dd:<\/p>\n<ul class=\"marker:text-secondary\" dir=\"auto\">\n<li class=\"break-words\"><strong>M\u00e1y CNC<\/strong>:T\u1ea1i c\u00e1c khu c\u00f4ng nghi\u1ec7p c\u1ee7a Milan, gi\u00e1 \u0111\u1ee1 b\u00e1nh r\u0103ng \u0111\u1ea3m b\u1ea3o ki\u1ec3m so\u00e1t chuy\u1ec3n \u0111\u1ed9ng ch\u00ednh x\u00e1c.<\/li>\n<li class=\"break-words\"><strong>Ch\u1ebf bi\u1ebfn th\u1ef1c ph\u1ea9m<\/strong>:Ng\u00e0nh th\u1ef1c ph\u1ea9m c\u1ee7a Bologna \u0111\u01b0\u1ee3c h\u01b0\u1edfng l\u1ee3i t\u1eeb gi\u00e1 \u0111\u1ee1 thi\u1ebft b\u1ecb POM c\u1ea5p th\u1ef1c ph\u1ea9m \u0111\u00e1p \u1ee9ng c\u00e1c ti\u00eau chu\u1ea9n v\u1ec7 sinh nghi\u00eam ng\u1eb7t.<\/li>\n<li class=\"break-words\"><strong>H\u1ec7 th\u1ed1ng t\u1ef1 \u0111\u1ed9ng h\u00f3a<\/strong>:T\u1eeb Venice \u0111\u1ebfn Florence, gi\u00e1 \u0111\u1ee1 b\u00e1nh r\u0103ng \u0111i\u1ec1u khi\u1ec3n h\u1ec7 th\u1ed1ng robot v\u00e0 b\u0103ng t\u1ea3i.<\/li>\n<li class=\"break-words\"><strong>C\u01a1 ch\u1ebf l\u00e1i<\/strong>: \u0110\u01b0\u1ee3c s\u1eed d\u1ee5ng trong xe c\u1ed9 v\u00e0 m\u00e1y m\u00f3c tr\u00ean kh\u1eafp n\u01b0\u1edbc \u00dd, \u0111\u1ea3m b\u1ea3o ho\u1ea1t \u0111\u1ed9ng tr\u01a1n tru.<\/li>\n<\/ul>\n<p class=\"break-words\" dir=\"auto\">Thi\u1ebft k\u1ebf nh\u1eb9 v\u00e0 kh\u1ea3 n\u0103ng ch\u1ecbu t\u1ea3i cao khi\u1ebfn ch\u00fang tr\u1edf th\u00e0nh l\u1ef1a ch\u1ecdn h\u00e0ng \u0111\u1ea7u cho c\u00e1c k\u1ef9 s\u01b0 t\u00ecm ki\u1ebfm hi\u1ec7u qu\u1ea3 v\u00e0 hi\u1ec7u su\u1ea5t.<\/p>\n<table style=\"border-collapse: collapse; width: 96.3542%; height: 122px;\" border=\"0\" width=\"180\" cellspacing=\"0\" cellpadding=\"0\">\n<tbody>\n<tr style=\"height: 14.40pt;\">\n<td style=\"height: 14.40pt; width: 54.00pt;\" align=\"right\" width=\"90\" height=\"24\"><img loading=\"lazy\" decoding=\"async\" class=\"size-full wp-image-8013 aligncenter\" src=\"https:\/\/fmp-components.com\/wp-content\/uploads\/2025\/04\/plastic-gear-rack-product-5.webp\" alt=\"s\u1ea3n ph\u1ea9m gi\u00e1 \u0111\u1ee1 b\u00e1nh r\u0103ng b\u1eb1ng nh\u1ef1a\" width=\"810\" height=\"810\" title=\"\" srcset=\"https:\/\/fmp-components.com\/wp-content\/uploads\/2025\/04\/plastic-gear-rack-product-5.webp 810w, https:\/\/fmp-components.com\/wp-content\/uploads\/2025\/04\/plastic-gear-rack-product-5-480x480.webp 480w\" sizes=\"(min-width: 0px) and (max-width: 480px) 480px, (min-width: 481px) 810px, 100vw\" \/><\/td>\n<td style=\"width: 54.00pt;\" align=\"right\" width=\"90\"><img loading=\"lazy\" decoding=\"async\" class=\"size-full wp-image-8012 aligncenter\" src=\"https:\/\/fmp-components.com\/wp-content\/uploads\/2025\/04\/plastic-gear-rack-product-6.webp\" alt=\"s\u1ea3n ph\u1ea9m gi\u00e1 \u0111\u1ee1 b\u00e1nh r\u0103ng b\u1eb1ng nh\u1ef1a\" width=\"810\" height=\"810\" title=\"\" srcset=\"https:\/\/fmp-components.com\/wp-content\/uploads\/2025\/04\/plastic-gear-rack-product-6.webp 810w, https:\/\/fmp-components.com\/wp-content\/uploads\/2025\/04\/plastic-gear-rack-product-6-480x480.webp 480w\" sizes=\"(min-width: 0px) and (max-width: 480px) 480px, (min-width: 481px) 810px, 100vw\" \/><\/td>\n<\/tr>\n<tr style=\"height: 14.40pt;\">\n<td style=\"height: 14.40pt;\" align=\"right\" height=\"24\"><img loading=\"lazy\" decoding=\"async\" class=\"size-full wp-image-8014 aligncenter\" src=\"https:\/\/fmp-components.com\/wp-content\/uploads\/2025\/04\/plastic-gear-rack-product-4.webp\" alt=\"s\u1ea3n ph\u1ea9m gi\u00e1 \u0111\u1ee1 b\u00e1nh r\u0103ng b\u1eb1ng nh\u1ef1a\" width=\"810\" height=\"810\" title=\"\" srcset=\"https:\/\/fmp-components.com\/wp-content\/uploads\/2025\/04\/plastic-gear-rack-product-4.webp 810w, https:\/\/fmp-components.com\/wp-content\/uploads\/2025\/04\/plastic-gear-rack-product-4-480x480.webp 480w\" sizes=\"(min-width: 0px) and (max-width: 480px) 480px, (min-width: 481px) 810px, 100vw\" \/><\/td>\n<td align=\"right\"><img loading=\"lazy\" decoding=\"async\" class=\"size-full wp-image-8015 aligncenter\" src=\"https:\/\/fmp-components.com\/wp-content\/uploads\/2025\/04\/plastic-gear-rack-product-3.webp\" alt=\"s\u1ea3n ph\u1ea9m gi\u00e1 \u0111\u1ee1 b\u00e1nh r\u0103ng b\u1eb1ng nh\u1ef1a\" width=\"810\" height=\"810\" title=\"\" srcset=\"https:\/\/fmp-components.com\/wp-content\/uploads\/2025\/04\/plastic-gear-rack-product-3.webp 810w, https:\/\/fmp-components.com\/wp-content\/uploads\/2025\/04\/plastic-gear-rack-product-3-480x480.webp 480w\" sizes=\"(min-width: 0px) and (max-width: 480px) 480px, (min-width: 481px) 810px, 100vw\" \/><\/td>\n<\/tr>\n<\/tbody>\n<\/table>\n<div>\n<h2 class=\"\" dir=\"auto\">Th\u00f4ng s\u1ed1 k\u1ef9 thu\u1eadt c\u1ee7a Thanh r\u0103ng nh\u1ef1a Module 1<\/h2>\n<p class=\"break-words\" dir=\"auto\">Thanh r\u0103ng nh\u1ef1a Module 1 c\u1ee7a ch\u00fang t\u00f4i, \u0111\u01b0\u1ee3c l\u00e0m t\u1eeb nh\u1ef1a POM tr\u1eafng, l\u00e0 m\u1ed9t v\u00ed d\u1ee5 \u0111i\u1ec3n h\u00ecnh v\u1ec1 k\u1ef9 thu\u1eadt ch\u1ea5t l\u01b0\u1ee3ng. C\u00e1c th\u00f4ng s\u1ed1 k\u1ef9 thu\u1eadt ch\u00ednh bao g\u1ed3m:<\/p>\n<ul class=\"marker:text-secondary\" dir=\"auto\">\n<li class=\"break-words\"><strong>K\u00edch th\u01b0\u1edbc<\/strong>: 15mm (b) x 15mm (H) x 14mm (h), v\u1edbi chi\u1ec1u d\u00e0i danh ngh\u0129a l\u00e0 250mm.<\/li>\n<li class=\"break-words\"><strong>M\u00f4-\u0111un<\/strong>: 1, tu\u00e2n th\u1ee7 ti\u00eau chu\u1ea9n DIN 867\/DIN 3972.<\/li>\n<li class=\"break-words\"><strong>G\u00f3c \u00e1p su\u1ea5t<\/strong>: 20\u00b0, \u0111\u1ea3m b\u1ea3o kh\u1ea3 n\u0103ng t\u01b0\u01a1ng th\u00edch v\u1edbi b\u00e1nh r\u0103ng tr\u1ee5 ti\u00eau chu\u1ea9n.<\/li>\n<li class=\"break-words\"><strong>C\u00e2n n\u1eb7ng<\/strong>: Ch\u1ec9 75 gram, l\u00fd t\u01b0\u1edfng cho c\u00e1c c\u1ee5m l\u1eafp r\u00e1p nh\u1eb9.<\/li>\n<li class=\"break-words\"><strong>V\u1eadt li\u1ec7u<\/strong>: POM c\u1ea5p th\u1ef1c ph\u1ea9m, th\u00edch h\u1ee3p cho c\u00e1c \u1ee9ng d\u1ee5ng m\u00e0i m\u00f2n v\u00e0 khoa h\u1ecdc.<\/li>\n<\/ul>\n<p class=\"break-words\" dir=\"auto\">Thanh r\u0103ng n\u00e0y k\u1ebft h\u1ee3p li\u1ec1n m\u1ea1ch v\u1edbi c\u00e1c b\u00e1nh r\u0103ng tr\u1ee5 ph\u00f9 h\u1ee3p, cho ph\u00e9p chuy\u1ec3n \u0111\u1ed9ng tuy\u1ebfn t\u00ednh m\u01b0\u1ee3t m\u00e0 trong c\u00e1c \u1ee9ng d\u1ee5ng t\u1eeb robot \u1edf Bologna \u0111\u1ebfn h\u1ec7 th\u1ed1ng \u0111\u01b0\u1eddng s\u1eaft \u1edf Venice.<\/p>\n<div>\n<h2 class=\"\" dir=\"auto\">Gi\u1edbi thi\u1ec7u v\u1ec1 FMP: \u0110\u1ed1i t\u00e1c \u0111\u00e1ng tin c\u1eady c\u1ee7a b\u1ea1n v\u1ec1 gi\u00e1 \u0111\u1ee1 b\u00e1nh r\u0103ng b\u1eb1ng nh\u1ef1a<\/h2>\n<p class=\"break-words\" dir=\"auto\">T\u1ea1i FMP, ch\u00fang t\u00f4i chuy\u00ean s\u1ea3n xu\u1ea5t \u0111a d\u1ea1ng c\u00e1c lo\u1ea1i gi\u00e1 \u0111\u1ee1 b\u00e1nh r\u0103ng nh\u1ef1a, bao g\u1ed3m c\u00e1c s\u1ea3n ph\u1ea9m nylon v\u00e0 acetal (POM), \u0111\u01b0\u1ee3c thi\u1ebft k\u1ebf \u0111\u1ec3 \u0111\u00e1p \u1ee9ng nhu c\u1ea7u c\u1ee7a c\u00e1c ng\u00e0nh c\u00f4ng nghi\u1ec7p tr\u00ean kh\u1eafp n\u01b0\u1edbc \u00dd. D\u1ef1a tr\u00ean chuy\u00ean m\u00f4n c\u1ee7a C\u00f4ng ty Gia c\u00f4ng Nh\u1ef1a, ch\u00fang t\u00f4i s\u1ea3n xu\u1ea5t c\u00e1c lo\u1ea1i gi\u00e1 \u0111\u1ee1 b\u00e1nh r\u0103ng OEM v\u00e0 thay th\u1ebf kim lo\u1ea1i, \u0111\u00e1p \u1ee9ng c\u00e1c ti\u00eau chu\u1ea9n c\u00f4ng nghi\u1ec7p, \u0111\u1ed3ng th\u1eddi mang l\u1ea1i kh\u1ea3 n\u0103ng ch\u1ed1ng m\u00e0i m\u00f2n v\u01b0\u1ee3t tr\u1ed9i v\u00e0 v\u1eadn h\u00e0nh \u00eam \u00e1i. D\u00f2ng s\u1ea3n ph\u1ea9m c\u1ee7a ch\u00fang t\u00f4i bao g\u1ed3m to\u00e0n b\u1ed9 d\u00f2ng s\u1ea3n ph\u1ea9m Poly-Hi Solidur, \u0111\u1ea3m b\u1ea3o t\u00ednh linh ho\u1ea1t cho c\u00e1c \u1ee9ng d\u1ee5ng t\u1ea1i Milan, Venice, Florence, Bologna v\u00e0 nhi\u1ec1u n\u01a1i kh\u00e1c.<\/p>\n<p class=\"break-words\" dir=\"auto\">Ch\u00fang t\u00f4i hi\u1ec3u r\u1eb1ng d\u1ef1 \u00e1n c\u1ee7a b\u1ea1n c\u00f3 th\u1ec3 y\u00eau c\u1ea7u nh\u1eefng th\u00f4ng s\u1ed1 k\u1ef9 thu\u1eadt ri\u00eang bi\u1ec7t. \u0110\u00f3 l\u00e0 l\u00fd do t\u1ea1i sao ch\u00fang t\u00f4i cung c\u1ea5p gi\u00e1 \u0111\u1ee1 b\u00e1nh r\u0103ng nh\u1ef1a t\u00f9y ch\u1ec9nh theo \u0111\u00fang nhu c\u1ea7u c\u1ee7a b\u1ea1n. N\u1ebfu b\u1ea1n kh\u00f4ng t\u00ecm th\u1ea5y m\u1eabu b\u1ea1n c\u1ea7n trong danh s\u00e1ch s\u1ea3n ph\u1ea9m c\u1ee7a ch\u00fang t\u00f4i, \u0111\u1eebng lo l\u1eafng - c\u00f3 th\u1ec3 n\u00f3 ch\u01b0a \u0111\u01b0\u1ee3c t\u1ea3i l\u00ean. Ch\u1ec9 c\u1ea7n g\u1eedi email cho ch\u00fang t\u00f4i y\u00eau c\u1ea7u c\u1ee7a b\u1ea1n, v\u00e0 c\u00e1c k\u1ef9 s\u01b0 c\u1ee7a ch\u00fang t\u00f4i s\u1ebd ph\u1ea3n h\u1ed3i trong v\u00f2ng 24 gi\u1edd v\u1edbi m\u1ed9t gi\u1ea3i ph\u00e1p. Li\u00ean h\u1ec7 v\u1edbi FMP ngay h\u00f4m nay \u0111\u1ec3 n\u00e2ng c\u1ea5p m\u00e1y m\u00f3c c\u1ee7a b\u1ea1n v\u1edbi gi\u00e1 \u0111\u1ee1 b\u00e1nh r\u0103ng nh\u1ef1a \u0111\u01b0\u1ee3c thi\u1ebft k\u1ebf ch\u00ednh x\u00e1c, t\u1ef1 h\u00e0o ph\u1ee5c v\u1ee5 c\u00e1c ng\u00e0nh c\u00f4ng nghi\u1ec7p ti\u00ean ti\u1ebfn c\u1ee7a \u00dd.<\/p>\n<p dir=\"auto\"><img loading=\"lazy\" decoding=\"async\" class=\"size-full wp-image-8010 aligncenter\" src=\"https:\/\/fmp-components.com\/wp-content\/uploads\/2025\/04\/plastic-gear-rack-product-2.webp\" alt=\"s\u1ea3n ph\u1ea9m gi\u00e1 \u0111\u1ee1 b\u00e1nh r\u0103ng b\u1eb1ng nh\u1ef1a\" width=\"1005\" height=\"638\" title=\"\"><\/p>\n<\/div>\n<\/div>\n<\/div>\n<\/div>","protected":false},"excerpt":{"rendered":"<p>Plastic Gear Rack: Precision and Performance for Italian Industries Plastic racks are key components in machinery, automation systems and steering mechanisms that convert rotary motion into precise linear motion. Unlike traditional metal racks, plastic racks made from high-performance materials such as nylon and polyoxymethylene (POM) offer unique advantages, including corrosion resistance, low noise and self-lubricating [&hellip;]<\/p>","protected":false},"featured_media":8008,"comment_status":"open","ping_status":"closed","template":"","meta":{"_et_pb_use_builder":"","_et_pb_old_content":"","_et_gb_content_width":""},"product_brand":[],"product_cat":[117],"product_tag":[],"class_list":{"0":"post-8005","1":"product","2":"type-product","3":"status-publish","4":"has-post-thumbnail","6":"product_cat-plastic-gears","8":"first","9":"instock","10":"shipping-taxable","11":"product-type-simple"},"_links":{"self":[{"href":"https:\/\/fmp-components.com\/vi\/wp-json\/wp\/v2\/product\/8005","targetHints":{"allow":["GET"]}}],"collection":[{"href":"https:\/\/fmp-components.com\/vi\/wp-json\/wp\/v2\/product"}],"about":[{"href":"https:\/\/fmp-components.com\/vi\/wp-json\/wp\/v2\/types\/product"}],"replies":[{"embeddable":true,"href":"https:\/\/fmp-components.com\/vi\/wp-json\/wp\/v2\/comments?post=8005"}],"wp:featuredmedia":[{"embeddable":true,"href":"https:\/\/fmp-components.com\/vi\/wp-json\/wp\/v2\/media\/8008"}],"wp:attachment":[{"href":"https:\/\/fmp-components.com\/vi\/wp-json\/wp\/v2\/media?parent=8005"}],"wp:term":[{"taxonomy":"product_brand","embeddable":true,"href":"https:\/\/fmp-components.com\/vi\/wp-json\/wp\/v2\/product_brand?post=8005"},{"taxonomy":"product_cat","embeddable":true,"href":"https:\/\/fmp-components.com\/vi\/wp-json\/wp\/v2\/product_cat?post=8005"},{"taxonomy":"product_tag","embeddable":true,"href":"https:\/\/fmp-components.com\/vi\/wp-json\/wp\/v2\/product_tag?post=8005"}],"curies":[{"name":"wp","href":"https:\/\/api.w.org\/{rel}","templated":true}]}}