{"id":7978,"date":"2025-04-15T02:14:53","date_gmt":"2025-04-15T02:14:53","guid":{"rendered":"https:\/\/fmp-components.com\/?post_type=product&#038;p=7978"},"modified":"2025-04-15T02:31:38","modified_gmt":"2025-04-15T02:31:38","slug":"plastic-rack-and-pinion","status":"publish","type":"product","link":"https:\/\/fmp-components.com\/vi\/product\/plastic-rack-and-pinion\/","title":{"rendered":"Thanh r\u0103ng v\u00e0 b\u00e1nh r\u0103ng nh\u1ef1a"},"content":{"rendered":"<h2>C\u01a1 c\u1ea5u b\u00e1nh r\u0103ng v\u00e0 thanh r\u0103ng b\u1eb1ng nh\u1ef1a: \u0110\u1ed9 ch\u00ednh x\u00e1c v\u00e0 \u0111\u1ed9 b\u1ec1n cho c\u00e1c ng\u00e0nh c\u00f4ng nghi\u1ec7p \u00dd.<\/h2>\n<p>Trong k\u1ef9 thu\u1eadt c\u01a1 kh\u00ed, h\u1ec7 th\u1ed1ng b\u00e1nh r\u0103ng v\u00e0 thanh r\u0103ng b\u1eb1ng nh\u1ef1a l\u00e0 m\u1ed9t gi\u1ea3i ph\u00e1p \u0111\u00e1ng tin c\u1eady \u0111\u1ec3 chuy\u1ec3n \u0111\u1ed5i chuy\u1ec3n \u0111\u1ed9ng quay th\u00e0nh chuy\u1ec3n \u0111\u1ed9ng t\u1ecbnh ti\u1ebfn (ho\u1eb7c ng\u01b0\u1ee3c l\u1ea1i). Bao g\u1ed3m m\u1ed9t thanh r\u0103ng tuy\u1ebfn t\u00ednh v\u00e0 c\u00e1c b\u00e1nh r\u0103ng \u0103n kh\u1edbp, c\u01a1 c\u1ea5u n\u00e0y \u0111\u01b0\u1ee3c s\u1eed d\u1ee5ng r\u1ed9ng r\u00e3i trong nhi\u1ec1u ng\u00e0nh c\u00f4ng nghi\u1ec7p nh\u1edd \u0111\u1ed9 ch\u00ednh x\u00e1c, \u0111\u1ed9 b\u1ec1n v\u00e0 t\u00ednh linh ho\u1ea1t. T\u1ea1i \u00dd, t\u1eeb trung t\u00e2m c\u00f4ng nghi\u1ec7p Milan \u0111\u1ebfn trung t\u00e2m s\u1ea3n xu\u1ea5t Bologna, h\u1ec7 th\u1ed1ng b\u00e1nh r\u0103ng v\u00e0 thanh r\u0103ng b\u1eb1ng nh\u1ef1a \u0111\u00e3 tr\u1edf th\u00e0nh m\u1ed9t ph\u1ea7n kh\u00f4ng th\u1ec3 thi\u1ebfu trong c\u00e1c \u1ee9ng d\u1ee5ng nh\u01b0 t\u1ef1 \u0111\u1ed9ng h\u00f3a, m\u00e1y c\u00f4ng c\u1ee5 CNC v\u00e0 h\u1ec7 th\u1ed1ng l\u00e1i.<\/p>\n<p>\u0110\u01b0\u1ee3c ch\u1ebf t\u1ea1o t\u1eeb c\u00e1c v\u1eadt li\u1ec7u hi\u1ec7u su\u1ea5t cao nh\u01b0 nylon v\u00e0 polyoxymethylene, h\u1ec7 th\u1ed1ng b\u00e1nh r\u0103ng v\u00e0 thanh r\u0103ng b\u1eb1ng nh\u1ef1a mang l\u1ea1i nh\u1eefng \u01b0u \u0111i\u1ec3m v\u01b0\u1ee3t tr\u1ed9i so v\u1edbi h\u1ec7 th\u1ed1ng b\u00e1nh r\u0103ng v\u00e0 thanh r\u0103ng b\u1eb1ng kim lo\u1ea1i. Nh\u1eefng \u01b0u \u0111i\u1ec3m n\u00e0y bao g\u1ed3m \u0111\u1ed9 \u1ed3n th\u1ea5p h\u01a1n, kh\u1ea3 n\u0103ng ch\u1ed1ng m\u00e0i m\u00f2n cao h\u01a1n v\u00e0 \u0111\u1eb7c t\u00ednh t\u1ef1 b\u00f4i tr\u01a1n, l\u00fd t\u01b0\u1edfng cho c\u00e1c m\u00f4i tr\u01b0\u1eddng \u0111\u00f2i h\u1ecfi b\u1ea3o tr\u00ec cao. Cho d\u00f9 trong m\u1ed9t x\u01b0\u1edfng ngh\u1ec7 thu\u1eadt \u1edf Florence hay trong ng\u00e0nh h\u00e0ng h\u1ea3i \u1edf Venice, b\u00e1nh r\u0103ng nh\u1ef1a \u0111\u1ec1u cung c\u1ea5p c\u00e1c gi\u1ea3i ph\u00e1p ti\u1ebft ki\u1ec7m chi ph\u00ed, ch\u1ea5t l\u01b0\u1ee3ng cao \u0111\u1ec3 \u0111\u00e1p \u1ee9ng nhi\u1ec1u nhu c\u1ea7u kh\u00e1c nhau.<\/p>\n<div>\n<h3 dir=\"auto\">\u01afu \u0111i\u1ec3m c\u1ee7a h\u1ec7 th\u1ed1ng b\u00e1nh r\u0103ng v\u00e0 thanh r\u0103ng b\u1eb1ng nh\u1ef1a<\/h3>\n<h4 dir=\"auto\">\u0110\u1ed9 b\u1ec1n v\u00e0 kh\u1ea3 n\u0103ng ch\u1ed1ng m\u00e0i m\u00f2n<\/h4>\n<p class=\"break-words\" dir=\"auto\">C\u00e1c thanh r\u0103ng b\u1eb1ng nh\u1ef1a, \u0111\u1eb7c bi\u1ec7t l\u00e0 lo\u1ea1i l\u00e0m t\u1eeb nh\u1ef1a nylon ho\u1eb7c nh\u1ef1a acetal, \u0111\u01b0\u1ee3c thi\u1ebft k\u1ebf \u0111\u1ec3 c\u00f3 \u0111\u1ed9 b\u1ec1n cao. Kh\u1ea3 n\u0103ng ch\u1ed1ng m\u00e0i m\u00f2n v\u1ed1n c\u00f3 c\u1ee7a ch\u00fang \u0111\u1ea3m b\u1ea3o hi\u1ec7u su\u1ea5t \u1ed5n \u0111\u1ecbnh trong c\u00e1c \u1ee9ng d\u1ee5ng \u0111\u00f2i h\u1ecfi kh\u1eaft khe, ch\u1eb3ng h\u1ea1n nh\u01b0 thang m\u00e1y v\u00e0 h\u1ec7 th\u1ed1ng \u0111\u01b0\u1eddng s\u1eaft t\u1ea1i c\u00e1c th\u00e0nh ph\u1ed1 c\u1ee7a \u00dd nh\u01b0 Milan v\u00e0 Bologna. Kh\u00f4ng gi\u1ed1ng nh\u01b0 b\u00e1nh r\u0103ng kim lo\u1ea1i, thanh r\u0103ng b\u1eb1ng nh\u1ef1a c\u00f3 kh\u1ea3 n\u0103ng ch\u1ed1ng \u0103n m\u00f2n v\u00e0 ch\u1ec9 c\u1ea7n b\u00f4i tr\u01a1n t\u1ed1i thi\u1ec3u, gi\u00fap gi\u1ea3m chi ph\u00ed b\u1ea3o tr\u00ec.<\/p>\n<h4 dir=\"auto\">Gi\u1ea3m ti\u1ebfng \u1ed3n<\/h4>\n<p class=\"break-words\" dir=\"auto\">Trong nh\u1eefng m\u00f4i tr\u01b0\u1eddng m\u00e0 vi\u1ec7c ki\u1ec3m so\u00e1t ti\u1ebfng \u1ed3n l\u00e0 v\u00f4 c\u00f9ng quan tr\u1ecdng, ch\u1eb3ng h\u1ea1n nh\u01b0 m\u00e1y \u0111\u00f3ng g\u00f3i \u1edf Florence ho\u1eb7c h\u1ec7 th\u1ed1ng t\u1ef1 \u0111\u1ed9ng h\u00f3a \u1edf Venice, h\u1ec7 th\u1ed1ng b\u00e1nh r\u0103ng v\u00e0 thanh r\u0103ng b\u1eb1ng nh\u1ef1a th\u1ec3 hi\u1ec7n \u01b0u th\u1ebf v\u01b0\u1ee3t tr\u1ed9i. C\u00e1c polyme \u0111\u01b0\u1ee3c s\u1eed d\u1ee5ng gi\u00fap gi\u1ea3m rung \u0111\u1ed9ng, d\u1eabn \u0111\u1ebfn ho\u1ea1t \u0111\u1ed9ng \u00eam \u00e1i h\u01a1n so v\u1edbi c\u00e1c h\u1ec7 th\u1ed1ng b\u1eb1ng kim lo\u1ea1i, t\u1eeb \u0111\u00f3 n\u00e2ng cao an to\u00e0n v\u00e0 s\u1ef1 tho\u1ea3i m\u00e1i t\u1ea1i n\u01a1i l\u00e0m vi\u1ec7c.<\/p>\n<h4 dir=\"auto\">Nh\u1eb9 v\u00e0 ti\u1ebft ki\u1ec7m chi ph\u00ed<\/h4>\n<p class=\"break-words\" dir=\"auto\">C\u00e1c b\u00e1nh r\u0103ng b\u1eb1ng nh\u1ef1a nh\u1eb9 h\u01a1n \u0111\u00e1ng k\u1ec3 so v\u1edbi b\u00e1nh r\u0103ng kim lo\u1ea1i, khi\u1ebfn ch\u00fang tr\u1edf n\u00ean l\u00fd t\u01b0\u1edfng cho c\u00e1c \u1ee9ng d\u1ee5ng y\u00eau c\u1ea7u tr\u1ecdng l\u01b0\u1ee3ng nh\u1eb9, ch\u1eb3ng h\u1ea1n nh\u01b0 thang m\u00e1y c\u1ea7u thang ho\u1eb7c b\u1ed9 truy\u1ec1n \u0111\u1ed9ng kh\u00ed n\u00e9n \u1edf Bologna. T\u00ednh hi\u1ec7u qu\u1ea3 v\u1ec1 chi ph\u00ed c\u1ee7a ch\u00fang c\u0169ng h\u1ea5p d\u1eabn c\u00e1c doanh nghi\u1ec7p \u0111ang t\u00ecm ki\u1ebfm c\u00e1c gi\u1ea3i ph\u00e1p ch\u1ea5t l\u01b0\u1ee3ng cao m\u00e0 kh\u00f4ng v\u01b0\u1ee3t qu\u00e1 ng\u00e2n s\u00e1ch, m\u1ed9t \u01b0u ti\u00ean \u0111\u1ed1i v\u1edbi c\u00e1c ng\u00e0nh c\u00f4ng nghi\u1ec7p tr\u00ean kh\u1eafp n\u01b0\u1edbc \u00dd.<\/p>\n<h4 dir=\"auto\">T\u00ednh ch\u1ea5t t\u1ef1 b\u00f4i tr\u01a1n<\/h4>\n<p class=\"break-words\" dir=\"auto\">C\u00e1c v\u1eadt li\u1ec7u trong d\u00f2ng s\u1ea3n ph\u1ea9m FMP c\u00f3 kh\u1ea3 n\u0103ng t\u1ef1 b\u00f4i tr\u01a1n v\u00e0 kh\u00f4ng c\u1ea7n b\u00f4i tr\u01a1n th\u01b0\u1eddng xuy\u00ean, m\u1ed9t \u0111\u1eb7c t\u00ednh \u0111\u1eb7c bi\u1ec7t quan tr\u1ecdng trong m\u00f4i tr\u01b0\u1eddng b\u1ee5i b\u1ea9n th\u01b0\u1eddng th\u1ea5y \u1edf c\u00e1c nh\u00e0 m\u00e1y s\u1ea3n xu\u1ea5t t\u1ea1i Milan v\u00e0 Venice, n\u01a1i c\u00e1c ph\u01b0\u01a1ng ph\u00e1p b\u00f4i tr\u01a1n truy\u1ec1n th\u1ed1ng kh\u00f4ng kh\u1ea3 thi.<\/p>\n<div>\n<h3 dir=\"auto\">\u1ee8ng d\u1ee5ng c\u1ee7a thanh r\u0103ng v\u00e0 b\u00e1nh r\u0103ng b\u1eb1ng nh\u1ef1a<\/h3>\n<p class=\"break-words\" dir=\"auto\">H\u1ec7 th\u1ed1ng b\u00e1nh r\u0103ng v\u00e0 thanh r\u0103ng b\u1eb1ng nh\u1ef1a r\u1ea5t \u0111a n\u0103ng, ph\u1ee5c v\u1ee5 nhi\u1ec1u ng\u00e0nh c\u00f4ng nghi\u1ec7p v\u1edbi hi\u1ec7u su\u1ea5t \u0111\u00e1ng tin c\u1eady:<\/p>\n<ul class=\"marker:text-secondary\" dir=\"auto\">\n<li class=\"break-words\"><strong>T\u1ef1 \u0111\u1ed9ng h\u00f3a v\u00e0 m\u00e1y CNC<\/strong>: C\u00e1c thanh r\u0103ng b\u1eb1ng nh\u1ef1a mang l\u1ea1i chuy\u1ec3n \u0111\u1ed9ng tuy\u1ebfn t\u00ednh ch\u00ednh x\u00e1c trong m\u00e1y CNC, n\u00e2ng cao n\u0103ng su\u1ea5t trong m\u00f4i tr\u01b0\u1eddng s\u1ea3n xu\u1ea5t ti\u00ean ti\u1ebfn.<\/li>\n<li class=\"break-words\"><strong>C\u01a1 ch\u1ebf l\u00e1i<\/strong>T\u1eeb c\u00e1c ph\u01b0\u01a1ng ti\u1ec7n nh\u1ecf \u0111\u1ebfn thi\u1ebft b\u1ecb c\u00f4ng nghi\u1ec7p, gi\u00e1 \u0111\u1ee1 b\u1eb1ng nh\u1ef1a cung c\u1ea5p gi\u1ea3i ph\u00e1p l\u00e1i linh ho\u1ea1t v\u00e0 nh\u1eb9 nh\u00e0ng.<\/li>\n<li class=\"break-words\"><strong>Thang m\u00e1y v\u00e0 h\u1ec7 th\u1ed1ng n\u00e2ng h\u1ea1<\/strong>C\u00e1c thanh r\u0103ng b\u1eb1ng nh\u1ef1a \u0111\u1ea3m b\u1ea3o ho\u1ea1t \u0111\u1ed9ng b\u1ec1n b\u1ec9 v\u00e0 hi\u1ec7u qu\u1ea3 trong thang m\u00e1y v\u00e0 h\u1ec7 th\u1ed1ng n\u00e2ng h\u1ea1, n\u01a1i kh\u00f4ng gian v\u00e0 \u0111\u1ed9 tin c\u1eady l\u00e0 y\u1ebfu t\u1ed1 then ch\u1ed1t.<\/li>\n<li class=\"break-words\"><strong>H\u1ec7 th\u1ed1ng \u0111\u00f3ng g\u00f3i v\u00e0 \u0111\u1ecbnh v\u1ecb<\/strong>Trong m\u00e1y \u0111\u00f3ng g\u00f3i, gi\u00e1 \u0111\u1ee1 b\u1eb1ng nh\u1ef1a cung c\u1ea5p kh\u1ea3 n\u0103ng \u0111i\u1ec1u khi\u1ec3n chuy\u1ec3n \u0111\u1ed9ng m\u01b0\u1ee3t m\u00e0 v\u00e0 ch\u00ednh x\u00e1c, h\u1ed7 tr\u1ee3 c\u00e1c ho\u1ea1t \u0111\u1ed9ng \u0111\u00f2i h\u1ecfi \u0111\u1ed9 ch\u00ednh x\u00e1c cao.<\/li>\n<\/ul>\n<p class=\"break-words\" dir=\"auto\">Nh\u1eefng \u1ee9ng d\u1ee5ng n\u00e0y ch\u1ee9ng minh t\u00ednh linh ho\u1ea1t c\u1ee7a h\u1ec7 th\u1ed1ng b\u00e1nh r\u0103ng v\u00e0 thanh r\u0103ng b\u1eb1ng nh\u1ef1a, \u0111\u00e1p \u1ee9ng c\u00e1c nhu c\u1ea7u c\u00f4ng nghi\u1ec7p \u0111a d\u1ea1ng v\u1edbi \u0111\u1ed9 ch\u00ednh x\u00e1c v\u00e0 hi\u1ec7u qu\u1ea3 cao.<\/p>\n<p dir=\"auto\"><img loading=\"lazy\" decoding=\"async\" class=\"size-full wp-image-7987 aligncenter\" src=\"https:\/\/fmp-components.com\/wp-content\/uploads\/2025\/04\/custom-nylon-rack-and-pinion-2.webp\" alt=\"thanh r\u0103ng v\u00e0 b\u00e1nh r\u0103ng b\u1eb1ng nylon t\u00f9y ch\u1ec9nh\" width=\"720\" height=\"720\" title=\"\" srcset=\"https:\/\/fmp-components.com\/wp-content\/uploads\/2025\/04\/custom-nylon-rack-and-pinion-2.webp 720w, https:\/\/fmp-components.com\/wp-content\/uploads\/2025\/04\/custom-nylon-rack-and-pinion-2-480x480.webp 480w\" sizes=\"(min-width: 0px) and (max-width: 480px) 480px, (min-width: 481px) 720px, 100vw\" \/><\/p>\n<div>\n<h3 dir=\"auto\">T\u1ea1i sao n\u00ean ch\u1ecdn nh\u1ef1a thay v\u00ec kim lo\u1ea1i?<\/h3>\n<p class=\"break-words\" dir=\"auto\">M\u1eb7c d\u00f9 gi\u00e1 \u0111\u1ee1 b\u00e1nh r\u0103ng b\u1eb1ng kim lo\u1ea1i r\u1ea5t ch\u1eafc ch\u1eafn, nh\u01b0ng gi\u00e1 \u0111\u1ee1 b\u1eb1ng nh\u1ef1a l\u1ea1i mang \u0111\u1ebfn nh\u1eefng \u01b0u \u0111i\u1ec3m \u0111\u1ed9c \u0111\u00e1o ph\u00f9 h\u1ee3p v\u1edbi nhu c\u1ea7u c\u00f4ng nghi\u1ec7p hi\u1ec7n \u0111\u1ea1i:<\/p>\n<ul class=\"marker:text-secondary\" dir=\"auto\">\n<li class=\"break-words\"><strong>Kh\u1ea3 n\u0103ng ch\u1ed1ng \u0103n m\u00f2n<\/strong>Gi\u00e1 \u0111\u1ee1 b\u1eb1ng nh\u1ef1a ch\u1ecbu \u0111\u01b0\u1ee3c \u0111\u1ed9 \u1ea9m m\u00e0 kh\u00f4ng b\u1ecb g\u1ec9 s\u00e9t, r\u1ea5t l\u00fd t\u01b0\u1edfng cho m\u00f4i tr\u01b0\u1eddng \u1ea9m \u01b0\u1edbt ho\u1eb7c kh\u1eafc nghi\u1ec7t.<\/li>\n<li class=\"break-words\"><strong>T\u00f9y ch\u1ec9nh<\/strong>Gi\u00e1 \u0111\u1ee1 b\u1eb1ng nh\u1ef1a c\u00f3 th\u1ec3 \u0111\u01b0\u1ee3c t\u00f9y ch\u1ec9nh theo k\u00edch th\u01b0\u1edbc v\u00e0 m\u00f4-\u0111un c\u1ee5 th\u1ec3, \u0111\u00e1p \u1ee9ng c\u00e1c y\u00eau c\u1ea7u ri\u00eang bi\u1ec7t cho c\u00e1c thi\u1ebft k\u1ebf s\u00e1ng t\u1ea1o.<\/li>\n<li class=\"break-words\"><strong>Th\u00e2n thi\u1ec7n v\u1edbi m\u00f4i tr\u01b0\u1eddng<\/strong>C\u00e1c b\u00e1nh r\u0103ng b\u1eb1ng nh\u1ef1a, \u0111\u1eb7c bi\u1ec7t l\u00e0 nh\u1eefng b\u00e1nh r\u0103ng \u0111\u01b0\u1ee3c l\u00e0m t\u1eeb v\u1eadt li\u1ec7u t\u00e1i ch\u1ebf, h\u1ed7 tr\u1ee3 c\u00e1c ho\u1ea1t \u0111\u1ed9ng b\u1ec1n v\u1eefng, thu h\u00fat c\u00e1c doanh nghi\u1ec7p c\u00f3 \u00fd th\u1ee9c v\u1ec1 m\u00f4i tr\u01b0\u1eddng.<\/li>\n<\/ul>\n<p class=\"break-words\" dir=\"auto\">\u0110\u1ed1i v\u1edbi c\u00e1c nh\u00e0 s\u1ea3n xu\u1ea5t thi\u1ebft b\u1ecb g\u1ed1c (OEM) v\u00e0 nhu c\u1ea7u thay th\u1ebf kim lo\u1ea1i, h\u1ec7 th\u1ed1ng b\u00e1nh r\u0103ng v\u00e0 thanh r\u0103ng b\u1eb1ng nh\u1ef1a mang l\u1ea1i hi\u1ec7u su\u1ea5t \u0111\u00e1p \u1ee9ng c\u00e1c ti\u00eau chu\u1ea9n ng\u00e0nh, \u0111\u1ea3m b\u1ea3o t\u00edch h\u1ee3p li\u1ec1n m\u1ea1ch v\u00e0o c\u00e1c h\u1ec7 th\u1ed1ng hi\u1ec7n c\u00f3.<\/p>\n<div class=\"message-bubble rounded-3xl prose dark:prose-invert break-words text-primary min-h-7 prose-p:opacity-95 prose-strong:opacity-100 w-full max-w-none\" dir=\"auto\">\n<h3 dir=\"auto\">Th\u00f4ng s\u1ed1 k\u1ef9 thu\u1eadt<\/h3>\n<p class=\"break-words\" dir=\"auto\">H\u1ec7 th\u1ed1ng b\u00e1nh r\u0103ng v\u00e0 thanh r\u0103ng b\u1eb1ng nh\u1ef1a c\u00f3 nhi\u1ec1u c\u1ea5u h\u00ecnh kh\u00e1c nhau \u0111\u1ec3 ph\u00f9 h\u1ee3p v\u1edbi c\u00e1c \u1ee9ng d\u1ee5ng c\u1ee5 th\u1ec3. V\u00ed d\u1ee5:<\/p>\n<ul class=\"marker:text-secondary\" dir=\"auto\">\n<li class=\"break-words\"><strong>M\u00f4 \u0111un<\/strong>C\u00f3 ph\u1ea1m vi t\u1eeb 0,5 \u0111\u1ebfn 10, ph\u00f9 h\u1ee3p v\u1edbi c\u1ea3 c\u00e1c c\u00f4ng vi\u1ec7c quy m\u00f4 nh\u1ecf v\u00e0 quy m\u00f4 l\u1edbn.<\/li>\n<li class=\"break-words\"><strong>Nguy\u00ean v\u1eadt li\u1ec7u<\/strong>C\u00e1c l\u1ef1a ch\u1ecdn nh\u01b0 nylon ch\u1ee9a d\u1ea7u c\u1ea5p th\u1ef1c ph\u1ea9m v\u00e0 acetal \u0111\u1ea3m b\u1ea3o tu\u00e2n th\u1ee7 c\u00e1c ti\u00eau chu\u1ea9n an to\u00e0n, \u0111i\u1ec1u v\u00f4 c\u00f9ng quan tr\u1ecdng \u0111\u1ed1i v\u1edbi nhi\u1ec1u ng\u00e0nh c\u00f4ng nghi\u1ec7p kh\u00e1c nhau.<\/li>\n<li class=\"break-words\"><strong>K\u00edch th\u01b0\u1edbc<\/strong>Chi\u1ec1u d\u00e0i ti\u00eau chu\u1ea9n t\u1eeb 100mm \u0111\u1ebfn 2000mm, c\u00f3 th\u1ec3 \u0111\u1eb7t h\u00e0ng chi\u1ec1u d\u00e0i t\u00f9y ch\u1ec9nh cho c\u00e1c d\u1ef1 \u00e1n chuy\u00ean bi\u1ec7t.<\/li>\n<li class=\"break-words\"><strong>Ho\u00e0n thi\u1ec7n<\/strong>: R\u0103ng kh\u00f4ng m\u00e0i ho\u1eb7c m\u00e0i v\u1edbi c\u00e1c m\u1ee9c \u0111\u1ed9 ch\u00ednh x\u00e1c kh\u00e1c nhau, \u0111\u00e1p \u1ee9ng nhu c\u1ea7u c\u1ee7a c\u00e1c ng\u00e0nh c\u00f4ng ngh\u1ec7 cao.<\/li>\n<\/ul>\n<p class=\"break-words\" dir=\"auto\">Nh\u1eefng th\u00f4ng s\u1ed1 k\u1ef9 thu\u1eadt n\u00e0y gi\u00fap gi\u00e1 \u0111\u1ee1 b\u1eb1ng nh\u1ef1a tr\u1edf n\u00ean \u0111a d\u1ee5ng, ph\u00f9 h\u1ee3p v\u1edbi nhi\u1ec1u \u1ee9ng d\u1ee5ng kh\u00e1c nhau, t\u1eeb th\u01b0\u1edbc \u0111o \u0111\u1ed9 s\u00e2u \u0111\u1ebfn h\u1ec7 th\u1ed1ng c\u1ed5ng, trong nhi\u1ec1u ng\u00e0nh c\u00f4ng nghi\u1ec7p.<\/p>\n<p dir=\"auto\"><img loading=\"lazy\" decoding=\"async\" class=\"wp-image-7985 aligncenter\" src=\"https:\/\/fmp-components.com\/wp-content\/uploads\/2025\/04\/high-quality-material.webp\" alt=\"v\u1eadt li\u1ec7u ch\u1ea5t l\u01b0\u1ee3ng cao\" width=\"837\" height=\"699\" title=\"\" srcset=\"https:\/\/fmp-components.com\/wp-content\/uploads\/2025\/04\/high-quality-material.webp 837w, https:\/\/fmp-components.com\/wp-content\/uploads\/2025\/04\/high-quality-material-480x401.webp 480w\" sizes=\"(min-width: 0px) and (max-width: 480px) 480px, (min-width: 481px) 837px, 100vw\" \/><\/p>\n<div>\n<h2 class=\"\" dir=\"auto\">Gi\u1edbi thi\u1ec7u v\u1ec1 FMP: \u0110\u1ed1i t\u00e1c \u0111\u00e1ng tin c\u1eady c\u1ee7a b\u1ea1n v\u1ec1 b\u00e1nh r\u0103ng nh\u1ef1a t\u1ea1i \u00dd<\/h2>\n<p class=\"break-words\" dir=\"auto\">T\u1ea1i FMP, ch\u00fang t\u00f4i t\u1ef1 h\u00e0o l\u00e0 nh\u00e0 s\u1ea3n xu\u1ea5t h\u00e0ng \u0111\u1ea7u c\u00e1c lo\u1ea1i b\u00e1nh r\u0103ng nh\u1ef1a, bao g\u1ed3m c\u1ea3 h\u1ec7 th\u1ed1ng thanh r\u0103ng v\u00e0 b\u00e1nh r\u0103ng tr\u1ee5 b\u1eb1ng nh\u1ef1a ch\u1ea5t l\u01b0\u1ee3ng cao. D\u00f2ng s\u1ea3n ph\u1ea9m c\u1ee7a ch\u00fang t\u00f4i bao g\u1ed3m c\u00e1c lo\u1ea1i b\u00e1nh r\u0103ng tr\u1ee5 gia c\u00f4ng ti\u00eau chu\u1ea9n, b\u00e1nh r\u0103ng \u0111\u00fac v\u00e0 thanh r\u0103ng \u0111\u01b0\u1ee3c l\u00e0m t\u1eeb c\u00e1c v\u1eadt li\u1ec7u cao c\u1ea5p nh\u01b0 nylon v\u00e0 acetal, \u0111\u01b0\u1ee3c thi\u1ebft k\u1ebf \u0111\u1ec3 \u0111\u00e1p \u1ee9ng nhu c\u1ea7u \u0111a d\u1ea1ng c\u1ee7a ng\u00e0nh c\u00f4ng nghi\u1ec7p.<\/p>\n<p class=\"break-words\" dir=\"auto\">FMP c\u0169ng chuy\u00ean v\u1ec1 c\u00e1c lo\u1ea1i b\u00e1nh r\u0103ng nh\u1ef1a t\u00f9y ch\u1ec9nh, cung c\u1ea5p c\u00e1c gi\u1ea3i ph\u00e1p ph\u00f9 h\u1ee3p cho c\u00e1c \u1ee9ng d\u1ee5ng \u0111\u1ed9c \u0111\u00e1o. N\u1ebfu b\u1ea1n kh\u00f4ng t\u00ecm th\u1ea5y m\u1eabu c\u1ee5 th\u1ec3 m\u00ecnh c\u1ea7n trong danh s\u00e1ch s\u1ea3n ph\u1ea9m c\u1ee7a ch\u00fang t\u00f4i, \u0111\u1eebng lo l\u1eafng\u2014c\u00f3 th\u1ec3 s\u1ea3n ph\u1ea9m \u0111\u00f3 ch\u01b0a \u0111\u01b0\u1ee3c t\u1ea3i l\u00ean. Ch\u1ec9 c\u1ea7n g\u1eedi email cho ch\u00fang t\u00f4i v\u1edbi y\u00eau c\u1ea7u c\u1ee7a b\u1ea1n, v\u00e0 c\u00e1c k\u1ef9 s\u01b0 l\u00e0nh ngh\u1ec1 c\u1ee7a ch\u00fang t\u00f4i s\u1ebd ph\u1ea3n h\u1ed3i trong v\u00f2ng 24 gi\u1edd v\u1edbi gi\u1ea3i ph\u00e1p \u0111\u01b0\u1ee3c thi\u1ebft k\u1ebf theo y\u00eau c\u1ea7u c\u1ee7a b\u1ea1n.<\/p>\n<p class=\"break-words\" dir=\"auto\">H\u00e3y li\u00ean h\u1ec7 v\u1edbi FMP ngay h\u00f4m nay \u0111\u1ec3 kh\u00e1m ph\u00e1 to\u00e0n b\u1ed9 c\u00e1c s\u1ea3n ph\u1ea9m b\u00e1nh r\u0103ng nh\u1ef1a c\u1ee7a ch\u00fang t\u00f4i v\u00e0 t\u00ecm hi\u1ec3u c\u00e1ch ch\u00fang t\u00f4i c\u00f3 th\u1ec3 h\u1ed7 tr\u1ee3 c\u00e1c d\u1ef1 \u00e1n c\u1ee7a b\u1ea1n tr\u00ean kh\u1eafp n\u01b0\u1edbc \u00dd.<\/p>\n<p dir=\"auto\"><img loading=\"lazy\" decoding=\"async\" class=\"size-full wp-image-7986 aligncenter\" src=\"https:\/\/fmp-components.com\/wp-content\/uploads\/2025\/04\/plastic-gear-and-rack.webp\" alt=\"b\u00e1nh r\u0103ng v\u00e0 gi\u00e1 \u0111\u1ee1 b\u1eb1ng nh\u1ef1a\" width=\"891\" height=\"279\" title=\"\" srcset=\"https:\/\/fmp-components.com\/wp-content\/uploads\/2025\/04\/plastic-gear-and-rack.webp 891w, https:\/\/fmp-components.com\/wp-content\/uploads\/2025\/04\/plastic-gear-and-rack-480x150.webp 480w\" sizes=\"(min-width: 0px) and (max-width: 480px) 480px, (min-width: 481px) 891px, 100vw\" \/><\/p>\n<\/div>\n<\/div>\n<\/div>\n<\/div>\n<\/div>","protected":false},"excerpt":{"rendered":"<p>Plastic Rack and Pinion: Precision and Durability for Italian Industries In mechanical engineering, plastic rack and pinion systems are a reliable solution for converting rotary motion to linear motion (or vice versa). Consisting of a linear rack and meshing pinions, the mechanism is used across a wide range of industries for its precision, durability and [&hellip;]<\/p>","protected":false},"featured_media":7989,"comment_status":"open","ping_status":"closed","template":"","meta":{"_et_pb_use_builder":"","_et_pb_old_content":"","_et_gb_content_width":""},"product_brand":[],"product_cat":[117],"product_tag":[],"class_list":{"0":"post-7978","1":"product","2":"type-product","3":"status-publish","4":"has-post-thumbnail","6":"product_cat-plastic-gears","8":"first","9":"instock","10":"shipping-taxable","11":"product-type-simple"},"_links":{"self":[{"href":"https:\/\/fmp-components.com\/vi\/wp-json\/wp\/v2\/product\/7978","targetHints":{"allow":["GET"]}}],"collection":[{"href":"https:\/\/fmp-components.com\/vi\/wp-json\/wp\/v2\/product"}],"about":[{"href":"https:\/\/fmp-components.com\/vi\/wp-json\/wp\/v2\/types\/product"}],"replies":[{"embeddable":true,"href":"https:\/\/fmp-components.com\/vi\/wp-json\/wp\/v2\/comments?post=7978"}],"wp:featuredmedia":[{"embeddable":true,"href":"https:\/\/fmp-components.com\/vi\/wp-json\/wp\/v2\/media\/7989"}],"wp:attachment":[{"href":"https:\/\/fmp-components.com\/vi\/wp-json\/wp\/v2\/media?parent=7978"}],"wp:term":[{"taxonomy":"product_brand","embeddable":true,"href":"https:\/\/fmp-components.com\/vi\/wp-json\/wp\/v2\/product_brand?post=7978"},{"taxonomy":"product_cat","embeddable":true,"href":"https:\/\/fmp-components.com\/vi\/wp-json\/wp\/v2\/product_cat?post=7978"},{"taxonomy":"product_tag","embeddable":true,"href":"https:\/\/fmp-components.com\/vi\/wp-json\/wp\/v2\/product_tag?post=7978"}],"curies":[{"name":"wp","href":"https:\/\/api.w.org\/{rel}","templated":true}]}}