{"id":7972,"date":"2025-04-15T01:12:03","date_gmt":"2025-04-15T01:12:03","guid":{"rendered":"https:\/\/fmp-components.com\/?post_type=product&#038;p=7972"},"modified":"2025-04-15T01:46:57","modified_gmt":"2025-04-15T01:46:57","slug":"injection-plastic-parts-customization","status":"publish","type":"product","link":"https:\/\/fmp-components.com\/vi\/product\/injection-plastic-parts-customization\/","title":{"rendered":"T\u00f9y ch\u1ec9nh c\u00e1c b\u1ed9 ph\u1eadn nh\u1ef1a \u00e9p phun"},"content":{"rendered":"<h2>Linh ki\u1ec7n nh\u1ef1a \u00e9p phun: S\u1ea3n xu\u1ea5t ch\u00ednh x\u00e1c cho nhi\u1ec1u \u1ee9ng d\u1ee5ng kh\u00e1c nhau<\/h2>\n<p>C\u00e1c chi ti\u1ebft nh\u1ef1a phun l\u00e0 m\u1ed9t ph\u1ea7n kh\u00f4ng th\u1ec3 thi\u1ebfu c\u1ee7a s\u1ea3n xu\u1ea5t hi\u1ec7n \u0111\u1ea1i, mang l\u1ea1i \u0111\u1ed9 ch\u00ednh x\u00e1c, kh\u1ea3 n\u0103ng m\u1edf r\u1ed9ng v\u00e0 t\u00ednh linh ho\u1ea1t v\u01b0\u1ee3t tr\u1ed9i. \u00c9p phun nh\u1ef1a l\u00e0 quy tr\u00ecnh phun nh\u1ef1a n\u00f3ng ch\u1ea3y v\u00e0o khoang khu\u00f4n kim lo\u1ea1i, l\u00e0m ngu\u1ed9i v\u00e0 \u0111\u00f4ng \u0111\u1eb7c \u0111\u1ec3 t\u1ea1o th\u00e0nh c\u00e1c linh ki\u1ec7n ch\u1ea5t l\u01b0\u1ee3ng cao. Ph\u01b0\u01a1ng ph\u00e1p n\u00e0y \u0111\u01b0\u1ee3c \u00e1p d\u1ee5ng r\u1ed9ng r\u00e3i trong c\u00e1c ng\u00e0nh c\u00f4ng nghi\u1ec7p nh\u01b0 \u00f4 t\u00f4, thi\u1ebft b\u1ecb y t\u1ebf, \u0111i\u1ec7n t\u1eed ti\u00eau d\u00f9ng, v.v. nh\u1edd hi\u1ec7u qu\u1ea3 chi ph\u00ed v\u00e0 kh\u1ea3 n\u0103ng s\u1ea3n xu\u1ea5t h\u00ecnh d\u1ea1ng ph\u1ee9c t\u1ea1p v\u1edbi l\u01b0\u1ee3ng ch\u1ea5t th\u1ea3i t\u1ed1i thi\u1ec3u. T\u1ea1i c\u00e1c th\u00e0nh ph\u1ed1 nh\u01b0 Milan, Venice, Florence v\u00e0 Bologna, n\u01a1i s\u1ef1 \u0111\u1ed5i m\u1edbi v\u00e0 tay ngh\u1ec1 th\u1ee7 c\u00f4ng ph\u00e1t tri\u1ec3n m\u1ea1nh m\u1ebd, \u00e9p phun h\u1ed7 tr\u1ee3 c\u00e1c ng\u00e0nh c\u00f4ng nghi\u1ec7p \u0111\u1ecba ph\u01b0\u01a1ng b\u1eb1ng c\u00e1ch cung c\u1ea5p c\u00e1c gi\u1ea3i ph\u00e1p t\u00f9y ch\u1ec9nh ph\u00f9 h\u1ee3p v\u1edbi nhu c\u1ea7u c\u1ee5 th\u1ec3.<\/p>\n<p><img loading=\"lazy\" decoding=\"async\" class=\"size-full wp-image-7973 aligncenter\" src=\"https:\/\/fmp-components.com\/wp-content\/uploads\/2025\/04\/injection-module-parts.webp\" alt=\"c\u00e1c b\u1ed9 ph\u1eadn m\u00f4-\u0111un phun\" width=\"1059\" height=\"428\" title=\"\" srcset=\"https:\/\/fmp-components.com\/wp-content\/uploads\/2025\/04\/injection-module-parts.webp 1059w, https:\/\/fmp-components.com\/wp-content\/uploads\/2025\/04\/injection-module-parts-980x396.webp 980w, https:\/\/fmp-components.com\/wp-content\/uploads\/2025\/04\/injection-module-parts-480x194.webp 480w\" sizes=\"(min-width: 0px) and (max-width: 480px) 480px, (min-width: 481px) and (max-width: 980px) 980px, (min-width: 981px) 1059px, 100vw\" \/><\/p>\n<h3>T\u1ea1i sao n\u00ean ch\u1ecdn \u00e9p phun?<\/h3>\n<p>\u00c9p phun n\u1ed5i b\u1eadt v\u1edbi kh\u1ea3 n\u0103ng s\u1ea3n xu\u1ea5t c\u00e1c chi ti\u1ebft nh\u1ef1a v\u1edbi s\u1ed1 l\u01b0\u1ee3ng l\u1edbn v\u1edbi ch\u1ea5t l\u01b0\u1ee3ng \u0111\u1ed3ng \u0111\u1ec1u. Quy tr\u00ecnh n\u00e0y bao g\u1ed3m vi\u1ec7c phun nh\u1ef1a n\u00f3ng ch\u1ea3y v\u00e0o khu\u00f4n \u0111\u01b0\u1ee3c ch\u1ebf t\u1ea1o ch\u00ednh x\u00e1c, sau \u0111\u00f3 l\u00e0m ngu\u1ed9i \u0111\u1ec3 t\u1ea1o th\u00e0nh chi ti\u1ebft r\u1eafn ch\u1eafc. Ph\u01b0\u01a1ng ph\u00e1p n\u00e0y \u0111\u1ea3m b\u1ea3o chi ph\u00ed tr\u00ean m\u1ed7i \u0111\u01a1n v\u1ecb s\u1ea3n ph\u1ea9m th\u1ea5p, l\u00fd t\u01b0\u1edfng cho c\u00e1c d\u00e2y chuy\u1ec1n s\u1ea3n xu\u1ea5t s\u1ed1 l\u01b0\u1ee3ng l\u1edbn t\u1ea1i c\u00e1c trung t\u00e2m c\u00f4ng nghi\u1ec7p c\u1ee7a \u00dd nh\u01b0 Milan v\u00e0 Bologna. C\u00e1c l\u1ee3i \u00edch ch\u00ednh bao g\u1ed3m:<\/p>\n<div>\n<ul class=\"marker:text-secondary\" dir=\"auto\">\n<li class=\"break-words\"><strong>Hi\u1ec7u qu\u1ea3 chi ph\u00ed<\/strong>:Sau khi khu\u00f4n \u0111\u01b0\u1ee3c t\u1ea1o ra, chi ph\u00ed cho m\u1ed7i b\u1ed9 ph\u1eadn s\u1ebd gi\u1ea3m \u0111\u00e1ng k\u1ec3, \u0111\u1eb7c bi\u1ec7t l\u00e0 khi s\u1ea3n xu\u1ea5t s\u1ed1 l\u01b0\u1ee3ng l\u1edbn.<\/li>\n<li class=\"break-words\"><strong>\u0110\u1ed9 ch\u00ednh x\u00e1c cao<\/strong>: Dung sai ch\u1eb7t ch\u1ebd t\u1edbi +\/- 0,003 in. (0,08mm) \u0111\u1ea3m b\u1ea3o c\u00e1c b\u1ed9 ph\u1eadn \u0111\u00e1p \u1ee9ng th\u00f4ng s\u1ed1 k\u1ef9 thu\u1eadt ch\u00ednh x\u00e1c.<\/li>\n<li class=\"break-words\"><strong>T\u00ednh linh ho\u1ea1t c\u1ee7a v\u1eadt li\u1ec7u<\/strong>:H\u01a1n 200 lo\u1ea1i nh\u1ef1a nhi\u1ec7t d\u1ebbo, bao g\u1ed3m HDPE, ABS v\u00e0 polycarbonate, ph\u1ee5c v\u1ee5 cho nhi\u1ec1u \u1ee9ng d\u1ee5ng kh\u00e1c nhau.<\/li>\n<li class=\"break-words\"><strong>Kh\u1ea3 n\u0103ng m\u1edf r\u1ed9ng<\/strong>: Ho\u00e0n h\u1ea3o cho vi\u1ec7c t\u1ea1o m\u1eabu s\u1ed1 l\u01b0\u1ee3ng \u00edt t\u1ea1i c\u00e1c studio thi\u1ebft k\u1ebf \u1edf Florence ho\u1eb7c s\u1ea3n xu\u1ea5t s\u1ed1 l\u01b0\u1ee3ng l\u1edbn t\u1ea1i c\u00e1c c\u01a1 s\u1edf s\u1ea3n xu\u1ea5t \u1edf Venice.<\/li>\n<\/ul>\n<p class=\"break-words\" dir=\"auto\">C\u00e1c \u1ee9ng d\u1ee5ng ph\u1ed5 bi\u1ebfn bao g\u1ed3m c\u00e1c th\u00e0nh ph\u1ea7n \u00f4 t\u00f4, v\u1ecf thi\u1ebft b\u1ecb y t\u1ebf v\u00e0 v\u1ecf s\u1ea3n ph\u1ea9m ti\u00eau d\u00f9ng, t\u1ea5t c\u1ea3 \u0111\u1ec1u \u0111\u01b0\u1ee3c h\u01b0\u1edfng l\u1ee3i t\u1eeb t\u00ednh linh ho\u1ea1t v\u00e0 \u0111\u1ed9 b\u1ec1n c\u1ee7a quy tr\u00ecnh.<\/p>\n<p dir=\"auto\"><img loading=\"lazy\" decoding=\"async\" class=\"wp-image-7976 aligncenter\" src=\"https:\/\/fmp-components.com\/wp-content\/uploads\/2025\/04\/Auto-Industrial-Spare-Parts-Molding-Nylon-Injection-Plastic-Spur-Pinion-Gears.webp\" alt=\"Khu\u00f4n \u0111\u00fac ph\u1ee5 t\u00f9ng \u00f4 t\u00f4 c\u00f4ng nghi\u1ec7p nh\u1ef1a \u00e9p phun nylon b\u00e1nh r\u0103ng tr\u1ee5\" width=\"931\" height=\"931\" title=\"\" srcset=\"https:\/\/fmp-components.com\/wp-content\/uploads\/2025\/04\/Auto-Industrial-Spare-Parts-Molding-Nylon-Injection-Plastic-Spur-Pinion-Gears.webp 931w, https:\/\/fmp-components.com\/wp-content\/uploads\/2025\/04\/Auto-Industrial-Spare-Parts-Molding-Nylon-Injection-Plastic-Spur-Pinion-Gears-480x480.webp 480w\" sizes=\"(min-width: 0px) and (max-width: 480px) 480px, (min-width: 481px) 931px, 100vw\" \/><\/p>\n<div>\n<h3 dir=\"auto\">Kh\u1ea3 n\u0103ng c\u1ee7a khu\u00f4n \u00e9p phun<\/h3>\n<p class=\"break-words\" dir=\"auto\">\u00c9p phun c\u00f3 th\u1ec3 x\u1eed l\u00fd nhi\u1ec1u k\u00edch th\u01b0\u1edbc v\u00e0 \u0111\u1ed9 ph\u1ee9c t\u1ea1p c\u1ee7a chi ti\u1ebft. C\u00e1c kh\u1ea3 n\u0103ng \u0111i\u1ec3n h\u00ecnh bao g\u1ed3m:<\/p>\n<ul class=\"marker:text-secondary\" dir=\"auto\">\n<li class=\"break-words\"><strong>Gi\u1edbi h\u1ea1n k\u00edch th\u01b0\u1edbc<\/strong>: L\u00ean \u0111\u1ebfn 18,9 in. x 29,6 in. x 8 in. (480mm x 751mm x 203mm).<\/li>\n<li class=\"break-words\"><strong>\u00c2m l\u01b0\u1ee3ng<\/strong>: Th\u00edch h\u1ee3p cho c\u00e1c b\u1ed9 ph\u1eadn c\u00f3 dung t\u00edch l\u00ean t\u1edbi 59 cu. in. (966.837 cu. mm).<\/li>\n<li class=\"break-words\"><strong>Dung sai<\/strong>: Dung sai gia c\u00f4ng ti\u00eau chu\u1ea9n l\u00e0 +\/- 0,003 in. (0,08mm), v\u1edbi dung sai nh\u1ef1a th\u1ea5p t\u1edbi +\/- 0,002 in.\/in.<\/li>\n<li class=\"break-words\"><strong>C\u00e1c lo\u1ea1i khu\u00f4n<\/strong>: Khu\u00f4n nh\u00f4m v\u00e0 th\u00e9p, bao g\u1ed3m khu\u00f4n \u0111\u01a1n, khu\u00f4n \u0111a khoang v\u00e0 khu\u00f4n gia \u0111\u00ecnh, h\u1ed7 tr\u1ee3 t\u1ea1o m\u1eabu v\u00e0 s\u1ea3n xu\u1ea5t nhanh ch\u00f3ng.<\/li>\n<\/ul>\n<p class=\"break-words\" dir=\"auto\">Nh\u1eefng kh\u1ea3 n\u0103ng n\u00e0y l\u00e0m cho c\u00f4ng ngh\u1ec7 \u00e9p phun tr\u1edf n\u00ean l\u00fd t\u01b0\u1edfng \u0111\u1ec3 t\u1ea1o ra c\u00e1c b\u1ed9 ph\u1eadn ph\u1ee9c t\u1ea1p nh\u01b0 b\u00e1nh r\u0103ng, v\u1ecf m\u00e1y v\u00e0 nguy\u00ean m\u1eabu ch\u1ee9c n\u0103ng, \u0111\u1eb7c bi\u1ec7t l\u00e0 \u0111\u1ed1i v\u1edbi c\u00e1c doanh nghi\u1ec7p t\u1ea1i c\u00e1c th\u00e0nh ph\u1ed1 ch\u00fa tr\u1ecdng thi\u1ebft k\u1ebf c\u1ee7a \u00dd.<\/p>\n<\/div>\n<div>\n<h3 dir=\"auto\">V\u1eadt li\u1ec7u cho c\u00e1c b\u1ed9 ph\u1eadn nh\u1ef1a t\u00f9y ch\u1ec9nh<\/h3>\n<p class=\"break-words\" dir=\"auto\">Vi\u1ec7c l\u1ef1a ch\u1ecdn v\u1eadt li\u1ec7u \u0111\u00f3ng vai tr\u00f2 quan tr\u1ecdng \u0111\u1ed1i v\u1edbi hi\u1ec7u su\u1ea5t c\u1ee7a m\u1ed9t b\u1ed9 ph\u1eadn. \u00c9p phun h\u1ed7 tr\u1ee3 nhi\u1ec1u lo\u1ea1i nh\u1ef1a nhi\u1ec7t d\u1ebbo, m\u1ed7i lo\u1ea1i \u0111\u1ec1u c\u00f3 nh\u1eefng \u0111\u1eb7c t\u00ednh ri\u00eang:<\/p>\n<ul class=\"marker:text-secondary\" dir=\"auto\">\n<li class=\"break-words\"><strong>HDPE<\/strong>: T\u1ef7 l\u1ec7 \u0111\u1ed9 b\u1ec1n tr\u00ean tr\u1ecdng l\u01b0\u1ee3ng cao, l\u00fd t\u01b0\u1edfng cho c\u00e1c th\u00f9ng ch\u1ee9a v\u00e0 \u0111\u01b0\u1eddng \u1ed1ng b\u1ec1n.<\/li>\n<li class=\"break-words\"><strong>Polypropylen (PP)<\/strong>: Ch\u1ed1ng h\u00f3a ch\u1ea5t v\u00e0 an to\u00e0n v\u1edbi th\u1ef1c ph\u1ea9m, ho\u00e0n h\u1ea3o cho bao b\u00ec v\u00e0 thi\u1ebft b\u1ecb y t\u1ebf.<\/li>\n<li class=\"break-words\"><strong>ABS<\/strong>: Ch\u1ed1ng va \u0111\u1eadp v\u00e0 \u0111a n\u0103ng, \u0111\u01b0\u1ee3c s\u1eed d\u1ee5ng trong \u00f4 t\u00f4 v\u00e0 \u0111\u1ed3 \u0111i\u1ec7n t\u1eed ti\u00eau d\u00f9ng.<\/li>\n<li class=\"break-words\"><strong>Polycarbonate<\/strong>: Trong su\u1ed1t v\u00e0 b\u1ec1n, th\u00edch h\u1ee3p cho c\u00e1c \u1ee9ng d\u1ee5ng quang h\u1ecdc v\u00e0 y t\u1ebf.<\/li>\n<li class=\"break-words\"><strong>Nylon 6\/66<\/strong>: \u0110\u1ed9 b\u1ec1n k\u00e9o cao, th\u01b0\u1eddng \u0111\u01b0\u1ee3c s\u1eed d\u1ee5ng cho b\u00e1nh r\u0103ng v\u00e0 c\u00e1c b\u1ed9 ph\u1eadn c\u01a1 kh\u00ed.<\/li>\n<li class=\"break-words\"><strong>Acetal (POM)<\/strong>: Ma s\u00e1t th\u1ea5p v\u00e0 ch\u1ed1ng m\u00e0i m\u00f2n, l\u00fd t\u01b0\u1edfng cho b\u00e1nh r\u0103ng v\u00e0 v\u00f2ng bi ch\u00ednh x\u00e1c.<\/li>\n<\/ul>\n<p class=\"break-words\" dir=\"auto\">FMP s\u1eed d\u1ee5ng nh\u1eefng v\u1eadt li\u1ec7u n\u00e0y \u0111\u1ec3 \u0111\u00e1p \u1ee9ng c\u00e1c ti\u00eau chu\u1ea9n nghi\u00eam ng\u1eb7t c\u1ee7a ng\u00e0nh, \u0111\u1ea3m b\u1ea3o c\u00e1c b\u1ed9 ph\u1eadn v\u1eeba c\u00f3 ch\u1ee9c n\u0103ng v\u1eeba \u0111\u1eb9p v\u1ec1 m\u1eb7t th\u1ea9m m\u1ef9.<\/p>\n<p dir=\"auto\"><img loading=\"lazy\" decoding=\"async\" class=\"size-full wp-image-7975 aligncenter\" src=\"https:\/\/fmp-components.com\/wp-content\/uploads\/2025\/04\/Materials-for-Custom-Plastic-Parts-1.webp\" alt=\"V\u1eadt li\u1ec7u cho c\u00e1c b\u1ed9 ph\u1eadn nh\u1ef1a t\u00f9y ch\u1ec9nh\" width=\"750\" height=\"1276\" title=\"\" srcset=\"https:\/\/fmp-components.com\/wp-content\/uploads\/2025\/04\/Materials-for-Custom-Plastic-Parts-1.webp 750w, https:\/\/fmp-components.com\/wp-content\/uploads\/2025\/04\/Materials-for-Custom-Plastic-Parts-1-480x817.webp 480w\" sizes=\"(min-width: 0px) and (max-width: 480px) 480px, (min-width: 481px) 750px, 100vw\" \/><\/p>\n<h3>Ho\u00e0n thi\u1ec7n b\u1ec1 m\u1eb7t v\u00e0 \u0111\u1ea3m b\u1ea3o ch\u1ea5t l\u01b0\u1ee3ng<\/h3>\n<p>\u00c9p phun cung c\u1ea5p nhi\u1ec1u lo\u1ea1i b\u1ec1 m\u1eb7t ho\u00e0n thi\u1ec7n \u0111\u1ec3 n\u00e2ng cao v\u1ebb ngo\u00e0i v\u00e0 ch\u1ee9c n\u0103ng c\u1ee7a c\u00e1c chi ti\u1ebft, bao g\u1ed3m c\u00e1c t\u00f9y ch\u1ecdn b\u00f3ng, m\u1edd, c\u00f3 k\u1ebft c\u1ea5u ho\u1eb7c \u0111\u00e1nh b\u00f3ng. \u0110\u1ea3m b\u1ea3o ch\u1ea5t l\u01b0\u1ee3ng \u0111\u1ea1t \u0111\u01b0\u1ee3c th\u00f4ng qua:<\/p>\n<p>Ch\u1ee9ng nh\u1eadn: Tu\u00e2n th\u1ee7 ISO 9001:2015, ISO 13485 v\u00e0 ITAR.<br \/>\nKi\u1ec3m tra: Ki\u1ec3m tra s\u1ea3n ph\u1ea9m \u0111\u1ea7u ti\u00ean (FAI) v\u00e0 Quy tr\u00ecnh ph\u00ea duy\u1ec7t b\u1ed9 ph\u1eadn s\u1ea3n xu\u1ea5t (PPAP) \u0111\u1ea3m b\u1ea3o \u0111\u1ed9 ch\u00ednh x\u00e1c.<br \/>\nDung sai: Dung sai t\u00ednh n\u0103ng quan tr\u1ecdng c\u00f3 th\u1ec3 \u0111\u01b0\u1ee3c ki\u1ec3m so\u00e1t ch\u1eb7t ch\u1ebd \u0111\u1ec3 \u0111\u1ea3m b\u1ea3o t\u00ednh nh\u1ea5t qu\u00e1n t\u1eeb l\u00f4 s\u1ea3n xu\u1ea5t n\u00e0y sang l\u00f4 s\u1ea3n xu\u1ea5t kh\u00e1c.<br \/>\nC\u00e1c ti\u00eau chu\u1ea9n n\u00e0y r\u1ea5t c\u1ea7n thi\u1ebft cho c\u00e1c ng\u00e0nh c\u00f4ng nghi\u1ec7p nh\u01b0 y t\u1ebf v\u00e0 \u00f4 t\u00f4 v\u1ed1n ph\u1ed5 bi\u1ebfn trong l\u0129nh v\u1ef1c c\u00f4ng nghi\u1ec7p c\u1ee7a \u00dd.<\/p>\n<div>\n<h2 class=\"\" dir=\"auto\">Gi\u1edbi thi\u1ec7u v\u1ec1 FMP: \u0110\u1ed1i t\u00e1c c\u1ee7a b\u1ea1n v\u1ec1 b\u00e1nh r\u0103ng nh\u1ef1a t\u00f9y ch\u1ec9nh<\/h2>\n<p class=\"break-words\" dir=\"auto\">T\u1ea1i FMP, ch\u00fang t\u00f4i chuy\u00ean cung c\u1ea5p c\u00e1c linh ki\u1ec7n nh\u1ef1a \u00e9p phun ch\u1ea5t l\u01b0\u1ee3ng cao, \u0111\u1eb7c bi\u1ec7t ch\u00fa tr\u1ecdng \u0111\u1ebfn b\u00e1nh r\u0103ng nh\u1ef1a cho nhi\u1ec1u \u1ee9ng d\u1ee5ng kh\u00e1c nhau. T\u1ecda l\u1ea1c t\u1ea1i trung t\u00e2m h\u1ec7 sinh th\u00e1i s\u1ea3n xu\u1ea5t c\u1ee7a \u00dd, ch\u00fang t\u00f4i ph\u1ee5c v\u1ee5 c\u00e1c doanh nghi\u1ec7p t\u1ea1i Milan, Venice, Florence v\u00e0 Bologna, k\u1ebft h\u1ee3p k\u1ef9 thu\u1eadt ch\u00ednh x\u00e1c v\u1edbi thi\u1ebft k\u1ebf s\u00e1ng t\u1ea1o. C\u00e1c d\u1ecbch v\u1ee5 c\u1ee7a ch\u00fang t\u00f4i bao g\u1ed3m:<\/p>\n<ul class=\"marker:text-secondary\" dir=\"auto\">\n<li class=\"break-words\"><strong>C\u00e1c lo\u1ea1i b\u00e1nh r\u0103ng \u0111a d\u1ea1ng<\/strong>:T\u1eeb b\u00e1nh r\u0103ng th\u1eb3ng \u0111\u1ebfn b\u00e1nh r\u0103ng xo\u1eafn v\u00e0 b\u00e1nh r\u0103ng c\u00f4n, ch\u00fang t\u00f4i s\u1ea3n xu\u1ea5t c\u00e1c linh ki\u1ec7n cho \u1ee9ng d\u1ee5ng \u00f4 t\u00f4, c\u00f4ng nghi\u1ec7p v\u00e0 ti\u00eau d\u00f9ng.<\/li>\n<li class=\"break-words\"><strong>T\u00f9y ch\u1ec9nh<\/strong>:Ch\u00fang t\u00f4i nh\u1eadn \u0111\u01a1n \u0111\u1eb7t h\u00e0ng ho\u00e0n to\u00e0n t\u00f9y ch\u1ec9nh, thi\u1ebft k\u1ebf b\u00e1nh r\u0103ng theo \u0111\u00fang th\u00f4ng s\u1ed1 k\u1ef9 thu\u1eadt c\u1ee7a b\u1ea1n, cho d\u00f9 l\u00e0 \u0111\u1ec3 t\u1ea1o m\u1eabu hay s\u1ea3n xu\u1ea5t h\u00e0ng lo\u1ea1t.<\/li>\n<li class=\"break-words\"><strong>Ph\u1ea3n \u1ee9ng nhanh<\/strong>: N\u1ebfu b\u1ea1n kh\u00f4ng th\u1ea5y m\u1eabu thi\u1ebft b\u1ecb mong mu\u1ed1n trong danh s\u00e1ch s\u1ea3n ph\u1ea9m c\u1ee7a ch\u00fang t\u00f4i, c\u00f3 th\u1ec3 ch\u00fang t\u00f4i ch\u01b0a t\u1ea3i n\u00f3 l\u00ean. Ch\u1ec9 c\u1ea7n g\u1eedi email y\u00eau c\u1ea7u c\u1ee7a b\u1ea1n, c\u00e1c k\u1ef9 s\u01b0 c\u1ee7a ch\u00fang t\u00f4i s\u1ebd ph\u1ea3n h\u1ed3i trong v\u00f2ng 24 gi\u1edd v\u1edbi m\u1ed9t gi\u1ea3i ph\u00e1p ph\u00f9 h\u1ee3p.<\/li>\n<\/ul>\n<p class=\"break-words\" dir=\"auto\">Cam k\u1ebft c\u1ee7a FMP v\u1ec1 ch\u1ea5t l\u01b0\u1ee3ng v\u00e0 t\u1ed1c \u0111\u1ed9 \u0111\u1ea3m b\u1ea3o d\u1ef1 \u00e1n c\u1ee7a b\u1ea1n lu\u00f4n \u0111i \u0111\u00fang h\u01b0\u1edbng, d\u00f9 b\u1ea1n \u0111ang c\u1ea3i ti\u1ebfn t\u1ea1i c\u00e1c studio thi\u1ebft k\u1ebf \u1edf Florence hay m\u1edf r\u1ed9ng quy m\u00f4 s\u1ea3n xu\u1ea5t t\u1ea1i c\u00e1c khu c\u00f4ng nghi\u1ec7p \u1edf Milan. H\u00e3y li\u00ean h\u1ec7 v\u1edbi ch\u00fang t\u00f4i ngay h\u00f4m nay t\u1ea1i <a href=\"mailto:info@fmpcomponents.it\">info@fmpcomponents.it<\/a> \u0111\u1ec3 th\u1ea3o lu\u1eadn v\u1ec1 nhu c\u1ea7u c\u1ee7a b\u1ea1n v\u00e0 tr\u1ea3i nghi\u1ec7m ngh\u1ec1 th\u1ee7 c\u00f4ng \u00dd tinh x\u1ea3o nh\u1ea5t.<\/p>\n<p dir=\"auto\"><img loading=\"lazy\" decoding=\"async\" class=\"wp-image-7981 aligncenter\" src=\"https:\/\/fmp-components.com\/wp-content\/uploads\/2025\/04\/plastic-gear-set-factory.webp\" alt=\"nh\u00e0 m\u00e1y s\u1ea3n xu\u1ea5t b\u1ed9 b\u00e1nh r\u0103ng nh\u1ef1a\" width=\"874\" height=\"728\" title=\"\" srcset=\"https:\/\/fmp-components.com\/wp-content\/uploads\/2025\/04\/plastic-gear-set-factory.webp 874w, https:\/\/fmp-components.com\/wp-content\/uploads\/2025\/04\/plastic-gear-set-factory-480x400.webp 480w\" sizes=\"(min-width: 0px) and (max-width: 480px) 480px, (min-width: 481px) 874px, 100vw\" \/><\/p>\n<\/div>\n<\/div>\n<\/div>","protected":false},"excerpt":{"rendered":"<p>Injection Plastic Parts: Precision Manufacturing for Diverse Applications Injection plastic parts are integral to modern manufacturing, offering unmatched precision, scalability, and versatility. Plastic injection molding is a process where molten plastic resin is injected into a metal mold cavity, cooled, and solidified to form high-quality components. This method is widely adopted across industries like automotive, [&hellip;]<\/p>","protected":false},"featured_media":4663,"comment_status":"open","ping_status":"closed","template":"","meta":{"_et_pb_use_builder":"","_et_pb_old_content":"","_et_gb_content_width":""},"product_brand":[],"product_cat":[117],"product_tag":[],"class_list":{"0":"post-7972","1":"product","2":"type-product","3":"status-publish","4":"has-post-thumbnail","6":"product_cat-plastic-gears","8":"first","9":"instock","10":"shipping-taxable","11":"product-type-simple"},"_links":{"self":[{"href":"https:\/\/fmp-components.com\/vi\/wp-json\/wp\/v2\/product\/7972","targetHints":{"allow":["GET"]}}],"collection":[{"href":"https:\/\/fmp-components.com\/vi\/wp-json\/wp\/v2\/product"}],"about":[{"href":"https:\/\/fmp-components.com\/vi\/wp-json\/wp\/v2\/types\/product"}],"replies":[{"embeddable":true,"href":"https:\/\/fmp-components.com\/vi\/wp-json\/wp\/v2\/comments?post=7972"}],"wp:featuredmedia":[{"embeddable":true,"href":"https:\/\/fmp-components.com\/vi\/wp-json\/wp\/v2\/media\/4663"}],"wp:attachment":[{"href":"https:\/\/fmp-components.com\/vi\/wp-json\/wp\/v2\/media?parent=7972"}],"wp:term":[{"taxonomy":"product_brand","embeddable":true,"href":"https:\/\/fmp-components.com\/vi\/wp-json\/wp\/v2\/product_brand?post=7972"},{"taxonomy":"product_cat","embeddable":true,"href":"https:\/\/fmp-components.com\/vi\/wp-json\/wp\/v2\/product_cat?post=7972"},{"taxonomy":"product_tag","embeddable":true,"href":"https:\/\/fmp-components.com\/vi\/wp-json\/wp\/v2\/product_tag?post=7972"}],"curies":[{"name":"wp","href":"https:\/\/api.w.org\/{rel}","templated":true}]}}