{"id":7925,"date":"2025-04-11T05:36:47","date_gmt":"2025-04-11T05:36:47","guid":{"rendered":"https:\/\/fmp-components.com\/?post_type=product&#038;p=7925"},"modified":"2025-04-11T05:45:56","modified_gmt":"2025-04-11T05:45:56","slug":"flywheel-ring-gear","status":"publish","type":"product","link":"https:\/\/fmp-components.com\/vi\/product\/flywheel-ring-gear\/","title":{"rendered":"B\u00e1nh r\u0103ng v\u00e0nh b\u00e1nh \u0111\u00e0"},"content":{"rendered":"<h2>B\u00e1nh r\u0103ng v\u00e0nh \u0111ai b\u00e1nh \u0111\u00e0: \u0110\u1ed9 ch\u00ednh x\u00e1c v\u00e0 hi\u1ec7u su\u1ea5t cho ng\u00e0nh c\u00f4ng nghi\u1ec7p \u00dd<\/h2>\n<div>B\u00e1nh \u0111\u00e0 <a href=\"https:\/\/fmp-components.com\/vi\/ring-gear\/\">b\u00e1nh r\u0103ng v\u00e0nh<\/a> l\u00e0 nh\u1eefng b\u1ed9 ph\u1eadn quan tr\u1ecdng trong m\u00e1y m\u00f3c \u00f4 t\u00f4 v\u00e0 c\u00f4ng nghi\u1ec7p, \u0111\u1ea3m b\u1ea3o truy\u1ec1n \u0111\u1ed9ng tr\u01a1n tru gi\u1eefa \u0111\u1ed9ng c\u01a1 v\u00e0 m\u00f4-t\u01a1 kh\u1edfi \u0111\u1ed9ng. \u0110\u01b0\u1ee3c thi\u1ebft k\u1ebf \u0111\u1ec3 \u0111\u1ea3m b\u1ea3o \u0111\u1ed9 b\u1ec1n v\u00e0 \u0111\u1ed9 ch\u00ednh x\u00e1c, nh\u1eefng b\u00e1nh r\u0103ng n\u00e0y r\u1ea5t c\u1ea7n thi\u1ebft cho c\u00e1c ph\u01b0\u01a1ng ti\u1ec7n v\u00e0 thi\u1ebft b\u1ecb \u0111\u01b0\u1ee3c s\u1eed d\u1ee5ng tr\u00ean kh\u1eafp n\u01b0\u1edbc \u00dd, t\u1eeb nh\u1eefng con ph\u1ed1 nh\u1ed9n nh\u1ecbp c\u1ee7a Milan \u0111\u1ebfn nh\u1eefng cung \u0111\u01b0\u1eddng tuy\u1ec7t \u0111\u1eb9p c\u1ee7a Florence. T\u1ea1i FMP, ch\u00fang t\u00f4i s\u1ea3n xu\u1ea5t b\u00e1nh r\u0103ng v\u00e0nh r\u0103ng b\u00e1nh \u0111\u00e0 \u0111\u00e1p \u1ee9ng c\u00e1c ti\u00eau chu\u1ea9n ch\u1ea5t l\u01b0\u1ee3ng nghi\u00eam ng\u1eb7t, mang l\u1ea1i hi\u1ec7u su\u1ea5t \u0111\u00e1ng tin c\u1eady cho nhi\u1ec1u \u1ee9ng d\u1ee5ng kh\u00e1c nhau. Cho d\u00f9 b\u1ea1n \u0111ang \u1edf Venice \u0111\u1ec3 b\u1ea3o d\u01b0\u1ee1ng \u0111\u1ed9ng c\u01a1 h\u00e0ng h\u1ea3i hay \u1edf Bologna \u0111\u1ec3 b\u1ea3o d\u01b0\u1ee1ng m\u00e1y m\u00f3c h\u1ea1ng n\u1eb7ng, b\u00e1nh r\u0103ng v\u00e0nh r\u0103ng c\u1ee7a ch\u00fang t\u00f4i \u0111\u01b0\u1ee3c thi\u1ebft k\u1ebf \u0111\u1ec3 ch\u1ecbu \u0111\u01b0\u1ee3c m\u00f4-men xo\u1eafn cao v\u00e0 \u0111i\u1ec1u ki\u1ec7n kh\u1eafc nghi\u1ec7t, \u0111\u1ea3m b\u1ea3o hi\u1ec7u su\u1ea5t l\u00e2u d\u00e0i.<\/div>\n<p><img loading=\"lazy\" decoding=\"async\" class=\"alignnone size-full wp-image-7927\" src=\"https:\/\/fmp-components.com\/wp-content\/uploads\/2025\/04\/flywheel-ring-gear-product-detail.webp\" alt=\"chi ti\u1ebft s\u1ea3n ph\u1ea9m b\u00e1nh r\u0103ng v\u00e0nh b\u00e1nh \u0111\u00e0\" width=\"1200\" height=\"1200\" title=\"\" srcset=\"https:\/\/fmp-components.com\/wp-content\/uploads\/2025\/04\/flywheel-ring-gear-product-detail.webp 1200w, https:\/\/fmp-components.com\/wp-content\/uploads\/2025\/04\/flywheel-ring-gear-product-detail-980x980.webp 980w, https:\/\/fmp-components.com\/wp-content\/uploads\/2025\/04\/flywheel-ring-gear-product-detail-480x480.webp 480w\" sizes=\"(min-width: 0px) and (max-width: 480px) 480px, (min-width: 481px) and (max-width: 980px) 980px, (min-width: 981px) 1200px, 100vw\" \/><\/p>\n<h2>T\u1ea1i sao n\u00ean ch\u1ecdn b\u00e1nh r\u0103ng v\u00e0nh \u0111ai b\u00e1nh \u0111\u00e0 ch\u1ea5t l\u01b0\u1ee3ng cao c\u1ee7a FMP?<\/h2>\n<div>Trong b\u1ed1i c\u1ea3nh c\u00f4ng nghi\u1ec7p \u0111a d\u1ea1ng c\u1ee7a \u00dd, t\u1eeb c\u00e1c x\u01b0\u1edfng th\u1ee7 c\u00f4ng \u1edf Florence \u0111\u1ebfn c\u00e1c trung t\u00e2m \u00f4 t\u00f4 \u1edf Milan, nhu c\u1ea7u v\u1ec1 b\u00e1nh r\u0103ng v\u00e0nh r\u0103ng m\u1ea1nh m\u1ebd \u0111ang ng\u00e0y c\u00e0ng t\u0103ng cao. C\u00e1c b\u00e1nh r\u0103ng n\u00e0y \u0111\u01b0\u1ee3c ch\u1ebf t\u1ea1o t\u1eeb v\u1eadt li\u1ec7u cao c\u1ea5p, ch\u1ed1ng m\u00e0i m\u00f2n, \u0111\u1ea3m b\u1ea3o s\u1ef1 \u0103n kh\u1edbp li\u1ec1n m\u1ea1ch v\u1edbi \u0111\u1ed9ng c\u01a1 kh\u1edfi \u0111\u1ed9ng. T\u1ea1i FMP, ch\u00fang t\u00f4i cung c\u1ea5p \u0111a d\u1ea1ng c\u00e1c lo\u1ea1i b\u00e1nh r\u0103ng v\u00e0nh r\u0103ng ph\u00f9 h\u1ee3p cho \u00f4 t\u00f4, xe t\u1ea3i v\u00e0 thi\u1ebft b\u1ecb c\u00f4ng nghi\u1ec7p, \u0111\u1ea3m b\u1ea3o t\u01b0\u01a1ng th\u00edch v\u1edbi nhi\u1ec1u d\u00f2ng m\u00e1y kh\u00e1c nhau. N\u1ebfu b\u1ea1n \u0111ang \u1edf Venice ho\u1eb7c Bologna v\u00e0 kh\u00f4ng t\u00ecm th\u1ea5y m\u1eabu b\u00e1nh r\u0103ng v\u00e0nh r\u0103ng c\u1ee5 th\u1ec3 m\u00ecnh c\u1ea7n, \u0111\u1eebng lo l\u1eafng - \u0111\u1ed9i ng\u0169 c\u1ee7a ch\u00fang t\u00f4i c\u00f3 th\u1ec3 t\u00f9y ch\u1ec9nh c\u00e1c gi\u1ea3i ph\u00e1p ph\u00f9 h\u1ee3p v\u1edbi y\u00eau c\u1ea7u c\u1ee7a b\u1ea1n, mang \u0111\u1ebfn nh\u1eefng s\u1ea3n ph\u1ea9m \u0111\u01b0\u1ee3c thi\u1ebft k\u1ebf ch\u00ednh x\u00e1c, gi\u00fap ho\u1ea1t \u0111\u1ed9ng c\u1ee7a b\u1ea1n di\u1ec5n ra su\u00f4n s\u1ebb.<\/div>\n<div>\n<h3>FMP: \u0110\u1ed1i t\u00e1c b\u00e1nh r\u0103ng v\u00e0nh b\u00e1nh \u0111\u00e0 \u0111\u00e1ng tin c\u1eady c\u1ee7a b\u1ea1n t\u1ea1i \u00dd<\/h3>\n<p>FMP l\u00e0 nh\u00e0 s\u1ea3n xu\u1ea5t b\u00e1nh r\u0103ng v\u00e0nh r\u0103ng h\u00e0ng \u0111\u1ea7u. C\u00f4ng ty ch\u00fang t\u00f4i chuy\u00ean v\u1ec1 \u0111a d\u1ea1ng c\u00e1c lo\u1ea1i b\u00e1nh r\u0103ng v\u00e0nh r\u0103ng v\u00e0 cung c\u1ea5p d\u1ecbch v\u1ee5 t\u00f9y ch\u1ec9nh \u0111\u1ec3 \u0111\u00e1p \u1ee9ng c\u00e1c th\u00f4ng s\u1ed1 k\u1ef9 thu\u1eadt ri\u00eang bi\u1ec7t c\u1ee7a b\u1ea1n. N\u1ebfu b\u1ea1n kh\u00f4ng th\u1ea5y m\u1eabu b\u1ea1n c\u1ea7n trong danh s\u00e1ch s\u1ea3n ph\u1ea9m c\u1ee7a ch\u00fang t\u00f4i, c\u00f3 th\u1ec3 l\u00e0 do ch\u00fang t\u00f4i ch\u01b0a t\u1ea3i l\u00ean. Ch\u1ec9 c\u1ea7n cho ch\u00fang t\u00f4i bi\u1ebft nhu c\u1ea7u c\u1ee7a b\u1ea1n qua email v\u00e0 m\u1ed9t trong nh\u1eefng k\u1ef9 s\u01b0 chuy\u00ean nghi\u1ec7p c\u1ee7a ch\u00fang t\u00f4i s\u1ebd ph\u1ea3n h\u1ed3i trong v\u00f2ng 24 gi\u1edd v\u1edbi m\u1ed9t gi\u1ea3i ph\u00e1p ph\u00f9 h\u1ee3p. D\u00f9 b\u1ea1n \u1edf \u0111\u00e2u t\u1ea1i \u00dd, FMP \u0111\u1ec1u c\u00f3 th\u1ec3 cung c\u1ea5p b\u00e1nh r\u0103ng v\u00e0nh r\u0103ng ch\u1ea5t l\u01b0\u1ee3ng cao v\u00e0 b\u1ec1n b\u1ec9 \u0111\u1ec3 h\u1ed7 tr\u1ee3 doanh nghi\u1ec7p c\u1ee7a b\u1ea1n.<\/p>\n<table style=\"border-collapse: collapse; width: 103.578%; height: 58px;\" border=\"0\" width=\"240\" cellspacing=\"0\" cellpadding=\"0\">\n<tbody>\n<tr style=\"height: 14.40pt;\">\n<td style=\"height: 14.40pt; width: 48.00pt;\" align=\"right\" width=\"80\" height=\"24\"><img loading=\"lazy\" decoding=\"async\" class=\"size-full wp-image-7931 aligncenter\" src=\"https:\/\/fmp-components.com\/wp-content\/uploads\/2025\/04\/flywheel-ring-gear-product-1.webp\" alt=\"s\u1ea3n ph\u1ea9m b\u00e1nh r\u0103ng v\u00e0nh b\u00e1nh \u0111\u00e0\" width=\"750\" height=\"750\" title=\"\" srcset=\"https:\/\/fmp-components.com\/wp-content\/uploads\/2025\/04\/flywheel-ring-gear-product-1.webp 750w, https:\/\/fmp-components.com\/wp-content\/uploads\/2025\/04\/flywheel-ring-gear-product-1-480x480.webp 480w\" sizes=\"(min-width: 0px) and (max-width: 480px) 480px, (min-width: 481px) 750px, 100vw\" \/><\/td>\n<td style=\"width: 48.00pt;\" align=\"right\" width=\"80\"><img loading=\"lazy\" decoding=\"async\" class=\"size-full wp-image-7929 aligncenter\" src=\"https:\/\/fmp-components.com\/wp-content\/uploads\/2025\/04\/flywheel-ring-gear-product-2.webp\" alt=\"s\u1ea3n ph\u1ea9m b\u00e1nh r\u0103ng v\u00e0nh b\u00e1nh \u0111\u00e0\" width=\"800\" height=\"800\" title=\"\" srcset=\"https:\/\/fmp-components.com\/wp-content\/uploads\/2025\/04\/flywheel-ring-gear-product-2.webp 800w, https:\/\/fmp-components.com\/wp-content\/uploads\/2025\/04\/flywheel-ring-gear-product-2-480x480.webp 480w\" sizes=\"(min-width: 0px) and (max-width: 480px) 480px, (min-width: 481px) 800px, 100vw\" \/><\/td>\n<td style=\"width: 48.00pt;\" align=\"right\" width=\"80\"><img loading=\"lazy\" decoding=\"async\" class=\"size-full wp-image-7930 aligncenter\" src=\"https:\/\/fmp-components.com\/wp-content\/uploads\/2025\/04\/flywheel-ring-gear-product-3.webp\" alt=\"s\u1ea3n ph\u1ea9m b\u00e1nh r\u0103ng v\u00e0nh b\u00e1nh \u0111\u00e0\" width=\"800\" height=\"800\" title=\"\" srcset=\"https:\/\/fmp-components.com\/wp-content\/uploads\/2025\/04\/flywheel-ring-gear-product-3.webp 800w, https:\/\/fmp-components.com\/wp-content\/uploads\/2025\/04\/flywheel-ring-gear-product-3-480x480.webp 480w\" sizes=\"(min-width: 0px) and (max-width: 480px) 480px, (min-width: 481px) 800px, 100vw\" \/><\/td>\n<\/tr>\n<\/tbody>\n<\/table>\n<\/div>","protected":false},"excerpt":{"rendered":"<p>Flywheel Ring Gears: Precision and Performance for Italian Industries Flywheel ring gears are critical components in automotive and industrial machinery, ensuring smooth power transmission between the engine and the starter motor. Designed for durability and precision, these gears are essential for vehicles and equipment used across Italy, from the bustling streets of Milan to the [&hellip;]<\/p>","protected":false},"featured_media":7926,"comment_status":"open","ping_status":"closed","template":"","meta":{"_et_pb_use_builder":"","_et_pb_old_content":"","_et_gb_content_width":""},"product_brand":[],"product_cat":[114],"product_tag":[],"class_list":{"0":"post-7925","1":"product","2":"type-product","3":"status-publish","4":"has-post-thumbnail","6":"product_cat-ring-gear","8":"first","9":"instock","10":"shipping-taxable","11":"product-type-simple"},"_links":{"self":[{"href":"https:\/\/fmp-components.com\/vi\/wp-json\/wp\/v2\/product\/7925","targetHints":{"allow":["GET"]}}],"collection":[{"href":"https:\/\/fmp-components.com\/vi\/wp-json\/wp\/v2\/product"}],"about":[{"href":"https:\/\/fmp-components.com\/vi\/wp-json\/wp\/v2\/types\/product"}],"replies":[{"embeddable":true,"href":"https:\/\/fmp-components.com\/vi\/wp-json\/wp\/v2\/comments?post=7925"}],"wp:featuredmedia":[{"embeddable":true,"href":"https:\/\/fmp-components.com\/vi\/wp-json\/wp\/v2\/media\/7926"}],"wp:attachment":[{"href":"https:\/\/fmp-components.com\/vi\/wp-json\/wp\/v2\/media?parent=7925"}],"wp:term":[{"taxonomy":"product_brand","embeddable":true,"href":"https:\/\/fmp-components.com\/vi\/wp-json\/wp\/v2\/product_brand?post=7925"},{"taxonomy":"product_cat","embeddable":true,"href":"https:\/\/fmp-components.com\/vi\/wp-json\/wp\/v2\/product_cat?post=7925"},{"taxonomy":"product_tag","embeddable":true,"href":"https:\/\/fmp-components.com\/vi\/wp-json\/wp\/v2\/product_tag?post=7925"}],"curies":[{"name":"wp","href":"https:\/\/api.w.org\/{rel}","templated":true}]}}