{"id":7920,"date":"2025-04-11T03:30:53","date_gmt":"2025-04-11T03:30:53","guid":{"rendered":"https:\/\/fmp-components.com\/?post_type=product&#038;p=7920"},"modified":"2025-04-11T03:45:02","modified_gmt":"2025-04-11T03:45:02","slug":"external-ring-gear","status":"publish","type":"product","link":"https:\/\/fmp-components.com\/vi\/product\/external-ring-gear\/","title":{"rendered":"B\u00e1nh r\u0103ng v\u00e0nh ngo\u00e0i"},"content":{"rendered":"<h2>B\u00e1nh r\u0103ng v\u00e0nh ngo\u00e0i ch\u1ea5t l\u01b0\u1ee3ng cao d\u00e0nh cho k\u1ef9 thu\u1eadt ch\u00ednh x\u00e1c<\/h2>\n<p>B\u00e1nh r\u0103ng v\u00e0nh ngo\u00e0i l\u00e0 th\u00e0nh ph\u1ea7n quan tr\u1ecdng trong nhi\u1ec1u h\u1ec7 th\u1ed1ng c\u01a1 kh\u00ed, n\u1ed5i ti\u1ebfng v\u1edbi \u0111\u1ed9 b\u1ec1n v\u00e0 \u0111\u1ed9 ch\u00ednh x\u00e1c trong vi\u1ec7c truy\u1ec1n m\u00f4-men xo\u1eafn v\u00e0 chuy\u1ec3n \u0111\u1ed9ng. Nh\u1eefng b\u00e1nh r\u0103ng n\u00e0y, v\u1edbi c\u00e1c r\u0103ng \u1edf chu vi ngo\u00e0i, \u0111\u01b0\u1ee3c s\u1eed d\u1ee5ng r\u1ed9ng r\u00e3i trong c\u00e1c ng\u00e0nh c\u00f4ng nghi\u1ec7p nh\u01b0 \u00f4 t\u00f4, h\u00e0ng kh\u00f4ng v\u0169 tr\u1ee5 v\u00e0 m\u00e1y m\u00f3c c\u00f4ng nghi\u1ec7p. T\u1ea1i c\u00e1c th\u00e0nh ph\u1ed1 nh\u01b0 Milan v\u00e0 Venice, n\u01a1i s\u1ea3n xu\u1ea5t ti\u00ean ti\u1ebfn ph\u00e1t tri\u1ec3n m\u1ea1nh m\u1ebd, b\u00e1nh r\u0103ng v\u00e0nh ngo\u00e0i \u0111\u00f3ng vai tr\u00f2 then ch\u1ed1t trong vi\u1ec7c \u0111\u1ea3m b\u1ea3o ho\u1ea1t \u0111\u1ed9ng li\u1ec1n m\u1ea1ch cho c\u00e1c thi\u1ebft b\u1ecb hi\u1ec7u su\u1ea5t cao. \u0110\u01b0\u1ee3c thi\u1ebft k\u1ebf \u0111\u1ec3 \u0103n kh\u1edbp v\u1edbi b\u00e1nh r\u0103ng nh\u1ecf ho\u1eb7c c\u00e1c b\u00e1nh r\u0103ng kh\u00e1c, ch\u00fang cung c\u1ea5p kh\u1ea3 n\u0103ng truy\u1ec1n \u0111\u1ed9ng \u0111\u00e1ng tin c\u1eady, khi\u1ebfn ch\u00fang tr\u1edf n\u00ean kh\u00f4ng th\u1ec3 thi\u1ebfu cho c\u00e1c \u1ee9ng d\u1ee5ng \u0111\u00f2i h\u1ecfi c\u00e1c gi\u1ea3i ph\u00e1p c\u01a1 kh\u00ed m\u1ea1nh m\u1ebd v\u00e0 hi\u1ec7u qu\u1ea3.<\/p>\n<h2>M\u00e1y tr\u1ed9n xi m\u0103ng Micro 5000mm B\u00e1nh r\u0103ng v\u00e0nh th\u00e9p \u0111\u00fac ngo\u00e0i<\/h2>\n<p>FMP ch\u1ee7 y\u1ebfu nghi\u00ean c\u1ee9u, ph\u00e1t tri\u1ec3n v\u00e0 s\u1ea3n xu\u1ea5t c\u00e1c lo\u1ea1i b\u00e1nh r\u0103ng t\u1ed1c \u0111\u1ed9 th\u1ea5p, t\u1ea3i tr\u1ecdng n\u1eb7ng v\u00e0 c\u00f4ng su\u1ea5t cao. C\u00f4ng ty \u0111\u00e3 thi\u1ebft l\u1eadp h\u1ec7 th\u1ed1ng th\u00f4ng s\u1ed1 k\u1ef9 thu\u1eadt ti\u00eau chu\u1ea9n cho thi\u1ebft k\u1ebf, s\u1ea3n xu\u1ea5t, th\u1eed nghi\u1ec7m v\u00e0 ki\u1ec3m tra d\u1ef1a tr\u00ean c\u00e1c ti\u00eau chu\u1ea9n ti\u00ean ti\u1ebfn, \u0111\u1ed3ng th\u1eddi s\u1edf h\u1eefu \u0111\u1ed9i ng\u0169 k\u1ef9 s\u01b0 v\u00e0 k\u1ef9 thu\u1eadt vi\u00ean s\u00e1ng t\u1ea1o.<\/p>\n<p><img loading=\"lazy\" decoding=\"async\" class=\"size-full wp-image-7922 aligncenter\" src=\"https:\/\/fmp-components.com\/wp-content\/uploads\/2025\/04\/External-Ring-Gear-1.webp\" alt=\"B\u00e1nh r\u0103ng v\u00e0nh ngo\u00e0i\" width=\"790\" height=\"686\" title=\"\" srcset=\"https:\/\/fmp-components.com\/wp-content\/uploads\/2025\/04\/External-Ring-Gear-1.webp 790w, https:\/\/fmp-components.com\/wp-content\/uploads\/2025\/04\/External-Ring-Gear-1-480x417.webp 480w\" sizes=\"(min-width: 0px) and (max-width: 480px) 480px, (min-width: 481px) 790px, 100vw\" \/><\/p>\n<table style=\"width: 100%;\" border=\"1\" width=\"100%\" cellspacing=\"0\" cellpadding=\"0\">\n<tbody>\n<tr>\n<th style=\"width: 13.8116%;\">H\u00ecnh d\u1ea1ng:<\/th>\n<td style=\"width: 35.9743%;\">S\u00e2u<\/td>\n<th style=\"width: 15.2034%;\">T\u00ecnh tr\u1ea1ng:<\/th>\n<td style=\"width: 34.6895%;\">M\u1edbi<\/td>\n<\/tr>\n<tr class=\"bg_gray\">\n<th style=\"width: 13.8116%;\">C\u00e1c ng\u00e0nh c\u00f4ng nghi\u1ec7p \u00e1p d\u1ee5ng:<\/th>\n<td style=\"width: 35.9743%;\">Nh\u00e0 m\u00e1y s\u1ea3n xu\u1ea5t, C\u00f4ng tr\u00ecnh x\u00e2y d\u1ef1ng, N\u0103ng l\u01b0\u1ee3ng &amp; Khai th\u00e1c m\u1ecf<\/td>\n<th style=\"width: 15.2034%;\">\u0110\u1ecba \u0111i\u1ec3m tr\u01b0ng b\u00e0y:<\/th>\n<td style=\"width: 34.6895%;\">Kh\u00f4ng c\u00f3<\/td>\n<\/tr>\n<tr>\n<th style=\"width: 13.8116%;\">V\u1eadt li\u1ec7u:<\/th>\n<td style=\"width: 35.9743%;\">Th\u00e9p kh\u00f4ng g\u1ec9, ZG35CrMo\/42CrMo<\/td>\n<th style=\"width: 15.2034%;\">Ti\u00eau chu\u1ea9n ho\u1eb7c kh\u00f4ng ti\u00eau chu\u1ea9n:<\/th>\n<td style=\"width: 34.6895%;\">Kh\u00f4ng chu\u1ea9n<\/td>\n<\/tr>\n<tr class=\"bg_gray\">\n<th style=\"width: 13.8116%;\">Ph\u01b0\u01a1ng h\u01b0\u1edbng:<\/th>\n<td style=\"width: 35.9743%;\">Tr\u00e1i, Ph\u1ea3i<\/td>\n<th style=\"width: 15.2034%;\">T\u00ean:<\/th>\n<td style=\"width: 34.6895%;\">B\u1ed9 ph\u1eadn m\u00e1y tr\u1ed9n xi m\u0103ng B\u00e1nh r\u0103ng tr\u1ee5c v\u00edt th\u00e9p si\u00eau nh\u1ecf<\/td>\n<\/tr>\n<tr>\n<th style=\"width: 13.8116%;\">\u0110\u01b0\u1eddng k\u00ednh:<\/th>\n<td style=\"width: 35.9743%;\">2000-8000mm<\/td>\n<th style=\"width: 15.2034%;\">Lo\u1ea1i x\u1eed l\u00fd:<\/th>\n<td style=\"width: 34.6895%;\">\u0110\u00fac<\/td>\n<\/tr>\n<tr class=\"bg_gray\">\n<th style=\"width: 13.8116%;\">Gi\u1ea5y ch\u1ee9ng nh\u1eadn:<\/th>\n<td style=\"width: 35.9743%;\">ISO 9001:2000, ANSI, ASME, GES<\/td>\n<th style=\"width: 15.2034%;\">Ph\u1ea1m vi \u1ee9ng d\u1ee5ng:<\/th>\n<td style=\"width: 34.6895%;\">Xi m\u0103ng v\u00e0 c\u00e1c c\u01a1 s\u1edf khai th\u00e1c m\u1ecf, b\u1ed9 gi\u1ea3m t\u1ed1c, m\u00e1y nghi\u1ec1n bi, t\u1eddi m\u1ecf<\/td>\n<\/tr>\n<tr>\n<th style=\"width: 13.8116%;\">Khu v\u1ef1c xu\u1ea5t kh\u1ea9u:<\/th>\n<td style=\"width: 35.9743%;\">Nga, \u0110\u00f4ng Nam \u00c1, \u1ea4n \u0110\u1ed9, Nam Phi, \u00dac<\/td>\n<th style=\"width: 15.2034%;\">\u0110\u1ed9 c\u1ee9ng:<\/th>\n<td style=\"width: 34.6895%;\">&lt;=217<\/td>\n<\/tr>\n<tr>\n<th style=\"width: 13.8116%;\" colspan=\"1\">\u0110i\u1ec3m n\u1ed5i b\u1eadt:<\/th>\n<td style=\"width: 85.8672%;\" colspan=\"3\">b\u00e1nh r\u0103ng tr\u1ee5c v\u00edt th\u00e9p si\u00eau nh\u1ecf, b\u00e1nh r\u0103ng tr\u1ee5c v\u00edt th\u00e9p 5000mm<\/td>\n<\/tr>\n<\/tbody>\n<\/table>\n<h3>FMP: \u0110\u1ed1i t\u00e1c \u0111\u00e1ng tin c\u1eady c\u1ee7a b\u1ea1n v\u1ec1 b\u00e1nh r\u0103ng v\u00e0nh ngo\u00e0i<\/h3>\n<p>T\u1ea1i FMP, ch\u00fang t\u00f4i t\u1ef1 h\u00e0o s\u1ea3n xu\u1ea5t nhi\u1ec1u lo\u1ea1i s\u1ea3n ph\u1ea9m b\u00ean ngo\u00e0i <a href=\"https:\/\/fmp-components.com\/vi\/ring-gear\/\">b\u00e1nh r\u0103ng v\u00e0nh<\/a>\u0110\u01b0\u1ee3c ch\u1ebf t\u1ea1o \u0111\u1ec3 \u0111\u00e1p \u1ee9ng c\u00e1c ti\u00eau chu\u1ea9n cao nh\u1ea5t c\u1ee7a ng\u00e0nh. T\u1ecda l\u1ea1c t\u1ea1i trung t\u00e2m m\u1ea1ng l\u01b0\u1edbi c\u00f4ng nghi\u1ec7p c\u1ee7a \u00dd, ch\u00fang t\u00f4i ph\u1ee5c v\u1ee5 c\u00e1c doanh nghi\u1ec7p t\u1ea1i Milan, Venice, Florence, Bologna v\u00e0 nhi\u1ec1u n\u01a1i kh\u00e1c, cung c\u1ea5p c\u1ea3 gi\u1ea3i ph\u00e1p ti\u00eau chu\u1ea9n v\u00e0 t\u00f9y ch\u1ec9nh. N\u1ebfu b\u1ea1n kh\u00f4ng t\u00ecm th\u1ea5y m\u1eabu v\u00e0nh r\u0103ng c\u1ee5 th\u1ec3 m\u00ecnh c\u1ea7n trong danh s\u00e1ch s\u1ea3n ph\u1ea9m c\u1ee7a ch\u00fang t\u00f4i, \u0111\u1eebng lo l\u1eafng - c\u00f3 th\u1ec3 ch\u00fang t\u00f4i ch\u01b0a k\u1ecbp t\u1ea3i l\u00ean. Ch\u1ec9 c\u1ea7n g\u1eedi email cho ch\u00fang t\u00f4i y\u00eau c\u1ea7u c\u1ee7a b\u1ea1n, v\u00e0 c\u00e1c k\u1ef9 s\u01b0 l\u00e0nh ngh\u1ec1 c\u1ee7a ch\u00fang t\u00f4i s\u1ebd ph\u1ea3n h\u1ed3i trong v\u00f2ng 24 gi\u1edd v\u1edbi c\u00e1c gi\u1ea3i ph\u00e1p ph\u00f9 h\u1ee3p \u0111\u1ec3 h\u1ed7 tr\u1ee3 ho\u1ea1t \u0111\u1ed9ng c\u1ee7a b\u1ea1n. H\u00e3y ch\u1ecdn FMP \u0111\u1ec3 c\u00f3 \u0111\u01b0\u1ee3c \u0111\u1ed9 ch\u00ednh x\u00e1c, \u0111\u1ed9 tin c\u1eady v\u00e0 d\u1ecbch v\u1ee5 kh\u00e1ch h\u00e0ng v\u01b0\u1ee3t tr\u1ed9i tr\u00ean kh\u1eafp n\u01b0\u1edbc \u00dd.<\/p>\n<p><img loading=\"lazy\" decoding=\"async\" class=\"wp-image-7924 aligncenter\" src=\"https:\/\/fmp-components.com\/wp-content\/uploads\/2025\/04\/external_casting_steel_ring_gear_1.webp\" alt=\"b\u00e1nh r\u0103ng v\u00e0nh th\u00e9p \u0111\u00fac ngo\u00e0i \" width=\"913\" height=\"667\" title=\"\" srcset=\"https:\/\/fmp-components.com\/wp-content\/uploads\/2025\/04\/external_casting_steel_ring_gear_1.webp 913w, https:\/\/fmp-components.com\/wp-content\/uploads\/2025\/04\/external_casting_steel_ring_gear_1-480x351.webp 480w\" sizes=\"(min-width: 0px) and (max-width: 480px) 480px, (min-width: 481px) 913px, 100vw\" \/><\/p>","protected":false},"excerpt":{"rendered":"<p>High-Quality External Ring Gears for Precision Engineering External ring gears are critical components in various mechanical systems, known for their durability and precision in transmitting torque and motion. These gears, featuring teeth on the outer circumference, are widely used in industries such as automotive, aerospace, and industrial machinery. In cities like Milan and Venice, where [&hellip;]<\/p>","protected":false},"featured_media":7923,"comment_status":"open","ping_status":"closed","template":"","meta":{"_et_pb_use_builder":"on","_et_pb_old_content":"<h2>High-Quality External Ring Gears for Precision Engineering<\/h2>\r\nExternal ring gears are critical components in various mechanical systems, known for their durability and precision in transmitting torque and motion. These gears, featuring teeth on the outer circumference, are widely used in industries such as automotive, aerospace, and industrial machinery. In cities like Milan and Venice, where advanced manufacturing thrives, external ring gears play a pivotal role in ensuring seamless operations for high-performance equipment. Designed to mesh with pinions or other gears, they provide reliable power transmission, making them indispensable for applications requiring robust and efficient mechanical solutions.\r\n<h2>Cement Parts Mixer Micro 5000mm External Casting Steel Ring Gear<\/h2>\r\nFMP is mainly engaged in the research, development and manufacturing of low-speed, heavy-load and high-power gears. It has established a standard specification system for design, manufacturing, testing and inspection based on advanced standards and has a group of innovative engineering and technical personnel.\r\n\r\n<img class=\"size-full wp-image-7922 aligncenter\" src=\"https:\/\/fmp-components.com\/wp-content\/uploads\/2025\/04\/External-Ring-Gear-1.webp\" alt=\"External Ring Gear\" width=\"790\" height=\"686\" \/>\r\n<table style=\"width: 100%;\" border=\"1\" width=\"100%\" cellspacing=\"0\" cellpadding=\"0\">\r\n<tbody>\r\n<tr>\r\n<th style=\"width: 13.8116%;\">Shape:<\/th>\r\n<td style=\"width: 35.9743%;\">Worm<\/td>\r\n<th style=\"width: 15.2034%;\">Condition:<\/th>\r\n<td style=\"width: 34.6895%;\">New<\/td>\r\n<\/tr>\r\n<tr class=\"bg_gray\">\r\n<th style=\"width: 13.8116%;\">Applicable Industries:<\/th>\r\n<td style=\"width: 35.9743%;\">Manufacturing Plant, Construction Works\u00a0, Energy &amp; Mining<\/td>\r\n<th style=\"width: 15.2034%;\">Showroom Location:<\/th>\r\n<td style=\"width: 34.6895%;\">None<\/td>\r\n<\/tr>\r\n<tr>\r\n<th style=\"width: 13.8116%;\">Material:<\/th>\r\n<td style=\"width: 35.9743%;\">Stainless Steel, ZG35CrMo\/42CrMo<\/td>\r\n<th style=\"width: 15.2034%;\">Standard Or Nonstandard:<\/th>\r\n<td style=\"width: 34.6895%;\">Nonstandard<\/td>\r\n<\/tr>\r\n<tr class=\"bg_gray\">\r\n<th style=\"width: 13.8116%;\">Direction:<\/th>\r\n<td style=\"width: 35.9743%;\">Left, Right<\/td>\r\n<th style=\"width: 15.2034%;\">Name:<\/th>\r\n<td style=\"width: 34.6895%;\">Cement Mixer Parts Micro Steel Worm Gear<\/td>\r\n<\/tr>\r\n<tr>\r\n<th style=\"width: 13.8116%;\">Diameter:<\/th>\r\n<td style=\"width: 35.9743%;\">2000-8000mm<\/td>\r\n<th style=\"width: 15.2034%;\">Processing Type:<\/th>\r\n<td style=\"width: 34.6895%;\">Casting<\/td>\r\n<\/tr>\r\n<tr class=\"bg_gray\">\r\n<th style=\"width: 13.8116%;\">Certificate:<\/th>\r\n<td style=\"width: 35.9743%;\">ISO 9001:2000,ANSI,ASME,GES<\/td>\r\n<th style=\"width: 15.2034%;\">Application Range:<\/th>\r\n<td style=\"width: 34.6895%;\">Cement And Mining Facilities,speed Reducer,ball Mill,mine Hoist<\/td>\r\n<\/tr>\r\n<tr>\r\n<th style=\"width: 13.8116%;\">Export Areas:<\/th>\r\n<td style=\"width: 35.9743%;\">Russia, Southeast Asia, India,South Africa, Australia<\/td>\r\n<th style=\"width: 15.2034%;\">Hardness:<\/th>\r\n<td style=\"width: 34.6895%;\">&lt;=217<\/td>\r\n<\/tr>\r\n<tr>\r\n<th style=\"width: 13.8116%;\" colspan=\"1\">High Light:<\/th>\r\n<td style=\"width: 85.8672%;\" colspan=\"3\">micro steel worm gear,\u00a0 5000mm steel worm gear<\/td>\r\n<\/tr>\r\n<\/tbody>\r\n<\/table>\r\n<h3>FMP: Your Trusted Partner for External Ring Gears<\/h3>\r\nAt FMP, we pride ourselves on manufacturing a wide range of external <a href=\"https:\/\/fmp-components.com\/en\/ring-gear\">ring gears<\/a>, crafted to meet the highest industry standards. Based in the heart of Italy\u2019s industrial network, we serve businesses in Milan, Venice, Florence, Bologna, and beyond, offering both standard and custom solutions. If you don\u2019t find the specific ring gear model you need in our product list, don\u2019t worry\u2014we likely haven\u2019t had the chance to upload it yet. Simply email us with your requirements, and our skilled engineers will respond within 24 hours with tailored solutions to power your operations. Choose FMP for precision, reliability, and unmatched customer service across Italy.\r\n\r\n<img class=\"wp-image-7924 aligncenter\" src=\"https:\/\/fmp-components.com\/wp-content\/uploads\/2025\/04\/external_casting_steel_ring_gear_1.webp\" alt=\"external casting steel ring gear \" width=\"913\" height=\"667\" \/>","_et_gb_content_width":""},"product_brand":[],"product_cat":[114],"product_tag":[],"class_list":{"0":"post-7920","1":"product","2":"type-product","3":"status-publish","4":"has-post-thumbnail","6":"product_cat-ring-gear","8":"first","9":"instock","10":"shipping-taxable","11":"product-type-simple"},"_links":{"self":[{"href":"https:\/\/fmp-components.com\/vi\/wp-json\/wp\/v2\/product\/7920","targetHints":{"allow":["GET"]}}],"collection":[{"href":"https:\/\/fmp-components.com\/vi\/wp-json\/wp\/v2\/product"}],"about":[{"href":"https:\/\/fmp-components.com\/vi\/wp-json\/wp\/v2\/types\/product"}],"replies":[{"embeddable":true,"href":"https:\/\/fmp-components.com\/vi\/wp-json\/wp\/v2\/comments?post=7920"}],"wp:featuredmedia":[{"embeddable":true,"href":"https:\/\/fmp-components.com\/vi\/wp-json\/wp\/v2\/media\/7923"}],"wp:attachment":[{"href":"https:\/\/fmp-components.com\/vi\/wp-json\/wp\/v2\/media?parent=7920"}],"wp:term":[{"taxonomy":"product_brand","embeddable":true,"href":"https:\/\/fmp-components.com\/vi\/wp-json\/wp\/v2\/product_brand?post=7920"},{"taxonomy":"product_cat","embeddable":true,"href":"https:\/\/fmp-components.com\/vi\/wp-json\/wp\/v2\/product_cat?post=7920"},{"taxonomy":"product_tag","embeddable":true,"href":"https:\/\/fmp-components.com\/vi\/wp-json\/wp\/v2\/product_tag?post=7920"}],"curies":[{"name":"wp","href":"https:\/\/api.w.org\/{rel}","templated":true}]}}