{"id":7915,"date":"2025-04-11T02:22:27","date_gmt":"2025-04-11T02:22:27","guid":{"rendered":"https:\/\/fmp-components.com\/?post_type=product&#038;p=7915"},"modified":"2025-04-11T03:15:34","modified_gmt":"2025-04-11T03:15:34","slug":"precision-gear-ring-and-pinion","status":"publish","type":"product","link":"https:\/\/fmp-components.com\/vi\/product\/precision-gear-ring-and-pinion\/","title":{"rendered":"V\u00f2ng v\u00e0 b\u00e1nh r\u0103ng ch\u00ednh x\u00e1c"},"content":{"rendered":"<div>\n<h2 dir=\"auto\">S\u1ef1 xu\u1ea5t s\u1eafc \u0111\u01b0\u1ee3c thi\u1ebft k\u1ebf cho nh\u1eefng con \u0111\u01b0\u1eddng \u1edf \u00dd<\/h2>\n<p class=\"break-words\" dir=\"auto\">Khi n\u00f3i \u0111\u1ebfn vi\u1ec7c t\u1ed1i \u01b0u h\u00f3a hi\u1ec7u su\u1ea5t c\u1ee7a xe, b\u1ed9 v\u00e0nh v\u00e0 b\u00e1nh r\u0103ng Precision Gear l\u00e0 s\u1ef1 l\u1ef1a ch\u1ecdn h\u00e0ng \u0111\u1ea7u cho c\u00e1c t\u00e0i x\u1ebf tr\u00ean kh\u1eafp n\u01b0\u1edbc \u00dd, t\u1eeb nh\u1eefng con ph\u1ed1 nh\u1ed9n nh\u1ecbp c\u1ee7a Milan \u0111\u1ebfn nh\u1eefng con \u0111\u01b0\u1eddng tuy\u1ec7t \u0111\u1eb9p c\u1ee7a Florence. Nh\u1eefng b\u1ed9 b\u00e1nh r\u0103ng ch\u1ea5t l\u01b0\u1ee3ng cao n\u00e0y \u0111\u01b0\u1ee3c ch\u1ebf t\u1ea1o b\u1eb1ng c\u00e1c k\u1ef9 thu\u1eadt s\u1ea3n xu\u1ea5t ti\u00ean ti\u1ebfn v\u00e0 r\u00e8n 8620 cao c\u1ea5p, \u0111\u1ea3m b\u1ea3o \u0111\u1ed9 b\u1ec1n v\u00e0 \u0111\u1ed9 ch\u00ednh x\u00e1c cho c\u1ea3 \u1ee9ng d\u1ee5ng \u0111\u01b0\u1eddng ph\u1ed1 v\u00e0 \u0111\u01b0\u1eddng \u0111ua. Cho d\u00f9 b\u1ea1n \u0111ang n\u00e2ng c\u1ea5p m\u1ed9t chi\u1ebfc xe c\u01a1 b\u1eafp \u1edf Venice hay tinh ch\u1ec9nh m\u1ed9t chi\u1ebfc xe 4x4 cho nh\u1eefng cu\u1ed9c phi\u00eau l\u01b0u \u0111\u1ecba h\u00ecnh g\u1ea7n Bologna, Precision Gear cung c\u1ea5p nhi\u1ec1u t\u1ef7 s\u1ed1 truy\u1ec1n kh\u00e1c nhau\u2014ch\u1eb3ng h\u1ea1n nh\u01b0 3,08: 1 cho GM 8,5\/8,6 in., 4,56: 1 cho Dana 44 ho\u1eb7c 5,13: 1 cho Ford 8,8 in.\u2014\u0111\u1ec3 ph\u00f9 h\u1ee3p v\u1edbi nhu c\u1ea7u c\u1ee5 th\u1ec3 c\u1ee7a b\u1ea1n. \u0110\u01b0\u1ee3c thi\u1ebft k\u1ebf \u0111\u1ec3 x\u1eed l\u00fd s\u1ef1 kh\u1eafc nghi\u1ec7t c\u1ee7a m\u00e3 l\u1ef1c cao, nh\u1eefng b\u1ed9 b\u00e1nh r\u0103ng n\u00e0y cung c\u1ea5p kh\u1ea3 n\u0103ng truy\u1ec1n l\u1ef1c hi\u1ec7u qu\u1ea3 \u0111\u1ec3 gi\u1eef cho xe c\u1ee7a b\u1ea1n di chuy\u1ec3n m\u01b0\u1ee3t m\u00e0, b\u1ea5t k\u1ec3 \u0111\u1ecba h\u00ecnh.<\/p>\n<p dir=\"auto\"><img loading=\"lazy\" decoding=\"async\" class=\"size-full wp-image-7917 aligncenter\" src=\"https:\/\/fmp-components.com\/wp-content\/uploads\/2025\/04\/Precision-Gear-Ring-and-Pinion-2.webp\" alt=\"B\u00e1nh r\u0103ng ch\u00ednh x\u00e1c\" width=\"800\" height=\"800\" title=\"\" srcset=\"https:\/\/fmp-components.com\/wp-content\/uploads\/2025\/04\/Precision-Gear-Ring-and-Pinion-2.webp 800w, https:\/\/fmp-components.com\/wp-content\/uploads\/2025\/04\/Precision-Gear-Ring-and-Pinion-2-480x480.webp 480w\" sizes=\"(min-width: 0px) and (max-width: 480px) 480px, (min-width: 481px) 800px, 100vw\" \/><\/p>\n<h3 dir=\"auto\">\u0110\u1eb7c \u0111i\u1ec3m k\u1ef9 thu\u1eadt<\/h3>\n<\/div>\n<div>\n<table style=\"width: 100%;\" border=\"1\" width=\"100%\" cellspacing=\"0\" cellpadding=\"0\">\n<tbody>\n<tr>\n<td colspan=\"1\" rowspan=\"1\">\n<div class=\"magic-13\" data-spm-anchor-id=\"a2700.details-description.0.i1.1c4atCsDtCsDdk\">V\u1eadt li\u1ec7u c\u00f3 s\u1eb5n:<\/div>\n<\/td>\n<td colspan=\"1\" rowspan=\"1\">\n<div class=\"magic-14\">\u0110\u1ed3ng thau, \u0110\u1ed3ng, Th\u00e9p cacbon, Th\u00e9p kh\u00f4ng g\u1ec9, H\u1ee3p kim th\u00e9p, H\u1ee3p kim nh\u00f4m, v.v.<\/div>\n<\/td>\n<\/tr>\n<tr>\n<td colspan=\"1\" rowspan=\"1\">\n<div class=\"magic-13\">S\u1ee9c ch\u1ecbu \u0111\u1ef1ng:<\/div>\n<\/td>\n<td colspan=\"1\" rowspan=\"1\">\n<div class=\"magic-14\">Theo b\u1ea3n v\u1ebd. (+\/-0,05mm, +\/-0,01mm)<\/div>\n<\/td>\n<\/tr>\n<tr>\n<td colspan=\"1\" rowspan=\"1\">\n<div class=\"magic-13\">X\u1eed l\u00fd b\u1ec1 m\u1eb7t:<\/div>\n<\/td>\n<td colspan=\"1\" rowspan=\"1\">\n<div class=\"magic-14\">M\u1ea1 k\u1ebdm, m\u1ea1 niken, m\u1ea1 crom, anot h\u00f3a, ph\u1ed1t ph\u00e1t h\u00f3a, l\u00e0m \u0111en h\u00f3a h\u1ecdc, th\u1ea5m nit\u01a1 trong b\u1ed3n mu\u1ed1i, v.v.<\/div>\n<\/td>\n<\/tr>\n<tr>\n<td colspan=\"1\" rowspan=\"1\">\n<div class=\"magic-13\">Th\u1eddi gian th\u1ef1c hi\u1ec7n:<\/div>\n<\/td>\n<td colspan=\"1\" rowspan=\"1\">\n<div class=\"magic-14\">20-45 ng\u00e0y t\u00f9y thu\u1ed9c v\u00e0o s\u1ed1 l\u01b0\u1ee3ng v\u00e0 \u0111\u1ed9 ph\u1ee9c t\u1ea1p<\/div>\n<\/td>\n<\/tr>\n<tr>\n<td colspan=\"1\" rowspan=\"1\">\n<div class=\"magic-13\">\u1ee8ng d\u1ee5ng:<\/div>\n<\/td>\n<td colspan=\"1\" rowspan=\"1\">\n<div class=\"magic-14\">Xe n\u00e2ng, c\u1ea7n c\u1ea9u, t\u00e0u h\u1ecfa, xe t\u1ea3i, m\u00e1y c\u1eaft c\u1ecf, thi\u1ebft b\u1ecb \u0111\u01b0\u1eddng s\u1eaft, thi\u1ebft b\u1ecb y t\u1ebf, m\u00e1y c\u00f4ng nghi\u1ec7p, \u00f4 t\u00f4, \u0111i\u1ec7n<br \/>\nthi\u1ebft b\u1ecb, m\u00e1y t\u1ef1 \u0111\u1ed9ng h\u00f3a, c\u00e1c ng\u00e0nh c\u00f4ng nghi\u1ec7p kh\u00e1c, v.v.,<\/div>\n<\/td>\n<\/tr>\n<tr>\n<td colspan=\"1\" rowspan=\"1\">\n<div class=\"magic-13\">Th\u1eddi h\u1ea1n thanh to\u00e1n:<\/div>\n<\/td>\n<td colspan=\"1\" rowspan=\"1\">\n<div class=\"magic-14\">\n<p>L\/C tr\u1ea3 ngay<\/p>\n<div>Ti\u1ec1n g\u1eedi T\/T 30% v\u00e0 s\u1ed1 d\u01b0 70% ph\u1ea3i thanh to\u00e1n tr\u01b0\u1edbc khi giao h\u00e0ng.<\/div>\n<\/div>\n<\/td>\n<\/tr>\n<tr>\n<td colspan=\"1\" rowspan=\"1\">\n<div class=\"magic-13\">Thi\u1ebft b\u1ecb s\u1ea3n xu\u1ea5t:<\/div>\n<\/td>\n<td colspan=\"1\" rowspan=\"1\">\n<div class=\"magic-14\">Trung t\u00e2m gia c\u00f4ng CNC, M\u00e1y ti\u1ec7n CNC, M\u00e1y m\u00e0i, M\u00e1y phay, M\u00e1y c\u01b0a, M\u00e1y h\u00e0n, M\u00e1y \u00e9p th\u1ee7y l\u1ef1c, M\u00e1y khoan<br \/>\nv\u00e0 M\u00e1y ti\u1ec7n ren, M\u00e1y phay \u0111\u1ecbnh h\u00ecnh b\u00e1nh r\u0103ng, v.v.<\/div>\n<\/td>\n<\/tr>\n<tr>\n<td colspan=\"1\" rowspan=\"1\">\n<div class=\"magic-13\">Thi\u1ebft b\u1ecb ki\u1ec3m tra:<\/div>\n<\/td>\n<td colspan=\"1\" rowspan=\"1\">\n<div class=\"magic-14\">Thi\u1ebft b\u1ecb \u0111o \u0111i\u1ec7n t\u1eed Penumatic, Thi\u1ebft b\u1ecb ph\u00e1t hi\u1ec7n ba t\u1ecda \u0111\u1ed9, M\u00e1y ki\u1ec3m tra \u0111\u1ed9 c\u1ee9ng Rockwell, L\u1ed7i si\u00eau \u00e2m k\u1ef9 thu\u1eadt s\u1ed1<br \/>\nM\u00e1y d\u00f2, Thi\u1ebft b\u1ecb \u0111o \u0111\u1ed9 nh\u00e1m b\u1ec1 m\u1eb7t, M\u00e1y \u0111o \u0111\u1ed9 c\u1ee9ng Leeb, Thi\u1ebft b\u1ecb \u0111o l\u1edbp ph\u1ee7, M\u00e1y ki\u1ec3m tra phun mu\u1ed1i, B\u00e1nh r\u0103ng<br \/>\nTrung t\u00e2m \u0111o l\u01b0\u1eddng, v.v.<\/div>\n<\/td>\n<\/tr>\n<tr>\n<td colspan=\"1\" rowspan=\"1\">\n<div class=\"magic-13\">QC:<\/div>\n<\/td>\n<td colspan=\"1\" rowspan=\"1\">\n<div class=\"magic-14\">\n<p>1. V\u1eadt li\u1ec7u \u0111\u1ea7u v\u00e0o s\u1ebd \u0111\u01b0\u1ee3c ki\u1ec3m tra tr\u01b0\u1edbc khi s\u1ea3n xu\u1ea5t.<\/p>\n<div data-spm-anchor-id=\"a2700.pc-decorate.0.i39.bc343333CIclSA\">2. Ki\u1ec3m so\u00e1t ch\u1ea5t l\u01b0\u1ee3ng gia c\u00f4ng nghi\u00eam ng\u1eb7t.<\/div>\n<div data-spm-anchor-id=\"a2700.pc-decorate.0.i39.bc343333CIclSA\">3.100% ki\u1ec3m tra tr\u01b0\u1edbc khi giao h\u00e0ng.<\/div>\n<div data-spm-anchor-id=\"a2700.pc-decorate.0.i39.bc343333CIclSA\">4. Ch\u00fang t\u00f4i ch\u1ecbu tr\u00e1ch nhi\u1ec7m v\u1ec1 ch\u1ea5t l\u01b0\u1ee3ng s\u1ea3n ph\u1ea9m \u0111\u1ed1i v\u1edbi ng\u01b0\u1eddi d\u00f9ng cu\u1ed1i.<\/div>\n<\/div>\n<\/td>\n<\/tr>\n<tr>\n<td colspan=\"1\" rowspan=\"1\">\n<div class=\"magic-13\">B\u01b0u ki\u1ec7n:<\/div>\n<\/td>\n<td colspan=\"1\" rowspan=\"1\">\n<div class=\"magic-14\">\n<p>Ph\u01b0\u01a1ng ph\u00e1p 1: H\u1ed9p carton ho\u1eb7c th\u00f9ng carton s\u00f3ng<\/p>\n<div data-spm-anchor-id=\"a2700.pc-decorate.0.i43.bc343333CIclSA\">Ph\u01b0\u01a1ng ph\u00e1p 2: Th\u00f9ng g\u1ed7 ho\u1eb7c th\u00f9ng \u0111\u1ef1ng g\u1ed7<\/div>\n<div data-spm-anchor-id=\"a2700.pc-decorate.0.i43.bc343333CIclSA\">C\u00e1ch 3: Gi\u1ecf s\u1eaft ho\u1eb7c gi\u1ecf nh\u1ef1a<\/div>\n<div data-spm-anchor-id=\"a2700.pc-decorate.0.i43.bc343333CIclSA\">Ph\u01b0\u01a1ng ph\u00e1p 4: Pallet<\/div>\n<\/div>\n<\/td>\n<\/tr>\n<tr>\n<td colspan=\"1\" rowspan=\"1\">\n<div class=\"magic-13\">D\u1ecbch v\u1ee5 sau b\u00e1n h\u00e0ng:<\/div>\n<\/td>\n<td colspan=\"1\" rowspan=\"1\">\n<div class=\"magic-14\">Ch\u00fang t\u00f4i s\u1ebd theo d\u00f5i h\u00e0ng h\u00f3a cho kh\u00e1ch h\u00e0ng v\u00e0 gi\u00fap gi\u1ea3i quy\u1ebft c\u00e1c v\u1ea5n \u0111\u1ec1 sau b\u00e1n h\u00e0ng<\/div>\n<\/td>\n<\/tr>\n<\/tbody>\n<\/table>\n<div>\n<h2 dir=\"auto\">Hi\u1ec7u su\u1ea5t linh ho\u1ea1t cho m\u1ecdi chuy\u1ebfn \u0111i<\/h2>\n<p class=\"break-words\" dir=\"auto\">B\u1ed9 v\u00e0nh v\u00e0 b\u00e1nh r\u0103ng Precision Gear \u0111\u01b0\u1ee3c ch\u1ebf t\u1ea1o \u0111\u1ec3 mang l\u1ea1i gi\u00e1 tr\u1ecb v\u01b0\u1ee3t tr\u1ed9i m\u00e0 kh\u00f4ng \u1ea3nh h\u01b0\u1edfng \u0111\u1ebfn ch\u1ea5t l\u01b0\u1ee3ng, khi\u1ebfn ch\u00fang tr\u1edf th\u00e0nh l\u1ef1a ch\u1ecdn h\u00e0ng \u0111\u1ea7u cho nh\u1eefng ng\u01b0\u1eddi \u0111am m\u00ea \u00f4 t\u00f4 t\u1ea1i c\u00e1c th\u00e0nh ph\u1ed1 nh\u01b0 Rome v\u00e0 Turin. V\u1edbi c\u00e1c t\u00f9y ch\u1ecdn cho GM, Ford, Dana, Toyota, v.v., c\u00e1c b\u1ed9 b\u00e1nh r\u0103ng n\u00e0y ph\u00f9 h\u1ee3p v\u1edbi nhi\u1ec1u lo\u1ea1i xe, \u0111\u1ea3m b\u1ea3o kh\u1ea3 n\u0103ng t\u01b0\u01a1ng th\u00edch v\u00e0 hi\u1ec7u su\u1ea5t. V\u00ed d\u1ee5, c\u00e1c m\u1eabu nh\u01b0 F88\/410 Ford 8.8 in. 4.10 Gears ho\u1eb7c TOY\/456 Toyota 8 in. 4.56 Gears \u0111\u01b0\u1ee3c ch\u1ebf t\u1ea1o \u0111\u1ec3 ch\u1ecbu \u0111\u01b0\u1ee3c c\u00e1c \u0111i\u1ec1u ki\u1ec7n kh\u1eafc nghi\u1ec7t, mang l\u1ea1i \u0111\u1ed9 tin c\u1eady cho vi\u1ec7c \u0111i l\u1ea1i h\u00e0ng ng\u00e0y \u1edf Naples ho\u1eb7c nh\u1eefng chuy\u1ebfn l\u00e1i xe \u0111\u1ea7y h\u1ee9ng kh\u1edfi qua nh\u1eefng ng\u1ecdn \u0111\u1ed3i Tuscany. \u0110\u01b0\u1ee3c kh\u00e1ch h\u00e0ng \u0111\u00e1nh gi\u00e1 4.0 sao, b\u1ed9 b\u00e1nh r\u0103ng Precision Gear \u0111\u1ed3ng ngh\u0129a v\u1edbi s\u1ee9c m\u1ea1nh v\u00e0 gi\u00e1 c\u1ea3 ph\u1ea3i ch\u0103ng, gi\u00fap ng\u01b0\u1eddi l\u00e1i xe \u00dd \u0111\u1ea1t \u0111\u01b0\u1ee3c m\u1ee5c ti\u00eau hi\u1ec7u su\u1ea5t c\u1ee7a h\u1ecd m\u1ed9t c\u00e1ch t\u1ef1 tin.<\/p>\n<h3 dir=\"auto\">FMP: \u0110\u1ed1i t\u00e1c \u0111\u00e1ng tin c\u1eady c\u1ee7a b\u1ea1n v\u1ec1 c\u00e1c gi\u1ea3i ph\u00e1p thi\u1ebft b\u1ecb t\u00f9y ch\u1ec9nh<\/h3>\n<p dir=\"auto\">T\u1ea1i FMP, ch\u00fang t\u00f4i t\u1ef1 h\u00e0o l\u00e0 nh\u00e0 s\u1ea3n xu\u1ea5t h\u00e0ng \u0111\u1ea7u v\u1ec1 b\u00e1nh r\u0103ng v\u00e0nh v\u00e0 b\u00e1nh r\u0103ng pinion, cung c\u1ea5p \u0111a d\u1ea1ng c\u00e1c b\u1ed9 b\u00e1nh r\u0103ng ch\u00ednh x\u00e1c \u0111\u1ec3 \u0111\u00e1p \u1ee9ng nhu c\u1ea7u c\u1ee7a c\u1ed9ng \u0111\u1ed3ng \u00f4 t\u00f4 \u00dd. T\u1ecda l\u1ea1c t\u1ea1i trung t\u00e2m c\u1ee7a ng\u00e0nh c\u00f4ng nghi\u1ec7p, ch\u00fang t\u00f4i s\u1ea3n xu\u1ea5t b\u00e1nh r\u0103ng cho nhi\u1ec1u \u1ee9ng d\u1ee5ng kh\u00e1c nhau v\u00e0 c\u0169ng chuy\u00ean v\u1ec1 c\u00e1c gi\u1ea3i ph\u00e1p t\u00f9y ch\u1ec9nh cho c\u00e1c m\u1eabu xe \u0111\u1ed9c \u200b\u200b\u0111\u00e1o.<\/p>\n<p dir=\"auto\">N\u1ebfu b\u1ea1n kh\u00f4ng t\u00ecm th\u1ea5y model m\u00ecnh c\u1ea7n trong danh s\u00e1ch s\u1ea3n ph\u1ea9m c\u1ee7a ch\u00fang t\u00f4i, \u0111\u1eebng lo l\u1eafng - c\u00f3 th\u1ec3 ch\u00fang t\u00f4i ch\u01b0a t\u1ea3i n\u00f3 l\u00ean. Ch\u1ec9 c\u1ea7n g\u1eedi email cho ch\u00fang t\u00f4i y\u00eau c\u1ea7u c\u1ee7a b\u1ea1n v\u00e0 m\u1ed9t trong nh\u1eefng k\u1ef9 s\u01b0 gi\u00e0u kinh nghi\u1ec7m c\u1ee7a ch\u00fang t\u00f4i s\u1ebd ph\u1ea3n h\u1ed3i trong v\u00f2ng 24 gi\u1edd \u0111\u1ec3 cung c\u1ea5p h\u1ed7 tr\u1ee3 t\u00f9y ch\u1ec9nh.<\/p>\n<\/div>\n<p dir=\"auto\"><img loading=\"lazy\" decoding=\"async\" class=\"wp-image-7919 aligncenter\" src=\"https:\/\/fmp-components.com\/wp-content\/uploads\/2025\/04\/Precision-Gear-Ring-and-Pinion-3.webp\" alt=\"V\u00f2ng v\u00e0 b\u00e1nh r\u0103ng ch\u00ednh x\u00e1c\" width=\"860\" height=\"860\" title=\"\" srcset=\"https:\/\/fmp-components.com\/wp-content\/uploads\/2025\/04\/Precision-Gear-Ring-and-Pinion-3.webp 860w, https:\/\/fmp-components.com\/wp-content\/uploads\/2025\/04\/Precision-Gear-Ring-and-Pinion-3-480x480.webp 480w\" sizes=\"(min-width: 0px) and (max-width: 480px) 480px, (min-width: 481px) 860px, 100vw\" \/><\/p>\n<\/div>","protected":false},"excerpt":{"rendered":"<p>Engineered Excellence for Italian Roads When it comes to optimizing your vehicle\u2019s performance, Precision Gear ring and pinion sets are the go-to choice for drivers across Italy, from the bustling streets of Milan to the scenic roads of Florence. These high-quality gear sets are engineered with advanced manufacturing techniques and premium 8620 forgings, ensuring durability [&hellip;]<\/p>","protected":false},"featured_media":7916,"comment_status":"open","ping_status":"closed","template":"","meta":{"_et_pb_use_builder":"","_et_pb_old_content":"","_et_gb_content_width":""},"product_brand":[],"product_cat":[114],"product_tag":[],"class_list":{"0":"post-7915","1":"product","2":"type-product","3":"status-publish","4":"has-post-thumbnail","6":"product_cat-ring-gear","8":"first","9":"instock","10":"shipping-taxable","11":"product-type-simple"},"_links":{"self":[{"href":"https:\/\/fmp-components.com\/vi\/wp-json\/wp\/v2\/product\/7915","targetHints":{"allow":["GET"]}}],"collection":[{"href":"https:\/\/fmp-components.com\/vi\/wp-json\/wp\/v2\/product"}],"about":[{"href":"https:\/\/fmp-components.com\/vi\/wp-json\/wp\/v2\/types\/product"}],"replies":[{"embeddable":true,"href":"https:\/\/fmp-components.com\/vi\/wp-json\/wp\/v2\/comments?post=7915"}],"wp:featuredmedia":[{"embeddable":true,"href":"https:\/\/fmp-components.com\/vi\/wp-json\/wp\/v2\/media\/7916"}],"wp:attachment":[{"href":"https:\/\/fmp-components.com\/vi\/wp-json\/wp\/v2\/media?parent=7915"}],"wp:term":[{"taxonomy":"product_brand","embeddable":true,"href":"https:\/\/fmp-components.com\/vi\/wp-json\/wp\/v2\/product_brand?post=7915"},{"taxonomy":"product_cat","embeddable":true,"href":"https:\/\/fmp-components.com\/vi\/wp-json\/wp\/v2\/product_cat?post=7915"},{"taxonomy":"product_tag","embeddable":true,"href":"https:\/\/fmp-components.com\/vi\/wp-json\/wp\/v2\/product_tag?post=7915"}],"curies":[{"name":"wp","href":"https:\/\/api.w.org\/{rel}","templated":true}]}}