{"id":7898,"date":"2025-04-09T08:43:15","date_gmt":"2025-04-09T08:43:15","guid":{"rendered":"https:\/\/fmp-components.com\/?post_type=product&#038;p=7898"},"modified":"2025-04-14T08:55:11","modified_gmt":"2025-04-14T08:55:11","slug":"internal-ring-gear","status":"publish","type":"product","link":"https:\/\/fmp-components.com\/vi\/product\/internal-ring-gear\/","title":{"rendered":"B\u00e1nh r\u0103ng v\u00e0nh trong"},"content":{"rendered":"<h2>Hi\u1ec3u v\u1ec1 b\u00e1nh r\u0103ng v\u00e0nh trong<\/h2>\n<div><\/div>\n<div>N\u1ed9i b\u1ed9 <a href=\"https:\/\/fmp-components.com\/vi\/ring-gear\/\">b\u00e1nh r\u0103ng v\u00e0nh<\/a> l\u00e0 nh\u1eefng th\u00e0nh ph\u1ea7n thi\u1ebft y\u1ebfu trong c\u00e1c h\u1ec7 th\u1ed1ng c\u01a1 kh\u00ed \u0111\u01b0\u1ee3c thi\u1ebft k\u1ebf \u0111\u1ec3 gi\u1ea3m t\u1ed1c \u0111\u1ed9 v\u00e0 t\u0103ng m\u00f4-men xo\u1eafn trong c\u00e1c \u1ee9ng d\u1ee5ng tr\u1ee5c th\u1eb3ng h\u00e0ng. Kh\u00f4ng gi\u1ed1ng nh\u01b0 b\u00e1nh r\u0103ng ngo\u00e0i, c\u00e1c b\u00e1nh r\u0103ng tr\u1ee5 n\u00e0y c\u00f3 r\u0103ng \u0111\u01b0\u1ee3c c\u1eaft v\u00e0o \u0111\u01b0\u1eddng k\u00ednh b\u00ean trong, cho ph\u00e9p ch\u00fang \u0103n kh\u1edbp li\u1ec1n m\u1ea1ch v\u1edbi b\u00e1nh r\u0103ng tr\u1ee5 ho\u1eb7c b\u00e1nh r\u0103ng nh\u1ecf. Thi\u1ebft k\u1ebf n\u00e0y cho ph\u00e9p b\u00e1nh r\u0103ng nh\u1ecf d\u1eabn \u0111\u1ed9ng quay b\u00ean trong b\u00e1nh r\u0103ng, mang l\u1ea1i hi\u1ec7u su\u1ea5t tr\u01a1n tru v\u00e0 hi\u1ec7u qu\u1ea3. B\u00e1nh r\u0103ng v\u00e0nh trong \u0111\u01b0\u1ee3c s\u1eed d\u1ee5ng r\u1ed9ng r\u00e3i trong c\u00e1c h\u1ec7 th\u1ed1ng b\u00e1nh r\u0103ng h\u00e0nh tinh, kh\u1edbp n\u1ed1i b\u00e1nh r\u0103ng v\u00e0 c\u00e1c thi\u1ebft l\u1eadp kh\u00e1c y\u00eau c\u1ea7u c\u00e1c gi\u1ea3i ph\u00e1p nh\u1ecf g\u1ecdn, m\u00f4-men xo\u1eafn cao. Vi\u1ec7c s\u1ea3n xu\u1ea5t c\u00e1c b\u00e1nh r\u0103ng n\u00e0y th\u01b0\u1eddng li\u00ean quan \u0111\u1ebfn m\u00e1y \u0111\u1ecbnh h\u00ecnh b\u00e1nh r\u0103ng v\u1edbi dao c\u1eaft b\u00e1nh r\u0103ng nh\u1ecf, m\u1eb7c d\u00f9 c\u00e1c k\u1ef9 thu\u1eadt hi\u1ec7n \u0111\u1ea1i nh\u01b0 c\u1eaft g\u1ecdt \u0111\u00e3 n\u00e2ng cao hi\u1ec7u qu\u1ea3 s\u1ea3n xu\u1ea5t. Tuy nhi\u00ean, h\u00ecnh d\u1ea1ng ph\u1ee9c t\u1ea1p c\u1ee7a ch\u00fang \u0111\u1eb7t ra nh\u1eefng th\u00e1ch th\u1ee9c - \u0111\u1eb7c bi\u1ec7t l\u00e0 \u0111\u1ed1i v\u1edbi c\u00e1c v\u00e0nh m\u1ecfng h\u01a1n, c\u00f3 th\u1ec3 g\u1eb7p ph\u1ea3i c\u00e1c v\u1ea5n \u0111\u1ec1 v\u1ec1 t\u00ednh to\u00e0n v\u1eb9n c\u1ea5u tr\u00fac ho\u1eb7c \u1ee9ng su\u1ea5t t\u1eeb \u200b\u200b\u200b\u200bgia c\u00f4ng.<\/div>\n<h3>\u0110\u1eb7c \u0111i\u1ec3m k\u1ef9 thu\u1eadt<\/h3>\n<p>B\u00e1nh r\u0103ng v\u00e0nh trong c\u00f3 r\u0103ng \u1edf b\u1ec1 m\u1eb7t b\u00ean trong c\u1ee7a v\u00e0nh.<\/p>\n<table border=\"1\" width=\"881\" cellspacing=\"0\" cellpadding=\"0\">\n<tbody>\n<tr>\n<td height=\"39\">C\u00e1c s\u1ea3n ph\u1ea9m<\/td>\n<td>B\u00e1nh r\u0103ng v\u00e0nh trong<\/td>\n<\/tr>\n<tr>\n<td height=\"39\">L\u00e0m theo y\u00eau c\u1ea7u<\/td>\n<td>\u221a<\/td>\n<\/tr>\n<tr>\n<td height=\"39\">Lo\u1ea1i h\u1ed3 s\u01a1 b\u00e1nh r\u0103ng<\/td>\n<td>B\u00e1nh r\u0103ng v\u00e0nh tr\u1ee5<\/td>\n<\/tr>\n<tr>\n<td height=\"39\">S\u1ea3n xu\u1ea5t r\u0103ng b\u00e1nh r\u0103ng<\/td>\n<td>\u0110\u1ecbnh h\u00ecnh b\u00e1nh r\u0103ng<\/td>\n<\/tr>\n<tr>\n<td height=\"39\">M\u00e0i r\u0103ng b\u00e1nh r\u0103ng<\/td>\n<td>* N\u1ebfu c\u1ea7n<\/td>\n<\/tr>\n<tr>\n<td height=\"39\">M\u00f4-\u0111un (M)<\/td>\n<td>Phong t\u1ee5c<\/td>\n<\/tr>\n<tr>\n<td height=\"39\">S\u1ed1 l\u01b0\u1ee3ng r\u0103ng (Z)<\/td>\n<td>Phong t\u1ee5c<\/td>\n<\/tr>\n<tr>\n<td>G\u00f3c \u00e1p su\u1ea5t (\u03b1)<\/td>\n<td>Phong t\u1ee5c<\/td>\n<\/tr>\n<tr>\n<td height=\"31\">G\u00f3c xo\u1eafn \u1ed1c (\u03b2)<\/td>\n<td>Phong t\u1ee5c<\/td>\n<\/tr>\n<tr>\n<td height=\"23\">C\u1ea5p \u0111\u1ed9 ch\u00ednh x\u00e1c c\u1ee7a r\u0103ng<\/td>\n<td>C\u1ea5p \u0111\u1ed9 ISO 8-9<\/td>\n<\/tr>\n<tr>\n<td height=\"15\">X\u1eed l\u00fd nhi\u1ec7t<\/td>\n<td>L\u00e0m ngu\u1ed9i &amp; \u1ee6\/ L\u00e0m c\u1ee9ng c\u1ea3m \u1ee9ng<\/td>\n<\/tr>\n<tr>\n<td>\u0110\u1ed9 c\u1ee9ng<\/td>\n<td>230-260 HB<\/td>\n<\/tr>\n<\/tbody>\n<\/table>\n<p>&nbsp;<\/p>\n<table style=\"width: 99.1544%;\" border=\"1\" width=\"796\" cellspacing=\"0\" cellpadding=\"0\">\n<tbody>\n<tr>\n<td style=\"width: 116.377%;\" colspan=\"6\" height=\"36\">SO S\u00c1NH C\u1ea4P TH\u00c9P THEO M\u00c3 S\u1ed0 TH\u00c9P<\/td>\n<\/tr>\n<tr>\n<td style=\"width: 18.5139%;\" height=\"36\">TRUNG QU\u1ed0C\/V\u01af\u01a0NG QU\u1ed0C ANH<\/td>\n<td style=\"width: 18.136%;\">Ti\u00eau chu\u1ea9n ISO<\/td>\n<td style=\"width: 17.3804%;\">\u0413\u041f\u0421\u0422<\/td>\n<td style=\"width: 10.0756%;\">Ti\u00eau chu\u1ea9n ASTM<\/td>\n<td style=\"width: 16.4987%;\">Ti\u00eau chu\u1ea9n Nh\u1eadt B\u1ea3n (JIS)<\/td>\n<td style=\"width: 35.7722%;\">DIN<\/td>\n<\/tr>\n<tr>\n<td style=\"width: 18.5139%;\" height=\"36\">45<\/td>\n<td style=\"width: 18.136%;\">C45E4<\/td>\n<td style=\"width: 17.3804%;\">45<\/td>\n<td style=\"width: 10.0756%;\">1045<\/td>\n<td style=\"width: 16.4987%;\">S45C<\/td>\n<td style=\"width: 35.7722%;\">CK45<\/td>\n<\/tr>\n<tr>\n<td style=\"width: 18.5139%;\" height=\"36\">40Cr<\/td>\n<td style=\"width: 18.136%;\">41Cr4<\/td>\n<td style=\"width: 17.3804%;\">40X<\/td>\n<td style=\"width: 10.0756%;\">5140<\/td>\n<td style=\"width: 16.4987%;\">SCr440<\/td>\n<td style=\"width: 35.7722%;\">41Cr4<\/td>\n<\/tr>\n<tr>\n<td style=\"width: 18.5139%;\" height=\"36\">20CrMo<\/td>\n<td style=\"width: 18.136%;\">18CrMo4<\/td>\n<td style=\"width: 17.3804%;\">20\u0425\u041c<\/td>\n<td style=\"width: 10.0756%;\">4118<\/td>\n<td style=\"width: 16.4987%;\">SCM22<\/td>\n<td style=\"width: 35.7722%;\">25CrMo4<\/td>\n<\/tr>\n<tr>\n<td style=\"width: 18.5139%;\" height=\"36\">42CrMo<\/td>\n<td style=\"width: 18.136%;\">42CrMo4<\/td>\n<td style=\"width: 17.3804%;\">38XM<\/td>\n<td style=\"width: 10.0756%;\">4140<\/td>\n<td style=\"width: 16.4987%;\">SCM440<\/td>\n<td style=\"width: 35.7722%;\">42CrMo4<\/td>\n<\/tr>\n<tr>\n<td style=\"width: 18.5139%;\" height=\"36\">20CrMnTi<\/td>\n<td style=\"width: 18.136%;\"><\/td>\n<td style=\"width: 17.3804%;\">18X\u0413T<\/td>\n<td style=\"width: 10.0756%;\"><\/td>\n<td style=\"width: 16.4987%;\">SMK22<\/td>\n<td style=\"width: 35.7722%;\"><\/td>\n<\/tr>\n<tr>\n<td style=\"width: 18.5139%;\" height=\"36\">20Cr2Ni4<\/td>\n<td style=\"width: 18.136%;\"><\/td>\n<td style=\"width: 17.3804%;\">20X2H4A<\/td>\n<td style=\"width: 10.0756%;\"><\/td>\n<td style=\"width: 16.4987%;\"><\/td>\n<td style=\"width: 35.7722%;\"><\/td>\n<\/tr>\n<tr>\n<td style=\"width: 18.5139%;\" height=\"36\">20CrNiMo<\/td>\n<td style=\"width: 18.136%;\">20CrNiMo2<\/td>\n<td style=\"width: 17.3804%;\">20XHM<\/td>\n<td style=\"width: 10.0756%;\">8720<\/td>\n<td style=\"width: 16.4987%;\">SNCM220<\/td>\n<td style=\"width: 35.7722%;\">21NiCrMo2<\/td>\n<\/tr>\n<tr>\n<td style=\"width: 18.5139%;\" height=\"36\">40CrNiMoA<\/td>\n<td style=\"width: 18.136%;\"><\/td>\n<td style=\"width: 17.3804%;\">40XH2MA\/<br \/>\n40XHMA<\/td>\n<td style=\"width: 10.0756%;\">4340<\/td>\n<td style=\"width: 16.4987%;\">SNCM439<\/td>\n<td style=\"width: 35.7722%;\">40NiCrMo6\/<br \/>\n36NiCrMo4<\/td>\n<\/tr>\n<tr>\n<td style=\"width: 18.5139%;\" height=\"36\">20CrNi2Mo<\/td>\n<td style=\"width: 18.136%;\">20NiCrMo7<\/td>\n<td style=\"width: 17.3804%;\">20XH2MA<\/td>\n<td style=\"width: 10.0756%;\">4320<\/td>\n<td style=\"width: 16.4987%;\">SNCM420<\/td>\n<td style=\"width: 35.7722%;\"><\/td>\n<\/tr>\n<\/tbody>\n<\/table>\n<p><img loading=\"lazy\" decoding=\"async\" class=\"alignnone size-full wp-image-7899\" src=\"https:\/\/fmp-components.com\/wp-content\/uploads\/2025\/04\/internal-ring-gear-product-image.webp\" alt=\"h\u00ecnh \u1ea3nh s\u1ea3n ph\u1ea9m b\u00e1nh r\u0103ng v\u00e0nh trong\" width=\"2000\" height=\"1400\" title=\"\" srcset=\"https:\/\/fmp-components.com\/wp-content\/uploads\/2025\/04\/internal-ring-gear-product-image.webp 2000w, https:\/\/fmp-components.com\/wp-content\/uploads\/2025\/04\/internal-ring-gear-product-image-1280x896.webp 1280w, https:\/\/fmp-components.com\/wp-content\/uploads\/2025\/04\/internal-ring-gear-product-image-980x686.webp 980w, https:\/\/fmp-components.com\/wp-content\/uploads\/2025\/04\/internal-ring-gear-product-image-480x336.webp 480w\" sizes=\"(min-width: 0px) and (max-width: 480px) 480px, (min-width: 481px) and (max-width: 980px) 980px, (min-width: 981px) and (max-width: 1280px) 1280px, (min-width: 1281px) 2000px, 100vw\" \/><\/p>\n<h2>Th\u00f4ng tin chi ti\u1ebft v\u1ec1 thi\u1ebft k\u1ebf v\u00e0 \u1ee9ng d\u1ee5ng<\/h2>\n<div>Hi\u1ec7u su\u1ea5t c\u1ee7a b\u00e1nh r\u0103ng v\u00e0nh trong ph\u1ee5 thu\u1ed9c v\u00e0o c\u00e1c th\u00f4ng s\u1ed1 ch\u00ednh nh\u01b0 \u0111\u01b0\u1eddng k\u00ednh ngo\u00e0i, \u0111\u1ed9 d\u00e0y v\u00e0 bi\u00ean d\u1ea1ng r\u0103ng. \u0110\u01b0\u1eddng k\u00ednh ngo\u00e0i \u0111\u1ee7 l\u1edbn \u0111\u1ea3m b\u1ea3o \u0111\u1ed9 \u1ed5n \u0111\u1ecbnh c\u1ee7a c\u1ea5u tr\u00fac, trong khi \u0111\u1ed9 d\u00e0y ph\u00f9 h\u1ee3p gi\u00fap ng\u0103n ng\u1eeba \u1ee9ng su\u1ea5t qu\u00e1 m\u1ee9c trong qu\u00e1 tr\u00ecnh v\u1eadn h\u00e0nh. C\u00e1c b\u00e1nh r\u0103ng n\u00e0y c\u00f3 th\u1ec3 \u0111\u01b0\u1ee3c ch\u1ebf t\u1ea1o t\u1eeb c\u00e1c v\u1eadt li\u1ec7u nh\u01b0 th\u00e9p, \u0111\u1ed3ng thau, \u0111\u1ed3ng \u0111\u1ecf ho\u1eb7c nh\u1ef1a, v\u1edbi qu\u00e1 tr\u00ecnh t\u00f4i luy\u1ec7n \u0111\u01b0\u1ee3c \u00e1p d\u1ee5ng d\u1ef1a tr\u00ean nhu c\u1ea7u v\u1ec1 \u0111\u1ed9 b\u1ec1n v\u00e0 \u0111\u1ed9 c\u1ee9ng. Khi k\u1ebft h\u1ee3p v\u1edbi b\u00e1nh r\u0103ng tr\u1ee5 ho\u1eb7c b\u00e1nh r\u0103ng nh\u1ecf, kh\u1ea3 n\u0103ng t\u01b0\u01a1ng th\u00edch v\u1ec1 b\u01b0\u1edbc r\u0103ng, g\u00f3c \u00e1p su\u1ea5t v\u00e0 g\u00f3c xo\u1eafn \u1ed1c (\u0111\u1ed1i v\u1edbi b\u00e1nh r\u0103ng xo\u1eafn \u1ed1c) l\u00e0 r\u1ea5t quan tr\u1ecdng, c\u00f9ng v\u1edbi vi\u1ec7c ki\u1ec3m tra c\u00e1c nhi\u1ec5u lo\u1ea1n h\u00ecnh xo\u1eafn \u1ed1c, h\u00ecnh trochoid v\u00e0 c\u1eaft g\u1ecdt \u0111\u1ec3 \u0111\u1ea3m b\u1ea3o ch\u1ee9c n\u0103ng ho\u00e0n h\u1ea3o. B\u00e1nh r\u0103ng trong n\u1ed5i b\u1eadt trong c\u00e1c b\u1ed9 truy\u1ec1n \u0111\u1ed9ng b\u00e1nh r\u0103ng h\u00e0nh tinh, cung c\u1ea5p c\u00e1c t\u1ef7 s\u1ed1 truy\u1ec1n t\u1ed1c \u0111\u1ed9 v\u00e0 h\u01b0\u1edbng quay \u0111a d\u1ea1ng t\u00f9y thu\u1ed9c v\u00e0o c\u1ea5u h\u00ecnh, khi\u1ebfn ch\u00fang tr\u1edf th\u00e0nh l\u1ef1a ch\u1ecdn linh ho\u1ea1t trong nhi\u1ec1u ng\u00e0nh c\u00f4ng nghi\u1ec7p.<\/div>\n<div><img loading=\"lazy\" decoding=\"async\" class=\"size-full wp-image-7913 aligncenter\" src=\"https:\/\/fmp-components.com\/wp-content\/uploads\/2025\/04\/internal_spur_ring_gear.webp\" alt=\"b\u00e1nh r\u0103ng truy\u1ec1n \u0111\u1ed9ng b\u00ean trong\" width=\"1024\" height=\"764\" title=\"\" srcset=\"https:\/\/fmp-components.com\/wp-content\/uploads\/2025\/04\/internal_spur_ring_gear.webp 1024w, https:\/\/fmp-components.com\/wp-content\/uploads\/2025\/04\/internal_spur_ring_gear-980x731.webp 980w, https:\/\/fmp-components.com\/wp-content\/uploads\/2025\/04\/internal_spur_ring_gear-480x358.webp 480w\" sizes=\"(min-width: 0px) and (max-width: 480px) 480px, (min-width: 481px) and (max-width: 980px) 980px, (min-width: 981px) 1024px, 100vw\" \/><\/div>\n<div>\n<h2>FMP: \u0110\u1ed1i t\u00e1c \u0111\u00e1ng tin c\u1eady c\u1ee7a b\u1ea1n t\u1ea1i \u00dd<\/h2>\n<p>T\u1ea1i FMP, ch\u00fang t\u00f4i t\u1ef1 h\u00e0o s\u1ea3n xu\u1ea5t \u0111a d\u1ea1ng c\u00e1c lo\u1ea1i b\u00e1nh r\u0103ng v\u00e0nh trong \u0111\u1ec3 \u0111\u00e1p \u1ee9ng nhu c\u1ea7u c\u00f4ng nghi\u1ec7p tr\u00ean kh\u1eafp n\u01b0\u1edbc \u00dd, t\u1eeb c\u00e1c trung t\u00e2m s\u1ea3n xu\u1ea5t ph\u00e1t tri\u1ec3n m\u1ea1nh m\u1ebd c\u1ee7a Milan \u0111\u1ebfn c\u00e1c trung t\u00e2m c\u01a1 kh\u00ed ch\u00ednh x\u00e1c c\u1ee7a Venice, c\u00e1c x\u01b0\u1edfng th\u1ee7 c\u00f4ng m\u1ef9 ngh\u1ec7 c\u1ee7a Florence v\u00e0 ng\u00e0nh c\u00f4ng nghi\u1ec7p \u00f4 t\u00f4 c\u1ee7a Bologna. D\u00f2ng s\u1ea3n ph\u1ea9m c\u1ee7a ch\u00fang t\u00f4i bao g\u1ed3m c\u00e1c b\u00e1nh r\u0103ng v\u00e0nh trong ti\u00eau chu\u1ea9n v\u1edbi nhi\u1ec1u k\u00edch c\u1ee1 v\u00e0 th\u00f4ng s\u1ed1 k\u1ef9 thu\u1eadt kh\u00e1c nhau, nh\u01b0ng th\u1ebf m\u1ea1nh c\u1ee7a ch\u00fang t\u00f4i n\u1eb1m \u1edf kh\u1ea3 n\u0103ng t\u00f9y ch\u1ec9nh - cung c\u1ea5p c\u00e1c gi\u1ea3i ph\u00e1p ph\u00f9 h\u1ee3p v\u1edbi nhu c\u1ea7u ch\u00ednh x\u00e1c c\u1ee7a b\u1ea1n. N\u1ebfu b\u1ea1n kh\u00f4ng th\u1ea5y m\u1eabu s\u1ea3n ph\u1ea9m mong mu\u1ed1n trong danh s\u00e1ch s\u1ea3n ph\u1ea9m c\u1ee7a ch\u00fang t\u00f4i, \u0111i\u1ec1u \u0111\u00f3 c\u00f3 ngh\u0129a l\u00e0 ch\u00fang t\u00f4i ch\u01b0a c\u00f3 s\u1ea3n ph\u1ea9m \u0111\u00f3. H\u00e3y li\u00ean h\u1ec7 qua email v\u1edbi th\u00f4ng s\u1ed1 k\u1ef9 thu\u1eadt c\u1ee7a b\u1ea1n v\u00e0 c\u00e1c k\u1ef9 s\u01b0 l\u00e0nh ngh\u1ec1 c\u1ee7a ch\u00fang t\u00f4i s\u1ebd ph\u1ea3n h\u1ed3i trong v\u00f2ng 24 gi\u1edd v\u1edbi m\u1ed9t gi\u1ea3i ph\u00e1p ph\u00f9 h\u1ee3p.<\/p>\n<p><img loading=\"lazy\" decoding=\"async\" class=\"size-full wp-image-7914 aligncenter\" src=\"https:\/\/fmp-components.com\/wp-content\/uploads\/2025\/04\/fmp-ring-gear-product.webp\" alt=\"s\u1ea3n ph\u1ea9m b\u00e1nh r\u0103ng v\u00e0nh fmp\" width=\"1040\" height=\"502\" title=\"\" srcset=\"https:\/\/fmp-components.com\/wp-content\/uploads\/2025\/04\/fmp-ring-gear-product.webp 1040w, https:\/\/fmp-components.com\/wp-content\/uploads\/2025\/04\/fmp-ring-gear-product-980x473.webp 980w, https:\/\/fmp-components.com\/wp-content\/uploads\/2025\/04\/fmp-ring-gear-product-480x232.webp 480w\" sizes=\"(min-width: 0px) and (max-width: 480px) 480px, (min-width: 481px) and (max-width: 980px) 980px, (min-width: 981px) 1040px, 100vw\" \/><\/p>\n<\/div>","protected":false},"excerpt":{"rendered":"<p>Understanding Internal Ring Gears Internal ring gears are essential components in mechanical systems designed to reduce speed and increase torque in inline shaft applications. Unlike external gears, these cylindrical gears feature teeth cut into the inside diameter, allowing them to mesh seamlessly with spur gears or pinions. This design enables the driving pinion to rotate [&hellip;]<\/p>","protected":false},"featured_media":7911,"comment_status":"open","ping_status":"closed","template":"","meta":{"_et_pb_use_builder":"","_et_pb_old_content":"","_et_gb_content_width":""},"product_brand":[],"product_cat":[114],"product_tag":[],"class_list":{"0":"post-7898","1":"product","2":"type-product","3":"status-publish","4":"has-post-thumbnail","6":"product_cat-ring-gear","8":"first","9":"instock","10":"shipping-taxable","11":"product-type-simple"},"_links":{"self":[{"href":"https:\/\/fmp-components.com\/vi\/wp-json\/wp\/v2\/product\/7898","targetHints":{"allow":["GET"]}}],"collection":[{"href":"https:\/\/fmp-components.com\/vi\/wp-json\/wp\/v2\/product"}],"about":[{"href":"https:\/\/fmp-components.com\/vi\/wp-json\/wp\/v2\/types\/product"}],"replies":[{"embeddable":true,"href":"https:\/\/fmp-components.com\/vi\/wp-json\/wp\/v2\/comments?post=7898"}],"wp:featuredmedia":[{"embeddable":true,"href":"https:\/\/fmp-components.com\/vi\/wp-json\/wp\/v2\/media\/7911"}],"wp:attachment":[{"href":"https:\/\/fmp-components.com\/vi\/wp-json\/wp\/v2\/media?parent=7898"}],"wp:term":[{"taxonomy":"product_brand","embeddable":true,"href":"https:\/\/fmp-components.com\/vi\/wp-json\/wp\/v2\/product_brand?post=7898"},{"taxonomy":"product_cat","embeddable":true,"href":"https:\/\/fmp-components.com\/vi\/wp-json\/wp\/v2\/product_cat?post=7898"},{"taxonomy":"product_tag","embeddable":true,"href":"https:\/\/fmp-components.com\/vi\/wp-json\/wp\/v2\/product_tag?post=7898"}],"curies":[{"name":"wp","href":"https:\/\/api.w.org\/{rel}","templated":true}]}}