{"id":7838,"date":"2025-04-08T07:55:24","date_gmt":"2025-04-08T07:55:24","guid":{"rendered":"https:\/\/fmp-components.com\/?post_type=product&#038;p=7838"},"modified":"2025-04-08T07:55:24","modified_gmt":"2025-04-08T07:55:24","slug":"performance-differential-ring-and-pinion-gears10-bolt-fmp-g885273","status":"publish","type":"product","link":"https:\/\/fmp-components.com\/vi\/product\/performance-differential-ring-and-pinion-gears10-bolt-fmp-g885273\/","title":{"rendered":"B\u00e1nh r\u0103ng v\u00e0nh v\u00e0 b\u00e1nh r\u0103ng vi sai hi\u1ec7u su\u1ea5t (10 bu l\u00f4ng) FMP-G885273"},"content":{"rendered":"<h2>\u0110\u1eb7c \u0111i\u1ec3m k\u1ef9 thu\u1eadt<\/h2>\n<table style=\"width: 100%;\" border=\"1\" width=\"100%\" cellspacing=\"0\" cellpadding=\"0\">\n<thead>\n<tr>\n<th><strong>\u0110\u1eb7c \u0111i\u1ec3m k\u1ef9 thu\u1eadt<\/strong><\/th>\n<th><strong>Gi\u00e1 tr\u1ecb<\/strong><\/th>\n<\/tr>\n<\/thead>\n<tbody>\n<tr>\n<td>M\u00f4 h\u00ecnh \u1ee9ng d\u1ee5ng<\/td>\n<td>T\u1ed5ng s\u1ed1 8,5, T\u1ed5ng s\u1ed1 8,625<\/td>\n<\/tr>\n<tr>\n<td>S\u1ed1 l\u01b0\u1ee3ng bu l\u00f4ng n\u1eafp<\/td>\n<td>10<\/td>\n<\/tr>\n<tr>\n<td>Ph\u00e1 v\u1ee1 s\u00f3ng mang vi sai<\/td>\n<td>T\u1ef7 l\u1ec7 2,73 tr\u1edf l\u00ean<\/td>\n<\/tr>\n<tr>\n<td>Ki\u1ec3u thi\u1ebft k\u1ebf v\u1ecf vi sai<\/td>\n<td>T\u1ed5ng s\u1ed1 8,5, T\u1ed5ng s\u1ed1 8,625<\/td>\n<\/tr>\n<tr>\n<td>T\u1ef7 s\u1ed1 truy\u1ec1n<\/td>\n<td>2.73<\/td>\n<\/tr>\n<tr>\n<td>S\u1ed1 l\u01b0\u1ee3ng r\u0103ng b\u00e1nh r\u0103ng Pinion<\/td>\n<td>15<\/td>\n<\/tr>\n<tr>\n<td>\u0110\u01b0\u1eddng k\u00ednh tr\u1ee5c b\u00e1nh r\u0103ng<\/td>\n<td>1,626 (Inch)<\/td>\n<\/tr>\n<tr>\n<td>S\u1ed1 l\u01b0\u1ee3ng r\u00e3nh r\u0103ng Pinion<\/td>\n<td>30<\/td>\n<\/tr>\n<tr>\n<td>S\u1ed1 l\u01b0\u1ee3ng bu l\u00f4ng b\u00e1nh r\u0103ng v\u00e0nh<\/td>\n<td>10<\/td>\n<\/tr>\n<tr>\n<td>V\u1eadt li\u1ec7u b\u00e1nh r\u0103ng v\u00e0nh<\/td>\n<td>Th\u00e9p 8620<\/td>\n<\/tr>\n<tr>\n<td>\u0110\u01b0\u1eddng k\u00ednh ngo\u00e0i c\u1ee7a b\u00e1nh r\u0103ng v\u00e0nh<\/td>\n<td>8,5 (Inch)<\/td>\n<\/tr>\n<tr>\n<td>V\u00f2ng quay b\u00e1nh r\u0103ng<\/td>\n<td>Ti\u00eau chu\u1ea9n<\/td>\n<\/tr>\n<tr>\n<td>S\u1ed1 l\u01b0\u1ee3ng r\u0103ng b\u00e1nh r\u0103ng v\u00e0nh<\/td>\n<td>41<\/td>\n<\/tr>\n<tr>\n<td>Ph\u00e2n lo\u1ea1i A<\/td>\n<td>LD ch\u00eanh l\u1ec7ch<\/td>\n<\/tr>\n<tr>\n<td>Ph\u00e2n lo\u1ea1i B<\/td>\n<td>V\u00f2ng v\u00e0 b\u00e1nh r\u0103ng<\/td>\n<\/tr>\n<tr>\n<td>Ph\u00e2n lo\u1ea1i C<\/td>\n<td>Ph\u00eda tr\u01b0\u1edbc, Ph\u00eda sau<\/td>\n<\/tr>\n<tr>\n<td>Ph\u00e2n lo\u1ea1i D<\/td>\n<td>2.73<\/td>\n<\/tr>\n<\/tbody>\n<\/table>\n<div><\/div>\n<div class=\"Message_messageMetadataContainer__nBPq7\">\n<p dir=\"auto\"><img loading=\"lazy\" decoding=\"async\" class=\"size-full wp-image-7840 aligncenter\" src=\"https:\/\/fmp-components.com\/wp-content\/uploads\/2025\/04\/Performance-Differential-Ring-and-Pinion-Gears10-Bolt-FMP-G885273-5.webp\" alt=\"B\u00e1nh r\u0103ng v\u00e0nh v\u00e0 b\u00e1nh r\u0103ng vi sai hi\u1ec7u su\u1ea5t (10 bu l\u00f4ng) FMP-G885273\" width=\"1500\" height=\"500\" title=\"\" srcset=\"https:\/\/fmp-components.com\/wp-content\/uploads\/2025\/04\/Performance-Differential-Ring-and-Pinion-Gears10-Bolt-FMP-G885273-5.webp 1500w, https:\/\/fmp-components.com\/wp-content\/uploads\/2025\/04\/Performance-Differential-Ring-and-Pinion-Gears10-Bolt-FMP-G885273-5-1280x427.webp 1280w, https:\/\/fmp-components.com\/wp-content\/uploads\/2025\/04\/Performance-Differential-Ring-and-Pinion-Gears10-Bolt-FMP-G885273-5-980x327.webp 980w, https:\/\/fmp-components.com\/wp-content\/uploads\/2025\/04\/Performance-Differential-Ring-and-Pinion-Gears10-Bolt-FMP-G885273-5-480x160.webp 480w\" sizes=\"(min-width: 0px) and (max-width: 480px) 480px, (min-width: 481px) and (max-width: 980px) 980px, (min-width: 981px) and (max-width: 1280px) 1280px, (min-width: 1281px) 1500px, 100vw\" \/><\/p>\n<h3 class=\"\" dir=\"auto\">FMP: Gi\u1ea3i ph\u00e1p b\u00e1nh r\u0103ng v\u00e0nh v\u00e0 b\u00e1nh r\u0103ng cao c\u1ea5p<\/h3>\n<p class=\"break-words\" dir=\"auto\">T\u1ea1i FMP, ch\u00fang t\u00f4i t\u1ef1 h\u00e0o s\u1ea3n xu\u1ea5t b\u1ed9 b\u00e1nh r\u0103ng v\u00e0nh v\u00e0 b\u00e1nh r\u0103ng pignon h\u00e0ng \u0111\u1ea7u \u0111\u01b0\u1ee3c thi\u1ebft k\u1ebf t\u01b0\u01a1ng th\u00edch v\u1edbi b\u1ed9 vi sai Ford 10,5 inch, mang l\u1ea1i hi\u1ec7u su\u1ea5t v\u01b0\u1ee3t tr\u1ed9i cho ng\u01b0\u1eddi l\u00e1i tr\u00ean nhi\u1ec1u \u0111\u1ecba h\u00ecnh kh\u00e1c nhau. D\u00f9 b\u1ea1n \u0111ang chinh ph\u1ee5c nh\u1eefng cung \u0111\u01b0\u1eddng \u0111\u1ecba h\u00ecnh g\u1ed3 gh\u1ec1 hay l\u01b0\u1edbt nh\u1eb9 nh\u00e0ng tr\u00ean \u0111\u01b0\u1eddng cao t\u1ed1c, b\u1ed9 b\u00e1nh r\u0103ng cao c\u1ea5p c\u1ee7a ch\u00fang t\u00f4i \u0111\u1ec1u \u0111\u01b0\u1ee3c thi\u1ebft k\u1ebf \u0111\u1ec3 n\u00e2ng t\u1ea7m tr\u1ea3i nghi\u1ec7m l\u00e1i xe c\u1ee7a b\u1ea1n. V\u1edbi h\u01a1n 40 n\u0103m kinh nghi\u1ec7m, FMP cam k\u1ebft cung c\u1ea5p c\u00e1c linh ki\u1ec7n ch\u1ea5t l\u01b0\u1ee3ng cao, n\u00e2ng cao kh\u1ea3 n\u0103ng v\u1eadn h\u00e0nh c\u1ee7a xe, \u0111\u1ea3m b\u1ea3o b\u1ea1n t\u1eadn h\u01b0\u1edfng c\u1ea3 s\u1ee9c m\u1ea1nh v\u00e0 \u0111\u1ed9 ch\u00ednh x\u00e1c sau tay l\u00e1i.<\/p>\n<p class=\"break-words\" dir=\"auto\">B\u1ed9 b\u00e1nh r\u0103ng v\u00e0nh v\u00e0 b\u00e1nh r\u0103ng c\u1ee7a ch\u00fang t\u00f4i mang \u0111\u1ebfn m\u1ed9t lo\u1ea1t l\u1ee3i \u00edch ch\u00ednh ph\u00f9 h\u1ee3p v\u1edbi nhu c\u1ea7u c\u1ee7a b\u1ea1n. \u0110\u01b0\u1ee3c ch\u1ebf t\u1ea1o t\u1eeb th\u00e9p cao c\u1ea5p, tr\u1ea3i qua quy tr\u00ecnh c\u1eaft v\u00e0 x\u1eed l\u00fd nhi\u1ec7t ch\u00ednh x\u00e1c ti\u00ean ti\u1ebfn, b\u1ed9 b\u00e1nh r\u0103ng n\u00e0y mang l\u1ea1i \u0111\u1ed9 b\u1ec1n v\u00e0 s\u1ee9c m\u1ea1nh v\u01b0\u1ee3t tr\u1ed9i, \u0111\u00e1p \u1ee9ng ho\u1eb7c v\u01b0\u1ee3t qua c\u00e1c ti\u00eau chu\u1ea9n thi\u1ebft b\u1ecb g\u1ed1c. \u0110i\u1ec1u n\u00e0y \u0111\u1ea3m b\u1ea3o hi\u1ec7u su\u1ea5t \u0111\u00e1ng tin c\u1eady trong \u0111i\u1ec1u ki\u1ec7n l\u00e1i xe h\u00e0ng ng\u00e0y ho\u1eb7c nh\u1eefng th\u1eed th\u00e1ch \u0111\u1ecba h\u00ecnh kh\u1eafc nghi\u1ec7t. T\u1ef7 s\u1ed1 truy\u1ec1n \u0111\u01b0\u1ee3c t\u1ed1i \u01b0u h\u00f3a gi\u00fap c\u1ea3i thi\u1ec7n kh\u1ea3 n\u0103ng ph\u00e2n ph\u1ed1i m\u00f4-men xo\u1eafn, mang l\u1ea1i l\u1ef1c k\u00e9o, hi\u1ec7u qu\u1ea3 k\u00e9o v\u00e0 kh\u1ea3 n\u0103ng ki\u1ec3m so\u00e1t t\u1ed1t h\u01a1n, \u0111\u1ed3ng th\u1eddi t\u0103ng hi\u1ec7u su\u1ea5t nhi\u00ean li\u1ec7u \u1edf t\u1ed1c \u0111\u1ed9 \u0111\u01b0\u1eddng cao t\u1ed1c b\u1eb1ng c\u00e1ch duy tr\u00ec v\u00f2ng tua m\u00e1y l\u00fd t\u01b0\u1edfng. H\u01a1n n\u1eefa, b\u1ed9 b\u00e1nh r\u0103ng c\u1ee7a ch\u00fang t\u00f4i \u0111\u01b0\u1ee3c thi\u1ebft k\u1ebf \u0111\u1ec3 l\u1eafp \u0111\u1eb7t d\u1ec5 d\u00e0ng v\u00e0 v\u1eadn h\u00e0nh \u00eam \u00e1i, lo\u1ea1i b\u1ecf ti\u1ebfng \u1ed3n kh\u00f4ng mong mu\u1ed1n, mang l\u1ea1i c\u1ea3m gi\u00e1c l\u00e1i tho\u1ea3i m\u00e1i.<\/p>\n<p class=\"break-words\" dir=\"auto\">FMP t\u1ef1 tin b\u1ea3o h\u00e0nh m\u1ecdi s\u1ea3n ph\u1ea9m v\u1edbi ch\u1ebf \u0111\u1ed9 b\u1ea3o h\u00e0nh 2 n\u0103m \u0111\u1ed1i v\u1edbi c\u00e1c l\u1ed7i s\u1ea3n xu\u1ea5t. B\u1ed9 b\u00e1nh r\u0103ng v\u00e0nh v\u00e0 b\u00e1nh r\u0103ng tr\u1ee5 c\u1ee7a ch\u00fang t\u00f4i \u0111\u01b0\u1ee3c ki\u1ec3m tra k\u1ef9 l\u01b0\u1ee1ng cho c\u00e1c \u1ee9ng d\u1ee5ng \u0111\u01b0\u1eddng ph\u1ed1, \u0111\u1ecba h\u00ecnh v\u00e0 th\u1eadm ch\u00ed c\u1ea3 \u0111ua xe, khi\u1ebfn ch\u00fang tr\u1edf th\u00e0nh l\u1ef1a ch\u1ecdn \u0111\u00e1ng tin c\u1eady cho c\u1ea3 ng\u01b0\u1eddi \u0111am m\u00ea v\u00e0 chuy\u00ean gia. N\u00e2ng c\u1ea5p v\u1edbi FMP kh\u00f4ng ch\u1ec9 l\u00e0 m\u1ed9t s\u1ef1 c\u1ea3i ti\u1ebfn\u2014m\u00e0 c\u00f2n l\u00e0 m\u1ed9t kho\u1ea3n \u0111\u1ea7u t\u01b0 cho hi\u1ec7u su\u1ea5t, hi\u1ec7u qu\u1ea3 v\u00e0 \u0111\u1ed9 tin c\u1eady l\u00e2u d\u00e0i. \u0110\u1ec3 c\u00f3 gi\u1ea3i ph\u00e1p t\u00f9y ch\u1ec9nh ho\u1eb7c y\u00eau c\u1ea7u c\u1ee5 th\u1ec3, h\u00e3y li\u00ean h\u1ec7 v\u1edbi ch\u00fang t\u00f4i, v\u00e0 \u0111\u1ed9i ng\u0169 t\u1eadn t\u00e2m c\u1ee7a ch\u00fang t\u00f4i s\u1ebd \u0111\u1ea3m b\u1ea3o b\u1ea1n c\u00f3 \u0111\u01b0\u1ee3c b\u1ed9 b\u00e1nh r\u0103ng ho\u00e0n h\u1ea3o cho xe c\u1ee7a m\u00ecnh.<\/p>\n<\/div>","protected":false},"excerpt":{"rendered":"<p>Specification Specification Value App Model GM 8.5, GM 8.625 Cover Bolt Quantity 10 Differential Carrier Break 2.73 Ratio and Higher Differential Case Design Type GM 8.5, GM 8.625 Gear Ratio 2.73 Pinion Gear Tooth Quantity 15 Pinion Shaft Diameter 1.626 (Inch) Pinion Spline Count 30 Ring Gear Bolt Quantity 10 Ring Gear Material 8620 Steel [&hellip;]<\/p>","protected":false},"featured_media":7839,"comment_status":"open","ping_status":"closed","template":"","meta":{"_et_pb_use_builder":"","_et_pb_old_content":"","_et_gb_content_width":""},"product_brand":[],"product_cat":[115],"product_tag":[],"class_list":{"0":"post-7838","1":"product","2":"type-product","3":"status-publish","4":"has-post-thumbnail","6":"product_cat-ring-and-pinion-gears","8":"first","9":"instock","10":"shipping-taxable","11":"product-type-simple"},"_links":{"self":[{"href":"https:\/\/fmp-components.com\/vi\/wp-json\/wp\/v2\/product\/7838","targetHints":{"allow":["GET"]}}],"collection":[{"href":"https:\/\/fmp-components.com\/vi\/wp-json\/wp\/v2\/product"}],"about":[{"href":"https:\/\/fmp-components.com\/vi\/wp-json\/wp\/v2\/types\/product"}],"replies":[{"embeddable":true,"href":"https:\/\/fmp-components.com\/vi\/wp-json\/wp\/v2\/comments?post=7838"}],"wp:featuredmedia":[{"embeddable":true,"href":"https:\/\/fmp-components.com\/vi\/wp-json\/wp\/v2\/media\/7839"}],"wp:attachment":[{"href":"https:\/\/fmp-components.com\/vi\/wp-json\/wp\/v2\/media?parent=7838"}],"wp:term":[{"taxonomy":"product_brand","embeddable":true,"href":"https:\/\/fmp-components.com\/vi\/wp-json\/wp\/v2\/product_brand?post=7838"},{"taxonomy":"product_cat","embeddable":true,"href":"https:\/\/fmp-components.com\/vi\/wp-json\/wp\/v2\/product_cat?post=7838"},{"taxonomy":"product_tag","embeddable":true,"href":"https:\/\/fmp-components.com\/vi\/wp-json\/wp\/v2\/product_tag?post=7838"}],"curies":[{"name":"wp","href":"https:\/\/api.w.org\/{rel}","templated":true}]}}