{"id":7805,"date":"2025-04-08T05:32:24","date_gmt":"2025-04-08T05:32:24","guid":{"rendered":"https:\/\/fmp-components.com\/?post_type=product&#038;p=7805"},"modified":"2025-04-08T05:32:24","modified_gmt":"2025-04-08T05:32:24","slug":"ring-and-pinion-gears","status":"publish","type":"product","link":"https:\/\/fmp-components.com\/vi\/product\/ring-and-pinion-gears\/","title":{"rendered":"B\u00e1nh r\u0103ng v\u00e0nh v\u00e0 b\u00e1nh r\u0103ng tr\u1ee5"},"content":{"rendered":"<div>\n<h3 class=\"\" dir=\"auto\">Hi\u1ec3u v\u1ec1 b\u00e1nh r\u0103ng v\u00e0nh v\u00e0 b\u00e1nh r\u0103ng pinion: Cung c\u1ea5p n\u0103ng l\u01b0\u1ee3ng cho xe c\u1ee7a b\u1ea1n<\/h3>\n<p class=\"break-words\" dir=\"auto\">B\u00e1nh r\u0103ng v\u00e0nh v\u00e0 b\u00e1nh r\u0103ng nh\u1ecf l\u00e0 nh\u1eefng b\u1ed9 ph\u1eadn thi\u1ebft y\u1ebfu trong h\u1ec7 th\u1ed1ng truy\u1ec1n \u0111\u1ed9ng c\u1ee7a xe, \u0111\u1eb7c bi\u1ec7t l\u00e0 trong h\u1ec7 th\u1ed1ng vi sai. C\u00e1c b\u00e1nh r\u0103ng hypoid n\u00e0y truy\u1ec1n m\u00f4-men xo\u1eafn hi\u1ec7u qu\u1ea3 t\u1eeb \u0111\u1ed9ng c\u01a1 \u0111\u1ebfn c\u00e1c b\u00e1nh xe b\u1eb1ng c\u00e1ch chuy\u1ec3n h\u01b0\u1edbng quay 90 \u0111\u1ed9 c\u1ee7a tr\u1ee5c truy\u1ec1n \u0111\u1ed9ng \u0111\u1ebfn tr\u1ee5c c\u1ea7u. \u0110\u01b0\u1ee3c bi\u1ebft \u0111\u1ebfn v\u1edbi \u0111\u1ed9 b\u1ec1n, v\u1eadn h\u00e0nh \u00eam \u00e1i v\u00e0 kh\u1ea3 n\u0103ng x\u1eed l\u00fd t\u1ef7 s\u1ed1 truy\u1ec1n cao, b\u00e1nh r\u0103ng v\u00e0nh v\u00e0 b\u00e1nh r\u0103ng nh\u1ecf v\u01b0\u1ee3t tr\u1ed9i h\u01a1n c\u00e1c ph\u01b0\u01a1ng ph\u00e1p thay th\u1ebf, khi\u1ebfn ch\u00fang tr\u1edf th\u00e0nh l\u1ef1a ch\u1ecdn h\u00e0ng \u0111\u1ea7u trong ng\u00e0nh c\u00f4ng nghi\u1ec7p \u00f4 t\u00f4. Cho d\u00f9 b\u1ea1n \u0111ang l\u00e1i xe tr\u00ean nh\u1eefng con ph\u1ed1 nh\u1ed9n nh\u1ecbp c\u1ee7a Milan hay nh\u1eefng cung \u0111\u01b0\u1eddng tuy\u1ec7t \u0111\u1eb9p c\u1ee7a Venice, nh\u1eefng b\u00e1nh r\u0103ng n\u00e0y \u0111\u1ea3m b\u1ea3o truy\u1ec1n l\u1ef1c m\u01b0\u1ee3t m\u00e0, l\u00e0m ch\u1eadm v\u00f2ng quay c\u1ee7a h\u1ed9p s\u1ed1 xu\u1ed1ng t\u1ed1c \u0111\u1ed9 tr\u1ee5c d\u1ec5 ki\u1ec3m so\u00e1t \u0111\u1ed3ng th\u1eddi t\u0103ng m\u00f4-men xo\u1eafn \u0111\u1ec3 \u0111\u1ea1t hi\u1ec7u su\u1ea5t t\u1ed1i \u01b0u.<\/p>\n<h3 class=\"\" dir=\"auto\">C\u00e1c lo\u1ea1i v\u00e0 l\u1ee3i \u00edch c\u1ee7a b\u00e1nh r\u0103ng v\u00e0nh v\u00e0 b\u00e1nh r\u0103ng Pinion<\/h3>\n<p class=\"break-words\" dir=\"auto\">B\u1ed9 b\u00e1nh r\u0103ng v\u00e0nh v\u00e0 b\u00e1nh r\u0103ng nh\u1ecf c\u00f3 ba lo\u1ea1i ch\u00ednh: s\u0103n, kh\u00f4ng s\u0103n v\u00e0 s\u0103n m\u1ed9t ph\u1ea7n, m\u1ed7i lo\u1ea1i \u0111\u01b0\u1ee3c x\u00e1c \u0111\u1ecbnh b\u1edfi c\u00e1ch r\u0103ng b\u00e1nh r\u0103ng nh\u1ecf t\u01b0\u01a1ng t\u00e1c v\u1edbi b\u00e1nh r\u0103ng v\u00e0nh. B\u1ed9 b\u00e1nh r\u0103ng s\u0103n cho ph\u00e9p ti\u1ebfp x\u00fac r\u0103ng r\u1ed9ng h\u01a1n tr\u00ean nhi\u1ec1u v\u00f2ng quay, trong khi c\u00e1c b\u1ed9 kh\u00f4ng s\u0103n l\u1eb7p l\u1ea1i ti\u1ebfp x\u00fac v\u1edbi c\u00f9ng m\u1ed9t r\u0103ng trong m\u1ed9t v\u00f2ng quay. S\u0103n m\u1ed9t ph\u1ea7n n\u1eb1m \u1edf gi\u1eefa, cung c\u1ea5p s\u1ef1 k\u1ebft h\u1ee3p c\u1ee7a c\u1ea3 hai. T\u1ef7 s\u1ed1 truy\u1ec1n tr\u1ee5c - \u0111\u01b0\u1ee3c t\u00ednh b\u1eb1ng c\u00e1ch chia r\u0103ng b\u00e1nh r\u0103ng v\u00e0nh cho r\u0103ng b\u00e1nh r\u0103ng nh\u1ecf - \u0111i\u1ec1u ch\u1ec9nh hi\u1ec7u su\u1ea5t h\u01a1n n\u1eefa. T\u1ef7 s\u1ed1 cao h\u01a1n (v\u00ed d\u1ee5: 4,10) gi\u00fap t\u0103ng kh\u1ea3 n\u0103ng t\u0103ng t\u1ed1c v\u00e0 s\u1ee9c k\u00e9o, l\u00fd t\u01b0\u1edfng cho \u0111\u1ecba h\u00ecnh \u0111\u1ed3i n\u00fai c\u1ee7a Florence, trong khi t\u1ef7 s\u1ed1 th\u1ea5p h\u01a1n gi\u00fap t\u0103ng kh\u1ea3 n\u0103ng ti\u1ebft ki\u1ec7m nhi\u00ean li\u1ec7u cho nh\u1eefng chuy\u1ebfn \u0111i d\u00e0i \u0111\u1ebfn Bologna. T\u00ednh linh ho\u1ea1t n\u00e0y khi\u1ebfn b\u00e1nh r\u0103ng v\u00e0nh v\u00e0 b\u00e1nh r\u0103ng nh\u1ecf tr\u1edf th\u00e0nh l\u1ef1a ch\u1ecdn quan tr\u1ecdng cho nh\u1eefng ng\u01b0\u1eddi l\u00e1i xe tr\u00ean kh\u1eafp n\u01b0\u1edbc \u00dd.<\/p>\n<h3 class=\"\" dir=\"auto\">FMP: Nh\u00e0 cung c\u1ea5p b\u00e1nh r\u0103ng v\u00e0nh v\u00e0 b\u00e1nh r\u0103ng tr\u1ee5 \u0111\u00e1ng tin c\u1eady c\u1ee7a b\u1ea1n t\u1ea1i \u00dd<\/h3>\n<p class=\"break-words\" dir=\"auto\">T\u1ea1i FMP, ch\u00fang t\u00f4i chuy\u00ean ch\u1ebf t\u1ea1o c\u00e1c lo\u1ea1i b\u00e1nh r\u0103ng v\u00e0nh r\u0103ng v\u00e0 b\u00e1nh r\u0103ng pinion ch\u1ea5t l\u01b0\u1ee3ng cao, \u0111\u00e1p \u1ee9ng \u0111a d\u1ea1ng nhu c\u1ea7u, t\u1eeb b\u1ed9 ti\u00eau chu\u1ea9n \u0111\u1ebfn thi\u1ebft k\u1ebf ri\u00eang. Ph\u1ee5c v\u1ee5 kh\u00e1ch h\u00e0ng t\u1ea1i Milan, Venice, Florence, Bologna v\u00e0 nhi\u1ec1u n\u01a1i kh\u00e1c, ch\u00fang t\u00f4i s\u1ea3n xu\u1ea5t b\u00e1nh r\u0103ng v\u1edbi nhi\u1ec1u t\u1ef7 s\u1ed1 truy\u1ec1n v\u00e0 dung sai kh\u00e1c nhau \u0111\u1ec3 t\u1ed1i \u0111a h\u00f3a hi\u1ec7u su\u1ea5t truy\u1ec1n \u0111\u1ed9ng cho \u0111\u01b0\u1eddng ph\u1ed1, \u0111\u1ecba h\u00ecnh ho\u1eb7c \u0111\u01b0\u1eddng \u0111ua. N\u1ebfu b\u1ea1n kh\u00f4ng th\u1ea5y m\u1eabu s\u1ea3n ph\u1ea9m mong mu\u1ed1n trong danh s\u00e1ch s\u1ea3n ph\u1ea9m c\u1ee7a ch\u00fang t\u00f4i, \u0111\u1eebng lo l\u1eafng, c\u00f3 th\u1ec3 n\u00f3 ch\u1ec9 \u0111ang ch\u1edd t\u1ea3i l\u00ean. Ch\u1ec9 c\u1ea7n g\u1eedi email y\u00eau c\u1ea7u c\u1ee7a b\u1ea1n, c\u00e1c k\u1ef9 s\u01b0 l\u00e0nh ngh\u1ec1 c\u1ee7a ch\u00fang t\u00f4i, tu\u00e2n th\u1ee7 ti\u00eau chu\u1ea9n ISO9001, s\u1ebd ph\u1ea3n h\u1ed3i trong v\u00f2ng 24 gi\u1edd c\u00f9ng v\u1edbi gi\u1ea3i ph\u00e1p. H\u00e3y tin t\u01b0\u1edfng FMP v\u1ec1 k\u1ef9 thu\u1eadt ch\u00ednh x\u00e1c, mang \u0111\u1ebfn s\u1ee9c m\u1ea1nh cho nh\u1eefng con \u0111\u01b0\u1eddng \u00dd v\u1edbi \u0111\u1ed9 tin c\u1eady v\u00e0 s\u1ef1 xu\u1ea5t s\u1eafc.<\/p>\n<\/div>","protected":false},"excerpt":{"rendered":"<p>Understanding Ring and Pinion Gears: Powering Your Vehicle Ring and pinion gears are essential components in a vehicle\u2019s drivetrain, particularly within the differential system. These hypoid gears efficiently transfer torque from the engine to the wheels by redirecting the driveshaft\u2019s rotation 90 degrees to the axle shafts. Known for their strength, quiet operation, and ability [&hellip;]<\/p>","protected":false},"featured_media":0,"comment_status":"open","ping_status":"closed","template":"","meta":{"_et_pb_use_builder":"","_et_pb_old_content":"","_et_gb_content_width":""},"product_brand":[],"product_cat":[114],"product_tag":[],"class_list":{"0":"post-7805","1":"product","2":"type-product","3":"status-publish","5":"product_cat-ring-gear","7":"first","8":"instock","9":"shipping-taxable","10":"product-type-simple"},"_links":{"self":[{"href":"https:\/\/fmp-components.com\/vi\/wp-json\/wp\/v2\/product\/7805","targetHints":{"allow":["GET"]}}],"collection":[{"href":"https:\/\/fmp-components.com\/vi\/wp-json\/wp\/v2\/product"}],"about":[{"href":"https:\/\/fmp-components.com\/vi\/wp-json\/wp\/v2\/types\/product"}],"replies":[{"embeddable":true,"href":"https:\/\/fmp-components.com\/vi\/wp-json\/wp\/v2\/comments?post=7805"}],"wp:attachment":[{"href":"https:\/\/fmp-components.com\/vi\/wp-json\/wp\/v2\/media?parent=7805"}],"wp:term":[{"taxonomy":"product_brand","embeddable":true,"href":"https:\/\/fmp-components.com\/vi\/wp-json\/wp\/v2\/product_brand?post=7805"},{"taxonomy":"product_cat","embeddable":true,"href":"https:\/\/fmp-components.com\/vi\/wp-json\/wp\/v2\/product_cat?post=7805"},{"taxonomy":"product_tag","embeddable":true,"href":"https:\/\/fmp-components.com\/vi\/wp-json\/wp\/v2\/product_tag?post=7805"}],"curies":[{"name":"wp","href":"https:\/\/api.w.org\/{rel}","templated":true}]}}