{"id":7790,"date":"2025-04-04T07:52:48","date_gmt":"2025-04-04T07:52:48","guid":{"rendered":"https:\/\/fmp-components.com\/?post_type=product&#038;p=7790"},"modified":"2025-04-04T07:53:35","modified_gmt":"2025-04-04T07:53:35","slug":"planetary-ring-gear-2","status":"publish","type":"product","link":"https:\/\/fmp-components.com\/vi\/product\/planetary-ring-gear-2\/","title":{"rendered":"B\u00e1nh r\u0103ng v\u00e0nh h\u00e0nh tinh"},"content":{"rendered":"<p>M\u1ed9t b\u00e1nh r\u0103ng v\u00e0nh h\u00e0nh tinh, c\u00f2n \u0111\u01b0\u1ee3c g\u1ecdi l\u00e0 b\u00e1nh r\u0103ng b\u00ean trong <a href=\"https:\/\/fmp-components.com\/vi\/ring-gear\/\">b\u00e1nh r\u0103ng v\u00e0nh<\/a>, l\u00e0 m\u1ed9t th\u00e0nh ph\u1ea7n quan tr\u1ecdng trong h\u1ec7 th\u1ed1ng b\u00e1nh r\u0103ng h\u00e0nh tinh, v\u1edbi c\u00e1c r\u0103ng \u0111\u01b0\u1ee3c c\u1eaft tr\u00ean b\u1ec1 m\u1eb7t trong c\u1ee7a m\u1ed9t v\u00f2ng tr\u1ee5. N\u00f3 \u0103n kh\u1edbp v\u1edbi nhi\u1ec1u b\u00e1nh r\u0103ng h\u00e0nh tinh quay quanh m\u1ed9t b\u00e1nh r\u0103ng m\u1eb7t tr\u1eddi trung t\u00e2m, cho ph\u00e9p truy\u1ec1n l\u1ef1c nh\u1ecf g\u1ecdn, m\u00f4-men xo\u1eafn cao v\u1edbi hi\u1ec7u su\u1ea5t tuy\u1ec7t v\u1eddi. Th\u01b0\u1eddng \u0111\u01b0\u1ee3c thi\u1ebft k\u1ebf v\u1edbi bi\u00ean d\u1ea1ng r\u0103ng xo\u1eafn \u1ed1c, n\u00f3 \u0111\u1ea3m b\u1ea3o ho\u1ea1t \u0111\u1ed9ng tr\u01a1n tru v\u00e0 ph\u00e2n b\u1ed5 t\u1ea3i \u0111\u1ed3ng \u0111\u1ec1u, trong khi \u0111\u01b0\u1eddng k\u00ednh l\u1edbn v\u00e0 \u0111\u1ecbnh h\u01b0\u1edbng b\u00ean trong cho ph\u00e9p t\u1ef7 s\u1ed1 truy\u1ec1n b\u00e1nh r\u0103ng cao trong kh\u00f4ng gian h\u1ea1n ch\u1ebf. \u0110i\u1ec1u n\u00e0y l\u00e0m cho n\u00f3 \u0111\u01b0\u1ee3c s\u1eed d\u1ee5ng r\u1ed9ng r\u00e3i trong c\u00e1c \u1ee9ng d\u1ee5ng nh\u01b0 h\u1ed9p s\u1ed1 \u00f4 t\u00f4, m\u00e1y m\u00f3c c\u00f4ng nghi\u1ec7p v\u00e0 h\u1ec7 th\u1ed1ng h\u00e0ng kh\u00f4ng v\u0169 tr\u1ee5.<\/p>\n<h2>\u0110\u1eb7c \u0111i\u1ec3m k\u1ef9 thu\u1eadt<\/h2>\n<table style=\"width: 100%;\" border=\"1\" width=\"100%\" cellspacing=\"0\" cellpadding=\"0\">\n<tbody>\n<tr>\n<td width=\"80\">S\u1ed1 hi\u1ec7u m\u1eabu<\/td>\n<td width=\"531\">M3, M4, M5, M8, M12, v.v.<\/td>\n<\/tr>\n<tr>\n<td width=\"80\">V\u1eadt li\u1ec7u<\/td>\n<td width=\"531\">\u0110\u1ed3ng thau, th\u00e9p C45, th\u00e9p kh\u00f4ng g\u1ec9, \u0111\u1ed3ng, POM, nh\u00f4m, h\u1ee3p kim, v.v.<\/td>\n<\/tr>\n<tr>\n<td rowspan=\"2\" width=\"80\">X\u1eed l\u00fd b\u1ec1 m\u1eb7t<\/td>\n<td width=\"531\">M\u1ea1 k\u1ebdm, m\u1ea1 niken, th\u1ee5 \u0111\u1ed9ng h\u00f3a, oxy h\u00f3a, anot h\u00f3a,<\/td>\n<\/tr>\n<tr>\n<td width=\"531\">Geomet, Dacromet, Oxit \u0111en, Phosphat h\u00f3a, S\u01a1n t\u0129nh \u0111i\u1ec7n v\u00e0 \u0110i\u1ec7n di<\/td>\n<\/tr>\n<tr>\n<td width=\"80\">Ti\u00eau chu\u1ea9n<\/td>\n<td width=\"531\">ISO, DIN, ANSI, JIS, BS v\u00e0 Phi ti\u00eau chu\u1ea9n.<\/td>\n<\/tr>\n<tr>\n<td width=\"80\">\u0110\u1ed9 ch\u00ednh x\u00e1c<\/td>\n<td width=\"531\">DIN6, DIN7, DIN8, DIN9.<\/td>\n<\/tr>\n<tr>\n<td width=\"80\">\u0110i\u1ec1u tr\u1ecb r\u0103ng<\/td>\n<td width=\"531\">L\u00e0m c\u1ee9ng, nghi\u1ec1n ho\u1eb7c xay<\/td>\n<\/tr>\n<tr>\n<td width=\"80\">S\u1ee9c ch\u1ecbu \u0111\u1ef1ng<\/td>\n<td width=\"531\">0,001mm-0,01mm-0,1mm<\/td>\n<\/tr>\n<tr>\n<td width=\"80\">Ho\u00e0n th\u00e0nh<\/td>\n<td width=\"531\">phun c\u00e1t, x\u1eed l\u00fd nhi\u1ec7t, \u1ee7, ram, \u0111\u00e1nh b\u00f3ng, anot h\u00f3a, m\u1ea1 k\u1ebdm<\/td>\n<\/tr>\n<tr>\n<td width=\"80\">\u0110\u00f3ng g\u00f3i c\u00e1c m\u1eb7t h\u00e0ng<\/td>\n<td width=\"531\">T\u00fai nh\u1ef1a + Th\u00f9ng carton ho\u1eb7c Bao b\u00ec b\u1eb1ng g\u1ed7<\/td>\n<\/tr>\n<tr>\n<td width=\"80\">\u0110i\u1ec1u kho\u1ea3n thanh to\u00e1n<\/td>\n<td width=\"531\">T\/T, L\/C<\/td>\n<\/tr>\n<tr>\n<td width=\"80\">Th\u1eddi gian s\u1ea3n xu\u1ea5t<\/td>\n<td width=\"531\">20 ng\u00e0y l\u00e0m vi\u1ec7c cho m\u1eabu, 25 ng\u00e0y cho s\u1ed1 l\u01b0\u1ee3ng l\u1edbn<\/td>\n<\/tr>\n<tr>\n<td rowspan=\"2\" width=\"80\">M\u1eabu<\/td>\n<td width=\"531\">Gi\u00e1 m\u1eabu dao \u0111\u1ed9ng t\u1eeb $2 \u0111\u1ebfn $100.<\/td>\n<\/tr>\n<tr>\n<td width=\"531\">m\u1eabu y\u00eau c\u1ea7u chuy\u1ec3n ph\u00e1t nhanh \u0111\u01b0\u1ee3c kh\u00e1ch h\u00e0ng thanh to\u00e1n<\/td>\n<\/tr>\n<tr>\n<td rowspan=\"8\" width=\"80\">\u1ee8ng d\u1ee5ng<\/td>\n<td width=\"531\">1. M\u00e1y \u0111i\u1ec1u khi\u1ec3n t\u1ef1 \u0111\u1ed9ng<\/td>\n<\/tr>\n<tr>\n<td width=\"531\">2. Ng\u00e0nh c\u00f4ng nghi\u1ec7p b\u00e1n d\u1eabn<\/td>\n<\/tr>\n<tr>\n<td width=\"531\">3. M\u00e1y m\u00f3c c\u00f4ng nghi\u1ec7p n\u00f3i chung<\/td>\n<\/tr>\n<tr>\n<td width=\"531\">4. Thi\u1ebft b\u1ecb y t\u1ebf<\/td>\n<\/tr>\n<tr>\n<td width=\"531\">5. Thi\u1ebft b\u1ecb n\u0103ng l\u01b0\u1ee3ng m\u1eb7t tr\u1eddi<\/td>\n<\/tr>\n<tr>\n<td width=\"531\">6. M\u00e1y c\u00f4ng c\u1ee5<\/td>\n<\/tr>\n<tr>\n<td width=\"531\">7. H\u1ec7 th\u1ed1ng \u0111\u1ed7 xe<\/td>\n<\/tr>\n<tr>\n<td width=\"531\">8. Thi\u1ebft b\u1ecb v\u1eadn t\u1ea3i \u0111\u01b0\u1eddng s\u1eaft cao t\u1ed1c v\u00e0 h\u00e0ng kh\u00f4ng, v.v.<\/td>\n<\/tr>\n<\/tbody>\n<\/table>\n<div>\n<h2 dir=\"auto\">\u0110\u1eb7c \u0111i\u1ec3m c\u1ee7a b\u00e1nh r\u0103ng v\u00e0nh h\u00e0nh tinh<\/h2>\n<p class=\"break-words\" dir=\"auto\">B\u00e1nh r\u0103ng v\u00e0nh h\u00e0nh tinh \u0111\u01b0\u1ee3c \u0111\u1eb7c tr\u01b0ng b\u1edfi c\u1ea5u h\u00ecnh r\u0103ng b\u00ean trong, \u0111\u01b0\u1ee3c c\u1eaft tr\u00ean b\u1ec1 m\u1eb7t trong c\u1ee7a v\u00e0nh tr\u1ee5, gi\u00fap ph\u00e2n bi\u1ec7t n\u00f3 v\u1edbi b\u00e1nh r\u0103ng ngo\u00e0i. B\u00e1nh r\u0103ng v\u00e0nh h\u00e0nh tinh th\u01b0\u1eddng s\u1eed d\u1ee5ng bi\u00ean d\u1ea1ng r\u0103ng xo\u1eafn, \u0111\u1ea3m b\u1ea3o \u0103n kh\u1edbp tr\u01a1n tru v\u00e0 hi\u1ec7u qu\u1ea3 v\u1edbi c\u00e1c b\u00e1nh r\u0103ng h\u00e0nh tinh quay quanh b\u00e1nh r\u0103ng m\u1eb7t tr\u1eddi trung t\u00e2m. Thi\u1ebft k\u1ebf n\u00e0y t\u1ea1o \u0111i\u1ec1u ki\u1ec7n cho t\u1ef7 s\u1ed1 truy\u1ec1n \u0111\u1ed9ng kh\u00f4ng \u0111\u1ed5i v\u00e0 ph\u00e2n b\u1ed5 t\u1ea3i tr\u1ecdng tuy\u1ec7t v\u1eddi, g\u00f3p ph\u1ea7n truy\u1ec1n l\u1ef1c \u0111\u00e1ng tin c\u1eady trong c\u00e1c h\u1ec7 th\u1ed1ng nh\u1ecf g\u1ecdn.<\/p>\n<p class=\"break-words\" dir=\"auto\">\u0110\u01b0\u1eddng k\u00ednh l\u1edbn v\u00e0 \u0111\u1ecbnh h\u01b0\u1edbng b\u00ean trong c\u1ee7a b\u00e1nh r\u0103ng cho ph\u00e9p t\u1ef7 s\u1ed1 truy\u1ec1n cao, khi\u1ebfn n\u00f3 tr\u1edf th\u00e0nh m\u1ed9t th\u00e0nh ph\u1ea7n quan tr\u1ecdng trong c\u00e1c h\u1ec7 th\u1ed1ng b\u00e1nh r\u0103ng h\u00e0nh tinh, n\u01a1i kh\u00f4ng gian h\u1ea1n ch\u1ebf v\u00e0 y\u00eau c\u1ea7u m\u00f4-men xo\u1eafn cao. Kh\u1ea3 n\u0103ng quay c\u00f9ng chi\u1ec1u v\u1edbi b\u00e1nh r\u0103ng h\u00e0nh tinh gi\u00fap t\u0103ng c\u01b0\u1eddng t\u00ednh \u0111\u01a1n gi\u1ea3n c\u1ee7a h\u1ec7 th\u1ed1ng, trong khi h\u00ecnh d\u1ea1ng r\u0103ng l\u00f5m gi\u00fap c\u1ea3i thi\u1ec7n \u0111\u1ed9 b\u1ec1n v\u00e0 c\u01b0\u1eddng \u0111\u1ed9 ti\u1ebfp x\u00fac. Nh\u1eefng \u0111\u1eb7c \u0111i\u1ec3m n\u00e0y l\u00e0m cho n\u00f3 tr\u1edf n\u00ean l\u00fd t\u01b0\u1edfng cho c\u00e1c \u1ee9ng d\u1ee5ng \u0111\u00f2i h\u1ecfi kh\u1eaft khe nh\u01b0 h\u1ed9p s\u1ed1 \u00f4 t\u00f4 v\u00e0 m\u00e1y m\u00f3c h\u1ea1ng n\u1eb7ng.<\/p>\n<p class=\"break-words\" dir=\"auto\">Vi\u1ec7c s\u1ea3n xu\u1ea5t b\u00e1nh r\u0103ng v\u00e0nh h\u00e0nh tinh th\u01b0\u1eddng li\u00ean quan \u0111\u1ebfn vi\u1ec7c \u0111\u1ecbnh h\u00ecnh b\u00e1nh r\u0103ng do h\u00ecnh d\u1ea1ng b\u00ean trong c\u1ee7a n\u00f3, \u0111\u00f2i h\u1ecfi \u0111\u1ed9 ch\u00ednh x\u00e1c cao \u0111\u1ec3 tr\u00e1nh c\u00e1c v\u1ea5n \u0111\u1ec1 can thi\u1ec7p nh\u01b0 can thi\u1ec7p involute ho\u1eb7c trochoid v\u1edbi c\u00e1c b\u00e1nh r\u0103ng \u0103n kh\u1edbp. D\u1ecbch chuy\u1ec3n bi\u00ean d\u1ea1ng th\u01b0\u1eddng \u0111\u01b0\u1ee3c \u00e1p d\u1ee5ng \u0111\u1ec3 gia c\u1ed1 r\u0103ng v\u00e0 ng\u0103n ng\u1eeba c\u00e1c v\u1ea5n \u0111\u1ec1 \u0103n kh\u1edbp, \u0111\u1ea3m b\u1ea3o \u0111\u1ed9 b\u1ec1n. T\u00ednh linh ho\u1ea1t v\u00e0 hi\u1ec7u qu\u1ea3 c\u1ee7a n\u00f3 \u0111\u00e3 khi\u1ebfn n\u00f3 tr\u1edf th\u00e0nh n\u1ec1n t\u1ea3ng trong c\u00e1c ng\u00e0nh c\u00f4ng nghi\u1ec7p nh\u01b0 h\u00e0ng kh\u00f4ng v\u0169 tr\u1ee5, robot v\u00e0 t\u1ef1 \u0111\u1ed9ng h\u00f3a c\u00f4ng nghi\u1ec7p.<\/p>\n<\/div>","protected":false},"excerpt":{"rendered":"<p>A planetary ring gear, also known as an internal ring gear, is a key component in planetary gear systems, featuring teeth cut on the inner surface of a cylindrical ring. It meshes with multiple planet gears that orbit a central sun gear, enabling compact, high-torque power transmission with excellent efficiency. Typically designed with an involute [&hellip;]<\/p>","protected":false},"featured_media":4642,"comment_status":"open","ping_status":"closed","template":"","meta":{"_et_pb_use_builder":"","_et_pb_old_content":"","_et_gb_content_width":""},"product_brand":[],"product_cat":[114],"product_tag":[],"class_list":{"0":"post-7790","1":"product","2":"type-product","3":"status-publish","4":"has-post-thumbnail","6":"product_cat-ring-gear","8":"first","9":"instock","10":"shipping-taxable","11":"product-type-simple"},"_links":{"self":[{"href":"https:\/\/fmp-components.com\/vi\/wp-json\/wp\/v2\/product\/7790","targetHints":{"allow":["GET"]}}],"collection":[{"href":"https:\/\/fmp-components.com\/vi\/wp-json\/wp\/v2\/product"}],"about":[{"href":"https:\/\/fmp-components.com\/vi\/wp-json\/wp\/v2\/types\/product"}],"replies":[{"embeddable":true,"href":"https:\/\/fmp-components.com\/vi\/wp-json\/wp\/v2\/comments?post=7790"}],"wp:featuredmedia":[{"embeddable":true,"href":"https:\/\/fmp-components.com\/vi\/wp-json\/wp\/v2\/media\/4642"}],"wp:attachment":[{"href":"https:\/\/fmp-components.com\/vi\/wp-json\/wp\/v2\/media?parent=7790"}],"wp:term":[{"taxonomy":"product_brand","embeddable":true,"href":"https:\/\/fmp-components.com\/vi\/wp-json\/wp\/v2\/product_brand?post=7790"},{"taxonomy":"product_cat","embeddable":true,"href":"https:\/\/fmp-components.com\/vi\/wp-json\/wp\/v2\/product_cat?post=7790"},{"taxonomy":"product_tag","embeddable":true,"href":"https:\/\/fmp-components.com\/vi\/wp-json\/wp\/v2\/product_tag?post=7790"}],"curies":[{"name":"wp","href":"https:\/\/api.w.org\/{rel}","templated":true}]}}