{"id":7787,"date":"2025-04-04T07:21:01","date_gmt":"2025-04-04T07:21:01","guid":{"rendered":"https:\/\/fmp-components.com\/?post_type=product&#038;p=7787"},"modified":"2025-04-04T07:21:43","modified_gmt":"2025-04-04T07:21:43","slug":"internal-spur-gear","status":"publish","type":"product","link":"https:\/\/fmp-components.com\/vi\/product\/internal-spur-gear\/","title":{"rendered":"B\u00e1nh r\u0103ng tr\u1ee5 b\u00ean trong"},"content":{"rendered":"<div>\n<p class=\"break-words\" dir=\"auto\">B\u00e1nh r\u0103ng tr\u1ee5 trong kh\u00e1c v\u1edbi b\u00e1nh r\u0103ng tr\u1ee5 th\u00f4ng th\u01b0\u1eddng \u1edf ch\u1ed7 r\u0103ng c\u1ee7a ch\u00fang \u0111\u01b0\u1ee3c t\u1ea1o h\u00ecnh tr\u00ean b\u1ec1 m\u1eb7t b\u00ean trong c\u1ee7a ph\u00f4i. Nh\u1eefng b\u00e1nh r\u0103ng n\u00e0y th\u01b0\u1eddng b\u1ec1n h\u01a1n v\u00e0 hi\u1ec7u qu\u1ea3 h\u01a1n so v\u1edbi b\u00e1nh r\u0103ng pignon m\u00e0 ch\u00fang \u0103n kh\u1edbp. \u0110\u1ec3 ho\u1ea1t \u0111\u1ed9ng b\u00ecnh th\u01b0\u1eddng, \u0111\u01b0\u1eddng k\u00ednh b\u01b0\u1edbc r\u0103ng c\u1ee7a b\u00e1nh r\u0103ng tr\u1ee5 trong ph\u1ea3i \u00edt nh\u1ea5t g\u1ea5p 1,5 l\u1ea7n \u0111\u01b0\u1eddng k\u00ednh b\u01b0\u1edbc r\u0103ng c\u1ee7a b\u00e1nh r\u0103ng pignon \u0103n kh\u1edbp; n\u1ebfu kh\u00f4ng, c\u00e1c \u0111\u1ea7u r\u0103ng s\u1ebd va ch\u1ea1m v\u00e0o nhau.<\/p>\n<p class=\"break-words\" dir=\"auto\">B\u00e1nh r\u0103ng trong mang l\u1ea1i cho c\u00e1c nh\u00e0 thi\u1ebft k\u1ebf l\u1ee3i th\u1ebf \u0111\u1ea1t \u0111\u01b0\u1ee3c t\u1ef7 s\u1ed1 ti\u1ebfp x\u00fac v\u00e0 truy\u1ec1n \u0111\u1ed9ng l\u1edbn h\u01a1n tr\u00ean kho\u1ea3ng c\u00e1ch t\u00e2m ng\u1eafn h\u01a1n so v\u1edbi b\u00e1nh r\u0103ng tr\u1ee5 ti\u00eau chu\u1ea9n. Ngo\u00e0i ra, ch\u00fang cho ph\u00e9p \u0111i\u1ec1u ch\u1ec9nh t\u1ed1c \u0111\u1ed9 m\u00e0 kh\u00f4ng c\u1ea7n thay \u0111\u1ed5i h\u01b0\u1edbng, lo\u1ea1i b\u1ecf nhu c\u1ea7u s\u1eed d\u1ee5ng b\u00e1nh r\u0103ng d\u1eabn h\u01b0\u1edbng, v\u1ed1n th\u01b0\u1eddng c\u1ea7n thi\u1ebft v\u1edbi b\u00e1nh r\u0103ng tr\u1ee5 truy\u1ec1n th\u1ed1ng.<\/p>\n<\/div>\n<h2>Th\u00f4ng s\u1ed1 k\u1ef9 thu\u1eadt s\u1ea3n ph\u1ea9m<\/h2>\n<div class=\"table-responsive\">\n<table class=\"table\" style=\"width: 101.427%; height: 279px;\" border=\"1\">\n<tbody>\n<tr>\n<td>H\u00ecnh d\u1ea1ng r\u0103ng<\/td>\n<td>Theo y\u00eau c\u1ea7u c\u1ee7a kh\u00e1ch h\u00e0ng<\/td>\n<\/tr>\n<tr>\n<td>V\u1eadt li\u1ec7u<\/td>\n<td>Theo y\u00eau c\u1ea7u c\u1ee7a kh\u00e1ch h\u00e0ng<\/td>\n<\/tr>\n<tr>\n<td>H\u00ecnh d\u1ea1ng<\/td>\n<td>Theo y\u00eau c\u1ea7u c\u1ee7a kh\u00e1ch h\u00e0ng<\/td>\n<\/tr>\n<tr>\n<td>C\u1ea5p<\/td>\n<td>Theo y\u00eau c\u1ea7u c\u1ee7a kh\u00e1ch h\u00e0ng<\/td>\n<\/tr>\n<tr>\n<td>K\u1ef9 thu\u1eadt<\/td>\n<td>Theo y\u00eau c\u1ea7u c\u1ee7a kh\u00e1ch h\u00e0ng<\/td>\n<\/tr>\n<tr>\n<td>G\u00f3c \u00e1p su\u1ea5t<\/td>\n<td>Theo y\u00eau c\u1ea7u c\u1ee7a kh\u00e1ch h\u00e0ng<\/td>\n<\/tr>\n<tr>\n<td>\u0110\u01b0\u1eddng k\u00ednh<\/td>\n<td>Theo y\u00eau c\u1ea7u c\u1ee7a kh\u00e1ch h\u00e0ng<\/td>\n<\/tr>\n<tr>\n<td>K\u00edch c\u1ee1<\/td>\n<td>Theo y\u00eau c\u1ea7u c\u1ee7a kh\u00e1ch h\u00e0ng<\/td>\n<\/tr>\n<tr>\n<td>S\u1ed1 l\u01b0\u1ee3ng \u0111\u1eb7t h\u00e0ng t\u1ed1i thi\u1ec3u<\/td>\n<td>1 \u0110\u01a1n v\u1ecb<\/td>\n<\/tr>\n<\/tbody>\n<\/table>\n<div>\n<h3 class=\"\" dir=\"auto\">Internal Spur Gear Excellence c\u1ee7a FMP d\u00e0nh cho th\u1ecb tr\u01b0\u1eddng \u00dd<\/h3>\n<p class=\"break-words\" dir=\"auto\">FMP l\u00e0 nh\u00e0 s\u1ea3n xu\u1ea5t h\u00e0ng \u0111\u1ea7u v\u1ec1 b\u00e1nh r\u0103ng tr\u1ee5 b\u00ean trong, cung c\u1ea5p s\u1ea3n ph\u1ea9m ch\u1ea5t l\u01b0\u1ee3ng h\u00e0ng \u0111\u1ea7u <a href=\"https:\/\/fmp-components.com\/vi\/ring-gear\/\">b\u00e1nh r\u0103ng v\u00e0nh<\/a> cho c\u00e1c ng\u00e0nh c\u00f4ng nghi\u1ec7p tr\u00ean kh\u1eafp n\u01b0\u1edbc \u00dd, t\u1eeb Milan \u0111\u1ebfn Venice. Danh m\u1ee5c s\u1ea3n ph\u1ea9m phong ph\u00fa c\u1ee7a ch\u00fang t\u00f4i cung c\u1ea5p \u0111a d\u1ea1ng c\u00e1c lo\u1ea1i b\u00e1nh r\u0103ng, \u0111\u01b0\u1ee3c thi\u1ebft k\u1ebf \u0111\u1ec3 mang l\u1ea1i \u0111\u1ed9 ch\u00ednh x\u00e1c v\u00e0 \u0111\u1ed9 tin c\u1eady cho c\u00e1c \u1ee9ng d\u1ee5ng trong m\u00e1y m\u00f3c, \u00f4 t\u00f4, v.v. D\u00f9 b\u1ea1n ho\u1ea1t \u0111\u1ed9ng \u1edf Florence hay Bologna, FMP \u0111\u1ea3m b\u1ea3o r\u1eb1ng m\u1ecdi b\u00e1nh r\u0103ng th\u1eb3ng b\u00ean trong \u0111\u1ec1u \u0111\u00e1p \u1ee9ng c\u00e1c ti\u00eau chu\u1ea9n cao nh\u1ea5t, \u0111\u01b0\u1ee3c ch\u1ebf t\u1ea1o b\u1eb1ng c\u00f4ng ngh\u1ec7 ti\u00ean ti\u1ebfn \u0111\u1ec3 h\u1ed7 tr\u1ee3 c\u00e1c ng\u00e0nh c\u00f4ng nghi\u1ec7p \u0111ang ph\u00e1t tri\u1ec3n m\u1ea1nh m\u1ebd c\u1ee7a \u00dd. Ch\u00fang t\u00f4i l\u00e0 \u0111\u1ed1i t\u00e1c \u0111\u00e1ng tin c\u1eady c\u1ee7a b\u1ea1n cho c\u00e1c gi\u1ea3i ph\u00e1p b\u00e1nh r\u0103ng b\u1ec1n b\u1ec9 v\u00e0 hi\u1ec7u qu\u1ea3, ph\u00f9 h\u1ee3p v\u1edbi nhu c\u1ea7u \u0111\u1ecba ph\u01b0\u01a1ng.<\/p>\n<h3 class=\"\" dir=\"auto\">B\u00e1nh r\u0103ng tr\u1ee5 b\u00ean trong t\u00f9y ch\u1ec9nh cho c\u00e1c y\u00eau c\u1ea7u ri\u00eang c\u1ee7a b\u1ea1n<\/h3>\n<p class=\"break-words\" dir=\"auto\">T\u1ea1i FMP, ch\u00fang t\u00f4i v\u01b0\u1ee3t xa c\u00e1c s\u1ea3n ph\u1ea9m ti\u00eau chu\u1ea9n b\u1eb1ng c\u00e1ch cung c\u1ea5p c\u00e1c b\u00e1nh r\u0103ng tr\u1ee5 trong ho\u00e0n to\u00e0n t\u00f9y ch\u1ec9nh \u0111\u1ec3 ph\u00f9 h\u1ee3p v\u1edbi d\u1ef1 \u00e1n c\u1ee5 th\u1ec3 c\u1ee7a b\u1ea1n. N\u1ebfu b\u1ea1n \u1edf Milan, Venice, Florence ho\u1eb7c Bologna v\u00e0 kh\u00f4ng t\u00ecm th\u1ea5y m\u1eabu ch\u00ednh x\u00e1c b\u1ea1n c\u1ea7n trong danh s\u00e1ch s\u1ea3n ph\u1ea9m c\u1ee7a ch\u00fang t\u00f4i, c\u00f3 th\u1ec3 ch\u00fang t\u00f4i ch\u01b0a t\u1ea3i l\u00ean\u2014kho h\u00e0ng c\u1ee7a ch\u00fang t\u00f4i lu\u00f4n \u0111\u01b0\u1ee3c m\u1edf r\u1ed9ng. H\u00e3y li\u00ean h\u1ec7 qua email v\u1edbi th\u00f4ng s\u1ed1 k\u1ef9 thu\u1eadt c\u1ee7a b\u1ea1n v\u00e0 c\u00e1c k\u1ef9 s\u01b0 l\u00e0nh ngh\u1ec1 c\u1ee7a ch\u00fang t\u00f4i s\u1ebd ph\u1ea3n h\u1ed3i trong v\u00f2ng 24 gi\u1edd v\u1edbi c\u00e1c t\u00f9y ch\u1ecdn \u0111\u01b0\u1ee3c c\u00e1 nh\u00e2n h\u00f3a. B\u1ea5t k\u1ec3 y\u00eau c\u1ea7u c\u1ee7a b\u1ea1n ph\u1ee9c t\u1ea1p \u0111\u1ebfn \u0111\u00e2u, FMP lu\u00f4n cam k\u1ebft cung c\u1ea5p d\u1ecbch v\u1ee5 nhanh ch\u00f3ng, chuy\u00ean nghi\u1ec7p v\u00e0 b\u00e1nh r\u0103ng ch\u1ea5t l\u01b0\u1ee3ng cao cho c\u00e1c doanh nghi\u1ec7p tr\u00ean kh\u1eafp n\u01b0\u1edbc \u00dd.<\/p>\n<\/div>\n<\/div>","protected":false},"excerpt":{"rendered":"<p>Internal Spur Gears differ from typical spur gears in that their teeth are formed on the inner surface of the blank. These gears tend to be stronger and more efficient compared to the pinion gear they mesh with. For proper function, the pitch diameter of the internal gear should be at least 1.5 times that [&hellip;]<\/p>","protected":false},"featured_media":4639,"comment_status":"open","ping_status":"closed","template":"","meta":{"_et_pb_use_builder":"","_et_pb_old_content":"","_et_gb_content_width":""},"product_brand":[],"product_cat":[114],"product_tag":[],"class_list":{"0":"post-7787","1":"product","2":"type-product","3":"status-publish","4":"has-post-thumbnail","6":"product_cat-ring-gear","8":"first","9":"instock","10":"shipping-taxable","11":"product-type-simple"},"_links":{"self":[{"href":"https:\/\/fmp-components.com\/vi\/wp-json\/wp\/v2\/product\/7787","targetHints":{"allow":["GET"]}}],"collection":[{"href":"https:\/\/fmp-components.com\/vi\/wp-json\/wp\/v2\/product"}],"about":[{"href":"https:\/\/fmp-components.com\/vi\/wp-json\/wp\/v2\/types\/product"}],"replies":[{"embeddable":true,"href":"https:\/\/fmp-components.com\/vi\/wp-json\/wp\/v2\/comments?post=7787"}],"wp:featuredmedia":[{"embeddable":true,"href":"https:\/\/fmp-components.com\/vi\/wp-json\/wp\/v2\/media\/4639"}],"wp:attachment":[{"href":"https:\/\/fmp-components.com\/vi\/wp-json\/wp\/v2\/media?parent=7787"}],"wp:term":[{"taxonomy":"product_brand","embeddable":true,"href":"https:\/\/fmp-components.com\/vi\/wp-json\/wp\/v2\/product_brand?post=7787"},{"taxonomy":"product_cat","embeddable":true,"href":"https:\/\/fmp-components.com\/vi\/wp-json\/wp\/v2\/product_cat?post=7787"},{"taxonomy":"product_tag","embeddable":true,"href":"https:\/\/fmp-components.com\/vi\/wp-json\/wp\/v2\/product_tag?post=7787"}],"curies":[{"name":"wp","href":"https:\/\/api.w.org\/{rel}","templated":true}]}}