{"id":7781,"date":"2025-04-04T06:46:54","date_gmt":"2025-04-04T06:46:54","guid":{"rendered":"https:\/\/fmp-components.com\/?post_type=product&#038;p=7781"},"modified":"2025-04-04T06:48:36","modified_gmt":"2025-04-04T06:48:36","slug":"internal-gears-for-tractors-and-cranes","status":"publish","type":"product","link":"https:\/\/fmp-components.com\/vi\/product\/internal-gears-for-tractors-and-cranes\/","title":{"rendered":"B\u00e1nh r\u0103ng trong cho m\u00e1y k\u00e9o v\u00e0 c\u1ea7n c\u1ea9u"},"content":{"rendered":"<h2>Th\u00f4ng s\u1ed1 k\u1ef9 thu\u1eadt s\u1ea3n ph\u1ea9m<\/h2>\n<div class=\"table-responsive\">\n<table class=\"table\" style=\"width: 99.2193%;\" border=\"1\">\n<tbody>\n<tr>\n<td style=\"width: 56.4286%;\">Lo\u1ea1i s\u1ea3n ph\u1ea9m<\/td>\n<td style=\"width: 281.083%;\">C\u00e1c b\u1ed9 ph\u1eadn b\u00e1nh r\u0103ng<\/td>\n<\/tr>\n<tr>\n<td style=\"width: 56.4286%;\">S\u1eed d\u1ee5ng\/\u1ee8ng d\u1ee5ng<\/td>\n<td style=\"width: 281.083%;\">M\u00e1y k\u00e9o v\u00e0 c\u1ea7n c\u1ea9u<\/td>\n<\/tr>\n<tr>\n<td style=\"width: 56.4286%;\">V\u1eadt li\u1ec7u<\/td>\n<td style=\"width: 281.083%;\">Th\u00e9p m\u1ec1m<\/td>\n<\/tr>\n<tr>\n<td style=\"width: 56.4286%;\">H\u00ecnh d\u1ea1ng<\/td>\n<td style=\"width: 281.083%;\">Tr\u00f2n<\/td>\n<\/tr>\n<tr>\n<td style=\"width: 56.4286%;\">Lo\u1ea1i bao b\u00ec<\/td>\n<td style=\"width: 281.083%;\">H\u1ed9p<\/td>\n<\/tr>\n<tr>\n<td style=\"width: 56.4286%;\">S\u1ed1 l\u01b0\u1ee3ng \u0111\u1eb7t h\u00e0ng t\u1ed1i thi\u1ec3u<\/td>\n<td style=\"width: 281.083%;\">10 S\u1ed1<\/td>\n<\/tr>\n<\/tbody>\n<\/table>\n<\/div>\n<p>V\u1edbi s\u1ef1 ch\u00e2n th\u00e0nh v\u00e0 l\u00e0m vi\u1ec7c ch\u0103m ch\u1ec9 c\u1ee7a c\u00e1c chuy\u00ean gia, ch\u00fang t\u00f4i \u0111\u00e3 t\u1ea1o \u0111\u01b0\u1ee3c ch\u1ed7 \u0111\u1ee9ng cho m\u00ecnh trong l\u0129nh v\u1ef1c n\u00e0y b\u1eb1ng c\u00e1ch cung c\u1ea5p nhi\u1ec1u lo\u1ea1i Thi\u1ebft b\u1ecb n\u1ed9i th\u1ea5t ch\u1ea5t l\u01b0\u1ee3ng cao.<\/p>\n<div>\n<h3 class=\"\" dir=\"auto\">T\u0103ng c\u01b0\u1eddng hi\u1ec7u su\u1ea5t m\u00e1y k\u00e9o v\u00e0 c\u1ea7n c\u1ea9u v\u1edbi b\u00e1nh r\u0103ng b\u00ean trong t\u1eeb FMP t\u1ea1i \u00dd<\/h3>\n<p class=\"break-words\" dir=\"auto\">B\u00e1nh r\u0103ng trong \u0111\u00f3ng vai tr\u00f2 quan tr\u1ecdng trong vi\u1ec7c v\u1eadn h\u00e0nh tr\u01a1n tru c\u00e1c m\u00e1y m\u00f3c h\u1ea1ng n\u1eb7ng nh\u01b0 m\u00e1y k\u00e9o v\u00e0 c\u1ea7n c\u1ea9u, mang l\u1ea1i s\u1ee9c m\u1ea1nh v\u00e0 \u0111\u1ed9 ch\u00ednh x\u00e1c c\u1ea7n thi\u1ebft. T\u1ea1i FMP, ch\u00fang t\u00f4i s\u1ea3n xu\u1ea5t \u0111a d\u1ea1ng c\u00e1c lo\u1ea1i b\u00e1nh r\u0103ng v\u00e0nh, bao g\u1ed3m c\u1ea3 b\u00e1nh r\u0103ng trong ch\u1ea5t l\u01b0\u1ee3ng cao \u0111\u01b0\u1ee3c thi\u1ebft k\u1ebf \u0111\u1ec3 \u0111\u00e1p \u1ee9ng nhu c\u1ea7u c\u1ee7a m\u00f4i tr\u01b0\u1eddng n\u00f4ng nghi\u1ec7p v\u00e0 x\u00e2y d\u1ef1ng. T\u1eeb nh\u1eefng c\u00e1nh \u0111\u1ed3ng m\u00e0u m\u1ee1 g\u1ea7n Florence \u0111\u1ebfn c\u00e1c trung t\u00e2m c\u00f4ng nghi\u1ec7p c\u1ee7a Milan, b\u00e1nh r\u0103ng c\u1ee7a ch\u00fang t\u00f4i \u0111\u1ea3m b\u1ea3o \u0111\u1ed9 b\u1ec1n, hi\u1ec7u su\u1ea5t v\u00e0 gi\u1ea3m thi\u1ec3u b\u1ea3o tr\u00ec cho thi\u1ebft b\u1ecb c\u1ee7a b\u1ea1n. Cho d\u00f9 b\u1ea1n \u0111ang v\u1eadn h\u00e0nh c\u1ea7n c\u1ea9u t\u1ea1i c\u00e1c c\u1ea3ng bi\u1ec3n nh\u1ed9n nh\u1ecbp c\u1ee7a Venice hay m\u00e1y k\u00e9o \u1edf v\u00f9ng n\u00f4ng th\u00f4n Bologna, FMP \u0111\u1ec1u cung c\u1ea5p c\u00e1c gi\u1ea3i ph\u00e1p \u0111\u00e1ng tin c\u1eady ph\u00f9 h\u1ee3p v\u1edbi c\u00e1c ng\u00e0nh c\u00f4ng nghi\u1ec7p \u0111a d\u1ea1ng c\u1ee7a \u00dd.<\/p>\n<h3 class=\"\" dir=\"auto\">B\u00e1nh r\u0103ng b\u00ean trong t\u00f9y ch\u1ec9nh theo nhu c\u1ea7u c\u1ee7a b\u1ea1n \u2013 Li\u00ean h\u1ec7 v\u1edbi FMP ngay h\u00f4m nay!<\/h3>\n<p class=\"break-words\" dir=\"auto\">FMP cam k\u1ebft \u0111\u00e1p \u1ee9ng nhu c\u1ea7u c\u1ee5 th\u1ec3 c\u1ee7a b\u1ea1n v\u1edbi ph\u1ea1m vi r\u1ed9ng l\u1edbn c\u1ee7a ch\u00fang t\u00f4i <a href=\"https:\/\/fmp-components.com\/vi\/ring-gear\/\">b\u00e1nh r\u0103ng v\u00e0nh<\/a> v\u00e0 kh\u1ea3 n\u0103ng s\u1ea3n xu\u1ea5t theo y\u00eau c\u1ea7u. N\u1ebfu b\u1ea1n \u0111ang t\u00ecm ki\u1ebfm b\u00e1nh r\u0103ng trong cho m\u00e1y k\u00e9o ho\u1eb7c c\u1ea7n c\u1ea9u v\u00e0 kh\u00f4ng th\u1ea5y model ch\u00ednh x\u00e1c trong danh s\u00e1ch s\u1ea3n ph\u1ea9m c\u1ee7a ch\u00fang t\u00f4i, c\u00f3 th\u1ec3 ch\u00fang t\u00f4i ch\u01b0a t\u1ea3i l\u00ean - kho h\u00e0ng c\u1ee7a ch\u00fang t\u00f4i lu\u00f4n m\u1edf r\u1ed9ng. H\u00e3y li\u00ean h\u1ec7 v\u1edbi ch\u00fang t\u00f4i qua email \u0111\u1ec3 n\u00eau r\u00f5 y\u00eau c\u1ea7u c\u1ee7a b\u1ea1n, d\u00f9 b\u1ea1n \u1edf Milan, Venice, Florence hay b\u1ea5t k\u1ef3 n\u01a1i n\u00e0o kh\u00e1c, v\u00e0 c\u00e1c k\u1ef9 s\u01b0 l\u00e0nh ngh\u1ec1 c\u1ee7a ch\u00fang t\u00f4i s\u1ebd ph\u1ea3n h\u1ed3i trong v\u00f2ng 24 gi\u1edd v\u1edbi m\u1ed9t gi\u1ea3i ph\u00e1p \u0111\u01b0\u1ee3c c\u00e1 nh\u00e2n h\u00f3a. H\u00e3y tin t\u01b0\u1edfng FMP s\u1ebd mang \u0111\u1ebfn ch\u1ea5t l\u01b0\u1ee3ng v\u00e0 h\u1ed7 tr\u1ee3 v\u01b0\u1ee3t tr\u1ed9i, gi\u00fap m\u00e1y m\u00f3c c\u1ee7a b\u1ea1n tr\u00ean kh\u1eafp n\u01b0\u1edbc \u00dd ho\u1ea1t \u0111\u1ed9ng ch\u00ednh x\u00e1c v\u00e0 chuy\u00ean nghi\u1ec7p.<\/p>\n<\/div>","protected":false},"excerpt":{"rendered":"<p>Th\u00f4ng s\u1ed1 k\u1ef9 thu\u1eadt s\u1ea3n ph\u1ea9m Lo\u1ea1i s\u1ea3n ph\u1ea9m Ph\u1ee5 t\u00f9ng b\u00e1nh r\u0103ng \u1ee8ng d\u1ee5ng M\u00e1y k\u00e9o v\u00e0 c\u1ea7n c\u1ea9u V\u1eadt li\u1ec7u Th\u00e9p nh\u1eb9 H\u00ecnh d\u1ea1ng Tr\u00f2n Lo\u1ea1i \u0111\u00f3ng g\u00f3i H\u1ed9p S\u1ed1 l\u01b0\u1ee3ng \u0111\u1eb7t h\u00e0ng t\u1ed1i thi\u1ec3u 10 chi\u1ebfc V\u1edbi s\u1ef1 ch\u00e2n th\u00e0nh v\u00e0 n\u1ed7 l\u1ef1c c\u1ee7a \u0111\u1ed9i ng\u0169 chuy\u00ean gia, ch\u00fang t\u00f4i \u0111\u00e3 t\u1ea1o d\u1ef1ng \u0111\u01b0\u1ee3c v\u1ecb th\u1ebf v\u1eefng ch\u1eafc trong l\u0129nh v\u1ef1c n\u00e0y b\u1eb1ng c\u00e1ch cung c\u1ea5p c\u00e1c lo\u1ea1i b\u00e1nh r\u0103ng trong ch\u1ea5t l\u01b0\u1ee3ng cao. T\u0103ng c\u01b0\u1eddng hi\u1ec7u su\u1ea5t m\u00e1y k\u00e9o v\u00e0 c\u1ea7n c\u1ea9u v\u1edbi [\u2026]<\/p>","protected":false},"featured_media":4638,"comment_status":"open","ping_status":"closed","template":"","meta":{"_et_pb_use_builder":"","_et_pb_old_content":"","_et_gb_content_width":""},"product_brand":[],"product_cat":[114],"product_tag":[],"class_list":{"0":"post-7781","1":"product","2":"type-product","3":"status-publish","4":"has-post-thumbnail","6":"product_cat-ring-gear","8":"first","9":"instock","10":"shipping-taxable","11":"product-type-simple"},"_links":{"self":[{"href":"https:\/\/fmp-components.com\/vi\/wp-json\/wp\/v2\/product\/7781","targetHints":{"allow":["GET"]}}],"collection":[{"href":"https:\/\/fmp-components.com\/vi\/wp-json\/wp\/v2\/product"}],"about":[{"href":"https:\/\/fmp-components.com\/vi\/wp-json\/wp\/v2\/types\/product"}],"replies":[{"embeddable":true,"href":"https:\/\/fmp-components.com\/vi\/wp-json\/wp\/v2\/comments?post=7781"}],"wp:featuredmedia":[{"embeddable":true,"href":"https:\/\/fmp-components.com\/vi\/wp-json\/wp\/v2\/media\/4638"}],"wp:attachment":[{"href":"https:\/\/fmp-components.com\/vi\/wp-json\/wp\/v2\/media?parent=7781"}],"wp:term":[{"taxonomy":"product_brand","embeddable":true,"href":"https:\/\/fmp-components.com\/vi\/wp-json\/wp\/v2\/product_brand?post=7781"},{"taxonomy":"product_cat","embeddable":true,"href":"https:\/\/fmp-components.com\/vi\/wp-json\/wp\/v2\/product_cat?post=7781"},{"taxonomy":"product_tag","embeddable":true,"href":"https:\/\/fmp-components.com\/vi\/wp-json\/wp\/v2\/product_tag?post=7781"}],"curies":[{"name":"wp","href":"https:\/\/api.w.org\/{rel}","templated":true}]}}