{"id":7776,"date":"2025-04-04T06:37:01","date_gmt":"2025-04-04T06:37:01","guid":{"rendered":"https:\/\/fmp-components.com\/?post_type=product&#038;p=7776"},"modified":"2025-04-04T06:39:57","modified_gmt":"2025-04-04T06:39:57","slug":"plastic-internal-gear","status":"publish","type":"product","link":"https:\/\/fmp-components.com\/vi\/product\/plastic-internal-gear\/","title":{"rendered":"B\u00e1nh r\u0103ng b\u00ean trong b\u1eb1ng nh\u1ef1a"},"content":{"rendered":"<h3>Th\u00f4ng s\u1ed1 k\u1ef9 thu\u1eadt b\u00e1nh r\u0103ng b\u00ean trong b\u1eb1ng nh\u1ef1a<\/h3>\n<div class=\"table-responsive\">\n<table class=\"table\" style=\"width: 100.732%;\" border=\"1\" cellspacing=\"0\" cellpadding=\"0\">\n<tbody>\n<tr>\n<td style=\"width: 182.865%;\" colspan=\"2\">B\u00e1nh r\u0103ng b\u00ean trong b\u1eb1ng nh\u1ef1a<\/td>\n<\/tr>\n<tr>\n<td style=\"width: 23.299%;\">K\u00edch th\u01b0\u1edbc<\/td>\n<td style=\"width: 159.566%;\">\u03a660mm<\/td>\n<\/tr>\n<tr>\n<td style=\"width: 23.299%;\">M\u00f4-\u0111un<\/td>\n<td style=\"width: 159.566%;\">M0.15-M2.0<\/td>\n<\/tr>\n<tr>\n<td style=\"width: 23.299%;\">Lo\u1ea1i v\u1eadt li\u1ec7u<\/td>\n<td style=\"width: 159.566%;\">POM, PA, PPA, PBT PEEK theo y\u00eau c\u1ea7u<\/td>\n<\/tr>\n<tr>\n<td style=\"width: 23.299%;\">C\u1ea5p \u0111\u1ed9 l\u01b0\u1edbi<\/td>\n<td style=\"width: 159.566%;\">ISO6, JGMA 1, JIS 6, AGMA 13, DIN 6,Din5,AGMA12<\/td>\n<\/tr>\n<tr>\n<td style=\"width: 23.299%;\">\u1ee8ng d\u1ee5ng<\/td>\n<td style=\"width: 159.566%;\">\u00d4 t\u00f4, Qu\u00e2n s\u1ef1, M\u00e1y bay, C\u01a1 kh\u00ed, C\u00f4ng nghi\u1ec7p, Y t\u1ebf<\/td>\n<\/tr>\n<tr>\n<td style=\"width: 23.299%;\">T\u00f9y ch\u1ec9nh<\/td>\n<td style=\"width: 159.566%;\">H\u1ed7 tr\u1ee3 ODM\/OEM<\/td>\n<\/tr>\n<tr>\n<td style=\"width: 23.299%;\">V\u1eadt m\u1eabu<\/td>\n<td style=\"width: 159.566%;\">M\u1eabu c\u00f3 s\u1eb5n<\/td>\n<\/tr>\n<tr>\n<td style=\"width: 23.299%;\">C\u00e1c ch\u1ebf \u0111\u1ed9 \u0111\u00f3ng g\u00f3i<\/td>\n<td style=\"width: 159.566%;\">\u0110\u00f3ng g\u00f3i ch\u00e2n kh\u00f4ng v\u1edbi khay nh\u1ef1a<\/td>\n<\/tr>\n<tr>\n<td style=\"width: 23.299%;\">Ph\u01b0\u01a1ng th\u1ee9c giao h\u00e0ng<\/td>\n<td style=\"width: 159.566%;\">DHL UPS<\/td>\n<\/tr>\n<tr>\n<td style=\"width: 23.299%;\">Gi\u1ea5y ch\u1ee9ng nh\u1eadn<\/td>\n<td style=\"width: 159.566%;\">ISO 9001: 2008\/TS16949<\/td>\n<\/tr>\n<\/tbody>\n<\/table>\n<h2>M\u00f4-\u0111un b\u00e1nh r\u0103ng v\u00e0nh trong b\u1eb1ng nh\u1ef1a 1 r\u0103ng 20 -140<\/h2>\n<table style=\"border-collapse: collapse; width: 101.877%; height: 5px;\" border=\"0\" width=\"162\" cellspacing=\"0\" cellpadding=\"0\">\n<tbody>\n<tr style=\"height: 14.40pt;\">\n<td style=\"height: 14.40pt; width: 48.60pt;\" align=\"right\" width=\"81\" height=\"24\"><img loading=\"lazy\" decoding=\"async\" class=\"size-full wp-image-7777 aligncenter\" src=\"https:\/\/fmp-components.com\/wp-content\/uploads\/2025\/04\/Plastic-Internal-Ring-Gear-3.webp\" alt=\"B\u00e1nh r\u0103ng v\u00e0nh trong b\u1eb1ng nh\u1ef1a\" width=\"600\" height=\"600\" title=\"\" srcset=\"https:\/\/fmp-components.com\/wp-content\/uploads\/2025\/04\/Plastic-Internal-Ring-Gear-3.webp 600w, https:\/\/fmp-components.com\/wp-content\/uploads\/2025\/04\/Plastic-Internal-Ring-Gear-3-480x480.webp 480w\" sizes=\"(min-width: 0px) and (max-width: 480px) 480px, (min-width: 481px) 600px, 100vw\" \/><\/td>\n<td style=\"width: 48.60pt;\" align=\"right\" width=\"81\"><img loading=\"lazy\" decoding=\"async\" class=\"size-full wp-image-7778 aligncenter\" src=\"https:\/\/fmp-components.com\/wp-content\/uploads\/2025\/04\/Plastic-Internal-Ring-Gear.webp\" alt=\"B\u00e1nh r\u0103ng v\u00e0nh trong b\u1eb1ng nh\u1ef1a\" width=\"600\" height=\"600\" title=\"\" srcset=\"https:\/\/fmp-components.com\/wp-content\/uploads\/2025\/04\/Plastic-Internal-Ring-Gear.webp 600w, https:\/\/fmp-components.com\/wp-content\/uploads\/2025\/04\/Plastic-Internal-Ring-Gear-480x480.webp 480w\" sizes=\"(min-width: 0px) and (max-width: 480px) 480px, (min-width: 481px) 600px, 100vw\" \/><\/td>\n<\/tr>\n<\/tbody>\n<\/table>\n<p>G\u00f3c \u00e1p su\u1ea5t: 20 \u00b0<\/p>\n<p>Ch\u1ea5t li\u1ec7u: POM-C t\u1ef1 nhi\u00ean<\/p>\n<p>R\u0103ng \u0111\u01b0\u1ee3c s\u1ea3n xu\u1ea5t b\u1eb1ng c\u01a1 kh\u00ed,<\/p>\n<p>ch\u1ea5t l\u01b0\u1ee3ng tuy\u1ec7t v\u1eddi.<\/p>\n<p>G\u00f3c xo\u1eafn: 0 \u00b0 (s\u01b0\u1eddn th\u1eb3ng)<\/p>\n<table style=\"width: 101.252%;\" border=\"1\" cellspacing=\"0\" cellpadding=\"0\">\n<tbody>\n<tr>\n<td style=\"width: 15.1436%;\">\n<p align=\"center\"><b>Ph\u1ea7n s\u1ed1<\/b><\/p>\n<\/td>\n<td style=\"width: 26.2867%;\">\n<p align=\"center\"><b>S\u1ed1 l\u01b0\u1ee3ng r\u0103ng<\/b><\/p>\n<\/td>\n<td style=\"width: 11.0501%;\">\n<p align=\"center\"><strong>b<\/strong><\/p>\n<\/td>\n<td style=\"width: 8.61619%;\">\n<p align=\"center\"><strong>M\u1ed8T.<\/strong><\/p>\n<\/td>\n<td style=\"width: 8.61619%;\">\n<p align=\"center\"><strong>\u00f8D<\/strong><\/p>\n<\/td>\n<td style=\"width: 8.61619%;\">\n<p align=\"center\"><strong>\u0110\u01af\u1ee2C R\u1ed2I<\/strong><\/p>\n<\/td>\n<td style=\"width: 12.7937%;\">\n<p align=\"center\"><strong>\u00f8C<\/strong><\/p>\n<\/td>\n<td style=\"width: 154.308%;\">\n<p align=\"center\"><strong>\u00f8TK<\/strong><\/p>\n<\/td>\n<\/tr>\n<tr>\n<td class=\"xl1871\" style=\"width: 15.1436%;\" height=\"20\">\n<p align=\"center\">M\u1eb7t h\u00e0ng:<\/p>\n<\/td>\n<td class=\"xl1871\" style=\"width: 26.2867%;\">\n<p align=\"center\">\n<\/td>\n<td class=\"xl1872\" style=\"width: 11.0501%;\">\n<p align=\"center\">[mm]<\/p>\n<\/td>\n<td class=\"xl1872\" style=\"width: 8.61619%;\">\n<p align=\"center\">[mm]<\/p>\n<\/td>\n<td class=\"xl1872\" style=\"width: 8.61619%;\">\n<p align=\"center\">[mm]<\/p>\n<\/td>\n<td class=\"xl1872\" style=\"width: 8.61619%;\">\n<p align=\"center\">[mm]<\/p>\n<\/td>\n<td class=\"xl1872\" style=\"width: 12.7937%;\">\n<p align=\"center\">[mm]<\/p>\n<\/td>\n<td class=\"xl1872\" style=\"width: 154.308%;\">\n<p align=\"center\">[mm]<\/p>\n<\/td>\n<\/tr>\n<tr>\n<td class=\"xl1871\" style=\"width: 15.1436%;\" height=\"20\">\n<p align=\"center\">HR1-20<\/p>\n<\/td>\n<td class=\"xl1872\" style=\"width: 26.2867%;\">\n<p align=\"center\">20<\/p>\n<\/td>\n<td class=\"xl1872\" style=\"width: 11.0501%;\">\n<p align=\"center\">5<\/p>\n<\/td>\n<td class=\"xl1872\" style=\"width: 8.61619%;\">\n<p align=\"center\">35<\/p>\n<\/td>\n<td class=\"xl1872\" style=\"width: 8.61619%;\">\n<p align=\"center\">20<\/p>\n<\/td>\n<td class=\"xl1872\" style=\"width: 8.61619%;\">\n<p align=\"center\">18<\/p>\n<\/td>\n<td class=\"xl1872\" style=\"width: 12.7937%;\">\n<p align=\"center\">2.8 (3x)<\/p>\n<\/td>\n<td class=\"xl1872\" style=\"width: 154.308%;\">\n<p align=\"center\">29<\/p>\n<\/td>\n<\/tr>\n<tr>\n<td class=\"xl1871\" style=\"width: 15.1436%;\" height=\"20\">\n<p align=\"center\">HR1-30<\/p>\n<\/td>\n<td class=\"xl1872\" style=\"width: 26.2867%;\">\n<p align=\"center\">30<\/p>\n<\/td>\n<td class=\"xl1872\" style=\"width: 11.0501%;\">\n<p align=\"center\">5<\/p>\n<\/td>\n<td class=\"xl1872\" style=\"width: 8.61619%;\">\n<p align=\"center\">45<\/p>\n<\/td>\n<td class=\"xl1872\" style=\"width: 8.61619%;\">\n<p align=\"center\">30<\/p>\n<\/td>\n<td class=\"xl1872\" style=\"width: 8.61619%;\">\n<p align=\"center\">28<\/p>\n<\/td>\n<td class=\"xl1872\" style=\"width: 12.7937%;\">\n<p align=\"center\">2.8 (3x)<\/p>\n<\/td>\n<td class=\"xl1872\" style=\"width: 154.308%;\">\n<p align=\"center\">39<\/p>\n<\/td>\n<\/tr>\n<tr>\n<td class=\"xl1871\" style=\"width: 15.1436%;\" height=\"20\">\n<p align=\"center\">HR1-40<\/p>\n<\/td>\n<td class=\"xl1872\" style=\"width: 26.2867%;\">\n<p align=\"center\">40<\/p>\n<\/td>\n<td class=\"xl1872\" style=\"width: 11.0501%;\">\n<p align=\"center\">5<\/p>\n<\/td>\n<td class=\"xl1872\" style=\"width: 8.61619%;\">\n<p align=\"center\">55<\/p>\n<\/td>\n<td class=\"xl1872\" style=\"width: 8.61619%;\">\n<p align=\"center\">40<\/p>\n<\/td>\n<td class=\"xl1872\" style=\"width: 8.61619%;\">\n<p align=\"center\">38<\/p>\n<\/td>\n<td class=\"xl1872\" style=\"width: 12.7937%;\">\n<p align=\"center\">2.8 (3x)<\/p>\n<\/td>\n<td class=\"xl1872\" style=\"width: 154.308%;\">\n<p align=\"center\">49<\/p>\n<\/td>\n<\/tr>\n<tr>\n<td class=\"xl1871\" style=\"width: 15.1436%;\" height=\"20\">\n<p align=\"center\">HR1-50<\/p>\n<\/td>\n<td class=\"xl1872\" style=\"width: 26.2867%;\">\n<p align=\"center\">50<\/p>\n<\/td>\n<td class=\"xl1872\" style=\"width: 11.0501%;\">\n<p align=\"center\">5<\/p>\n<\/td>\n<td class=\"xl1872\" style=\"width: 8.61619%;\">\n<p align=\"center\">65<\/p>\n<\/td>\n<td class=\"xl1872\" style=\"width: 8.61619%;\">\n<p align=\"center\">50<\/p>\n<\/td>\n<td class=\"xl1872\" style=\"width: 8.61619%;\">\n<p align=\"center\">48<\/p>\n<\/td>\n<td class=\"xl1872\" style=\"width: 12.7937%;\">\n<p align=\"center\">2.8 (3x)<\/p>\n<\/td>\n<td class=\"xl1872\" style=\"width: 154.308%;\">\n<p align=\"center\">59<\/p>\n<\/td>\n<\/tr>\n<tr>\n<td class=\"xl1871\" style=\"width: 15.1436%;\" height=\"20\">\n<p align=\"center\">HR1-60<\/p>\n<\/td>\n<td class=\"xl1872\" style=\"width: 26.2867%;\">\n<p align=\"center\">60<\/p>\n<\/td>\n<td class=\"xl1872\" style=\"width: 11.0501%;\">\n<p align=\"center\">5<\/p>\n<\/td>\n<td class=\"xl1872\" style=\"width: 8.61619%;\">\n<p align=\"center\">75<\/p>\n<\/td>\n<td class=\"xl1872\" style=\"width: 8.61619%;\">\n<p align=\"center\">60<\/p>\n<\/td>\n<td class=\"xl1872\" style=\"width: 8.61619%;\">\n<p align=\"center\">58<\/p>\n<\/td>\n<td class=\"xl1872\" style=\"width: 12.7937%;\">\n<p align=\"center\">2.8 (6x)<\/p>\n<\/td>\n<td class=\"xl1872\" style=\"width: 154.308%;\">\n<p align=\"center\">69<\/p>\n<\/td>\n<\/tr>\n<tr>\n<td class=\"xl1871\" style=\"width: 15.1436%;\" height=\"20\">\n<p align=\"center\">HR1-70<\/p>\n<\/td>\n<td class=\"xl1872\" style=\"width: 26.2867%;\">\n<p align=\"center\">70<\/p>\n<\/td>\n<td class=\"xl1872\" style=\"width: 11.0501%;\">\n<p align=\"center\">5<\/p>\n<\/td>\n<td class=\"xl1872\" style=\"width: 8.61619%;\">\n<p align=\"center\">85<\/p>\n<\/td>\n<td class=\"xl1872\" style=\"width: 8.61619%;\">\n<p align=\"center\">70<\/p>\n<\/td>\n<td class=\"xl1872\" style=\"width: 8.61619%;\">\n<p align=\"center\">68<\/p>\n<\/td>\n<td class=\"xl1872\" style=\"width: 12.7937%;\">\n<p align=\"center\">2.8 (6x)<\/p>\n<\/td>\n<td class=\"xl1872\" style=\"width: 154.308%;\">\n<p align=\"center\">79<\/p>\n<\/td>\n<\/tr>\n<tr>\n<td class=\"xl1871\" style=\"width: 15.1436%;\" height=\"20\">\n<p align=\"center\">HR1-80<\/p>\n<\/td>\n<td class=\"xl1872\" style=\"width: 26.2867%;\">\n<p align=\"center\">80<\/p>\n<\/td>\n<td class=\"xl1872\" style=\"width: 11.0501%;\">\n<p align=\"center\">5<\/p>\n<\/td>\n<td class=\"xl1872\" style=\"width: 8.61619%;\">\n<p align=\"center\">95<\/p>\n<\/td>\n<td class=\"xl1872\" style=\"width: 8.61619%;\">\n<p align=\"center\">80<\/p>\n<\/td>\n<td class=\"xl1872\" style=\"width: 8.61619%;\">\n<p align=\"center\">78<\/p>\n<\/td>\n<td class=\"xl1872\" style=\"width: 12.7937%;\">\n<p align=\"center\">2.8 (6x)<\/p>\n<\/td>\n<td class=\"xl1872\" style=\"width: 154.308%;\">\n<p align=\"center\">89<\/p>\n<\/td>\n<\/tr>\n<tr>\n<td class=\"xl1871\" style=\"width: 15.1436%;\" height=\"20\">\n<p align=\"center\">HR1-90<\/p>\n<\/td>\n<td class=\"xl1872\" style=\"width: 26.2867%;\">\n<p align=\"center\">90<\/p>\n<\/td>\n<td class=\"xl1872\" style=\"width: 11.0501%;\">\n<p align=\"center\">5<\/p>\n<\/td>\n<td class=\"xl1872\" style=\"width: 8.61619%;\">\n<p align=\"center\">105<\/p>\n<\/td>\n<td class=\"xl1872\" style=\"width: 8.61619%;\">\n<p align=\"center\">90<\/p>\n<\/td>\n<td class=\"xl1872\" style=\"width: 8.61619%;\">\n<p align=\"center\">88<\/p>\n<\/td>\n<td class=\"xl1872\" style=\"width: 12.7937%;\">\n<p align=\"center\">2.8 (6x)<\/p>\n<\/td>\n<td class=\"xl1872\" style=\"width: 154.308%;\">\n<p align=\"center\">99<\/p>\n<\/td>\n<\/tr>\n<tr>\n<td class=\"xl1871\" style=\"width: 15.1436%;\" height=\"20\">\n<p align=\"center\">HR1-100<\/p>\n<\/td>\n<td class=\"xl1872\" style=\"width: 26.2867%;\">\n<p align=\"center\">100<\/p>\n<\/td>\n<td class=\"xl1872\" style=\"width: 11.0501%;\">\n<p align=\"center\">5<\/p>\n<\/td>\n<td class=\"xl1872\" style=\"width: 8.61619%;\">\n<p align=\"center\">115<\/p>\n<\/td>\n<td class=\"xl1872\" style=\"width: 8.61619%;\">\n<p align=\"center\">100<\/p>\n<\/td>\n<td class=\"xl1872\" style=\"width: 8.61619%;\">\n<p align=\"center\">98<\/p>\n<\/td>\n<td class=\"xl1872\" style=\"width: 12.7937%;\">\n<p align=\"center\">2.8 (6x)<\/p>\n<\/td>\n<td class=\"xl1872\" style=\"width: 154.308%;\">\n<p align=\"center\">109<\/p>\n<\/td>\n<\/tr>\n<tr>\n<td class=\"xl1871\" style=\"width: 15.1436%;\" height=\"20\">\n<p align=\"center\">HR1-110<\/p>\n<\/td>\n<td class=\"xl1872\" style=\"width: 26.2867%;\">\n<p align=\"center\">110<\/p>\n<\/td>\n<td class=\"xl1872\" style=\"width: 11.0501%;\">\n<p align=\"center\">5<\/p>\n<\/td>\n<td class=\"xl1872\" style=\"width: 8.61619%;\">\n<p align=\"center\">125<\/p>\n<\/td>\n<td class=\"xl1872\" style=\"width: 8.61619%;\">\n<p align=\"center\">110<\/p>\n<\/td>\n<td class=\"xl1872\" style=\"width: 8.61619%;\">\n<p align=\"center\">108<\/p>\n<\/td>\n<td class=\"xl1872\" style=\"width: 12.7937%;\">\n<p align=\"center\">2.8 (6x)<\/p>\n<\/td>\n<td class=\"xl1872\" style=\"width: 154.308%;\">\n<p align=\"center\">119<\/p>\n<\/td>\n<\/tr>\n<tr>\n<td class=\"xl1871\" style=\"width: 15.1436%;\" height=\"20\">\n<p align=\"center\">HR1-120<\/p>\n<\/td>\n<td class=\"xl1872\" style=\"width: 26.2867%;\">\n<p align=\"center\">120<\/p>\n<\/td>\n<td class=\"xl1872\" style=\"width: 11.0501%;\">\n<p align=\"center\">5<\/p>\n<\/td>\n<td class=\"xl1872\" style=\"width: 8.61619%;\">\n<p align=\"center\">135<\/p>\n<\/td>\n<td class=\"xl1872\" style=\"width: 8.61619%;\">\n<p align=\"center\">120<\/p>\n<\/td>\n<td class=\"xl1872\" style=\"width: 8.61619%;\">\n<p align=\"center\">118<\/p>\n<\/td>\n<td class=\"xl1872\" style=\"width: 12.7937%;\">\n<p align=\"center\">2.8 (8x)<\/p>\n<\/td>\n<td class=\"xl1872\" style=\"width: 154.308%;\">\n<p align=\"center\">129<\/p>\n<\/td>\n<\/tr>\n<tr>\n<td class=\"xl1871\" style=\"width: 15.1436%;\" height=\"20\">\n<p align=\"center\">HR1-130<\/p>\n<\/td>\n<td class=\"xl1872\" style=\"width: 26.2867%;\">\n<p align=\"center\">130<\/p>\n<\/td>\n<td class=\"xl1872\" style=\"width: 11.0501%;\">\n<p align=\"center\">5<\/p>\n<\/td>\n<td class=\"xl1872\" style=\"width: 8.61619%;\">\n<p align=\"center\">145<\/p>\n<\/td>\n<td class=\"xl1872\" style=\"width: 8.61619%;\">\n<p align=\"center\">130<\/p>\n<\/td>\n<td class=\"xl1872\" style=\"width: 8.61619%;\">\n<p align=\"center\">128<\/p>\n<\/td>\n<td class=\"xl1872\" style=\"width: 12.7937%;\">\n<p align=\"center\">2.8 (8x)<\/p>\n<\/td>\n<td class=\"xl1872\" style=\"width: 154.308%;\">\n<p align=\"center\">139<\/p>\n<\/td>\n<\/tr>\n<tr>\n<td class=\"xl1871\" style=\"width: 15.1436%;\" height=\"20\">\n<p align=\"center\">HR1-140<\/p>\n<\/td>\n<td class=\"xl1872\" style=\"width: 26.2867%;\">\n<p align=\"center\">140<\/p>\n<\/td>\n<td class=\"xl1872\" style=\"width: 11.0501%;\">\n<p align=\"center\">5<\/p>\n<\/td>\n<td class=\"xl1872\" style=\"width: 8.61619%;\">\n<p align=\"center\">155<\/p>\n<\/td>\n<td class=\"xl1872\" style=\"width: 8.61619%;\">\n<p align=\"center\">140<\/p>\n<\/td>\n<td class=\"xl1872\" style=\"width: 8.61619%;\">\n<p align=\"center\">138<\/p>\n<\/td>\n<td class=\"xl1872\" style=\"width: 12.7937%;\">\n<p align=\"center\">2.8 (8x)<\/p>\n<\/td>\n<td class=\"xl1872\" style=\"width: 154.308%;\">\n<p align=\"center\">149<\/p>\n<\/td>\n<\/tr>\n<\/tbody>\n<\/table>\n<p>C\u00f3 th\u1ec3 s\u1ea3n xu\u1ea5t c\u00e1c k\u00edch th\u01b0\u1edbc kh\u00e1c theo y\u00eau c\u1ea7u, c\u0169ng nh\u01b0 s\u1ea3n xu\u1ea5t v\u00f2ng r\u0103ng b\u00ean trong b\u1eb1ng nh\u1ef1a theo b\u1ea3n v\u1ebd.<\/p>\n<table style=\"border-collapse: collapse; width: 101.662%; height: 5px;\" border=\"0\" width=\"162\" cellspacing=\"0\" cellpadding=\"0\">\n<tbody>\n<tr style=\"height: 14.40pt;\">\n<td style=\"height: 14.40pt; width: 48.60pt;\" align=\"right\" width=\"81\" height=\"24\"><img loading=\"lazy\" decoding=\"async\" class=\"size-full wp-image-7779 aligncenter\" src=\"https:\/\/fmp-components.com\/wp-content\/uploads\/2025\/04\/Internal-Gear-image.webp\" alt=\"H\u00ecnh \u1ea3nh b\u00e1nh r\u0103ng b\u00ean trong\" width=\"2048\" height=\"1951\" title=\"\" srcset=\"https:\/\/fmp-components.com\/wp-content\/uploads\/2025\/04\/Internal-Gear-image.webp 2048w, https:\/\/fmp-components.com\/wp-content\/uploads\/2025\/04\/Internal-Gear-image-1280x1219.webp 1280w, https:\/\/fmp-components.com\/wp-content\/uploads\/2025\/04\/Internal-Gear-image-980x934.webp 980w, https:\/\/fmp-components.com\/wp-content\/uploads\/2025\/04\/Internal-Gear-image-480x457.webp 480w\" sizes=\"(min-width: 0px) and (max-width: 480px) 480px, (min-width: 481px) and (max-width: 980px) 980px, (min-width: 981px) and (max-width: 1280px) 1280px, (min-width: 1281px) 2048px, 100vw\" \/><\/td>\n<td style=\"width: 48.60pt;\" align=\"right\" width=\"81\"><img loading=\"lazy\" decoding=\"async\" class=\"size-full wp-image-7780 aligncenter\" src=\"https:\/\/fmp-components.com\/wp-content\/uploads\/2025\/04\/Plastic-Internal-Gear2.webp\" alt=\"H\u00ecnh \u1ea3nh b\u00e1nh r\u0103ng b\u00ean trong\" width=\"480\" height=\"480\" title=\"\" srcset=\"https:\/\/fmp-components.com\/wp-content\/uploads\/2025\/04\/Plastic-Internal-Gear2.webp 480w, https:\/\/fmp-components.com\/wp-content\/uploads\/2025\/04\/Plastic-Internal-Gear2-300x300.webp 300w, https:\/\/fmp-components.com\/wp-content\/uploads\/2025\/04\/Plastic-Internal-Gear2-150x150.webp 150w, https:\/\/fmp-components.com\/wp-content\/uploads\/2025\/04\/Plastic-Internal-Gear2-12x12.webp 12w, https:\/\/fmp-components.com\/wp-content\/uploads\/2025\/04\/Plastic-Internal-Gear2-100x100.webp 100w\" sizes=\"(max-width: 480px) 100vw, 480px\" \/><\/td>\n<\/tr>\n<\/tbody>\n<\/table>\n<div class=\"message-bubble rounded-3xl prose dark:prose-invert break-words text-primary min-h-7 prose-p:opacity-95 prose-strong:opacity-100 w-full max-w-none\" dir=\"auto\">\n<h3 class=\"\" dir=\"auto\">T\u1ed1i \u01b0u h\u00f3a m\u00e1y m\u00f3c c\u1ee7a b\u1ea1n v\u1edbi b\u00e1nh r\u0103ng b\u00ean trong b\u1eb1ng nh\u1ef1a t\u1eeb FMP t\u1ea1i \u00dd<\/h3>\n<p class=\"break-words\" dir=\"auto\">Khi n\u00f3i \u0111\u1ebfn vi\u1ec7c n\u00e2ng cao hi\u1ec7u su\u1ea5t m\u00e1y m\u00f3c, b\u00e1nh r\u0103ng b\u00ean trong b\u1eb1ng nh\u1ef1a l\u00e0 m\u1ed9t gi\u1ea3i ph\u00e1p nh\u1eb9, b\u1ec1n v\u00e0 ti\u1ebft ki\u1ec7m chi ph\u00ed. T\u1ea1i FMP, ch\u00fang t\u00f4i chuy\u00ean s\u1ea3n xu\u1ea5t nhi\u1ec1u lo\u1ea1i b\u00e1nh r\u0103ng b\u00ean trong b\u1eb1ng nh\u1ef1a. <a href=\"https:\/\/fmp-components.com\/vi\/ring-gear\/\">b\u00e1nh r\u0103ng v\u00e0nh<\/a>, bao g\u1ed3m c\u1ea3 b\u00e1nh r\u0103ng nh\u1ef1a b\u00ean trong, \u0111\u01b0\u1ee3c thi\u1ebft k\u1ebf \u0111\u1ec3 \u0111\u00e1p \u1ee9ng nhu c\u1ea7u \u0111a d\u1ea1ng c\u1ee7a c\u00e1c ng\u00e0nh c\u00f4ng nghi\u1ec7p tr\u00ean kh\u1eafp n\u01b0\u1edbc \u00dd\u2014t\u1eeb c\u00e1c nh\u00e0 m\u00e1y nh\u1ed9n nh\u1ecbp \u1edf Milan \u0111\u1ebfn c\u00e1c x\u01b0\u1edfng s\u1ea3n xu\u1ea5t ti\u00ean ti\u1ebfn \u1edf Venice. S\u1ea3n ph\u1ea9m c\u1ee7a ch\u00fang t\u00f4i \u0111\u01b0\u1ee3c ch\u1ebf t\u00e1c ch\u00ednh x\u00e1c \u0111\u1ec3 \u0111\u1ea3m b\u1ea3o ti\u1ebfng \u1ed3n th\u1ea5p, hi\u1ec7u su\u1ea5t cao v\u00e0 kh\u1ea3 n\u0103ng ch\u1ed1ng m\u00e0i m\u00f2n, l\u00fd t\u01b0\u1edfng cho c\u00e1c \u1ee9ng d\u1ee5ng trong \u00f4 t\u00f4, robot v\u00e0 thi\u1ebft b\u1ecb c\u00f4ng nghi\u1ec7p. Cho d\u00f9 b\u1ea1n \u0111ang \u1edf Florence t\u00ecm ki\u1ebfm linh ki\u1ec7n \u0111\u00e1ng tin c\u1eady hay \u0111ang t\u1ed1i \u01b0u h\u00f3a d\u00e2y chuy\u1ec1n s\u1ea3n xu\u1ea5t t\u1ea1i Bologna, FMP \u0111\u1ec1u cung c\u1ea5p b\u00e1nh r\u0103ng ch\u1ea5t l\u01b0\u1ee3ng h\u00e0ng \u0111\u1ea7u, \u0111\u01b0\u1ee3c thi\u1ebft k\u1ebf ri\u00eang theo y\u00eau c\u1ea7u c\u1ee7a b\u1ea1n.<\/p>\n<h3 class=\"\" dir=\"auto\">C\u00f3 s\u1eb5n b\u00e1nh r\u0103ng b\u00ean trong b\u1eb1ng nh\u1ef1a t\u00f9y ch\u1ec9nh \u2013 Li\u00ean h\u1ec7 v\u1edbi ch\u00fang t\u00f4i ngay h\u00f4m nay!<\/h3>\n<p class=\"break-words\" dir=\"auto\">T\u1ea1i FMP, ch\u00fang t\u00f4i t\u1ef1 h\u00e0o kh\u00f4ng ch\u1ec9 cung c\u1ea5p b\u00e1nh r\u0103ng v\u00e0nh r\u0103ng ti\u00eau chu\u1ea9n m\u00e0 c\u00f2n cung c\u1ea5p c\u00e1c gi\u1ea3i ph\u00e1p \u0111\u01b0\u1ee3c t\u00f9y ch\u1ec9nh ho\u00e0n to\u00e0n \u0111\u1ec3 \u0111\u00e1p \u1ee9ng c\u00e1c y\u00eau c\u1ea7u ri\u00eang bi\u1ec7t c\u1ee7a b\u1ea1n. N\u1ebfu b\u1ea1n \u0111ang duy\u1ec7t danh s\u00e1ch s\u1ea3n ph\u1ea9m c\u1ee7a ch\u00fang t\u00f4i v\u00e0 kh\u00f4ng t\u00ecm th\u1ea5y m\u1eabu b\u00e1nh r\u0103ng nh\u1ef1a b\u00ean trong ch\u00ednh x\u00e1c m\u00e0 b\u1ea1n c\u1ea7n, \u0111\u1eebng lo l\u1eafng - danh m\u1ee5c s\u1ea3n ph\u1ea9m c\u1ee7a ch\u00fang t\u00f4i \u0111ang li\u00ean t\u1ee5c \u0111\u01b0\u1ee3c m\u1edf r\u1ed9ng v\u00e0 c\u00f3 th\u1ec3 ch\u00fang t\u00f4i ch\u01b0a t\u1ea3i l\u00ean. Ch\u1ec9 c\u1ea7n g\u1eedi email cho ch\u00fang t\u00f4i v\u1edbi th\u00f4ng s\u1ed1 k\u1ef9 thu\u1eadt c\u1ee7a b\u1ea1n v\u00e0 m\u1ed9t trong nh\u1eefng k\u1ef9 s\u01b0 t\u1eadn t\u00e2m c\u1ee7a ch\u00fang t\u00f4i s\u1ebd ph\u1ea3n h\u1ed3i trong v\u00f2ng 24 gi\u1edd \u0111\u1ec3 cung c\u1ea5p cho b\u1ea1n h\u1ed7 tr\u1ee3 c\u00e1 nh\u00e2n h\u00f3a v\u00e0 gi\u1ea3i ph\u00e1p ph\u00f9 h\u1ee3p nh\u1ea5t v\u1edbi d\u1ef1 \u00e1n c\u1ee7a b\u1ea1n. H\u00e3y tin t\u01b0\u1edfng FMP s\u1ebd h\u1ed7 tr\u1ee3 s\u1ef1 \u0111\u1ed5i m\u1edbi c\u1ee7a b\u1ea1n t\u1ea1i \u00dd v\u1edbi ch\u1ea5t l\u01b0\u1ee3ng v\u00e0 d\u1ecbch v\u1ee5 v\u01b0\u1ee3t tr\u1ed9i.<\/p>\n<\/div>\n<\/div>","protected":false},"excerpt":{"rendered":"<p>Plastic Internal Gear Specification Plastic Internal Gear Dimension \u03a660mm Module M0.15-M2.0 Material Type POM, PA, PPA, PBT PEEK as customized Meshing Grade ISO6, JGMA 1, JIS 6, AGMA 13, DIN 6,Din5,AGMA12 Application Automotive, Military, Aircraft, Mechanical, industrial, Medical Customized ODM\/OEM supported Sample Sample available Modes of Packing Vacuum-packed with Plastic Tray Modes of Delivery DHL [&hellip;]<\/p>","protected":false},"featured_media":7779,"comment_status":"open","ping_status":"closed","template":"","meta":{"_et_pb_use_builder":"","_et_pb_old_content":"","_et_gb_content_width":""},"product_brand":[],"product_cat":[114],"product_tag":[],"class_list":{"0":"post-7776","1":"product","2":"type-product","3":"status-publish","4":"has-post-thumbnail","6":"product_cat-ring-gear","8":"first","9":"instock","10":"shipping-taxable","11":"product-type-simple"},"_links":{"self":[{"href":"https:\/\/fmp-components.com\/vi\/wp-json\/wp\/v2\/product\/7776","targetHints":{"allow":["GET"]}}],"collection":[{"href":"https:\/\/fmp-components.com\/vi\/wp-json\/wp\/v2\/product"}],"about":[{"href":"https:\/\/fmp-components.com\/vi\/wp-json\/wp\/v2\/types\/product"}],"replies":[{"embeddable":true,"href":"https:\/\/fmp-components.com\/vi\/wp-json\/wp\/v2\/comments?post=7776"}],"wp:featuredmedia":[{"embeddable":true,"href":"https:\/\/fmp-components.com\/vi\/wp-json\/wp\/v2\/media\/7779"}],"wp:attachment":[{"href":"https:\/\/fmp-components.com\/vi\/wp-json\/wp\/v2\/media?parent=7776"}],"wp:term":[{"taxonomy":"product_brand","embeddable":true,"href":"https:\/\/fmp-components.com\/vi\/wp-json\/wp\/v2\/product_brand?post=7776"},{"taxonomy":"product_cat","embeddable":true,"href":"https:\/\/fmp-components.com\/vi\/wp-json\/wp\/v2\/product_cat?post=7776"},{"taxonomy":"product_tag","embeddable":true,"href":"https:\/\/fmp-components.com\/vi\/wp-json\/wp\/v2\/product_tag?post=7776"}],"curies":[{"name":"wp","href":"https:\/\/api.w.org\/{rel}","templated":true}]}}