{"id":7774,"date":"2025-04-04T06:19:01","date_gmt":"2025-04-04T06:19:01","guid":{"rendered":"https:\/\/fmp-components.com\/?post_type=product&#038;p=7774"},"modified":"2025-04-04T06:39:10","modified_gmt":"2025-04-04T06:39:10","slug":"automotive-internal-gear","status":"publish","type":"product","link":"https:\/\/fmp-components.com\/vi\/product\/automotive-internal-gear\/","title":{"rendered":"B\u00e1nh r\u0103ng b\u00ean trong \u00f4 t\u00f4"},"content":{"rendered":"<h3>\u0111\u1eb7c \u0111i\u1ec3m k\u1ef9 thu\u1eadt<\/h3>\n<table class=\"table\" style=\"width: 100.875%; height: 310px;\" border=\"1\">\n<tbody>\n<tr>\n<td colspan=\"2\">B\u00e1nh r\u0103ng b\u00ean trong \u00f4 t\u00f4<\/td>\n<\/tr>\n<tr>\n<td>K\u00edch th\u01b0\u1edbc<\/td>\n<td>\u03a650mm<\/td>\n<\/tr>\n<tr>\n<td>M\u00f4-\u0111un<\/td>\n<td>M0.15-M2.2<\/td>\n<\/tr>\n<tr>\n<td>Lo\u1ea1i v\u1eadt li\u1ec7u<\/td>\n<td>Kim lo\u1ea1i, \u0110\u1ed3ng, Th\u00e9p, H\u1ee3p kim, POM, K\u1ebdm, Nh\u00f4m, S\u1eaft, Kh\u00f4ng g\u1ec9, \u0110\u1ed3ng thau, \u0110\u1ed3ng<\/td>\n<\/tr>\n<tr>\n<td>C\u1ea5p \u0111\u1ed9 l\u01b0\u1edbi<\/td>\n<td>ISO6, JGMA 1, JIS 6, AGMA 13, DIN 6,Din5,AGMA12<\/td>\n<\/tr>\n<tr>\n<td>\u1ee8ng d\u1ee5ng<\/td>\n<td>\u00d4 t\u00f4, Qu\u00e2n s\u1ef1, M\u00e1y bay, C\u01a1 kh\u00ed, C\u00f4ng nghi\u1ec7p, Y t\u1ebf<\/td>\n<\/tr>\n<tr>\n<td>T\u00f9y ch\u1ec9nh<\/td>\n<td>ODM\/OEM<\/td>\n<\/tr>\n<tr>\n<td>V\u1eadt m\u1eabu<\/td>\n<td>M\u1eabu c\u00f3 s\u1eb5n<\/td>\n<\/tr>\n<tr>\n<td>C\u00e1c ch\u1ebf \u0111\u1ed9 \u0111\u00f3ng g\u00f3i<\/td>\n<td>\u0110\u00f3ng g\u00f3i ch\u00e2n kh\u00f4ng v\u1edbi khay nh\u1ef1a<\/td>\n<\/tr>\n<tr>\n<td>Ph\u01b0\u01a1ng th\u1ee9c giao h\u00e0ng<\/td>\n<td>DHL UPS<\/td>\n<\/tr>\n<tr>\n<td>Gi\u1ea5y ch\u1ee9ng nh\u1eadn<\/td>\n<td>ISO 9001: 2008\/TS16949<\/td>\n<\/tr>\n<\/tbody>\n<\/table>\n<p><span style=\"color: #333333; font-size: 22px;\">T\u1ed1i \u01b0u h\u00f3a c\u00e1c gi\u1ea3i ph\u00e1p b\u00e1nh r\u0103ng b\u00ean trong \u00f4 t\u00f4 c\u1ee7a b\u1ea1n v\u1edbi FMP t\u1ea1i \u00dd<\/span><\/p>\n<div>\n<p class=\"break-words\" dir=\"auto\">B\u00e1nh r\u0103ng b\u00ean trong, c\u00f2n \u0111\u01b0\u1ee3c g\u1ecdi l\u00e0 <a href=\"https:\/\/fmp-components.com\/vi\/ring-gear\/\">b\u00e1nh r\u0103ng v\u00e0nh<\/a>, \u0111\u00f3ng vai tr\u00f2 quan tr\u1ecdng trong vi\u1ec7c truy\u1ec1n l\u1ef1c trong c\u00e1c h\u1ec7 th\u1ed1ng nh\u1ecf g\u1ecdn, hi\u1ec7u su\u1ea5t cao. Kh\u00f4ng gi\u1ed1ng nh\u01b0 b\u00e1nh r\u0103ng ngo\u00e0i, v\u1edbi r\u0103ng \u0111\u01b0\u1ee3c c\u1eaft tr\u00ean \u0111\u01b0\u1eddng k\u00ednh ngo\u00e0i, b\u00e1nh r\u0103ng trong c\u00f3 r\u0103ng tr\u00ean b\u1ec1 m\u1eb7t b\u00ean trong c\u1ee7a c\u1ea5u tr\u00fac h\u00ecnh tr\u1ee5, khi\u1ebfn ch\u00fang tr\u1edf n\u00ean l\u00fd t\u01b0\u1edfng cho c\u00e1c \u1ee9ng d\u1ee5ng \u0111\u00f2i h\u1ecfi truy\u1ec1n m\u00f4-men xo\u1eafn hi\u1ec7u qu\u1ea3 trong kh\u00f4ng gian h\u1ea1n ch\u1ebf. T\u1ea1i FMP, ch\u00fang t\u00f4i chuy\u00ean s\u1ea3n xu\u1ea5t \u0111a d\u1ea1ng c\u00e1c lo\u1ea1i b\u00e1nh r\u0103ng v\u00e0nh, bao g\u1ed3m c\u1ea3 lo\u1ea1i r\u0103ng th\u1eb3ng v\u00e0 r\u0103ng xo\u1eafn, \u0111\u01b0\u1ee3c thi\u1ebft k\u1ebf ri\u00eang \u0111\u1ec3 \u0111\u00e1p \u1ee9ng nhu c\u1ea7u c\u1ee7a c\u00e1c ng\u00e0nh c\u00f4ng nghi\u1ec7p tr\u00ean kh\u1eafp n\u01b0\u1edbc \u00dd - t\u1eeb c\u00e1c trung t\u00e2m \u00f4 t\u00f4 s\u1ea7m u\u1ea5t c\u1ee7a Milan \u0111\u1ebfn c\u00e1c c\u00f4ng ty c\u01a1 kh\u00ed ch\u00ednh x\u00e1c c\u1ee7a Venice.<\/p>\n<p class=\"break-words\" dir=\"auto\">FMP t\u1ef1 h\u00e0o cung c\u1ea5p c\u00e1c gi\u1ea3i ph\u00e1p b\u00e1nh r\u0103ng b\u00ean trong \u0111\u01b0\u1ee3c t\u00f9y ch\u1ec9nh \u0111\u1ec3 ph\u00f9 h\u1ee3p v\u1edbi y\u00eau c\u1ea7u c\u1ee5 th\u1ec3 c\u1ee7a b\u1ea1n. N\u1ebfu b\u1ea1n \u0111ang t\u00ecm ki\u1ebfm m\u1ed9t m\u1eabu c\u1ee5 th\u1ec3 v\u00e0 kh\u00f4ng th\u1ea5y n\u00f3 trong danh s\u00e1ch s\u1ea3n ph\u1ea9m c\u1ee7a ch\u00fang t\u00f4i\u2014cho d\u00f9 b\u1ea1n \u1edf Milan, Venice, Florence hay b\u1ea5t k\u1ef3 n\u01a1i n\u00e0o kh\u00e1c\u2014\u0111\u1eebng lo l\u1eafng; \u0111i\u1ec1u \u0111\u00f3 ch\u1ec9 c\u00f3 ngh\u0129a l\u00e0 ch\u00fang t\u00f4i ch\u01b0a t\u1ea3i n\u00f3 l\u00ean. Vui l\u00f2ng g\u1eedi email cho ch\u00fang t\u00f4i th\u00f4ng s\u1ed1 k\u1ef9 thu\u1eadt mong mu\u1ed1n c\u1ee7a b\u1ea1n v\u00e0 c\u00e1c k\u1ef9 s\u01b0 l\u00e0nh ngh\u1ec1 c\u1ee7a ch\u00fang t\u00f4i s\u1ebd ph\u1ea3n h\u1ed3i trong v\u00f2ng 24 gi\u1edd v\u1edbi m\u1ed9t gi\u1ea3i ph\u00e1p ph\u00f9 h\u1ee3p. T\u1eeb vi\u1ec7c kh\u1eafc ph\u1ee5c c\u00e1c th\u00e1ch th\u1ee9c thi\u1ebft k\u1ebf nh\u01b0 nhi\u1ec5u b\u00e1nh r\u0103ng \u0111\u1ebfn vi\u1ec7c t\u1ed1i \u01b0u h\u00f3a \u0111\u1ed9 d\u1ecbch chuy\u1ec3n bi\u00ean d\u1ea1ng r\u0103ng \u0111\u1ec3 n\u00e2ng cao hi\u1ec7u su\u1ea5t, FMP l\u00e0 \u0111\u1ed1i t\u00e1c \u0111\u00e1ng tin c\u1eady c\u1ee7a b\u1ea1n v\u1ec1 b\u00e1nh r\u0103ng b\u00ean trong \u00f4 t\u00f4 tr\u00ean kh\u1eafp n\u01b0\u1edbc \u00dd, mang \u0111\u1ebfn \u0111\u1ed9 ch\u00ednh x\u00e1c v\u00e0 \u0111\u1ed9 tin c\u1eady cho m\u1ecdi d\u1ef1 \u00e1n.<\/p>\n<\/div>\n<p><img loading=\"lazy\" decoding=\"async\" class=\"size-full wp-image-7775 aligncenter\" src=\"https:\/\/fmp-components.com\/wp-content\/uploads\/2025\/04\/Internal-gear.webp\" alt=\"B\u00e1nh r\u0103ng b\u00ean trong\" width=\"771\" height=\"543\" title=\"\" srcset=\"https:\/\/fmp-components.com\/wp-content\/uploads\/2025\/04\/Internal-gear.webp 771w, https:\/\/fmp-components.com\/wp-content\/uploads\/2025\/04\/Internal-gear-480x338.webp 480w\" sizes=\"(min-width: 0px) and (max-width: 480px) 480px, (min-width: 481px) 771px, 100vw\" \/><\/p>","protected":false},"excerpt":{"rendered":"<p>specification Automotive Internal Gear Dimension \u03a650mm Module M0.15-M2.2 Material Type Metal, Bronze, Steel, Alloy, POM, Zinc, Aluminum, Iron, Stainless, Brass, Copper Meshing Grade ISO6, JGMA 1, JIS 6, AGMA 13, DIN 6,Din5,AGMA12 Application Automotive, Military, Aircraft, Mechanical, industrial, Medical Customized ODM\/OEM Sample Sample available Modes of Packing Vacuum-packed with Plastic Tray Modes of Delivery DHL [&hellip;]<\/p>","protected":false},"featured_media":4635,"comment_status":"open","ping_status":"closed","template":"","meta":{"_et_pb_use_builder":"","_et_pb_old_content":"","_et_gb_content_width":""},"product_brand":[],"product_cat":[114],"product_tag":[],"class_list":{"0":"post-7774","1":"product","2":"type-product","3":"status-publish","4":"has-post-thumbnail","6":"product_cat-ring-gear","8":"first","9":"instock","10":"shipping-taxable","11":"product-type-simple"},"_links":{"self":[{"href":"https:\/\/fmp-components.com\/vi\/wp-json\/wp\/v2\/product\/7774","targetHints":{"allow":["GET"]}}],"collection":[{"href":"https:\/\/fmp-components.com\/vi\/wp-json\/wp\/v2\/product"}],"about":[{"href":"https:\/\/fmp-components.com\/vi\/wp-json\/wp\/v2\/types\/product"}],"replies":[{"embeddable":true,"href":"https:\/\/fmp-components.com\/vi\/wp-json\/wp\/v2\/comments?post=7774"}],"wp:featuredmedia":[{"embeddable":true,"href":"https:\/\/fmp-components.com\/vi\/wp-json\/wp\/v2\/media\/4635"}],"wp:attachment":[{"href":"https:\/\/fmp-components.com\/vi\/wp-json\/wp\/v2\/media?parent=7774"}],"wp:term":[{"taxonomy":"product_brand","embeddable":true,"href":"https:\/\/fmp-components.com\/vi\/wp-json\/wp\/v2\/product_brand?post=7774"},{"taxonomy":"product_cat","embeddable":true,"href":"https:\/\/fmp-components.com\/vi\/wp-json\/wp\/v2\/product_cat?post=7774"},{"taxonomy":"product_tag","embeddable":true,"href":"https:\/\/fmp-components.com\/vi\/wp-json\/wp\/v2\/product_tag?post=7774"}],"curies":[{"name":"wp","href":"https:\/\/api.w.org\/{rel}","templated":true}]}}