{"id":7773,"date":"2025-04-04T06:08:44","date_gmt":"2025-04-04T06:08:44","guid":{"rendered":"https:\/\/fmp-components.com\/?post_type=product&#038;p=7773"},"modified":"2025-04-04T06:38:52","modified_gmt":"2025-04-04T06:38:52","slug":"metal-internal-gear","status":"publish","type":"product","link":"https:\/\/fmp-components.com\/vi\/product\/metal-internal-gear\/","title":{"rendered":"B\u00e1nh r\u0103ng b\u00ean trong b\u1eb1ng kim lo\u1ea1i"},"content":{"rendered":"<h2>B\u00e1nh r\u0103ng b\u00ean trong b\u1eb1ng kim lo\u1ea1i l\u00e0 g\u00ec?<\/h2>\n<p>B\u00e1nh r\u0103ng trong kim lo\u1ea1i l\u00e0 m\u1ed9t b\u1ed9 ph\u1eadn \u0111\u01b0\u1ee3c thi\u1ebft k\u1ebf ch\u00ednh x\u00e1c, \u0111\u01b0\u1ee3c s\u1eed d\u1ee5ng r\u1ed9ng r\u00e3i trong c\u00e1c h\u1ec7 th\u1ed1ng c\u01a1 kh\u00ed, \u0111\u1eb7c tr\u01b0ng b\u1edfi c\u00e1c r\u0103ng \u0111\u01b0\u1ee3c c\u1eaft v\u00e0o b\u1ec1 m\u1eb7t b\u00ean trong c\u1ee7a m\u1ed9t v\u00f2ng kim lo\u1ea1i h\u00ecnh tr\u1ee5. Kh\u00f4ng gi\u1ed1ng nh\u01b0 b\u00e1nh r\u0103ng ngo\u00e0i, b\u00e1nh r\u0103ng trong \u0103n kh\u1edbp v\u1edbi b\u00e1nh r\u0103ng ngo\u00e0i b\u00ean trong chu vi c\u1ee7a ch\u00fang, cho ph\u00e9p thi\u1ebft k\u1ebf nh\u1ecf g\u1ecdn v\u00e0 truy\u1ec1n \u0111\u1ed9ng hi\u1ec7u qu\u1ea3. Th\u01b0\u1eddng \u0111\u01b0\u1ee3c l\u00e0m t\u1eeb kim lo\u1ea1i c\u01b0\u1eddng \u0111\u1ed9 cao nh\u01b0 th\u00e9p ho\u1eb7c h\u1ee3p kim, ch\u00fang c\u00f3 \u0111\u1ed9 b\u1ec1n v\u00e0 kh\u1ea3 n\u0103ng ch\u1ed1ng m\u00e0i m\u00f2n, l\u00fd t\u01b0\u1edfng cho c\u00e1c \u1ee9ng d\u1ee5ng trong h\u1ed9p s\u1ed1 \u00f4 t\u00f4, m\u00e1y m\u00f3c c\u00f4ng nghi\u1ec7p v\u00e0 robot. Thi\u1ebft k\u1ebf \u0111\u1ed9c \u0111\u00e1o c\u1ee7a ch\u00fang cho ph\u00e9p v\u1eadn h\u00e0nh \u00eam \u00e1i, gi\u1ea3m ti\u1ebfng \u1ed3n v\u00e0 t\u0103ng c\u01b0\u1eddng kh\u1ea3 n\u0103ng m\u00f4-men xo\u1eafn trong m\u00f4i tr\u01b0\u1eddng h\u1ea1n ch\u1ebf v\u1ec1 kh\u00f4ng gian.<\/p>\n<h3>\u0110\u1eb7c \u0111i\u1ec3m k\u1ef9 thu\u1eadt<\/h3>\n<table class=\"table\" style=\"width: 100.982%; height: 321px;\" border=\"1\">\n<tbody>\n<tr>\n<td colspan=\"2\">B\u00e1nh r\u0103ng b\u00ean trong b\u1eb1ng kim lo\u1ea1i<\/td>\n<\/tr>\n<tr>\n<td>K\u00edch th\u01b0\u1edbc<\/td>\n<td>\u03a660mm<\/td>\n<\/tr>\n<tr>\n<td>M\u00f4-\u0111un<\/td>\n<td>M0.15-M3.0<\/td>\n<\/tr>\n<tr>\n<td>Lo\u1ea1i v\u1eadt li\u1ec7u<\/td>\n<td>Kim lo\u1ea1i, \u0110\u1ed3ng, Th\u00e9p, H\u1ee3p kim, POM, K\u1ebdm, Nh\u00f4m, S\u1eaft, Kh\u00f4ng g\u1ec9, \u0110\u1ed3ng thau, \u0110\u1ed3ng<\/td>\n<\/tr>\n<tr>\n<td>C\u1ea5p \u0111\u1ed9 l\u01b0\u1edbi<\/td>\n<td>ISO6, JGMA 1, JIS 6, AGMA 13, DIN 6,Din5,AGMA12<\/td>\n<\/tr>\n<tr>\n<td>\u1ee8ng d\u1ee5ng<\/td>\n<td>\u00d4 t\u00f4, Qu\u00e2n s\u1ef1, M\u00e1y bay, C\u01a1 kh\u00ed, C\u00f4ng nghi\u1ec7p, Y t\u1ebf<\/td>\n<\/tr>\n<tr>\n<td>T\u00f9y ch\u1ec9nh<\/td>\n<td>ODM\/OEM<\/td>\n<\/tr>\n<tr>\n<td>V\u1eadt m\u1eabu<\/td>\n<td>M\u1eabu c\u00f3 s\u1eb5n<\/td>\n<\/tr>\n<tr>\n<td>C\u00e1c ch\u1ebf \u0111\u1ed9 \u0111\u00f3ng g\u00f3i<\/td>\n<td>\u0110\u00f3ng g\u00f3i ch\u00e2n kh\u00f4ng v\u1edbi khay nh\u1ef1a<\/td>\n<\/tr>\n<tr>\n<td>Ph\u01b0\u01a1ng th\u1ee9c giao h\u00e0ng<\/td>\n<td>DHL v\u00e0 UPS<\/td>\n<\/tr>\n<tr>\n<td>Gi\u1ea5y ch\u1ee9ng nh\u1eadn<\/td>\n<td>ISO 9001: 2008\/TS16949<\/td>\n<\/tr>\n<\/tbody>\n<\/table>\n<div>\n<h3 class=\"\" dir=\"auto\">B\u00e1nh r\u0103ng b\u00ean trong b\u1eb1ng kim lo\u1ea1i: K\u1ef9 thu\u1eadt ch\u00ednh x\u00e1c c\u1ee7a FMP<\/h3>\n<p class=\"break-words\" dir=\"auto\">Khi n\u00f3i \u0111\u1ebfn B\u00e1nh r\u0103ng trong kim lo\u1ea1i, FMP l\u00e0 nh\u00e0 s\u1ea3n xu\u1ea5t h\u00e0ng \u0111\u1ea7u cung c\u1ea5p B\u00e1nh r\u0103ng v\u00e0nh r\u0103ng h\u00e0ng \u0111\u1ea7u cho c\u00e1c ng\u00e0nh c\u00f4ng nghi\u1ec7p tr\u00ean kh\u1eafp n\u01b0\u1edbc \u00dd, t\u1eeb c\u00e1c nh\u00e0 m\u00e1y c\u00f4ng nghi\u1ec7p l\u1edbn \u1edf Milan \u0111\u1ebfn c\u00e1c x\u01b0\u1edfng s\u1ea3n xu\u1ea5t l\u00e0nh ngh\u1ec1 \u1edf Venice. Nh\u1eefng b\u00e1nh r\u0103ng n\u00e0y r\u1ea5t c\u1ea7n thi\u1ebft cho vi\u1ec7c truy\u1ec1n \u0111\u1ed9ng hi\u1ec7u qu\u1ea3 trong m\u00e1y m\u00f3c, mang l\u1ea1i \u0111\u1ed9 b\u1ec1n v\u00e0 \u0111\u1ed9 ch\u00ednh x\u00e1c trong c\u00e1c \u1ee9ng d\u1ee5ng t\u1eeb \u00f4 t\u00f4 \u0111\u1ebfn thi\u1ebft b\u1ecb h\u1ea1ng n\u1eb7ng. T\u1ea1i FMP, ch\u00fang t\u00f4i s\u1ea3n xu\u1ea5t \u0111a d\u1ea1ng c\u00e1c lo\u1ea1i b\u00e1nh r\u0103ng v\u00e0nh r\u0103ng. <a href=\"https:\/\/fmp-components.com\/vi\/ring-gear\/\">B\u00e1nh r\u0103ng v\u00e0nh<\/a> S\u1eed d\u1ee5ng kim lo\u1ea1i c\u01b0\u1eddng \u0111\u1ed9 cao v\u00e0 c\u00f4ng ngh\u1ec7 ti\u00ean ti\u1ebfn, \u0111\u1ea3m b\u1ea3o hi\u1ec7u su\u1ea5t v\u01b0\u1ee3t tr\u1ed9i, \u0111\u00e1p \u1ee9ng nhu c\u1ea7u c\u1ee7a kh\u00e1ch h\u00e0ng t\u1ea1i Florence, Bologna v\u00e0 nhi\u1ec1u n\u01a1i kh\u00e1c. Cam k\u1ebft v\u1ec1 ch\u1ea5t l\u01b0\u1ee3ng gi\u00fap ch\u00fang t\u00f4i tr\u1edf th\u00e0nh \u0111\u1ed1i t\u00e1c \u0111\u00e1ng tin c\u1eady cho c\u00e1c doanh nghi\u1ec7p \u0111ang t\u00ecm ki\u1ebfm gi\u1ea3i ph\u00e1p c\u01a1 kh\u00ed \u0111\u00e1ng tin c\u1eady.<\/p>\n<h3 class=\"\" dir=\"auto\">T\u00f9y ch\u1ec9nh v\u00e0 h\u1ed7 tr\u1ee3 cho kh\u00e1ch h\u00e0ng \u00dd<\/h3>\n<p class=\"break-words\" dir=\"auto\">B\u1ea1n kh\u00f4ng t\u00ecm th\u1ea5y model ch\u00ednh x\u00e1c trong danh s\u00e1ch s\u1ea3n ph\u1ea9m c\u1ee7a ch\u00fang t\u00f4i? \u0110\u1eebng lo l\u1eafng - \u0111i\u1ec1u \u0111\u00f3 ch\u1ec9 c\u00f3 ngh\u0129a l\u00e0 ch\u00fang t\u00f4i ch\u01b0a t\u1ea3i n\u00f3 l\u00ean. Ch\u1ec9 c\u1ea7n g\u1eedi email cho ch\u00fang t\u00f4i v\u1ec1 nhu c\u1ea7u c\u1ee7a b\u1ea1n, v\u00e0 c\u00e1c k\u1ef9 s\u01b0 chuy\u00ean gia c\u1ee7a ch\u00fang t\u00f4i s\u1ebd tr\u1ea3 l\u1eddi trong v\u00f2ng 24 gi\u1edd v\u1edbi m\u1ed9t gi\u1ea3i ph\u00e1p ph\u00f9 h\u1ee3p. H\u00e3y ch\u1ecdn FMP \u0111\u1ec3 c\u00f3 \u0111\u01b0\u1ee3c \u0111\u1ed9 ch\u00ednh x\u00e1c, t\u00ednh linh ho\u1ea1t v\u00e0 s\u1ef1 xu\u1ea5t s\u1eafc mang phong c\u00e1ch \u00dd trong t\u1eebng s\u1ea3n ph\u1ea9m ch\u00fang t\u00f4i ch\u1ebf t\u1ea1o!<\/p>\n<\/div>","protected":false},"excerpt":{"rendered":"<p>What is Metal Internal Gear? Metal Internal Gear is a precision-engineered component widely used in mechanical systems, characterized by its teeth being cut into the inner surface of a cylindrical metal ring. Unlike external gears, internal gears mesh with external gears inside their circumference, enabling compact designs and efficient power transmission. Typically made from high-strength [&hellip;]<\/p>","protected":false},"featured_media":4641,"comment_status":"open","ping_status":"closed","template":"","meta":{"_et_pb_use_builder":"","_et_pb_old_content":"","_et_gb_content_width":""},"product_brand":[],"product_cat":[114],"product_tag":[],"class_list":{"0":"post-7773","1":"product","2":"type-product","3":"status-publish","4":"has-post-thumbnail","6":"product_cat-ring-gear","8":"first","9":"instock","10":"shipping-taxable","11":"product-type-simple"},"_links":{"self":[{"href":"https:\/\/fmp-components.com\/vi\/wp-json\/wp\/v2\/product\/7773","targetHints":{"allow":["GET"]}}],"collection":[{"href":"https:\/\/fmp-components.com\/vi\/wp-json\/wp\/v2\/product"}],"about":[{"href":"https:\/\/fmp-components.com\/vi\/wp-json\/wp\/v2\/types\/product"}],"replies":[{"embeddable":true,"href":"https:\/\/fmp-components.com\/vi\/wp-json\/wp\/v2\/comments?post=7773"}],"wp:featuredmedia":[{"embeddable":true,"href":"https:\/\/fmp-components.com\/vi\/wp-json\/wp\/v2\/media\/4641"}],"wp:attachment":[{"href":"https:\/\/fmp-components.com\/vi\/wp-json\/wp\/v2\/media?parent=7773"}],"wp:term":[{"taxonomy":"product_brand","embeddable":true,"href":"https:\/\/fmp-components.com\/vi\/wp-json\/wp\/v2\/product_brand?post=7773"},{"taxonomy":"product_cat","embeddable":true,"href":"https:\/\/fmp-components.com\/vi\/wp-json\/wp\/v2\/product_cat?post=7773"},{"taxonomy":"product_tag","embeddable":true,"href":"https:\/\/fmp-components.com\/vi\/wp-json\/wp\/v2\/product_tag?post=7773"}],"curies":[{"name":"wp","href":"https:\/\/api.w.org\/{rel}","templated":true}]}}