{"id":7769,"date":"2025-04-04T05:45:33","date_gmt":"2025-04-04T05:45:33","guid":{"rendered":"https:\/\/fmp-components.com\/?post_type=product&#038;p=7769"},"modified":"2025-04-04T05:50:43","modified_gmt":"2025-04-04T05:50:43","slug":"aircraft-internal-gear","status":"publish","type":"product","link":"https:\/\/fmp-components.com\/vi\/product\/aircraft-internal-gear\/","title":{"rendered":"B\u00e1nh r\u0103ng b\u00ean trong m\u00e1y bay"},"content":{"rendered":"<div>\n<h2 dir=\"auto\">B\u00e1nh r\u0103ng b\u00ean trong m\u00e1y bay: \u0110\u1ed9 ch\u00ednh x\u00e1c v\u00e0 hi\u1ec7u su\u1ea5t c\u1ee7a FMP<\/h2>\n<p class=\"break-words\" dir=\"auto\">V\u00f2ng r\u0103ng trong l\u00e0 m\u1ed9t b\u1ed9 ph\u1eadn thi\u1ebft y\u1ebfu trong h\u1ec7 th\u1ed1ng truy\u1ec1n \u0111\u1ed9ng c\u01a1 kh\u00ed, \u0111\u1eb7c bi\u1ec7t l\u00e0 trong l\u0129nh v\u1ef1c h\u00e0ng kh\u00f4ng v\u0169 tr\u1ee5, n\u01a1i \u0111\u1ed9 ch\u00ednh x\u00e1c v\u00e0 \u0111\u1ed9 b\u1ec1n l\u00e0 y\u1ebfu t\u1ed1 kh\u00f4ng th\u1ec3 b\u00e0n c\u00e3i. T\u1ea1i FMP, ch\u00fang t\u00f4i chuy\u00ean s\u1ea3n xu\u1ea5t c\u00e1c lo\u1ea1i v\u00f2ng r\u0103ng ch\u1ea5t l\u01b0\u1ee3ng cao, ph\u00f9 h\u1ee3p v\u1edbi nhi\u1ec1u ng\u00e0nh c\u00f4ng nghi\u1ec7p kh\u00e1c nhau, bao g\u1ed3m h\u00e0ng kh\u00f4ng v\u0169 tr\u1ee5, \u00f4 t\u00f4 v\u00e0 m\u00e1y m\u00f3c c\u00f4ng nghi\u1ec7p. D\u1ef1a tr\u00ean k\u1ef9 thu\u1eadt s\u1ea3n xu\u1ea5t ti\u00ean ti\u1ebfn v\u00e0 ti\u00eau chu\u1ea9n ch\u1ea5t l\u01b0\u1ee3ng nghi\u00eam ng\u1eb7t, v\u00f2ng r\u0103ng trong c\u1ee7a ch\u00fang t\u00f4i \u0111\u1ea3m b\u1ea3o hi\u1ec7u su\u1ea5t t\u1ed1i \u01b0u cho kh\u00e1ch h\u00e0ng tr\u00ean kh\u1eafp n\u01b0\u1edbc \u00dd\u2014t\u1eeb c\u00e1c trung t\u00e2m c\u00f4ng nghi\u1ec7p s\u1ea7m u\u1ea5t c\u1ee7a Milan \u0111\u1ebfn c\u00e1c x\u01b0\u1edfng c\u01a1 kh\u00ed c\u1ee7a Venice, di s\u1ea3n th\u1ee7 c\u00f4ng c\u1ee7a Florence v\u00e0 b\u1ed1i c\u1ea3nh c\u00f4ng ngh\u1ec7 ti\u00ean ti\u1ebfn c\u1ee7a Bologna. Cho d\u00f9 b\u1ea1n c\u1ea7n c\u00e1c gi\u1ea3i ph\u00e1p ti\u00eau chu\u1ea9n hay t\u00f9y ch\u1ec9nh, FMP l\u00e0 \u0111\u1ed1i t\u00e1c \u0111\u00e1ng tin c\u1eady cho s\u1ef1 ho\u00e0n h\u1ea3o c\u1ee7a b\u1ea1n.<\/p>\n<h2 dir=\"auto\">\u0110\u1eb7c \u0111i\u1ec3m k\u1ef9 thu\u1eadt<\/h2>\n<\/div>\n<table class=\"table\" style=\"width: 99.8032%; height: 344px;\" border=\"1\">\n<tbody>\n<tr>\n<td colspan=\"2\">B\u00e1nh r\u0103ng b\u00ean trong m\u00e1y bay<\/td>\n<\/tr>\n<tr>\n<td>K\u00edch th\u01b0\u1edbc<\/td>\n<td>\u03a660mm<\/td>\n<\/tr>\n<tr>\n<td>M\u00f4-\u0111un<\/td>\n<td>M0.15-M2.0<\/td>\n<\/tr>\n<tr>\n<td>Lo\u1ea1i v\u1eadt li\u1ec7u<\/td>\n<td>Kim lo\u1ea1i, \u0110\u1ed3ng, Th\u00e9p, H\u1ee3p kim, POM, K\u1ebdm, Nh\u00f4m, S\u1eaft, Kh\u00f4ng g\u1ec9, \u0110\u1ed3ng thau, \u0110\u1ed3ng<\/td>\n<\/tr>\n<tr>\n<td>C\u1ea5p \u0111\u1ed9 l\u01b0\u1edbi<\/td>\n<td>ISO6, JGMA 1, JIS 6, AGMA 13, DIN 6,Din5,AGMA12<\/td>\n<\/tr>\n<tr>\n<td>\u1ee8ng d\u1ee5ng<\/td>\n<td>\u00d4 t\u00f4, Qu\u00e2n s\u1ef1, M\u00e1y bay, C\u01a1 kh\u00ed, C\u00f4ng nghi\u1ec7p, Y t\u1ebf<\/td>\n<\/tr>\n<tr>\n<td>T\u00f9y ch\u1ec9nh<\/td>\n<td>ODM\/OEM<\/td>\n<\/tr>\n<tr>\n<td>V\u1eadt m\u1eabu<\/td>\n<td>M\u1eabu c\u00f3 s\u1eb5n<\/td>\n<\/tr>\n<tr>\n<td>C\u00e1c ch\u1ebf \u0111\u1ed9 \u0111\u00f3ng g\u00f3i<\/td>\n<td>\u0110\u00f3ng g\u00f3i ch\u00e2n kh\u00f4ng v\u1edbi khay nh\u1ef1a<\/td>\n<\/tr>\n<tr>\n<td>Ph\u01b0\u01a1ng th\u1ee9c giao h\u00e0ng<\/td>\n<td>DHL v\u00e0 UPS<\/td>\n<\/tr>\n<tr>\n<td>Gi\u1ea5y ch\u1ee9ng nh\u1eadn<\/td>\n<td>ISO 9001: 2008\/TS16949<\/td>\n<\/tr>\n<\/tbody>\n<\/table>\n<p><img loading=\"lazy\" decoding=\"async\" class=\"size-full wp-image-7771 aligncenter\" src=\"https:\/\/fmp-components.com\/wp-content\/uploads\/2025\/04\/Aircraft-Internal-Gear-2.webp\" alt=\"M\u00e1y bay-B\u00e1nh r\u0103ng b\u00ean trong\" width=\"1205\" height=\"400\" title=\"\" srcset=\"https:\/\/fmp-components.com\/wp-content\/uploads\/2025\/04\/Aircraft-Internal-Gear-2.webp 1205w, https:\/\/fmp-components.com\/wp-content\/uploads\/2025\/04\/Aircraft-Internal-Gear-2-980x325.webp 980w, https:\/\/fmp-components.com\/wp-content\/uploads\/2025\/04\/Aircraft-Internal-Gear-2-480x159.webp 480w\" sizes=\"(min-width: 0px) and (max-width: 480px) 480px, (min-width: 481px) and (max-width: 980px) 980px, (min-width: 981px) 1205px, 100vw\" \/> <img loading=\"lazy\" decoding=\"async\" class=\"size-full wp-image-7772 aligncenter\" src=\"https:\/\/fmp-components.com\/wp-content\/uploads\/2025\/04\/Aircraft-Internal-Gear-1.webp\" alt=\"M\u00e1y bay-B\u00e1nh r\u0103ng b\u00ean trong\" width=\"1196\" height=\"402\" title=\"\" srcset=\"https:\/\/fmp-components.com\/wp-content\/uploads\/2025\/04\/Aircraft-Internal-Gear-1.webp 1196w, https:\/\/fmp-components.com\/wp-content\/uploads\/2025\/04\/Aircraft-Internal-Gear-1-980x329.webp 980w, https:\/\/fmp-components.com\/wp-content\/uploads\/2025\/04\/Aircraft-Internal-Gear-1-480x161.webp 480w\" sizes=\"(min-width: 0px) and (max-width: 480px) 480px, (min-width: 481px) and (max-width: 980px) 980px, (min-width: 981px) 1196px, 100vw\" \/><\/p>\n<p><span style=\"color: #333333; font-size: 18px;\">T\u00ednh n\u0103ng s\u1ea3n ph\u1ea9m<\/span><\/p>\n<div>\n<p class=\"break-words\" dir=\"auto\">B\u00e1nh r\u0103ng b\u00ean trong m\u00e1y bay c\u1ee7a ch\u00fang t\u00f4i n\u1ed5i b\u1eadt nh\u1edd tay ngh\u1ec1 th\u1ee7 c\u00f4ng \u0111\u1eb7c bi\u1ec7t:<\/p>\n<ol class=\"marker:text-secondary\" dir=\"auto\">\n<li class=\"break-words\">S\u1ea3n xu\u1ea5t c\u00f3 \u0111\u1ed9 ch\u00ednh x\u00e1c cao: S\u1eed d\u1ee5ng c\u00f4ng ngh\u1ec7 gia c\u00f4ng CNC hi\u1ec7n \u0111\u1ea1i, ch\u00fang t\u00f4i \u0111\u1ea3m b\u1ea3o \u0111\u1ed9 ch\u00ednh x\u00e1c v\u1ec1 h\u00ecnh d\u1ea1ng v\u00e0 s\u1ef1 li\u00ean k\u1ebft c\u1ee7a r\u0103ng, gi\u1ea3m thi\u1ec3u ti\u1ebfng \u1ed3n v\u00e0 \u0111\u1ed9 rung \u0111\u1ec3 v\u1eadn h\u00e0nh tr\u01a1n tru\u2014l\u00fd t\u01b0\u1edfng cho c\u00e1c \u1ee9ng d\u1ee5ng h\u00e0ng kh\u00f4ng v\u0169 tr\u1ee5 t\u1ea1i c\u00e1c th\u00e0nh ph\u1ed1 nh\u01b0 Milan v\u00e0 Bologna.<\/li>\n<li class=\"break-words\">V\u1eadt li\u1ec7u c\u00f3 \u0111\u1ed9 b\u1ec1n cao: \u0110\u01b0\u1ee3c ch\u1ebf t\u1ea1o t\u1eeb th\u00e9p h\u1ee3p kim cao c\u1ea5p v\u1edbi quy tr\u00ecnh x\u1eed l\u00fd nhi\u1ec7t ti\u00ean ti\u1ebfn, b\u00e1nh r\u0103ng c\u1ee7a ch\u00fang t\u00f4i c\u00f3 \u0111\u1ed9 b\u1ec1n v\u01b0\u1ee3t tr\u1ed9i khi ch\u1ecbu t\u1ea3i n\u1eb7ng, ph\u1ee5c v\u1ee5 kh\u00e1ch h\u00e0ng t\u1eeb Venice \u0111\u1ebfn Florence v\u1edbi \u0111\u1ed9 tin c\u1eady l\u00e2u d\u00e0i.<\/li>\n<li class=\"break-words\">Kh\u1ea3 n\u0103ng ch\u1ed1ng m\u00e0i m\u00f2n tuy\u1ec7t v\u1eddi: B\u1ec1 m\u1eb7t \u0111\u01b0\u1ee3c x\u1eed l\u00fd \u0111\u1eb7c bi\u1ec7t \u0111\u1ea3m b\u1ea3o kh\u1ea3 n\u0103ng ch\u1ed1ng m\u00e0i m\u00f2n v\u01b0\u1ee3t tr\u1ed9i, duy tr\u00ec hi\u1ec7u qu\u1ea3 theo th\u1eddi gian\u2014ho\u00e0n to\u00e0n ph\u00f9 h\u1ee3p v\u1edbi c\u00e1c ng\u00e0nh c\u00f4ng nghi\u1ec7p kh\u1eaft khe c\u1ee7a \u00dd.<\/li>\n<li class=\"break-words\">Thi\u1ebft k\u1ebf c\u00f3 th\u1ec3 t\u00f9y ch\u1ec9nh: T\u1ea1i FMP, ch\u00fang t\u00f4i cung c\u1ea5p B\u00e1nh r\u0103ng v\u00e0nh c\u00f3 th\u1ec3 t\u00f9y ch\u1ec9nh ho\u00e0n to\u00e0n, \u0111i\u1ec1u ch\u1ec9nh k\u00edch th\u01b0\u1edbc, th\u00f4ng s\u1ed1 r\u0103ng v\u00e0 v\u1eadt li\u1ec7u theo nhu c\u1ea7u c\u1ee5 th\u1ec3 c\u1ee7a b\u1ea1n, b\u1ea5t k\u1ec3 b\u1ea1n \u1edf \u0111\u00e2u t\u1ea1i \u00dd.<\/li>\n<\/ol>\n<div>\n<h4 class=\"\" dir=\"auto\">T\u00f9y ch\u1ec9nh v\u00e0 kh\u1ea3 d\u1ee5ng<\/h4>\n<p class=\"break-words\" dir=\"auto\">FMP t\u1ef1 h\u00e0o s\u1ea3n xu\u1ea5t nhi\u1ec1u lo\u1ea1i <a href=\"https:\/\/fmp-components.com\/vi\/ring-gear\/\">B\u00e1nh r\u0103ng v\u00e0nh<\/a> v\u00e0 hoan ngh\u00eanh c\u00e1c \u0111\u01a1n \u0111\u1eb7t h\u00e0ng t\u00f9y ch\u1ec9nh theo y\u00eau c\u1ea7u ri\u00eang c\u1ee7a b\u1ea1n. N\u1ebfu b\u1ea1n kh\u00f4ng t\u00ecm th\u1ea5y m\u1eabu s\u1ea3n ph\u1ea9m ch\u00ednh x\u00e1c m\u00ecnh c\u1ea7n trong danh s\u00e1ch s\u1ea3n ph\u1ea9m c\u1ee7a ch\u00fang t\u00f4i\u2014d\u00f9 b\u1ea1n \u1edf Milan, Venice, Florence hay Bologna\u2014th\u00ec \u0111i\u1ec1u \u0111\u00f3 c\u00f3 ngh\u0129a l\u00e0 ch\u00fang t\u00f4i ch\u01b0a t\u1ea3i n\u00f3 l\u00ean. Vui l\u00f2ng g\u1eedi email cho ch\u00fang t\u00f4i y\u00eau c\u1ea7u c\u1ee7a b\u1ea1n. C\u00e1c k\u1ef9 s\u01b0 chuy\u00ean gia c\u1ee7a ch\u00fang t\u00f4i s\u1ebd ph\u1ea3n h\u1ed3i trong v\u00f2ng 24 gi\u1edd, cung c\u1ea5p c\u00e1c gi\u1ea3i ph\u00e1p ph\u00f9 h\u1ee3p \u0111\u1ec3 gi\u00fap d\u1ef1 \u00e1n c\u1ee7a b\u1ea1n lu\u00f4n th\u00e0nh c\u00f4ng. Li\u00ean h\u1ec7 v\u1edbi FMP ngay h\u00f4m nay v\u00e0 tr\u1ea3i nghi\u1ec7m \u0111\u1ed9 ch\u00ednh x\u00e1c mang phong c\u00e1ch \u00dd v\u1edbi chuy\u00ean m\u00f4n to\u00e0n c\u1ea7u!<\/p>\n<\/div>\n<p>&nbsp;<\/p>\n<\/div>","protected":false},"excerpt":{"rendered":"<p>Aircraft Internal Gear: Precision and Performance by FMP The internal gear ring is a vital component in mechanical transmission systems, especially within the aerospace sector, where precision and durability are non-negotiable. At FMP, we specialize in producing high-quality Ring Gears tailored to various industries, including aerospace, automotive, and industrial machinery. Based on advanced manufacturing techniques [&hellip;]<\/p>","protected":false},"featured_media":4648,"comment_status":"open","ping_status":"closed","template":"","meta":{"_et_pb_use_builder":"","_et_pb_old_content":"","_et_gb_content_width":""},"product_brand":[],"product_cat":[114],"product_tag":[],"class_list":{"0":"post-7769","1":"product","2":"type-product","3":"status-publish","4":"has-post-thumbnail","6":"product_cat-ring-gear","8":"first","9":"instock","10":"shipping-taxable","11":"product-type-simple"},"_links":{"self":[{"href":"https:\/\/fmp-components.com\/vi\/wp-json\/wp\/v2\/product\/7769","targetHints":{"allow":["GET"]}}],"collection":[{"href":"https:\/\/fmp-components.com\/vi\/wp-json\/wp\/v2\/product"}],"about":[{"href":"https:\/\/fmp-components.com\/vi\/wp-json\/wp\/v2\/types\/product"}],"replies":[{"embeddable":true,"href":"https:\/\/fmp-components.com\/vi\/wp-json\/wp\/v2\/comments?post=7769"}],"wp:featuredmedia":[{"embeddable":true,"href":"https:\/\/fmp-components.com\/vi\/wp-json\/wp\/v2\/media\/4648"}],"wp:attachment":[{"href":"https:\/\/fmp-components.com\/vi\/wp-json\/wp\/v2\/media?parent=7769"}],"wp:term":[{"taxonomy":"product_brand","embeddable":true,"href":"https:\/\/fmp-components.com\/vi\/wp-json\/wp\/v2\/product_brand?post=7769"},{"taxonomy":"product_cat","embeddable":true,"href":"https:\/\/fmp-components.com\/vi\/wp-json\/wp\/v2\/product_cat?post=7769"},{"taxonomy":"product_tag","embeddable":true,"href":"https:\/\/fmp-components.com\/vi\/wp-json\/wp\/v2\/product_tag?post=7769"}],"curies":[{"name":"wp","href":"https:\/\/api.w.org\/{rel}","templated":true}]}}