{"id":7760,"date":"2025-04-04T04:01:26","date_gmt":"2025-04-04T04:01:26","guid":{"rendered":"https:\/\/fmp-components.com\/?post_type=product&#038;p=7760"},"modified":"2025-04-04T05:33:52","modified_gmt":"2025-04-04T05:33:52","slug":"stainless-steel-ring-gear-for-wind-turbine","status":"publish","type":"product","link":"https:\/\/fmp-components.com\/vi\/product\/stainless-steel-ring-gear-for-wind-turbine\/","title":{"rendered":"B\u00e1nh r\u0103ng v\u00e0nh th\u00e9p kh\u00f4ng g\u1ec9 cho tuabin gi\u00f3"},"content":{"rendered":"<div>\n<h2 dir=\"auto\">V\u00f2ng th\u00e9p kh\u00f4ng g\u1ec9: Cung c\u1ea5p n\u0103ng l\u01b0\u1ee3ng cho tua-bin gi\u00f3<\/h2>\n<p class=\"break-words\" dir=\"auto\">V\u00f2ng th\u00e9p kh\u00f4ng g\u1ec9 l\u00e0 th\u00e0nh ph\u1ea7n quan tr\u1ecdng trong k\u1ef9 thu\u1eadt hi\u1ec7n \u0111\u1ea1i, \u0111\u01b0\u1ee3c \u0111\u00e1nh gi\u00e1 cao nh\u1edd kh\u1ea3 n\u0103ng ch\u1ed1ng \u0103n m\u00f2n, \u0111\u1ed9 b\u1ec1n m\u00e0i m\u00f2n v\u00e0 kh\u1ea3 n\u0103ng ch\u1ed1ng g\u1ec9 s\u00e9t v\u01b0\u1ee3t tr\u1ed9i. Trong c\u00e1c tuabin gi\u00f3, nh\u1eefng v\u00f2ng n\u00e0y\u2014th\u01b0\u1eddng \u0111\u01b0\u1ee3c thi\u1ebft k\u1ebf nh\u01b0 b\u00e1nh r\u0103ng v\u00e0nh trong\u2014\u0111\u00f3ng vai tr\u00f2 thi\u1ebft y\u1ebfu trong h\u1ec7 th\u1ed1ng xoay v\u00e0 nghi\u00eang, \u0111\u1ea3m b\u1ea3o chuy\u1ec3n \u0111\u1ed9ng ch\u00ednh x\u00e1c v\u00e0 \u0111\u1ed9 tin c\u1eady l\u00e2u d\u00e0i trong \u0111i\u1ec1u ki\u1ec7n m\u00f4i tr\u01b0\u1eddng kh\u1eafc nghi\u1ec7t. \u00dd, v\u1edbi ng\u00e0nh n\u0103ng l\u01b0\u1ee3ng t\u00e1i t\u1ea1o \u0111ang ph\u00e1t tri\u1ec3n m\u1ea1nh m\u1ebd t\u1ea1i c\u00e1c th\u00e0nh ph\u1ed1 nh\u01b0 Milan v\u00e0 Bologna, ph\u1ee5 thu\u1ed9c v\u00e0o c\u00e1c linh ki\u1ec7n c\u00f3 \u0111\u1ed9 ch\u00ednh x\u00e1c cao nh\u01b0 v\u1eady \u0111\u1ec3 h\u1ed7 tr\u1ee3 s\u1ea3n xu\u1ea5t \u0111i\u1ec7n b\u1ec1n v\u1eefng. \u0110\u01b0\u1ee3c l\u00e0m t\u1eeb th\u00e9p kh\u00f4ng g\u1ec9 cao c\u1ea5p, nh\u1eefng v\u00f2ng n\u00e0y v\u01b0\u1ee3t tr\u1ed9i trong c\u00e1c \u1ee9ng d\u1ee5ng \u0111\u00f2i h\u1ecfi kh\u1eaft khe, t\u1eeb m\u00e1y m\u00f3c h\u1ea1ng n\u1eb7ng \u0111\u1ebfn thi\u1ebft b\u1ecb h\u00e0ng h\u1ea3i \u1edf Venice v\u00e0 c\u00e1c c\u1ea3i ti\u1ebfn h\u00e0ng kh\u00f4ng v\u0169 tr\u1ee5 \u1edf Florence, khi\u1ebfn ch\u00fang tr\u1edf th\u00e0nh v\u1eadt b\u1ea5t ly th\u00e2n cho s\u1ef1 xu\u1ea5t s\u1eafc trong c\u00f4ng nghi\u1ec7p.<\/p>\n<\/div>\n<table class=\"aliDataTable\" style=\"width: 100.293%;\" border=\"1\">\n<tbody>\n<tr>\n<td style=\"width: 374.349%;\" colspan=\"2\">\n<div><b data-spm-anchor-id=\"a2700.details.0.i27.bf425d5dOqoAqD\">Th\u00f4ng s\u1ed1 k\u1ef9 thu\u1eadt<\/b><\/div>\n<\/td>\n<\/tr>\n<tr>\n<td style=\"width: 33.7449%;\">\n<div>H\u00ecnh d\u1ea1ng<\/div>\n<\/td>\n<td style=\"width: 340.604%;\">\n<div><a href=\"https:\/\/fmp-components.com\/vi\/ring-gear\/\">B\u00e1nh r\u0103ng v\u00e0nh<\/a><\/div>\n<\/td>\n<\/tr>\n<tr>\n<td style=\"width: 33.7449%;\">\n<div>H\u1ed3 s\u01a1 r\u0103ng<\/div>\n<\/td>\n<td style=\"width: 340.604%;\">xo\u1eafn l\u1ea1i<\/td>\n<\/tr>\n<tr>\n<td style=\"width: 33.7449%;\">\n<div>S\u1ef1 mi\u00eau t\u1ea3<\/div>\n<\/td>\n<td style=\"width: 340.604%;\">\n<div>B\u00e1nh r\u0103ng v\u00e0nh truy\u1ec1n \u0111\u1ed9ng<\/div>\n<\/td>\n<\/tr>\n<tr>\n<td style=\"width: 33.7449%;\">\n<div>K\u00edch c\u1ee1<\/div>\n<\/td>\n<td style=\"width: 340.604%;\">\n<div>Theo b\u1ea3n v\u1ebd<\/div>\n<\/td>\n<\/tr>\n<\/tbody>\n<\/table>\n<div><\/div>\n<div>\n<div id=\"3u9z5\">\n<div id=\"ali-anchor-AliMaya-kiqiy\" data-section=\"AliMaya-kiqiy\" data-section-title=\"Technical Detail\" data-spm-anchor-id=\"a2700.details.0.i29.bf425d5dOqoAqD\">Chi ti\u1ebft k\u1ef9 thu\u1eadt<\/div>\n<\/div>\n<div>\n<div id=\"6re8y\">\n<table class=\"aliDataTable\" style=\"width: 99.9363%;\" border=\"1\">\n<tbody>\n<tr>\n<td style=\"width: 16.5312%;\" rowspan=\"3\">\n<div>\n<div><\/div>\n<div><\/div>\n<div>V\u1eadt li\u1ec7u \u0111\u01b0\u1ee3c ch\u1ecdn<\/div>\n<\/div>\n<\/td>\n<td style=\"width: 18.6992%;\">\n<div>Th\u00e9p cacbon<\/div>\n<\/td>\n<td style=\"width: 90.1521%;\">\n<div>SAE1020, SAE1045, Cr12, 40Cr, Y15Pb, 1214L, v.v.<\/div>\n<\/td>\n<\/tr>\n<tr>\n<td style=\"width: 18.6992%;\">\n<div>Th\u00e9p h\u1ee3p kim<\/div>\n<\/td>\n<td style=\"width: 90.1521%;\">\n<div>20CrMnTi, 16MnCr5, 20CrMnMo, 41CrMo, 17CrNiMo5, v.v.<\/div>\n<\/td>\n<\/tr>\n<tr>\n<td style=\"width: 18.6992%;\">\n<div>\u0110\u1ed3ng thau\/\u0110\u1ed3ng \u0111\u1ecf<\/div>\n<\/td>\n<td style=\"width: 90.1521%;\">\n<div>HPb59-1, H70, CuZn39Pb2, CuZn40Pb2, C38000, CuZn40, v.v.<\/div>\n<\/td>\n<\/tr>\n<tr>\n<td style=\"width: 16.5312%;\">\n<div>\n<div>C\u00e1c m\u00f4-\u0111un<\/div>\n<\/div>\n<\/td>\n<td style=\"width: 108.851%;\" colspan=\"2\">\n<div>1.0, 1.25, 1.5, 1.75, 2.0, 2.25, 2.5\u2026.8.0 v.v.<\/div>\n<\/td>\n<\/tr>\n<tr>\n<td style=\"width: 16.5312%;\">\n<div>\n<div>Qu\u00e1 tr\u00ecnh gia c\u00f4ng<\/div>\n<\/div>\n<\/td>\n<td style=\"width: 108.851%;\" colspan=\"2\">\n<div>Phay b\u00e1nh r\u0103ng, Phay b\u00e1nh r\u0103ng, \u0110\u1ecbnh h\u00ecnh b\u00e1nh r\u0103ng, Doa b\u00e1nh r\u0103ng,<br \/>\nC\u1ea1o b\u00e1nh r\u0103ng, m\u00e0i b\u00e1nh r\u0103ng v\u00e0 m\u00e0i nh\u1eb5n b\u00e1nh r\u0103ng<\/div>\n<\/td>\n<\/tr>\n<tr>\n<td style=\"width: 16.5312%;\" rowspan=\"2\">\n<div>\n<div><\/div>\n<div>Ki\u1ec3m so\u00e1t dung sai<\/div>\n<\/div>\n<\/td>\n<td style=\"width: 18.6992%;\">\n<div>\u0110\u01b0\u1eddng k\u00ednh ngo\u00e0i<\/div>\n<\/td>\n<td style=\"width: 90.1521%;\">\n<div>\u00b10,005 mm<\/div>\n<\/td>\n<\/tr>\n<tr>\n<td style=\"width: 18.6992%;\">\n<div>Chi\u1ec1u d\u00e0i K\u00edch th\u01b0\u1edbc<\/div>\n<\/td>\n<td style=\"width: 90.1521%;\">\n<div>\u00b10,05 mm<\/div>\n<\/td>\n<\/tr>\n<tr>\n<td style=\"width: 16.5312%;\">\n<div>\n<div>X\u1eed l\u00fd nhi\u1ec7t<\/div>\n<\/div>\n<\/td>\n<td style=\"width: 108.851%;\" colspan=\"2\">\n<div>L\u00e0m ngu\u1ed9i &amp; Ram, Th\u1ea5m cacbon &amp; L\u00e0m ngu\u1ed9i, L\u00e0m c\u1ee9ng t\u1ea7n s\u1ed1 cao, Th\u1ea5m cacbonit\u2026\u2026<\/div>\n<\/td>\n<\/tr>\n<tr>\n<td style=\"width: 16.5312%;\">\n<div>\n<div>\u0110\u1ed9 ch\u00ednh x\u00e1c c\u1ee7a r\u0103ng<\/div>\n<\/div>\n<\/td>\n<td style=\"width: 108.851%;\" colspan=\"2\">\n<div>DIN L\u1edbp 4, ISO\/GB L\u1edbp 4, AGMA L\u1edbp 13, JIS L\u1edbp 0<\/div>\n<\/td>\n<\/tr>\n<tr>\n<td style=\"width: 16.5312%;\">\n<div>\n<div>X\u1eed l\u00fd b\u1ec1 m\u1eb7t<\/div>\n<\/div>\n<\/td>\n<td style=\"width: 108.851%;\" colspan=\"2\">\n<div>\u0110\u00e1nh b\u00f3ng, L\u00e0m \u0111en, Anod h\u00f3a, M\u1ea1 crom, M\u1ea1 k\u1ebdm, M\u1ea1 niken\u2026\u2026<\/div>\n<\/td>\n<\/tr>\n<\/tbody>\n<\/table>\n<div class=\"sliderTable mt10 mb10 sliderTable-index0 change-to-org\">\n<div class=\"inner\">\n<table border=\"1\" width=\"100%\">\n<tbody>\n<tr class=\"firstRow\">\n<th colspan=\"2\" valign=\"top\">D\u1eef li\u1ec7u c\u01a1 b\u1ea3n v\u1ec1 b\u00e1nh r\u0103ng<\/th>\n<\/tr>\n<tr>\n<td valign=\"center\">H\u00ecnh d\u1ea1ng r\u0103ng b\u00e1nh r\u0103ng<\/td>\n<td valign=\"center\">xo\u1eafn l\u1ea1i<\/td>\n<\/tr>\n<tr>\n<td valign=\"center\">V\u1eadt li\u1ec7u b\u00e1nh r\u0103ng<\/td>\n<td valign=\"center\">42CrMo<\/td>\n<\/tr>\n<tr>\n<td valign=\"center\">Quy tr\u00ecnh b\u00e1nh r\u0103ng<\/td>\n<td valign=\"center\">phun s\u01b0\u01a1ng, b\u1ec1n, phay r\u0103ng, m\u00e0i m\u1eb7t trong v\u00e0 m\u00e0i m\u1eb7t ph\u1eb3ng, m\u00e0i r\u0103ng<\/td>\n<\/tr>\n<tr>\n<td valign=\"center\">G\u00f3c \u00e1p su\u1ea5t<\/td>\n<td valign=\"center\">20\u00b0<\/td>\n<\/tr>\n<tr>\n<td valign=\"center\">M\u1ee9c ch\u1ea5t l\u01b0\u1ee3ng<\/td>\n<td valign=\"center\">DIN 3962 l\u1edbp 7<\/td>\n<\/tr>\n<tr>\n<td valign=\"center\">Lo\u1ea1i b\u00e1nh r\u0103ng<\/td>\n<td valign=\"center\">Mn=6, Z=109, \u03b2=0\u00b0, X=-0,25<\/td>\n<\/tr>\n<\/tbody>\n<\/table>\n<\/div>\n<\/div>\n<p>KH\u1ea2 N\u0102NG C\u1ee6A B\u00c1NH R\u0102NG\/SPLINE<\/p>\n<div class=\"sliderTable mt10 mb10 sliderTable-index1 change-to-org\">\n<div class=\"inner\">\n<table border=\"1\" width=\"100%\">\n<tbody>\n<tr class=\"firstRow\">\n<th colspan=\"4\" valign=\"top\">B\u00c1NH R\u0102NG TRONG V\u00c0 R\u0102NG R\u0102NG TRONG<\/th>\n<\/tr>\n<tr>\n<td valign=\"top\"><\/td>\n<td valign=\"top\">XAY<\/td>\n<td valign=\"top\">\u0110\u1ecaNH H\u00ccNH<\/td>\n<td valign=\"top\">Nghi\u1ebfn r\u0103ng<\/td>\n<\/tr>\n<tr>\n<td valign=\"top\">OD t\u1ed1i \u0111a<\/td>\n<td valign=\"top\">2500 mm<\/td>\n<td valign=\"top\">2500 mm<\/td>\n<td valign=\"top\">2500 mm<\/td>\n<\/tr>\n<tr>\n<td valign=\"top\">ID t\u1ed1i thi\u1ec3u<\/td>\n<td valign=\"top\">650 mm<\/td>\n<td valign=\"top\">50 mm<\/td>\n<td valign=\"top\">100 mm<\/td>\n<\/tr>\n<tr>\n<td valign=\"top\">Chi\u1ec1u r\u1ed9ng m\u1eb7t t\u1ed1i \u0111a<\/td>\n<td valign=\"top\">500 mm<\/td>\n<td valign=\"top\">500 mm<\/td>\n<td valign=\"top\">500 mm<\/td>\n<\/tr>\n<tr>\n<td valign=\"top\">B\u01b0\u1edbc \u0111\u01b0\u1eddng k\u00ednh t\u1ed1i \u0111a<\/td>\n<td valign=\"top\">DP 1<\/td>\n<td valign=\"top\">DP 1<\/td>\n<td valign=\"top\">DP 0.5<\/td>\n<\/tr>\n<tr>\n<td valign=\"top\">M\u00f4-\u0111un t\u1ed1i \u0111a<\/td>\n<td valign=\"top\">26 mm<\/td>\n<td valign=\"top\">26 mm<\/td>\n<td valign=\"top\">45 mm<\/td>\n<\/tr>\n<tr>\n<td valign=\"top\">C\u1ea5p \u0111\u1ed9 AGMA\/ C\u1ea5p \u0111\u1ed9 DIN<\/td>\n<td valign=\"top\">DIN L\u1edbp 8<\/td>\n<td valign=\"top\">DIN L\u1edbp 8<\/td>\n<td valign=\"top\">DIN L\u1edbp 4<\/td>\n<\/tr>\n<tr>\n<td valign=\"top\">Ho\u00e0n thi\u1ec7n b\u1ec1 m\u1eb7t r\u0103ng<\/td>\n<td valign=\"top\">Ra 3.2<\/td>\n<td valign=\"top\">Ra 3.2<\/td>\n<td valign=\"top\">Ra 0,6<\/td>\n<\/tr>\n<tr>\n<td valign=\"top\">G\u00f3c xo\u1eafn \u1ed1c t\u1ed1i \u0111a<\/td>\n<td valign=\"top\">\u00b122,5\u00b0<\/td>\n<td valign=\"top\">\u00b122,5\u00b0<\/td>\n<td valign=\"top\">\u00b145\u00b0<\/td>\n<\/tr>\n<tr>\n<th colspan=\"4\" valign=\"top\">B\u00c1NH R\u0102NG NGO\u00c0I V\u00c0 KHU\u00d4N NGO\u00c0I<\/th>\n<\/tr>\n<tr>\n<td valign=\"top\"><\/td>\n<td valign=\"top\">HOBBING<\/td>\n<td valign=\"top\">XAY<\/td>\n<td valign=\"top\">Nghi\u1ebfn r\u0103ng<\/td>\n<\/tr>\n<tr>\n<td valign=\"top\">OD t\u1ed1i \u0111a<\/td>\n<td valign=\"top\">1250 mm<\/td>\n<td valign=\"top\">2500 mm<\/td>\n<td valign=\"top\">2500 mm<\/td>\n<\/tr>\n<tr>\n<td valign=\"top\">OD t\u1ed1i thi\u1ec3u<\/td>\n<td valign=\"top\">20 mm<\/td>\n<td valign=\"top\">200 mm<\/td>\n<td valign=\"top\">20 mm<\/td>\n<\/tr>\n<tr>\n<td valign=\"top\">Chi\u1ec1u r\u1ed9ng m\u1eb7t t\u1ed1i \u0111a<\/td>\n<td valign=\"top\">500 mm<\/td>\n<td valign=\"top\">500 mm<\/td>\n<td valign=\"top\">1480 mm<\/td>\n<\/tr>\n<tr>\n<td valign=\"top\">B\u01b0\u1edbc \u0111\u01b0\u1eddng k\u00ednh t\u1ed1i \u0111a<\/td>\n<td valign=\"top\">DP 1<\/td>\n<td valign=\"top\">DP 1<\/td>\n<td valign=\"top\">DP 0.5<\/td>\n<\/tr>\n<tr>\n<td valign=\"top\">M\u00f4-\u0111un t\u1ed1i \u0111a<\/td>\n<td valign=\"top\">26 mm<\/td>\n<td valign=\"top\">26 mm<\/td>\n<td valign=\"top\">45 mm<\/td>\n<\/tr>\n<tr>\n<td valign=\"top\">C\u1ea5p \u0111\u1ed9 AGMA\/ C\u1ea5p \u0111\u1ed9 DIN<\/td>\n<td valign=\"top\">DIN L\u1edbp 8<\/td>\n<td valign=\"top\">DIN L\u1edbp 8<\/td>\n<td valign=\"top\">DIN L\u1edbp 4<\/td>\n<\/tr>\n<tr>\n<td valign=\"top\">Ho\u00e0n thi\u1ec7n b\u1ec1 m\u1eb7t r\u0103ng<\/td>\n<td valign=\"top\">Ra 3.2<\/td>\n<td valign=\"top\">Ra 3.2<\/td>\n<td valign=\"top\">Ra 0,6<\/td>\n<\/tr>\n<tr>\n<td valign=\"top\">G\u00f3c xo\u1eafn \u1ed1c t\u1ed1i \u0111a<\/td>\n<td valign=\"top\">\u00b145\u00b0<\/td>\n<td valign=\"top\">\u00b145\u00b0<\/td>\n<td valign=\"top\">\u00b145\u00b0<\/td>\n<\/tr>\n<\/tbody>\n<\/table>\n<p><span style=\"color: #333333; font-size: 22px;\">FMP: Ngu\u1ed3n cung c\u1ea5p b\u00e1nh r\u0103ng v\u00e0nh th\u00e9p kh\u00f4ng g\u1ec9 cao c\u1ea5p c\u1ee7a b\u1ea1n<\/span><\/p>\n<div>\n<p class=\"break-words\" dir=\"auto\">FMP l\u00e0 nh\u00e0 s\u1ea3n xu\u1ea5t, xu\u1ea5t kh\u1ea9u v\u00e0 cung c\u1ea5p h\u00e0ng \u0111\u1ea7u c\u00e1c linh ki\u1ec7n m\u00e1y m\u00f3c h\u1ea1ng n\u1eb7ng ch\u1ea5t l\u01b0\u1ee3ng cao, bao g\u1ed3m nhi\u1ec1u lo\u1ea1i kh\u00e1c nhau <strong>b\u00e1nh r\u0103ng v\u00e0nh<\/strong> \u0110\u01b0\u1ee3c ch\u1ebf t\u00e1c t\u1eeb th\u00e9p kh\u00f4ng g\u1ec9. C\u00f3 tr\u1ee5 s\u1edf t\u1ea1i \u00dd, ch\u00fang t\u00f4i ph\u1ee5c v\u1ee5 c\u00e1c ng\u00e0nh c\u00f4ng nghi\u1ec7p t\u1ea1i Milan, Venice, Florence v\u00e0 Bologna, cung c\u1ea5p c\u00e1c s\u1ea3n ph\u1ea9m b\u1ec1n b\u1ec9, ch\u1ed1ng m\u00e0i m\u00f2n v\u1edbi c\u00e1c ph\u01b0\u01a1ng ph\u00e1p x\u1eed l\u00fd b\u1ec1 m\u1eb7t b\u1ec1n b\u1ec9 gi\u00fap gi\u1ea3m thi\u1ec3u r\u1ed7 v\u00e0 t\u1ed1i \u0111a h\u00f3a tu\u1ed5i th\u1ecd\u2014t\u1ea5t c\u1ea3 \u0111\u1ec1u v\u1edbi chi ph\u00ed c\u1ea1nh tranh. Chuy\u00ean m\u00f4n c\u1ee7a ch\u00fang t\u00f4i bao g\u1ed3m c\u00e1c gi\u1ea3i ph\u00e1p t\u00f9y ch\u1ec9nh cho b\u00e1nh r\u0103ng nh\u00e0 m\u00e1y \u0111\u01b0\u1eddng, b\u00e1nh r\u0103ng v\u00e0nh c\u01a1 kh\u00ed v\u00e0 v\u00e0nh th\u00e9p kh\u00f4ng g\u1ec9 chuy\u00ean d\u1ee5ng cho tuabin gi\u00f3. Cho d\u00f9 b\u1ea1n \u0111ang cung c\u1ea5p n\u0103ng l\u01b0\u1ee3ng cho c\u00e1c d\u1ef1 \u00e1n n\u0103ng l\u01b0\u1ee3ng t\u00e1i t\u1ea1o t\u1ea1i Bologna hay c\u00e1c h\u1ec7 th\u1ed1ng h\u00e0ng h\u1ea3i t\u1ea1i Venice, FMP \u0111\u1ec1u cung c\u1ea5p c\u00e1c thi\u1ebft k\u1ebf ri\u00eang \u0111\u1ec3 \u0111\u00e1p \u1ee9ng ch\u00ednh x\u00e1c th\u00f4ng s\u1ed1 k\u1ef9 thu\u1eadt c\u1ee7a b\u1ea1n, \u0111\u1ea3m b\u1ea3o hi\u1ec7u su\u1ea5t cao nh\u1ea5t v\u00e0 t\u00ednh to\u00e0n v\u1eb9n c\u1ee7a c\u1ea5u tr\u00fac.<\/p>\n<\/div>\n<table style=\"border-collapse: collapse; width: 100.345%; height: 5px;\" border=\"0\" width=\"243\" cellspacing=\"0\" cellpadding=\"0\">\n<tbody>\n<tr style=\"height: 14.40pt;\">\n<td style=\"height: 14.4pt; width: 33.2978%;\" align=\"right\" width=\"81\" height=\"24\">\u00a0<img loading=\"lazy\" decoding=\"async\" class=\"alignnone size-full wp-image-7766\" src=\"https:\/\/fmp-components.com\/wp-content\/uploads\/2025\/04\/Stainless_Steel_Ring_Gear_For_Wind_Turbine_1.webp\" alt=\"B\u00e1nh r\u0103ng v\u00e0nh th\u00e9p kh\u00f4ng g\u1ec9 cho tua bin gi\u00f3\" width=\"1024\" height=\"1024\" title=\"\" srcset=\"https:\/\/fmp-components.com\/wp-content\/uploads\/2025\/04\/Stainless_Steel_Ring_Gear_For_Wind_Turbine_1.webp 1024w, https:\/\/fmp-components.com\/wp-content\/uploads\/2025\/04\/Stainless_Steel_Ring_Gear_For_Wind_Turbine_1-980x980.webp 980w, https:\/\/fmp-components.com\/wp-content\/uploads\/2025\/04\/Stainless_Steel_Ring_Gear_For_Wind_Turbine_1-480x480.webp 480w\" sizes=\"(min-width: 0px) and (max-width: 480px) 480px, (min-width: 481px) and (max-width: 980px) 980px, (min-width: 981px) 1024px, 100vw\" \/><\/td>\n<td style=\"width: 33.2978%;\" align=\"right\" width=\"81\"><img loading=\"lazy\" decoding=\"async\" class=\"alignnone size-full wp-image-7765\" src=\"https:\/\/fmp-components.com\/wp-content\/uploads\/2025\/04\/Stainless_Steel_Ring_Gear_For_Wind_Turbine_3.webp\" alt=\"B\u00e1nh r\u0103ng v\u00e0nh th\u00e9p kh\u00f4ng g\u1ec9 cho tua bin gi\u00f3\" width=\"1024\" height=\"1024\" title=\"\" srcset=\"https:\/\/fmp-components.com\/wp-content\/uploads\/2025\/04\/Stainless_Steel_Ring_Gear_For_Wind_Turbine_3.webp 1024w, https:\/\/fmp-components.com\/wp-content\/uploads\/2025\/04\/Stainless_Steel_Ring_Gear_For_Wind_Turbine_3-980x980.webp 980w, https:\/\/fmp-components.com\/wp-content\/uploads\/2025\/04\/Stainless_Steel_Ring_Gear_For_Wind_Turbine_3-480x480.webp 480w\" sizes=\"(min-width: 0px) and (max-width: 480px) 480px, (min-width: 481px) and (max-width: 980px) 980px, (min-width: 981px) 1024px, 100vw\" \/><\/td>\n<td style=\"width: 33.2978%;\" align=\"right\" width=\"81\"><img loading=\"lazy\" decoding=\"async\" class=\"alignnone size-full wp-image-7767\" src=\"https:\/\/fmp-components.com\/wp-content\/uploads\/2025\/04\/Stainless_Steel_Ring_Gear_For_Wind_Turbine_2.webp\" alt=\"B\u00e1nh r\u0103ng v\u00e0nh th\u00e9p kh\u00f4ng g\u1ec9 cho tua bin gi\u00f3\" width=\"1024\" height=\"1024\" title=\"\" srcset=\"https:\/\/fmp-components.com\/wp-content\/uploads\/2025\/04\/Stainless_Steel_Ring_Gear_For_Wind_Turbine_2.webp 1024w, https:\/\/fmp-components.com\/wp-content\/uploads\/2025\/04\/Stainless_Steel_Ring_Gear_For_Wind_Turbine_2-980x980.webp 980w, https:\/\/fmp-components.com\/wp-content\/uploads\/2025\/04\/Stainless_Steel_Ring_Gear_For_Wind_Turbine_2-480x480.webp 480w\" sizes=\"(min-width: 0px) and (max-width: 480px) 480px, (min-width: 481px) and (max-width: 980px) 980px, (min-width: 981px) 1024px, 100vw\" \/><\/td>\n<\/tr>\n<\/tbody>\n<\/table>\n<div>\n<h3 class=\"\" dir=\"auto\">\u0110\u01a1n h\u00e0ng t\u00f9y ch\u1ec9nh v\u00e0 h\u1ed7 tr\u1ee3 nhanh ch\u00f3ng t\u1eeb FMP<\/h3>\n<p class=\"break-words\" dir=\"auto\">B\u1ea1n kh\u00f4ng t\u00ecm th\u1ea5y m\u1eabu v\u00f2ng th\u00e9p kh\u00f4ng g\u1ec9 ph\u00f9 h\u1ee3p cho tuabin gi\u00f3 ho\u1eb7c \u1ee9ng d\u1ee5ng kh\u00e1c c\u1ee7a m\u00ecnh? T\u1ea1i FMP, ch\u00fang t\u00f4i s\u1ea3n xu\u1ea5t \u0111a d\u1ea1ng c\u00e1c lo\u1ea1i v\u00f2ng b\u00e1nh r\u0103ng v\u00e0 nh\u1eadn \u0111\u1eb7t h\u00e0ng theo y\u00eau c\u1ea7u ri\u00eang c\u1ee7a b\u1ea1n. N\u1ebfu m\u1eabu b\u1ea1n mong mu\u1ed1n kh\u00f4ng c\u00f3 trong danh s\u00e1ch, c\u00f3 th\u1ec3 ch\u00fang t\u00f4i ch\u01b0a t\u1ea3i l\u00ean\u2014ch\u1ec9 c\u1ea7n g\u1eedi email cho ch\u00fang t\u00f4i th\u00f4ng s\u1ed1 k\u1ef9 thu\u1eadt c\u1ee7a b\u1ea1n, v\u00e0 c\u00e1c k\u1ef9 s\u01b0 chuy\u00ean gia c\u1ee7a ch\u00fang t\u00f4i s\u1ebd ph\u1ea3n h\u1ed3i trong v\u00f2ng 24 gi\u1edd k\u00e8m theo gi\u1ea3i ph\u00e1p. Ph\u1ee5c v\u1ee5 c\u00e1c trung t\u00e2m c\u00f4ng nghi\u1ec7p c\u1ee7a \u00dd nh\u01b0 Milan, Florence, Venice v\u00e0 Bologna, ch\u00fang t\u00f4i cam k\u1ebft h\u1ed7 tr\u1ee3 c\u00e1c d\u1ef1 \u00e1n c\u1ee7a b\u1ea1n m\u1ed9t c\u00e1ch ch\u00ednh x\u00e1c v\u00e0 nhanh ch\u00f3ng. Li\u00ean h\u1ec7 v\u1edbi FMP ngay h\u00f4m nay \u0111\u1ec3 n\u00e2ng c\u1ea5p h\u1ec7 th\u1ed1ng tuabin gi\u00f3 c\u1ee7a b\u1ea1n v\u1edbi v\u00f2ng b\u00e1nh r\u0103ng th\u00e9p kh\u00f4ng g\u1ec9 cao c\u1ea5p c\u1ee7a ch\u00fang t\u00f4i!<\/p>\n<\/div>\n<\/div>\n<\/div>\n<\/div>\n<\/div>\n<\/div>","protected":false},"excerpt":{"rendered":"<p>Stainless Steel Rings: Powering Wind Turbines Stainless steel rings are critical components in modern engineering, prized for their exceptional corrosion resistance, wear durability, and rust-proof properties. In wind turbines, these rings\u2014often designed as internal ring gears\u2014play a vital role in the yaw and pitch systems, ensuring precise movement and long-term reliability under harsh environmental conditions. [&hellip;]<\/p>","protected":false},"featured_media":7766,"comment_status":"open","ping_status":"closed","template":"","meta":{"_et_pb_use_builder":"","_et_pb_old_content":"","_et_gb_content_width":""},"product_brand":[],"product_cat":[114],"product_tag":[],"class_list":{"0":"post-7760","1":"product","2":"type-product","3":"status-publish","4":"has-post-thumbnail","6":"product_cat-ring-gear","8":"first","9":"instock","10":"shipping-taxable","11":"product-type-simple"},"_links":{"self":[{"href":"https:\/\/fmp-components.com\/vi\/wp-json\/wp\/v2\/product\/7760","targetHints":{"allow":["GET"]}}],"collection":[{"href":"https:\/\/fmp-components.com\/vi\/wp-json\/wp\/v2\/product"}],"about":[{"href":"https:\/\/fmp-components.com\/vi\/wp-json\/wp\/v2\/types\/product"}],"replies":[{"embeddable":true,"href":"https:\/\/fmp-components.com\/vi\/wp-json\/wp\/v2\/comments?post=7760"}],"wp:featuredmedia":[{"embeddable":true,"href":"https:\/\/fmp-components.com\/vi\/wp-json\/wp\/v2\/media\/7766"}],"wp:attachment":[{"href":"https:\/\/fmp-components.com\/vi\/wp-json\/wp\/v2\/media?parent=7760"}],"wp:term":[{"taxonomy":"product_brand","embeddable":true,"href":"https:\/\/fmp-components.com\/vi\/wp-json\/wp\/v2\/product_brand?post=7760"},{"taxonomy":"product_cat","embeddable":true,"href":"https:\/\/fmp-components.com\/vi\/wp-json\/wp\/v2\/product_cat?post=7760"},{"taxonomy":"product_tag","embeddable":true,"href":"https:\/\/fmp-components.com\/vi\/wp-json\/wp\/v2\/product_tag?post=7760"}],"curies":[{"name":"wp","href":"https:\/\/api.w.org\/{rel}","templated":true}]}}