{"id":7751,"date":"2025-04-04T03:10:57","date_gmt":"2025-04-04T03:10:57","guid":{"rendered":"https:\/\/fmp-components.com\/?post_type=product&#038;p=7751"},"modified":"2025-04-04T05:33:32","modified_gmt":"2025-04-04T05:33:32","slug":"ring-gear-for-cement-mixer","status":"publish","type":"product","link":"https:\/\/fmp-components.com\/vi\/product\/ring-gear-for-cement-mixer\/","title":{"rendered":"B\u00e1nh r\u0103ng v\u00e0nh cho m\u00e1y tr\u1ed9n xi m\u0103ng"},"content":{"rendered":"<div>\n<h2 dir=\"auto\">B\u00e1nh r\u0103ng v\u00e0nh ch\u1ea5t l\u01b0\u1ee3ng cao cho m\u00e1y tr\u1ed9n xi m\u0103ng c\u1ee7a FMP<\/h2>\n<p class=\"break-words\" dir=\"auto\">T\u1ea1i c\u00e1c trung t\u00e2m x\u00e2y d\u1ef1ng s\u1ea7m u\u1ea5t c\u1ee7a \u00dd, ch\u1eb3ng h\u1ea1n nh\u01b0 Milan, Venice, Florence v\u00e0 Bologna, nhu c\u1ea7u v\u1ec1 m\u00e1y tr\u1ed9n xi m\u0103ng \u0111\u00e1ng tin c\u1eady lu\u00f4n hi\u1ec7n h\u1eefu. M\u1ed9t th\u00e0nh ph\u1ea7n quan tr\u1ecdng trong nh\u1eefng m\u00e1y n\u00e0y l\u00e0 <a href=\"https:\/\/fmp-components.com\/vi\/ring-gear\/\">b\u00e1nh r\u0103ng v\u00e0nh<\/a> \u0110\u1ed1i v\u1edbi m\u00e1y tr\u1ed9n xi m\u0103ng, b\u00e1nh r\u0103ng tr\u00f2n ch\u1eafc ch\u1eafn d\u1eabn \u0111\u1ed9ng chuy\u1ec3n \u0111\u1ed9ng quay c\u1ee7a tr\u1ed1ng tr\u1ed9n \u0111\u1ec3 tr\u1ed9n b\u00ea t\u00f4ng hi\u1ec7u qu\u1ea3. T\u1ea1i FMP, ch\u00fang t\u00f4i chuy\u00ean s\u1ea3n xu\u1ea5t nhi\u1ec1u lo\u1ea1i b\u00e1nh r\u0103ng v\u00e0nh, bao g\u1ed3m b\u00e1nh r\u0103ng v\u00e0nh r\u0103ng xo\u1eafn k\u00e9p h\u00ecnh x\u01b0\u01a1ng c\u00e1, \u0111\u00fac theo y\u00eau c\u1ea7u, ch\u1ecbu t\u1ea3i tr\u1ecdng l\u1edbn, kh\u00f4ng theo ti\u00eau chu\u1ea9n, d\u1ea1ng m\u00f4-\u0111un l\u1edbn, t\u00f9y ch\u1ec9nh. \u0110\u01b0\u1ee3c ch\u1ebf t\u1ea1o t\u1eeb th\u00e9p h\u1ee3p kim c\u01b0\u1eddng \u0111\u1ed9 cao v\u00e0 \u0111\u01b0\u1ee3c gia c\u01b0\u1eddng b\u1eb1ng ph\u01b0\u01a1ng ph\u00e1p th\u1ea5m cacbon ho\u1eb7c t\u00f4i b\u1ec1 m\u1eb7t, b\u00e1nh r\u0103ng c\u1ee7a ch\u00fang t\u00f4i mang l\u1ea1i kh\u1ea3 n\u0103ng ch\u1ecbu l\u1ef1c v\u00e0 \u0111\u1ed9 b\u1ec1n v\u01b0\u1ee3t tr\u1ed9i. Cho d\u00f9 b\u1ea1n \u0111ang thi c\u00f4ng c\u00e1c t\u00f2a nh\u00e0 ch\u1ecdc tr\u1eddi hi\u1ec7n \u0111\u1ea1i \u1edf Milan hay tr\u00f9ng tu c\u00e1c c\u00f4ng tr\u00ecnh l\u1ecbch s\u1eed \u1edf Florence, b\u00e1nh r\u0103ng v\u00e0nh c\u1ee7a FMP \u0111\u1ea3m b\u1ea3o truy\u1ec1n \u0111\u1ed9ng \u1ed5n \u0111\u1ecbnh v\u1edbi l\u1ef1c va \u0111\u1eadp, \u0111\u1ed9 rung v\u00e0 ti\u1ebfng \u1ed3n th\u1ea5p \u2014 ho\u00e0n h\u1ea3o cho m\u00e1y m\u00f3c t\u1ed1c \u0111\u1ed9 cao, t\u1ea3i tr\u1ecdng n\u1eb7ng.<\/p>\n<h2 dir=\"auto\">\u0110\u1eb7c \u0111i\u1ec3m k\u1ef9 thu\u1eadt<\/h2>\n<\/div>\n<table style=\"width: 100%;\" border=\"1\" width=\"100%\" cellspacing=\"0\" cellpadding=\"0\">\n<tbody>\n<tr>\n<td colspan=\"2\" width=\"160\">T\u00ean s\u1ea3n ph\u1ea9m<\/td>\n<td colspan=\"2\" width=\"611\">V\u00f2ng b\u00e1nh r\u0103ng<\/td>\n<\/tr>\n<tr>\n<td colspan=\"2\" width=\"160\">Th\u01b0\u01a1ng hi\u1ec7u<\/td>\n<td colspan=\"2\" width=\"611\">FMP<\/td>\n<\/tr>\n<tr>\n<td colspan=\"2\" width=\"160\">Qu\u00e1 tr\u00ecnh<\/td>\n<td colspan=\"2\" width=\"611\">R\u00e8n, Gia c\u00f4ng, X\u1eed l\u00fd nhi\u1ec7t<\/td>\n<\/tr>\n<tr>\n<td colspan=\"2\" width=\"160\"><\/td>\n<td colspan=\"2\" rowspan=\"2\" width=\"611\">m\u00e1y in l\u1edbn, m\u00e1y bay, m\u00e1y m\u00f3c s\u1ea3n xu\u1ea5t, ng\u00e0nh c\u00f4ng nghi\u1ec7p c\u1ea3ng, m\u00e1y m\u00f3c c\u00f4ng nghi\u1ec7p n\u1eb7ng, v.v.<\/td>\n<\/tr>\n<tr>\n<td colspan=\"2\" width=\"160\">\u1ee8ng d\u1ee5ng<\/td>\n<\/tr>\n<tr>\n<td colspan=\"2\" width=\"160\">V\u1eadt li\u1ec7u ch\u1ebf bi\u1ebfn<\/td>\n<td colspan=\"2\" width=\"611\">45#40CR 20CRM O20CRNIMO 17CRNIMO620CRMNTI42CRMO v.v.<\/td>\n<\/tr>\n<\/tbody>\n<\/table>\n<p>&nbsp;<\/p>\n<table style=\"width: 100%;\" border=\"1\" width=\"100%\" cellspacing=\"0\" cellpadding=\"0\">\n<tbody>\n<tr style=\"height: 27.60pt;\">\n<td class=\"et2\" style=\"height: 27.60pt; width: 48.00pt;\" width=\"80\" height=\"46\">M\u00f4-\u0111un b\u00e1nh r\u0103ng<\/td>\n<td class=\"et3\" style=\"width: 48.00pt;\" width=\"80\">8-120<\/td>\n<\/tr>\n<tr style=\"height: 41.40pt;\">\n<td class=\"et4\" style=\"height: 41.40pt; width: 48.00pt;\" width=\"80\" height=\"69\">M\u00e0i b\u00e1nh r\u0103ng<\/td>\n<td class=\"et5\" style=\"width: 48.00pt;\" width=\"80\">M\u00f4-\u0111un MAX 25<\/td>\n<\/tr>\n<tr style=\"height: 41.40pt;\">\n<td class=\"et4\" style=\"height: 41.40pt; width: 48.00pt;\" width=\"80\" height=\"69\">\u0110\u01b0\u1eddng k\u00ednh b\u00e1nh r\u0103ng<\/td>\n<td class=\"et5\" style=\"width: 48.00pt;\" width=\"80\">T\u1ed1i \u0111a 13 000 mm<\/td>\n<\/tr>\n<tr style=\"height: 41.40pt;\">\n<td class=\"et4\" style=\"height: 41.40pt; width: 48.00pt;\" width=\"80\" height=\"69\">\u0110\u01b0\u1eddng k\u00ednh b\u00e1nh r\u0103ng xo\u1eafn \u1ed1c<\/td>\n<td class=\"et5\" style=\"width: 48.00pt;\" width=\"80\">T\u1ed1i \u0111a 2 200 mm<\/td>\n<\/tr>\n<tr style=\"height: 41.40pt;\">\n<td class=\"et4\" style=\"height: 41.40pt; width: 48.00pt;\" width=\"80\" height=\"69\">Chi\u1ec1u d\u00e0i tr\u1ee5c b\u00e1nh r\u0103ng<\/td>\n<td class=\"et5\" style=\"width: 48.00pt;\" width=\"80\">T\u1ed1i \u0111a 5 000 mm<\/td>\n<\/tr>\n<tr style=\"height: 82.80pt;\">\n<td class=\"et4\" style=\"height: 82.80pt; width: 48.00pt;\" width=\"80\" height=\"138\">\u0110i\u1ec1u tr\u1ecb r\u0103ng<\/td>\n<td class=\"et5\" style=\"width: 48.00pt;\" width=\"80\">L\u00e0m c\u1ee9ng b\u1ec1 m\u1eb7t, xi m\u0103ng v\u00e0 l\u00e0m ngu\u1ed9i<\/td>\n<\/tr>\n<tr style=\"height: 55.95pt;\">\n<td class=\"et6\" style=\"height: 55.95pt; width: 48.00pt;\" width=\"80\" height=\"93\">Nh\u00e0 m\u00e1y l\u00e0m vi\u1ec7c<\/td>\n<td class=\"et7\" style=\"width: 48.00pt;\" width=\"80\">R\u00e8n, \u0110\u00fac v\u00e0 H\u00e0n<\/td>\n<\/tr>\n<\/tbody>\n<\/table>\n<p><span style=\"color: #333333; font-size: 22px;\">Chuy\u00ean m\u00f4n c\u1ee7a FMP trong s\u1ea3n xu\u1ea5t b\u00e1nh r\u0103ng v\u00e0nh \u0111ai t\u00f9y ch\u1ec9nh<\/span><\/p>\n<div>\n<p class=\"break-words\" dir=\"auto\">FMP n\u1ed5i b\u1eadt l\u00e0 \u0111\u1ed1i t\u00e1c \u0111\u00e1ng tin c\u1eady cho c\u00e1c ng\u00e0nh x\u00e2y d\u1ef1ng v\u00e0 k\u1ef9 thu\u1eadt c\u1ee7a \u00dd, cung c\u1ea5p \u0111a d\u1ea1ng c\u00e1c lo\u1ea1i b\u00e1nh r\u0103ng v\u00e0nh nh\u01b0 b\u00e1nh r\u0103ng th\u1eb3ng, b\u00e1nh r\u0103ng xo\u1eafn v\u00e0 b\u00e1nh r\u0103ng x\u01b0\u01a1ng c\u00e1, t\u1ea5t c\u1ea3 \u0111\u1ec1u \u0111\u01b0\u1ee3c thi\u1ebft k\u1ebf ri\u00eang theo y\u00eau c\u1ea7u c\u1ee7a kh\u00e1ch h\u00e0ng. C\u00e1c k\u1ef9 thu\u1eadt s\u1ea3n xu\u1ea5t ti\u00ean ti\u1ebfn c\u1ee7a ch\u00fang t\u00f4i, bao g\u1ed3m luy\u1ec7n kim b\u1ed9t v\u00e0 quy tr\u00ecnh x\u1eed l\u00fd nhi\u1ec7t \u0111\u1ed9c \u0111\u00e1o, t\u1ed1i \u01b0u h\u00f3a c\u1ea5u tr\u00fac b\u00e1nh r\u0103ng, t\u0103ng c\u01b0\u1eddng \u0111\u1ed9 c\u1ee9ng, kh\u1ea3 n\u0103ng ch\u1ed1ng m\u00e0i m\u00f2n v\u00e0 hi\u1ec7u su\u1ea5t ch\u1ecbu va \u0111\u1eadp. Ch\u00fang t\u00f4i s\u1eed d\u1ee5ng th\u00e9p c\u01b0\u1eddng \u0111\u1ed9 cao v\u00e0 t\u1eadp trung v\u00e0o \u0111\u1ed9 \u1ed5n \u0111\u1ecbnh l\u00e2u d\u00e0i, \u0111\u1ea3m b\u1ea3o c\u00e1c linh ki\u1ec7n c\u1ee7a ch\u00fang t\u00f4i ho\u1ea1t \u0111\u1ed9ng t\u1ed1t trong \u0111i\u1ec1u ki\u1ec7n tr\u1ed9n xi m\u0103ng kh\u1eafc nghi\u1ec7t. \u0110\u1ed1i v\u1edbi c\u00e1c doanh nghi\u1ec7p t\u1ea1i Venice, gi\u1ea3i quy\u1ebft c\u00e1c d\u1ef1 \u00e1n ven k\u00eanh \u0111\u00e0o \u0111\u1ed9c \u0111\u00e1o, ho\u1eb7c c\u00e1c ng\u00e0nh c\u00f4ng nghi\u1ec7p k\u1ef9 thu\u1eadt t\u1ea1i Bologna, FMP nh\u1eadn \u0111\u01a1n \u0111\u1eb7t h\u00e0ng t\u00f9y ch\u1ec9nh \u0111\u1ec3 \u0111\u00e1p \u1ee9ng ch\u00ednh x\u00e1c nhu c\u1ea7u c\u1ee7a b\u1ea1n. N\u0103ng l\u1ef1c c\u1ee7a ch\u00fang t\u00f4i bao g\u1ed3m r\u00e8n, \u0111\u00fac v\u00e0 h\u00e0n quy m\u00f4 l\u1edbn, c\u00f9ng v\u1edbi c\u00e1c ph\u01b0\u01a1ng ph\u00e1p x\u1eed l\u00fd b\u1ed5 sung nh\u01b0 m\u00e0i b\u00e1nh r\u0103ng v\u00e0 th\u1ea5m nit\u01a1 theo y\u00eau c\u1ea7u.<\/p>\n<\/div>\n<table style=\"border-collapse: collapse; width: 101.637%; height: 5px;\" border=\"0\" width=\"270\" cellspacing=\"0\" cellpadding=\"0\">\n<tbody>\n<tr style=\"height: 14.40pt;\">\n<td style=\"height: 14.4pt; width: 34.4985%;\" align=\"right\" width=\"90\" height=\"24\"><img loading=\"lazy\" decoding=\"async\" class=\"size-full wp-image-7756 aligncenter\" src=\"https:\/\/fmp-components.com\/wp-content\/uploads\/2025\/04\/Ring-Gear-For-Cement-Mixer-Factory-1.webp\" alt=\"B\u00e1nh r\u0103ng v\u00e0nh \u0111ai cho nh\u00e0 m\u00e1y tr\u1ed9n xi m\u0103ng\" width=\"889\" height=\"570\" title=\"\" srcset=\"https:\/\/fmp-components.com\/wp-content\/uploads\/2025\/04\/Ring-Gear-For-Cement-Mixer-Factory-1.webp 889w, https:\/\/fmp-components.com\/wp-content\/uploads\/2025\/04\/Ring-Gear-For-Cement-Mixer-Factory-1-480x308.webp 480w\" sizes=\"(min-width: 0px) and (max-width: 480px) 480px, (min-width: 481px) 889px, 100vw\" \/><\/td>\n<td style=\"width: 32.7072%;\" align=\"right\" width=\"90\"><img loading=\"lazy\" decoding=\"async\" class=\"size-full wp-image-7757 aligncenter\" src=\"https:\/\/fmp-components.com\/wp-content\/uploads\/2025\/04\/Ring-Gear-For-Cement-Mixer-Factory-2.webp\" alt=\"B\u00e1nh r\u0103ng v\u00e0nh \u0111ai cho nh\u00e0 m\u00e1y tr\u1ed9n xi m\u0103ng\" width=\"885\" height=\"608\" title=\"\" srcset=\"https:\/\/fmp-components.com\/wp-content\/uploads\/2025\/04\/Ring-Gear-For-Cement-Mixer-Factory-2.webp 885w, https:\/\/fmp-components.com\/wp-content\/uploads\/2025\/04\/Ring-Gear-For-Cement-Mixer-Factory-2-480x330.webp 480w\" sizes=\"(min-width: 0px) and (max-width: 480px) 480px, (min-width: 481px) 885px, 100vw\" \/><\/td>\n<td style=\"width: 31.8642%;\" align=\"right\" width=\"90\"><img loading=\"lazy\" decoding=\"async\" class=\"size-full wp-image-7758 aligncenter\" src=\"https:\/\/fmp-components.com\/wp-content\/uploads\/2025\/04\/Ring-Gear-For-Cement-Mixer-Factory-3.webp\" alt=\"B\u00e1nh r\u0103ng v\u00e0nh \u0111ai cho nh\u00e0 m\u00e1y tr\u1ed9n xi m\u0103ng\" width=\"500\" height=\"360\" title=\"\" srcset=\"https:\/\/fmp-components.com\/wp-content\/uploads\/2025\/04\/Ring-Gear-For-Cement-Mixer-Factory-3.webp 500w, https:\/\/fmp-components.com\/wp-content\/uploads\/2025\/04\/Ring-Gear-For-Cement-Mixer-Factory-3-480x346.webp 480w\" sizes=\"(min-width: 0px) and (max-width: 480px) 480px, (min-width: 481px) 500px, 100vw\" \/><\/td>\n<\/tr>\n<\/tbody>\n<\/table>\n<div>\n<h3 class=\"\" dir=\"auto\">C\u1ea7n m\u1ed9t m\u1eabu c\u1ee5 th\u1ec3? Li\u00ean h\u1ec7 FMP \u0111\u1ec3 \u0111\u01b0\u1ee3c h\u1ed7 tr\u1ee3 trong v\u00f2ng 24 gi\u1edd<\/h3>\n<p class=\"break-words\" dir=\"auto\">T\u1ea1i FMP, ch\u00fang t\u00f4i cam k\u1ebft cung c\u1ea5p c\u00e1c gi\u1ea3i ph\u00e1p ph\u00f9 h\u1ee3p. Ch\u1ec9 c\u1ea7n g\u1eedi email th\u00f4ng s\u1ed1 k\u1ef9 thu\u1eadt c\u1ee7a b\u1ea1n, c\u00e1c k\u1ef9 s\u01b0 l\u00e0nh ngh\u1ec1 c\u1ee7a ch\u00fang t\u00f4i s\u1ebd ph\u1ea3n h\u1ed3i trong v\u00f2ng 24 gi\u1edd v\u1edbi h\u01b0\u1edbng d\u1eabn chuy\u00ean m\u00f4n ho\u1eb7c \u0111\u1ec1 xu\u1ea5t thi\u1ebft k\u1ebf ri\u00eang. Kh\u1ea3 n\u0103ng ph\u1ea3n h\u1ed3i nhanh ch\u00f3ng v\u00e0 kh\u1ea3 n\u0103ng x\u1eed l\u00fd \u0111\u00fac khu\u00f4n h\u00e0ng lo\u1ea1t, chu k\u1ef3 ng\u1eafn c\u1ee7a ch\u00fang t\u00f4i khi\u1ebfn ch\u00fang t\u00f4i tr\u1edf th\u00e0nh l\u1ef1a ch\u1ecdn l\u00fd t\u01b0\u1edfng cho th\u1ecb tr\u01b0\u1eddng x\u00e2y d\u1ef1ng s\u00f4i \u0111\u1ed9ng c\u1ee7a \u00dd. N\u00e2ng cao hi\u1ec7u qu\u1ea3 d\u1ef1 \u00e1n c\u1ee7a b\u1ea1n v\u1edbi b\u00e1nh r\u0103ng v\u00e0nh r\u0103ng b\u1ec1n b\u1ec9, hi\u1ec7u su\u1ea5t cao c\u1ee7a FMP\u2014h\u00e3y li\u00ean h\u1ec7 v\u1edbi ch\u00fang t\u00f4i ngay h\u00f4m nay \u0111\u1ec3 ti\u1ebfp th\u00eam s\u1ee9c m\u1ea1nh cho c\u00f4ng tr\u00ecnh ti\u1ebfp theo c\u1ee7a b\u1ea1n!<\/p>\n<table style=\"border-collapse: collapse; width: 97.6392%; height: 54px;\" border=\"0\" width=\"243\" cellspacing=\"0\" cellpadding=\"0\">\n<tbody>\n<tr style=\"height: 14.40pt;\">\n<td style=\"height: 14.4pt; width: 31.0307%;\" align=\"right\" width=\"81\" height=\"24\">\u00a0<img loading=\"lazy\" decoding=\"async\" class=\"size-full wp-image-7763 aligncenter\" src=\"https:\/\/fmp-components.com\/wp-content\/uploads\/2025\/04\/Ring-Gear-For-Cement-Mixer-2.webp\" alt=\"V\u00f2ng b\u00e1nh r\u0103ng cho m\u00e1y tr\u1ed9n xi m\u0103ng\" width=\"550\" height=\"550\" title=\"\" srcset=\"https:\/\/fmp-components.com\/wp-content\/uploads\/2025\/04\/Ring-Gear-For-Cement-Mixer-2.webp 550w, https:\/\/fmp-components.com\/wp-content\/uploads\/2025\/04\/Ring-Gear-For-Cement-Mixer-2-480x480.webp 480w\" sizes=\"(min-width: 0px) and (max-width: 480px) 480px, (min-width: 481px) 550px, 100vw\" \/><\/td>\n<td style=\"width: 32.7851%;\" align=\"right\" width=\"81\"><img loading=\"lazy\" decoding=\"async\" class=\"size-full wp-image-7764 aligncenter\" src=\"https:\/\/fmp-components.com\/wp-content\/uploads\/2025\/04\/Ring-Gear-For-Cement-Mixer-3.webp\" alt=\"V\u00f2ng b\u00e1nh r\u0103ng cho m\u00e1y tr\u1ed9n xi m\u0103ng\" width=\"550\" height=\"550\" title=\"\" srcset=\"https:\/\/fmp-components.com\/wp-content\/uploads\/2025\/04\/Ring-Gear-For-Cement-Mixer-3.webp 550w, https:\/\/fmp-components.com\/wp-content\/uploads\/2025\/04\/Ring-Gear-For-Cement-Mixer-3-480x480.webp 480w\" sizes=\"(min-width: 0px) and (max-width: 480px) 480px, (min-width: 481px) 550px, 100vw\" \/><\/td>\n<td style=\"width: 36.1842%;\" align=\"right\" width=\"81\"><img loading=\"lazy\" decoding=\"async\" class=\"size-full wp-image-7762 aligncenter\" src=\"https:\/\/fmp-components.com\/wp-content\/uploads\/2025\/04\/Ring-Gear-For-Cement-Mixer-5.webp\" alt=\"V\u00f2ng b\u00e1nh r\u0103ng cho m\u00e1y tr\u1ed9n xi m\u0103ng\" width=\"1024\" height=\"756\" title=\"\" srcset=\"https:\/\/fmp-components.com\/wp-content\/uploads\/2025\/04\/Ring-Gear-For-Cement-Mixer-5.webp 1024w, https:\/\/fmp-components.com\/wp-content\/uploads\/2025\/04\/Ring-Gear-For-Cement-Mixer-5-980x724.webp 980w, https:\/\/fmp-components.com\/wp-content\/uploads\/2025\/04\/Ring-Gear-For-Cement-Mixer-5-480x354.webp 480w\" sizes=\"(min-width: 0px) and (max-width: 480px) 480px, (min-width: 481px) and (max-width: 980px) 980px, (min-width: 981px) 1024px, 100vw\" \/><\/td>\n<\/tr>\n<\/tbody>\n<\/table>\n<\/div>","protected":false},"excerpt":{"rendered":"<p>High-Quality Ring Gears for Cement Mixers by FMP In the bustling construction hubs of Italy, such as Milan, Venice, Florence, and Bologna, the demand for reliable cement mixers is ever-present. A key component in these machines is the ring gear for cement mixers, a robust circular gear that drives the drum\u2019s rotation to blend concrete [&hellip;]<\/p>","protected":false},"featured_media":7759,"comment_status":"open","ping_status":"closed","template":"","meta":{"_et_pb_use_builder":"","_et_pb_old_content":"","_et_gb_content_width":""},"product_brand":[],"product_cat":[114],"product_tag":[],"class_list":{"0":"post-7751","1":"product","2":"type-product","3":"status-publish","4":"has-post-thumbnail","6":"product_cat-ring-gear","8":"first","9":"instock","10":"shipping-taxable","11":"product-type-simple"},"_links":{"self":[{"href":"https:\/\/fmp-components.com\/vi\/wp-json\/wp\/v2\/product\/7751","targetHints":{"allow":["GET"]}}],"collection":[{"href":"https:\/\/fmp-components.com\/vi\/wp-json\/wp\/v2\/product"}],"about":[{"href":"https:\/\/fmp-components.com\/vi\/wp-json\/wp\/v2\/types\/product"}],"replies":[{"embeddable":true,"href":"https:\/\/fmp-components.com\/vi\/wp-json\/wp\/v2\/comments?post=7751"}],"wp:featuredmedia":[{"embeddable":true,"href":"https:\/\/fmp-components.com\/vi\/wp-json\/wp\/v2\/media\/7759"}],"wp:attachment":[{"href":"https:\/\/fmp-components.com\/vi\/wp-json\/wp\/v2\/media?parent=7751"}],"wp:term":[{"taxonomy":"product_brand","embeddable":true,"href":"https:\/\/fmp-components.com\/vi\/wp-json\/wp\/v2\/product_brand?post=7751"},{"taxonomy":"product_cat","embeddable":true,"href":"https:\/\/fmp-components.com\/vi\/wp-json\/wp\/v2\/product_cat?post=7751"},{"taxonomy":"product_tag","embeddable":true,"href":"https:\/\/fmp-components.com\/vi\/wp-json\/wp\/v2\/product_tag?post=7751"}],"curies":[{"name":"wp","href":"https:\/\/api.w.org\/{rel}","templated":true}]}}