{"id":7749,"date":"2025-04-04T02:41:12","date_gmt":"2025-04-04T02:41:12","guid":{"rendered":"https:\/\/fmp-components.com\/?post_type=product&#038;p=7749"},"modified":"2025-04-04T05:33:18","modified_gmt":"2025-04-04T05:33:18","slug":"alloy-steel-internal-ring-gear","status":"publish","type":"product","link":"https:\/\/fmp-components.com\/vi\/product\/alloy-steel-internal-ring-gear\/","title":{"rendered":"B\u00e1nh r\u0103ng v\u00e0nh trong b\u1eb1ng th\u00e9p h\u1ee3p kim"},"content":{"rendered":"<div>\n<h2 dir=\"auto\">B\u00e1nh r\u0103ng v\u00e0nh trong b\u1eb1ng th\u00e9p h\u1ee3p kim: K\u1ef9 thu\u1eadt ch\u00ednh x\u00e1c cho ng\u00e0nh c\u00f4ng nghi\u1ec7p c\u1ee7a \u00dd<\/h2>\n<p class=\"break-words\" dir=\"auto\">Th\u00e9p h\u1ee3p kim b\u00ean trong <a href=\"https:\/\/fmp-components.com\/vi\/ring-gear\/\">b\u00e1nh r\u0103ng v\u00e0nh<\/a> l\u00e0 nh\u1eefng th\u00e0nh ph\u1ea7n thi\u1ebft y\u1ebfu trong h\u1ec7 th\u1ed1ng c\u01a1 kh\u00ed, n\u1ed5i ti\u1ebfng v\u1edbi \u0111\u1ed9 b\u1ec1n v\u00e0 kh\u1ea3 n\u0103ng ch\u1ed1ng m\u00e0i m\u00f2n cao, l\u00fd t\u01b0\u1edfng cho c\u00e1c \u1ee9ng d\u1ee5ng \u0111\u00f2i h\u1ecfi kh\u1eaft khe nh\u01b0 h\u1ec7 th\u1ed1ng b\u00e1nh r\u0103ng h\u00e0nh tinh trong m\u00e1y m\u00f3c \u00f4 t\u00f4 v\u00e0 c\u00f4ng nghi\u1ec7p. T\u1ea1i c\u00e1c trung t\u00e2m c\u00f4ng nghi\u1ec7p c\u1ee7a \u00dd nh\u01b0 Milan v\u00e0 Bologna, nh\u1eefng b\u00e1nh r\u0103ng n\u00e0y cung c\u1ea5p n\u0103ng l\u01b0\u1ee3ng cho thi\u1ebft b\u1ecb ch\u00ednh x\u00e1c, trong khi Venice d\u1ef1a v\u00e0o ch\u00fang cho k\u1ef9 thu\u1eadt h\u00e0ng h\u1ea3i, v\u00e0 Florence k\u1ebft h\u1ee3p ch\u00fang v\u00e0o truy\u1ec1n th\u1ed1ng th\u1ee7 c\u00f4ng m\u1ef9 ngh\u1ec7 phong ph\u00fa v\u00e0 c\u00f4ng ngh\u1ec7 hi\u1ec7n \u0111\u1ea1i c\u1ee7a m\u00ecnh. \u0110\u01b0\u1ee3c ch\u1ebf t\u1ea1o t\u1eeb th\u00e9p h\u1ee3p kim - th\u01b0\u1eddng \u0111\u01b0\u1ee3c t\u0103ng c\u01b0\u1eddng b\u1eb1ng c\u00e1c nguy\u00ean t\u1ed1 nh\u01b0 crom ho\u1eb7c molypden - nh\u1eefng b\u00e1nh r\u0103ng n\u00e0y \u0111\u1ea3m b\u1ea3o \u0111\u1ed9 b\u1ec1n v\u00e0 hi\u1ec7u su\u1ea5t d\u01b0\u1edbi t\u1ea3i tr\u1ecdng n\u1eb7ng, \u0111\u00e1p \u1ee9ng nhu c\u1ea7u c\u1ee7a ng\u00e0nh k\u1ef9 thu\u1eadt \u0111a d\u1ea1ng c\u1ee7a \u00dd.<\/p>\n<h3 dir=\"auto\">\u0110\u1eb7c \u0111i\u1ec3m k\u1ef9 thu\u1eadt<\/h3>\n<p>(1). C\u00e1c lo\u1ea1i b\u00e1nh r\u0103ng, b\u00e1nh r\u0103ng, tr\u1ee5c b\u00e1nh r\u0103ng, b\u00e1nh r\u0103ng ch\u00ednh x\u00e1c v\u00e0 b\u00e1nh r\u0103ng CNC.<br \/>\n(2). Chuy\u00ean s\u1ea3n xu\u1ea5t c\u00e1c lo\u1ea1i linh ki\u1ec7n \u00f4 t\u00f4 r\u00e8n theo b\u1ea3n v\u1ebd<br \/>\n(3). V\u1eadt li\u1ec7u: gang d\u1ebbo, \u0111\u1ed3ng, th\u00e9p cacbon, th\u00e9p kh\u00f4ng g\u1ec9, th\u00e9p h\u1ee3p kim v\u00e0 \u0111\u1ed3ng<br \/>\n(4). C\u00e1c m\u00f4-\u0111un: M1 \u0111\u1ebfn M5<br \/>\n(5). \u0110\u00e1p \u1ee9ng c\u00e1c ti\u00eau chu\u1ea9n ISO, DIN v\u00e0 ASTM<br \/>\n(6). L\u1edbp: SUS201,SUS304,SUS316,A2-70,A2-80,A4-80,4,8 6,8 8,8 10,9 12,9<br \/>\n(7). K\u00edch th\u01b0\u1edbc: Theo b\u1ea3n v\u1ebd<br \/>\n(8). Ch\u1ee9ng nh\u1eadn: ISO\/TS16949:2009<\/p>\n<table style=\"width: 99.5203%; height: 640px;\" border=\"1\" width=\"813\" cellspacing=\"0\" cellpadding=\"0\">\n<tbody>\n<tr>\n<td rowspan=\"3\" width=\"179\">\n<p align=\"left\"><span data-spm-anchor-id=\"a2700.details-description.0.i4.7d85I1zII1zIju\">V\u1eadt li\u1ec7u<\/span><\/p>\n<\/td>\n<td width=\"190\">\n<p align=\"left\">\u00a0Th\u00e9p cacbon<\/p>\n<\/td>\n<td width=\"439\">\n<p align=\"left\">\u00a0SAE1020, SAE1045, Cr12, 40Cr, Y15Pb, 1214Letc<\/p>\n<\/td>\n<\/tr>\n<tr>\n<td width=\"190\">\n<p align=\"left\">\u00a0Th\u00e9p h\u1ee3p kim<\/p>\n<\/td>\n<td width=\"439\">\n<p align=\"left\">\u00a020CrMnTi, 16MnCr5, 20CrMnMo, 41CrMo, 17CrNiMo5, v.v.<\/p>\n<\/td>\n<\/tr>\n<tr>\n<td width=\"190\">\n<p align=\"left\">\u00a0\u0110\u1ed3ng thau\/\u0110\u1ed3ng \u0111\u1ecf<\/p>\n<\/td>\n<td width=\"439\">\n<p align=\"left\">\u00a0HPb59-1, H70, CuZn39Pb2, CuZn40Pb2, C38000, CuZn40v.v.<\/p>\n<\/td>\n<\/tr>\n<tr>\n<td rowspan=\"2\" width=\"179\">\n<p align=\"left\">Ki\u1ec3m so\u00e1t dung sai<\/p>\n<\/td>\n<td width=\"190\">\n<p align=\"left\">\u0110\u01b0\u1eddng k\u00ednh ngo\u00e0i<\/p>\n<\/td>\n<td width=\"439\">\n<p align=\"left\">\u00a0D\u1ef1a tr\u00ean b\u1ea3n v\u1ebd<\/p>\n<\/td>\n<\/tr>\n<tr>\n<td width=\"190\">\n<p align=\"left\">Chi\u1ec1u d\u00e0i K\u00edch th\u01b0\u1edbc<\/p>\n<\/td>\n<td width=\"439\">\n<p align=\"left\">\u00a0D\u1ef1a tr\u00ean b\u1ea3n v\u1ebd<\/p>\n<\/td>\n<\/tr>\n<tr>\n<td width=\"179\">\n<p align=\"left\">Qu\u00e1 tr\u00ecnh gia c\u00f4ng<\/p>\n<\/td>\n<td colspan=\"2\" width=\"630\">\n<p align=\"left\">Phay b\u00e1nh r\u0103ng, Phay b\u00e1nh r\u0103ng, \u0110\u1ecbnh h\u00ecnh b\u00e1nh r\u0103ng, Doa b\u00e1nh r\u0103ng, C\u1ea1o b\u00e1nh r\u0103ng, M\u00e0i b\u00e1nh r\u0103ng v\u00e0 M\u00e0i nh\u1eb5n b\u00e1nh r\u0103ng<\/p>\n<\/td>\n<\/tr>\n<tr>\n<td width=\"179\">\n<p align=\"left\">\u0110\u1ed9 ch\u00ednh x\u00e1c c\u1ee7a r\u0103ng<\/p>\n<\/td>\n<td colspan=\"2\" width=\"630\">\n<p align=\"left\">DIN L\u1edbp 4, ISO\/GB L\u1edbp 4, AGMA L\u1edbp 13, JIS L\u1edbp 0<\/p>\n<\/td>\n<\/tr>\n<tr>\n<td width=\"179\">\n<p align=\"left\">C\u00e1c m\u00f4-\u0111un<\/p>\n<\/td>\n<td colspan=\"2\" width=\"630\">\n<p align=\"left\">1.0, 1.25, 1.5, 1.75, 2.0, 2.25, 2.5\u2026.8.0 v.v.<\/p>\n<\/td>\n<\/tr>\n<tr>\n<td width=\"179\">\n<p align=\"left\">X\u1eed l\u00fd nhi\u1ec7t<\/p>\n<\/td>\n<td colspan=\"2\" width=\"630\">\n<p align=\"left\">L\u00e0m ngu\u1ed9i &amp; Ram, Th\u1ea5m cacbon &amp; L\u00e0m ngu\u1ed9i, L\u00e0m c\u1ee9ng t\u1ea7n s\u1ed1 cao, Th\u1ea5m cacbon<\/p>\n<\/td>\n<\/tr>\n<tr>\n<td width=\"179\">\n<p align=\"left\">X\u1eed l\u00fd b\u1ec1 m\u1eb7t<\/p>\n<\/td>\n<td colspan=\"2\" width=\"630\">\n<p align=\"left\">\u0110\u00e1nh b\u00f3ng, L\u00e0m \u0111en, Anod h\u00f3a, M\u1ea1 cr\u00f4m, M\u1ea1 k\u1ebdm, M\u1ea1 niken<\/p>\n<\/td>\n<\/tr>\n<tr>\n<td width=\"179\">\n<p align=\"left\">Ti\u00eau chu\u1ea9n<\/p>\n<\/td>\n<td colspan=\"2\" width=\"630\">\n<p align=\"left\">DIN, ISO\/GB, AGMA, JIS<\/p>\n<\/td>\n<\/tr>\n<\/tbody>\n<\/table>\n<div>\n<h3 class=\"\" dir=\"auto\">FMP: \u0110\u1ed1i t\u00e1c \u0111\u00e1ng tin c\u1eady c\u1ee7a b\u1ea1n v\u1ec1 b\u00e1nh r\u0103ng v\u00e0nh r\u0103ng t\u00f9y ch\u1ec9nh t\u1ea1i \u00dd<\/h3>\n<p class=\"break-words\" dir=\"auto\">Ch\u00fang t\u00f4i c\u0169ng cung c\u1ea5p c\u00e1c gi\u1ea3i ph\u00e1p t\u00f9y ch\u1ec9nh \u0111\u1ec3 \u0111\u00e1p \u1ee9ng c\u00e1c y\u00eau c\u1ea7u c\u1ee5 th\u1ec3 c\u1ee7a b\u1ea1n. N\u1ebfu b\u1ea1n kh\u00f4ng t\u00ecm th\u1ea5y m\u1eabu s\u1ea3n ph\u1ea9m m\u00ecnh c\u1ea7n trong danh s\u00e1ch s\u1ea3n ph\u1ea9m c\u1ee7a ch\u00fang t\u00f4i, c\u00f3 th\u1ec3 ch\u00fang t\u00f4i ch\u01b0a t\u1ea3i n\u00f3 l\u00ean\u2014\u0111\u1eebng ng\u1ea7n ng\u1ea1i g\u1eedi email cho ch\u00fang t\u00f4i k\u00e8m theo th\u00f4ng s\u1ed1 k\u1ef9 thu\u1eadt c\u1ee7a b\u1ea1n. \u0110\u1ed9i ng\u0169 k\u1ef9 s\u01b0 l\u00e0nh ngh\u1ec1 c\u1ee7a ch\u00fang t\u00f4i s\u1ebd ph\u1ea3n h\u1ed3i trong v\u00f2ng 24 gi\u1edd, \u0111\u1ea3m b\u1ea3o b\u1ea1n c\u00f3 \u0111\u01b0\u1ee3c thi\u1ebft b\u1ecb ho\u00e0n h\u1ea3o cho d\u1ef1 \u00e1n c\u1ee7a m\u00ecnh, d\u00f9 b\u1ea1n \u0111ang ho\u1ea1t \u0111\u1ed9ng trong l\u0129nh v\u1ef1c s\u1ea3n xu\u1ea5t t\u1ea1i Milan hay trung t\u00e2m \u00f4 t\u00f4 c\u1ee7a Bologna. FMP l\u00e0 \u0111\u1ed1i t\u00e1c \u0111\u00e1ng tin c\u1eady c\u1ee7a b\u1ea1n v\u1ec1 b\u00e1nh r\u0103ng ch\u00ednh x\u00e1c t\u1ea1i \u00dd.<\/p>\n<table style=\"border-collapse: collapse; width: 97.75%; height: 53px;\" border=\"0\" width=\"270\" cellspacing=\"0\" cellpadding=\"0\">\n<tbody>\n<tr style=\"height: 14.40pt;\">\n<td style=\"height: 14.40pt; width: 54.00pt;\" align=\"right\" width=\"90\" height=\"24\"><img loading=\"lazy\" decoding=\"async\" class=\"size-full wp-image-7753 aligncenter\" src=\"https:\/\/fmp-components.com\/wp-content\/uploads\/2025\/04\/Alloy-Steel-Internal-Ring-Gear-1.webp\" alt=\"B\u00e1nh r\u0103ng v\u00e0nh trong b\u1eb1ng th\u00e9p h\u1ee3p kim\" width=\"650\" height=\"650\" title=\"\" srcset=\"https:\/\/fmp-components.com\/wp-content\/uploads\/2025\/04\/Alloy-Steel-Internal-Ring-Gear-1.webp 650w, https:\/\/fmp-components.com\/wp-content\/uploads\/2025\/04\/Alloy-Steel-Internal-Ring-Gear-1-480x480.webp 480w\" sizes=\"(min-width: 0px) and (max-width: 480px) 480px, (min-width: 481px) 650px, 100vw\" \/><\/td>\n<td style=\"width: 54.00pt;\" align=\"right\" width=\"90\"><img loading=\"lazy\" decoding=\"async\" class=\"size-full wp-image-7754 aligncenter\" src=\"https:\/\/fmp-components.com\/wp-content\/uploads\/2025\/04\/Alloy-Steel-Internal-Ring-Gear-2.webp\" alt=\"B\u00e1nh r\u0103ng v\u00e0nh trong b\u1eb1ng th\u00e9p h\u1ee3p kim\" width=\"650\" height=\"650\" title=\"\" srcset=\"https:\/\/fmp-components.com\/wp-content\/uploads\/2025\/04\/Alloy-Steel-Internal-Ring-Gear-2.webp 650w, https:\/\/fmp-components.com\/wp-content\/uploads\/2025\/04\/Alloy-Steel-Internal-Ring-Gear-2-480x480.webp 480w\" sizes=\"(min-width: 0px) and (max-width: 480px) 480px, (min-width: 481px) 650px, 100vw\" \/><\/td>\n<td style=\"width: 54.00pt;\" align=\"right\" width=\"90\"><img loading=\"lazy\" decoding=\"async\" class=\"size-full wp-image-7755 aligncenter\" src=\"https:\/\/fmp-components.com\/wp-content\/uploads\/2025\/04\/Alloy-Steel-Internal-Ring-Gear-3.webp\" alt=\"B\u00e1nh r\u0103ng v\u00e0nh trong b\u1eb1ng th\u00e9p h\u1ee3p kim\" width=\"650\" height=\"650\" title=\"\" srcset=\"https:\/\/fmp-components.com\/wp-content\/uploads\/2025\/04\/Alloy-Steel-Internal-Ring-Gear-3.webp 650w, https:\/\/fmp-components.com\/wp-content\/uploads\/2025\/04\/Alloy-Steel-Internal-Ring-Gear-3-480x480.webp 480w\" sizes=\"(min-width: 0px) and (max-width: 480px) 480px, (min-width: 481px) 650px, 100vw\" \/><\/td>\n<\/tr>\n<\/tbody>\n<\/table>\n<\/div>\n<\/div>","protected":false},"excerpt":{"rendered":"<p>Alloy Steel Internal Ring Gears: Precision Engineering for Italy\u2019s Industries Alloy steel internal ring gears are vital components in mechanical systems, known for their high strength and wear resistance, making them ideal for demanding applications like planetary gear systems in automotive and industrial machinery. In Italy\u2019s industrial hubs such as Milan and Bologna, these gears [&hellip;]<\/p>","protected":false},"featured_media":7750,"comment_status":"open","ping_status":"closed","template":"","meta":{"_et_pb_use_builder":"","_et_pb_old_content":"","_et_gb_content_width":""},"product_brand":[],"product_cat":[114],"product_tag":[],"class_list":{"0":"post-7749","1":"product","2":"type-product","3":"status-publish","4":"has-post-thumbnail","6":"product_cat-ring-gear","8":"first","9":"instock","10":"shipping-taxable","11":"product-type-simple"},"_links":{"self":[{"href":"https:\/\/fmp-components.com\/vi\/wp-json\/wp\/v2\/product\/7749","targetHints":{"allow":["GET"]}}],"collection":[{"href":"https:\/\/fmp-components.com\/vi\/wp-json\/wp\/v2\/product"}],"about":[{"href":"https:\/\/fmp-components.com\/vi\/wp-json\/wp\/v2\/types\/product"}],"replies":[{"embeddable":true,"href":"https:\/\/fmp-components.com\/vi\/wp-json\/wp\/v2\/comments?post=7749"}],"wp:featuredmedia":[{"embeddable":true,"href":"https:\/\/fmp-components.com\/vi\/wp-json\/wp\/v2\/media\/7750"}],"wp:attachment":[{"href":"https:\/\/fmp-components.com\/vi\/wp-json\/wp\/v2\/media?parent=7749"}],"wp:term":[{"taxonomy":"product_brand","embeddable":true,"href":"https:\/\/fmp-components.com\/vi\/wp-json\/wp\/v2\/product_brand?post=7749"},{"taxonomy":"product_cat","embeddable":true,"href":"https:\/\/fmp-components.com\/vi\/wp-json\/wp\/v2\/product_cat?post=7749"},{"taxonomy":"product_tag","embeddable":true,"href":"https:\/\/fmp-components.com\/vi\/wp-json\/wp\/v2\/product_tag?post=7749"}],"curies":[{"name":"wp","href":"https:\/\/api.w.org\/{rel}","templated":true}]}}