{"id":7727,"date":"2025-04-03T06:15:43","date_gmt":"2025-04-03T06:15:43","guid":{"rendered":"https:\/\/fmp-components.com\/?post_type=product&#038;p=7727"},"modified":"2025-04-03T06:27:46","modified_gmt":"2025-04-03T06:27:46","slug":"planetary-ring-gear","status":"publish","type":"product","link":"https:\/\/fmp-components.com\/vi\/product\/planetary-ring-gear\/","title":{"rendered":"B\u00e1nh r\u0103ng v\u00e0nh h\u00e0nh tinh"},"content":{"rendered":"<div>\n<h2>B\u00e1nh r\u0103ng v\u00e0nh h\u00e0nh tinh cao c\u1ea5p v\u1edbi FMP t\u1ea1i \u00dd<\/h2>\n<p class=\"break-words\">Khi n\u00f3i \u0111\u1ebfn k\u1ef9 thu\u1eadt ch\u00ednh x\u00e1c v\u00e0 c\u00e1c linh ki\u1ec7n m\u00e1y m\u00f3c \u0111\u00e1ng tin c\u1eady, b\u00e1nh r\u0103ng v\u00e0nh h\u00e0nh tinh l\u00e0 m\u1ed9t th\u00e0nh ph\u1ea7n quan tr\u1ecdng trong v\u00f4 s\u1ed1 \u1ee9ng d\u1ee5ng, t\u1eeb h\u1ec7 th\u1ed1ng \u00f4 t\u00f4 \u0111\u1ebfn thi\u1ebft b\u1ecb c\u00f4ng nghi\u1ec7p. T\u1ea1i FMP, ch\u00fang t\u00f4i t\u1ef1 h\u00e0o l\u00e0 nh\u00e0 s\u1ea3n xu\u1ea5t h\u00e0ng \u0111\u1ea7u v\u1ec1 b\u00e1nh r\u0103ng v\u00e0nh h\u00e0nh tinh ch\u1ea5t l\u01b0\u1ee3ng cao, ph\u1ee5c v\u1ee5 c\u00e1c doanh nghi\u1ec7p v\u00e0 ng\u00e0nh c\u00f4ng nghi\u1ec7p tr\u00ean kh\u1eafp n\u01b0\u1edbc \u00dd, bao g\u1ed3m c\u00e1c th\u00e0nh ph\u1ed1 nh\u01b0 Milan, Venice, Florence v\u00e0 Bologna. D\u00f2ng s\u1ea3n ph\u1ea9m b\u00e1nh r\u0103ng v\u00e0nh h\u00e0nh tinh \u0111a d\u1ea1ng c\u1ee7a ch\u00fang t\u00f4i \u0111\u01b0\u1ee3c thi\u1ebft k\u1ebf \u0111\u1ec3 \u0111\u00e1p \u1ee9ng c\u00e1c nhu c\u1ea7u hi\u1ec7u su\u1ea5t \u0111a d\u1ea1ng, \u0111\u1ea3m b\u1ea3o \u0111\u1ed9 b\u1ec1n, hi\u1ec7u qu\u1ea3 v\u00e0 t\u00edch h\u1ee3p li\u1ec1n m\u1ea1ch v\u00e0o h\u1ec7 th\u1ed1ng c\u1ee7a b\u1ea1n.<\/p>\n<\/div>\n<h3>\u0110\u1eb7c \u0111i\u1ec3m k\u1ef9 thu\u1eadt<\/h3>\n<table style=\"width: 100%;\" border=\"1\" width=\"100%\" cellspacing=\"0\" cellpadding=\"0\">\n<tbody>\n<tr style=\"height: 30.00pt;\">\n<td class=\"et2\" style=\"height: 30.00pt; width: 48.00pt;\" width=\"80\" height=\"50\">S\u1ed1 hi\u1ec7u m\u1eabu<\/td>\n<td class=\"et2\" style=\"width: 318.60pt;\" width=\"531\">M3, M4, M5, M8, M12, v.v.<\/td>\n<\/tr>\n<tr style=\"height: 30.00pt;\">\n<td class=\"et2\" style=\"height: 30.00pt; width: 48.00pt;\" width=\"80\" height=\"50\">V\u1eadt li\u1ec7u<\/td>\n<td class=\"et2\" style=\"width: 318.60pt;\" width=\"531\">\u0110\u1ed3ng thau, th\u00e9p C45, th\u00e9p kh\u00f4ng g\u1ec9, \u0111\u1ed3ng, POM, nh\u00f4m, h\u1ee3p kim, v.v.<\/td>\n<\/tr>\n<tr style=\"height: 30.00pt;\">\n<td class=\"et2\" style=\"height: 60.00pt; width: 48.00pt;\" rowspan=\"2\" width=\"80\" height=\"100\">X\u1eed l\u00fd b\u1ec1 m\u1eb7t<\/td>\n<td class=\"et2\" style=\"width: 318.60pt;\" width=\"531\">M\u1ea1 k\u1ebdm, m\u1ea1 niken, th\u1ee5 \u0111\u1ed9ng h\u00f3a, oxy h\u00f3a, anot h\u00f3a,<\/td>\n<\/tr>\n<tr style=\"height: 30.00pt;\">\n<td class=\"et2\" style=\"width: 318.60pt;\" width=\"531\">Geomet, Dacromet, Oxit \u0111en, Phosphat h\u00f3a, S\u01a1n t\u0129nh \u0111i\u1ec7n v\u00e0 \u0110i\u1ec7n di<\/td>\n<\/tr>\n<tr style=\"height: 30.00pt;\">\n<td class=\"et2\" style=\"height: 30.00pt; width: 48.00pt;\" width=\"80\" height=\"50\">Ti\u00eau chu\u1ea9n<\/td>\n<td class=\"et2\" style=\"width: 318.60pt;\" width=\"531\">ISO, DIN, ANSI, JIS, BS v\u00e0 Phi ti\u00eau chu\u1ea9n.<\/td>\n<\/tr>\n<tr style=\"height: 30.00pt;\">\n<td class=\"et2\" style=\"height: 30.00pt; width: 48.00pt;\" width=\"80\" height=\"50\">\u0110\u1ed9 ch\u00ednh x\u00e1c<\/td>\n<td class=\"et2\" style=\"width: 318.60pt;\" width=\"531\">DIN6, DIN7, DIN8, DIN9.<\/td>\n<\/tr>\n<tr style=\"height: 45.00pt;\">\n<td class=\"et2\" style=\"height: 45.00pt; width: 48.00pt;\" width=\"80\" height=\"75\">\u0110i\u1ec1u tr\u1ecb r\u0103ng<\/td>\n<td class=\"et2\" style=\"width: 318.60pt;\" width=\"531\">L\u00e0m c\u1ee9ng, nghi\u1ec1n ho\u1eb7c xay<\/td>\n<\/tr>\n<tr style=\"height: 30.00pt;\">\n<td class=\"et2\" style=\"height: 30.00pt; width: 48.00pt;\" width=\"80\" height=\"50\">S\u1ee9c ch\u1ecbu \u0111\u1ef1ng<\/td>\n<td class=\"et2\" style=\"width: 318.60pt;\" width=\"531\">0,001mm-0,01mm-0,1mm<\/td>\n<\/tr>\n<tr style=\"height: 30.00pt;\">\n<td class=\"et2\" style=\"height: 30.00pt; width: 48.00pt;\" width=\"80\" height=\"50\">Ho\u00e0n th\u00e0nh<\/td>\n<td class=\"et2\" style=\"width: 318.60pt;\" width=\"531\">phun c\u00e1t, x\u1eed l\u00fd nhi\u1ec7t, \u1ee7, ram, \u0111\u00e1nh b\u00f3ng, anot h\u00f3a, m\u1ea1 k\u1ebdm<\/td>\n<\/tr>\n<tr style=\"height: 30.00pt;\">\n<td class=\"et2\" style=\"height: 30.00pt; width: 48.00pt;\" width=\"80\" height=\"50\">\u0110\u00f3ng g\u00f3i c\u00e1c m\u1eb7t h\u00e0ng<\/td>\n<td class=\"et2\" style=\"width: 318.60pt;\" width=\"531\">T\u00fai nh\u1ef1a + Th\u00f9ng carton ho\u1eb7c Bao b\u00ec b\u1eb1ng g\u1ed7<\/td>\n<\/tr>\n<tr style=\"height: 15.00pt;\">\n<td class=\"et2\" style=\"height: 30.00pt; width: 48.00pt;\" rowspan=\"2\" width=\"80\" height=\"50\">M\u1eabu<\/td>\n<td class=\"et2\" style=\"width: 318.60pt;\" width=\"531\">Gi\u00e1 m\u1eabu dao \u0111\u1ed9ng t\u1eeb $2 \u0111\u1ebfn $100.<\/td>\n<\/tr>\n<tr style=\"height: 15.00pt;\">\n<td class=\"et2\" style=\"width: 318.60pt;\" width=\"531\">m\u1eabu y\u00eau c\u1ea7u chuy\u1ec3n ph\u00e1t nhanh \u0111\u01b0\u1ee3c kh\u00e1ch h\u00e0ng thanh to\u00e1n<\/td>\n<\/tr>\n<tr style=\"height: 15.00pt;\">\n<td class=\"et2\" style=\"height: 135.00pt; width: 48.00pt;\" rowspan=\"8\" width=\"80\" height=\"225\">\u1ee8ng d\u1ee5ng<\/td>\n<td class=\"et2\" style=\"width: 318.60pt;\" width=\"531\">1. M\u00e1y \u0111i\u1ec1u khi\u1ec3n t\u1ef1 \u0111\u1ed9ng<\/td>\n<\/tr>\n<tr style=\"height: 15.00pt;\">\n<td class=\"et2\" style=\"width: 318.60pt;\" width=\"531\">2. Ng\u00e0nh c\u00f4ng nghi\u1ec7p b\u00e1n d\u1eabn<\/td>\n<\/tr>\n<tr style=\"height: 15.00pt;\">\n<td class=\"et2\" style=\"width: 318.60pt;\" width=\"531\">3. M\u00e1y m\u00f3c c\u00f4ng nghi\u1ec7p n\u00f3i chung<\/td>\n<\/tr>\n<tr style=\"height: 15.00pt;\">\n<td class=\"et2\" style=\"width: 318.60pt;\" width=\"531\">4. Thi\u1ebft b\u1ecb y t\u1ebf<\/td>\n<\/tr>\n<tr style=\"height: 15.00pt;\">\n<td class=\"et2\" style=\"width: 318.60pt;\" width=\"531\">5. Thi\u1ebft b\u1ecb n\u0103ng l\u01b0\u1ee3ng m\u1eb7t tr\u1eddi<\/td>\n<\/tr>\n<tr style=\"height: 15.00pt;\">\n<td class=\"et2\" style=\"width: 318.60pt;\" width=\"531\">6. M\u00e1y c\u00f4ng c\u1ee5<\/td>\n<\/tr>\n<tr style=\"height: 15.00pt;\">\n<td class=\"et2\" style=\"width: 318.60pt;\" width=\"531\">7. H\u1ec7 th\u1ed1ng \u0111\u1ed7 xe<\/td>\n<\/tr>\n<tr style=\"height: 30.00pt;\">\n<td class=\"et2\" style=\"width: 318.60pt;\" width=\"531\">8. Thi\u1ebft b\u1ecb v\u1eadn t\u1ea3i \u0111\u01b0\u1eddng s\u1eaft cao t\u1ed1c v\u00e0 h\u00e0ng kh\u00f4ng, v.v.<\/td>\n<\/tr>\n<\/tbody>\n<\/table>\n<div>\n<h4>T\u1ea1i sao n\u00ean ch\u1ecdn FMP cho b\u00e1nh r\u0103ng v\u00e0nh h\u00e0nh tinh?<\/h4>\n<p class=\"break-words\">T\u1ecda l\u1ea1c t\u1ea1i trung t\u00e2m n\u01b0\u1edbc \u00dd, FMP chuy\u00ean s\u1ea3n xu\u1ea5t c\u00e1c lo\u1ea1i b\u00e1nh r\u0103ng v\u00e0nh h\u00e0nh tinh \u0111a d\u1ea1ng, \u0111\u00e1p \u1ee9ng m\u1ecdi y\u00eau c\u1ea7u c\u1ee5 th\u1ec3 c\u1ee7a b\u1ea1n. Cho d\u00f9 b\u1ea1n \u0111ang t\u00ecm ki\u1ebfm linh ki\u1ec7n cho s\u1ea3n xu\u1ea5t ti\u00ean ti\u1ebfn t\u1ea1i Milan, \u0111ang l\u00e0m vi\u1ec7c t\u1ea1i Venice cho c\u00e1c d\u1ef1 \u00e1n k\u1ef9 thu\u1eadt h\u00e0ng h\u1ea3i, \u0111ang n\u00e2ng c\u1ea5p h\u1ec7 th\u1ed1ng t\u1ef1 \u0111\u1ed9ng h\u00f3a t\u1ea1i Florence, hay \u0111ang n\u00e2ng c\u1ea5p thi\u1ebft k\u1ebf \u00f4 t\u00f4 t\u1ea1i Bologna, ch\u00fang t\u00f4i \u0111\u1ec1u c\u00f3 th\u1ec3 \u0111\u00e1p \u1ee9ng. S\u1ea3n ph\u1ea9m c\u1ee7a ch\u00fang t\u00f4i \u0111\u01b0\u1ee3c ch\u1ebf t\u00e1c ch\u00ednh x\u00e1c v\u00e0 \u0111\u01b0\u1ee3c ch\u1ebf t\u1ea1o \u0111\u1ec3 ch\u1ecbu \u0111\u01b0\u1ee3c nh\u1eefng \u0111i\u1ec1u ki\u1ec7n kh\u1eafc nghi\u1ec7t nh\u1ea5t, tr\u1edf th\u00e0nh l\u1ef1a ch\u1ecdn h\u00e0ng \u0111\u1ea7u cho c\u00e1c ng\u00e0nh c\u00f4ng nghi\u1ec7p \u00dd.<\/p>\n<p class=\"break-words\">Ngo\u00e0i c\u00e1c s\u1ea3n ph\u1ea9m ti\u00eau chu\u1ea9n, ch\u00fang t\u00f4i c\u00f2n cung c\u1ea5p b\u00e1nh r\u0103ng v\u00e0nh h\u00e0nh tinh t\u00f9y ch\u1ec9nh \u0111\u1ec3 ph\u00f9 h\u1ee3p v\u1edbi th\u00f4ng s\u1ed1 k\u1ef9 thu\u1eadt ri\u00eang c\u1ee7a b\u1ea1n. T\u1ea1i FMP, ch\u00fang t\u00f4i hi\u1ec3u r\u1eb1ng m\u1ed7i d\u1ef1 \u00e1n \u0111\u1ec1u kh\u00e1c nhau, v\u00e0 \u0111\u1ed9i ng\u0169 k\u1ef9 s\u01b0 l\u00e0nh ngh\u1ec1 c\u1ee7a ch\u00fang t\u00f4i lu\u00f4n s\u1eb5n s\u00e0ng h\u1ee3p t\u00e1c v\u1edbi b\u1ea1n \u0111\u1ec3 t\u1ea1o ra gi\u1ea3i ph\u00e1p ho\u00e0n h\u1ea3o. T\u1eeb vi\u1ec7c l\u1ef1a ch\u1ecdn v\u1eadt li\u1ec7u \u0111\u1ebfn k\u00edch th\u01b0\u1edbc b\u00e1nh r\u0103ng, ch\u00fang t\u00f4i \u0111\u1ea3m b\u1ea3o b\u00e1nh r\u0103ng v\u00e0nh t\u00f9y ch\u1ec9nh c\u1ee7a b\u1ea1n ho\u1ea1t \u0111\u1ed9ng ho\u00e0n h\u1ea3o trong \u1ee9ng d\u1ee5ng c\u1ee7a b\u1ea1n.<\/p>\n<\/div>\n<table style=\"width: 99.375%; height: 49px;\" border=\"0\" width=\"240\" cellspacing=\"0\" cellpadding=\"0\">\n<tbody>\n<tr>\n<td width=\"80\" height=\"24\">\u00a0\u00a0<img loading=\"lazy\" decoding=\"async\" class=\"size-full wp-image-7731 aligncenter\" src=\"https:\/\/fmp-components.com\/wp-content\/uploads\/2025\/04\/Internal-Spur-Gear-Rings-3.webp\" alt=\"V\u00f2ng b\u00e1nh r\u0103ng tr\u1ee5 b\u00ean trong\" width=\"600\" height=\"600\" title=\"\" srcset=\"https:\/\/fmp-components.com\/wp-content\/uploads\/2025\/04\/Internal-Spur-Gear-Rings-3.webp 600w, https:\/\/fmp-components.com\/wp-content\/uploads\/2025\/04\/Internal-Spur-Gear-Rings-3-480x480.webp 480w\" sizes=\"(min-width: 0px) and (max-width: 480px) 480px, (min-width: 481px) 600px, 100vw\" \/><\/td>\n<td width=\"80\"><img loading=\"lazy\" decoding=\"async\" class=\"size-full wp-image-7729 aligncenter\" src=\"https:\/\/fmp-components.com\/wp-content\/uploads\/2025\/04\/Internal-Spur-Gear-Rings-1.webp\" alt=\"V\u00f2ng b\u00e1nh r\u0103ng tr\u1ee5 b\u00ean trong\" width=\"600\" height=\"600\" title=\"\" srcset=\"https:\/\/fmp-components.com\/wp-content\/uploads\/2025\/04\/Internal-Spur-Gear-Rings-1.webp 600w, https:\/\/fmp-components.com\/wp-content\/uploads\/2025\/04\/Internal-Spur-Gear-Rings-1-480x480.webp 480w\" sizes=\"(min-width: 0px) and (max-width: 480px) 480px, (min-width: 481px) 600px, 100vw\" \/><\/td>\n<td width=\"80\"><strong><img loading=\"lazy\" decoding=\"async\" class=\"size-full wp-image-7730 aligncenter\" src=\"https:\/\/fmp-components.com\/wp-content\/uploads\/2025\/04\/Internal-Spur-Gear-Rings-4.webp\" alt=\"V\u00f2ng b\u00e1nh r\u0103ng tr\u1ee5 b\u00ean trong\" width=\"1024\" height=\"1024\" title=\"\" srcset=\"https:\/\/fmp-components.com\/wp-content\/uploads\/2025\/04\/Internal-Spur-Gear-Rings-4.webp 1024w, https:\/\/fmp-components.com\/wp-content\/uploads\/2025\/04\/Internal-Spur-Gear-Rings-4-980x980.webp 980w, https:\/\/fmp-components.com\/wp-content\/uploads\/2025\/04\/Internal-Spur-Gear-Rings-4-480x480.webp 480w\" sizes=\"(min-width: 0px) and (max-width: 480px) 480px, (min-width: 481px) and (max-width: 980px) 980px, (min-width: 981px) 1024px, 100vw\" \/><\/strong><\/td>\n<\/tr>\n<\/tbody>\n<\/table>\n<p>&nbsp;<\/p>","protected":false},"excerpt":{"rendered":"<p>Premium Planetary Ring Gears with FMP in Italy When it comes to precision engineering and reliable machinery components, a planetary ring gear is a critical element in countless applications, from automotive systems to industrial equipment. At FMP, we take pride in being a leading manufacturer of high-quality planetary ring gears, serving businesses and industries across [&hellip;]<\/p>","protected":false},"featured_media":7729,"comment_status":"open","ping_status":"closed","template":"","meta":{"_et_pb_use_builder":"","_et_pb_old_content":"","_et_gb_content_width":""},"product_brand":[],"product_cat":[113],"product_tag":[],"class_list":{"0":"post-7727","1":"product","2":"type-product","3":"status-publish","4":"has-post-thumbnail","6":"product_cat-planetary-gear","8":"first","9":"instock","10":"shipping-taxable","11":"product-type-simple"},"_links":{"self":[{"href":"https:\/\/fmp-components.com\/vi\/wp-json\/wp\/v2\/product\/7727","targetHints":{"allow":["GET"]}}],"collection":[{"href":"https:\/\/fmp-components.com\/vi\/wp-json\/wp\/v2\/product"}],"about":[{"href":"https:\/\/fmp-components.com\/vi\/wp-json\/wp\/v2\/types\/product"}],"replies":[{"embeddable":true,"href":"https:\/\/fmp-components.com\/vi\/wp-json\/wp\/v2\/comments?post=7727"}],"wp:featuredmedia":[{"embeddable":true,"href":"https:\/\/fmp-components.com\/vi\/wp-json\/wp\/v2\/media\/7729"}],"wp:attachment":[{"href":"https:\/\/fmp-components.com\/vi\/wp-json\/wp\/v2\/media?parent=7727"}],"wp:term":[{"taxonomy":"product_brand","embeddable":true,"href":"https:\/\/fmp-components.com\/vi\/wp-json\/wp\/v2\/product_brand?post=7727"},{"taxonomy":"product_cat","embeddable":true,"href":"https:\/\/fmp-components.com\/vi\/wp-json\/wp\/v2\/product_cat?post=7727"},{"taxonomy":"product_tag","embeddable":true,"href":"https:\/\/fmp-components.com\/vi\/wp-json\/wp\/v2\/product_tag?post=7727"}],"curies":[{"name":"wp","href":"https:\/\/api.w.org\/{rel}","templated":true}]}}