{"id":7722,"date":"2025-04-03T06:11:33","date_gmt":"2025-04-03T06:11:33","guid":{"rendered":"https:\/\/fmp-components.com\/?post_type=product&#038;p=7722"},"modified":"2025-04-03T06:11:33","modified_gmt":"2025-04-03T06:11:33","slug":"internal-planetary-gear-kit","status":"publish","type":"product","link":"https:\/\/fmp-components.com\/vi\/product\/internal-planetary-gear-kit\/","title":{"rendered":"B\u1ed9 b\u00e1nh r\u0103ng h\u00e0nh tinh b\u00ean trong"},"content":{"rendered":"<p>B\u1ed9 b\u00e1nh r\u0103ng h\u00e0nh tinh b\u00ean trong l\u00e0 m\u1ed9t h\u1ec7 th\u1ed1ng c\u01a1 kh\u00ed nh\u1ecf g\u1ecdn bao g\u1ed3m b\u00e1nh r\u0103ng m\u1eb7t tr\u1eddi trung t\u00e2m, c\u00e1c b\u00e1nh r\u0103ng h\u00e0nh tinh xung quanh v\u00e0 b\u00e1nh r\u0103ng v\u00e0nh ngo\u00e0i, \u0111\u01b0\u1ee3c thi\u1ebft k\u1ebf \u0111\u1ec3 truy\u1ec1n m\u00f4-men xo\u1eafn hi\u1ec7u qu\u1ea3 v\u00e0 \u0111i\u1ec1u ch\u1ec9nh t\u1ed1c \u0111\u1ed9 trong c\u00e1c m\u00e1y m\u00f3c nh\u01b0 h\u1ed9p s\u1ed1 ho\u1eb7c \u0111\u1ed9ng c\u01a1.<\/p>\n<h2>\u0110\u1eb7c \u0111i\u1ec3m k\u1ef9 thu\u1eadt<\/h2>\n<table style=\"width: 100%;\" border=\"1\" width=\"100%\" cellspacing=\"0\" cellpadding=\"0\">\n<tbody>\n<tr style=\"height: 30.00pt;\">\n<td class=\"et2\" style=\"height: 30.00pt; width: 48.00pt;\" width=\"80\" height=\"50\">S\u1ed1 hi\u1ec7u m\u1eabu<\/td>\n<td class=\"et2\" style=\"width: 318.60pt;\" width=\"531\">M3, M4, M5, M8, M12, v.v.<\/td>\n<\/tr>\n<tr style=\"height: 30.00pt;\">\n<td class=\"et2\" style=\"height: 30.00pt; width: 48.00pt;\" width=\"80\" height=\"50\">V\u1eadt li\u1ec7u<\/td>\n<td class=\"et2\" style=\"width: 318.60pt;\" width=\"531\">\u0110\u1ed3ng thau, th\u00e9p C45, th\u00e9p kh\u00f4ng g\u1ec9, \u0111\u1ed3ng, POM, nh\u00f4m, h\u1ee3p kim, v.v.<\/td>\n<\/tr>\n<tr style=\"height: 30.00pt;\">\n<td class=\"et2\" style=\"height: 60.00pt; width: 48.00pt;\" rowspan=\"2\" width=\"80\" height=\"100\">X\u1eed l\u00fd b\u1ec1 m\u1eb7t<\/td>\n<td class=\"et2\" style=\"width: 318.60pt;\" width=\"531\">M\u1ea1 k\u1ebdm, m\u1ea1 niken, th\u1ee5 \u0111\u1ed9ng h\u00f3a, oxy h\u00f3a, anot h\u00f3a,<\/td>\n<\/tr>\n<tr style=\"height: 30.00pt;\">\n<td class=\"et2\" style=\"width: 318.60pt;\" width=\"531\">Geomet, Dacromet, Oxit \u0111en, Phosphat h\u00f3a, S\u01a1n t\u0129nh \u0111i\u1ec7n v\u00e0 \u0110i\u1ec7n di<\/td>\n<\/tr>\n<tr style=\"height: 30.00pt;\">\n<td class=\"et2\" style=\"height: 30.00pt; width: 48.00pt;\" width=\"80\" height=\"50\">Ti\u00eau chu\u1ea9n<\/td>\n<td class=\"et2\" style=\"width: 318.60pt;\" width=\"531\">ISO, DIN, ANSI, JIS, BS v\u00e0 Phi ti\u00eau chu\u1ea9n.<\/td>\n<\/tr>\n<tr style=\"height: 30.00pt;\">\n<td class=\"et2\" style=\"height: 30.00pt; width: 48.00pt;\" width=\"80\" height=\"50\">\u0110\u1ed9 ch\u00ednh x\u00e1c<\/td>\n<td class=\"et2\" style=\"width: 318.60pt;\" width=\"531\">DIN6, DIN7, DIN8, DIN9.<\/td>\n<\/tr>\n<tr style=\"height: 45.00pt;\">\n<td class=\"et2\" style=\"height: 45.00pt; width: 48.00pt;\" width=\"80\" height=\"75\">\u0110i\u1ec1u tr\u1ecb r\u0103ng<\/td>\n<td class=\"et2\" style=\"width: 318.60pt;\" width=\"531\">L\u00e0m c\u1ee9ng, nghi\u1ec1n ho\u1eb7c xay<\/td>\n<\/tr>\n<tr style=\"height: 30.00pt;\">\n<td class=\"et2\" style=\"height: 30.00pt; width: 48.00pt;\" width=\"80\" height=\"50\">S\u1ee9c ch\u1ecbu \u0111\u1ef1ng<\/td>\n<td class=\"et2\" style=\"width: 318.60pt;\" width=\"531\">0,001mm-0,01mm-0,1mm<\/td>\n<\/tr>\n<tr style=\"height: 30.00pt;\">\n<td class=\"et2\" style=\"height: 30.00pt; width: 48.00pt;\" width=\"80\" height=\"50\">Ho\u00e0n th\u00e0nh<\/td>\n<td class=\"et2\" style=\"width: 318.60pt;\" width=\"531\">phun c\u00e1t, x\u1eed l\u00fd nhi\u1ec7t, \u1ee7, ram, \u0111\u00e1nh b\u00f3ng, anot h\u00f3a, m\u1ea1 k\u1ebdm<\/td>\n<\/tr>\n<tr style=\"height: 30.00pt;\">\n<td class=\"et2\" style=\"height: 30.00pt; width: 48.00pt;\" width=\"80\" height=\"50\">\u0110\u00f3ng g\u00f3i c\u00e1c m\u1eb7t h\u00e0ng<\/td>\n<td class=\"et2\" style=\"width: 318.60pt;\" width=\"531\">T\u00fai nh\u1ef1a + Th\u00f9ng carton ho\u1eb7c Bao b\u00ec b\u1eb1ng g\u1ed7<\/td>\n<\/tr>\n<tr style=\"height: 15.00pt;\">\n<td class=\"et2\" style=\"height: 30.00pt; width: 48.00pt;\" rowspan=\"2\" width=\"80\" height=\"50\">M\u1eabu<\/td>\n<td class=\"et2\" style=\"width: 318.60pt;\" width=\"531\">Gi\u00e1 m\u1eabu dao \u0111\u1ed9ng t\u1eeb $2 \u0111\u1ebfn $100.<\/td>\n<\/tr>\n<tr style=\"height: 15.00pt;\">\n<td class=\"et2\" style=\"width: 318.60pt;\" width=\"531\">m\u1eabu y\u00eau c\u1ea7u chuy\u1ec3n ph\u00e1t nhanh \u0111\u01b0\u1ee3c kh\u00e1ch h\u00e0ng thanh to\u00e1n<\/td>\n<\/tr>\n<tr style=\"height: 15.00pt;\">\n<td class=\"et2\" style=\"height: 135.00pt; width: 48.00pt;\" rowspan=\"8\" width=\"80\" height=\"225\">\u1ee8ng d\u1ee5ng<\/td>\n<td class=\"et2\" style=\"width: 318.60pt;\" width=\"531\">1. M\u00e1y \u0111i\u1ec1u khi\u1ec3n t\u1ef1 \u0111\u1ed9ng<\/td>\n<\/tr>\n<tr style=\"height: 15.00pt;\">\n<td class=\"et2\" style=\"width: 318.60pt;\" width=\"531\">2. Ng\u00e0nh c\u00f4ng nghi\u1ec7p b\u00e1n d\u1eabn<\/td>\n<\/tr>\n<tr style=\"height: 15.00pt;\">\n<td class=\"et2\" style=\"width: 318.60pt;\" width=\"531\">3. M\u00e1y m\u00f3c c\u00f4ng nghi\u1ec7p n\u00f3i chung<\/td>\n<\/tr>\n<tr style=\"height: 15.00pt;\">\n<td class=\"et2\" style=\"width: 318.60pt;\" width=\"531\">4. Thi\u1ebft b\u1ecb y t\u1ebf<\/td>\n<\/tr>\n<tr style=\"height: 15.00pt;\">\n<td class=\"et2\" style=\"width: 318.60pt;\" width=\"531\">5. Thi\u1ebft b\u1ecb n\u0103ng l\u01b0\u1ee3ng m\u1eb7t tr\u1eddi<\/td>\n<\/tr>\n<tr style=\"height: 15.00pt;\">\n<td class=\"et2\" style=\"width: 318.60pt;\" width=\"531\">6. M\u00e1y c\u00f4ng c\u1ee5<\/td>\n<\/tr>\n<tr style=\"height: 15.00pt;\">\n<td class=\"et2\" style=\"width: 318.60pt;\" width=\"531\">7. H\u1ec7 th\u1ed1ng \u0111\u1ed7 xe<\/td>\n<\/tr>\n<tr style=\"height: 30.00pt;\">\n<td class=\"et2\" style=\"width: 318.60pt;\" width=\"531\">8. Thi\u1ebft b\u1ecb v\u1eadn t\u1ea3i \u0111\u01b0\u1eddng s\u1eaft cao t\u1ed1c v\u00e0 h\u00e0ng kh\u00f4ng, v.v.<\/td>\n<\/tr>\n<\/tbody>\n<\/table>\n<h2>Gi\u1edbi thi\u1ec7u v\u1ec1 FMP<\/h2>\n<p>T\u1ea1i FMP, ch\u00fang t\u00f4i chuy\u00ean s\u1ea3n xu\u1ea5t \u0111a d\u1ea1ng c\u00e1c b\u1ed9 b\u00e1nh r\u0103ng h\u00e0nh tinh, \u0111\u01b0\u1ee3c thi\u1ebft k\u1ebf \u0111\u1ec3 cung c\u1ea5p m\u00f4-men xo\u1eafn v\u00e0 \u0111\u1ed9 ch\u00ednh x\u00e1c v\u01b0\u1ee3t tr\u1ed9i cho nhi\u1ec1u \u1ee9ng d\u1ee5ng c\u00f4ng nghi\u1ec7p kh\u00e1c nhau. D\u00f9 b\u1ea1n \u1edf Milan, Venice, Florence hay Bologna, s\u1ea3n ph\u1ea9m c\u1ee7a ch\u00fang t\u00f4i \u0111\u1ec1u \u0111\u00e1p \u1ee9ng m\u1ecdi nhu c\u1ea7u, t\u1eeb c\u00e1c m\u1eabu ti\u00eau chu\u1ea9n \u0111\u1ebfn c\u00e1c gi\u1ea3i ph\u00e1p t\u00f9y ch\u1ec9nh ho\u00e0n to\u00e0n. L\u00e0 nh\u00e0 cung c\u1ea5p h\u00e0ng \u0111\u1ea7u t\u1ea1i \u00dd, ch\u00fang t\u00f4i t\u1ef1 h\u00e0o cung c\u1ea5p c\u00e1c t\u00f9y ch\u1ecdn ph\u00f9 h\u1ee3p v\u1edbi y\u00eau c\u1ea7u c\u1ee5 th\u1ec3 c\u1ee7a b\u1ea1n. N\u1ebfu b\u1ea1n kh\u00f4ng t\u00ecm th\u1ea5y m\u1eabu ch\u00ednh x\u00e1c m\u00ecnh c\u1ea7n trong danh s\u00e1ch s\u1ea3n ph\u1ea9m c\u1ee7a ch\u00fang t\u00f4i, \u0111\u1eebng lo l\u1eafng! C\u00f3 th\u1ec3 n\u00f3 ch\u01b0a \u0111\u01b0\u1ee3c t\u1ea3i l\u00ean. Ch\u1ec9 c\u1ea7n g\u1eedi email cho ch\u00fang t\u00f4i v\u1edbi y\u00eau c\u1ea7u c\u1ee7a b\u1ea1n, v\u00e0 c\u00e1c k\u1ef9 s\u01b0 chuy\u00ean gia c\u1ee7a ch\u00fang t\u00f4i s\u1ebd ph\u1ea3n h\u1ed3i trong v\u00f2ng 24 gi\u1edd v\u1edbi m\u1ed9t gi\u1ea3i ph\u00e1p \u0111\u01b0\u1ee3c thi\u1ebft k\u1ebf ri\u00eang cho b\u1ea1n.<\/p>\n<table style=\"width: 101%; height: 98px;\" border=\"0\" width=\"240\" cellspacing=\"0\" cellpadding=\"0\">\n<tbody>\n<tr>\n<td width=\"80\" height=\"24\"><img loading=\"lazy\" decoding=\"async\" class=\"size-full wp-image-7726 aligncenter\" src=\"https:\/\/fmp-components.com\/wp-content\/uploads\/2025\/04\/planetary-gear-set-kit-1.webp\" alt=\"b\u1ed9 b\u00e1nh r\u0103ng h\u00e0nh tinh\" width=\"1024\" height=\"1024\" title=\"\" srcset=\"https:\/\/fmp-components.com\/wp-content\/uploads\/2025\/04\/planetary-gear-set-kit-1.webp 1024w, https:\/\/fmp-components.com\/wp-content\/uploads\/2025\/04\/planetary-gear-set-kit-1-980x980.webp 980w, https:\/\/fmp-components.com\/wp-content\/uploads\/2025\/04\/planetary-gear-set-kit-1-480x480.webp 480w\" sizes=\"(min-width: 0px) and (max-width: 480px) 480px, (min-width: 481px) and (max-width: 980px) 980px, (min-width: 981px) 1024px, 100vw\" \/><\/td>\n<td width=\"80\"><img loading=\"lazy\" decoding=\"async\" class=\"size-full wp-image-7725 aligncenter\" src=\"https:\/\/fmp-components.com\/wp-content\/uploads\/2025\/04\/planetary-gear-set-kit-3.webp\" alt=\"b\u1ed9 b\u00e1nh r\u0103ng h\u00e0nh tinh\" width=\"1024\" height=\"1024\" title=\"\" srcset=\"https:\/\/fmp-components.com\/wp-content\/uploads\/2025\/04\/planetary-gear-set-kit-3.webp 1024w, https:\/\/fmp-components.com\/wp-content\/uploads\/2025\/04\/planetary-gear-set-kit-3-980x980.webp 980w, https:\/\/fmp-components.com\/wp-content\/uploads\/2025\/04\/planetary-gear-set-kit-3-480x480.webp 480w\" sizes=\"(min-width: 0px) and (max-width: 480px) 480px, (min-width: 481px) and (max-width: 980px) 980px, (min-width: 981px) 1024px, 100vw\" \/><\/td>\n<td width=\"80\"><strong><img loading=\"lazy\" decoding=\"async\" class=\"size-full wp-image-7724 aligncenter\" src=\"https:\/\/fmp-components.com\/wp-content\/uploads\/2025\/04\/planetary-gear-set-kit-2.webp\" alt=\"b\u1ed9 b\u00e1nh r\u0103ng h\u00e0nh tinh\" width=\"1024\" height=\"1024\" title=\"\" srcset=\"https:\/\/fmp-components.com\/wp-content\/uploads\/2025\/04\/planetary-gear-set-kit-2.webp 1024w, https:\/\/fmp-components.com\/wp-content\/uploads\/2025\/04\/planetary-gear-set-kit-2-980x980.webp 980w, https:\/\/fmp-components.com\/wp-content\/uploads\/2025\/04\/planetary-gear-set-kit-2-480x480.webp 480w\" sizes=\"(min-width: 0px) and (max-width: 480px) 480px, (min-width: 481px) and (max-width: 980px) 980px, (min-width: 981px) 1024px, 100vw\" \/><\/strong><\/td>\n<\/tr>\n<\/tbody>\n<\/table>","protected":false},"excerpt":{"rendered":"<p>B\u1ed9 truy\u1ec1n \u0111\u1ed9ng b\u00e1nh r\u0103ng h\u00e0nh tinh b\u00ean trong l\u00e0 m\u1ed9t h\u1ec7 th\u1ed1ng c\u01a1 kh\u00ed nh\u1ecf g\u1ecdn bao g\u1ed3m m\u1ed9t b\u00e1nh r\u0103ng m\u1eb7t tr\u1eddi trung t\u00e2m, c\u00e1c b\u00e1nh r\u0103ng h\u00e0nh tinh xung quanh v\u00e0 m\u1ed9t b\u00e1nh r\u0103ng v\u00f2ng ngo\u00e0i, \u0111\u01b0\u1ee3c thi\u1ebft k\u1ebf \u0111\u1ec3 truy\u1ec1n m\u00f4-men xo\u1eafn v\u00e0 \u0111i\u1ec1u ch\u1ec9nh t\u1ed1c \u0111\u1ed9 hi\u1ec7u qu\u1ea3 trong c\u00e1c m\u00e1y m\u00f3c nh\u01b0 h\u1ed9p s\u1ed1 ho\u1eb7c \u0111\u1ed9ng c\u01a1. Th\u00f4ng s\u1ed1 k\u1ef9 thu\u1eadt M\u00e3 s\u1ed1 model M3, M4, M5, M8, M12, v.v. V\u1eadt li\u1ec7u \u0110\u1ed3ng thau, th\u00e9p C45, th\u00e9p kh\u00f4ng g\u1ec9, \u0111\u1ed3ng, POM, nh\u00f4m, h\u1ee3p kim, v\u00e0 [\u2026]<\/p>","protected":false},"featured_media":7725,"comment_status":"open","ping_status":"closed","template":"","meta":{"_et_pb_use_builder":"","_et_pb_old_content":"","_et_gb_content_width":""},"product_brand":[],"product_cat":[113],"product_tag":[],"class_list":{"0":"post-7722","1":"product","2":"type-product","3":"status-publish","4":"has-post-thumbnail","6":"product_cat-planetary-gear","8":"first","9":"instock","10":"shipping-taxable","11":"product-type-simple"},"_links":{"self":[{"href":"https:\/\/fmp-components.com\/vi\/wp-json\/wp\/v2\/product\/7722","targetHints":{"allow":["GET"]}}],"collection":[{"href":"https:\/\/fmp-components.com\/vi\/wp-json\/wp\/v2\/product"}],"about":[{"href":"https:\/\/fmp-components.com\/vi\/wp-json\/wp\/v2\/types\/product"}],"replies":[{"embeddable":true,"href":"https:\/\/fmp-components.com\/vi\/wp-json\/wp\/v2\/comments?post=7722"}],"wp:featuredmedia":[{"embeddable":true,"href":"https:\/\/fmp-components.com\/vi\/wp-json\/wp\/v2\/media\/7725"}],"wp:attachment":[{"href":"https:\/\/fmp-components.com\/vi\/wp-json\/wp\/v2\/media?parent=7722"}],"wp:term":[{"taxonomy":"product_brand","embeddable":true,"href":"https:\/\/fmp-components.com\/vi\/wp-json\/wp\/v2\/product_brand?post=7722"},{"taxonomy":"product_cat","embeddable":true,"href":"https:\/\/fmp-components.com\/vi\/wp-json\/wp\/v2\/product_cat?post=7722"},{"taxonomy":"product_tag","embeddable":true,"href":"https:\/\/fmp-components.com\/vi\/wp-json\/wp\/v2\/product_tag?post=7722"}],"curies":[{"name":"wp","href":"https:\/\/api.w.org\/{rel}","templated":true}]}}