{"id":7713,"date":"2025-04-03T05:19:05","date_gmt":"2025-04-03T05:19:05","guid":{"rendered":"https:\/\/fmp-components.com\/?post_type=product&#038;p=7713"},"modified":"2025-04-03T05:39:42","modified_gmt":"2025-04-03T05:39:42","slug":"planetary-gear-sets","status":"publish","type":"product","link":"https:\/\/fmp-components.com\/vi\/product\/planetary-gear-sets\/","title":{"rendered":"B\u1ed9 b\u00e1nh r\u0103ng h\u00e0nh tinh"},"content":{"rendered":"<div>\n<h2>Nh\u1eefng nguy\u00ean t\u1eafc c\u01a1 b\u1ea3n c\u1ee7a b\u1ed9 b\u00e1nh r\u0103ng h\u00e0nh tinh<\/h2>\n<p class=\"break-words\">B\u1ed9 b\u00e1nh r\u0103ng h\u00e0nh tinh, c\u00f2n \u0111\u01b0\u1ee3c g\u1ecdi l\u00e0 h\u1ec7 th\u1ed1ng b\u00e1nh r\u0103ng h\u00e0nh tinh, l\u00e0 n\u1ec1n t\u1ea3ng c\u1ee7a k\u1ef9 thu\u1eadt c\u01a1 kh\u00ed hi\u1ec7n \u0111\u1ea1i. V\u1ec1 c\u01a1 b\u1ea3n, c\u00e1c h\u1ec7 th\u1ed1ng n\u00e0y bao g\u1ed3m m\u1ed9t b\u00e1nh r\u0103ng m\u1eb7t tr\u1eddi trung t\u00e2m, c\u00e1c b\u00e1nh r\u0103ng h\u00e0nh tinh quay quanh tr\u1ee5c g\u1eafn tr\u00ean gi\u00e1 \u0111\u1ee1, v\u00e0 m\u1ed9t b\u00e1nh r\u0103ng v\u00e0nh ngo\u00e0i. S\u1ef1 s\u1eafp x\u1ebfp \u0111\u1ed9c \u0111\u00e1o n\u00e0y cho ph\u00e9p b\u1ed9 b\u00e1nh r\u0103ng h\u00e0nh tinh cung c\u1ea5p m\u00f4-men xo\u1eafn, gi\u1ea3m t\u1ed1c \u0111\u1ed9 v\u00e0 hi\u1ec7u su\u1ea5t v\u01b0\u1ee3t tr\u1ed9i trong m\u1ed9t thi\u1ebft k\u1ebf nh\u1ecf g\u1ecdn. Cho d\u00f9 b\u1ea1n \u1edf Milan, Venice, Florence hay Bologna, c\u00e1c ng\u00e0nh c\u00f4ng nghi\u1ec7p tr\u00ean kh\u1eafp n\u01b0\u1edbc \u00dd \u0111\u1ec1u tin t\u01b0\u1edfng v\u00e0o nh\u1eefng h\u1ec7 th\u1ed1ng m\u1ea1nh m\u1ebd n\u00e0y cho c\u00e1c \u1ee9ng d\u1ee5ng t\u1eeb h\u1ed9p s\u1ed1 \u00f4 t\u00f4 \u0111\u1ebfn m\u00e1y m\u00f3c c\u00f4ng nghi\u1ec7p.<\/p>\n<p class=\"break-words\">T\u1ea1i FMP, ch\u00fang t\u00f4i chuy\u00ean s\u1ea3n xu\u1ea5t c\u00e1c b\u1ed9 b\u00e1nh r\u0103ng h\u00e0nh tinh ch\u1ea5t l\u01b0\u1ee3ng cao, \u0111\u01b0\u1ee3c thi\u1ebft k\u1ebf ri\u00eang \u0111\u1ec3 \u0111\u00e1p \u1ee9ng c\u00e1c nhu c\u1ea7u \u0111a d\u1ea1ng. V\u1edbi cam k\u1ebft v\u1ec1 \u0111\u1ed9 ch\u00ednh x\u00e1c v\u00e0 \u0111\u1ed5i m\u1edbi, ch\u00fang t\u00f4i ph\u1ee5c v\u1ee5 kh\u00e1ch h\u00e0ng tr\u00ean kh\u1eafp n\u01b0\u1edbc \u00dd v\u00e0 h\u01a1n th\u1ebf n\u1eefa, \u0111\u1ea3m b\u1ea3o hi\u1ec7u su\u1ea5t h\u00e0ng \u0111\u1ea7u trong m\u1ecdi s\u1ea3n ph\u1ea9m b\u00e1nh r\u0103ng ch\u00fang t\u00f4i s\u1ea3n xu\u1ea5t.<\/p>\n<\/div>\n<p><img loading=\"lazy\" decoding=\"async\" class=\"size-full wp-image-7714 aligncenter\" src=\"https:\/\/fmp-components.com\/wp-content\/uploads\/2025\/04\/Planetary-Gear-set-1.webp\" alt=\"B\u1ed9 b\u00e1nh r\u0103ng h\u00e0nh tinh\" width=\"943\" height=\"634\" title=\"\" srcset=\"https:\/\/fmp-components.com\/wp-content\/uploads\/2025\/04\/Planetary-Gear-set-1.webp 943w, https:\/\/fmp-components.com\/wp-content\/uploads\/2025\/04\/Planetary-Gear-set-1-480x323.webp 480w\" sizes=\"(min-width: 0px) and (max-width: 480px) 480px, (min-width: 481px) 943px, 100vw\" \/><\/p>\n<div>\n<h4>B\u1ed9 b\u00e1nh r\u0103ng h\u00e0nh tinh l\u00e0 g\u00ec?<\/h4>\n<p class=\"break-words\">B\u1ed9 b\u00e1nh r\u0103ng h\u00e0nh tinh ho\u1ea1t \u0111\u1ed9ng v\u1edbi ba th\u00e0nh ph\u1ea7n ch\u00ednh:<\/p>\n<ul class=\"marker:text-secondary\">\n<li class=\"break-words\"><strong>B\u00e1nh r\u0103ng m\u1eb7t tr\u1eddi<\/strong>: B\u00e1nh r\u0103ng trung t\u00e2m (th\u01b0\u1eddng \u0111\u01b0\u1ee3c m\u00f4 t\u1ea3 b\u1eb1ng m\u00e0u v\u00e0ng) \u0111i\u1ec1u khi\u1ec3n h\u1ec7 th\u1ed1ng.<\/li>\n<li class=\"break-words\"><strong>B\u00e1nh r\u0103ng h\u00e0nh tinh<\/strong>: Nhi\u1ec1u b\u00e1nh r\u0103ng (th\u01b0\u1eddng c\u00f3 m\u00e0u xanh lam) quay quanh b\u00e1nh r\u0103ng m\u1eb7t tr\u1eddi, \u0111\u01b0\u1ee3c g\u1eafn tr\u00ean gi\u00e1 \u0111\u1ee1 di \u0111\u1ed9ng (m\u00e0u xanh l\u00e1 c\u00e2y).<\/li>\n<li class=\"break-words\"><strong>B\u00e1nh r\u0103ng v\u00e0nh<\/strong>: B\u00e1nh r\u0103ng ngo\u00e0i (m\u00e0u h\u1ed3ng) \u0103n kh\u1edbp v\u1edbi b\u00e1nh r\u0103ng h\u00e0nh tinh, bao b\u1ecdc to\u00e0n b\u1ed9 h\u1ec7 th\u1ed1ng.<\/li>\n<\/ul>\n<p class=\"break-words\">C\u1ea5u h\u00ecnh n\u00e0y cho ph\u00e9p t\u1ef7 s\u1ed1 truy\u1ec1n \u0111a d\u1ea1ng v\u00e0 m\u00f4-men xo\u1eafn cao, khi\u1ebfn b\u1ed9 b\u00e1nh r\u0103ng h\u00e0nh tinh tr\u1edf n\u00ean l\u00fd t\u01b0\u1edfng cho c\u00e1c \u1ee9ng d\u1ee5ng \u0111\u00f2i h\u1ecfi kh\u00f4ng gian v\u00e0 tr\u1ecdng l\u01b0\u1ee3ng l\u1edbn. T\u1eeb thi\u1ebft k\u1ebf \u0111\u01a1n gi\u1ea3n \u0111\u1ebfn h\u1ec7 th\u1ed1ng ph\u1ee9c h\u1ee3p, kh\u1ea3 n\u0103ng th\u00edch \u1ee9ng c\u1ee7a ch\u00fang ph\u00f9 h\u1ee3p v\u1edbi nhi\u1ec1u ng\u00e0nh c\u00f4ng nghi\u1ec7p.<\/p>\n<h4>\u1ee8ng d\u1ee5ng c\u1ee7a b\u1ed9 b\u00e1nh r\u0103ng h\u00e0nh tinh<\/h4>\n<p class=\"break-words\">B\u1ed9 b\u00e1nh r\u0103ng h\u00e0nh tinh \u0111\u01b0\u1ee3c s\u1eed d\u1ee5ng r\u1ed9ng r\u00e3i tr\u00ean kh\u1eafp n\u01b0\u1edbc \u00dd, t\u1eeb c\u00e1c trung t\u00e2m c\u00f4ng nghi\u1ec7p Milan v\u00e0 Bologna \u0111\u1ebfn c\u00e1c x\u01b0\u1edfng c\u01a1 kh\u00ed \u1edf Florence v\u00e0 Venice. Kh\u1ea3 n\u0103ng gi\u1ea3m t\u1ed1c \u0111\u1ed9 v\u00e0 m\u00f4-men xo\u1eafn \u0111\u00e1ng k\u1ec3 trong m\u1ed9t h\u00ecnh d\u1ea1ng nh\u1ecf g\u1ecdn khi\u1ebfn ch\u00fang tr\u1edf n\u00ean thi\u1ebft y\u1ebfu trong:<\/p>\n<ul class=\"marker:text-secondary\">\n<li class=\"break-words\"><strong>Xe \u00f4 t\u00f4 v\u00e0 xe \u0111\u1ecba h\u00ecnh<\/strong>: C\u00f3 trong h\u1ed9p s\u1ed1 t\u1ef1 \u0111\u1ed9ng v\u00e0 h\u1ec7 d\u1eabn \u0111\u1ed9ng b\u00e1nh xe.<\/li>\n<li class=\"break-words\"><strong>M\u00e1y m\u00f3c c\u00f4ng nghi\u1ec7p<\/strong>: Cung c\u1ea5p n\u0103ng l\u01b0\u1ee3ng cho b\u0103ng t\u1ea3i, m\u00e1y tr\u1ed9n v\u00e0 thi\u1ebft b\u1ecb l\u00e2m nghi\u1ec7p.<\/li>\n<li class=\"break-words\"><strong>S\u1ea3n ph\u1ea9m ti\u00eau d\u00f9ng<\/strong>: \u0110\u01b0\u1ee3c s\u1eed d\u1ee5ng trong tua v\u00edt \u0111i\u1ec7n v\u00e0 h\u1ec7 th\u1ed1ng b\u00e1nh r\u0103ng xe \u0111\u1ea1p.<\/li>\n<li class=\"break-words\"><strong>\u1ee8ng d\u1ee5ng n\u1eb7ng<\/strong>: H\u1ed7 tr\u1ee3 m\u00e1y k\u00e9o, thi\u1ebft b\u1ecb x\u00e2y d\u1ef1ng v\u00e0 \u0111\u1ed9ng c\u01a1 tua bin.<\/li>\n<\/ul>\n<p class=\"break-words\">T\u00ednh ch\u1ea5t chia s\u1ebb t\u1ea3i c\u1ee7a nhi\u1ec1u b\u00e1nh r\u0103ng h\u00e0nh tinh \u0111\u1ea3m b\u1ea3o \u0111\u1ed9 b\u1ec1n v\u00e0 kh\u1ea3 n\u0103ng ch\u1ed1ng m\u00e0i m\u00f2n, m\u1ed9t t\u00ednh n\u0103ng m\u00e0 c\u00e1c nh\u00e0 s\u1ea3n xu\u1ea5t v\u00e0 k\u1ef9 s\u01b0 ng\u01b0\u1eddi \u00dd t\u1ea1i c\u00e1c th\u00e0nh ph\u1ed1 nh\u01b0 Milan v\u00e0 Bologna \u0111\u1eb7c bi\u1ec7t coi tr\u1ecdng \u0111\u1ed1i v\u1edbi c\u00e1c ho\u1ea1t \u0111\u1ed9ng c\u00f3 t\u00e1c \u0111\u1ed9ng m\u1ea1nh.<\/p>\n<div>\n<h4>T\u1ea1i sao n\u00ean ch\u1ecdn b\u1ed9 b\u00e1nh r\u0103ng h\u00e0nh tinh?<\/h4>\n<p class=\"break-words\">\u01afu \u0111i\u1ec3m c\u1ee7a b\u1ed9 b\u00e1nh r\u0103ng h\u00e0nh tinh r\u1ea5t r\u00f5 r\u00e0ng:<\/p>\n<ul class=\"marker:text-secondary\">\n<li class=\"break-words\"><strong>M\u1eadt \u0111\u1ed9 m\u00f4-men xo\u1eafn cao<\/strong>: Nhi\u1ec1u b\u00e1nh r\u0103ng h\u00e0nh tinh ph\u00e2n ph\u1ed1i t\u1ea3i, t\u0103ng c\u01b0\u1eddng c\u00f4ng su\u1ea5t \u0111\u1ea7u ra.<\/li>\n<li class=\"break-words\"><strong>Thi\u1ebft k\u1ebf nh\u1ecf g\u1ecdn<\/strong>: L\u00fd t\u01b0\u1edfng cho c\u00e1c \u1ee9ng d\u1ee5ng c\u00f3 kh\u00f4ng gian h\u1ea1n ch\u1ebf.<\/li>\n<li class=\"break-words\"><strong>\u0110\u1ed9 b\u1ec1n<\/strong>: Ph\u00e2n b\u1ed5 t\u1ea3i tr\u1ecdng \u0111\u1ec1u gi\u00fap t\u0103ng tu\u1ed5i th\u1ecd c\u1ee7a b\u00e1nh r\u0103ng.<\/li>\n<li class=\"break-words\"><strong>T\u00ednh linh ho\u1ea1t<\/strong>: T\u1ef7 s\u1ed1 truy\u1ec1n c\u00f3 th\u1ec3 \u0111i\u1ec1u ch\u1ec9nh d\u1ec5 d\u00e0ng b\u1eb1ng c\u00e1ch s\u1eeda \u0111\u1ed5i b\u00e1nh r\u0103ng d\u1eabn h\u01b0\u1edbng ho\u1eb7c b\u00e1nh r\u0103ng m\u1eb7t tr\u1eddi.<\/li>\n<\/ul>\n<p class=\"break-words\">\u0110\u1ed1i v\u1edbi c\u00e1c doanh nghi\u1ec7p \u1edf Venice ho\u1eb7c Florence mu\u1ed1n t\u1ed1i \u01b0u h\u00f3a hi\u1ec7u su\u1ea5t m\u00e1y m\u00f3c, nh\u1eefng l\u1ee3i \u00edch n\u00e0y s\u1ebd mang l\u1ea1i hi\u1ec7u qu\u1ea3 v\u00e0 \u0111\u1ed9 tin c\u1eady, gi\u1ea3m th\u1eddi gian ng\u1eebng ho\u1ea1t \u0111\u1ed9ng v\u00e0 chi ph\u00ed b\u1ea3o tr\u00ec.<\/p>\n<p><img loading=\"lazy\" decoding=\"async\" class=\"wp-image-7716 aligncenter\" src=\"https:\/\/fmp-components.com\/wp-content\/uploads\/2025\/04\/Planetary-Gear-set-2.webp\" alt=\"B\u1ed9 b\u00e1nh r\u0103ng h\u00e0nh tinh\" width=\"809\" height=\"539\" title=\"\" srcset=\"https:\/\/fmp-components.com\/wp-content\/uploads\/2025\/04\/Planetary-Gear-set-2.webp 809w, https:\/\/fmp-components.com\/wp-content\/uploads\/2025\/04\/Planetary-Gear-set-2-480x320.webp 480w\" sizes=\"(min-width: 0px) and (max-width: 480px) 480px, (min-width: 481px) 809px, 100vw\" \/><\/p>\n<h4>FMP: Nh\u00e0 s\u1ea3n xu\u1ea5t b\u1ed9 b\u00e1nh r\u0103ng h\u00e0nh tinh \u0111\u00e1ng tin c\u1eady c\u1ee7a b\u1ea1n t\u1ea1i \u00dd<\/h4>\n<p class=\"break-words\">T\u1ea1i FMP, ch\u00fang t\u00f4i t\u1ef1 h\u00e0o l\u00e0 nh\u00e0 s\u1ea3n xu\u1ea5t b\u1ed9 b\u00e1nh r\u0103ng h\u00e0nh tinh h\u00e0ng \u0111\u1ea7u, ph\u1ee5c v\u1ee5 kh\u00e1ch h\u00e0ng tr\u00ean kh\u1eafp n\u01b0\u1edbc \u00dd v\u00e0 to\u00e0n c\u1ea7u. D\u1ef1a tr\u00ean chuy\u00ean m\u00f4n k\u1ef9 thu\u1eadt s\u00e2u r\u1ed9ng, ch\u00fang t\u00f4i cung c\u1ea5p:<\/p>\n<ul class=\"marker:text-secondary\">\n<li class=\"break-words\"><strong>Nhi\u1ec1u lo\u1ea1i<\/strong>:T\u1eeb c\u00e1c thi\u1ebft k\u1ebf ti\u00eau chu\u1ea9n \u0111\u1ebfn c\u00e1c h\u1ec7 th\u1ed1ng ph\u1ee9c h\u1ee3p, ch\u00fang t\u00f4i s\u1ea3n xu\u1ea5t b\u1ed9 b\u00e1nh r\u0103ng h\u00e0nh tinh cho m\u1ecdi \u1ee9ng d\u1ee5ng.<\/li>\n<li class=\"break-words\"><strong>T\u00f9y ch\u1ec9nh<\/strong>: B\u1ea1n c\u1ea7n c\u1ea5u h\u00ecnh c\u1ee5 th\u1ec3? \u0110\u1ed9i ng\u0169 k\u1ef9 s\u01b0 l\u00e0nh ngh\u1ec1 c\u1ee7a ch\u00fang t\u00f4i t\u1ea1i \u00dd c\u00f3 th\u1ec3 thi\u1ebft k\u1ebf v\u00e0 s\u1ea3n xu\u1ea5t b\u1ed9 b\u00e1nh r\u0103ng h\u00e0nh tinh t\u00f9y ch\u1ec9nh \u0111\u1ec3 \u0111\u00e1p \u1ee9ng ch\u00ednh x\u00e1c th\u00f4ng s\u1ed1 k\u1ef9 thu\u1eadt c\u1ee7a b\u1ea1n.<\/li>\n<li class=\"break-words\"><strong>S\u1ea3n xu\u1ea5t ch\u00ednh x\u00e1c<\/strong>:S\u1eed d\u1ee5ng c\u00e1c k\u1ef9 thu\u1eadt ti\u00ean ti\u1ebfn, ch\u00fang t\u00f4i \u0111\u1ea3m b\u1ea3o m\u1ecdi thi\u1ebft b\u1ecb \u0111\u1ec1u \u0111\u00e1p \u1ee9ng c\u00e1c ti\u00eau chu\u1ea9n cao nh\u1ea5t v\u1ec1 ch\u1ea5t l\u01b0\u1ee3ng v\u00e0 hi\u1ec7u su\u1ea5t.<\/li>\n<\/ul>\n<p class=\"break-words\">Cho d\u00f9 b\u1ea1n \u0111ang \u1edf khu c\u00f4ng nghi\u1ec7p nh\u1ed9n nh\u1ecbp c\u1ee7a Milan, c\u00e1c x\u01b0\u1edfng c\u1ea3i ti\u1ebfn c\u1ee7a Venice, trung t\u00e2m m\u00e1y m\u00f3c c\u1ee7a Bologna hay kh\u00f4ng gian k\u1ef9 thu\u1eadt th\u1ee7 c\u00f4ng c\u1ee7a Florence, FMP ch\u00ednh l\u00e0 \u0111\u1ed1i t\u00e1c \u0111\u00e1ng tin c\u1eady c\u1ee7a b\u1ea1n v\u1ec1 c\u00e1c gi\u1ea3i ph\u00e1p b\u00e1nh r\u0103ng h\u00e0nh tinh.<\/p>\n<table style=\"border-collapse: collapse; width: 101.625%; height: 50px;\" border=\"0\" width=\"240\" cellspacing=\"0\" cellpadding=\"0\">\n<tbody>\n<tr style=\"height: 14.40pt;\">\n<td style=\"height: 14.40pt; width: 48.00pt;\" width=\"80\" height=\"24\"><img loading=\"lazy\" decoding=\"async\" class=\"size-full wp-image-7717 aligncenter\" src=\"https:\/\/fmp-components.com\/wp-content\/uploads\/2025\/04\/Planetary-Gear-set-factory-2-scaled.webp\" alt=\"Nh\u00e0 m\u00e1y s\u1ea3n xu\u1ea5t b\u1ed9 b\u00e1nh r\u0103ng h\u00e0nh tinh\" width=\"2560\" height=\"2560\" title=\"\" srcset=\"https:\/\/fmp-components.com\/wp-content\/uploads\/2025\/04\/Planetary-Gear-set-factory-2-scaled.webp 2560w, https:\/\/fmp-components.com\/wp-content\/uploads\/2025\/04\/Planetary-Gear-set-factory-2-1280x1280.webp 1280w, https:\/\/fmp-components.com\/wp-content\/uploads\/2025\/04\/Planetary-Gear-set-factory-2-980x980.webp 980w, https:\/\/fmp-components.com\/wp-content\/uploads\/2025\/04\/Planetary-Gear-set-factory-2-480x480.webp 480w\" sizes=\"(min-width: 0px) and (max-width: 480px) 480px, (min-width: 481px) and (max-width: 980px) 980px, (min-width: 981px) and (max-width: 1280px) 1280px, (min-width: 1281px) 2560px, 100vw\" \/><\/td>\n<td style=\"width: 48.00pt;\" width=\"80\"><img loading=\"lazy\" decoding=\"async\" class=\"size-full wp-image-7718 aligncenter\" src=\"https:\/\/fmp-components.com\/wp-content\/uploads\/2025\/04\/Planetary-Gear-set-factory-4.webp\" alt=\"Nh\u00e0 m\u00e1y s\u1ea3n xu\u1ea5t b\u1ed9 b\u00e1nh r\u0103ng h\u00e0nh tinh\" width=\"600\" height=\"600\" title=\"\" srcset=\"https:\/\/fmp-components.com\/wp-content\/uploads\/2025\/04\/Planetary-Gear-set-factory-4.webp 600w, https:\/\/fmp-components.com\/wp-content\/uploads\/2025\/04\/Planetary-Gear-set-factory-4-480x480.webp 480w\" sizes=\"(min-width: 0px) and (max-width: 480px) 480px, (min-width: 481px) 600px, 100vw\" \/><\/td>\n<td style=\"width: 48.00pt;\" width=\"80\"><strong><img loading=\"lazy\" decoding=\"async\" class=\"size-full wp-image-7719 aligncenter\" src=\"https:\/\/fmp-components.com\/wp-content\/uploads\/2025\/04\/Planetary-Gear-set-factory-1-scaled.webp\" alt=\"Nh\u00e0 m\u00e1y s\u1ea3n xu\u1ea5t b\u1ed9 b\u00e1nh r\u0103ng h\u00e0nh tinh\" width=\"2560\" height=\"2560\" title=\"\" srcset=\"https:\/\/fmp-components.com\/wp-content\/uploads\/2025\/04\/Planetary-Gear-set-factory-1-scaled.webp 2560w, https:\/\/fmp-components.com\/wp-content\/uploads\/2025\/04\/Planetary-Gear-set-factory-1-1280x1280.webp 1280w, https:\/\/fmp-components.com\/wp-content\/uploads\/2025\/04\/Planetary-Gear-set-factory-1-980x980.webp 980w, https:\/\/fmp-components.com\/wp-content\/uploads\/2025\/04\/Planetary-Gear-set-factory-1-480x480.webp 480w\" sizes=\"(min-width: 0px) and (max-width: 480px) 480px, (min-width: 481px) and (max-width: 980px) 980px, (min-width: 981px) and (max-width: 1280px) 1280px, (min-width: 1281px) 2560px, 100vw\" \/><\/strong><\/td>\n<\/tr>\n<\/tbody>\n<\/table>\n<\/div>\n<\/div>","protected":false},"excerpt":{"rendered":"<p>The Fundamentals of Planetary Gear Sets Planetary gear sets, also known as epicyclic gear systems, are a cornerstone of modern mechanical engineering. At their core, these systems consist of a central sun gear, orbiting planet gears mounted on a carrier, and an outer ring gear. This unique arrangement allows planetary gear sets to deliver exceptional [&hellip;]<\/p>","protected":false},"featured_media":7720,"comment_status":"open","ping_status":"closed","template":"","meta":{"_et_pb_use_builder":"","_et_pb_old_content":"","_et_gb_content_width":""},"product_brand":[],"product_cat":[113],"product_tag":[],"class_list":{"0":"post-7713","1":"product","2":"type-product","3":"status-publish","4":"has-post-thumbnail","6":"product_cat-planetary-gear","8":"first","9":"instock","10":"shipping-taxable","11":"product-type-simple"},"_links":{"self":[{"href":"https:\/\/fmp-components.com\/vi\/wp-json\/wp\/v2\/product\/7713","targetHints":{"allow":["GET"]}}],"collection":[{"href":"https:\/\/fmp-components.com\/vi\/wp-json\/wp\/v2\/product"}],"about":[{"href":"https:\/\/fmp-components.com\/vi\/wp-json\/wp\/v2\/types\/product"}],"replies":[{"embeddable":true,"href":"https:\/\/fmp-components.com\/vi\/wp-json\/wp\/v2\/comments?post=7713"}],"wp:featuredmedia":[{"embeddable":true,"href":"https:\/\/fmp-components.com\/vi\/wp-json\/wp\/v2\/media\/7720"}],"wp:attachment":[{"href":"https:\/\/fmp-components.com\/vi\/wp-json\/wp\/v2\/media?parent=7713"}],"wp:term":[{"taxonomy":"product_brand","embeddable":true,"href":"https:\/\/fmp-components.com\/vi\/wp-json\/wp\/v2\/product_brand?post=7713"},{"taxonomy":"product_cat","embeddable":true,"href":"https:\/\/fmp-components.com\/vi\/wp-json\/wp\/v2\/product_cat?post=7713"},{"taxonomy":"product_tag","embeddable":true,"href":"https:\/\/fmp-components.com\/vi\/wp-json\/wp\/v2\/product_tag?post=7713"}],"curies":[{"name":"wp","href":"https:\/\/api.w.org\/{rel}","templated":true}]}}