{"id":751,"date":"2024-12-18T05:37:50","date_gmt":"2024-12-18T05:37:50","guid":{"rendered":"https:\/\/fmp-components.com\/?page_id=8"},"modified":"2024-12-18T05:39:02","modified_gmt":"2024-12-18T05:39:02","slug":"pile-driving-barge-luffing-cylinder","status":"publish","type":"product","link":"https:\/\/fmp-components.com\/vi\/product\/pile-driving-barge-luffing-cylinder\/","title":{"rendered":"Xi lanh n\u00e2ng s\u00e0 lan \u0111\u00f3ng c\u1ecdc"},"content":{"rendered":"<p style=\"text-align: center;\"><span style=\"font-size: 18pt;\">Xi lanh n\u00e2ng s\u00e0 lan \u0111\u00f3ng c\u1ecdc<\/span><\/p>\n<p>Xi lanh n\u00e2ng h\u1ea1 x\u00e0 lan \u0111\u00f3ng c\u1ecdc l\u00e0 m\u1ed9t b\u1ed9 ph\u1eadn th\u1ee7y l\u1ef1c thi\u1ebft y\u1ebfu \u0111\u01b0\u1ee3c thi\u1ebft k\u1ebf \u0111\u1ec3 h\u1ed7 tr\u1ee3 chuy\u1ec3n \u0111\u1ed9ng n\u00e2ng h\u1ea1 c\u1ee7a c\u1ea7n c\u1ea9u tr\u00ean x\u00e0 lan \u0111\u00f3ng c\u1ecdc. Xi lanh n\u00e0y \u0111\u00f3ng vai tr\u00f2 quan tr\u1ecdng trong vi\u1ec7c cung c\u1ea5p l\u1ef1c c\u1ea7n thi\u1ebft \u0111\u1ec3 n\u00e2ng v\u00e0 h\u1ea1 c\u1ea7n c\u1ea9u, cho ph\u00e9p \u0111\u1ecbnh v\u1ecb ch\u00ednh x\u00e1c m\u00e1y \u0111\u00f3ng c\u1ecdc trong qu\u00e1 tr\u00ecnh l\u1eafp \u0111\u1eb7t.<\/p>\n<p><img loading=\"lazy\" decoding=\"async\" class=\"alignnone size-full wp-image-754\" src=\"https:\/\/fmp-components.com\/wp-content\/uploads\/2024\/12\/Pile-Driving-Barge-Luffing-Cylinder-1-1.webp\" alt=\"Xi lanh \u0111\u00f3ng c\u1ecdc x\u00e0 lan 1\" width=\"1024\" height=\"675\" title=\"\" srcset=\"https:\/\/fmp-components.com\/wp-content\/uploads\/2024\/12\/Pile-Driving-Barge-Luffing-Cylinder-1-1.webp 1024w, https:\/\/fmp-components.com\/wp-content\/uploads\/2024\/12\/Pile-Driving-Barge-Luffing-Cylinder-1-1-980x646.webp 980w, https:\/\/fmp-components.com\/wp-content\/uploads\/2024\/12\/Pile-Driving-Barge-Luffing-Cylinder-1-1-480x316.webp 480w\" sizes=\"(min-width: 0px) and (max-width: 480px) 480px, (min-width: 481px) and (max-width: 980px) 980px, (min-width: 981px) 1024px, 100vw\" \/><\/p>\n<h4>C\u00e1c t\u00ednh n\u0103ng ch\u00ednh:<\/h4>\n<ul>\n<li><strong>Kh\u1ea3 n\u0103ng ch\u1ecbu t\u1ea3i cao:<\/strong> \u0110\u01b0\u1ee3c thi\u1ebft k\u1ebf \u0111\u1ec3 ch\u1ecbu \u0111\u01b0\u1ee3c t\u1ea3i tr\u1ecdng l\u1edbn, xi lanh n\u00e2ng \u0111\u1ea3m b\u1ea3o chuy\u1ec3n \u0111\u1ed9ng \u1ed5n \u0111\u1ecbnh v\u00e0 c\u00f3 ki\u1ec3m so\u00e1t c\u1ee7a c\u1ea7n c\u1ea9u trong qu\u00e1 tr\u00ecnh \u0111\u00f3ng c\u1ecdc.<\/li>\n<li><strong>K\u1ebft c\u1ea5u ch\u1eafc ch\u1eafn:<\/strong> \u0110\u01b0\u1ee3c l\u00e0m t\u1eeb v\u1eadt li\u1ec7u c\u00f3 \u0111\u1ed9 b\u1ec1n cao, xi lanh n\u00e0y \u0111\u01b0\u1ee3c ch\u1ebf t\u1ea1o \u0111\u1ec3 ch\u1ecbu \u0111\u01b0\u1ee3c m\u00f4i tr\u01b0\u1eddng bi\u1ec3n kh\u1eafc nghi\u1ec7t v\u00e0 \u00e1p su\u1ea5t cao li\u00ean quan \u0111\u1ebfn ho\u1ea1t \u0111\u1ed9ng \u0111\u00f3ng c\u1ecdc, \u0111\u1ea3m b\u1ea3o \u0111\u1ed9 b\u1ec1n v\u00e0 \u0111\u1ed9 tin c\u1eady l\u00e2u d\u00e0i.<\/li>\n<li><strong>Ho\u1ea1t \u0111\u1ed9ng tr\u01a1n tru:<\/strong> Thi\u1ebft k\u1ebf th\u1ee7y l\u1ef1c ti\u00ean ti\u1ebfn cho ph\u00e9p \u0111i\u1ec1u ch\u1ec9nh tr\u01a1n tru v\u00e0 hi\u1ec7u qu\u1ea3, gi\u00fap \u0111\u1ecbnh v\u1ecb thi\u1ebft b\u1ecb \u0111\u00f3ng c\u1ecdc nhanh ch\u00f3ng v\u00e0 ch\u00ednh x\u00e1c.<\/li>\n<li><strong>T\u0103ng c\u01b0\u1eddng an to\u00e0n:<\/strong> \u0110\u01b0\u1ee3c trang b\u1ecb c\u01a1 ch\u1ebf an to\u00e0n gi\u00fap ng\u0103n ng\u1eeba hi\u1ec7n t\u01b0\u1ee3ng gi\u00e3n qu\u00e1 m\u1ee9c v\u00e0 \u0111\u1ea3m b\u1ea3o ho\u1ea1t \u0111\u1ed9ng an to\u00e0n, g\u00f3p ph\u1ea7n \u0111\u1ea3m b\u1ea3o an to\u00e0n t\u1ed5ng th\u1ec3 cho ho\u1ea1t \u0111\u1ed9ng \u0111\u00f3ng c\u1ecdc.<\/li>\n<li><strong>\u1ee8ng d\u1ee5ng \u0111a n\u0103ng:<\/strong> Ph\u00f9 h\u1ee3p v\u1edbi nhi\u1ec1u lo\u1ea1i s\u00e0 lan \u0111\u00f3ng c\u1ecdc, xi lanh n\u00e2ng n\u00e0y c\u00f3 th\u1ec3 th\u00edch \u1ee9ng v\u1edbi nhi\u1ec1u nhu c\u1ea7u v\u1eadn h\u00e0nh kh\u00e1c nhau, r\u1ea5t l\u00fd t\u01b0\u1edfng cho nhi\u1ec1u d\u1ef1 \u00e1n x\u00e2y d\u1ef1ng h\u00e0ng h\u1ea3i kh\u00e1c nhau.<\/li>\n<li><strong>Y\u00eau c\u1ea7u b\u1ea3o tr\u00ec th\u1ea5p:<\/strong> \u0110\u01b0\u1ee3c thi\u1ebft k\u1ebf \u0111\u1ec3 gi\u1ea3m thi\u1ec3u hao m\u00f2n, gi\u00fap gi\u1ea3m nhu c\u1ea7u b\u1ea3o tr\u00ec th\u01b0\u1eddng xuy\u00ean, g\u00f3p ph\u1ea7n t\u0103ng n\u0103ng su\u1ea5t v\u00e0 gi\u1ea3m chi ph\u00ed v\u1eadn h\u00e0nh.<\/li>\n<\/ul>\n<p>Xi lanh n\u00e2ng s\u00e0 lan \u0111\u00f3ng c\u1ecdc l\u00e0 thi\u1ebft b\u1ecb kh\u00f4ng th\u1ec3 thi\u1ebfu \u0111\u1ec3 t\u1ed1i \u01b0u h\u00f3a hi\u1ec7u su\u1ea5t c\u1ee7a ho\u1ea1t \u0111\u1ed9ng \u0111\u00f3ng c\u1ecdc, n\u00e2ng cao \u0111\u00e1ng k\u1ec3 hi\u1ec7u qu\u1ea3 v\u00e0 hi\u1ec7u su\u1ea5t c\u1ee7a c\u00e1c d\u1ef1 \u00e1n x\u00e2y d\u1ef1ng m\u00f3ng v\u00e0 k\u1ef9 thu\u1eadt h\u00e0ng h\u1ea3i.<\/p>\n<h2>Xi lanh n\u00e2ng s\u00e0 lan \u0111\u00f3ng c\u1ecdc<\/h2>\n<p><img loading=\"lazy\" decoding=\"async\" class=\"size-full wp-image-753 aligncenter\" src=\"https:\/\/fmp-components.com\/wp-content\/uploads\/2024\/12\/Pile-Driving-Barge-Luffing-Cylinder-1.webp\" alt=\"Xi lanh \u0111\u00f3ng c\u1ecdc x\u00e0 lan\" width=\"600\" height=\"600\" title=\"\" srcset=\"https:\/\/fmp-components.com\/wp-content\/uploads\/2024\/12\/Pile-Driving-Barge-Luffing-Cylinder-1.webp 600w, https:\/\/fmp-components.com\/wp-content\/uploads\/2024\/12\/Pile-Driving-Barge-Luffing-Cylinder-1-480x480.webp 480w\" sizes=\"(min-width: 0px) and (max-width: 480px) 480px, (min-width: 481px) 600px, 100vw\" \/><\/p>\n<table style=\"width: 97.7861%; height: 234px;\" border=\"1\" cellspacing=\"0\" cellpadding=\"0\">\n<tbody>\n<tr style=\"height: 23px;\">\n<td style=\"height: 23px; width: 12.6359%;\">T\u00ean s\u1ea3n ph\u1ea9m<\/td>\n<td style=\"height: 23px; width: 110.054%;\">Xi lanh n\u00e2ng s\u00e0 lan \u0111\u00f3ng c\u1ecdc<\/td>\n<\/tr>\n<tr style=\"height: 47px;\">\n<td style=\"height: 47px; width: 12.6359%;\">\u0110\u1eb7c tr\u01b0ng:<\/td>\n<td style=\"height: 47px; width: 110.054%;\">vung khung c\u1ecdc v\u00e0 ch\u1ecbu t\u1ea3i, l\u1ef1c b\u00ean ngo\u00e0i nh\u1eadn \u0111\u01b0\u1ee3c kh\u00f4ng ch\u1ec9 l\u1edbn m\u00e0 c\u00f2n ph\u1ee9c t\u1ea1p<\/td>\n<\/tr>\n<tr style=\"height: 47px;\">\n<td style=\"height: 47px; width: 12.6359%;\">\u0110\u01b0\u1eddng k\u00ednh l\u1ed7 khoan:<\/td>\n<td style=\"height: 47px; width: 110.054%;\">L\u00ean \u0111\u1ebfn 1400mm<\/td>\n<\/tr>\n<tr style=\"height: 47px;\">\n<td style=\"height: 47px; width: 12.6359%;\">\u0110\u01b0\u1eddng k\u00ednh thanh:<\/td>\n<td style=\"height: 47px; width: 110.054%;\">L\u00ean \u0111\u1ebfn 900mm<br \/>\nH\u00e0nh tr\u00ecnh l\u00ean \u0111\u1ebfn 15500mm<\/td>\n<\/tr>\n<tr style=\"height: 47px;\">\n<td style=\"height: 47px; width: 12.6359%;\">L\u1ef1c \u0111\u1ea9y:<\/td>\n<td style=\"height: 47px; width: 110.054%;\">28465KN<br \/>\n(\u00e1p su\u1ea5t 25MPa)<\/td>\n<\/tr>\n<tr style=\"height: 23px;\">\n<td style=\"height: 23px; width: 12.6359%;\">\u1ee8ng d\u1ee5ng:<\/td>\n<td style=\"height: 23px; width: 110.054%;\">Gi\u00e0n khoan ngo\u00e0i kh\u01a1i<\/td>\n<\/tr>\n<\/tbody>\n<\/table>\n<h2>\u1ee8ng d\u1ee5ng c\u1ee7a xi lanh \u0111\u00f3ng c\u1ecdc x\u00e0 lan<\/h2>\n<p>Xi lanh n\u00e2ng h\u1ea1 x\u00e0 lan \u0111\u00f3ng c\u1ecdc \u0111\u01b0\u1ee3c s\u1eed d\u1ee5ng trong nhi\u1ec1u d\u1ef1 \u00e1n \u0111\u00f3ng c\u1ecdc v\u00e0 thi c\u00f4ng h\u00e0ng h\u1ea3i, \u0111\u00f3ng vai tr\u00f2 quan tr\u1ecdng trong vi\u1ec7c \u0111\u1ea3m b\u1ea3o s\u1ef1 \u1ed5n \u0111\u1ecbnh v\u00e0 an to\u00e0n c\u1ee7a nhi\u1ec1u c\u00f4ng tr\u00ecnh. D\u01b0\u1edbi \u0111\u00e2y l\u00e0 m\u1ed9t s\u1ed1 \u1ee9ng d\u1ee5ng ch\u00ednh:<\/p>\n<p>Trong x\u00e2y d\u1ef1ng c\u1ea7u, xi lanh u\u1ed1n cong l\u00e0 thi\u1ebft b\u1ecb kh\u00f4ng th\u1ec3 thi\u1ebfu \u0111\u1ec3 \u0111\u00f3ng c\u1ecdc xu\u1ed1ng l\u00f2ng s\u00f4ng ho\u1eb7c \u0111\u00e1y bi\u1ec3n, t\u1ea1o n\u1ec1n m\u00f3ng v\u1eefng ch\u1eafc cho tr\u1ee5 c\u1ea7u v\u00e0 m\u1ed1 c\u1ea7u. Qu\u00e1 tr\u00ecnh n\u00e0y r\u1ea5t quan tr\u1ecdng \u0111\u1ec3 \u0111\u1ea3m b\u1ea3o t\u00ednh to\u00e0n v\u1eb9n c\u1ee7a k\u1ebft c\u1ea5u c\u1ea7u.<\/p>\n<p>\u0110\u1ed1i v\u1edbi vi\u1ec7c x\u00e2y d\u1ef1ng c\u1ea7u c\u1ea3ng v\u00e0 b\u1ebfn t\u00e0u, c\u00e1c xi lanh n\u00e0y h\u1ed7 tr\u1ee3 vi\u1ec7c l\u1eafp \u0111\u1eb7t c\u1ecdc t\u1ea1o th\u00e0nh n\u1ec1n m\u00f3ng v\u1eefng ch\u1eafc cho c\u1ea7u c\u1ea3ng, b\u1ebfn t\u00e0u v\u00e0 c\u00e1c c\u00f4ng tr\u00ecnh ven s\u00f4ng kh\u00e1c. B\u1eb1ng c\u00e1ch neo ch\u1eb7t c\u00e1c n\u1ec1n m\u00f3ng n\u00e0y, ch\u00fang c\u00f3 th\u1ec3 ch\u1ecbu \u0111\u01b0\u1ee3c t\u1ea3i tr\u1ecdng do t\u00e0u thuy\u1ec1n v\u00e0 thi\u1ebft b\u1ecb x\u1ebfp d\u1ee1 h\u00e0ng h\u00f3a g\u00e2y ra.<\/p>\n<p>Trong qu\u00e1 tr\u00ecnh ph\u00e1t tri\u1ec3n c\u00e1c trang tr\u1ea1i \u0111i\u1ec7n gi\u00f3 ngo\u00e0i kh\u01a1i, xi lanh \u0111i\u1ec1u ch\u1ec9nh \u0111\u1ed9 nghi\u00eang \u0111\u01b0\u1ee3c s\u1eed d\u1ee5ng \u0111\u1ec3 l\u1eafp \u0111\u1eb7t m\u00f3ng c\u1ecdc \u0111\u01a1n cho tua-bin gi\u00f3. Kh\u1ea3 n\u0103ng \u0111\u1ecbnh v\u1ecb ch\u00ednh x\u00e1c c\u1ee7a ch\u00fang cho ph\u00e9p \u0111\u00f3ng c\u1ecdc ch\u00ednh x\u00e1c xu\u1ed1ng \u0111\u00e1y bi\u1ec3n, \u0111\u1ea3m b\u1ea3o n\u1ec1n m\u00f3ng v\u1eefng ch\u1eafc cho tua-bin.<\/p>\n<p>Khi x\u00e2y d\u1ef1ng c\u1ea7u t\u00e0u v\u00e0 c\u00e1c c\u00f4ng tr\u00ecnh c\u1ea7u c\u1ea3ng, v\u1ed1n r\u1ea5t quan tr\u1ecdng cho vi\u1ec7c neo \u0111\u1eadu t\u00e0u thuy\u1ec1n v\u00e0 b\u1ea3o v\u1ec7 c\u1ea3ng, c\u00e1c xi lanh u\u1ed1n cong \u0111\u01b0\u1ee3c s\u1eed d\u1ee5ng \u0111\u1ec3 \u0111\u00f3ng c\u1ecdc xu\u1ed1ng n\u01b0\u1edbc ho\u1eb7c \u0111\u00e1y bi\u1ec3n. \u0110i\u1ec1u n\u00e0y t\u1ea1o ra n\u1ec1n m\u00f3ng b\u1ec1n v\u1eefng, ch\u1ecbu \u0111\u01b0\u1ee3c l\u1ef1c t\u00e1c \u0111\u1ed9ng c\u1ee7a n\u01b0\u1edbc v\u00e0 t\u00e0u thuy\u1ec1n.<\/p>\n<p>Trong qu\u00e1 tr\u00ecnh x\u00e2y d\u1ef1ng gi\u00e0n khoan d\u1ea7u kh\u00ed, xi lanh \u0111\u1ecbnh v\u1ecb \u0111\u00f3ng vai tr\u00f2 quan tr\u1ecdng trong vi\u1ec7c \u0111\u00f3ng c\u1ecdc xu\u1ed1ng \u0111\u00e1y bi\u1ec3n, t\u1ea1o th\u00e0nh n\u1ec1n m\u00f3ng cho k\u1ebft c\u1ea5u \u0111\u1ee1 gi\u00e0n khoan. \u0110i\u1ec1u n\u00e0y \u0111\u1ea3m b\u1ea3o s\u1ef1 \u1ed5n \u0111\u1ecbnh v\u00e0 an to\u00e0n c\u1ee7a gi\u00e0n khoan trong \u0111i\u1ec1u ki\u1ec7n ngo\u00e0i kh\u01a1i \u0111\u1ea7y th\u00e1ch th\u1ee9c.<\/p>\n<p>Ngo\u00e0i ra, trong c\u00e1c d\u1ef1 \u00e1n m\u1edf r\u1ed9ng v\u00e0 n\u1ea1o v\u00e9t c\u1ea3ng, xi lanh n\u00e2ng h\u1ea1 gi\u00fap l\u1eafp \u0111\u1eb7t c\u1ecdc m\u1edbi ho\u1eb7c thay th\u1ebf c\u1ecdc hi\u1ec7n c\u00f3. \u0110i\u1ec1u n\u00e0y r\u1ea5t quan tr\u1ecdng \u0111\u1ec3 n\u00e2ng c\u1ea5p c\u01a1 s\u1edf h\u1ea1 t\u1ea7ng cho ph\u00e9p t\u00e0u l\u1edbn h\u01a1n ra v\u00e0o, t\u0103ng n\u0103ng l\u1ef1c c\u1ea3ng v\u00e0 c\u1ea3i thi\u1ec7n lu\u1ed3ng t\u00e0u.<\/p>\n<p>Nh\u00ecn chung, t\u00ednh linh ho\u1ea1t v\u00e0 hi\u1ec7u qu\u1ea3 c\u1ee7a Xi lanh n\u00e2ng s\u00e0 lan \u0111\u00f3ng c\u1ecdc khi\u1ebfn n\u00f3 tr\u1edf th\u00e0nh m\u1ed9t c\u00f4ng c\u1ee5 kh\u00f4ng th\u1ec3 thi\u1ebfu trong nhi\u1ec1u \u1ee9ng d\u1ee5ng x\u00e2y d\u1ef1ng h\u00e0ng h\u1ea3i.<\/p>\n<p><img loading=\"lazy\" decoding=\"async\" class=\"alignnone wp-image-752\" src=\"https:\/\/fmp-components.com\/wp-content\/uploads\/2024\/12\/Pile-Driving-Barge-Luffing-Cylinder.webp\" alt=\"Xi lanh n\u00e2ng s\u00e0 lan \u0111\u00f3ng c\u1ecdc\" width=\"955\" height=\"480\" title=\"\" srcset=\"https:\/\/fmp-components.com\/wp-content\/uploads\/2024\/12\/Pile-Driving-Barge-Luffing-Cylinder.webp 955w, https:\/\/fmp-components.com\/wp-content\/uploads\/2024\/12\/Pile-Driving-Barge-Luffing-Cylinder-480x241.webp 480w\" sizes=\"(min-width: 0px) and (max-width: 480px) 480px, (min-width: 481px) 955px, 100vw\" \/><\/p>\n<h3>Gi\u1edbi thi\u1ec7u v\u1ec1 FMP<\/h3>\n<p>FMP l\u00e0 m\u1ed9t c\u00f4ng ty s\u1ea3n xu\u1ea5t c\u01a1 kh\u00ed chuy\u00ean bi\u1ec7t, chuy\u00ean s\u1ea3n xu\u1ea5t xi lanh th\u1ee7y l\u1ef1c. K\u1ec3 t\u1eeb khi th\u00e0nh l\u1eadp, c\u00f4ng ty \u0111\u00e3 t\u1eadp trung v\u00e0o nghi\u00ean c\u1ee9u v\u00e0 s\u1ea3n xu\u1ea5t c\u00f4ng ngh\u1ec7 th\u1ee7y l\u1ef1c, chuy\u1ec3n \u0111\u1ed5i th\u00e0nh c\u00f4ng t\u1eeb danh m\u1ee5c s\u1ea3n ph\u1ea9m \u0111a d\u1ea1ng, bao g\u1ed3m m\u00e1y m\u00f3c thu ho\u1ea1ch v\u00e0 x\u00e2y d\u1ef1ng, sang chuy\u00ean v\u1ec1 linh ki\u1ec7n m\u00e1y k\u00e9o n\u00f4ng nghi\u1ec7p. V\u1edbi h\u01a1n m\u1ed9t th\u1eadp k\u1ef7 kinh nghi\u1ec7m trong s\u1ea3n xu\u1ea5t v\u00e0 qu\u1ea3n l\u00fd, FMP \u0111\u1ea3m b\u1ea3o s\u1ea3n ph\u1ea9m ch\u1ea5t l\u01b0\u1ee3ng cao th\u00f4ng qua c\u00e1c k\u1ef9 thu\u1eadt s\u1ea3n xu\u1ea5t ti\u00ean ti\u1ebfn.<\/p>\n<p>Trong qu\u00e1 tr\u00ecnh ph\u00e1t tri\u1ec3n, c\u00f4ng ty \u0111\u00e3 x\u00e2y d\u1ef1ng \u0111\u01b0\u1ee3c d\u00e2y chuy\u1ec1n s\u1ea3n xu\u1ea5t gia c\u00f4ng, d\u00e2y chuy\u1ec1n l\u1eafp r\u00e1p v\u00e0 d\u00e2y chuy\u1ec1n s\u01a1n ph\u1ee7 to\u00e0n di\u1ec7n. \u0110\u1ed9i ng\u0169 c\u1ee7a ch\u00fang t\u00f4i bao g\u1ed3m \u0111\u1ed9i ng\u0169 qu\u1ea3n l\u00fd l\u00e0nh ngh\u1ec1, \u0111\u1ed9i ng\u0169 thi\u1ebft k\u1ebf c\u01a1 kh\u00ed gi\u00e0u kinh nghi\u1ec7m v\u00e0 \u0111\u1ed9i ng\u0169 k\u1ef9 thu\u1eadt vi\u00ean \u0111\u01b0\u1ee3c \u0111\u00e0o t\u1ea1o b\u00e0i b\u1ea3n, c\u00f9ng nhau duy tr\u00ec ch\u1ea5t l\u01b0\u1ee3ng s\u1ea3n xu\u1ea5t \u1ed5n \u0111\u1ecbnh, \u0111\u1ed3ng th\u1eddi ki\u1ec3m so\u00e1t hi\u1ec7u qu\u1ea3 t\u00ednh li\u00ean t\u1ee5c v\u00e0 hi\u1ec7u qu\u1ea3 c\u1ee7a quy tr\u00ecnh.<\/p>\n<p>FMP duy tr\u00ec tri\u1ebft l\u00fd \u201c\u0110\u1ed5i m\u1edbi c\u00f4ng ngh\u1ec7 th\u00fac \u0111\u1ea9y ti\u1ebfn b\u1ed9, Ch\u1ea5t l\u01b0\u1ee3ng t\u1ea1o n\u00ean th\u01b0\u01a1ng hi\u1ec7u, Tay ngh\u1ec1 \u0111\u1ea3m b\u1ea3o ch\u1ea5t l\u01b0\u1ee3ng v\u00e0 X\u00e2y d\u1ef1ng m\u1ed1i quan h\u1ec7 \u0111\u00f4i b\u00ean c\u00f9ng c\u00f3 l\u1ee3i l\u00e2u d\u00e0i\u201d. Cam k\u1ebft cung c\u1ea5p s\u1ea3n ph\u1ea9m ch\u1ea5t l\u01b0\u1ee3ng cao v\u00e0 d\u1ecbch v\u1ee5 kh\u00e1ch h\u00e0ng v\u01b0\u1ee3t tr\u1ed9i v\u1eabn l\u00e0 m\u1ee5c ti\u00eau c\u1ed1t l\u00f5i khi ch\u00fang t\u00f4i ti\u1ebfp t\u1ee5c \u0111\u00e1p \u1ee9ng nhu c\u1ea7u ng\u00e0y c\u00e0ng thay \u0111\u1ed5i c\u1ee7a th\u1ecb tr\u01b0\u1eddng.<\/p>\n<p><img loading=\"lazy\" decoding=\"async\" class=\"alignnone size-full wp-image-426\" src=\"https:\/\/fmp-components.com\/wp-content\/uploads\/2024\/12\/Sanitation-Machinery-Locking-Hydraulic-Cylinder-factory.webp\" sizes=\"(min-width: 0px) and (max-width: 480px) 480px, (min-width: 481px) and (max-width: 980px) 980px, (min-width: 981px) and (max-width: 1280px) 1280px, (min-width: 1281px) 1414px, 100vw\" srcset=\"https:\/\/fmp-components.com\/wp-content\/uploads\/2024\/12\/Sanitation-Machinery-Locking-Hydraulic-Cylinder-factory.webp 1414w, https:\/\/fmp-components.com\/wp-content\/uploads\/2024\/12\/Sanitation-Machinery-Locking-Hydraulic-Cylinder-factory-1280x529.webp 1280w, https:\/\/fmp-components.com\/wp-content\/uploads\/2024\/12\/Sanitation-Machinery-Locking-Hydraulic-Cylinder-factory-980x405.webp 980w, https:\/\/fmp-components.com\/wp-content\/uploads\/2024\/12\/Sanitation-Machinery-Locking-Hydraulic-Cylinder-factory-480x198.webp 480w\" alt=\"Nh\u00e0 m\u00e1y xi lanh th\u1ee7y l\u1ef1c kh\u00f3a m\u00e1y v\u1ec7 sinh\" width=\"1414\" height=\"584\" title=\"\"><\/p>\n<p>T\u00e1c gi\u1ea3: CX<\/p>","protected":false},"excerpt":{"rendered":"<p>Xi lanh \u0111i\u1ec1u ch\u1ec9nh \u0111\u1ed9 nghi\u00eang c\u1ee7a x\u00e0 lan \u0111\u00f3ng c\u1ecdc l\u00e0 m\u1ed9t b\u1ed9 ph\u1eadn th\u1ee7y l\u1ef1c quan tr\u1ecdng \u0111\u01b0\u1ee3c thi\u1ebft k\u1ebf \u0111\u1ec3 h\u1ed7 tr\u1ee3 chuy\u1ec3n \u0111\u1ed9ng \u0111i\u1ec1u ch\u1ec9nh \u0111\u1ed9 nghi\u00eang c\u1ee7a c\u1ea7n c\u1ea9u tr\u00ean x\u00e0 lan \u0111\u00f3ng c\u1ecdc. Xi lanh n\u00e0y cung c\u1ea5p l\u1ef1c c\u1ea7n thi\u1ebft \u0111\u1ec3 n\u00e2ng v\u00e0 h\u1ea1 c\u1ea7n c\u1ea9u, cho ph\u00e9p \u0111\u1ecbnh v\u1ecb ch\u00ednh x\u00e1c m\u00e1y \u0111\u00f3ng c\u1ecdc trong qu\u00e1 tr\u00ecnh l\u1eafp \u0111\u1eb7t. \u0110\u01b0\u1ee3c ch\u1ebf t\u1ea1o t\u1eeb v\u1eadt li\u1ec7u c\u00f3 \u0111\u1ed9 b\u1ec1n cao, xi lanh n\u00e0y \u0111\u01b0\u1ee3c thi\u1ebft k\u1ebf \u0111\u1ec3 ch\u1ecbu \u0111\u01b0\u1ee3c c\u00e1c \u0111i\u1ec1u ki\u1ec7n kh\u1eafc nghi\u1ec7t c\u1ee7a m\u00f4i tr\u01b0\u1eddng bi\u1ec3n, \u0111\u1ea3m b\u1ea3o \u0111\u1ed9 b\u1ec1n v\u00e0 \u0111\u1ed9 tin c\u1eady ngay c\u1ea3 d\u01b0\u1edbi \u00e1p su\u1ea5t cao. Ho\u1ea1t \u0111\u1ed9ng th\u1ee7y l\u1ef1c m\u01b0\u1ee3t m\u00e0 cho ph\u00e9p \u0111i\u1ec1u ch\u1ec9nh nhanh ch\u00f3ng, n\u00e2ng cao hi\u1ec7u qu\u1ea3 v\u1eadn h\u00e0nh v\u00e0 an to\u00e0n trong qu\u00e1 tr\u00ecnh \u0111\u00f3ng c\u1ecdc. Xi lanh \u0111i\u1ec1u ch\u1ec9nh \u0111\u1ed9 nghi\u00eang n\u00e0y r\u1ea5t c\u1ea7n thi\u1ebft \u0111\u1ec3 t\u1ed1i \u01b0u h\u00f3a hi\u1ec7u su\u1ea5t c\u1ee7a x\u00e0 lan \u0111\u00f3ng c\u1ecdc, g\u00f3p ph\u1ea7n \u0111\u00e1ng k\u1ec3 v\u00e0o hi\u1ec7u qu\u1ea3 c\u1ee7a c\u00e1c d\u1ef1 \u00e1n x\u00e2y d\u1ef1ng m\u00f3ng v\u00e0 k\u1ef9 thu\u1eadt h\u00e0ng h\u1ea3i.<\/p>","protected":false},"featured_media":753,"comment_status":"open","ping_status":"closed","template":"","meta":{"_et_pb_use_builder":"","_et_pb_old_content":"","_et_gb_content_width":""},"product_brand":[],"product_cat":[28],"product_tag":[],"class_list":{"0":"post-751","1":"product","2":"type-product","3":"status-publish","4":"has-post-thumbnail","6":"product_cat-offshore-hydraulic-cylinders","8":"first","9":"instock","10":"shipping-taxable","11":"product-type-simple"},"_links":{"self":[{"href":"https:\/\/fmp-components.com\/vi\/wp-json\/wp\/v2\/product\/751","targetHints":{"allow":["GET"]}}],"collection":[{"href":"https:\/\/fmp-components.com\/vi\/wp-json\/wp\/v2\/product"}],"about":[{"href":"https:\/\/fmp-components.com\/vi\/wp-json\/wp\/v2\/types\/product"}],"replies":[{"embeddable":true,"href":"https:\/\/fmp-components.com\/vi\/wp-json\/wp\/v2\/comments?post=751"}],"wp:featuredmedia":[{"embeddable":true,"href":"https:\/\/fmp-components.com\/vi\/wp-json\/wp\/v2\/media\/753"}],"wp:attachment":[{"href":"https:\/\/fmp-components.com\/vi\/wp-json\/wp\/v2\/media?parent=751"}],"wp:term":[{"taxonomy":"product_brand","embeddable":true,"href":"https:\/\/fmp-components.com\/vi\/wp-json\/wp\/v2\/product_brand?post=751"},{"taxonomy":"product_cat","embeddable":true,"href":"https:\/\/fmp-components.com\/vi\/wp-json\/wp\/v2\/product_cat?post=751"},{"taxonomy":"product_tag","embeddable":true,"href":"https:\/\/fmp-components.com\/vi\/wp-json\/wp\/v2\/product_tag?post=751"}],"curies":[{"name":"wp","href":"https:\/\/api.w.org\/{rel}","templated":true}]}}