{"id":7460,"date":"2025-03-26T08:31:31","date_gmt":"2025-03-26T08:31:31","guid":{"rendered":"https:\/\/fmp-components.com\/?post_type=product&#038;p=7460"},"modified":"2025-03-26T08:38:13","modified_gmt":"2025-03-26T08:38:13","slug":"spur-gears-european-standard","status":"publish","type":"product","link":"https:\/\/fmp-components.com\/vi\/product\/spur-gears-european-standard\/","title":{"rendered":"B\u00e1nh r\u0103ng tr\u1ee5 (Ti\u00eau chu\u1ea9n Ch\u00e2u \u00c2u)"},"content":{"rendered":"<div>\n<h3>B\u00e1nh r\u0103ng tr\u1ee5 ch\u1ea5t l\u01b0\u1ee3ng cao (Ti\u00eau chu\u1ea9n Ch\u00e2u \u00c2u) c\u1ee7a FMP<\/h3>\n<p class=\"break-words\">FMP l\u00e0 nh\u00e0 s\u1ea3n xu\u1ea5t b\u00e1nh r\u0103ng tr\u1ee5 h\u00e0ng \u0111\u1ea7u c\u1ee7a \u00dd (Ti\u00eau chu\u1ea9n Ch\u00e2u \u00c2u), cung c\u1ea5p \u0111a d\u1ea1ng c\u00e1c lo\u1ea1i b\u00e1nh r\u0103ng tr\u1ee5 \u0111\u01b0\u1ee3c thi\u1ebft k\u1ebf \u0111\u1ec3 \u0111\u00e1p \u1ee9ng nhu c\u1ea7u c\u1ee7a nhi\u1ec1u ng\u00e0nh c\u00f4ng nghi\u1ec7p kh\u00e1c nhau. B\u00e1nh r\u0103ng tr\u1ee5 c\u1ee7a ch\u00fang t\u00f4i tu\u00e2n th\u1ee7 c\u00e1c ti\u00eau chu\u1ea9n Ch\u00e2u \u00c2u, ch\u1eb3ng h\u1ea1n nh\u01b0 ti\u00eau chu\u1ea9n DIN, \u0111\u1ea3m b\u1ea3o \u0111\u1ed9 ch\u00ednh x\u00e1c v\u00e0 \u0111\u1ed9 tin c\u1eady v\u01b0\u1ee3t tr\u1ed9i. Cho d\u00f9 b\u1ea1n ho\u1ea1t \u0111\u1ed9ng trong l\u0129nh v\u1ef1c c\u01a1 kh\u00ed, \u00f4 t\u00f4 hay h\u00e0ng kh\u00f4ng v\u0169 tr\u1ee5, FMP \u0111\u1ec1u cung c\u1ea5p c\u00e1c s\u1ea3n ph\u1ea9m h\u00e0ng \u0111\u1ea7u \u0111\u01b0\u1ee3c thi\u1ebft k\u1ebf ri\u00eang theo y\u00eau c\u1ea7u c\u1ee7a b\u1ea1n. Ngo\u00e0i c\u00e1c s\u1ea3n ph\u1ea9m ti\u00eau chu\u1ea9n, ch\u00fang t\u00f4i c\u00f2n chuy\u00ean v\u1ec1 c\u00e1c gi\u1ea3i ph\u00e1p b\u00e1nh r\u0103ng tr\u1ee5 t\u00f9y ch\u1ec9nh. N\u1ebfu b\u1ea1n kh\u00f4ng t\u00ecm th\u1ea5y m\u1eabu s\u1ea3n ph\u1ea9m c\u1ee5 th\u1ec3 m\u00ecnh c\u1ea7n trong danh s\u00e1ch s\u1ea3n ph\u1ea9m c\u1ee7a ch\u00fang t\u00f4i, \u0111\u1eebng lo l\u1eafng - \u0111i\u1ec1u \u0111\u00f3 ch\u1ec9 c\u00f3 ngh\u0129a l\u00e0 ch\u00fang t\u00f4i ch\u01b0a t\u1ea3i n\u00f3 l\u00ean. Vui l\u00f2ng g\u1eedi email cho ch\u00fang t\u00f4i y\u00eau c\u1ea7u c\u1ee7a b\u1ea1n v\u00e0 c\u00e1c k\u1ef9 s\u01b0 l\u00e0nh ngh\u1ec1 c\u1ee7a ch\u00fang t\u00f4i s\u1ebd ph\u1ea3n h\u1ed3i v\u1edbi m\u1ed9t gi\u1ea3i ph\u00e1p chuy\u00ean nghi\u1ec7p trong v\u00f2ng 24 gi\u1edd.<\/p>\n<h3>\u0110\u1eb7c \u0111i\u1ec3m k\u1ef9 thu\u1eadt<\/h3>\n<\/div>\n<p><img loading=\"lazy\" decoding=\"async\" class=\"size-full wp-image-7461 aligncenter\" src=\"https:\/\/fmp-components.com\/wp-content\/uploads\/2025\/03\/hex5.webp\" alt=\"B\u00e1nh r\u0103ng tr\u1ee5 (Ti\u00eau chu\u1ea9n Ch\u00e2u \u00c2u)\" width=\"664\" height=\"934\" title=\"\" srcset=\"https:\/\/fmp-components.com\/wp-content\/uploads\/2025\/03\/hex5.webp 664w, https:\/\/fmp-components.com\/wp-content\/uploads\/2025\/03\/hex5-480x675.webp 480w\" sizes=\"(min-width: 0px) and (max-width: 480px) 480px, (min-width: 481px) 664px, 100vw\" \/> <img loading=\"lazy\" decoding=\"async\" class=\"size-full wp-image-7462 aligncenter\" src=\"https:\/\/fmp-components.com\/wp-content\/uploads\/2025\/03\/hex5-1.webp\" alt=\"B\u00e1nh r\u0103ng tr\u1ee5 (Ti\u00eau chu\u1ea9n Ch\u00e2u \u00c2u)\" width=\"664\" height=\"918\" title=\"\" srcset=\"https:\/\/fmp-components.com\/wp-content\/uploads\/2025\/03\/hex5-1.webp 664w, https:\/\/fmp-components.com\/wp-content\/uploads\/2025\/03\/hex5-1-480x664.webp 480w\" sizes=\"(min-width: 0px) and (max-width: 480px) 480px, (min-width: 481px) 664px, 100vw\" \/><\/p>\n<div>\n<h3>Ph\u1ee5c v\u1ee5 n\u01b0\u1edbc \u00dd v\u1edbi chuy\u00ean m\u00f4n \u0111\u1ecba ph\u01b0\u01a1ng<\/h3>\n<p class=\"break-words\">S\u1ea3n ph\u1ea9m c\u1ee7a ch\u00fang t\u00f4i \u0111\u01b0\u1ee3c tin c\u1eady t\u1ea1i \u00dd v\u00e0 tr\u00ean to\u00e0n th\u1ebf gi\u1edbi, cung c\u1ea5p cho c\u00e1c doanh nghi\u1ec7p gi\u1ea3i ph\u00e1p thi\u1ebft b\u1ecb ch\u1ea5t l\u01b0\u1ee3ng cao, gi\u00fap h\u1ecd th\u00e0nh c\u00f4ng. Khi ch\u1ecdn FMP, b\u1ea1n \u0111ang l\u00e0m vi\u1ec7c v\u1edbi m\u1ed9t c\u00f4ng ty \u00dd cam k\u1ebft mang \u0111\u1ebfn s\u1ef1 xu\u1ea5t s\u1eafc, cung c\u1ea5p c\u00e1c s\u1ea3n ph\u1ea9m \u0111\u1ea1t ti\u00eau chu\u1ea9n v\u00e0 t\u00f9y ch\u1ec9nh. <a href=\"https:\/\/fmp-components.com\/vi\/spur-gear-2\/\">b\u00e1nh r\u0103ng th\u1eb3ng<\/a> \u0111\u1ec3 n\u00e2ng cao ho\u1ea1t \u0111\u1ed9ng kinh doanh c\u1ee7a b\u1ea1n. H\u00e3y li\u00ean h\u1ec7 v\u1edbi ch\u00fang t\u00f4i ngay h\u00f4m nay v\u00e0 \u0111\u1ec3 ch\u00fang t\u00f4i gi\u00fap doanh nghi\u1ec7p c\u1ee7a b\u1ea1n ph\u00e1t tri\u1ec3n m\u1ea1nh m\u1ebd v\u1edbi chuy\u00ean m\u00f4n v\u1ec1 b\u00e1nh r\u0103ng tr\u1ee5 (Ti\u00eau chu\u1ea9n Ch\u00e2u \u00c2u)!<\/p>\n<\/div>","protected":false},"excerpt":{"rendered":"<p>High-Quality Spur Gears (European Standard) by FMP FMP is a leading Italian manufacturer of Spur Gears (European Standard), offering a wide range of spur gears designed to meet the needs of various industries. Our spur gears comply with European standards, such as the DIN standard, ensuring exceptional precision and reliability. Whether you\u2019re in mechanical engineering, [&hellip;]<\/p>","protected":false},"featured_media":7463,"comment_status":"open","ping_status":"closed","template":"","meta":{"_et_pb_use_builder":"","_et_pb_old_content":"","_et_gb_content_width":""},"product_brand":[],"product_cat":[109],"product_tag":[],"class_list":{"0":"post-7460","1":"product","2":"type-product","3":"status-publish","4":"has-post-thumbnail","6":"product_cat-spur-gear","8":"first","9":"instock","10":"shipping-taxable","11":"product-type-simple"},"_links":{"self":[{"href":"https:\/\/fmp-components.com\/vi\/wp-json\/wp\/v2\/product\/7460","targetHints":{"allow":["GET"]}}],"collection":[{"href":"https:\/\/fmp-components.com\/vi\/wp-json\/wp\/v2\/product"}],"about":[{"href":"https:\/\/fmp-components.com\/vi\/wp-json\/wp\/v2\/types\/product"}],"replies":[{"embeddable":true,"href":"https:\/\/fmp-components.com\/vi\/wp-json\/wp\/v2\/comments?post=7460"}],"wp:featuredmedia":[{"embeddable":true,"href":"https:\/\/fmp-components.com\/vi\/wp-json\/wp\/v2\/media\/7463"}],"wp:attachment":[{"href":"https:\/\/fmp-components.com\/vi\/wp-json\/wp\/v2\/media?parent=7460"}],"wp:term":[{"taxonomy":"product_brand","embeddable":true,"href":"https:\/\/fmp-components.com\/vi\/wp-json\/wp\/v2\/product_brand?post=7460"},{"taxonomy":"product_cat","embeddable":true,"href":"https:\/\/fmp-components.com\/vi\/wp-json\/wp\/v2\/product_cat?post=7460"},{"taxonomy":"product_tag","embeddable":true,"href":"https:\/\/fmp-components.com\/vi\/wp-json\/wp\/v2\/product_tag?post=7460"}],"curies":[{"name":"wp","href":"https:\/\/api.w.org\/{rel}","templated":true}]}}