{"id":7451,"date":"2025-03-26T07:59:56","date_gmt":"2025-03-26T07:59:56","guid":{"rendered":"https:\/\/fmp-components.com\/?post_type=product&#038;p=7451"},"modified":"2025-03-26T08:37:56","modified_gmt":"2025-03-26T08:37:56","slug":"plastic-spur-gears","status":"publish","type":"product","link":"https:\/\/fmp-components.com\/vi\/product\/plastic-spur-gears\/","title":{"rendered":"B\u00e1nh r\u0103ng th\u1eb3ng b\u1eb1ng nh\u1ef1a"},"content":{"rendered":"<h2>B\u00e1nh r\u0103ng tr\u1ee5 b\u1eb1ng nh\u1ef1a: Ch\u1ea5t l\u01b0\u1ee3ng v\u00e0 kh\u1ea3 n\u0103ng t\u00f9y ch\u1ec9nh<\/h2>\n<p class=\"break-words\">B\u00e1nh r\u0103ng tr\u1ee5 b\u1eb1ng nh\u1ef1a l\u00e0 nh\u1eefng b\u1ed9 ph\u1eadn thi\u1ebft y\u1ebfu trong m\u00e1y m\u00f3c hi\u1ec7n \u0111\u1ea1i, \u0111\u00f3ng vai tr\u00f2 quan tr\u1ecdng trong c\u00e1c ng\u00e0nh c\u00f4ng nghi\u1ec7p nh\u01b0 \u00f4 t\u00f4, \u0111i\u1ec7n t\u1eed v\u00e0 thi\u1ebft b\u1ecb y t\u1ebf. Nh\u1eefng b\u00e1nh r\u0103ng nh\u1eb9, b\u1ec1n n\u00e0y \u0111\u01b0\u1ee3c thi\u1ebft k\u1ebf \u0111\u1ec3 truy\u1ec1n chuy\u1ec3n \u0111\u1ed9ng hi\u1ec7u qu\u1ea3 \u0111\u1ed3ng th\u1eddi gi\u1ea3m ti\u1ebfng \u1ed3n v\u00e0 hao m\u00f2n. T\u1ea1i FMP, ch\u00fang t\u00f4i t\u1ef1 h\u00e0o l\u00e0 nh\u00e0 s\u1ea3n xu\u1ea5t h\u00e0ng \u0111\u1ea7u v\u1ec1 b\u00e1nh r\u0103ng tr\u1ee5 b\u1eb1ng nh\u1ef1a. <a href=\"https:\/\/fmp-components.com\/vi\/spur-gear-2\/\">B\u00e1nh r\u0103ng th\u1eb3ng<\/a>FMP cung c\u1ea5p nhi\u1ec1u t\u00f9y ch\u1ecdn ti\u00eau chu\u1ea9n v\u00e0 kh\u1ea3 n\u0103ng t\u00f9y ch\u1ec9nh theo y\u00eau c\u1ea7u \u0111\u1ec3 \u0111\u00e1p \u1ee9ng nhu c\u1ea7u c\u1ee5 th\u1ec3 c\u1ee7a b\u1ea1n. Cho d\u00f9 b\u1ea1n \u1edf Milan, Venice, Florence hay Bologna, FMP lu\u00f4n l\u00e0 \u0111\u1ed1i t\u00e1c \u0111\u00e1ng tin c\u1eady c\u1ee7a b\u1ea1n trong vi\u1ec7c cung c\u1ea5p c\u00e1c gi\u1ea3i ph\u00e1p truy\u1ec1n \u0111\u1ed9ng ch\u1ea5t l\u01b0\u1ee3ng cao.<\/p>\n<table style=\"border-collapse: collapse; width: 98.5%; height: 51px;\" border=\"0\" width=\"240\" cellspacing=\"0\" cellpadding=\"0\">\n<tbody>\n<tr style=\"height: 14.40pt;\">\n<td style=\"height: 14.40pt; width: 48.00pt;\" align=\"right\" width=\"80\" height=\"24\">\u00a0\u00a0<img loading=\"lazy\" decoding=\"async\" class=\"size-full wp-image-7456 aligncenter\" src=\"https:\/\/fmp-components.com\/wp-content\/uploads\/2025\/03\/plastic-spur-gear-5_1.webp\" alt=\"b\u00e1nh r\u0103ng nh\u1ef1a\" width=\"600\" height=\"600\" title=\"\" srcset=\"https:\/\/fmp-components.com\/wp-content\/uploads\/2025\/03\/plastic-spur-gear-5_1.webp 600w, https:\/\/fmp-components.com\/wp-content\/uploads\/2025\/03\/plastic-spur-gear-5_1-480x480.webp 480w\" sizes=\"(min-width: 0px) and (max-width: 480px) 480px, (min-width: 481px) 600px, 100vw\" \/><\/td>\n<td style=\"width: 48.00pt;\" align=\"right\" width=\"80\"><img loading=\"lazy\" decoding=\"async\" class=\"size-full wp-image-7457 aligncenter\" src=\"https:\/\/fmp-components.com\/wp-content\/uploads\/2025\/03\/plastic-spur-gear-4_1.webp\" alt=\"b\u00e1nh r\u0103ng nh\u1ef1a\" width=\"800\" height=\"800\" title=\"\" srcset=\"https:\/\/fmp-components.com\/wp-content\/uploads\/2025\/03\/plastic-spur-gear-4_1.webp 800w, https:\/\/fmp-components.com\/wp-content\/uploads\/2025\/03\/plastic-spur-gear-4_1-480x480.webp 480w\" sizes=\"(min-width: 0px) and (max-width: 480px) 480px, (min-width: 481px) 800px, 100vw\" \/><\/td>\n<td style=\"width: 48.00pt;\" align=\"right\" width=\"80\"><img loading=\"lazy\" decoding=\"async\" class=\"size-full wp-image-7458 aligncenter\" src=\"https:\/\/fmp-components.com\/wp-content\/uploads\/2025\/03\/plastic-spur-gear-3.webp\" alt=\"b\u00e1nh r\u0103ng nh\u1ef1a\" width=\"600\" height=\"600\" title=\"\" srcset=\"https:\/\/fmp-components.com\/wp-content\/uploads\/2025\/03\/plastic-spur-gear-3.webp 600w, https:\/\/fmp-components.com\/wp-content\/uploads\/2025\/03\/plastic-spur-gear-3-480x480.webp 480w\" sizes=\"(min-width: 0px) and (max-width: 480px) 480px, (min-width: 481px) 600px, 100vw\" \/><\/td>\n<\/tr>\n<\/tbody>\n<\/table>\n<h3>FMP: Nh\u00e0 s\u1ea3n xu\u1ea5t b\u00e1nh r\u0103ng tr\u1ee5 b\u1eb1ng nh\u1ef1a h\u00e0ng \u0111\u1ea7u.<\/h3>\n<p class=\"break-words\">FMP l\u00e0 nh\u00e0 s\u1ea3n xu\u1ea5t chuy\u00ean nghi\u1ec7p chuy\u00ean v\u1ec1 s\u1ea3n xu\u1ea5t b\u00e1nh r\u0103ng tr\u1ee5 b\u1eb1ng nh\u1ef1a. V\u1edbi c\u00f4ng ngh\u1ec7 ti\u00ean ti\u1ebfn v\u00e0 \u0111\u1ed9i ng\u0169 k\u1ef9 s\u01b0 l\u00e0nh ngh\u1ec1, ch\u00fang t\u00f4i cung c\u1ea5p c\u00e1c s\u1ea3n ph\u1ea9m \u0111\u00e1p \u1ee9ng c\u00e1c ti\u00eau chu\u1ea9n ch\u1ea5t l\u01b0\u1ee3ng nghi\u00eam ng\u1eb7t. Cam k\u1ebft v\u1ec1 ch\u1ea5t l\u01b0\u1ee3ng v\u01b0\u1ee3t tr\u1ed9i \u0111\u00e3 gi\u00fap ch\u00fang t\u00f4i tr\u1edf th\u00e0nh nh\u00e0 cung c\u1ea5p \u0111\u01b0\u1ee3c \u01b0a chu\u1ed9ng cho c\u00e1c doanh nghi\u1ec7p tr\u00ean kh\u1eafp n\u01b0\u1edbc \u00dd v\u00e0 qu\u1ed1c t\u1ebf.<\/p>\n<div>\n<h3>\u0110\u1eb7c \u0111i\u1ec3m c\u1ee7a b\u00e1nh r\u0103ng tr\u1ee5 b\u1eb1ng nh\u1ef1a c\u1ee7a FMP<\/h3>\n<p class=\"break-words\">B\u00e1nh r\u0103ng tr\u1ee5 b\u1eb1ng nh\u1ef1a c\u1ee7a ch\u00fang t\u00f4i \u0111\u01b0\u1ee3c ch\u1ebf t\u1ea1o t\u1eeb v\u1eadt li\u1ec7u cao c\u1ea5p, mang l\u1ea1i nh\u1eefng \u01b0u \u0111i\u1ec3m v\u01b0\u1ee3t tr\u1ed9i so v\u1edbi c\u00e1c lo\u1ea1i b\u00e1nh r\u0103ng kim lo\u1ea1i truy\u1ec1n th\u1ed1ng. D\u01b0\u1edbi \u0111\u00e2y l\u00e0 nh\u1eefng \u0111i\u1ec3m kh\u00e1c bi\u1ec7t c\u1ee7a s\u1ea3n ph\u1ea9m ch\u00fang t\u00f4i:<\/p>\n<ul class=\"marker:text-secondary\">\n<li class=\"break-words\"><strong>\u0110\u1ed9 b\u1ec1n<\/strong>\u0110\u01b0\u1ee3c thi\u1ebft k\u1ebf \u0111\u1ec3 ch\u1ed1ng m\u00e0i m\u00f2n, \u0111\u1ea3m b\u1ea3o \u0111\u1ed9 tin c\u1eady l\u00e2u d\u00e0i ngay c\u1ea3 trong \u0111i\u1ec1u ki\u1ec7n kh\u1eafc nghi\u1ec7t.<\/li>\n<li class=\"break-words\"><strong>Thi\u1ebft k\u1ebf nh\u1eb9<\/strong>Ho\u00e0n h\u1ea3o cho c\u00e1c \u1ee9ng d\u1ee5ng c\u1ea7n gi\u1ea3m tr\u1ecdng l\u01b0\u1ee3ng, ch\u1eb3ng h\u1ea1n nh\u01b0 trong c\u00e1c thi\u1ebft b\u1ecb di \u0111\u1ed9ng ho\u1eb7c xe c\u1ed9.<\/li>\n<li class=\"break-words\"><strong>Ho\u1ea1t \u0111\u1ed9ng \u00edt ti\u1ebfng \u1ed3n<\/strong>Gi\u1ea3m thi\u1ec3u ti\u1ebfng \u1ed3n ph\u00e1t ra, l\u00fd t\u01b0\u1edfng cho c\u00e1c m\u00f4i tr\u01b0\u1eddng nh\u1ea1y c\u1ea3m v\u1edbi ti\u1ebfng \u1ed3n nh\u01b0 c\u01a1 s\u1edf y t\u1ebf ho\u1eb7c v\u0103n ph\u00f2ng.<\/li>\n<li class=\"break-words\"><strong>Kh\u1ea3 n\u0103ng ch\u1ed1ng \u0103n m\u00f2n<\/strong>Kh\u00e1c v\u1edbi b\u00e1nh r\u0103ng kim lo\u1ea1i, b\u00e1nh r\u0103ng nh\u1ef1a c\u1ee7a ch\u00fang t\u00f4i c\u00f3 kh\u1ea3 n\u0103ng ch\u1ed1ng g\u1ec9 v\u00e0 xu\u1ed1ng c\u1ea5p, mang l\u1ea1i hi\u1ec7u su\u1ea5t v\u01b0\u1ee3t tr\u1ed9i trong m\u00f4i tr\u01b0\u1eddng kh\u1eafc nghi\u1ec7t.<\/li>\n<\/ul>\n<p class=\"break-words\">Ch\u00fang t\u00f4i s\u1ea3n xu\u1ea5t nhi\u1ec1u lo\u1ea1i b\u00e1nh r\u0103ng tr\u1ee5 b\u1eb1ng nh\u1ef1a \u0111\u1ec3 ph\u00f9 h\u1ee3p v\u1edbi c\u00e1c \u1ee9ng d\u1ee5ng kh\u00e1c nhau, t\u1eeb c\u00e1c m\u1eabu ti\u00eau chu\u1ea9n \u0111\u1ebfn c\u00e1c thi\u1ebft k\u1ebf chuy\u00ean d\u1ee5ng v\u1edbi \u0111\u1ed9 b\u1ec1n \u0111\u01b0\u1ee3c n\u00e2ng cao ho\u1eb7c c\u00e1c th\u00f4ng s\u1ed1 k\u1ef9 thu\u1eadt \u0111\u1ed9c \u0111\u00e1o.<\/p>\n<div>\n<h2>B\u00e1nh r\u0103ng tr\u1ee5 b\u1eb1ng nh\u1ef1a t\u00f9y ch\u1ec9nh theo nhu c\u1ea7u c\u1ee7a b\u1ea1n.<\/h2>\n<p class=\"break-words\">T\u1ea1i FMP, ch\u00fang t\u00f4i hi\u1ec3u r\u1eb1ng c\u00e1c gi\u1ea3i ph\u00e1p c\u00f3 s\u1eb5n kh\u00f4ng ph\u1ea3i l\u00fac n\u00e0o c\u0169ng ph\u00f9 h\u1ee3p v\u1edbi m\u1ecdi d\u1ef1 \u00e1n. \u0110\u00f3 l\u00e0 l\u00fd do t\u1ea1i sao ch\u00fang t\u00f4i cung c\u1ea5p d\u1ecbch v\u1ee5 t\u00f9y ch\u1ec9nh to\u00e0n di\u1ec7n. Cho d\u00f9 b\u1ea1n c\u1ea7n k\u00edch th\u01b0\u1edbc, v\u1eadt li\u1ec7u ho\u1eb7c c\u1ea5u h\u00ecnh c\u1ee5 th\u1ec3, \u0111\u1ed9i ng\u0169 c\u1ee7a ch\u00fang t\u00f4i \u0111\u1ec1u c\u00f3 kh\u1ea3 n\u0103ng thi\u1ebft k\u1ebf v\u00e0 s\u1ea3n xu\u1ea5t b\u00e1nh r\u0103ng tr\u1ee5 b\u1eb1ng nh\u1ef1a theo \u0111\u00fang th\u00f4ng s\u1ed1 k\u1ef9 thu\u1eadt c\u1ee7a b\u1ea1n.<\/p>\n<p class=\"break-words\">N\u1ebfu b\u1ea1n kh\u00f4ng th\u1ea5y m\u1eabu s\u1ea3n ph\u1ea9m m\u00ecnh c\u1ea7n trong danh s\u00e1ch s\u1ea3n ph\u1ea9m c\u1ee7a ch\u00fang t\u00f4i, \u0111\u1eebng lo l\u1eafng \u2014 c\u00f3 th\u1ec3 \u0111\u01a1n gi\u1ea3n l\u00e0 ch\u00fang t\u00f4i ch\u01b0a c\u00f3 c\u01a1 h\u1ed9i c\u1eadp nh\u1eadt danh m\u1ee5c. Vui l\u00f2ng li\u00ean h\u1ec7 v\u1edbi ch\u00fang t\u00f4i qua email t\u1ea1i \u0111\u1ecba ch\u1ec9 sau: <a href=\"mailto:info@fmpcomponents.it\">info@fmpcomponents.it<\/a>\u00a0H\u00e3y n\u00eau r\u00f5 y\u00eau c\u1ea7u c\u1ee7a b\u1ea1n. C\u00e1c k\u1ef9 s\u01b0 c\u1ee7a ch\u00fang t\u00f4i s\u1ebd ph\u1ea3n h\u1ed3i trong v\u00f2ng 24 gi\u1edd, cung c\u1ea5p h\u01b0\u1edbng d\u1eabn chuy\u00ean m\u00f4n v\u00e0 gi\u1ea3i ph\u00e1p ph\u00f9 h\u1ee3p v\u1edbi nhu c\u1ea7u c\u1ee7a b\u1ea1n.<\/p>\n<table style=\"border-collapse: collapse; width: 98.5%; height: 41px;\" border=\"0\" width=\"240\" cellspacing=\"0\" cellpadding=\"0\">\n<tbody>\n<tr style=\"height: 14.40pt;\">\n<td style=\"height: 14.40pt; width: 48.00pt;\" align=\"right\" width=\"80\" height=\"24\"><img loading=\"lazy\" decoding=\"async\" class=\"size-full wp-image-7455 aligncenter\" src=\"https:\/\/fmp-components.com\/wp-content\/uploads\/2025\/03\/plastic-spur-gear-6_1.webp\" alt=\"b\u00e1nh r\u0103ng nh\u1ef1a\" width=\"600\" height=\"600\" title=\"\" srcset=\"https:\/\/fmp-components.com\/wp-content\/uploads\/2025\/03\/plastic-spur-gear-6_1.webp 600w, https:\/\/fmp-components.com\/wp-content\/uploads\/2025\/03\/plastic-spur-gear-6_1-480x480.webp 480w\" sizes=\"(min-width: 0px) and (max-width: 480px) 480px, (min-width: 481px) 600px, 100vw\" \/><\/td>\n<td style=\"width: 48.00pt;\" align=\"right\" width=\"80\"><img loading=\"lazy\" decoding=\"async\" class=\"alignnone size-full wp-image-7459\" src=\"https:\/\/fmp-components.com\/wp-content\/uploads\/2025\/03\/plastic-spur-gear-2.webp\" alt=\"b\u00e1nh r\u0103ng nh\u1ef1a\" width=\"720\" height=\"720\" title=\"\" srcset=\"https:\/\/fmp-components.com\/wp-content\/uploads\/2025\/03\/plastic-spur-gear-2.webp 720w, https:\/\/fmp-components.com\/wp-content\/uploads\/2025\/03\/plastic-spur-gear-2-480x480.webp 480w\" sizes=\"(min-width: 0px) and (max-width: 480px) 480px, (min-width: 481px) 720px, 100vw\" \/><\/td>\n<td style=\"width: 48.00pt;\" align=\"right\" width=\"80\"><img loading=\"lazy\" decoding=\"async\" class=\"alignnone size-full wp-image-7454\" src=\"https:\/\/fmp-components.com\/wp-content\/uploads\/2025\/03\/plastic-spur-gear-7.webp\" alt=\"b\u00e1nh r\u0103ng nh\u1ef1a\" width=\"600\" height=\"600\" title=\"\" srcset=\"https:\/\/fmp-components.com\/wp-content\/uploads\/2025\/03\/plastic-spur-gear-7.webp 600w, https:\/\/fmp-components.com\/wp-content\/uploads\/2025\/03\/plastic-spur-gear-7-480x480.webp 480w\" sizes=\"(min-width: 0px) and (max-width: 480px) 480px, (min-width: 481px) 600px, 100vw\" \/><\/td>\n<\/tr>\n<\/tbody>\n<\/table>\n<\/div>\n<\/div>","protected":false},"excerpt":{"rendered":"<p>Plastic Spur Gears: Quality and Customization Plastic Spur Gears are vital components in modern machinery, playing a key role in industries such as automotive, electronics, and medical equipment. These lightweight, durable gears are designed to transmit motion efficiently while reducing noise and wear. At FMP, we take pride in being a leading manufacturer of Plastic [&hellip;]<\/p>","protected":false},"featured_media":7452,"comment_status":"open","ping_status":"closed","template":"","meta":{"_et_pb_use_builder":"","_et_pb_old_content":"","_et_gb_content_width":""},"product_brand":[],"product_cat":[109],"product_tag":[],"class_list":{"0":"post-7451","1":"product","2":"type-product","3":"status-publish","4":"has-post-thumbnail","6":"product_cat-spur-gear","8":"first","9":"instock","10":"shipping-taxable","11":"product-type-simple"},"_links":{"self":[{"href":"https:\/\/fmp-components.com\/vi\/wp-json\/wp\/v2\/product\/7451","targetHints":{"allow":["GET"]}}],"collection":[{"href":"https:\/\/fmp-components.com\/vi\/wp-json\/wp\/v2\/product"}],"about":[{"href":"https:\/\/fmp-components.com\/vi\/wp-json\/wp\/v2\/types\/product"}],"replies":[{"embeddable":true,"href":"https:\/\/fmp-components.com\/vi\/wp-json\/wp\/v2\/comments?post=7451"}],"wp:featuredmedia":[{"embeddable":true,"href":"https:\/\/fmp-components.com\/vi\/wp-json\/wp\/v2\/media\/7452"}],"wp:attachment":[{"href":"https:\/\/fmp-components.com\/vi\/wp-json\/wp\/v2\/media?parent=7451"}],"wp:term":[{"taxonomy":"product_brand","embeddable":true,"href":"https:\/\/fmp-components.com\/vi\/wp-json\/wp\/v2\/product_brand?post=7451"},{"taxonomy":"product_cat","embeddable":true,"href":"https:\/\/fmp-components.com\/vi\/wp-json\/wp\/v2\/product_cat?post=7451"},{"taxonomy":"product_tag","embeddable":true,"href":"https:\/\/fmp-components.com\/vi\/wp-json\/wp\/v2\/product_tag?post=7451"}],"curies":[{"name":"wp","href":"https:\/\/api.w.org\/{rel}","templated":true}]}}