{"id":744,"date":"2024-12-18T05:28:55","date_gmt":"2024-12-18T05:28:55","guid":{"rendered":"https:\/\/fmp-components.com\/?page_id=8"},"modified":"2024-12-18T05:32:12","modified_gmt":"2024-12-18T05:32:12","slug":"drilling-platform-steel-wire-rope-tensioner-cylinder","status":"publish","type":"product","link":"https:\/\/fmp-components.com\/vi\/product\/drilling-platform-steel-wire-rope-tensioner-cylinder\/","title":{"rendered":"Xi lanh c\u0103ng d\u00e2y th\u00e9p gi\u00e0n khoan"},"content":{"rendered":"<p style=\"text-align: center;\"><span style=\"font-size: 18pt;\">Xi lanh c\u0103ng d\u00e2y th\u00e9p gi\u00e0n khoan<\/span><\/p>\n<p>Xi lanh c\u0103ng c\u00e1p th\u00e9p gi\u00e0n khoan l\u00e0 m\u1ed9t b\u1ed9 ph\u1eadn th\u1ee7y l\u1ef1c thi\u1ebft y\u1ebfu \u0111\u01b0\u1ee3c thi\u1ebft k\u1ebf \u0111\u1ec3 \u0111\u1ea3m b\u1ea3o \u0111\u1ed9 c\u0103ng t\u1ed1i \u01b0u c\u1ee7a c\u00e1p th\u00e9p trong c\u00e1c \u1ee9ng d\u1ee5ng khoan. Xi lanh n\u00e0y \u0111\u00f3ng vai tr\u00f2 quan tr\u1ecdng trong vi\u1ec7c duy tr\u00ec s\u1ef1 an to\u00e0n v\u00e0 hi\u1ec7u qu\u1ea3 c\u1ee7a ho\u1ea1t \u0111\u1ed9ng khoan b\u1eb1ng c\u00e1ch cung c\u1ea5p l\u1ef1c c\u1ea7n thi\u1ebft \u0111\u1ec3 \u0111i\u1ec1u ch\u1ec9nh v\u00e0 \u1ed5n \u0111\u1ecbnh \u0111\u1ed9 c\u0103ng c\u1ee7a c\u00e1p th\u00e9p, y\u1ebfu t\u1ed1 thi\u1ebft y\u1ebfu cho ho\u1ea1t \u0111\u1ed9ng b\u00ecnh th\u01b0\u1eddng c\u1ee7a thi\u1ebft b\u1ecb khoan.<\/p>\n<p><img loading=\"lazy\" decoding=\"async\" class=\"alignnone size-full wp-image-745\" src=\"https:\/\/fmp-components.com\/wp-content\/uploads\/2024\/12\/Drilling-Platform-Steel-Wire-Rope-Tensioner-Cylinder.webp\" alt=\"M\u00e1y khoan-S\u00e0n-D\u00e2y-C\u00e1p-M\u00e1y c\u0103ng-Xi lanh\" width=\"1024\" height=\"607\" title=\"\" srcset=\"https:\/\/fmp-components.com\/wp-content\/uploads\/2024\/12\/Drilling-Platform-Steel-Wire-Rope-Tensioner-Cylinder.webp 1024w, https:\/\/fmp-components.com\/wp-content\/uploads\/2024\/12\/Drilling-Platform-Steel-Wire-Rope-Tensioner-Cylinder-980x581.webp 980w, https:\/\/fmp-components.com\/wp-content\/uploads\/2024\/12\/Drilling-Platform-Steel-Wire-Rope-Tensioner-Cylinder-480x285.webp 480w\" sizes=\"(min-width: 0px) and (max-width: 480px) 480px, (min-width: 481px) and (max-width: 980px) 980px, (min-width: 981px) 1024px, 100vw\" \/><\/p>\n<h4>C\u00e1c t\u00ednh n\u0103ng ch\u00ednh:<\/h4>\n<ul>\n<li><strong>Kh\u1ea3 n\u0103ng ch\u1ecbu l\u1ef1c cao:<\/strong> \u0110\u01b0\u1ee3c thi\u1ebft k\u1ebf \u0111\u1ec3 ch\u1ecbu \u0111\u01b0\u1ee3c t\u1ea3i tr\u1ecdng l\u1edbn, xi lanh n\u00e0y qu\u1ea3n l\u00fd hi\u1ec7u qu\u1ea3 \u0111\u1ed9 c\u0103ng c\u1ee7a d\u00e2y c\u00e1p th\u00e9p, \u0111\u1ea3m b\u1ea3o hi\u1ec7u su\u1ea5t \u1ed5n \u0111\u1ecbnh trong \u0111i\u1ec1u ki\u1ec7n kh\u1eafc nghi\u1ec7t.<\/li>\n<li><strong>K\u1ebft c\u1ea5u ch\u1eafc ch\u1eafn:<\/strong> \u0110\u01b0\u1ee3c l\u00e0m t\u1eeb v\u1eadt li\u1ec7u c\u00f3 \u0111\u1ed9 b\u1ec1n cao, xi lanh c\u0103ng \u0111\u01b0\u1ee3c ch\u1ebf t\u1ea1o \u0111\u1ec3 ch\u1ecbu \u0111\u01b0\u1ee3c m\u00f4i tr\u01b0\u1eddng kh\u1eafc nghi\u1ec7t v\u00e0 \u00e1p su\u1ea5t cao th\u01b0\u1eddng th\u1ea5y trong ho\u1ea1t \u0111\u1ed9ng khoan, mang l\u1ea1i \u0111\u1ed9 b\u1ec1n v\u00e0 \u0111\u1ed9 tin c\u1eady l\u00e2u d\u00e0i.<\/li>\n<li><strong>Ho\u1ea1t \u0111\u1ed9ng tr\u01a1n tru:<\/strong> Thi\u1ebft k\u1ebf th\u1ee7y l\u1ef1c ti\u00ean ti\u1ebfn cho ph\u00e9p \u0111i\u1ec1u ch\u1ec9nh tr\u01a1n tru v\u00e0 ch\u00ednh x\u00e1c, t\u1ea1o \u0111i\u1ec1u ki\u1ec7n thay \u0111\u1ed5i \u0111\u1ed9 c\u0103ng nhanh ch\u00f3ng khi c\u1ea7n thi\u1ebft trong qu\u00e1 tr\u00ecnh khoan.<\/li>\n<li><strong>C\u01a1 ch\u1ebf an to\u00e0n:<\/strong> T\u00edch h\u1ee3p c\u00e1c t\u00ednh n\u0103ng an to\u00e0n gi\u00fap ng\u0103n ng\u1eeba c\u0103ng th\u1eb3ng qu\u00e1 m\u1ee9c v\u00e0 \u0111\u1ea3m b\u1ea3o ho\u1ea1t \u0111\u1ed9ng an to\u00e0n, n\u00e2ng cao t\u00ednh an to\u00e0n t\u1ed5ng th\u1ec3 c\u1ee7a ho\u1ea1t \u0111\u1ed9ng khoan.<\/li>\n<li><strong>\u1ee8ng d\u1ee5ng \u0111a n\u0103ng:<\/strong> Ph\u00f9 h\u1ee3p v\u1edbi nhi\u1ec1u lo\u1ea1i gi\u00e0n khoan, xi lanh n\u00e0y c\u00f3 th\u1ec3 th\u00edch \u1ee9ng v\u1edbi nhi\u1ec1u nhu c\u1ea7u v\u1eadn h\u00e0nh kh\u00e1c nhau, khi\u1ebfn n\u00f3 tr\u1edf th\u00e0nh l\u1ef1a ch\u1ecdn linh ho\u1ea1t cho nhi\u1ec1u m\u00f4i tr\u01b0\u1eddng khoan kh\u00e1c nhau.<\/li>\n<li><strong>Y\u00eau c\u1ea7u b\u1ea3o tr\u00ec th\u1ea5p:<\/strong> \u0110\u01b0\u1ee3c thi\u1ebft k\u1ebf \u0111\u1ec3 gi\u1ea3m thi\u1ec3u hao m\u00f2n, s\u1ea3n ph\u1ea9m n\u00e0y gi\u00fap gi\u1ea3m nhu c\u1ea7u b\u1ea3o tr\u00ec v\u00e0 th\u1eddi gian ng\u1eebng ho\u1ea1t \u0111\u1ed9ng, g\u00f3p ph\u1ea7n t\u0103ng n\u0103ng su\u1ea5t.<\/li>\n<\/ul>\n<p>T\u00f3m l\u1ea1i, Xi lanh c\u0103ng d\u00e2y th\u00e9p gi\u00e0n khoan l\u00e0 thi\u1ebft b\u1ecb kh\u00f4ng th\u1ec3 thi\u1ebfu \u0111\u1ec3 t\u1ed1i \u01b0u h\u00f3a hi\u1ec7u su\u1ea5t v\u00e0 \u0111\u1ed9 an to\u00e0n c\u1ee7a ho\u1ea1t \u0111\u1ed9ng khoan, n\u00e2ng cao \u0111\u00e1ng k\u1ec3 hi\u1ec7u qu\u1ea3 v\u00e0 \u0111\u1ed9 tin c\u1eady c\u1ee7a gi\u00e0n khoan t\u1ea1i hi\u1ec7n tr\u01b0\u1eddng.<\/p>\n<h2>Xi lanh c\u0103ng d\u00e2y th\u00e9p gi\u00e0n khoan<\/h2>\n<p><img loading=\"lazy\" decoding=\"async\" class=\"size-full wp-image-749 aligncenter\" src=\"https:\/\/fmp-components.com\/wp-content\/uploads\/2024\/12\/Drilling-Platform-Steel-Wire-Rope-Tensioner-Cylinder-1-1.webp\" alt=\"M\u00e1y khoan-S\u00e0n-D\u00e2y-C\u00e1p-M\u00e1y c\u0103ng-Xi lanh\" width=\"600\" height=\"600\" title=\"\" srcset=\"https:\/\/fmp-components.com\/wp-content\/uploads\/2024\/12\/Drilling-Platform-Steel-Wire-Rope-Tensioner-Cylinder-1-1.webp 600w, https:\/\/fmp-components.com\/wp-content\/uploads\/2024\/12\/Drilling-Platform-Steel-Wire-Rope-Tensioner-Cylinder-1-1-480x480.webp 480w\" sizes=\"(min-width: 0px) and (max-width: 480px) 480px, (min-width: 481px) 600px, 100vw\" \/><\/p>\n<table style=\"width: 96.3174%; height: 185px;\" border=\"1\" cellspacing=\"0\" cellpadding=\"0\">\n<tbody>\n<tr>\n<td>T\u00ean s\u1ea3n ph\u1ea9m<\/td>\n<td>Xi lanh c\u0103ng d\u00e2y th\u00e9p gi\u00e0n khoan<\/td>\n<\/tr>\n<tr>\n<td>\u0110\u1eb7c tr\u01b0ng:<\/td>\n<td>Cung c\u1ea5p l\u1ef1c \u0111\u1ea9y v\u00e0 t\u1ea1o l\u1ef1c c\u0103ng cho d\u00e2y c\u00e1p th\u00f4ng qua r\u00f2ng r\u1ecdc<\/td>\n<\/tr>\n<tr>\n<td>\u0110\u01b0\u1eddng k\u00ednh l\u1ed7 khoan:<\/td>\n<td>L\u00ean \u0111\u1ebfn 620mm<\/td>\n<\/tr>\n<tr>\n<td>\u0110\u01b0\u1eddng k\u00ednh thanh:<\/td>\n<td>L\u00ean \u0111\u1ebfn 580mm<\/td>\n<\/tr>\n<tr>\n<td>L\u1ef1c \u0111\u1ea9y:<\/td>\n<td>T\u1ed1i \u0111a 8500KN<\/td>\n<\/tr>\n<tr>\n<td>Th\u00f4ng s\u1ed1 k\u1ef9 thu\u1eadt:<\/td>\n<td>Cung c\u1ea5p c\u00e1c lo\u1ea1i xi lanh 889KN, 1112KN, 1245KN v\u00e0 c\u00e1c lo\u1ea1i xi lanh kh\u00e1c c\u00f3 y\u00eau c\u1ea7u v\u1ec1 \u0111\u1ed9 c\u0103ng kh\u00e1c nhau<\/td>\n<\/tr>\n<tr>\n<td>\u1ee8ng d\u1ee5ng:<\/td>\n<td>Gi\u00e0n khoan ngo\u00e0i kh\u01a1i<\/td>\n<\/tr>\n<\/tbody>\n<\/table>\n<h2>\u01afu \u0111i\u1ec3m c\u1ee7a xi lanh c\u0103ng d\u00e2y th\u00e9p gi\u00e0n khoan<\/h2>\n<p>Xi lanh c\u0103ng c\u00e1p th\u00e9p gi\u00e0n khoan mang l\u1ea1i nhi\u1ec1u \u01b0u \u0111i\u1ec3m n\u1ed5i b\u1eadt, g\u00f3p ph\u1ea7n quan tr\u1ecdng v\u00e0o ho\u1ea1t \u0111\u1ed9ng khoan ngo\u00e0i kh\u01a1i. D\u01b0\u1edbi \u0111\u00e2y l\u00e0 m\u1ed9t s\u1ed1 l\u1ee3i \u00edch ch\u00ednh:<\/p>\n<p>M\u1ed9t trong nh\u1eefng \u01b0u \u0111i\u1ec3m ch\u00ednh l\u00e0 kh\u1ea3 n\u0103ng ki\u1ec3m so\u00e1t \u0111\u1ed9 c\u0103ng ch\u00ednh x\u00e1c. Xi lanh n\u00e0y cho ph\u00e9p ng\u01b0\u1eddi v\u1eadn h\u00e0nh \u0111i\u1ec1u ch\u1ec9nh ch\u00ednh x\u00e1c \u0111\u1ed9 c\u0103ng c\u1ee7a d\u00e2y c\u00e1p th\u00e9p b\u1eb1ng c\u00e1ch \u0111i\u1ec1u ch\u1ec9nh \u00e1p su\u1ea5t th\u1ee7y l\u1ef1c. Vi\u1ec7c \u0111\u1ea1t \u0111\u01b0\u1ee3c m\u1ee9c \u0111\u1ed9 c\u0103ng ch\u00ednh x\u00e1c l\u00e0 r\u1ea5t quan tr\u1ecdng \u0111\u1ec3 \u0111\u1ea3m b\u1ea3o hi\u1ec7u su\u1ea5t t\u1ed1i \u01b0u c\u1ee7a d\u00e2y c\u00e1p trong qu\u00e1 tr\u00ecnh khoan.<\/p>\n<p>M\u1ed9t l\u1ee3i \u00edch \u0111\u00e1ng k\u1ec3 kh\u00e1c l\u00e0 t\u00ednh an to\u00e0n \u0111\u01b0\u1ee3c c\u1ea3i thi\u1ec7n. Xi lanh c\u0103ng \u0111\u01b0\u1ee3c trang b\u1ecb c\u00e1c t\u00ednh n\u0103ng an to\u00e0n ti\u00ean ti\u1ebfn, ch\u1eb3ng h\u1ea1n nh\u01b0 c\u1ea3m bi\u1ebfn \u00e1p su\u1ea5t v\u00e0 c\u01a1 ch\u1ebf b\u1ea3o v\u1ec7, gi\u00fap ng\u0103n ng\u1eeba t\u00ecnh tr\u1ea1ng c\u0103ng qu\u00e1 m\u1ee9c ho\u1eb7c gi\u1ea3m c\u0103ng \u0111\u1ed9t ng\u1ed9t. Nh\u1eefng t\u00ednh n\u0103ng n\u00e0y \u0111\u1ea3m b\u1ea3o v\u1eadn h\u00e0nh an to\u00e0n, b\u1ea3o v\u1ec7 c\u1ea3 ng\u01b0\u1eddi v\u00e0 thi\u1ebft b\u1ecb kh\u1ecfi c\u00e1c m\u1ed1i nguy hi\u1ec3m ti\u1ec1m \u1ea9n.<\/p>\n<p>Xi lanh c\u0169ng g\u00f3p ph\u1ea7n n\u00e2ng cao hi\u1ec7u qu\u1ea3 v\u1eadn h\u00e0nh. B\u1eb1ng c\u00e1ch duy tr\u00ec \u0111\u1ed9 c\u0103ng th\u00edch h\u1ee3p c\u1ee7a d\u00e2y c\u00e1p, n\u00f3 \u0111\u1ea3m b\u1ea3o chuy\u1ec3n \u0111\u1ed9ng tr\u01a1n tru v\u00e0 c\u00f3 ki\u1ec3m so\u00e1t c\u1ee7a d\u00e2y khoan, \u0111\u1ed3ng th\u1eddi t\u1ea1o \u0111i\u1ec1u ki\u1ec7n thu\u1eadn l\u1ee3i cho vi\u1ec7c n\u00e2ng t\u1ea3i tr\u1ecdng n\u1eb7ng. \u0110i\u1ec1u n\u00e0y d\u1eabn \u0111\u1ebfn t\u0103ng n\u0103ng su\u1ea5t v\u00e0 gi\u1ea3m th\u1eddi gian ng\u1eebng ho\u1ea1t \u0111\u1ed9ng trong c\u00e1c ho\u1ea1t \u0111\u1ed9ng khoan.<\/p>\n<p>H\u01a1n n\u1eefa, \u0111\u1ed9 b\u1ec1n v\u00e0 \u0111\u1ed9 tin c\u1eady c\u1ee7a xi lanh c\u0103ng c\u0169ng r\u1ea5t \u0111\u00e1ng ch\u00fa \u00fd. \u0110\u01b0\u1ee3c ch\u1ebf t\u1ea1o t\u1eeb v\u1eadt li\u1ec7u c\u00f3 \u0111\u1ed9 b\u1ec1n cao, xi lanh n\u00e0y \u0111\u01b0\u1ee3c thi\u1ebft k\u1ebf \u0111\u1ec3 ch\u1ecbu \u0111\u01b0\u1ee3c c\u00e1c \u0111i\u1ec1u ki\u1ec7n kh\u1eafc nghi\u1ec7t c\u1ee7a ho\u1ea1t \u0111\u1ed9ng khoan ngo\u00e0i kh\u01a1i, bao g\u1ed3m n\u01b0\u1edbc m\u1eb7n \u0103n m\u00f2n, \u00e1p su\u1ea5t cao v\u00e0 nhi\u1ec7t \u0111\u1ed9 kh\u1eafc nghi\u1ec7t. \u0110\u1ed9 b\u1ec1n n\u00e0y \u0111\u1ea3m b\u1ea3o hi\u1ec7u su\u1ea5t \u1ed5n \u0111\u1ecbnh theo th\u1eddi gian.<\/p>\n<p>Ngo\u00e0i ra, xi lanh c\u0103ng c\u00e1p c\u00f2n mang l\u1ea1i t\u00ednh linh ho\u1ea1t trong \u1ee9ng d\u1ee5ng. N\u00f3 c\u00f3 th\u1ec3 \u0111\u01b0\u1ee3c s\u1eed d\u1ee5ng v\u1edbi nhi\u1ec1u k\u00edch c\u1ee1 v\u00e0 lo\u1ea1i c\u00e1p th\u00e9p kh\u00e1c nhau, gi\u00fap n\u00f3 th\u00edch \u1ee9ng v\u1edbi nhi\u1ec1u nhi\u1ec7m v\u1ee5 khoan kh\u00e1c nhau, ch\u1eb3ng h\u1ea1n nh\u01b0 khoan, n\u00e2ng h\u1ea1 v\u00e0 x\u1eed l\u00fd t\u1ea3i. T\u00ednh linh ho\u1ea1t n\u00e0y mang \u0111\u1ebfn m\u1ed9t gi\u1ea3i ph\u00e1p to\u00e0n di\u1ec7n \u0111\u1ec3 duy tr\u00ec \u0111\u1ed9 c\u0103ng c\u1ee7a c\u00e1p th\u00e9p trong nhi\u1ec1u ho\u1ea1t \u0111\u1ed9ng.<\/p>\n<p>Cu\u1ed1i c\u00f9ng, thi\u1ebft k\u1ebf c\u1ee7a xi lanh c\u0103ng nh\u1ea5n m\u1ea1nh v\u00e0o kh\u1ea3 n\u0103ng b\u1ea3o tr\u00ec v\u00e0 v\u1eadn h\u00e0nh. C\u00e1c b\u1ed9 ph\u1eadn c\u1ee7a xi lanh c\u00f3 th\u1ec3 d\u1ec5 d\u00e0ng ti\u1ebfp c\u1eadn \u0111\u1ec3 ki\u1ec3m tra v\u00e0 b\u1ea3o tr\u00ec th\u01b0\u1eddng xuy\u00ean, gi\u00fap \u0111\u1ea3m b\u1ea3o ho\u1ea1t \u0111\u1ed9ng t\u1ed1i \u01b0u v\u00e0 gi\u1ea3m thi\u1ec3u th\u1eddi gian ng\u1eebng ho\u1ea1t \u0111\u1ed9ng. Vi\u1ec7c d\u1ec5 d\u00e0ng b\u1ea3o tr\u00ec n\u00e0y g\u00f3p ph\u1ea7n n\u00e2ng cao hi\u1ec7u qu\u1ea3 chung c\u1ee7a ho\u1ea1t \u0111\u1ed9ng khoan, \u0111\u1ea3m b\u1ea3o thi\u1ebft b\u1ecb lu\u00f4n \u1edf tr\u1ea1ng th\u00e1i t\u1ed1t nh\u1ea5t.<\/p>\n<p><img loading=\"lazy\" decoding=\"async\" class=\"alignnone wp-image-746\" src=\"https:\/\/fmp-components.com\/wp-content\/uploads\/2024\/12\/Drilling-Platform-Steel-Wire-Rope-Tensioner-Cylinder-1.webp\" alt=\"Xi lanh c\u0103ng d\u00e2y th\u00e9p gi\u00e0n khoan\" width=\"925\" height=\"648\" title=\"\" srcset=\"https:\/\/fmp-components.com\/wp-content\/uploads\/2024\/12\/Drilling-Platform-Steel-Wire-Rope-Tensioner-Cylinder-1.webp 925w, https:\/\/fmp-components.com\/wp-content\/uploads\/2024\/12\/Drilling-Platform-Steel-Wire-Rope-Tensioner-Cylinder-1-480x336.webp 480w\" sizes=\"(min-width: 0px) and (max-width: 480px) 480px, (min-width: 481px) 925px, 100vw\" \/><\/p>\n<h3>Gi\u1edbi thi\u1ec7u v\u1ec1 FMP<\/h3>\n<p>FMP l\u00e0 m\u1ed9t c\u00f4ng ty s\u1ea3n xu\u1ea5t c\u01a1 kh\u00ed chuy\u00ean bi\u1ec7t, chuy\u00ean s\u1ea3n xu\u1ea5t xi lanh th\u1ee7y l\u1ef1c. K\u1ec3 t\u1eeb khi th\u00e0nh l\u1eadp, c\u00f4ng ty \u0111\u00e3 t\u1eadp trung v\u00e0o nghi\u00ean c\u1ee9u v\u00e0 s\u1ea3n xu\u1ea5t c\u00f4ng ngh\u1ec7 th\u1ee7y l\u1ef1c, chuy\u1ec3n \u0111\u1ed5i th\u00e0nh c\u00f4ng t\u1eeb danh m\u1ee5c s\u1ea3n ph\u1ea9m \u0111a d\u1ea1ng, bao g\u1ed3m m\u00e1y m\u00f3c thu ho\u1ea1ch v\u00e0 x\u00e2y d\u1ef1ng, sang chuy\u00ean v\u1ec1 linh ki\u1ec7n m\u00e1y k\u00e9o n\u00f4ng nghi\u1ec7p. V\u1edbi h\u01a1n m\u1ed9t th\u1eadp k\u1ef7 kinh nghi\u1ec7m trong s\u1ea3n xu\u1ea5t v\u00e0 qu\u1ea3n l\u00fd, FMP \u0111\u1ea3m b\u1ea3o s\u1ea3n ph\u1ea9m ch\u1ea5t l\u01b0\u1ee3ng cao th\u00f4ng qua c\u00e1c k\u1ef9 thu\u1eadt s\u1ea3n xu\u1ea5t ti\u00ean ti\u1ebfn.<\/p>\n<p>Trong qu\u00e1 tr\u00ecnh ph\u00e1t tri\u1ec3n, c\u00f4ng ty \u0111\u00e3 x\u00e2y d\u1ef1ng \u0111\u01b0\u1ee3c d\u00e2y chuy\u1ec1n s\u1ea3n xu\u1ea5t gia c\u00f4ng, d\u00e2y chuy\u1ec1n l\u1eafp r\u00e1p v\u00e0 d\u00e2y chuy\u1ec1n s\u01a1n ph\u1ee7 to\u00e0n di\u1ec7n. \u0110\u1ed9i ng\u0169 c\u1ee7a ch\u00fang t\u00f4i bao g\u1ed3m \u0111\u1ed9i ng\u0169 qu\u1ea3n l\u00fd l\u00e0nh ngh\u1ec1, \u0111\u1ed9i ng\u0169 thi\u1ebft k\u1ebf c\u01a1 kh\u00ed gi\u00e0u kinh nghi\u1ec7m v\u00e0 \u0111\u1ed9i ng\u0169 k\u1ef9 thu\u1eadt vi\u00ean \u0111\u01b0\u1ee3c \u0111\u00e0o t\u1ea1o b\u00e0i b\u1ea3n, c\u00f9ng nhau duy tr\u00ec ch\u1ea5t l\u01b0\u1ee3ng s\u1ea3n xu\u1ea5t \u1ed5n \u0111\u1ecbnh, \u0111\u1ed3ng th\u1eddi ki\u1ec3m so\u00e1t hi\u1ec7u qu\u1ea3 t\u00ednh li\u00ean t\u1ee5c v\u00e0 hi\u1ec7u qu\u1ea3 c\u1ee7a quy tr\u00ecnh.<\/p>\n<p>FMP duy tr\u00ec tri\u1ebft l\u00fd \u201c\u0110\u1ed5i m\u1edbi c\u00f4ng ngh\u1ec7 th\u00fac \u0111\u1ea9y ti\u1ebfn b\u1ed9, Ch\u1ea5t l\u01b0\u1ee3ng t\u1ea1o n\u00ean th\u01b0\u01a1ng hi\u1ec7u, Tay ngh\u1ec1 \u0111\u1ea3m b\u1ea3o ch\u1ea5t l\u01b0\u1ee3ng v\u00e0 X\u00e2y d\u1ef1ng m\u1ed1i quan h\u1ec7 \u0111\u00f4i b\u00ean c\u00f9ng c\u00f3 l\u1ee3i l\u00e2u d\u00e0i\u201d. Cam k\u1ebft cung c\u1ea5p s\u1ea3n ph\u1ea9m ch\u1ea5t l\u01b0\u1ee3ng cao v\u00e0 d\u1ecbch v\u1ee5 kh\u00e1ch h\u00e0ng v\u01b0\u1ee3t tr\u1ed9i v\u1eabn l\u00e0 m\u1ee5c ti\u00eau c\u1ed1t l\u00f5i khi ch\u00fang t\u00f4i ti\u1ebfp t\u1ee5c \u0111\u00e1p \u1ee9ng nhu c\u1ea7u ng\u00e0y c\u00e0ng thay \u0111\u1ed5i c\u1ee7a th\u1ecb tr\u01b0\u1eddng.<\/p>\n<p><img loading=\"lazy\" decoding=\"async\" class=\"alignnone size-full wp-image-426\" src=\"https:\/\/fmp-components.com\/wp-content\/uploads\/2024\/12\/Sanitation-Machinery-Locking-Hydraulic-Cylinder-factory.webp\" sizes=\"(min-width: 0px) and (max-width: 480px) 480px, (min-width: 481px) and (max-width: 980px) 980px, (min-width: 981px) and (max-width: 1280px) 1280px, (min-width: 1281px) 1414px, 100vw\" srcset=\"https:\/\/fmp-components.com\/wp-content\/uploads\/2024\/12\/Sanitation-Machinery-Locking-Hydraulic-Cylinder-factory.webp 1414w, https:\/\/fmp-components.com\/wp-content\/uploads\/2024\/12\/Sanitation-Machinery-Locking-Hydraulic-Cylinder-factory-1280x529.webp 1280w, https:\/\/fmp-components.com\/wp-content\/uploads\/2024\/12\/Sanitation-Machinery-Locking-Hydraulic-Cylinder-factory-980x405.webp 980w, https:\/\/fmp-components.com\/wp-content\/uploads\/2024\/12\/Sanitation-Machinery-Locking-Hydraulic-Cylinder-factory-480x198.webp 480w\" alt=\"Nh\u00e0 m\u00e1y xi lanh th\u1ee7y l\u1ef1c kh\u00f3a m\u00e1y v\u1ec7 sinh\" width=\"1414\" height=\"584\" title=\"\"><\/p>\n<p>T\u00e1c gi\u1ea3: CX<\/p>","protected":false},"excerpt":{"rendered":"<p>Xi lanh c\u0103ng c\u00e1p th\u00e9p gi\u00e0n khoan l\u00e0 m\u1ed9t b\u1ed9 ph\u1eadn th\u1ee7y l\u1ef1c quan tr\u1ecdng \u0111\u01b0\u1ee3c thi\u1ebft k\u1ebf \u0111\u1ec3 duy tr\u00ec \u0111\u1ed9 c\u0103ng t\u1ed1i \u01b0u c\u1ee7a c\u00e1p th\u00e9p trong qu\u00e1 tr\u00ecnh khoan. Xi lanh n\u00e0y cung c\u1ea5p l\u1ef1c c\u1ea7n thi\u1ebft \u0111\u1ec3 \u0111i\u1ec1u ch\u1ec9nh v\u00e0 \u1ed5n \u0111\u1ecbnh \u0111\u1ed9 c\u0103ng c\u1ee7a c\u00e1p th\u00e9p, \u0111\u1ea3m b\u1ea3o gi\u00e0n khoan ho\u1ea1t \u0111\u1ed9ng an to\u00e0n v\u00e0 hi\u1ec7u qu\u1ea3. \u0110\u01b0\u1ee3c ch\u1ebf t\u1ea1o t\u1eeb v\u1eadt li\u1ec7u c\u00f3 \u0111\u1ed9 b\u1ec1n cao, xi lanh n\u00e0y \u0111\u01b0\u1ee3c thi\u1ebft k\u1ebf \u0111\u1ec3 ch\u1ecbu \u0111\u01b0\u1ee3c c\u00e1c \u0111i\u1ec1u ki\u1ec7n kh\u1eafc nghi\u1ec7t v\u00e0 \u00e1p su\u1ea5t cao th\u01b0\u1eddng th\u1ea5y trong m\u00f4i tr\u01b0\u1eddng khoan, \u0111\u1ea3m b\u1ea3o \u0111\u1ed9 b\u1ec1n v\u00e0 \u0111\u1ed9 tin c\u1eady. Ho\u1ea1t \u0111\u1ed9ng th\u1ee7y l\u1ef1c m\u01b0\u1ee3t m\u00e0 cho ph\u00e9p \u0111i\u1ec1u ch\u1ec9nh ch\u00ednh x\u00e1c, n\u00e2ng cao hi\u1ec7u qu\u1ea3 v\u1eadn h\u00e0nh v\u00e0 an to\u00e0n trong qu\u00e1 tr\u00ecnh khoan. Xi lanh c\u0103ng c\u00e1p n\u00e0y r\u1ea5t c\u1ea7n thi\u1ebft \u0111\u1ec3 t\u1ed1i \u01b0u h\u00f3a hi\u1ec7u su\u1ea5t c\u1ee7a gi\u00e0n khoan, g\u00f3p ph\u1ea7n \u0111\u00e1ng k\u1ec3 v\u00e0o hi\u1ec7u qu\u1ea3 c\u1ee7a ho\u1ea1t \u0111\u1ed9ng khoan v\u00e0 t\u00ednh to\u00e0n v\u1eb9n t\u1ed5ng th\u1ec3 c\u1ee7a thi\u1ebft b\u1ecb.<\/p>","protected":false},"featured_media":749,"comment_status":"open","ping_status":"closed","template":"","meta":{"_et_pb_use_builder":"","_et_pb_old_content":"","_et_gb_content_width":""},"product_brand":[],"product_cat":[28],"product_tag":[],"class_list":{"0":"post-744","1":"product","2":"type-product","3":"status-publish","4":"has-post-thumbnail","6":"product_cat-offshore-hydraulic-cylinders","8":"first","9":"instock","10":"shipping-taxable","11":"product-type-simple"},"_links":{"self":[{"href":"https:\/\/fmp-components.com\/vi\/wp-json\/wp\/v2\/product\/744","targetHints":{"allow":["GET"]}}],"collection":[{"href":"https:\/\/fmp-components.com\/vi\/wp-json\/wp\/v2\/product"}],"about":[{"href":"https:\/\/fmp-components.com\/vi\/wp-json\/wp\/v2\/types\/product"}],"replies":[{"embeddable":true,"href":"https:\/\/fmp-components.com\/vi\/wp-json\/wp\/v2\/comments?post=744"}],"wp:featuredmedia":[{"embeddable":true,"href":"https:\/\/fmp-components.com\/vi\/wp-json\/wp\/v2\/media\/749"}],"wp:attachment":[{"href":"https:\/\/fmp-components.com\/vi\/wp-json\/wp\/v2\/media?parent=744"}],"wp:term":[{"taxonomy":"product_brand","embeddable":true,"href":"https:\/\/fmp-components.com\/vi\/wp-json\/wp\/v2\/product_brand?post=744"},{"taxonomy":"product_cat","embeddable":true,"href":"https:\/\/fmp-components.com\/vi\/wp-json\/wp\/v2\/product_cat?post=744"},{"taxonomy":"product_tag","embeddable":true,"href":"https:\/\/fmp-components.com\/vi\/wp-json\/wp\/v2\/product_tag?post=744"}],"curies":[{"name":"wp","href":"https:\/\/api.w.org\/{rel}","templated":true}]}}