{"id":7437,"date":"2025-03-26T06:16:07","date_gmt":"2025-03-26T06:16:07","guid":{"rendered":"https:\/\/fmp-components.com\/?post_type=product&#038;p=7437"},"modified":"2025-03-26T08:37:43","modified_gmt":"2025-03-26T08:37:43","slug":"nylon-spur-gears","status":"publish","type":"product","link":"https:\/\/fmp-components.com\/vi\/product\/nylon-spur-gears\/","title":{"rendered":"B\u00e1nh r\u0103ng Nylon Spur"},"content":{"rendered":"<h2>B\u00e1nh r\u0103ng Nylon Spur l\u00e0 g\u00ec?<\/h2>\n<p class=\"break-words\">Nylon <a href=\"https:\/\/fmp-components.com\/vi\/spur-gear-2\/\">B\u00e1nh r\u0103ng th\u1eb3ng<\/a> l\u00e0 m\u1ed9t lo\u1ea1i b\u00e1nh r\u0103ng nh\u1ef1a \u0111\u01b0\u1ee3c s\u1eed d\u1ee5ng r\u1ed9ng r\u00e3i trong nhi\u1ec1u ng\u00e0nh c\u00f4ng nghi\u1ec7p nh\u1edd nh\u1eefng \u0111\u1eb7c t\u00ednh v\u01b0\u1ee3t tr\u1ed9i. \u0110\u01b0\u1ee3c l\u00e0m t\u1eeb nh\u1ef1a k\u1ef9 thu\u1eadt nh\u01b0 MC Nylon (m\u1ed9t lo\u1ea1i nh\u1ef1a polyamide) v\u00e0 polyacetal (POM), nh\u1eefng b\u00e1nh r\u0103ng n\u00e0y c\u00f3 r\u0103ng th\u1eb3ng tr\u00ean b\u1ec1 m\u1eb7t h\u00ecnh tr\u1ee5, l\u00fd t\u01b0\u1edfng cho vi\u1ec7c truy\u1ec1n chuy\u1ec3n \u0111\u1ed9ng v\u00e0 l\u1ef1c gi\u1eefa c\u00e1c tr\u1ee5c song song. Nh\u1edd thi\u1ebft k\u1ebf nh\u1eb9, ch\u1ed1ng g\u1ec9 s\u00e9t v\u00e0 v\u1eadn h\u00e0nh \u00eam \u00e1i, ch\u00fang \u0111\u01b0\u1ee3c \u1ee9ng d\u1ee5ng r\u1ed9ng r\u00e3i trong c\u00e1c ng\u00e0nh c\u00f4ng nghi\u1ec7p nh\u01b0 s\u1ea3n xu\u1ea5t th\u1ef1c ph\u1ea9m, \u0111i\u1ec7n t\u1eed ti\u00eau d\u00f9ng, h\u00f3a ch\u1ea5t, \u0111\u1ed3 ch\u01a1i v\u00e0 thi\u1ebft b\u1ecb y t\u1ebf.<\/p>\n<p><img loading=\"lazy\" decoding=\"async\" class=\"size-full wp-image-7447 aligncenter\" src=\"https:\/\/fmp-components.com\/wp-content\/uploads\/2025\/03\/Nylon-Spur-Gears-2.webp\" alt=\"B\u00e1nh r\u0103ng Nylon-Spur-Gears\" width=\"1024\" height=\"800\" title=\"\" srcset=\"https:\/\/fmp-components.com\/wp-content\/uploads\/2025\/03\/Nylon-Spur-Gears-2.webp 1024w, https:\/\/fmp-components.com\/wp-content\/uploads\/2025\/03\/Nylon-Spur-Gears-2-980x766.webp 980w, https:\/\/fmp-components.com\/wp-content\/uploads\/2025\/03\/Nylon-Spur-Gears-2-480x375.webp 480w\" sizes=\"(min-width: 0px) and (max-width: 480px) 480px, (min-width: 481px) and (max-width: 980px) 980px, (min-width: 981px) 1024px, 100vw\" \/><\/p>\n<div>\n<h2>T\u1ea1i sao n\u00ean ch\u1ecdn b\u00e1nh r\u0103ng Nylon Spur?<\/h2>\n<h3>\u01afu \u0111i\u1ec3m ch\u00ednh<\/h3>\n<ul class=\"marker:text-secondary\">\n<li class=\"break-words\"><strong>Nh\u1eb9<\/strong>:So v\u1edbi b\u00e1nh r\u0103ng kim lo\u1ea1i, b\u00e1nh r\u0103ng Nylon Spur l\u00e0m gi\u1ea3m \u0111\u00e1ng k\u1ec3 tr\u1ecdng l\u01b0\u1ee3ng c\u1ee7a m\u00e1y m\u00f3c, n\u00e2ng cao hi\u1ec7u qu\u1ea3.<\/li>\n<li class=\"break-words\"><strong>Ch\u1ed1ng g\u1ec9<\/strong>:Kh\u00f4ng gi\u1ed1ng nh\u01b0 th\u00e9p, nylon kh\u00f4ng b\u1ecb \u0103n m\u00f2n, do \u0111\u00f3 r\u1ea5t l\u00fd t\u01b0\u1edfng cho m\u00f4i tr\u01b0\u1eddng \u1ea9m \u01b0\u1edbt ho\u1eb7c c\u00f3 t\u00ednh \u0103n m\u00f2n.<\/li>\n<li class=\"break-words\"><strong>Ho\u1ea1t \u0111\u1ed9ng y\u00ean t\u0129nh<\/strong>: Kh\u1ea3 n\u0103ng b\u00f4i tr\u01a1n t\u1ef1 nhi\u00ean c\u1ee7a ch\u00fang \u0111\u1ea3m b\u1ea3o ho\u1ea1t \u0111\u1ed9ng tr\u01a1n tru, kh\u00f4ng g\u00e2y ti\u1ebfng \u1ed3n, l\u00fd t\u01b0\u1edfng cho c\u00e1c thi\u1ebft b\u1ecb \u0111i\u1ec7n t\u1eed ti\u00eau d\u00f9ng ho\u1eb7c thi\u1ebft b\u1ecb y t\u1ebf.<\/li>\n<li class=\"break-words\"><strong>T\u1ef1 b\u00f4i tr\u01a1n<\/strong>: Nhi\u1ec1u b\u00e1nh r\u0103ng nylon ho\u1ea1t \u0111\u1ed9ng m\u00e0 kh\u00f4ng c\u1ea7n b\u00f4i tr\u01a1n b\u1ed5 sung khi k\u1ebft h\u1ee3p v\u1edbi b\u00e1nh r\u0103ng kim lo\u1ea1i, gi\u00fap gi\u1ea3m chi ph\u00ed b\u1ea3o tr\u00ec.<\/li>\n<li class=\"break-words\"><strong>Hi\u1ec7u qu\u1ea3 v\u1ec1 chi ph\u00ed<\/strong>: \u00c9p phun cho ph\u00e9p s\u1ea3n xu\u1ea5t quy m\u00f4 l\u1edbn v\u1edbi chi ph\u00ed th\u1ea5p h\u01a1n.<\/li>\n<\/ul>\n<h3>\u1ee8ng d\u1ee5ng tr\u00ean kh\u1eafp n\u01b0\u1edbc \u00dd<\/h3>\n<p class=\"break-words\">T\u1eeb c\u00e1c nh\u00e0 m\u00e1y ch\u1ebf bi\u1ebfn th\u1ef1c ph\u1ea9m \u1edf Milan \u0111\u1ebfn s\u1ea3n xu\u1ea5t \u0111\u1ed3 ch\u01a1i \u1edf Florence v\u00e0 s\u1ea3n xu\u1ea5t thi\u1ebft b\u1ecb y t\u1ebf \u1edf Bologna, b\u00e1nh r\u0103ng Nylon Spur l\u00e0 m\u1ed9t l\u1ef1a ch\u1ecdn \u0111a n\u0103ng. T\u1ea1i Venice, n\u01a1i kh\u00ed h\u1eadu \u1ea9m \u01b0\u1edbt l\u00e0 y\u1ebfu t\u1ed1 then ch\u1ed1t, \u0111\u1eb7c t\u00ednh ch\u1ed1ng g\u1ec9 s\u00e9t c\u1ee7a ch\u00fang t\u1ecf ra v\u01b0\u1ee3t tr\u1ed9i.<\/p>\n<h2>V\u1eadt li\u1ec7u \u0111\u1eb1ng sau ph\u00e9p thu\u1eadt<\/h2>\n<p class=\"break-words\">C\u00f4ng ty FMP s\u1eed d\u1ee5ng c\u00e1c lo\u1ea1i nh\u1ef1a hi\u1ec7u su\u1ea5t cao nh\u01b0:<\/p>\n<ul class=\"marker:text-secondary\">\n<li class=\"break-words\"><strong>MC Nylon<\/strong>: \u0110\u01b0\u1ee3c bi\u1ebft \u0111\u1ebfn v\u1edbi \u0111\u1ed9 b\u1ec1n v\u00e0 kh\u1ea3 n\u0103ng \u1ed5n \u0111\u1ecbnh nhi\u1ec7t cao, \u0111\u00e2y l\u00e0 s\u1ea3n ph\u1ea9m ch\u1ee7 l\u1ef1c trong d\u00f2ng PS v\u00e0 PSA ti\u00eau chu\u1ea9n c\u1ee7a ch\u00fang t\u00f4i.<\/li>\n<li class=\"break-words\"><strong>Copolymer Acetal (POM)<\/strong>: M\u1ed9t lo\u1ea1i nh\u1ef1a nhi\u1ec7t d\u1ebbo k\u1ebft tinh c\u00f3 kh\u1ea3 n\u0103ng ch\u1ed1ng h\u00f3a ch\u1ea5t v\u00e0 \u0111\u1ed9 b\u1ec1n tuy\u1ec7t v\u1eddi, \u0111\u01b0\u1ee3c s\u1eed d\u1ee5ng trong b\u00e1nh r\u0103ng tr\u1ee5 \u0111\u00fac c\u1ee7a ch\u00fang t\u00f4i.<\/li>\n<\/ul>\n<p class=\"break-words\">\u0110\u1ed1i v\u1edbi c\u00e1c \u1ee9ng d\u1ee5ng \u0111\u00f2i h\u1ecfi kh\u1eaft khe\u2014ch\u1eb3ng h\u1ea1n nh\u01b0 \u1ee9ng d\u1ee5ng c\u00f3 nhi\u1ec7t \u0111\u1ed9 thay \u0111\u1ed5i l\u1edbn ho\u1eb7c t\u1ea3i tr\u1ecdng n\u1eb7ng\u2014ch\u00fang t\u00f4i c\u00f3 th\u1ec3 k\u1ebft h\u1ee3p c\u00e1c tr\u1ee5c kim lo\u1ea1i (v\u00ed d\u1ee5: S45C ho\u1eb7c th\u00e9p kh\u00f4ng g\u1ec9) \u0111\u01b0\u1ee3c nung ch\u1ea3y ho\u1eb7c b\u1eaft v\u00edt v\u00e0o r\u0103ng nylon, \u0111\u1ea3m b\u1ea3o \u0111\u1ed9 b\u1ec1n m\u00e0 kh\u00f4ng l\u00e0m m\u1ea5t \u0111i l\u1ee3i \u00edch c\u1ee7a nh\u1ef1a.<\/p>\n<h3>T\u00ednh ch\u1ea5t c\u01a1 h\u1ecdc v\u00e0 nhi\u1ec7t<\/h3>\n<p class=\"break-words\">Sau \u0111\u00e2y l\u00e0 h\u00ecnh \u1ea3nh t\u00f3m t\u1eaft v\u1ec1 nh\u1eefng \u0111i\u1ec3m n\u1ed5i b\u1eadt c\u1ee7a c\u00e1c v\u1eadt li\u1ec7u n\u00e0y:<\/p>\n<div class=\"overflow-x-auto my-2\">\n<table style=\"width: 100%;\" border=\"1\" width=\"100%\" cellspacing=\"0\" cellpadding=\"0\">\n<thead class=\"border-b border-primary\/20\">\n<tr class=\"border-primary\/10\">\n<th class=\"break-words\"><strong>T\u00e0i s\u1ea3n<\/strong><\/th>\n<th class=\"break-words\"><strong>MC Nylon<\/strong><\/th>\n<th class=\"break-words\"><strong>\u0110\u1ed3ng tr\u00f9ng h\u1ee3p Acetal<\/strong><\/th>\n<\/tr>\n<\/thead>\n<tbody>\n<tr class=\"border-primary\/10\">\n<td class=\"break-words\"><strong>\u0110\u1ed9 b\u1ec1n k\u00e9o<\/strong><\/td>\n<td class=\"break-words\">Cao<\/td>\n<td class=\"break-words\">V\u1eeba ph\u1ea3i<\/td>\n<\/tr>\n<tr class=\"border-primary\/10\">\n<td class=\"break-words\"><strong>S\u1ef1 gi\u00e3n n\u1edf v\u00ec nhi\u1ec7t<\/strong><\/td>\n<td class=\"break-words\">9\u00d710\u207b\u2075 \/\u00b0C<\/td>\n<td class=\"break-words\">Th\u1ea5p h\u01a1n Nylon<\/td>\n<\/tr>\n<tr class=\"border-primary\/10\">\n<td class=\"break-words\"><strong>Kh\u00e1ng h\u00f3a ch\u1ea5t<\/strong><\/td>\n<td class=\"break-words\">Xu\u1ea5t s\u1eafc<\/td>\n<td class=\"break-words\">Xu\u1ea5t s\u1eafc<\/td>\n<\/tr>\n<tr class=\"border-primary\/10\">\n<td class=\"break-words\"><strong>S\u1ef1 h\u1ea5p th\u1ee5 n\u01b0\u1edbc<\/strong><\/td>\n<td class=\"break-words\">Cao h\u01a1n<\/td>\n<td class=\"break-words\">Th\u1ea5p h\u01a1n<\/td>\n<\/tr>\n<\/tbody>\n<\/table>\n<\/div>\n<p class=\"break-words\"><em>Ghi ch\u00fa<\/em>: D\u1eef li\u1ec7u c\u1ee7a MC Nylon d\u1ef1a tr\u00ean \u0111i\u1ec1u ki\u1ec7n kh\u00f4; \u0111\u1ed9 b\u1ec1n gi\u1ea3m khi nhi\u1ec7t \u0111\u1ed9 t\u0103ng ho\u1eb7c h\u1ea5p th\u1ee5 \u0111\u1ed9 \u1ea9m.<\/p>\n<div>\n<h4>V\u00ed d\u1ee5 v\u1ec1 thay \u0111\u1ed5i k\u00edch th\u01b0\u1edbc<\/h4>\n<p class=\"break-words\">H\u00e3y xem x\u00e9t m\u1ed9t thanh r\u0103ng MC Nylon (d\u00e0i 1010 mm) \u1edf nhi\u1ec7t \u0111\u1ed9 20\u00b0C. N\u1ebfu nhi\u1ec7t \u0111\u1ed9 t\u0103ng l\u00ean 40\u00b0C:<\/p>\n<ul class=\"marker:text-secondary\">\n<li class=\"break-words\"><strong>H\u1ec7 s\u1ed1 gi\u00e3n n\u1edf tuy\u1ebfn t\u00ednh<\/strong>: 9\u00d710\u207b\u2075 \/\u00b0C<\/li>\n<li class=\"break-words\"><strong>T\u00ednh to\u00e1n<\/strong>: Thay \u0111\u1ed5i k\u00edch th\u01b0\u1edbc = 9\u00d710\u207b\u2075 \u00d7 1010 mm \u00d7 20\u00b0C = 1,818 mm<\/li>\n<\/ul>\n<p class=\"break-words\">S\u1ef1 k\u00e9o d\u00e0i n\u00e0y l\u00e0m n\u1ed5i b\u1eadt nhu c\u1ea7u ph\u1ea3i t\u00ednh \u0111\u1ebfn c\u00e1c t\u00e1c \u0111\u1ed9ng v\u1ec1 nhi\u1ec7t v\u00e0 \u0111\u1ed9 \u1ea9m trong thi\u1ebft k\u1ebf - m\u1ed9t v\u1ea5n \u0111\u1ec1 m\u00e0 c\u00e1c k\u1ef9 s\u01b0 c\u1ee7a FMP \u0111\u00e3 x\u1eed l\u00fd m\u1ed9t c\u00e1ch chuy\u00ean nghi\u1ec7p.<\/p>\n<div>\n<h2>C\u00f4ng ty FMP: Chuy\u00ean gia v\u1ec1 b\u00e1nh r\u0103ng Nylon Spur c\u1ee7a b\u1ea1n<\/h2>\n<p class=\"break-words\">T\u1ea1i <strong>C\u00f4ng ty FMP<\/strong>Ch\u00fang t\u00f4i chuy\u00ean s\u1ea3n xu\u1ea5t nhi\u1ec1u lo\u1ea1i b\u00e1nh r\u0103ng Nylon Spur \u0111\u1ec3 \u0111\u00e1p \u1ee9ng nhu c\u1ea7u \u0111a d\u1ea1ng tr\u00ean kh\u1eafp n\u01b0\u1edbc \u00dd v\u00e0 nhi\u1ec1u n\u01a1i kh\u00e1c. C\u00e1c s\u1ea3n ph\u1ea9m c\u1ee7a ch\u00fang t\u00f4i bao g\u1ed3m:<\/p>\n<ul class=\"marker:text-secondary\">\n<li class=\"break-words\"><strong>D\u00f2ng DSL<\/strong>: D\u1ec5 d\u00e0ng l\u1eafp b\u00e1nh r\u0103ng v\u00e0 tr\u1ee5c.<\/li>\n<li class=\"break-words\"><strong>D\u00f2ng NSU &amp; PU<\/strong>: R\u0103ng nylon c\u00f3 l\u00f5i kim lo\u1ea1i gi\u00fap t\u0103ng c\u01b0\u1eddng \u0111\u1ed9 b\u1ec1n v\u00e0 d\u1ec5 gia c\u00f4ng.<\/li>\n<li class=\"break-words\"><strong>D\u00f2ng PS &amp; PSA<\/strong>: T\u00f9y ch\u1ecdn MC Nylon ti\u00eau chu\u1ea9n, v\u1edbi PSA c\u00f3 thi\u1ebft k\u1ebf kh\u00f4ng c\u00f3 g\u1edd.<\/li>\n<li class=\"break-words\"><strong>D\u00f2ng DS<\/strong>: B\u00e1nh r\u0103ng c\u00f3 \u0111\u1ed9 b\u1ec1n th\u1ea5p, ti\u1ebft ki\u1ec7m chi ph\u00ed th\u00f4ng qua ph\u01b0\u01a1ng ph\u00e1p \u0111\u00fac phun.<\/li>\n<\/ul>\n<h3>Gi\u1ea3i ph\u00e1p t\u00f9y ch\u1ec9nh<\/h3>\n<p class=\"break-words\">Kh\u00f4ng t\u00ecm th\u1ea5y m\u1eabu b\u1ea1n c\u1ea7n trong danh m\u1ee5c c\u1ee7a ch\u00fang t\u00f4i? Kh\u00f4ng v\u1ea5n \u0111\u1ec1 g\u00ec! C\u00f4ng ty FMP chuy\u00ean nh\u1eadn \u0111\u1eb7t h\u00e0ng theo y\u00eau c\u1ea7u. D\u00f9 b\u1ea1n \u0111ang \u1edf Milan thi\u1ebft k\u1ebf thi\u1ebft b\u1ecb \u0111i\u1ec7n t\u1eed ti\u00eau d\u00f9ng hay \u1edf Venice ch\u1ebf t\u1ea1o thi\u1ebft b\u1ecb h\u00f3a ch\u1ea5t, ch\u00fang t\u00f4i \u0111\u1ec1u c\u00f3 th\u1ec3 s\u1ea3n xu\u1ea5t b\u00e1nh r\u0103ng theo y\u00eau c\u1ea7u c\u1ee7a b\u1ea1n. N\u1ebfu m\u1eabu kh\u00f4ng c\u00f3 trong danh s\u00e1ch, \u0111i\u1ec1u \u0111\u00f3 c\u00f3 ngh\u0129a l\u00e0 ch\u00fang t\u00f4i ch\u01b0a t\u1ea3i l\u00ean. Vui l\u00f2ng g\u1eedi email cho ch\u00fang t\u00f4i theo \u0111\u1ecba ch\u1ec9 <a href=\"mailto:info@fmpcomponents.it\">info@fmpcomponents.it<\/a> v\u1edbi y\u00eau c\u1ea7u c\u1ee7a b\u1ea1n v\u00e0 c\u00e1c k\u1ef9 s\u01b0 c\u1ee7a ch\u00fang t\u00f4i s\u1ebd ph\u1ea3n h\u1ed3i trong v\u00f2ng <strong>24 gi\u1edd<\/strong> v\u1edbi m\u1ed9t gi\u1ea3i ph\u00e1p.<\/p>\n<table style=\"border-collapse: collapse; width: 99.375%; height: 66px;\" border=\"0\" width=\"240\" cellspacing=\"0\" cellpadding=\"0\">\n<tbody>\n<tr style=\"height: 14.40pt;\">\n<td style=\"height: 14.40pt; width: 48.00pt;\" align=\"right\" width=\"80\" height=\"24\"><img loading=\"lazy\" decoding=\"async\" class=\"alignnone size-full wp-image-7448\" src=\"https:\/\/fmp-components.com\/wp-content\/uploads\/2025\/03\/nylon-spur-gear-5.webp\" alt=\"b\u00e1nh r\u0103ng th\u1eb3ng b\u1eb1ng nylon\" width=\"768\" height=\"768\" title=\"\" srcset=\"https:\/\/fmp-components.com\/wp-content\/uploads\/2025\/03\/nylon-spur-gear-5.webp 768w, https:\/\/fmp-components.com\/wp-content\/uploads\/2025\/03\/nylon-spur-gear-5-480x480.webp 480w\" sizes=\"(min-width: 0px) and (max-width: 480px) 480px, (min-width: 481px) 768px, 100vw\" \/><\/td>\n<td style=\"width: 48.00pt;\" align=\"right\" width=\"80\"><img loading=\"lazy\" decoding=\"async\" class=\"alignnone size-full wp-image-7449\" src=\"https:\/\/fmp-components.com\/wp-content\/uploads\/2025\/03\/nylon-spur-gear-6.webp\" alt=\"b\u00e1nh r\u0103ng th\u1eb3ng b\u1eb1ng nylon\" width=\"750\" height=\"750\" title=\"\" srcset=\"https:\/\/fmp-components.com\/wp-content\/uploads\/2025\/03\/nylon-spur-gear-6.webp 750w, https:\/\/fmp-components.com\/wp-content\/uploads\/2025\/03\/nylon-spur-gear-6-480x480.webp 480w\" sizes=\"(min-width: 0px) and (max-width: 480px) 480px, (min-width: 481px) 750px, 100vw\" \/><\/td>\n<td style=\"width: 48.00pt;\" align=\"right\" width=\"80\"><img loading=\"lazy\" decoding=\"async\" class=\"alignnone size-full wp-image-7450\" src=\"https:\/\/fmp-components.com\/wp-content\/uploads\/2025\/03\/nylon-spur-gear-7.webp\" alt=\"b\u00e1nh r\u0103ng th\u1eb3ng b\u1eb1ng nylon\" width=\"540\" height=\"540\" title=\"\" srcset=\"https:\/\/fmp-components.com\/wp-content\/uploads\/2025\/03\/nylon-spur-gear-7.webp 540w, https:\/\/fmp-components.com\/wp-content\/uploads\/2025\/03\/nylon-spur-gear-7-480x480.webp 480w\" sizes=\"(min-width: 0px) and (max-width: 480px) 480px, (min-width: 481px) 540px, 100vw\" \/><\/td>\n<\/tr>\n<\/tbody>\n<\/table>\n<\/div>\n<\/div>\n<\/div>","protected":false},"excerpt":{"rendered":"<p>What Are Nylon Spur Gears? Nylon Spur Gears are a type of plastic gear widely used across industries for their exceptional properties. Made from engineering plastics like MC Nylon (a polyamide resin) and polyacetal (POM), these gears feature straight teeth on a cylindrical surface, making them ideal for transmitting motion and power between parallel shafts. [&hellip;]<\/p>","protected":false},"featured_media":7445,"comment_status":"open","ping_status":"closed","template":"","meta":{"_et_pb_use_builder":"","_et_pb_old_content":"","_et_gb_content_width":""},"product_brand":[],"product_cat":[109],"product_tag":[],"class_list":{"0":"post-7437","1":"product","2":"type-product","3":"status-publish","4":"has-post-thumbnail","6":"product_cat-spur-gear","8":"first","9":"instock","10":"shipping-taxable","11":"product-type-simple"},"_links":{"self":[{"href":"https:\/\/fmp-components.com\/vi\/wp-json\/wp\/v2\/product\/7437","targetHints":{"allow":["GET"]}}],"collection":[{"href":"https:\/\/fmp-components.com\/vi\/wp-json\/wp\/v2\/product"}],"about":[{"href":"https:\/\/fmp-components.com\/vi\/wp-json\/wp\/v2\/types\/product"}],"replies":[{"embeddable":true,"href":"https:\/\/fmp-components.com\/vi\/wp-json\/wp\/v2\/comments?post=7437"}],"wp:featuredmedia":[{"embeddable":true,"href":"https:\/\/fmp-components.com\/vi\/wp-json\/wp\/v2\/media\/7445"}],"wp:attachment":[{"href":"https:\/\/fmp-components.com\/vi\/wp-json\/wp\/v2\/media?parent=7437"}],"wp:term":[{"taxonomy":"product_brand","embeddable":true,"href":"https:\/\/fmp-components.com\/vi\/wp-json\/wp\/v2\/product_brand?post=7437"},{"taxonomy":"product_cat","embeddable":true,"href":"https:\/\/fmp-components.com\/vi\/wp-json\/wp\/v2\/product_cat?post=7437"},{"taxonomy":"product_tag","embeddable":true,"href":"https:\/\/fmp-components.com\/vi\/wp-json\/wp\/v2\/product_tag?post=7437"}],"curies":[{"name":"wp","href":"https:\/\/api.w.org\/{rel}","templated":true}]}}