{"id":7435,"date":"2025-03-26T05:47:29","date_gmt":"2025-03-26T05:47:29","guid":{"rendered":"https:\/\/fmp-components.com\/?post_type=product&#038;p=7435"},"modified":"2025-03-26T08:37:19","modified_gmt":"2025-03-26T08:37:19","slug":"plastic-double-spur-gear","status":"publish","type":"product","link":"https:\/\/fmp-components.com\/vi\/product\/plastic-double-spur-gear\/","title":{"rendered":"B\u00e1nh r\u0103ng k\u00e9p b\u1eb1ng nh\u1ef1a"},"content":{"rendered":"<div>\n<h2>B\u00e1nh r\u0103ng tr\u1ee5 \u0111\u00f4i b\u1eb1ng nh\u1ef1a ch\u1ea5t l\u01b0\u1ee3ng cao d\u00e0nh cho c\u00e1c ng\u00e0nh c\u00f4ng nghi\u1ec7p \u00dd.<\/h2>\n<p class=\"break-words\">B\u00e1nh r\u0103ng tr\u1ee5 \u0111\u00f4i b\u1eb1ng nh\u1ef1a l\u00e0 th\u00e0nh ph\u1ea7n thi\u1ebft y\u1ebfu trong nhi\u1ec1u lo\u1ea1i m\u00e1y m\u00f3c, t\u1eeb thi\u1ebft b\u1ecb c\u00f4ng nghi\u1ec7p \u0111\u1ebfn c\u00e1c s\u1ea3n ph\u1ea9m ti\u00eau d\u00f9ng. Nh\u1eefng b\u00e1nh r\u0103ng n\u00e0y, n\u1ed5i ti\u1ebfng v\u1ec1 \u0111\u1ed9 b\u1ec1n, \u0111\u1ed9 ch\u00ednh x\u00e1c v\u00e0 hi\u1ec7u qu\u1ea3, \u0111\u00f3ng vai tr\u00f2 quan tr\u1ecdng trong vi\u1ec7c \u0111\u1ea3m b\u1ea3o ho\u1ea1t \u0111\u1ed9ng c\u01a1 kh\u00ed tr\u01a1n tru. T\u1ea1i C\u00f4ng ty FMP, ch\u00fang t\u00f4i chuy\u00ean s\u1ea3n xu\u1ea5t b\u00e1nh r\u0103ng tr\u1ee5 \u0111\u00f4i b\u1eb1ng nh\u1ef1a ch\u1ea5t l\u01b0\u1ee3ng cao. <a href=\"https:\/\/fmp-components.com\/vi\/spur-gear-2\/\">B\u00e1nh r\u0103ng th\u1eb3ng<\/a>FMP cung c\u1ea5p nhi\u1ec1u m\u1eabu m\u00e3 ti\u00eau chu\u1ea9n v\u00e0 gi\u1ea3i ph\u00e1p t\u00f9y ch\u1ec9nh \u0111\u1ec3 \u0111\u00e1p \u1ee9ng nhu c\u1ea7u ri\u00eang bi\u1ec7t c\u1ee7a c\u00e1c doanh nghi\u1ec7p tr\u00ean kh\u1eafp n\u01b0\u1edbc \u00dd. Cho d\u00f9 b\u1ea1n \u0111\u1eb7t tr\u1ee5 s\u1edf t\u1ea1i c\u00e1c trung t\u00e2m c\u00f4ng nghi\u1ec7p nh\u1ed9n nh\u1ecbp c\u1ee7a Milan, nh\u1eefng con ph\u1ed1 l\u1ecbch s\u1eed c\u1ee7a Florence, tr\u00e1i tim v\u0103n h\u00f3a c\u1ee7a Venice hay c\u00e1c trung t\u00e2m \u0111\u1ed5i m\u1edbi c\u1ee7a Bologna, FMP lu\u00f4n l\u00e0 \u0111\u1ed1i t\u00e1c \u0111\u00e1ng tin c\u1eady c\u1ee7a b\u1ea1n trong vi\u1ec7c cung c\u1ea5p c\u00e1c gi\u1ea3i ph\u00e1p thi\u1ebft b\u1ecb hi\u1ec7u qu\u1ea3 v\u00e0 \u0111\u00e1ng tin c\u1eady.<\/p>\n<h3>B\u00e1nh r\u0103ng tr\u1ee5 k\u00e9p b\u1eb1ng nh\u1ef1a l\u00e0 g\u00ec?<\/h3>\n<p class=\"break-words\">B\u00e1nh r\u0103ng tr\u1ee5 k\u00e9p b\u1eb1ng nh\u1ef1a l\u00e0 m\u1ed9t lo\u1ea1i h\u1ec7 th\u1ed1ng b\u00e1nh r\u0103ng bao g\u1ed3m hai b\u00e1nh r\u0103ng tr\u1ee5 song song \u0111\u01b0\u1ee3c l\u1eafp tr\u00ean m\u1ed9t tr\u1ee5c duy nh\u1ea5t. Ch\u00fang \u0111\u01b0\u1ee3c thi\u1ebft k\u1ebf \u0111\u1ec3 truy\u1ec1n chuy\u1ec3n \u0111\u1ed9ng v\u00e0 c\u00f4ng su\u1ea5t gi\u1eefa c\u00e1c tr\u1ee5c song song, cung c\u1ea5p kh\u1ea3 n\u0103ng truy\u1ec1n m\u00f4-men xo\u1eafn m\u01b0\u1ee3t m\u00e0 v\u00e0 hi\u1ec7u qu\u1ea3. \u0110\u01b0\u1ee3c l\u00e0m t\u1eeb v\u1eadt li\u1ec7u nh\u1ef1a cao c\u1ea5p, c\u00e1c b\u00e1nh r\u0103ng n\u00e0y mang l\u1ea1i m\u1ed9t s\u1ed1 \u01b0u \u0111i\u1ec3m so v\u1edbi b\u00e1nh r\u0103ng kim lo\u1ea1i truy\u1ec1n th\u1ed1ng, bao g\u1ed3m tr\u1ecdng l\u01b0\u1ee3ng nh\u1eb9 h\u01a1n, kh\u1ea3 n\u0103ng ch\u1ed1ng \u0103n m\u00f2n v\u00e0 ho\u1ea1t \u0111\u1ed9ng \u00eam \u00e1i h\u01a1n. T\u00ednh linh ho\u1ea1t c\u1ee7a ch\u00fang l\u00e0m cho ch\u00fang tr\u1edf n\u00ean l\u00fd t\u01b0\u1edfng cho nhi\u1ec1u \u1ee9ng d\u1ee5ng kh\u00e1c nhau, ch\u1eb3ng h\u1ea1n nh\u01b0 h\u1ec7 th\u1ed1ng \u00f4 t\u00f4, robot, thi\u1ebft b\u1ecb y t\u1ebf v\u00e0 thi\u1ebft b\u1ecb gia d\u1ee5ng.<\/p>\n<table style=\"border-collapse: collapse; width: 102.903%; height: 10px;\" border=\"0\" width=\"160\" cellspacing=\"0\" cellpadding=\"0\">\n<tbody>\n<tr style=\"height: 14.40pt;\">\n<td style=\"height: 10px; width: 48pt;\" align=\"right\" width=\"80\" height=\"24\"><img loading=\"lazy\" decoding=\"async\" class=\"size-full wp-image-7441 alignnone\" src=\"https:\/\/fmp-components.com\/wp-content\/uploads\/2025\/03\/Plastic-Double-Spur-Gear-6.webp\" alt=\"B\u00e1nh r\u0103ng \u0111\u00f4i b\u1eb1ng nh\u1ef1a\" width=\"1000\" height=\"1000\" title=\"\" srcset=\"https:\/\/fmp-components.com\/wp-content\/uploads\/2025\/03\/Plastic-Double-Spur-Gear-6.webp 1000w, https:\/\/fmp-components.com\/wp-content\/uploads\/2025\/03\/Plastic-Double-Spur-Gear-6-980x980.webp 980w, https:\/\/fmp-components.com\/wp-content\/uploads\/2025\/03\/Plastic-Double-Spur-Gear-6-480x480.webp 480w\" sizes=\"(min-width: 0px) and (max-width: 480px) 480px, (min-width: 481px) and (max-width: 980px) 980px, (min-width: 981px) 1000px, 100vw\" \/><\/td>\n<td style=\"width: 48pt; height: 10px;\" align=\"right\" width=\"80\"><img loading=\"lazy\" decoding=\"async\" class=\"size-full wp-image-7440 aligncenter\" src=\"https:\/\/fmp-components.com\/wp-content\/uploads\/2025\/03\/Plastic-Double-Spur-Gear-5.webp\" alt=\"B\u00e1nh r\u0103ng \u0111\u00f4i b\u1eb1ng nh\u1ef1a\" width=\"1000\" height=\"1000\" title=\"\" srcset=\"https:\/\/fmp-components.com\/wp-content\/uploads\/2025\/03\/Plastic-Double-Spur-Gear-5.webp 1000w, https:\/\/fmp-components.com\/wp-content\/uploads\/2025\/03\/Plastic-Double-Spur-Gear-5-980x980.webp 980w, https:\/\/fmp-components.com\/wp-content\/uploads\/2025\/03\/Plastic-Double-Spur-Gear-5-480x480.webp 480w\" sizes=\"(min-width: 0px) and (max-width: 480px) 480px, (min-width: 481px) and (max-width: 980px) 980px, (min-width: 981px) 1000px, 100vw\" \/><\/td>\n<\/tr>\n<\/tbody>\n<\/table>\n<div>\n<h3>C\u00f4ng ty FMP: \u0110\u1ed1i t\u00e1c \u0111\u00e1ng tin c\u1eady c\u1ee7a b\u1ea1n v\u1ec1 b\u00e1nh r\u0103ng tr\u1ee5 \u0111\u00f4i b\u1eb1ng nh\u1ef1a<\/h3>\n<p class=\"break-words\">T\u1ea1i C\u00f4ng ty FMP, ch\u00fang t\u00f4i t\u1ef1 h\u00e0o l\u00e0 nh\u00e0 s\u1ea3n xu\u1ea5t h\u00e0ng \u0111\u1ea7u v\u1ec1 b\u00e1nh r\u0103ng tr\u1ee5 \u0111\u00f4i b\u1eb1ng nh\u1ef1a. V\u1edbi nhi\u1ec1u n\u0103m kinh nghi\u1ec7m v\u00e0 cam k\u1ebft \u0111\u1ed5i m\u1edbi, ch\u00fang t\u00f4i s\u1ea3n xu\u1ea5t c\u00e1c b\u00e1nh r\u0103ng \u0111\u00e1p \u1ee9ng c\u00e1c ti\u00eau chu\u1ea9n cao nh\u1ea5t v\u1ec1 ch\u1ea5t l\u01b0\u1ee3ng v\u00e0 hi\u1ec7u su\u1ea5t. D\u00f2ng s\u1ea3n ph\u1ea9m c\u1ee7a ch\u00fang t\u00f4i bao g\u1ed3m nhi\u1ec1u lo\u1ea1i b\u00e1nh r\u0103ng tr\u1ee5 \u0111\u00f4i b\u1eb1ng nh\u1ef1a ti\u00eau chu\u1ea9n, \u0111\u01b0\u1ee3c thi\u1ebft k\u1ebf \u0111\u1ec3 l\u1eafp \u0111\u1eb7t ho\u00e0n h\u1ea3o v\u00e0o m\u00e1y m\u00f3c hi\u1ec7n c\u00f3 c\u1ee7a b\u1ea1n. M\u1ed7i b\u00e1nh r\u0103ng \u0111\u01b0\u1ee3c ch\u1ebf t\u1ea1o ch\u00ednh x\u00e1c, \u0111\u1ea3m b\u1ea3o ch\u1ee9c n\u0103ng t\u1ed1i \u01b0u v\u00e0 \u0111\u1ed9 b\u1ec1n l\u00e2u d\u00e0i.<\/p>\n<p class=\"break-words\">S\u1ef1 t\u1eadn t\u00e2m c\u1ee7a ch\u00fang t\u00f4i \u0111\u1ed1i v\u1edbi ch\u1ea5t l\u01b0\u1ee3ng v\u01b0\u1ee3t xa nh\u1eefng s\u1ea3n ph\u1ea9m ti\u00eau chu\u1ea9n. Ch\u00fang t\u00f4i hi\u1ec3u r\u1eb1ng m\u1ed7i doanh nghi\u1ec7p \u0111\u1ec1u c\u00f3 nh\u1eefng y\u00eau c\u1ea7u ri\u00eang bi\u1ec7t, \u0111\u00f3 l\u00e0 l\u00fd do t\u1ea1i sao ch\u00fang t\u00f4i c\u0169ng chuy\u00ean v\u1ec1 c\u00e1c gi\u1ea3i ph\u00e1p b\u00e1nh r\u0103ng t\u00f9y ch\u1ec9nh. Cho d\u00f9 b\u1ea1n c\u1ea7n k\u00edch th\u01b0\u1edbc, v\u1eadt li\u1ec7u ho\u1eb7c c\u1ea5u h\u00ecnh c\u1ee5 th\u1ec3, \u0111\u1ed9i ng\u0169 k\u1ef9 s\u01b0 l\u00e0nh ngh\u1ec1 c\u1ee7a ch\u00fang t\u00f4i lu\u00f4n s\u1eb5n s\u00e0ng thi\u1ebft k\u1ebf v\u00e0 s\u1ea3n xu\u1ea5t b\u00e1nh r\u0103ng tr\u1ee5 \u0111\u00f4i b\u1eb1ng nh\u1ef1a ph\u00f9 h\u1ee3p v\u1edbi th\u00f4ng s\u1ed1 k\u1ef9 thu\u1eadt ch\u00ednh x\u00e1c c\u1ee7a b\u1ea1n.<\/p>\n<h3>Gi\u1ea3i ph\u00e1p t\u00f9y ch\u1ec9nh cho nhu c\u1ea7u ri\u00eang bi\u1ec7t c\u1ee7a b\u1ea1n<\/h3>\n<p class=\"break-words\">M\u1ed9t trong nh\u1eefng \u01b0u \u0111i\u1ec3m ch\u00ednh khi l\u1ef1a ch\u1ecdn C\u00f4ng ty FMP l\u00e0 kh\u1ea3 n\u0103ng nh\u1eadn \u0111\u01a1n \u0111\u1eb7t h\u00e0ng theo y\u00eau c\u1ea7u. Ch\u00fang t\u00f4i hi\u1ec3u r\u1eb1ng kh\u00f4ng ph\u1ea3i t\u1ea5t c\u1ea3 m\u00e1y m\u00f3c \u0111\u1ec1u c\u00f3 th\u1ec3 s\u1eed d\u1ee5ng c\u00e1c linh ki\u1ec7n c\u00f3 s\u1eb5n, \u0111\u1eb7c bi\u1ec7t l\u00e0 trong c\u00e1c ng\u00e0nh c\u00f4ng nghi\u1ec7p chuy\u00ean bi\u1ec7t. B\u00e1nh r\u0103ng tr\u1ee5 \u0111\u00f4i b\u1eb1ng nh\u1ef1a do ch\u00fang t\u00f4i thi\u1ebft k\u1ebf theo y\u00eau c\u1ea7u ri\u00eang \u0111\u01b0\u1ee3c ch\u1ebf t\u1ea1o \u0111\u1ec3 \u0111\u00e1p \u1ee9ng ch\u00ednh x\u00e1c nhu c\u1ea7u c\u1ee7a thi\u1ebft b\u1ecb c\u1ee7a b\u1ea1n, \u0111\u1ea3m b\u1ea3o hi\u1ec7u qu\u1ea3 v\u00e0 hi\u1ec7u su\u1ea5t t\u1ed1i \u0111a.<\/p>\n<p class=\"break-words\">Khi l\u1ef1a ch\u1ecdn c\u00e1c thi\u1ebft b\u1ecb t\u00f9y ch\u1ec9nh t\u1eeb FMP, b\u1ea1n s\u1ebd \u0111\u01b0\u1ee3c h\u01b0\u1edfng l\u1ee3i t\u1eeb:<\/p>\n<ul class=\"marker:text-secondary\">\n<li class=\"break-words\"><strong>Thi\u1ebft k\u1ebf theo y\u00eau c\u1ea7u<\/strong>C\u00e1c b\u00e1nh r\u0103ng \u0111\u01b0\u1ee3c thi\u1ebft k\u1ebf ph\u00f9 h\u1ee3p v\u1edbi \u1ee9ng d\u1ee5ng c\u1ee5 th\u1ec3 c\u1ee7a b\u1ea1n.<\/li>\n<li class=\"break-words\"><strong>V\u1eadt li\u1ec7u hi\u1ec7u su\u1ea5t cao<\/strong>L\u1ef1a ch\u1ecdn nh\u1eefng v\u1eadt li\u1ec7u nh\u1ef1a t\u1ed1t nh\u1ea5t v\u1ec1 \u0111\u1ed9 b\u1ec1n v\u00e0 \u0111\u1ed9 ch\u1eafc ch\u1eafn.<\/li>\n<li class=\"break-words\"><strong>S\u1ea3n xu\u1ea5t ch\u00ednh x\u00e1c<\/strong>\u00c1p d\u1ee5ng c\u00e1c k\u1ef9 thu\u1eadt s\u1ea3n xu\u1ea5t hi\u1ec7n \u0111\u1ea1i nh\u1ea5t \u0111\u1ec3 \u0111\u1ea1t \u0111\u1ed9 ch\u00ednh x\u00e1c tuy\u1ec7t \u0111\u1ed1i.<\/li>\n<li class=\"break-words\"><strong>H\u1ed7 tr\u1ee3 chuy\u00ean gia<\/strong>Ph\u1ed1i h\u1ee3p ch\u1eb7t ch\u1ebd v\u1edbi \u0111\u1ed9i ng\u0169 k\u1ef9 thu\u1eadt c\u1ee7a ch\u00fang t\u00f4i \u0111\u1ec3 \u0111\u1ea3m b\u1ea3o thi\u1ebft b\u1ecb c\u1ee7a b\u1ea1n \u0111\u00e1p \u1ee9ng m\u1ecdi y\u00eau c\u1ea7u.<\/li>\n<\/ul>\n<p class=\"break-words\">D\u00f9 b\u1ea1n \u0111ang ho\u1ea1t \u0111\u1ed9ng trong l\u0129nh v\u1ef1c \u00f4 t\u00f4 \u1edf Milan, c\u00e1c nh\u00e0 m\u00e1y s\u1ea3n xu\u1ea5t \u1edf Venice, c\u00e1c x\u01b0\u1edfng c\u01a1 kh\u00ed ch\u00ednh x\u00e1c \u1edf Florence hay ng\u00e0nh c\u00f4ng nghi\u1ec7p robot \u1edf Bologna, c\u00e1c gi\u1ea3i ph\u00e1p t\u00f9y ch\u1ec9nh c\u1ee7a FMP \u0111\u1ec1u \u0111\u01b0\u1ee3c thi\u1ebft k\u1ebf \u0111\u1ec3 n\u00e2ng cao hi\u1ec7u qu\u1ea3 ho\u1ea1t \u0111\u1ed9ng c\u1ee7a b\u1ea1n.<\/p>\n<table style=\"border-collapse: collapse; width: 99.25%; height: 28px;\" border=\"0\" width=\"160\" cellspacing=\"0\" cellpadding=\"0\">\n<tbody>\n<tr style=\"height: 14.40pt;\">\n<td style=\"height: 14px; width: 48pt;\" align=\"right\" width=\"80\" height=\"24\"><img loading=\"lazy\" decoding=\"async\" class=\"size-full wp-image-7442 aligncenter\" src=\"https:\/\/fmp-components.com\/wp-content\/uploads\/2025\/03\/Double-Plastic-Spur-Gear-Plastic-2.webp\" alt=\"B\u00e1nh r\u0103ng \u0111\u00f4i b\u1eb1ng nh\u1ef1a\" width=\"700\" height=\"525\" title=\"\" srcset=\"https:\/\/fmp-components.com\/wp-content\/uploads\/2025\/03\/Double-Plastic-Spur-Gear-Plastic-2.webp 700w, https:\/\/fmp-components.com\/wp-content\/uploads\/2025\/03\/Double-Plastic-Spur-Gear-Plastic-2-480x360.webp 480w\" sizes=\"(min-width: 0px) and (max-width: 480px) 480px, (min-width: 481px) 700px, 100vw\" \/><\/td>\n<td style=\"width: 48pt; height: 14px;\" align=\"right\" width=\"80\"><img loading=\"lazy\" decoding=\"async\" class=\"size-full wp-image-7439 aligncenter\" src=\"https:\/\/fmp-components.com\/wp-content\/uploads\/2025\/03\/Double-Plastic-Spur-Gear-Plastic-3.webp\" alt=\"B\u00e1nh r\u0103ng tr\u1ee5 k\u00e9p b\u1eb1ng nh\u1ef1a\" width=\"700\" height=\"525\" title=\"\" srcset=\"https:\/\/fmp-components.com\/wp-content\/uploads\/2025\/03\/Double-Plastic-Spur-Gear-Plastic-3.webp 700w, https:\/\/fmp-components.com\/wp-content\/uploads\/2025\/03\/Double-Plastic-Spur-Gear-Plastic-3-480x360.webp 480w\" sizes=\"(min-width: 0px) and (max-width: 480px) 480px, (min-width: 481px) 700px, 100vw\" \/><\/td>\n<\/tr>\n<tr style=\"height: 14.40pt;\">\n<td style=\"height: 14px;\" align=\"right\" height=\"24\"><img loading=\"lazy\" decoding=\"async\" class=\"size-full wp-image-7443 aligncenter\" src=\"https:\/\/fmp-components.com\/wp-content\/uploads\/2025\/03\/Double-Spur-Gear-Plastic-Manufacturers-Suppliers-1.webp\" alt=\"Nh\u00e0 s\u1ea3n xu\u1ea5t v\u00e0 cung c\u1ea5p nh\u1ef1a b\u00e1nh r\u0103ng tr\u1ee5 k\u00e9p\" width=\"960\" height=\"960\" title=\"\" srcset=\"https:\/\/fmp-components.com\/wp-content\/uploads\/2025\/03\/Double-Spur-Gear-Plastic-Manufacturers-Suppliers-1.webp 960w, https:\/\/fmp-components.com\/wp-content\/uploads\/2025\/03\/Double-Spur-Gear-Plastic-Manufacturers-Suppliers-1-480x480.webp 480w\" sizes=\"(min-width: 0px) and (max-width: 480px) 480px, (min-width: 481px) 960px, 100vw\" \/><\/td>\n<td style=\"height: 14px;\" align=\"right\"><img loading=\"lazy\" decoding=\"async\" class=\"size-full wp-image-7444 aligncenter\" src=\"https:\/\/fmp-components.com\/wp-content\/uploads\/2025\/03\/Double-Spur-Gear-Plastic-Manufacturers-Suppliers-2.webp\" alt=\"Nh\u00e0 s\u1ea3n xu\u1ea5t v\u00e0 cung c\u1ea5p nh\u1ef1a b\u00e1nh r\u0103ng tr\u1ee5 k\u00e9p\" width=\"960\" height=\"960\" title=\"\" srcset=\"https:\/\/fmp-components.com\/wp-content\/uploads\/2025\/03\/Double-Spur-Gear-Plastic-Manufacturers-Suppliers-2.webp 960w, https:\/\/fmp-components.com\/wp-content\/uploads\/2025\/03\/Double-Spur-Gear-Plastic-Manufacturers-Suppliers-2-480x480.webp 480w\" sizes=\"(min-width: 0px) and (max-width: 480px) 480px, (min-width: 481px) 960px, 100vw\" \/><\/td>\n<\/tr>\n<\/tbody>\n<\/table>\n<\/div>\n<div>\n<h3>M\u1ecdi th\u1eafc m\u1eafc xin vui l\u00f2ng li\u00ean h\u1ec7: Vui l\u00f2ng li\u00ean h\u1ec7 v\u1edbi ch\u00fang t\u00f4i \u0111\u1ec3 bi\u1ebft th\u00eam th\u00f4ng tin v\u1ec1 c\u00e1c m\u1eabu xe ch\u01b0a \u0111\u01b0\u1ee3c ni\u00eam y\u1ebft.<\/h3>\n<p class=\"break-words\">M\u1eb7c d\u00f9 ch\u00fang t\u00f4i cung c\u1ea5p m\u1ed9t lo\u1ea1t c\u00e1c b\u00e1nh r\u0103ng tr\u1ee5 \u0111\u00f4i b\u1eb1ng nh\u1ef1a ti\u00eau chu\u1ea9n, ch\u00fang t\u00f4i hi\u1ec3u r\u1eb1ng m\u1ed9t s\u1ed1 doanh nghi\u1ec7p c\u00f3 th\u1ec3 c\u1ea7n c\u00e1c m\u1eabu c\u1ee5 th\u1ec3 hi\u1ec7n kh\u00f4ng c\u00f3 trong danh m\u1ee5c s\u1ea3n ph\u1ea9m c\u1ee7a ch\u00fang t\u00f4i. N\u1ebfu b\u1ea1n kh\u00f4ng t\u00ecm th\u1ea5y b\u00e1nh r\u0103ng ch\u00ednh x\u00e1c m\u00ecnh c\u1ea7n, \u0111\u1eebng lo l\u1eafng\u2014\u0111\u1ed9i ng\u0169 c\u1ee7a ch\u00fang t\u00f4i lu\u00f4n s\u1eb5n s\u00e0ng tr\u1ee3 gi\u00fap. Ch\u1ec9 c\u1ea7n g\u1eedi email cho ch\u00fang t\u00f4i v\u1edbi y\u00eau c\u1ea7u c\u1ee7a b\u1ea1n, v\u00e0 m\u1ed9t trong nh\u1eefng k\u1ef9 s\u01b0 c\u1ee7a ch\u00fang t\u00f4i s\u1ebd ph\u1ea3n h\u1ed3i trong v\u00f2ng 24 gi\u1edd \u0111\u1ec3 th\u1ea3o lu\u1eadn v\u1ec1 y\u00eau c\u1ea7u c\u1ee7a b\u1ea1n v\u00e0 \u0111\u01b0a ra gi\u1ea3i ph\u00e1p.<\/p>\n<p class=\"break-words\">T\u1ea1i C\u00f4ng ty FMP, ch\u00fang t\u00f4i cam k\u1ebft \u0111\u1ea3m b\u1ea3o m\u1ecdi kh\u00e1ch h\u00e0ng \u0111\u1ec1u t\u00ecm \u0111\u01b0\u1ee3c thi\u1ebft b\u1ecb ph\u00f9 h\u1ee3p v\u1edbi \u1ee9ng d\u1ee5ng c\u1ee7a m\u00ecnh. Th\u1eddi gian ph\u1ea3n h\u1ed3i nhanh ch\u00f3ng v\u00e0 d\u1ecbch v\u1ee5 c\u00e1 nh\u00e2n h\u00f3a c\u1ee7a ch\u00fang t\u00f4i gi\u00fap b\u1ea1n d\u1ec5 d\u00e0ng c\u00f3 \u0111\u01b0\u1ee3c c\u00e1c linh ki\u1ec7n c\u1ea7n thi\u1ebft, ngay c\u1ea3 khi ch\u00fang ch\u01b0a c\u00f3 tr\u00ean trang web c\u1ee7a ch\u00fang t\u00f4i.<\/p>\n<\/div>\n<\/div>","protected":false},"excerpt":{"rendered":"<p>High-Quality Plastic Double Spur Gears for Italian Industries Plastic Double Spur Gears are essential components in a wide range of machinery, from industrial equipment to consumer products. These gears, known for their durability, precision, and efficiency, play a critical role in ensuring smooth mechanical operations. At FMP Company, we specialize in the production of high-quality [&hellip;]<\/p>","protected":false},"featured_media":7436,"comment_status":"open","ping_status":"closed","template":"","meta":{"_et_pb_use_builder":"","_et_pb_old_content":"","_et_gb_content_width":""},"product_brand":[],"product_cat":[109],"product_tag":[],"class_list":{"0":"post-7435","1":"product","2":"type-product","3":"status-publish","4":"has-post-thumbnail","6":"product_cat-spur-gear","8":"first","9":"instock","10":"shipping-taxable","11":"product-type-simple"},"_links":{"self":[{"href":"https:\/\/fmp-components.com\/vi\/wp-json\/wp\/v2\/product\/7435","targetHints":{"allow":["GET"]}}],"collection":[{"href":"https:\/\/fmp-components.com\/vi\/wp-json\/wp\/v2\/product"}],"about":[{"href":"https:\/\/fmp-components.com\/vi\/wp-json\/wp\/v2\/types\/product"}],"replies":[{"embeddable":true,"href":"https:\/\/fmp-components.com\/vi\/wp-json\/wp\/v2\/comments?post=7435"}],"wp:featuredmedia":[{"embeddable":true,"href":"https:\/\/fmp-components.com\/vi\/wp-json\/wp\/v2\/media\/7436"}],"wp:attachment":[{"href":"https:\/\/fmp-components.com\/vi\/wp-json\/wp\/v2\/media?parent=7435"}],"wp:term":[{"taxonomy":"product_brand","embeddable":true,"href":"https:\/\/fmp-components.com\/vi\/wp-json\/wp\/v2\/product_brand?post=7435"},{"taxonomy":"product_cat","embeddable":true,"href":"https:\/\/fmp-components.com\/vi\/wp-json\/wp\/v2\/product_cat?post=7435"},{"taxonomy":"product_tag","embeddable":true,"href":"https:\/\/fmp-components.com\/vi\/wp-json\/wp\/v2\/product_tag?post=7435"}],"curies":[{"name":"wp","href":"https:\/\/api.w.org\/{rel}","templated":true}]}}