{"id":7423,"date":"2025-03-26T04:00:13","date_gmt":"2025-03-26T04:00:13","guid":{"rendered":"https:\/\/fmp-components.com\/?post_type=product&#038;p=7423"},"modified":"2025-03-26T08:37:09","modified_gmt":"2025-03-26T08:37:09","slug":"double-spur-gear","status":"publish","type":"product","link":"https:\/\/fmp-components.com\/vi\/product\/double-spur-gear\/","title":{"rendered":"B\u00e1nh r\u0103ng k\u00e9p"},"content":{"rendered":"<h2>B\u00e1nh r\u0103ng k\u00e9p: Thi\u1ebft k\u1ebf xu\u1ea5t s\u1eafc c\u1ee7a C\u00f4ng ty FMP d\u00e0nh cho \u00dd v\u00e0 h\u01a1n th\u1ebf n\u1eefa<\/h2>\n<p class=\"break-words\">L\u00e0 nh\u00e0 s\u1ea3n xu\u1ea5t b\u00e1nh r\u0103ng k\u00e9p h\u00e0ng \u0111\u1ea7u c\u00f3 tr\u1ee5 s\u1edf t\u1ea1i \u00dd, C\u00f4ng ty FMP t\u1ef1 h\u00e0o cung c\u1ea5p c\u00e1c gi\u1ea3i ph\u00e1p b\u00e1nh r\u0103ng ch\u1ea5t l\u01b0\u1ee3ng cao cho c\u00e1c ng\u00e0nh c\u00f4ng nghi\u1ec7p tr\u00ean to\u00e0n th\u1ebf gi\u1edbi, bao g\u1ed3m c\u00e1c th\u1ecb tr\u01b0\u1eddng tr\u1ecdng \u0111i\u1ec3m c\u1ee7a \u00dd nh\u01b0 Milan, Venice, Florence v\u00e0 Bologna. Chuy\u00ean v\u1ec1 nhi\u1ec1u lo\u1ea1i b\u00e1nh r\u0103ng k\u00e9p, bao g\u1ed3m c\u1ea3 b\u00e1nh r\u0103ng k\u00e9p b\u1eb1ng nh\u1ef1a. <a href=\"https:\/\/fmp-components.com\/vi\/spur-gear-2\/\">B\u00e1nh r\u0103ng th\u1eb3ng<\/a>\u2014ch\u00fang t\u00f4i k\u1ebft h\u1ee3p k\u1ef9 thu\u1eadt ch\u00ednh x\u00e1c v\u1edbi kh\u1ea3 n\u0103ng t\u00f9y ch\u1ec9nh \u0111\u1ec3 \u0111\u00e1p \u1ee9ng nhu c\u1ea7u ri\u00eang c\u1ee7a b\u1ea1n.<\/p>\n<p><img loading=\"lazy\" decoding=\"async\" class=\"size-full wp-image-7434 aligncenter\" src=\"https:\/\/fmp-components.com\/wp-content\/uploads\/2025\/03\/double-spur-gear.webp\" alt=\"b\u00e1nh r\u0103ng k\u00e9p\" width=\"1024\" height=\"862\" title=\"\" srcset=\"https:\/\/fmp-components.com\/wp-content\/uploads\/2025\/03\/double-spur-gear.webp 1024w, https:\/\/fmp-components.com\/wp-content\/uploads\/2025\/03\/double-spur-gear-980x825.webp 980w, https:\/\/fmp-components.com\/wp-content\/uploads\/2025\/03\/double-spur-gear-480x404.webp 480w\" sizes=\"(min-width: 0px) and (max-width: 480px) 480px, (min-width: 481px) and (max-width: 980px) 980px, (min-width: 981px) 1024px, 100vw\" \/><\/p>\n<h2>B\u00e1nh r\u0103ng k\u00e9p l\u00e0 g\u00ec?<\/h2>\n<p class=\"break-words\">B\u00e1nh r\u0103ng tr\u1ee5 \u0111\u00f4i, th\u01b0\u1eddng \u0111\u01b0\u1ee3c g\u1ecdi l\u00e0 b\u00e1nh r\u0103ng c\u1eaft th\u1eb3ng, l\u00e0 lo\u1ea1i b\u00e1nh r\u0103ng \u0111\u01a1n gi\u1ea3n nh\u1ea5t v\u00e0 \u0111\u01b0\u1ee3c bi\u1ebft \u0111\u1ebfn r\u1ed9ng r\u00e3i nh\u1ea5t. \u0110\u01b0\u1ee3c thi\u1ebft k\u1ebf \u0111\u1ec3 truy\u1ec1n chuy\u1ec3n \u0111\u1ed9ng v\u00e0 c\u00f4ng su\u1ea5t gi\u1eefa hai tr\u1ee5c song song, ch\u00fang c\u00f3 r\u0103ng th\u1eb3ng \u0103n kh\u1edbp li\u1ec1n m\u1ea1ch. Khi hai b\u00e1nh r\u0103ng tr\u1ee5 \u0111\u00f4i \u0103n kh\u1edbp v\u1edbi nhau, b\u00e1nh r\u0103ng c\u00f3 nhi\u1ec1u r\u0103ng h\u01a1n \u0111\u01b0\u1ee3c g\u1ecdi l\u00e0 \"b\u00e1nh r\u0103ng\", trong khi b\u00e1nh r\u0103ng c\u00f3 \u00edt r\u0103ng h\u01a1n \u0111\u01b0\u1ee3c g\u1ecdi l\u00e0 \"b\u00e1nh r\u0103ng nh\u1ecf\".<\/p>\n<p class=\"break-words\">M\u1eb7c d\u00f9 thi\u1ebft k\u1ebf \u0111\u01a1n gi\u1ea3n gi\u00fap d\u1ec5 h\u00ecnh dung v\u00e0 tri\u1ec3n khai, b\u00e1nh r\u0103ng tr\u1ee5 \u0111\u00f4i c\u00f3 m\u1ed9t nh\u01b0\u1ee3c \u0111i\u1ec3m \u0111\u00e1ng ch\u00fa \u00fd: ch\u00fang c\u00f3 th\u1ec3 t\u1ea1o ra ti\u1ebfng \u1ed3n do va ch\u1ea1m gi\u1eefa c\u00e1c r\u0103ng trong qu\u00e1 tr\u00ecnh \u0103n kh\u1edbp. Tuy nhi\u00ean, hi\u1ec7u qu\u1ea3 v\u00e0 t\u00ednh linh ho\u1ea1t c\u1ee7a ch\u00fang khi\u1ebfn ch\u00fang tr\u1edf th\u00e0nh thi\u1ebft b\u1ecb ch\u1ee7 l\u1ef1c trong c\u00e1c h\u1ec7 th\u1ed1ng c\u01a1 kh\u00ed tr\u00ean kh\u1eafp c\u00e1c ng\u00e0nh c\u00f4ng nghi\u1ec7p.<\/p>\n<p class=\"break-words\">T\u1ea1i C\u00f4ng ty FMP, ch\u00fang t\u00f4i s\u1ea3n xu\u1ea5t B\u00e1nh r\u0103ng tr\u1ee5 \u0111\u00f4i theo ti\u00eau chu\u1ea9n qu\u1ed1c t\u1ebf, v\u1edbi \u0111\u01a1n v\u1ecb k\u00edch th\u01b0\u1edbc chung l\u00e0 \"module\" (theo h\u01b0\u1edbng d\u1eabn c\u1ee7a ISO) v\u00e0 g\u00f3c \u00e1p su\u1ea5t \u0111i\u1ec3n h\u00ecnh l\u00e0 20 \u0111\u1ed9. B\u00e1nh r\u0103ng c\u1ee7a ch\u00fang t\u00f4i th\u01b0\u1eddng c\u00f3 bi\u00ean d\u1ea1ng r\u0103ng xo\u1eafn, \u0111\u01b0\u1ee3c s\u1eed d\u1ee5ng r\u1ed9ng r\u00e3i trong m\u00e1y m\u00f3c th\u01b0\u01a1ng m\u1ea1i \u0111\u1ec3 \u0111\u1ea1t hi\u1ec7u su\u1ea5t t\u1ed1i \u01b0u.<\/p>\n<div>\n<h3>Ch\u1ee9c n\u0103ng ch\u00ednh c\u1ee7a b\u00e1nh r\u0103ng tr\u1ee5 k\u00e9p<\/h3>\n<p class=\"break-words\">B\u00e1nh r\u0103ng k\u00e9p l\u00e0 m\u1ed9t ph\u1ea7n kh\u00f4ng th\u1ec3 thi\u1ebfu c\u1ee7a h\u1ec7 th\u1ed1ng c\u01a1 kh\u00ed, cung c\u1ea5p m\u1ed9t s\u1ed1 ch\u1ee9c n\u0103ng quan tr\u1ecdng:<\/p>\n<ul class=\"marker:text-secondary\">\n<li class=\"break-words\"><strong>\u0110i\u1ec1u ch\u1ec9nh t\u1ed1c \u0111\u1ed9:<\/strong> Ch\u00fang cho ph\u00e9p gi\u1ea3m t\u1ed1c \u0111\u1ed9 \u0111\u1ec3 gi\u1ea3m t\u1ed1c \u0111\u1ed9 v\u00e0 t\u0103ng m\u00f4-men xo\u1eafn, ho\u1eb7c ng\u01b0\u1ee3c l\u1ea1i, t\u0103ng t\u1ed1c \u0111\u1ed9 cho c\u00e1c \u1ee9ng d\u1ee5ng c\u1ee5 th\u1ec3.<\/li>\n<li class=\"break-words\"><strong>Khu\u1ebfch \u0111\u1ea1i l\u1ef1c:<\/strong> M\u1ed9t \u0111\u1ed9ng c\u01a1 nh\u1ecf, quay nhanh k\u1ebft h\u1ee3p v\u1edbi b\u1ed9 gi\u1ea3m t\u1ed1c c\u00f3 th\u1ec3 t\u1ea1o ra m\u00f4-men xo\u1eafn \u0111\u00e1ng k\u1ec3, khi\u1ebfn cho b\u00e1nh r\u0103ng k\u00e9p tr\u1edf n\u00ean l\u00fd t\u01b0\u1edfng cho c\u00e1c thi\u1ebft b\u1ecb c\u00f3 \u0111\u1ed9ng c\u01a1.<\/li>\n<li class=\"break-words\"><strong>Thay \u0111\u1ed5i h\u01b0\u1edbng:<\/strong> Khi hai b\u00e1nh r\u0103ng \u0103n kh\u1edbp, b\u00e1nh r\u0103ng th\u1ee9 hai quay theo h\u01b0\u1edbng ng\u01b0\u1ee3c l\u1ea1i. C\u00e1c thi\u1ebft k\u1ebf chuy\u00ean d\u1ee5ng, ch\u1eb3ng h\u1ea1n nh\u01b0 b\u00e1nh r\u0103ng c\u00f4n trong b\u1ed9 vi sai, c\u00f3 th\u1ec3 chuy\u1ec3n h\u01b0\u1edbng l\u1ef1c theo c\u00e1c g\u00f3c (v\u00ed d\u1ee5: 90 \u0111\u1ed9).<\/li>\n<\/ul>\n<p class=\"break-words\">Nh\u1eefng kh\u1ea3 n\u0103ng n\u00e0y l\u00e0m cho b\u00e1nh r\u0103ng k\u00e9p tr\u1edf n\u00ean thi\u1ebft y\u1ebfu cho nhi\u1ec1u \u1ee9ng d\u1ee5ng, t\u1eeb m\u00e1y m\u00f3c c\u00f4ng nghi\u1ec7p \u0111\u1ebfn thi\u1ebft b\u1ecb ti\u00eau d\u00f9ng.<\/p>\n<div>\n<h3>\u1ee8ng d\u1ee5ng \u0111a n\u0103ng c\u1ee7a b\u00e1nh r\u0103ng tr\u1ee5 \u0111\u00f4i<\/h3>\n<p class=\"break-words\">H\u1ec7 th\u1ed1ng b\u00e1nh r\u0103ng k\u00e9p c\u1ee7a FMP cung c\u1ea5p n\u0103ng l\u01b0\u1ee3ng cho nhi\u1ec1u ng\u00e0nh c\u00f4ng nghi\u1ec7p kh\u00e1c nhau, bao g\u1ed3m:<\/p>\n<ul class=\"marker:text-secondary\">\n<li class=\"break-words\">M\u00e1y m\u00f3c n\u00f4ng nghi\u1ec7p<\/li>\n<li class=\"break-words\">Thi\u1ebft b\u1ecb k\u1ef9 thu\u1eadt v\u00e0 x\u00e2y d\u1ef1ng<\/li>\n<li class=\"break-words\">T\u1ef1 \u0111\u1ed9ng h\u00f3a nh\u00e0 m\u00e1y v\u00e0 robot c\u00f4ng nghi\u1ec7p<\/li>\n<li class=\"break-words\">M\u00e1y \u0111\u00f3ng g\u00f3i v\u00e0 ch\u1ebf bi\u1ebfn th\u1ef1c ph\u1ea9m<\/li>\n<li class=\"break-words\">Ng\u00e0nh s\u1ea3n xu\u1ea5t \u00f4 t\u00f4 v\u00e0 m\u00e1y c\u00f4ng c\u1ee5<\/li>\n<li class=\"break-words\">M\u00e1y x\u1eed l\u00fd v\u1eadt li\u1ec7u v\u00e0 m\u00e1y in<\/li>\n<li class=\"break-words\">Thi\u1ebft b\u1ecb y t\u1ebf, m\u1ef9 ph\u1ea9m v\u00e0 ch\u1ebf bi\u1ebfn g\u1ed7\/th\u1ee7y tinh<\/li>\n<li class=\"break-words\">D\u1ea7u m\u1ecf, s\u1ea3n xu\u1ea5t \u0111\u01b0\u1eddng, s\u1ea3n xu\u1ea5t nhi\u1ec7t \u0111i\u1ec7n v\u00e0 nhi\u1ec1u h\u01a1n n\u1eefa<\/li>\n<\/ul>\n<p class=\"break-words\">T\u1eeb c\u00e1c x\u01b0\u1edfng th\u1ee7 c\u00f4ng c\u1ee7a Florence \u0111\u1ebfn c\u00e1c trung t\u00e2m c\u00f4ng nghi\u1ec7p c\u1ee7a Milan, b\u00e1nh r\u0103ng c\u1ee7a ch\u00fang t\u00f4i mang l\u1ea1i k\u1ebft qu\u1ea3 \u0111\u1ed3ng \u0111\u1ec1u v\u00e0 hi\u1ec7u su\u1ea5t cao.<\/p>\n<h3>Th\u00f4ng s\u1ed1 k\u1ef9 thu\u1eadt s\u1ea3n ph\u1ea9m<\/h3>\n<p class=\"break-words\">B\u00e1nh r\u0103ng tr\u1ee5 \u0111\u00f4i c\u1ee7a ch\u00fang t\u00f4i c\u00f3 nhi\u1ec1u lo\u1ea1i v\u1eadt li\u1ec7u v\u00e0 c\u1ea5u h\u00ecnh kh\u00e1c nhau:<\/p>\n<ul class=\"marker:text-secondary\">\n<li class=\"break-words\"><strong>Nguy\u00ean v\u1eadt li\u1ec7u:<\/strong> C45 (1045), A3 (th\u00e9p cacbon th\u1ea5p), 40Cr, 20CrMnTi, 42CrMo, gang, gang d\u1ebbo, \u0111\u1ed3ng, th\u00e9p kh\u00f4ng g\u1ec9 v\u00e0 nh\u1ef1a.<\/li>\n<li class=\"break-words\"><strong>X\u1eed l\u00fd nhi\u1ec7t:<\/strong> L\u00e0m ngu\u1ed9i t\u1ea7n s\u1ed1 cao, th\u1ea5m cacbon, phun bi, l\u00e0m ngu\u1ed9i v\u00e0 ram, th\u1ea5m nit\u01a1.<\/li>\n<li class=\"break-words\"><strong>X\u1eed l\u00fd b\u1ec1 m\u1eb7t:<\/strong> L\u00e0m \u0111en, m\u1ea1 k\u1ebdm, m\u1ea1 crom, m\u1ea1 k\u1ebdm, phun c\u00e1t, s\u01a1n t\u0129nh \u0111i\u1ec7n v\u00e0 nhi\u1ec1u c\u00f4ng \u0111o\u1ea1n kh\u00e1c.<\/li>\n<li class=\"break-words\"><strong>Hi\u1ec7u su\u1ea5t:<\/strong> \u0110\u1ed9 ch\u00ednh x\u00e1c cao, ch\u1ed1ng m\u00e0i m\u00f2n, \u0111\u1ed9 b\u1ec1n cao, ti\u1ebfng \u1ed3n th\u1ea5p v\u00e0 ho\u1ea1t \u0111\u1ed9ng tr\u01a1n tru.<\/li>\n<li class=\"break-words\"><strong>Ti\u00eau chu\u1ea9n:<\/strong> C\u00e1c t\u00f9y ch\u1ecdn ANSI, DIN, JIS v\u00e0 phi ti\u00eau chu\u1ea9n.<\/li>\n<\/ul>\n<\/div>\n<div>\n<h2>Chuy\u00ean m\u00f4n s\u1ea3n xu\u1ea5t c\u1ee7a C\u00f4ng ty FMP<\/h2>\n<p class=\"break-words\">T\u1ea1i C\u00f4ng ty FMP, ch\u00fang t\u00f4i s\u1eed d\u1ee5ng c\u00e1c k\u1ef9 thu\u1eadt ti\u00ean ti\u1ebfn \u0111\u1ec3 s\u1ea3n xu\u1ea5t B\u00e1nh r\u0103ng \u0111\u00f4i theo y\u00eau c\u1ea7u c\u1ee7a b\u1ea1n. Ph\u01b0\u01a1ng ph\u00e1p ch\u00ednh c\u1ee7a ch\u00fang t\u00f4i bao g\u1ed3m c\u1eaft b\u00e1nh r\u0103ng, s\u1eed d\u1ee5ng c\u00e1c c\u00f4ng c\u1ee5 ti\u00ean ti\u1ebfn nh\u01b0 m\u00e1y phay b\u00e1nh r\u0103ng v\u00e0 gia c\u00f4ng CNC. \u0110\u1ed1i v\u1edbi c\u00e1c \u1ee9ng d\u1ee5ng kh\u00f4ng y\u00eau c\u1ea7u \u0111\u1ed9 ch\u00ednh x\u00e1c ho\u1eb7c \u0111\u1ed9 c\u1ee9ng cao, quy tr\u00ecnh c\u1ee7a ch\u00fang t\u00f4i bao g\u1ed3m:<\/p>\n<ol class=\"marker:text-secondary\">\n<li class=\"break-words\">C\u1eaft v\u1eadt li\u1ec7u thanh tr\u00f2n<\/li>\n<li class=\"break-words\">Ti\u1ec7n ph\u00f4i tr\u00ean m\u00e1y ti\u1ec7n<\/li>\n<li class=\"break-words\">C\u1eaft r\u0103ng b\u1eb1ng ph\u01b0\u01a1ng ph\u00e1p phay<\/li>\n<li class=\"break-words\">G\u1ecdt b\u1ecf g\u1edd \u0111\u1ec3 c\u00f3 b\u1ec1 m\u1eb7t nh\u1eb5n m\u1ecbn<\/li>\n<li class=\"break-words\">Th\u00eam l\u1ed7 v\u00edt ho\u1eb7c r\u00e3nh then khi c\u1ea7n thi\u1ebft<\/li>\n<\/ol>\n<p class=\"break-words\">Kh\u1ea3 n\u0103ng gia c\u00f4ng c\u1ee7a ch\u00fang t\u00f4i kh\u00f4ng ch\u1ec9 d\u1eebng l\u1ea1i \u1edf c\u1eaft m\u00e0 c\u00f2n bao g\u1ed3m gia c\u00f4ng CNC, t\u1ea1o r\u00e3nh, c\u00e1n ren, m\u00e0i kh\u00f4ng t\u00e2m, khoan, khoan, phay, ti\u1ec7n, doa, taro v\u00e0 c\u1eaft d\u00e2y EDM.<\/p>\n<p class=\"break-words\">\u0110\u1ec3 t\u0103ng c\u01b0\u1eddng \u0111\u1ed9 b\u1ec1n, b\u00e1nh r\u0103ng tr\u1ee5 \u0111\u00f4i c\u1ee7a ch\u00fang t\u00f4i tr\u1ea3i qua qu\u00e1 tr\u00ecnh t\u00f4i v\u00e0 ram to\u00e0n di\u1ec7n, \u0111\u1ea3m b\u1ea3o \u0111\u1ed9 b\u1ec1n cao v\u00e0 kh\u1ea3 n\u0103ng ch\u1ed1ng bi\u1ebfn d\u1ea1ng d\u01b0\u1edbi t\u1ea3i tr\u1ecdng n\u1eb7ng. Ngo\u00e0i ra, qu\u00e1 tr\u00ecnh t\u00f4i t\u1ea7n s\u1ed1 cao gi\u00fap t\u0103ng c\u01b0\u1eddng \u0111\u1ed9 c\u1ee9ng v\u00e0 kh\u1ea3 n\u0103ng ch\u1ed1ng m\u00e0i m\u00f2n c\u1ee7a r\u0103ng, mang l\u1ea1i hi\u1ec7u su\u1ea5t l\u00e2u d\u00e0i.<\/p>\n<div>\n<h2>T\u00f9y ch\u1ec9nh: B\u00e1nh r\u0103ng \u0111\u00f4i t\u00f9y ch\u1ec9nh theo nhu c\u1ea7u c\u1ee7a b\u1ea1n<\/h2>\n<p class=\"break-words\">C\u00f4ng ty FMP chuy\u00ean thi\u1ebft k\u1ebf v\u00e0 s\u1ea3n xu\u1ea5t <strong>B\u00e1nh r\u0103ng \u0111\u00f4i t\u00f9y ch\u1ec9nh<\/strong>, bao g\u1ed3m <strong>B\u00e1nh r\u0103ng \u0111\u00f4i b\u1eb1ng nh\u1ef1a<\/strong>, ph\u00f9 h\u1ee3p v\u1edbi th\u00f4ng s\u1ed1 k\u1ef9 thu\u1eadt c\u1ee7a b\u1ea1n. Cho d\u00f9 b\u1ea1n y\u00eau c\u1ea7u m\u1ed9t m\u00f4-\u0111un, g\u00f3c \u00e1p su\u1ea5t, s\u1ed1 l\u01b0\u1ee3ng r\u0103ng hay v\u1eadt li\u1ec7u c\u1ee5 th\u1ec3, c\u00e1c k\u1ef9 s\u01b0 c\u1ee7a ch\u00fang t\u00f4i \u0111\u1ec1u c\u00f3 \u0111\u1ee7 kh\u1ea3 n\u0103ng \u0111\u00e1p \u1ee9ng.<\/p>\n<p class=\"break-words\">N\u1ebfu b\u1ea1n kh\u00f4ng t\u00ecm th\u1ea5y m\u1eabu ch\u00ednh x\u00e1c m\u00ecnh c\u1ea7n trong danh s\u00e1ch s\u1ea3n ph\u1ea9m c\u1ee7a ch\u00fang t\u00f4i, \u0111\u1eebng lo l\u1eafng - danh m\u1ee5c s\u1ea3n ph\u1ea9m c\u1ee7a ch\u00fang t\u00f4i li\u00ean t\u1ee5c \u0111\u01b0\u1ee3c m\u1edf r\u1ed9ng v\u00e0 m\u1ed9t s\u1ed1 m\u1eb7t h\u00e0ng c\u00f3 th\u1ec3 ch\u01b0a \u0111\u01b0\u1ee3c li\u1ec7t k\u00ea. Ch\u1ec9 c\u1ea7n g\u1eedi email cho ch\u00fang t\u00f4i theo \u0111\u1ecba ch\u1ec9 <a href=\"mailto:info@fmpcomponents.it\">info@fmpcomponents.it<\/a>\u00a0v\u1edbi y\u00eau c\u1ea7u c\u1ee7a b\u1ea1n v\u00e0 nh\u00f3m c\u1ee7a ch\u00fang t\u00f4i s\u1ebd ph\u1ea3n h\u1ed3i trong v\u00f2ng <strong>24 gi\u1edd<\/strong> v\u1edbi gi\u1ea3i ph\u00e1p ph\u00f9 h\u1ee3p. T\u1eeb Milan \u0111\u1ebfn Bologna, ch\u00fang t\u00f4i cam k\u1ebft \u0111\u00e1p \u1ee9ng nhu c\u1ea7u c\u1ee7a c\u00e1c doanh nghi\u1ec7p \u00dd m\u1ed9t c\u00e1ch ch\u00ednh x\u00e1c v\u00e0 nhanh ch\u00f3ng.<\/p>\n<div>\n<h2>B\u00e1nh r\u0103ng k\u00e9p ch\u1ecbu l\u1ef1c n\u1eb7ng cho c\u00e1c \u1ee9ng d\u1ee5ng kh\u00f3 kh\u0103n<\/h2>\n<p class=\"break-words\">\u0110\u1ed1i v\u1edbi c\u00e1c ng\u00e0nh c\u00f4ng nghi\u1ec7p \u0111\u00f2i h\u1ecfi gi\u1ea3i ph\u00e1p m\u1ea1nh m\u1ebd, C\u00f4ng ty FMP s\u1ea3n xu\u1ea5t B\u00e1nh r\u0103ng tr\u1ee5 \u0111\u00f4i ch\u1ecbu t\u1ea3i n\u1eb7ng \u0111\u01b0\u1ee3c thi\u1ebft k\u1ebf \u0111\u1ec3 ch\u1ecbu \u0111\u01b0\u1ee3c c\u00e1c \u0111i\u1ec1u ki\u1ec7n kh\u1eafc nghi\u1ec7t. C\u00e1c b\u00e1nh r\u0103ng n\u00e0y \u0111\u01b0\u1ee3c ch\u1ebf t\u1ea1o b\u1eb1ng ph\u01b0\u01a1ng ph\u00e1p c\u1eaft m\u00e1y, c\u1eaft b\u1eb1ng ng\u1ecdn l\u1eeda ho\u1eb7c c\u1eaft laser (\u0111\u1ed1i v\u1edbi v\u1eadt li\u1ec7u m\u1ecfng h\u01a1n), c\u00e2n b\u1eb1ng gi\u1eefa hi\u1ec7u qu\u1ea3 chi ph\u00ed v\u00e0 \u0111\u1ed9 ch\u00ednh x\u00e1c. C\u00e1c \u1ee9ng d\u1ee5ng ph\u1ed5 bi\u1ebfn bao g\u1ed3m:<\/p>\n<ul class=\"marker:text-secondary\">\n<li class=\"break-words\">Khai th\u00e1c m\u1ecf v\u00e0 khai th\u00e1c \u0111\u00e1<\/li>\n<li class=\"break-words\">S\u1ef1 thi c\u00f4ng<\/li>\n<li class=\"break-words\">Ho\u1ea1t \u0111\u1ed9ng h\u00e0ng h\u1ea3i v\u00e0 ngo\u00e0i kh\u01a1i<\/li>\n<li class=\"break-words\">H\u1ec7 th\u1ed1ng x\u1eed l\u00fd ch\u1ea5t th\u1ea3i v\u00e0 t\u00e1i ch\u1ebf<\/li>\n<li class=\"break-words\">C\u01a1 s\u1edf x\u1eed l\u00fd n\u01b0\u1edbc<\/li>\n<\/ul>\n<p class=\"break-words\">C\u00e1c b\u00e1nh r\u0103ng ch\u1ecbu l\u1ef1c c\u1ee7a ch\u00fang t\u00f4i \u0111\u1ea3m b\u1ea3o vi\u1ec7c l\u1eafp \u0111\u1eb7t kh\u00f4ng g\u1eb7p s\u1ef1 c\u1ed1 v\u00e0 \u0111\u1ed9 b\u1ec1n v\u01b0\u1ee3t tr\u1ed9i, khi\u1ebfn ch\u00fang tr\u1edf th\u00e0nh l\u1ef1a ch\u1ecdn \u0111\u00e1ng tin c\u1eady cho c\u00e1c doanh nghi\u1ec7p tr\u00ean kh\u1eafp n\u01b0\u1edbc \u00dd.<\/p>\n<\/div>\n<\/div>\n<\/div>\n<\/div>","protected":false},"excerpt":{"rendered":"<p>Double Spur Gears: Engineered Excellence by FMP Company for Italy and Beyond As a leading Double Spur Gear manufacturer based in Italy, FMP Company is proud to deliver high-quality gear solutions to industries worldwide, including key Italian markets such as Milan, Venice, Florence, and Bologna. Specializing in a wide range of Double Spur Gears\u2014including plastic [&hellip;]<\/p>","protected":false},"featured_media":7433,"comment_status":"open","ping_status":"closed","template":"","meta":{"_et_pb_use_builder":"","_et_pb_old_content":"","_et_gb_content_width":""},"product_brand":[],"product_cat":[109],"product_tag":[],"class_list":{"0":"post-7423","1":"product","2":"type-product","3":"status-publish","4":"has-post-thumbnail","6":"product_cat-spur-gear","8":"first","9":"instock","10":"shipping-taxable","11":"product-type-simple"},"_links":{"self":[{"href":"https:\/\/fmp-components.com\/vi\/wp-json\/wp\/v2\/product\/7423","targetHints":{"allow":["GET"]}}],"collection":[{"href":"https:\/\/fmp-components.com\/vi\/wp-json\/wp\/v2\/product"}],"about":[{"href":"https:\/\/fmp-components.com\/vi\/wp-json\/wp\/v2\/types\/product"}],"replies":[{"embeddable":true,"href":"https:\/\/fmp-components.com\/vi\/wp-json\/wp\/v2\/comments?post=7423"}],"wp:featuredmedia":[{"embeddable":true,"href":"https:\/\/fmp-components.com\/vi\/wp-json\/wp\/v2\/media\/7433"}],"wp:attachment":[{"href":"https:\/\/fmp-components.com\/vi\/wp-json\/wp\/v2\/media?parent=7423"}],"wp:term":[{"taxonomy":"product_brand","embeddable":true,"href":"https:\/\/fmp-components.com\/vi\/wp-json\/wp\/v2\/product_brand?post=7423"},{"taxonomy":"product_cat","embeddable":true,"href":"https:\/\/fmp-components.com\/vi\/wp-json\/wp\/v2\/product_cat?post=7423"},{"taxonomy":"product_tag","embeddable":true,"href":"https:\/\/fmp-components.com\/vi\/wp-json\/wp\/v2\/product_tag?post=7423"}],"curies":[{"name":"wp","href":"https:\/\/api.w.org\/{rel}","templated":true}]}}