{"id":7420,"date":"2025-03-26T03:25:42","date_gmt":"2025-03-26T03:25:42","guid":{"rendered":"https:\/\/fmp-components.com\/?post_type=product&#038;p=7420"},"modified":"2025-03-26T08:36:10","modified_gmt":"2025-03-26T08:36:10","slug":"forging-spur-gear","status":"publish","type":"product","link":"https:\/\/fmp-components.com\/vi\/product\/forging-spur-gear\/","title":{"rendered":"R\u00e8n b\u00e1nh r\u0103ng tr\u1ee5"},"content":{"rendered":"<h2>R\u00e8n b\u00e1nh r\u0103ng tr\u1ee5: S\u1ea3n xu\u1ea5t ch\u00ednh x\u00e1c c\u1ee7a C\u00f4ng ty FMP cho \u00dd v\u00e0 h\u01a1n th\u1ebf n\u1eefa<\/h2>\n<p class=\"break-words\">Khi n\u00f3i \u0111\u1ebfn vi\u1ec7c s\u1ea3n xu\u1ea5t ch\u1ea5t l\u01b0\u1ee3ng cao <a href=\"https:\/\/fmp-components.com\/vi\/spur-gear-2\/\">b\u00e1nh r\u0103ng th\u1eb3ng<\/a>R\u00e8n v\u1eabn l\u00e0 m\u1ed9t k\u1ef9 thu\u1eadt s\u1ea3n xu\u1ea5t ti\u00ean ti\u1ebfn v\u00e0 l\u00e2u \u0111\u1eddi. T\u1ea1i C\u00f4ng ty FMP, ch\u00fang t\u00f4i chuy\u00ean ch\u1ebf t\u1ea1o b\u00e1nh r\u0103ng tr\u1ee5 r\u00e8n \u0111\u00e1p \u1ee9ng nhu c\u1ea7u \u0111a d\u1ea1ng c\u1ee7a c\u00e1c ng\u00e0nh c\u00f4ng nghi\u1ec7p tr\u00ean kh\u1eafp n\u01b0\u1edbc \u00dd\u2014t\u1eeb c\u00e1c trung t\u00e2m \u00f4 t\u00f4 c\u1ee7a Milan \u0111\u1ebfn c\u00e1c x\u01b0\u1edfng c\u01a1 kh\u00ed c\u1ee7a Venice, c\u00e1c nh\u00e0 c\u1ea3i ti\u1ebfn m\u00e1y m\u00f3c c\u1ee7a Florence v\u00e0 c\u00e1c trung t\u00e2m c\u00f4ng nghi\u1ec7p h\u00f9ng m\u1ea1nh c\u1ee7a Bologna. Ch\u00fang t\u00f4i cung c\u1ea5p b\u00e1nh r\u0103ng tr\u1ee5 g\u1ea7n l\u01b0\u1edbi ho\u1eb7c d\u1ea1ng l\u01b0\u1edbi, y\u00eau c\u1ea7u ho\u00e0n thi\u1ec7n t\u1ed1i thi\u1ec3u, \u0111\u1ea3m b\u1ea3o \u0111\u1ed9 b\u1ec1n, \u0111\u1ed9 b\u1ec1n v\u00e0 hi\u1ec7u su\u1ea5t cho c\u00e1c \u1ee9ng d\u1ee5ng trong \u00f4 t\u00f4, h\u00e0ng kh\u00f4ng v\u0169 tr\u1ee5, n\u00f4ng nghi\u1ec7p, n\u0103ng l\u01b0\u1ee3ng, v.v.<\/p>\n<p><img loading=\"lazy\" decoding=\"async\" class=\"size-full wp-image-7421 aligncenter\" src=\"https:\/\/fmp-components.com\/wp-content\/uploads\/2025\/03\/forged-spur-gears-product-1.webp\" alt=\"b\u00e1nh r\u0103ng th\u1eb3ng r\u00e8n\" width=\"2000\" height=\"800\" title=\"\" srcset=\"https:\/\/fmp-components.com\/wp-content\/uploads\/2025\/03\/forged-spur-gears-product-1.webp 2000w, https:\/\/fmp-components.com\/wp-content\/uploads\/2025\/03\/forged-spur-gears-product-1-1280x512.webp 1280w, https:\/\/fmp-components.com\/wp-content\/uploads\/2025\/03\/forged-spur-gears-product-1-980x392.webp 980w, https:\/\/fmp-components.com\/wp-content\/uploads\/2025\/03\/forged-spur-gears-product-1-480x192.webp 480w\" sizes=\"(min-width: 0px) and (max-width: 480px) 480px, (min-width: 481px) and (max-width: 980px) 980px, (min-width: 981px) and (max-width: 1280px) 1280px, (min-width: 1281px) 2000px, 100vw\" \/><\/p>\n<h3>B\u00e1nh r\u0103ng tr\u1ee5 r\u00e8n l\u00e0 g\u00ec?<\/h3>\n<p class=\"break-words\">B\u00e1nh r\u0103ng tr\u1ee5 r\u00e8n \u0111\u01b0\u1ee3c ch\u1ebf t\u1ea1o th\u00f4ng qua quy tr\u00ecnh r\u00e8n khu\u00f4n t\u1ec9 m\u1ec9, trong \u0111\u00f3 c\u00e1c ph\u00f4i kim lo\u1ea1i \u0111\u01b0\u1ee3c nung n\u00f3ng\u2014ch\u1eb3ng h\u1ea1n nh\u01b0 th\u00e9p h\u1ee3p kim th\u1ea5p, \u0111\u1ed3ng thau, h\u1ee3p kim nh\u00f4m, th\u00e9p kh\u00f4ng g\u1ec9, titan ho\u1eb7c h\u1ee3p kim ch\u1ecbu nhi\u1ec7t\u2014\u0111\u01b0\u1ee3c \u0111\u1ecbnh h\u00ecnh d\u01b0\u1edbi \u00e1p su\u1ea5t cao b\u1eb1ng khu\u00f4n chuy\u00ean d\u1ee5ng. Quy tr\u00ecnh n\u00e0y n\u00e9n c\u00e1c h\u1ea1t kim lo\u1ea1i, t\u1ea1o ra c\u00e1c b\u00e1nh r\u0103ng c\u00f3 kh\u1ea3 n\u0103ng ch\u1ecbu m\u1ecfi v\u00e0 ch\u1ecbu t\u1ea3i v\u01b0\u1ee3t tr\u1ed9i. Kh\u00f4ng gi\u1ed1ng nh\u01b0 b\u00e1nh r\u0103ng c\u1eaft, b\u00e1nh r\u0103ng tr\u1ee5 r\u00e8n c\u00f3 d\u00f2ng ch\u1ea3y h\u1ea1t theo \u0111\u01b0\u1eddng vi\u1ec1n d\u1ecdc theo bi\u00ean d\u1ea1ng r\u0103ng, t\u0103ng c\u01b0\u1eddng \u0111\u1ed9 b\u1ec1n m\u00e0 kh\u00f4ng l\u00e0m t\u0103ng k\u00edch th\u01b0\u1edbc. T\u1ea1i FMP, ch\u00fang t\u00f4i s\u1eed d\u1ee5ng c\u00e1c k\u1ef9 thu\u1eadt nh\u01b0 r\u00e8n khu\u00f4n k\u00edn v\u00e0 r\u00e8n t\u1ed1c \u0111\u1ed9 n\u0103ng l\u01b0\u1ee3ng cao (HERF) \u0111\u1ec3 s\u1ea3n xu\u1ea5t c\u00e1c b\u00e1nh r\u0103ng \u0111\u00e1p \u1ee9ng c\u00e1c ti\u00eau chu\u1ea9n nghi\u00eam ng\u1eb7t v\u1ec1 dung sai v\u00e0 \u0111\u1ed9 ho\u00e0n thi\u1ec7n b\u1ec1 m\u1eb7t.<\/p>\n<div>\n<h3>Quy tr\u00ecnh r\u00e8n t\u1ea1i FMP<\/h3>\n<p class=\"break-words\">T\u1ea1i C\u00f4ng ty FMP, quy tr\u00ecnh r\u00e8n c\u1ee7a ch\u00fang t\u00f4i \u0111\u01b0\u1ee3c thi\u1ebft k\u1ebf \u0111\u1ec3 mang l\u1ea1i \u0111\u1ed9 ch\u00ednh x\u00e1c, hi\u1ec7u qu\u1ea3 v\u00e0 \u0111\u1ed9 b\u1ec1n cao, \u0111\u00e1p \u1ee9ng nhu c\u1ea7u \u0111a d\u1ea1ng c\u1ee7a nhi\u1ec1u ng\u00e0nh c\u00f4ng nghi\u1ec7p, bao g\u1ed3m c\u1ea3 c\u00e1c \u1ee9ng d\u1ee5ng m\u00e1y m\u00f3c h\u1ea1ng n\u1eb7ng tr\u00ean kh\u1eafp n\u01b0\u1edbc \u00dd v\u00e0 h\u01a1n th\u1ebf n\u1eefa. D\u00f9 l\u00e0 b\u00e1nh r\u0103ng tr\u1ee5 nh\u1ecf g\u1ecdn d\u00f9ng trong \u00f4 t\u00f4 hay b\u00e1nh r\u0103ng tr\u1ee5 r\u00e8n 40CrMn \u0111\u01b0\u1eddng k\u00ednh 600 mm kh\u1ed5ng l\u1ed3 d\u00f9ng cho m\u00e1y nghi\u1ec1n bi, k\u1ef9 thu\u1eadt ti\u00ean ti\u1ebfn c\u1ee7a ch\u00fang t\u00f4i \u0111\u1ea3m b\u1ea3o ch\u1ea5t l\u01b0\u1ee3ng h\u00e0ng \u0111\u1ea7u. Sau \u0111\u00e2y l\u00e0 c\u00e1ch ch\u00fang t\u00f4i hi\u1ec7n th\u1ef1c h\u00f3a b\u00e1nh r\u0103ng tr\u1ee5 r\u00e8n c\u1ee7a m\u00ecnh:<\/p>\n<ol class=\"marker:text-secondary\">\n<li class=\"break-words\"><strong>S\u01b0\u1edfi \u1ea5m tr\u1ed1ng b\u00e1nh r\u0103ng<\/strong>: Ch\u00fang t\u00f4i nung ph\u00f4i kim lo\u1ea1i \u0111\u1ebfn nhi\u1ec7t \u0111\u1ed9 ch\u00ednh x\u00e1c\u2014ch\u1eb3ng h\u1ea1n nh\u01b0 1230\u00b0C \u0111\u1ed1i v\u1edbi th\u00e9p 8620 ho\u1eb7c ph\u1ea1m vi nhi\u1ec7t \u0111\u1ed9 \u0111\u01b0\u1ee3c thi\u1ebft k\u1ebf ri\u00eang cho th\u00e9p 40CrMn\u2014\u0111\u1ec3 t\u0103ng c\u01b0\u1eddng kh\u1ea3 n\u0103ng gia c\u00f4ng v\u00e0 \u0111\u1ea3m b\u1ea3o r\u00e8n \u0111\u1ed3ng \u0111\u1ec1u. B\u01b0\u1edbc n\u00e0y r\u1ea5t quan tr\u1ecdng \u0111\u1ec3 \u0111\u1ea1t \u0111\u01b0\u1ee3c \u0111\u1ed9 b\u1ec1n c\u1ea7n thi\u1ebft cho c\u00e1c b\u00e1nh r\u0103ng ch\u1ecbu t\u1ea3i n\u1eb7ng.<\/li>\n<li class=\"break-words\"><strong>R\u00e8n khu\u00f4n<\/strong>: S\u1eed d\u1ee5ng m\u00e1y \u00e9p hi\u1ec7n \u0111\u1ea1i v\u00e0 c\u00f4ng ngh\u1ec7 r\u00e8n n\u0103ng l\u01b0\u1ee3ng cao (HERF), ch\u00fang t\u00f4i t\u1ea1o h\u00ecnh ph\u00f4i th\u00e0nh h\u00ecnh d\u1ea1ng g\u1ea7n nh\u01b0 l\u01b0\u1edbi v\u1edbi l\u1ef1c va \u0111\u1eadp t\u1ed1i thi\u1ec3u. C\u00e1c b\u00faa t\u1ed1c \u0111\u1ed9 cao t\u1ea1o ra l\u1ef1c l\u00ean \u0111\u1ebfn 353.000 J \u0111\u1ec3 r\u00e8n b\u00e1nh r\u0103ng tr\u1ee5 n\u1eb7ng 4,5 kg t\u1eeb ph\u00f4i th\u00e9p 8620 75 mm ch\u1ec9 trong m\u1ed9t l\u1ea7n \u0111\u1eadp, ho\u1eb7c l\u00ean \u0111\u1ebfn 271.000 J cho b\u00e1nh \u0111\u00e0 \u00f4 t\u00f4 n\u1eb7ng 11 kg l\u00e0m t\u1eeb gang x\u00e1m c\u1ea5p 40.<\/li>\n<li class=\"break-words\"><strong>C\u1eaft t\u1ec9a v\u00e0 ho\u00e0n thi\u1ec7n<\/strong>: V\u1eadt li\u1ec7u th\u1eeba \u0111\u01b0\u1ee3c c\u1eaft t\u1ec9a chuy\u00ean nghi\u1ec7p, v\u00e0 b\u00e1nh r\u0103ng \u0111\u01b0\u1ee3c tinh ch\u1ec9nh theo th\u00f4ng s\u1ed1 k\u1ef9 thu\u1eadt ch\u00ednh x\u00e1c. \u0110\u1ed1i v\u1edbi b\u00e1nh r\u0103ng ti\u00eau chu\u1ea9n, ch\u00fang t\u00f4i \u0111\u1ec3 l\u1ea1i 0,13\u20130,51 mm ph\u00f4i \u0111\u1ec3 gia c\u00f4ng cu\u1ed1i c\u00f9ng, trong khi c\u00e1c linh ki\u1ec7n ch\u1ecbu l\u1ef1c n\u1eb7ng nh\u01b0 b\u00e1nh r\u0103ng tr\u1ee5 40CrMn 600 mm c\u1ee7a ch\u00fang t\u00f4i cho m\u00e1y nghi\u1ec1n bi \u0111\u01b0\u1ee3c r\u00e8n \u0111\u1ebfn k\u00edch th\u01b0\u1edbc g\u1ea7n ho\u00e0n thi\u1ec7n v\u1edbi dung sai ch\u1eb7t ch\u1ebd t\u1edbi +0,00\/-0,18 mm.<\/li>\n<\/ol>\n<h4>R\u00e8n cho m\u00e1y m\u00f3c h\u1ea1ng n\u1eb7ng<\/h4>\n<p class=\"break-words\">Ngo\u00e0i c\u00e1c \u1ee9ng d\u1ee5ng ti\u00eau chu\u1ea9n, FMP c\u00f2n n\u1ed5i tr\u1ed9i trong vi\u1ec7c s\u1ea3n xu\u1ea5t b\u00e1nh r\u0103ng tr\u1ee5 r\u00e8n cho m\u00e1y m\u00f3c h\u1ea1ng n\u1eb7ng. L\u1ea5y b\u00e1nh r\u0103ng tr\u1ee5 r\u00e8n 40CrMn c\u1ee7a ch\u00fang t\u00f4i l\u00e0m v\u00ed d\u1ee5: v\u1edbi \u0111\u01b0\u1eddng k\u00ednh 600 mm, linh ki\u1ec7n m\u1ea1nh m\u1ebd n\u00e0y \u0111\u01b0\u1ee3c thi\u1ebft k\u1ebf chuy\u00ean d\u1ee5ng cho m\u00e1y nghi\u1ec1n bi s\u1eed d\u1ee5ng trong khai th\u00e1c m\u1ecf v\u00e0 ch\u1ebf bi\u1ebfn c\u00f4ng nghi\u1ec7p. \u0110\u01b0\u1ee3c r\u00e8n t\u1eeb th\u00e9p 40CrMn c\u01b0\u1eddng \u0111\u1ed9 cao, b\u00e1nh r\u0103ng n\u00e0y c\u00f3 \u0111\u1ed9 b\u1ec1n v\u00e0 kh\u1ea3 n\u0103ng ch\u1ed1ng m\u00e0i m\u00f2n v\u01b0\u1ee3t tr\u1ed9i, l\u00fd t\u01b0\u1edfng cho c\u00e1c m\u00f4i tr\u01b0\u1eddng kh\u1eafc nghi\u1ec7t. \u0110\u01b0\u1ee3c s\u1ea3n xu\u1ea5t t\u1ea1i L\u1ea1c D\u01b0\u01a1ng, b\u00e1nh r\u0103ng n\u00e0y c\u00f3 s\u1ed1 l\u01b0\u1ee3ng \u0111\u1eb7t h\u00e0ng t\u1ed1i thi\u1ec3u l\u00e0 10 chi\u1ebfc, \u0111\u01b0\u1ee3c \u0111\u00f3ng g\u00f3i trong th\u00f9ng g\u1ed7 ch\u1eafc ch\u1eafn v\u00e0 giao h\u00e0ng trong v\u00f2ng 25 ng\u00e0y l\u00e0m vi\u1ec7c. V\u1edbi n\u0103ng l\u1ef1c cung \u1ee9ng 10.000 chi\u1ebfc v\u00e0 tr\u1ecdng l\u01b0\u1ee3ng r\u00e8n t\u1ed1i \u0111a l\u00e0 40 t\u1ea5n, FMP \u0111\u01b0\u1ee3c trang b\u1ecb \u0111\u1ec3 \u0111\u00e1p \u1ee9ng nhu c\u1ea7u c\u1ee7a c\u00e1c ng\u00e0nh c\u00f4ng nghi\u1ec7p n\u1eb7ng c\u1ee7a \u00dd\u2014t\u1eeb c\u00e1c nh\u00e0 m\u00e1y s\u1ea3n xu\u1ea5t t\u1ea1i Milan \u0111\u1ebfn c\u00e1c nh\u00e0 cung c\u1ea5p thi\u1ebft b\u1ecb khai th\u00e1c t\u1ea1i Bologna.<\/p>\n<table style=\"border-collapse: collapse; width: 99.375%; height: 139px;\" border=\"0\" width=\"160\" cellspacing=\"0\" cellpadding=\"0\">\n<tbody>\n<tr style=\"height: 14.40pt;\">\n<td class=\"et2\" style=\"height: 28.8pt; width: 67.3831%;\" rowspan=\"2\" width=\"80\" height=\"48\"><img loading=\"lazy\" decoding=\"async\" class=\"alignnone size-full wp-image-7427\" src=\"https:\/\/fmp-components.com\/wp-content\/uploads\/2025\/03\/Forging-Spur-Gear-heavy-machinery-4.webp\" alt=\"M\u00e1y m\u00f3c h\u1ea1ng n\u1eb7ng r\u00e8n b\u00e1nh r\u0103ng\" width=\"1024\" height=\"1024\" title=\"\" srcset=\"https:\/\/fmp-components.com\/wp-content\/uploads\/2025\/03\/Forging-Spur-Gear-heavy-machinery-4.webp 1024w, https:\/\/fmp-components.com\/wp-content\/uploads\/2025\/03\/Forging-Spur-Gear-heavy-machinery-4-980x980.webp 980w, https:\/\/fmp-components.com\/wp-content\/uploads\/2025\/03\/Forging-Spur-Gear-heavy-machinery-4-480x480.webp 480w\" sizes=\"(min-width: 0px) and (max-width: 480px) 480px, (min-width: 481px) and (max-width: 980px) 980px, (min-width: 981px) 1024px, 100vw\" \/><\/td>\n<td style=\"width: 32.4905%;\" align=\"right\" width=\"80\"><img loading=\"lazy\" decoding=\"async\" class=\"size-full wp-image-7426 aligncenter\" src=\"https:\/\/fmp-components.com\/wp-content\/uploads\/2025\/03\/Forging-Spur-Gear-heavy-machinery-3.webp\" alt=\"M\u00e1y m\u00f3c h\u1ea1ng n\u1eb7ng r\u00e8n b\u00e1nh r\u0103ng\" width=\"1024\" height=\"1024\" title=\"\" srcset=\"https:\/\/fmp-components.com\/wp-content\/uploads\/2025\/03\/Forging-Spur-Gear-heavy-machinery-3.webp 1024w, https:\/\/fmp-components.com\/wp-content\/uploads\/2025\/03\/Forging-Spur-Gear-heavy-machinery-3-980x980.webp 980w, https:\/\/fmp-components.com\/wp-content\/uploads\/2025\/03\/Forging-Spur-Gear-heavy-machinery-3-480x480.webp 480w\" sizes=\"(min-width: 0px) and (max-width: 480px) 480px, (min-width: 481px) and (max-width: 980px) 980px, (min-width: 981px) 1024px, 100vw\" \/><\/td>\n<\/tr>\n<tr style=\"height: 14.40pt;\">\n<td style=\"width: 32.4905%;\" align=\"right\"><img loading=\"lazy\" decoding=\"async\" class=\"size-full wp-image-7428 aligncenter\" src=\"https:\/\/fmp-components.com\/wp-content\/uploads\/2025\/03\/Forging-Spur-Gear-heavy-machinery-5.webp\" alt=\"M\u00e1y m\u00f3c h\u1ea1ng n\u1eb7ng r\u00e8n b\u00e1nh r\u0103ng\" width=\"1024\" height=\"1024\" title=\"\" srcset=\"https:\/\/fmp-components.com\/wp-content\/uploads\/2025\/03\/Forging-Spur-Gear-heavy-machinery-5.webp 1024w, https:\/\/fmp-components.com\/wp-content\/uploads\/2025\/03\/Forging-Spur-Gear-heavy-machinery-5-980x980.webp 980w, https:\/\/fmp-components.com\/wp-content\/uploads\/2025\/03\/Forging-Spur-Gear-heavy-machinery-5-480x480.webp 480w\" sizes=\"(min-width: 0px) and (max-width: 480px) 480px, (min-width: 481px) and (max-width: 980px) 980px, (min-width: 981px) 1024px, 100vw\" \/><\/td>\n<\/tr>\n<\/tbody>\n<\/table>\n<table style=\"border-collapse: collapse; width: 97.3538%; height: 5px;\" border=\"0\" width=\"162\" cellspacing=\"0\" cellpadding=\"0\">\n<tbody>\n<tr style=\"height: 14.40pt;\">\n<td style=\"height: 14.4pt; width: 43.6129%;\" align=\"right\" width=\"81\" height=\"24\"><img loading=\"lazy\" decoding=\"async\" class=\"size-full wp-image-7425 aligncenter\" src=\"https:\/\/fmp-components.com\/wp-content\/uploads\/2025\/03\/Forging-Spur-Gear-heavy-machinery-2.webp\" alt=\"M\u00e1y m\u00f3c h\u1ea1ng n\u1eb7ng r\u00e8n b\u00e1nh r\u0103ng\" width=\"1024\" height=\"1024\" title=\"\" srcset=\"https:\/\/fmp-components.com\/wp-content\/uploads\/2025\/03\/Forging-Spur-Gear-heavy-machinery-2.webp 1024w, https:\/\/fmp-components.com\/wp-content\/uploads\/2025\/03\/Forging-Spur-Gear-heavy-machinery-2-980x980.webp 980w, https:\/\/fmp-components.com\/wp-content\/uploads\/2025\/03\/Forging-Spur-Gear-heavy-machinery-2-480x480.webp 480w\" sizes=\"(min-width: 0px) and (max-width: 480px) 480px, (min-width: 481px) and (max-width: 980px) 980px, (min-width: 981px) 1024px, 100vw\" \/><\/td>\n<td style=\"width: 56.2581%;\" align=\"right\" width=\"81\"><img loading=\"lazy\" decoding=\"async\" class=\"size-full wp-image-7429 aligncenter\" src=\"https:\/\/fmp-components.com\/wp-content\/uploads\/2025\/03\/Forging-Spur-Gear-heavy-machinery-1.webp\" alt=\"M\u00e1y m\u00f3c h\u1ea1ng n\u1eb7ng r\u00e8n b\u00e1nh r\u0103ng\" width=\"1024\" height=\"768\" title=\"\" srcset=\"https:\/\/fmp-components.com\/wp-content\/uploads\/2025\/03\/Forging-Spur-Gear-heavy-machinery-1.webp 1024w, https:\/\/fmp-components.com\/wp-content\/uploads\/2025\/03\/Forging-Spur-Gear-heavy-machinery-1-980x735.webp 980w, https:\/\/fmp-components.com\/wp-content\/uploads\/2025\/03\/Forging-Spur-Gear-heavy-machinery-1-480x360.webp 480w\" sizes=\"(min-width: 0px) and (max-width: 480px) 480px, (min-width: 481px) and (max-width: 980px) 980px, (min-width: 981px) 1024px, 100vw\" \/><\/td>\n<\/tr>\n<\/tbody>\n<\/table>\n<h4>S\u1ef1 xu\u1ea5t s\u1eafc v\u1ec1 m\u1eb7t k\u1ef9 thu\u1eadt trong t\u1eebng thi\u1ebft b\u1ecb<\/h4>\n<p class=\"break-words\">N\u0103ng l\u1ef1c c\u1ee7a ch\u00fang t\u00f4i m\u1edf r\u1ed9ng sang tr\u1ee5c b\u00e1nh r\u0103ng c\u1ee1 l\u1edbn v\u00e0 c\u00e1c s\u1ea3n ph\u1ea9m r\u00e8n t\u00f9y ch\u1ec9nh, ch\u1eb3ng h\u1ea1n nh\u01b0 tr\u1ee5c b\u00e1nh r\u0103ng tr\u1ee5 m\u00f4-\u0111un l\u1edbn \u0111\u01b0\u1ee3c thi\u1ebft k\u1ebf ri\u00eang t\u1eeb c\u00e1c v\u1eadt li\u1ec7u nh\u01b0 35#, 45#, 40Cr ho\u1eb7c 42CrMo. C\u00e1c linh ki\u1ec7n n\u00e0y, v\u1edbi \u0111\u01b0\u1eddng k\u00ednh l\u00ean \u0111\u1ebfn 1850 mm v\u00e0 chi\u1ec1u d\u00e0i l\u00ean \u0111\u1ebfn 12 m\u00e9t, \u0111\u01b0\u1ee3c s\u1eed d\u1ee5ng r\u1ed9ng r\u00e3i trong c\u00e1c h\u1ec7 th\u1ed1ng truy\u1ec1n \u0111\u1ed9ng, bi\u1ebfn t\u1ed1c v\u00e0 h\u1ec7 th\u1ed1ng quay cho thi\u1ebft b\u1ecb d\u00e2n d\u1ee5ng v\u00e0 c\u00f4ng nghi\u1ec7p. V\u1edbi \u0111\u1ed9 ch\u00ednh x\u00e1c gia c\u00f4ng 0,01 mm v\u00e0 th\u1eed nghi\u1ec7m nghi\u00eam ng\u1eb7t (si\u00eau \u00e2m, t\u1eeb t\u00ednh, k\u00e9o v\u00e0 xuy\u00ean th\u1ea5u), ch\u00fang t\u00f4i \u0111\u1ea3m b\u1ea3o m\u1ecdi b\u00e1nh r\u0103ng \u0111\u1ec1u \u0111\u00e1p \u1ee9ng c\u00e1c ti\u00eau chu\u1ea9n qu\u1ed1c t\u1ebf nh\u01b0 DIN, GB v\u00e0 ISO.<\/p>\n<h4>V\u00ed d\u1ee5 th\u1ef1c t\u1ebf<\/h4>\n<ul class=\"marker:text-secondary\">\n<li class=\"break-words\">B\u00e1nh r\u0103ng tr\u1ee5 4,5 kg \u0111\u01b0\u1ee3c r\u00e8n t\u1eeb th\u00e9p 8620 \u0111\u1ea1t \u0111\u01b0\u1ee3c h\u00ecnh d\u1ea1ng g\u1ea7n nh\u01b0 l\u01b0\u1edbi v\u1edbi \u0111\u1ed9 d\u00e0y cu\u1ed1i c\u00f9ng v\u00e0 s\u1ed1 r\u0103ng t\u1ed1i thi\u1ec3u, s\u1eb5n s\u00e0ng \u0111\u1ec3 ho\u00e0n thi\u1ec7n trong c\u00e1c \u1ee9ng d\u1ee5ng nh\u01b0 h\u1ed9p s\u1ed1 \u00f4 t\u00f4.<\/li>\n<li class=\"break-words\">B\u00e1nh \u0111\u00e0 \u00f4 t\u00f4 n\u1eb7ng 11 kg, \u0111\u01b0\u1ee3c r\u00e8n t\u1eeb gang x\u00e1m c\u1ea5p 40 \u1edf nhi\u1ec7t \u0111\u1ed9 955\u00b0C v\u1edbi l\u1ef1c 271.000 J, \u0111\u00e1p \u1ee9ng dung sai ch\u1eb7t ch\u1ebd \u0111\u1ec3 c\u00f3 th\u1ec3 s\u1eed d\u1ee5ng ngay.<\/li>\n<li class=\"break-words\">B\u00e1nh r\u0103ng tr\u1ee5 40CrMn 600 mm c\u1ee7a ch\u00fang t\u00f4i, \u0111\u01b0\u1ee3c ch\u1ebf t\u1ea1o cho m\u00e1y nghi\u1ec1n bi, th\u1ec3 hi\u1ec7n kh\u1ea3 n\u0103ng r\u00e8n c\u00e1c b\u00e1nh r\u0103ng l\u1edbn, hi\u1ec7u su\u1ea5t cao cho m\u00e1y m\u00f3c h\u1ea1ng n\u1eb7ng, v\u1edbi c\u00e1c ph\u01b0\u01a1ng ph\u00e1p x\u1eed l\u00fd b\u1ec1 m\u1eb7t nh\u01b0 l\u00e0m ngu\u1ed9i ho\u1eb7c \u0111\u00e1nh b\u00f3ng theo y\u00eau c\u1ea7u.<\/li>\n<\/ul>\n<p class=\"break-words\">T\u1ea1i FMP, ch\u00fang t\u00f4i k\u1ebft h\u1ee3p c\u00f4ng ngh\u1ec7 r\u00e8n ch\u00ednh x\u00e1c v\u1edbi kh\u1ea3 n\u0103ng x\u1eed l\u00fd c\u00e1c y\u00eau c\u1ea7u c\u00f4ng su\u1ea5t l\u1edbn, \u0111\u1ea3m b\u1ea3o b\u00e1nh r\u0103ng c\u1ee7a ch\u00fang t\u00f4i mang l\u1ea1i \u0111\u1ed9 tin c\u1eady v\u00e0 hi\u1ec7u su\u1ea5t v\u01b0\u1ee3t tr\u1ed9i.<\/p>\n<table style=\"border-collapse: collapse; width: 99.875%; height: 99px;\" border=\"0\" width=\"160\" cellspacing=\"0\" cellpadding=\"0\">\n<tbody>\n<tr style=\"height: 14.40pt;\">\n<td style=\"height: 14.40pt; width: 48.00pt;\" align=\"right\" width=\"80\" height=\"24\"><img loading=\"lazy\" decoding=\"async\" class=\"size-full wp-image-7430 aligncenter\" src=\"https:\/\/fmp-components.com\/wp-content\/uploads\/2025\/03\/Forging-Spur-Gear-heavy-machinery-7.webp\" alt=\"M\u00e1y m\u00f3c h\u1ea1ng n\u1eb7ng r\u00e8n b\u00e1nh r\u0103ng\" width=\"680\" height=\"680\" title=\"\" srcset=\"https:\/\/fmp-components.com\/wp-content\/uploads\/2025\/03\/Forging-Spur-Gear-heavy-machinery-7.webp 680w, https:\/\/fmp-components.com\/wp-content\/uploads\/2025\/03\/Forging-Spur-Gear-heavy-machinery-7-480x480.webp 480w\" sizes=\"(min-width: 0px) and (max-width: 480px) 480px, (min-width: 481px) 680px, 100vw\" \/><\/td>\n<td style=\"width: 48.00pt;\" align=\"right\" width=\"80\"><img loading=\"lazy\" decoding=\"async\" class=\"size-full wp-image-7431 aligncenter\" src=\"https:\/\/fmp-components.com\/wp-content\/uploads\/2025\/03\/Forging-Spur-Gear-heavy-machinery-6.webp\" alt=\"M\u00e1y m\u00f3c h\u1ea1ng n\u1eb7ng r\u00e8n b\u00e1nh r\u0103ng\" width=\"680\" height=\"680\" title=\"\" srcset=\"https:\/\/fmp-components.com\/wp-content\/uploads\/2025\/03\/Forging-Spur-Gear-heavy-machinery-6.webp 680w, https:\/\/fmp-components.com\/wp-content\/uploads\/2025\/03\/Forging-Spur-Gear-heavy-machinery-6-480x480.webp 480w\" sizes=\"(min-width: 0px) and (max-width: 480px) 480px, (min-width: 481px) 680px, 100vw\" \/><\/td>\n<\/tr>\n<\/tbody>\n<\/table>\n<\/div>","protected":false},"excerpt":{"rendered":"<p>Forging Spur Gears: Precision Manufacturing by FMP Company for Italy and Beyond When it comes to producing high-quality spur gears, forging remains a time-honored and advanced manufacturing technique. At FMP Company, we specialize in crafting forging spur gears that meet the diverse needs of industries across Italy\u2014from Milan\u2019s automotive hubs to Venice\u2019s engineering workshops, Florence\u2019s [&hellip;]<\/p>","protected":false},"featured_media":7422,"comment_status":"open","ping_status":"closed","template":"","meta":{"_et_pb_use_builder":"","_et_pb_old_content":"","_et_gb_content_width":""},"product_brand":[],"product_cat":[109],"product_tag":[],"class_list":{"0":"post-7420","1":"product","2":"type-product","3":"status-publish","4":"has-post-thumbnail","6":"product_cat-spur-gear","8":"first","9":"instock","10":"shipping-taxable","11":"product-type-simple"},"_links":{"self":[{"href":"https:\/\/fmp-components.com\/vi\/wp-json\/wp\/v2\/product\/7420","targetHints":{"allow":["GET"]}}],"collection":[{"href":"https:\/\/fmp-components.com\/vi\/wp-json\/wp\/v2\/product"}],"about":[{"href":"https:\/\/fmp-components.com\/vi\/wp-json\/wp\/v2\/types\/product"}],"replies":[{"embeddable":true,"href":"https:\/\/fmp-components.com\/vi\/wp-json\/wp\/v2\/comments?post=7420"}],"wp:featuredmedia":[{"embeddable":true,"href":"https:\/\/fmp-components.com\/vi\/wp-json\/wp\/v2\/media\/7422"}],"wp:attachment":[{"href":"https:\/\/fmp-components.com\/vi\/wp-json\/wp\/v2\/media?parent=7420"}],"wp:term":[{"taxonomy":"product_brand","embeddable":true,"href":"https:\/\/fmp-components.com\/vi\/wp-json\/wp\/v2\/product_brand?post=7420"},{"taxonomy":"product_cat","embeddable":true,"href":"https:\/\/fmp-components.com\/vi\/wp-json\/wp\/v2\/product_cat?post=7420"},{"taxonomy":"product_tag","embeddable":true,"href":"https:\/\/fmp-components.com\/vi\/wp-json\/wp\/v2\/product_tag?post=7420"}],"curies":[{"name":"wp","href":"https:\/\/api.w.org\/{rel}","templated":true}]}}