{"id":7404,"date":"2025-03-25T07:23:21","date_gmt":"2025-03-25T07:23:21","guid":{"rendered":"https:\/\/fmp-components.com\/?post_type=product&#038;p=7404"},"modified":"2025-03-26T08:39:36","modified_gmt":"2025-03-26T08:39:36","slug":"medical-stainless-spur-gear","status":"publish","type":"product","link":"https:\/\/fmp-components.com\/vi\/product\/medical-stainless-spur-gear\/","title":{"rendered":"B\u00e1nh r\u0103ng th\u1eb3ng b\u1eb1ng th\u00e9p kh\u00f4ng g\u1ec9 y t\u1ebf"},"content":{"rendered":"<div>\n<h3>B\u00e1nh r\u0103ng tr\u1ee5 b\u1eb1ng th\u00e9p kh\u00f4ng g\u1ec9 trong \u1ee9ng d\u1ee5ng y t\u1ebf<\/h3>\n<p class=\"break-words\">Khi n\u00f3i \u0111\u1ebfn k\u1ef9 thu\u1eadt ch\u00ednh x\u00e1c, b\u00e1nh r\u0103ng tr\u1ee5 th\u00e9p kh\u00f4ng g\u1ec9 n\u1ed5i b\u1eadt l\u00e0 m\u1ed9t th\u00e0nh ph\u1ea7n thi\u1ebft y\u1ebfu trong nhi\u1ec1u ng\u00e0nh c\u00f4ng nghi\u1ec7p, \u0111\u1eb7c bi\u1ec7t l\u00e0 trong l\u0129nh v\u1ef1c y t\u1ebf. T\u1ea1i FMP, ch\u00fang t\u00f4i chuy\u00ean s\u1ea3n xu\u1ea5t b\u00e1nh r\u0103ng tr\u1ee5 th\u00e9p kh\u00f4ng g\u1ec9 ch\u1ea5t l\u01b0\u1ee3ng cao, \u0111\u01b0\u1ee3c thi\u1ebft k\u1ebf ri\u00eang \u0111\u1ec3 \u0111\u00e1p \u1ee9ng c\u00e1c y\u00eau c\u1ea7u kh\u1eaft khe c\u1ee7a thi\u1ebft b\u1ecb y t\u1ebf. Cho d\u00f9 b\u1ea1n \u1edf Milan, Venice, Florence, Bologna hay b\u1ea5t k\u1ef3 n\u01a1i n\u00e0o kh\u00e1c t\u1ea1i \u00dd, chuy\u00ean m\u00f4n c\u1ee7a ch\u00fang t\u00f4i \u0111\u1ea3m b\u1ea3o nhu c\u1ea7u v\u1ec1 \u0111\u1ed9 b\u1ec1n v\u00e0 \u0111\u1ed9 tin c\u1eady c\u1ee7a b\u1ea1n. <a href=\"https:\/\/fmp-components.com\/vi\/spur-gear-2\/\">b\u00e1nh r\u0103ng th\u1eb3ng<\/a> \u0111\u01b0\u1ee3c \u0111\u00e1p \u1ee9ng m\u1ed9t c\u00e1ch xu\u1ea5t s\u1eafc.<\/p>\n<table style=\"border-collapse: collapse; width: 98.7077%; height: 14px;\" border=\"0\" width=\"162\" cellspacing=\"0\" cellpadding=\"0\">\n<tbody>\n<tr style=\"height: 14.40pt;\">\n<td style=\"height: 14px; width: 49.8728%;\" align=\"right\" width=\"81\" height=\"24\"><img loading=\"lazy\" decoding=\"async\" class=\"size-full wp-image-7414 aligncenter\" src=\"https:\/\/fmp-components.com\/wp-content\/uploads\/2025\/03\/Stainless-steel-Spur-Gear-1.webp\" alt=\"B\u00e1nh r\u0103ng tr\u1ee5 b\u1eb1ng th\u00e9p kh\u00f4ng g\u1ec9\" width=\"250\" height=\"250\" title=\"\" srcset=\"https:\/\/fmp-components.com\/wp-content\/uploads\/2025\/03\/Stainless-steel-Spur-Gear-1.webp 250w, https:\/\/fmp-components.com\/wp-content\/uploads\/2025\/03\/Stainless-steel-Spur-Gear-1-150x150.webp 150w, https:\/\/fmp-components.com\/wp-content\/uploads\/2025\/03\/Stainless-steel-Spur-Gear-1-12x12.webp 12w, https:\/\/fmp-components.com\/wp-content\/uploads\/2025\/03\/Stainless-steel-Spur-Gear-1-100x100.webp 100w\" sizes=\"(max-width: 250px) 100vw, 250px\" \/><\/td>\n<td style=\"width: 49.8728%; height: 14px;\" align=\"right\" width=\"81\"><img loading=\"lazy\" decoding=\"async\" class=\"size-full wp-image-7413 aligncenter\" src=\"https:\/\/fmp-components.com\/wp-content\/uploads\/2025\/03\/Stainless-steel-Spur-Gear-2.webp\" alt=\"B\u00e1nh r\u0103ng tr\u1ee5 b\u1eb1ng th\u00e9p kh\u00f4ng g\u1ec9\" width=\"300\" height=\"300\" title=\"\" srcset=\"https:\/\/fmp-components.com\/wp-content\/uploads\/2025\/03\/Stainless-steel-Spur-Gear-2.webp 300w, https:\/\/fmp-components.com\/wp-content\/uploads\/2025\/03\/Stainless-steel-Spur-Gear-2-150x150.webp 150w, https:\/\/fmp-components.com\/wp-content\/uploads\/2025\/03\/Stainless-steel-Spur-Gear-2-12x12.webp 12w, https:\/\/fmp-components.com\/wp-content\/uploads\/2025\/03\/Stainless-steel-Spur-Gear-2-100x100.webp 100w\" sizes=\"(max-width: 300px) 100vw, 300px\" \/><\/td>\n<\/tr>\n<\/tbody>\n<\/table>\n<h2>B\u00e1nh r\u0103ng tr\u1ee5 b\u1eb1ng th\u00e9p kh\u00f4ng g\u1ec9 l\u00e0 g\u00ec?<\/h2>\n<p class=\"break-words\">B\u00e1nh r\u0103ng tr\u1ee5 l\u00e0 lo\u1ea1i b\u00e1nh r\u0103ng ch\u00ednh x\u00e1c \u0111\u01a1n gi\u1ea3n v\u00e0 ti\u1ebft ki\u1ec7m chi ph\u00ed nh\u1ea5t, v\u1edbi c\u00e1c r\u0103ng th\u1eb3ng song song v\u1edbi tr\u1ee5c quay c\u1ee7a b\u00e1nh r\u0103ng. C\u00e1c b\u00e1nh r\u0103ng n\u00e0y truy\u1ec1n chuy\u1ec3n \u0111\u1ed9ng v\u00e0 c\u00f4ng su\u1ea5t hi\u1ec7u qu\u1ea3 gi\u1eefa c\u00e1c tr\u1ee5c song song, quay ng\u01b0\u1ee3c chi\u1ec1u nhau. Th\u00e9p kh\u00f4ng g\u1ec9, v\u1edbi kh\u1ea3 n\u0103ng ch\u1ed1ng \u0103n m\u00f2n v\u00e0 \u0111\u1ed9 b\u1ec1n cao, l\u00e0 l\u1ef1a ch\u1ecdn l\u00fd t\u01b0\u1edfng cho c\u00e1c \u1ee9ng d\u1ee5ng \u0111\u00f2i h\u1ecfi v\u1ec7 sinh v\u00e0 tu\u1ed5i th\u1ecd cao \u2014 nh\u1eefng \u0111\u1eb7c \u0111i\u1ec3m then ch\u1ed1t trong l\u0129nh v\u1ef1c y t\u1ebf.<\/p>\n<p class=\"break-words\">T\u1ea1i FMP, ch\u00fang t\u00f4i cung c\u1ea5p b\u00e1nh r\u0103ng tr\u1ee5 th\u1eb3ng \u0111\u00e1p \u1ee9ng v\u00e0 v\u01b0\u1ee3t ti\u00eau chu\u1ea9n ch\u1ea5t l\u01b0\u1ee3ng c\u1ee7a AGMA (Hi\u1ec7p h\u1ed9i c\u00e1c nh\u00e0 s\u1ea3n xu\u1ea5t b\u00e1nh r\u0103ng Hoa K\u1ef3). B\u00e1nh r\u0103ng tr\u1ee5 th\u1eb3ng b\u1eb1ng th\u00e9p kh\u00f4ng g\u1ec9 c\u1ee7a ch\u00fang t\u00f4i c\u00f3 c\u00e1c t\u00f9y ch\u1ecdn t\u00f9y ch\u1ec9nh, bao g\u1ed3m g\u00f3c \u00e1p su\u1ea5t 14,5\u00b0 ho\u1eb7c 20\u00b0, nhi\u1ec1u k\u00edch th\u01b0\u1edbc l\u1ed7 khoan v\u00e0 \u0111\u01b0\u1eddng k\u00ednh b\u01b0\u1edbc r\u0103ng t\u1eeb 4 DP \u0111\u1ebfn 96 DP.<\/p>\n<\/div>\n<h2>\u0110\u1eb7c \u0111i\u1ec3m k\u1ef9 thu\u1eadt<\/h2>\n<p>K\u00edch th\u01b0\u1edbc: \u03a63mm- \u03a6120mm<br \/>\nM\u00f4-\u0111un: M0.25<br \/>\nLo\u1ea1i v\u1eadt li\u1ec7u: Th\u00e9p kh\u00f4ng g\u1ec9, theo y\u00eau c\u1ea7u c\u1ee7a kh\u00e1ch h\u00e0ng<\/p>\n<div class=\"table-responsive\">\n<table class=\"table\" style=\"width: 101.186%; height: 344px;\" border=\"1\">\n<tbody>\n<tr>\n<td colspan=\"2\">B\u00e1nh r\u0103ng tr\u1ee5 b\u1eb1ng th\u00e9p kh\u00f4ng g\u1ec9 y t\u1ebf<\/td>\n<\/tr>\n<tr>\n<td>K\u00edch th\u01b0\u1edbc<\/td>\n<td>\u03a65mm<\/td>\n<\/tr>\n<tr>\n<td>M\u00f4-\u0111un<\/td>\n<td>M0,15, M0,2, M0,25-M0,8, M0,8<br \/>\nM1.0<\/td>\n<\/tr>\n<tr>\n<td>Lo\u1ea1i v\u1eadt li\u1ec7u<\/td>\n<td>Th\u00e9p kh\u00f4ng g\u1ec9<\/td>\n<\/tr>\n<tr>\n<td>C\u1ea5p \u0111\u1ed9 l\u01b0\u1edbi<\/td>\n<td>ISO 6, JGMA 1, JIS 6, AGMA 13, DIN 6,Din5,AGMA12<\/td>\n<\/tr>\n<tr>\n<td>\u1ee8ng d\u1ee5ng<\/td>\n<td>\u00d4 t\u00f4, Qu\u00e2n s\u1ef1, M\u00e1y bay, C\u01a1 kh\u00ed,<\/td>\n<\/tr>\n<tr>\n<td>T\u00f9y ch\u1ec9nh<\/td>\n<td>ODM\/OEM<\/td>\n<\/tr>\n<tr>\n<td>V\u1eadt m\u1eabu<\/td>\n<td>M\u1eabu c\u00f3 s\u1eb5n<\/td>\n<\/tr>\n<tr>\n<td>C\u00e1c ch\u1ebf \u0111\u1ed9 \u0111\u00f3ng g\u00f3i<\/td>\n<td>\u0110\u00f3ng g\u00f3i ch\u00e2n kh\u00f4ng v\u1edbi khay nh\u1ef1a<\/td>\n<\/tr>\n<tr>\n<td>Ph\u01b0\u01a1ng th\u1ee9c giao h\u00e0ng<\/td>\n<td>DHL UPS<\/td>\n<\/tr>\n<tr>\n<td>Gi\u1ea5y ch\u1ee9ng nh\u1eadn<\/td>\n<td>ISO 9001: 2008\/TS16949<\/td>\n<\/tr>\n<\/tbody>\n<\/table>\n<div>\n<h3>\u1ee8ng d\u1ee5ng c\u1ee7a b\u00e1nh r\u0103ng tr\u1ee5 th\u00e9p kh\u00f4ng g\u1ec9 trong thi\u1ebft b\u1ecb y t\u1ebf<\/h3>\n<p class=\"break-words\">Trong ng\u00e0nh y t\u1ebf, \u0111\u1ed9 ch\u00ednh x\u00e1c, \u0111\u1ed9 tin c\u1eady v\u00e0 \u0111\u1ed9 s\u1ea1ch l\u00e0 \u0111i\u1ec1u kh\u00f4ng th\u1ec3 b\u00e0n c\u00e3i. B\u00e1nh r\u0103ng tr\u1ee5 b\u1eb1ng th\u00e9p kh\u00f4ng g\u1ec9 \u0111\u00f3ng vai tr\u00f2 quan tr\u1ecdng trong c\u00e1c thi\u1ebft b\u1ecb nh\u01b0:<\/p>\n<ul class=\"marker:text-secondary\">\n<li class=\"break-words\"><strong>M\u00e1y ly t\u00e2m<\/strong>:\u0110\u01b0\u1ee3c s\u1eed d\u1ee5ng trong c\u00e1c ph\u00f2ng th\u00ed nghi\u1ec7m tr\u00ean kh\u1eafp Milan v\u00e0 Bologna \u0111\u1ec3 t\u00e1ch ch\u1ea5t l\u1ecfng, nh\u1eefng m\u00e1y n\u00e0y d\u1ef1a v\u00e0o b\u00e1nh r\u0103ng th\u1eb3ng \u0111\u1ec3 c\u00f3 c\u00f4ng su\u1ea5t quay \u1ed5n \u0111\u1ecbnh.<\/li>\n<li class=\"break-words\"><strong>M\u00e1y b\u01a1m y t\u1ebf<\/strong>:T\u1eeb m\u00e1y b\u01a1m truy\u1ec1n d\u1ecbch \u0111\u1ebfn m\u00e1y ch\u1ea1y th\u1eadn nh\u00e2n t\u1ea1o, b\u00e1nh r\u0103ng th\u1eb3ng b\u1eb1ng th\u00e9p kh\u00f4ng g\u1ec9 \u0111\u1ea3m b\u1ea3o truy\u1ec1n d\u1ecbch tr\u01a1n tru v\u00e0 ch\u00ednh x\u00e1c, m\u1ed9t nhu c\u1ea7u thi\u1ebft y\u1ebfu t\u1ea1i c\u00e1c b\u1ec7nh vi\u1ec7n \u1edf Venice v\u00e0 Florence.<\/li>\n<li class=\"break-words\"><strong>D\u1ee5ng c\u1ee5 ph\u1eabu thu\u1eadt<\/strong>:C\u00e1c d\u1ee5ng c\u1ee5 ch\u00ednh x\u00e1c nh\u01b0 h\u1ec7 th\u1ed1ng ph\u1eabu thu\u1eadt b\u1eb1ng robot ph\u1ee5 thu\u1ed9c v\u00e0o \u0111\u1ed9 b\u1ec1n v\u00e0 kh\u1ea3 n\u0103ng ch\u1ed1ng \u0103n m\u00f2n c\u1ee7a b\u00e1nh r\u0103ng th\u00e9p kh\u00f4ng g\u1ec9 \u0111\u1ec3 c\u00f3 hi\u1ec7u su\u1ea5t ho\u00e0n h\u1ea3o.<\/li>\n<li class=\"break-words\"><strong>K\u00edch n\u00e2ng v\u00e0 thi\u1ebft b\u1ecb n\u00e2ng<\/strong>:Trong thi\u1ebft b\u1ecb ph\u1ee5c h\u1ed3i ch\u1ee9c n\u0103ng ho\u1eb7c b\u00e0n ph\u1eabu thu\u1eadt, b\u00e1nh r\u0103ng th\u1eb3ng cung c\u1ea5p l\u1ee3i th\u1ebf c\u01a1 h\u1ecdc c\u1ea7n thi\u1ebft \u0111\u1ec3 x\u1eed l\u00fd b\u1ec7nh nh\u00e2n an to\u00e0n.<\/li>\n<\/ul>\n<p class=\"break-words\">C\u00e1c \u0111\u1eb7c t\u00ednh v\u1ed1n c\u00f3 c\u1ee7a th\u00e9p kh\u00f4ng g\u1ec9 - ch\u1ed1ng g\u1ec9, d\u1ec5 kh\u1eed tr\u00f9ng v\u00e0 b\u1ec1n - khi\u1ebfn n\u00f3 tr\u1edf th\u00e0nh v\u1eadt li\u1ec7u \u0111\u01b0\u1ee3c l\u1ef1a ch\u1ecdn cho c\u00e1c \u1ee9ng d\u1ee5ng n\u00e0y, \u0111\u1ea3m b\u1ea3o tu\u00e2n th\u1ee7 c\u00e1c ti\u00eau chu\u1ea9n y t\u1ebf nghi\u00eam ng\u1eb7t.<\/p>\n<div>\n<h4>FMP: \u0110\u1ed1i t\u00e1c \u0111\u00e1ng tin c\u1eady c\u1ee7a b\u1ea1n v\u1ec1 b\u00e1nh r\u0103ng tr\u1ee5 b\u1eb1ng th\u00e9p kh\u00f4ng g\u1ec9 t\u1ea1i \u00dd<\/h4>\n<p class=\"break-words\">T\u1ea1i FMP, ch\u00fang t\u00f4i t\u1ef1 h\u00e0o l\u00e0 nh\u00e0 s\u1ea3n xu\u1ea5t h\u00e0ng \u0111\u1ea7u v\u1ec1 b\u00e1nh r\u0103ng tr\u1ee5 th\u00e9p kh\u00f4ng g\u1ec9, ph\u1ee5c v\u1ee5 c\u00e1c OEM, nh\u00e0 ph\u00e2n ph\u1ed1i v\u00e0 th\u1ecb tr\u01b0\u1eddng m\u00e1y m\u00f3c ch\u00ednh x\u00e1c. V\u1edbi nhi\u1ec1u n\u0103m kinh nghi\u1ec7m, ch\u00fang t\u00f4i s\u1ea3n xu\u1ea5t \u0111a d\u1ea1ng c\u00e1c lo\u1ea1i b\u00e1nh r\u0103ng tr\u1ee5 b\u1eb1ng nhi\u1ec1u v\u1eadt li\u1ec7u kh\u00e1c nhau, bao g\u1ed3m th\u00e9p, th\u00e9p kh\u00f4ng g\u1ec9, nh\u00f4m v\u00e0 \u0111\u1ed3ng thau. C\u00e1c s\u1ea3n ph\u1ea9m c\u1ee7a ch\u00fang t\u00f4i bao g\u1ed3m:<\/p>\n<ul class=\"marker:text-secondary\">\n<li class=\"break-words\"><strong>B\u00e1nh r\u0103ng tr\u1ee5<\/strong>: C\u00f3 s\u1eb5n v\u1edbi tr\u1ee5c, k\u00edch th\u01b0\u1edbc l\u1ed7 b\u1eaft \u0111\u1ea7u t\u1eeb 0,437 inch v\u00e0 \u0111\u01b0\u1eddng k\u00ednh b\u01b0\u1edbc c\u00f3 th\u1ec3 t\u00f9y ch\u1ec9nh.<\/li>\n<li class=\"break-words\"><strong>B\u00e1nh r\u0103ng tr\u1ee5 t\u00f9y ch\u1ec9nh<\/strong>: Ph\u00f9 h\u1ee3p v\u1edbi y\u00eau c\u1ea7u c\u1ee5 th\u1ec3 c\u1ee7a b\u1ea1n, cho d\u00f9 \u0111\u00f3 l\u00e0 s\u1ed1 l\u01b0\u1ee3ng r\u0103ng, g\u00f3c \u00e1p su\u1ea5t hay v\u1eadt li\u1ec7u \u0111\u1ed9c \u0111\u00e1o.<\/li>\n<\/ul>\n<p class=\"break-words\">Ch\u00fang t\u00f4i hi\u1ec3u r\u1eb1ng m\u1ed7i d\u1ef1 \u00e1n \u0111\u1ec1u \u0111\u1ed9c \u0111\u00e1o. \u0110\u00f3 l\u00e0 l\u00fd do t\u1ea1i sao ch\u00fang t\u00f4i cung c\u1ea5p d\u1ecbch v\u1ee5 s\u1ea3n xu\u1ea5t b\u00e1nh r\u0103ng theo y\u00eau c\u1ea7u cho kh\u00e1ch h\u00e0ng tr\u00ean kh\u1eafp n\u01b0\u1edbc \u00dd, t\u1eeb c\u00e1c trung t\u00e2m c\u00f4ng nghi\u1ec7p s\u1ea7m u\u1ea5t c\u1ee7a Milan \u0111\u1ebfn c\u00e1c trung t\u00e2m c\u00f4ng ngh\u1ec7 ti\u00ean ti\u1ebfn c\u1ee7a Venice. Cho d\u00f9 b\u1ea1n c\u1ea7n b\u00e1nh r\u0103ng th\u1eb3ng, b\u00e1nh r\u0103ng c\u00f4n, b\u00e1nh r\u0103ng xo\u1eafn, hay th\u1eadm ch\u00ed l\u00e0 ph\u00f4i b\u00e1nh r\u0103ng, c\u00e1c k\u1ef9 s\u01b0 c\u1ee7a ch\u00fang t\u00f4i \u0111\u1ec1u \u0111\u01b0\u1ee3c trang b\u1ecb \u0111\u1ec3 cung c\u1ea5p c\u00e1c gi\u1ea3i ph\u00e1p ch\u1ebf t\u1ea1o ch\u00ednh x\u00e1c.<\/p>\n<h4>Kh\u00f4ng t\u00ecm th\u1ea5y m\u1eabu c\u1ee7a b\u1ea1n? H\u00e3y li\u00ean h\u1ec7 v\u1edbi ch\u00fang t\u00f4i!<\/h4>\n<p class=\"break-words\">N\u1ebfu b\u1ea1n \u0111ang xem danh s\u00e1ch s\u1ea3n ph\u1ea9m c\u1ee7a ch\u00fang t\u00f4i v\u00e0 kh\u00f4ng t\u00ecm th\u1ea5y \u0111\u00fang lo\u1ea1i b\u00e1nh r\u0103ng tr\u1ee5 b\u1eb1ng th\u00e9p kh\u00f4ng g\u1ec9 b\u1ea1n c\u1ea7n, \u0111\u1eebng lo l\u1eafng - c\u00f3 th\u1ec3 ch\u00fang t\u00f4i ch\u01b0a c\u00f3 c\u01a1 h\u1ed9i t\u1ea3i l\u00ean. Kho h\u00e0ng c\u1ee7a ch\u00fang t\u00f4i r\u1ea5t l\u1edbn, v\u00e0 n\u0103ng l\u1ef1c c\u1ee7a ch\u00fang t\u00f4i c\u00f2n v\u01b0\u1ee3t xa nh\u1eefng g\u00ec \u0111\u01b0\u1ee3c li\u1ec7t k\u00ea. Ch\u1ec9 c\u1ea7n g\u1eedi email cho ch\u00fang t\u00f4i v\u1edbi y\u00eau c\u1ea7u c\u1ee7a b\u1ea1n, \u0111\u1ed9i ng\u0169 c\u1ee7a ch\u00fang t\u00f4i s\u1ebd ph\u1ea3n h\u1ed3i trong v\u00f2ng <strong>24 gi\u1edd<\/strong>.<\/p>\n<p class=\"break-words\">\n<\/div>\n<\/div>\n<\/div>","protected":false},"excerpt":{"rendered":"<p>B\u00e1nh r\u0103ng tr\u1ee5 th\u00e9p kh\u00f4ng g\u1ec9 trong \u1ee9ng d\u1ee5ng y t\u1ebf Khi n\u00f3i \u0111\u1ebfn k\u1ef9 thu\u1eadt ch\u00ednh x\u00e1c, b\u00e1nh r\u0103ng tr\u1ee5 th\u00e9p kh\u00f4ng g\u1ec9 n\u1ed5i b\u1eadt l\u00e0 m\u1ed9t th\u00e0nh ph\u1ea7n quan tr\u1ecdng trong nhi\u1ec1u ng\u00e0nh c\u00f4ng nghi\u1ec7p, \u0111\u1eb7c bi\u1ec7t l\u00e0 trong l\u0129nh v\u1ef1c y t\u1ebf. T\u1ea1i FMP, ch\u00fang t\u00f4i chuy\u00ean s\u1ea3n xu\u1ea5t b\u00e1nh r\u0103ng tr\u1ee5 th\u00e9p kh\u00f4ng g\u1ec9 ch\u1ea5t l\u01b0\u1ee3ng cao, \u0111\u01b0\u1ee3c thi\u1ebft k\u1ebf ri\u00eang \u0111\u1ec3 \u0111\u00e1p \u1ee9ng c\u00e1c y\u00eau c\u1ea7u kh\u1eaft khe c\u1ee7a thi\u1ebft b\u1ecb y t\u1ebf. Cho d\u00f9 b\u1ea1n \u1edf Milan, [\u2026]<\/p>","protected":false},"featured_media":7412,"comment_status":"open","ping_status":"closed","template":"","meta":{"_et_pb_use_builder":"","_et_pb_old_content":"","_et_gb_content_width":""},"product_brand":[],"product_cat":[109],"product_tag":[],"class_list":{"0":"post-7404","1":"product","2":"type-product","3":"status-publish","4":"has-post-thumbnail","6":"product_cat-spur-gear","8":"first","9":"instock","10":"shipping-taxable","11":"product-type-simple"},"_links":{"self":[{"href":"https:\/\/fmp-components.com\/vi\/wp-json\/wp\/v2\/product\/7404","targetHints":{"allow":["GET"]}}],"collection":[{"href":"https:\/\/fmp-components.com\/vi\/wp-json\/wp\/v2\/product"}],"about":[{"href":"https:\/\/fmp-components.com\/vi\/wp-json\/wp\/v2\/types\/product"}],"replies":[{"embeddable":true,"href":"https:\/\/fmp-components.com\/vi\/wp-json\/wp\/v2\/comments?post=7404"}],"wp:featuredmedia":[{"embeddable":true,"href":"https:\/\/fmp-components.com\/vi\/wp-json\/wp\/v2\/media\/7412"}],"wp:attachment":[{"href":"https:\/\/fmp-components.com\/vi\/wp-json\/wp\/v2\/media?parent=7404"}],"wp:term":[{"taxonomy":"product_brand","embeddable":true,"href":"https:\/\/fmp-components.com\/vi\/wp-json\/wp\/v2\/product_brand?post=7404"},{"taxonomy":"product_cat","embeddable":true,"href":"https:\/\/fmp-components.com\/vi\/wp-json\/wp\/v2\/product_cat?post=7404"},{"taxonomy":"product_tag","embeddable":true,"href":"https:\/\/fmp-components.com\/vi\/wp-json\/wp\/v2\/product_tag?post=7404"}],"curies":[{"name":"wp","href":"https:\/\/api.w.org\/{rel}","templated":true}]}}