{"id":7398,"date":"2025-03-25T03:17:43","date_gmt":"2025-03-25T03:17:43","guid":{"rendered":"https:\/\/fmp-components.com\/?post_type=product&#038;p=7398"},"modified":"2025-03-26T08:39:56","modified_gmt":"2025-03-26T08:39:56","slug":"plastic-spur-gears-with-steel-core","status":"publish","type":"product","link":"https:\/\/fmp-components.com\/vi\/product\/plastic-spur-gears-with-steel-core\/","title":{"rendered":"B\u00e1nh r\u0103ng tr\u1ee5 nh\u1ef1a c\u00f3 l\u00f5i th\u00e9p"},"content":{"rendered":"<div>\n<h3>B\u00e1nh r\u0103ng tr\u1ee5 b\u1eb1ng nh\u1ef1a ch\u1ea5t l\u01b0\u1ee3ng cao<\/h3>\n<p class=\"break-words\">Khi n\u00f3i \u0111\u1ebfn c\u00e1c b\u1ed9 ph\u1eadn c\u01a1 kh\u00ed \u0111\u00e1ng tin c\u1eady v\u00e0 hi\u1ec7u qu\u1ea3, b\u00e1nh r\u0103ng tr\u1ee5 b\u1eb1ng nh\u1ef1a n\u1ed5i b\u1eadt nh\u01b0 m\u1ed9t gi\u1ea3i ph\u00e1p linh ho\u1ea1t v\u00e0 ti\u1ebft ki\u1ec7m chi ph\u00ed. T\u1ea1i FMP, ch\u00fang t\u00f4i t\u1ef1 h\u00e0o l\u00e0 nh\u00e0 s\u1ea3n xu\u1ea5t h\u00e0ng \u0111\u1ea7u v\u1ec1 b\u00e1nh r\u0103ng tr\u1ee5 b\u1eb1ng nh\u1ef1a, cung c\u1ea5p nhi\u1ec1u s\u1ea3n ph\u1ea9m ti\u00eau chu\u1ea9n v\u00e0 c\u00e1c gi\u1ea3i ph\u00e1p \u0111\u1eb7t l\u00e0m ri\u00eang ph\u00f9 h\u1ee3p v\u1edbi y\u00eau c\u1ea7u c\u1ee5 th\u1ec3 c\u1ee7a b\u1ea1n. Cho d\u00f9 b\u1ea1n \u1edf Milan, Venice, Florence, Bologna hay b\u1ea5t c\u1ee9 n\u01a1i n\u00e0o kh\u00e1c \u1edf \u00dd, FMP l\u00e0 \u0111\u1ed1i t\u00e1c \u0111\u00e1ng tin c\u1eady c\u1ee7a b\u1ea1n v\u1ec1 b\u00e1nh r\u0103ng tr\u1ee5 b\u1eb1ng nh\u1ef1a ch\u1ea5t l\u01b0\u1ee3ng cao, \u0111\u01b0\u1ee3c thi\u1ebft k\u1ebf \u0111\u1ec3 \u0111\u00e1p \u1ee9ng nhu c\u1ea7u c\u1ee7a nhi\u1ec1u ng\u00e0nh c\u00f4ng nghi\u1ec7p kh\u00e1c nhau.<\/p>\n<p><img loading=\"lazy\" decoding=\"async\" class=\"wp-image-7405 aligncenter\" src=\"https:\/\/fmp-components.com\/wp-content\/uploads\/2025\/03\/Plastic-spur-Gears.webp\" alt=\"B\u00e1nh r\u0103ng nh\u1ef1a\" width=\"734\" height=\"418\" title=\"\" srcset=\"https:\/\/fmp-components.com\/wp-content\/uploads\/2025\/03\/Plastic-spur-Gears.webp 734w, https:\/\/fmp-components.com\/wp-content\/uploads\/2025\/03\/Plastic-spur-Gears-480x273.webp 480w\" sizes=\"(min-width: 0px) and (max-width: 480px) 480px, (min-width: 481px) 734px, 100vw\" \/><\/p>\n<h4>T\u1ea1i sao n\u00ean ch\u1ecdn b\u00e1nh r\u0103ng tr\u1ee5 b\u1eb1ng nh\u1ef1a?<\/h4>\n<p class=\"break-words\">B\u00e1nh r\u0103ng tr\u1ee5 b\u1eb1ng nh\u1ef1a l\u00e0 l\u1ef1a ch\u1ecdn ph\u1ed5 bi\u1ebfn nh\u1edd tr\u1ecdng l\u01b0\u1ee3ng nh\u1eb9, kh\u1ea3 n\u0103ng ch\u1ed1ng \u0103n m\u00f2n v\u00e0 ho\u1ea1t \u0111\u1ed9ng \u00eam \u00e1i h\u01a1n so v\u1edbi b\u00e1nh r\u0103ng tr\u1ee5 b\u1eb1ng kim lo\u1ea1i. Lo\u1ea1i b\u00e1nh r\u0103ng n\u00e0y l\u00fd t\u01b0\u1edfng cho c\u00e1c \u1ee9ng d\u1ee5ng trong h\u1ec7 th\u1ed1ng \u00f4 t\u00f4, thi\u1ebft b\u1ecb y t\u1ebf, robot v\u00e0 thi\u1ebft b\u1ecb \u0111i\u1ec7n t\u1eed ti\u00eau d\u00f9ng. T\u1ea1i FMP, ch\u00fang t\u00f4i s\u1eed d\u1ee5ng c\u00e1c v\u1eadt li\u1ec7u ti\u00ean ti\u1ebfn nh\u01b0 nylon, acetal (POM) v\u00e0 polycarbonate \u0111\u1ec3 \u0111\u1ea3m b\u1ea3o \u0111\u1ed9 b\u1ec1n, \u0111\u1ed9 ch\u00ednh x\u00e1c v\u00e0 hi\u1ec7u su\u1ea5t tuy\u1ec7t v\u1eddi trong nhi\u1ec1u \u0111i\u1ec1u ki\u1ec7n kh\u00e1c nhau.<\/p>\n<\/div>\n<table style=\"border-collapse: collapse; width: 98.7077%; height: 14px;\" border=\"0\" width=\"162\" cellspacing=\"0\" cellpadding=\"0\">\n<tbody>\n<tr style=\"height: 14.40pt;\">\n<td style=\"height: 14px; width: 48.6pt;\" align=\"right\" width=\"81\" height=\"24\"><img loading=\"lazy\" decoding=\"async\" class=\"wp-image-7399 aligncenter\" src=\"https:\/\/fmp-components.com\/wp-content\/uploads\/2025\/03\/spur-gear-5.webp\" alt=\"B\u00e1nh r\u0103ng tr\u1ee5 b\u1eb1ng nh\u1ef1a\" width=\"435\" height=\"290\" title=\"\" srcset=\"https:\/\/fmp-components.com\/wp-content\/uploads\/2025\/03\/spur-gear-5.webp 300w, https:\/\/fmp-components.com\/wp-content\/uploads\/2025\/03\/spur-gear-5-18x12.webp 18w\" sizes=\"(max-width: 435px) 100vw, 435px\" \/><\/td>\n<td style=\"width: 48.6pt; height: 14px;\" align=\"right\" width=\"81\"><img loading=\"lazy\" decoding=\"async\" class=\"wp-image-7400 aligncenter\" src=\"https:\/\/fmp-components.com\/wp-content\/uploads\/2025\/03\/spur-gear-4.webp\" alt=\"B\u00e1nh r\u0103ng tr\u1ee5 b\u1eb1ng nh\u1ef1a\" width=\"410\" height=\"273\" title=\"\" srcset=\"https:\/\/fmp-components.com\/wp-content\/uploads\/2025\/03\/spur-gear-4.webp 300w, https:\/\/fmp-components.com\/wp-content\/uploads\/2025\/03\/spur-gear-4-18x12.webp 18w\" sizes=\"(max-width: 410px) 100vw, 410px\" \/><\/td>\n<\/tr>\n<\/tbody>\n<\/table>\n<h2>\u0110\u1eb7c \u0111i\u1ec3m k\u1ef9 thu\u1eadt<\/h2>\n<div class=\"row\">\n<div class=\"col-xs-12\">\n<div id=\"specifications\" class=\"pdct-table\">\n<div class=\"row\">\n<div class=\"col-xs-12 col-sm-6\">\n<div class=\"table-wrap\">\n<table class=\"table table-striped\" style=\"height: 400px; width: 100%; border-style: solid; border-color: #0f0b0b;\" border=\"1\">\n<thead>\n<tr>\n<th colspan=\"2\">Th\u00f4ng s\u1ed1 k\u1ef9 thu\u1eadt b\u00e1nh r\u0103ng tr\u1ee5 b\u1eb1ng nh\u1ef1a l\u00f5i th\u00e9p<\/th>\n<\/tr>\n<\/thead>\n<tbody class=\"specification-table\">\n<tr>\n<td><b>\u0110\u1ed9 ch\u00ednh x\u00e1c<\/b><\/td>\n<td>C\u1ea5p JIS N9 (JIS B1702-1: 1998) JIS c\u1ea5p 5 (JIS B1702: 1976)<\/td>\n<\/tr>\n<tr>\n<td><b>R\u0103ng b\u00e1nh r\u0103ng<\/b><\/td>\n<td>\u0110\u1ed9 s\u00e2u ti\u00eau chu\u1ea9n<\/td>\n<\/tr>\n<tr>\n<td><b>G\u00f3c \u00e1p su\u1ea5t<\/b><\/td>\n<td>20\u00b0<\/td>\n<\/tr>\n<tr>\n<td><b>V\u1eadt li\u1ec7u<\/b><\/td>\n<td>MC602ST v\u1edbi l\u00f5i S45C<\/td>\n<\/tr>\n<tr>\n<td><b>X\u1eed l\u00fd nhi\u1ec7t<\/b><\/td>\n<td>\u2014<\/td>\n<\/tr>\n<tr>\n<td><b>\u0110\u1ed9 c\u1ee9ng c\u1ee7a r\u0103ng<\/b><\/td>\n<td>(115 ~ 120 gi\u1edd\/tu\u1ea7n)<\/td>\n<\/tr>\n<\/tbody>\n<\/table>\n<\/div>\n<\/div>\n<div class=\"col-xs-12 col-sm-6\">\n<div class=\"table-wrap\"><span style=\"color: #333333; font-size: 26px;\">\u00a0<\/span><\/div>\n<\/div>\n<\/div>\n<\/div>\n<\/div>\n<\/div>\n<div id=\"table-wrap\">\n<div class=\"gear-rge\">\n<div class=\"table-responsive\">\n<table class=\"product-list-table table-striped table table-bordered\" style=\"height: 352px; width: 100%; border-style: solid; border-color: #0f0b0b;\" border=\"1\">\n<tbody>\n<tr class=\"product-names\" style=\"height: 44px;\">\n<th style=\"height: 44px;\" colspan=\"4\">M\u00e3 s\u1ea3n ph\u1ea9m: NSU1-50<\/th>\n<\/tr>\n<tr class=\"product-fields\" style=\"height: 44px;\">\n<th class=\"odd\" style=\"height: 44px;\">M\u00f4-\u0111un<\/th>\n<td class=\"odd\" style=\"height: 44px;\">1<\/td>\n<th class=\"even\" style=\"height: 44px;\">S\u1ed1 r\u0103ng<\/th>\n<td class=\"even\" style=\"height: 44px;\">50<\/td>\n<\/tr>\n<tr class=\"product-fields\" style=\"height: 44px;\">\n<th class=\"odd\" style=\"height: 44px;\">H\u00ecnh d\u1ea1ng<\/th>\n<td class=\"odd\" style=\"height: 44px;\">S1<\/td>\n<th class=\"even\" style=\"height: 44px;\">\u0110\u01b0\u1eddng k\u00ednh (A)<\/th>\n<td class=\"even\" style=\"height: 44px;\">10mm<\/td>\n<\/tr>\n<tr class=\"product-fields\" style=\"height: 44px;\">\n<th class=\"odd\" style=\"height: 44px;\">\u0110\u01b0\u1eddng k\u00ednh tr\u1ee5c (B)<\/th>\n<td class=\"odd\" style=\"height: 44px;\">30mm<\/td>\n<th class=\"even\" style=\"height: 44px;\">\u0110\u01b0\u1eddng k\u00ednh b\u01b0\u1edbc (C)<\/th>\n<td class=\"even\" style=\"height: 44px;\">50mm<\/td>\n<\/tr>\n<tr class=\"product-fields\" style=\"height: 44px;\">\n<th class=\"odd\" style=\"height: 44px;\">\u0110\u01b0\u1eddng k\u00ednh ngo\u00e0i (D)<\/th>\n<td class=\"odd\" style=\"height: 44px;\">52mm<\/td>\n<th class=\"even\" style=\"height: 44px;\">Chi\u1ec1u r\u1ed9ng m\u1eb7t (E)<\/th>\n<td class=\"even\" style=\"height: 44px;\">10mm<\/td>\n<\/tr>\n<tr class=\"product-fields\" style=\"height: 44px;\">\n<th class=\"odd\" style=\"height: 44px;\">Chi\u1ec1u r\u1ed9ng tr\u1ee5c (F)<\/th>\n<td class=\"odd\" style=\"height: 44px;\">10mm<\/td>\n<th class=\"even\" style=\"height: 44px;\">T\u1ed5ng chi\u1ec1u d\u00e0i (G)<\/th>\n<td class=\"even\" style=\"height: 44px;\">20mm<\/td>\n<\/tr>\n<tr class=\"product-fields\" style=\"height: 44px;\">\n<th class=\"odd\" style=\"height: 44px;\">\u0110\u01b0\u1eddng k\u00ednh l\u00f5i kim lo\u1ea1i<\/th>\n<td class=\"odd\" style=\"height: 44px;\">34<\/td>\n<th class=\"even\" style=\"height: 44px;\">M\u00e3 s\u1ed1 lo\u1ea1t<\/th>\n<td class=\"even\" style=\"height: 44px;\">12<\/td>\n<\/tr>\n<tr class=\"product-fields\" style=\"height: 44px;\">\n<th class=\"odd\" style=\"height: 44px;\">Ph\u1ea3n \u1ee9ng ti\u00eau c\u1ef1c th\u1ea5p<\/th>\n<td class=\"odd\" style=\"height: 44px;\">0mm<\/td>\n<th class=\"even\" style=\"height: 44px;\">Ph\u1ea3n \u1ee9ng d\u1eef d\u1ed9i<\/th>\n<td class=\"even\" style=\"height: 44px;\">0,34mm<\/td>\n<\/tr>\n<\/tbody>\n<\/table>\n<div>\n<table style=\"border-collapse: collapse; width: 98.7077%; height: 14px;\" border=\"0\" width=\"162\" cellspacing=\"0\" cellpadding=\"0\">\n<tbody>\n<tr style=\"height: 14.40pt;\">\n<td style=\"height: 14px; width: 48.6pt;\" align=\"right\" width=\"81\" height=\"24\"><img loading=\"lazy\" decoding=\"async\" class=\"wp-image-7402 aligncenter\" src=\"https:\/\/fmp-components.com\/wp-content\/uploads\/2025\/03\/spur-gear-7.webp\" alt=\"b\u00e1nh r\u0103ng th\u1eb3ng\" width=\"353\" height=\"235\" title=\"\" srcset=\"https:\/\/fmp-components.com\/wp-content\/uploads\/2025\/03\/spur-gear-7.webp 300w, https:\/\/fmp-components.com\/wp-content\/uploads\/2025\/03\/spur-gear-7-18x12.webp 18w\" sizes=\"(max-width: 353px) 100vw, 353px\" \/><\/td>\n<td style=\"width: 48.6pt; height: 14px;\" align=\"right\" width=\"81\"><img loading=\"lazy\" decoding=\"async\" class=\"size-full wp-image-7403 aligncenter\" src=\"https:\/\/fmp-components.com\/wp-content\/uploads\/2025\/03\/spur-gear-6.webp\" alt=\"b\u00e1nh r\u0103ng th\u1eb3ng\" width=\"300\" height=\"200\" title=\"\" srcset=\"https:\/\/fmp-components.com\/wp-content\/uploads\/2025\/03\/spur-gear-6.webp 300w, https:\/\/fmp-components.com\/wp-content\/uploads\/2025\/03\/spur-gear-6-18x12.webp 18w\" sizes=\"(max-width: 300px) 100vw, 300px\" \/><\/td>\n<\/tr>\n<\/tbody>\n<\/table>\n<h4>FMP: Ngu\u1ed3n cung c\u1ea5p b\u00e1nh r\u0103ng tr\u1ee5 b\u1eb1ng nh\u1ef1a h\u00e0ng \u0111\u1ea7u t\u1ea1i \u00dd<\/h4>\n<p class=\"break-words\">D\u1ef1a tr\u00ean nhi\u1ec1u n\u0103m kinh nghi\u1ec7m, FMP s\u1ea3n xu\u1ea5t m\u1ed9t lo\u1ea1t c\u00e1c s\u1ea3n ph\u1ea9m nh\u1ef1a \u0111a d\u1ea1ng. <a href=\"https:\/\/fmp-components.com\/vi\/spur-gear-2\/\">b\u00e1nh r\u0103ng th\u1eb3ng<\/a> Ph\u00f9 h\u1ee3p v\u1edbi c\u00e1c doanh nghi\u1ec7p tr\u00ean kh\u1eafp n\u01b0\u1edbc \u00dd, t\u1eeb c\u00e1c trung t\u00e2m c\u00f4ng nghi\u1ec7p Milan v\u00e0 Bologna \u0111\u1ebfn c\u00e1c v\u00f9ng ti\u00ean phong v\u1ec1 \u0111\u1ed5i m\u1edbi s\u00e1ng t\u1ea1o nh\u01b0 Florence v\u00e0 Venice. D\u00f2ng s\u1ea3n ph\u1ea9m c\u1ee7a ch\u00fang t\u00f4i bao g\u1ed3m c\u00e1c lo\u1ea1i b\u00e1nh r\u0103ng v\u1edbi nhi\u1ec1u k\u00edch c\u1ee1, s\u1ed1 r\u0103ng v\u00e0 th\u00f4ng s\u1ed1 k\u1ef9 thu\u1eadt kh\u00e1c nhau, \u0111\u1ea3m b\u1ea3o b\u1ea1n s\u1ebd t\u00ecm th\u1ea5y s\u1ea3n ph\u1ea9m ho\u00e0n h\u1ea3o cho d\u1ef1 \u00e1n c\u1ee7a m\u00ecnh.<\/p>\n<ul class=\"marker:text-secondary\">\n<li class=\"break-words\"><strong>B\u00e1nh r\u0103ng tr\u1ee5 b\u1eb1ng nh\u1ef1a ti\u00eau chu\u1ea9n<\/strong>C\u00f3 nhi\u1ec1u c\u1ea5u h\u00ecnh kh\u00e1c nhau, c\u00e1c thi\u1ebft b\u1ecb s\u1eb5n s\u00e0ng s\u1eed d\u1ee5ng c\u1ee7a ch\u00fang t\u00f4i \u0111\u01b0\u1ee3c thi\u1ebft k\u1ebf \u0111\u1ec3 t\u00edch h\u1ee3p li\u1ec1n m\u1ea1ch v\u00e0o h\u1ec7 th\u1ed1ng c\u1ee7a b\u1ea1n.<\/li>\n<li class=\"break-words\"><strong>B\u00e1nh r\u0103ng tr\u1ee5 b\u1eb1ng nh\u1ef1a t\u00f9y ch\u1ec9nh<\/strong>B\u1ea1n c\u1ea7n m\u1ed9t thi\u1ebft k\u1ebf \u0111\u1ed9c \u0111\u00e1o? FMP chuy\u00ean v\u1ec1 thi\u1ebft k\u1ebf theo y\u00eau c\u1ea7u. Cho d\u00f9 \u0111\u00f3 l\u00e0 m\u00f4-\u0111un, kho\u1ea3ng c\u00e1ch gi\u1eefa c\u00e1c t\u1ea5m pin hay y\u00eau c\u1ea7u v\u1ec1 v\u1eadt li\u1ec7u c\u1ee5 th\u1ec3, \u0111\u1ed9i ng\u0169 c\u1ee7a ch\u00fang t\u00f4i s\u1ebd h\u1ee3p t\u00e1c ch\u1eb7t ch\u1ebd v\u1edbi b\u1ea1n \u0111\u1ec3 cung c\u1ea5p ch\u00ednh x\u00e1c nh\u1eefng g\u00ec b\u1ea1n c\u1ea7n.<\/li>\n<\/ul>\n<p class=\"break-words\">Danh m\u1ee5c s\u1ea3n ph\u1ea9m tr\u1ef1c tuy\u1ebfn c\u1ee7a ch\u00fang t\u00f4i li\u00ean t\u1ee5c \u0111\u01b0\u1ee3c m\u1edf r\u1ed9ng, nh\u01b0ng n\u1ebfu b\u1ea1n kh\u00f4ng th\u1ea5y ch\u00ednh x\u00e1c lo\u1ea1i b\u00e1nh r\u0103ng nh\u1ef1a b\u1ea1n \u0111ang t\u00ecm ki\u1ebfm, \u0111\u1eebng lo l\u1eafng \u2014 ch\u00fang t\u00f4i ch\u01b0a c\u00f3 c\u01a1 h\u1ed9i li\u1ec7t k\u00ea t\u1ea5t c\u1ea3 c\u00e1c l\u1ef1a ch\u1ecdn! \u0110\u1ed1i v\u1edbi kh\u00e1ch h\u00e0ng \u1edf Milan, Venice, Florence, Bologna ho\u1eb7c c\u00e1c khu v\u1ef1c kh\u00e1c, ch\u00fang t\u00f4i khuy\u1ebfn kh\u00edch b\u1ea1n li\u00ean h\u1ec7 tr\u1ef1c ti\u1ebfp. Ch\u1ec9 c\u1ea7n g\u1eedi email cho ch\u00fang t\u00f4i v\u1edbi th\u00f4ng tin chi ti\u1ebft v\u1ec1 m\u1eabu s\u1ea3n ph\u1ea9m b\u1ea1n c\u1ea7n, v\u00e0 c\u00e1c k\u1ef9 s\u01b0 l\u00e0nh ngh\u1ec1 c\u1ee7a ch\u00fang t\u00f4i s\u1ebd ph\u1ea3n h\u1ed3i trong th\u1eddi gian s\u1edbm nh\u1ea5t. <strong>24 gi\u1edd<\/strong> v\u1edbi gi\u1ea3i ph\u00e1p \u0111\u01b0\u1ee3c thi\u1ebft k\u1ebf ri\u00eang.<\/p>\n<\/div>\n<\/div>\n<\/div>\n<\/div>\n<h3>B\u00e1nh r\u0103ng tr\u1ee5 b\u1eb1ng nh\u1ef1a li\u00ean quan<\/h3>\n<p><img loading=\"lazy\" decoding=\"async\" class=\"size-full wp-image-7409 aligncenter\" src=\"https:\/\/fmp-components.com\/wp-content\/uploads\/2025\/03\/ralated-plastic-spur-gear.webp\" alt=\"b\u00e1nh r\u0103ng nh\u1ef1a li\u00ean quan\" width=\"900\" height=\"900\" title=\"\" srcset=\"https:\/\/fmp-components.com\/wp-content\/uploads\/2025\/03\/ralated-plastic-spur-gear.webp 900w, https:\/\/fmp-components.com\/wp-content\/uploads\/2025\/03\/ralated-plastic-spur-gear-480x480.webp 480w\" sizes=\"(min-width: 0px) and (max-width: 480px) 480px, (min-width: 481px) 900px, 100vw\" \/><\/p>\n<p>&nbsp;<\/p>","protected":false},"excerpt":{"rendered":"<p>High-Quality Plastic Spur Gears When it comes to reliable and efficient mechanical components, plastic spur gears stand out as a versatile and cost-effective solution. At FMP, we take pride in being a leading manufacturer of plastic spur gears, offering a wide range of standard products and bespoke solutions tailored to your specific requirements. Whether you&#8217;re [&hellip;]<\/p>","protected":false},"featured_media":7406,"comment_status":"open","ping_status":"closed","template":"","meta":{"_et_pb_use_builder":"","_et_pb_old_content":"","_et_gb_content_width":""},"product_brand":[],"product_cat":[109],"product_tag":[],"class_list":{"0":"post-7398","1":"product","2":"type-product","3":"status-publish","4":"has-post-thumbnail","6":"product_cat-spur-gear","8":"first","9":"instock","10":"shipping-taxable","11":"product-type-simple"},"_links":{"self":[{"href":"https:\/\/fmp-components.com\/vi\/wp-json\/wp\/v2\/product\/7398","targetHints":{"allow":["GET"]}}],"collection":[{"href":"https:\/\/fmp-components.com\/vi\/wp-json\/wp\/v2\/product"}],"about":[{"href":"https:\/\/fmp-components.com\/vi\/wp-json\/wp\/v2\/types\/product"}],"replies":[{"embeddable":true,"href":"https:\/\/fmp-components.com\/vi\/wp-json\/wp\/v2\/comments?post=7398"}],"wp:featuredmedia":[{"embeddable":true,"href":"https:\/\/fmp-components.com\/vi\/wp-json\/wp\/v2\/media\/7406"}],"wp:attachment":[{"href":"https:\/\/fmp-components.com\/vi\/wp-json\/wp\/v2\/media?parent=7398"}],"wp:term":[{"taxonomy":"product_brand","embeddable":true,"href":"https:\/\/fmp-components.com\/vi\/wp-json\/wp\/v2\/product_brand?post=7398"},{"taxonomy":"product_cat","embeddable":true,"href":"https:\/\/fmp-components.com\/vi\/wp-json\/wp\/v2\/product_cat?post=7398"},{"taxonomy":"product_tag","embeddable":true,"href":"https:\/\/fmp-components.com\/vi\/wp-json\/wp\/v2\/product_tag?post=7398"}],"curies":[{"name":"wp","href":"https:\/\/api.w.org\/{rel}","templated":true}]}}