{"id":7390,"date":"2025-03-25T02:48:22","date_gmt":"2025-03-25T02:48:22","guid":{"rendered":"https:\/\/fmp-components.com\/?post_type=product&#038;p=7390"},"modified":"2025-03-26T08:40:29","modified_gmt":"2025-03-26T08:40:29","slug":"tractor-spur-gears","status":"publish","type":"product","link":"https:\/\/fmp-components.com\/vi\/product\/tractor-spur-gears\/","title":{"rendered":"B\u00e1nh r\u0103ng tr\u1ee5 m\u00e1y k\u00e9o"},"content":{"rendered":"<div>\n<h3>Vai tr\u00f2 c\u1ee7a b\u00e1nh r\u0103ng tr\u1ee5 trong m\u00e1y k\u00e9o<\/h3>\n<p class=\"break-words\">Khi n\u00f3i \u0111\u1ebfn nh\u1eefng c\u1ed7 m\u00e1y m\u1ea1nh m\u1ebd v\u1eadn h\u00e0nh c\u00e1c v\u00f9ng n\u00f4ng nghi\u1ec7p tr\u1ecdng \u0111i\u1ec3m c\u1ee7a \u00dd - ch\u1eb3ng h\u1ea1n nh\u01b0 nh\u1eefng c\u00e1nh \u0111\u1ed3ng m\u00e0u m\u1ee1 g\u1ea7n Milan, nh\u1eefng ng\u1ecdn \u0111\u1ed3i thoai tho\u1ea3i \u1edf Tuscany quanh Florence, hay nh\u1eefng \u0111\u1ed3ng b\u1eb1ng tr\u00f9 ph\u00fa \u1edf Bologna - m\u00e1y k\u00e9o l\u00e0 thi\u1ebft b\u1ecb kh\u00f4ng th\u1ec3 thi\u1ebfu. C\u1ed1t l\u00f5i c\u1ee7a nh\u1eefng c\u1ed7 m\u00e1y n\u00e0y l\u00e0 m\u1ed9t b\u1ed9 ph\u1eadn quan tr\u1ecdng: <a href=\"https:\/\/fmp-components.com\/vi\/spur-gear-2\/\">b\u00e1nh r\u0103ng th\u1eb3ng<\/a>L\u00e0 nh\u00e0 s\u1ea3n xu\u1ea5t h\u00e0ng \u0111\u1ea7u v\u1ec1 b\u00e1nh r\u0103ng th\u1eb3ng ch\u1ea5t l\u01b0\u1ee3ng cao, C\u00f4ng ty FMP t\u1ef1 h\u00e0o h\u1ed7 tr\u1ee3 c\u00e1c ng\u00e0nh c\u00f4ng nghi\u1ec7p tr\u00ean kh\u1eafp n\u01b0\u1edbc \u00dd, t\u1eeb Venice \u0111\u1ebfn Florence, v\u1edbi c\u00e1c gi\u1ea3i ph\u00e1p \u0111\u01b0\u1ee3c thi\u1ebft k\u1ebf ch\u00ednh x\u00e1c ph\u00f9 h\u1ee3p v\u1edbi c\u00e1c \u1ee9ng d\u1ee5ng m\u00e1y k\u00e9o v\u00e0 h\u01a1n th\u1ebf n\u1eefa.<\/p>\n<table style=\"border-collapse: collapse; width: 97.3608%; height: 31px;\" border=\"0\" width=\"243\" cellspacing=\"0\" cellpadding=\"0\">\n<tbody>\n<tr style=\"height: 14.40pt;\">\n<td style=\"height: 14.40pt; width: 48.60pt;\" align=\"right\" width=\"81\" height=\"24\">\u00a0<img loading=\"lazy\" decoding=\"async\" class=\"size-full wp-image-7393 aligncenter\" src=\"https:\/\/fmp-components.com\/wp-content\/uploads\/2025\/03\/spur-gear-in-tractor-2.webp\" alt=\"b\u00e1nh r\u0103ng th\u1eb3ng trong m\u00e1y k\u00e9o\" width=\"800\" height=\"800\" title=\"\" srcset=\"https:\/\/fmp-components.com\/wp-content\/uploads\/2025\/03\/spur-gear-in-tractor-2.webp 800w, https:\/\/fmp-components.com\/wp-content\/uploads\/2025\/03\/spur-gear-in-tractor-2-480x480.webp 480w\" sizes=\"(min-width: 0px) and (max-width: 480px) 480px, (min-width: 481px) 800px, 100vw\" \/><\/td>\n<td style=\"width: 48.60pt;\" align=\"right\" width=\"81\"><img loading=\"lazy\" decoding=\"async\" class=\"size-full wp-image-7394 aligncenter\" src=\"https:\/\/fmp-components.com\/wp-content\/uploads\/2025\/03\/spur-gear-in-tractor-3.webp\" alt=\"b\u00e1nh r\u0103ng th\u1eb3ng trong m\u00e1y k\u00e9o\" width=\"800\" height=\"800\" title=\"\" srcset=\"https:\/\/fmp-components.com\/wp-content\/uploads\/2025\/03\/spur-gear-in-tractor-3.webp 800w, https:\/\/fmp-components.com\/wp-content\/uploads\/2025\/03\/spur-gear-in-tractor-3-480x480.webp 480w\" sizes=\"(min-width: 0px) and (max-width: 480px) 480px, (min-width: 481px) 800px, 100vw\" \/><\/td>\n<td style=\"width: 48.60pt;\" align=\"right\" width=\"81\"><img loading=\"lazy\" decoding=\"async\" class=\"size-full wp-image-7392 aligncenter\" src=\"https:\/\/fmp-components.com\/wp-content\/uploads\/2025\/03\/spur-gear-in-tractor-1.webp\" alt=\"b\u00e1nh r\u0103ng th\u1eb3ng trong m\u00e1y k\u00e9o\" width=\"800\" height=\"800\" title=\"\" srcset=\"https:\/\/fmp-components.com\/wp-content\/uploads\/2025\/03\/spur-gear-in-tractor-1.webp 800w, https:\/\/fmp-components.com\/wp-content\/uploads\/2025\/03\/spur-gear-in-tractor-1-480x480.webp 480w\" sizes=\"(min-width: 0px) and (max-width: 480px) 480px, (min-width: 481px) 800px, 100vw\" \/><\/td>\n<\/tr>\n<\/tbody>\n<\/table>\n<\/div>\n<h3>Th\u00f4ng s\u1ed1 k\u1ef9 thu\u1eadt<\/h3>\n<table style=\"width: 103.5%; height: 281px;\" border=\"1\">\n<tbody>\n<tr>\n<td style=\"width: 33.1311%;\"><strong>T\u00ean s\u1ea3n ph\u1ea9m<\/strong><\/td>\n<td style=\"width: 66.1408%;\">B\u00e1nh r\u0103ng th\u1eb3ng c\u1ee7a m\u00e1y k\u00e9o c\u00f3 17 b\u00e1nh r\u0103ng<\/td>\n<\/tr>\n<tr>\n<td style=\"width: 33.1311%;\"><strong>\u1ee8ng d\u1ee5ng\u00a0<\/strong><\/td>\n<td style=\"width: 66.1408%;\">M\u00e1y k\u00e9o<\/td>\n<\/tr>\n<tr>\n<td style=\"width: 33.1311%;\"><strong>Nguy\u00ean v\u1eadt li\u1ec7u<\/strong><\/td>\n<td style=\"width: 66.1408%;\">Th\u00e9p<\/td>\n<\/tr>\n<tr>\n<td style=\"width: 33.1311%;\"><strong>K\u00edch c\u1ee1<\/strong><\/td>\n<td style=\"width: 66.1408%;\">5cm*9cm*9cm<\/td>\n<\/tr>\n<tr>\n<td style=\"width: 33.1311%;\"><strong>C\u00e2n n\u1eb7ng<\/strong><\/td>\n<td style=\"width: 66.1408%;\">0,87kg<\/td>\n<\/tr>\n<tr>\n<td style=\"width: 33.1311%;\"><strong>OEM\u00a0<\/strong><\/td>\n<td style=\"width: 66.1408%;\">50-1701212A<\/td>\n<\/tr>\n<tr>\n<td style=\"width: 33.1311%;\"><strong>MOQ<\/strong><\/td>\n<td style=\"width: 66.1408%;\">30<\/td>\n<\/tr>\n<tr>\n<td style=\"width: 33.1311%;\"><strong>\u0110\u01b0\u1eddng k\u00ednh<\/strong><\/td>\n<td style=\"width: 66.1408%;\">9CM<\/td>\n<\/tr>\n<tr>\n<td style=\"width: 33.1311%;\"><strong>Ch\u1ea5t l\u01b0\u1ee3ng<\/strong><\/td>\n<td style=\"width: 66.1408%;\">100% \u0111\u00e3 \u0111\u01b0\u1ee3c ki\u1ec3m tra<\/td>\n<\/tr>\n<tr>\n<td style=\"width: 33.1311%;\"><strong>\u0110\u00f3ng g\u00f3i<\/strong><\/td>\n<td style=\"width: 66.1408%;\">Th\u00f9ng carton<\/td>\n<\/tr>\n<\/tbody>\n<\/table>\n<div>\n<h2>B\u00e1nh r\u0103ng tr\u1ee5 trong m\u00e1y k\u00e9o<\/h2>\n<p class=\"break-words\">Trong m\u00e1y k\u00e9o, b\u00e1nh r\u0103ng tr\u1ee5 \u0111\u00f3ng vai tr\u00f2 then ch\u1ed1t trong h\u1ec7 th\u1ed1ng truy\u1ec1n \u0111\u1ed9ng, \u0111\u1ea3m b\u1ea3o truy\u1ec1n l\u1ef1c m\u01b0\u1ee3t m\u00e0 t\u1eeb \u0111\u1ed9ng c\u01a1 \u0111\u1ebfn c\u00e1c b\u00e1nh xe. V\u00ed d\u1ee5, b\u00e1nh r\u0103ng tr\u1ee5 c\u1ee7a ch\u00fang t\u00f4i, gi\u1ed1ng nh\u01b0 lo\u1ea1i \u0111\u01b0\u1ee3c s\u1eed d\u1ee5ng trong c\u00e1c \u1ee9ng d\u1ee5ng b\u1ed9t m\u00e1y k\u00e9o, \u0111\u01b0\u1ee3c ch\u1ebf t\u1ea1o v\u1edbi \u0111\u1ed9 ch\u00ednh x\u00e1c cao (\u0111\u1ed9 ch\u00ednh x\u00e1c ISO6) \u0111\u1ec3 \u0111\u00e1p \u1ee9ng c\u00e1c \u0111i\u1ec1u ki\u1ec7n kh\u1eafc nghi\u1ec7t c\u1ee7a c\u00f4ng vi\u1ec7c n\u00f4ng nghi\u1ec7p. D\u01b0\u1edbi \u0111\u00e2y l\u00e0 nh\u1eefng \u0111\u00f3ng g\u00f3p c\u1ee7a ch\u00fang:<\/p>\n<ul class=\"marker:text-secondary\">\n<li class=\"break-words\"><strong>Truy\u1ec1n t\u1ea3i \u0111i\u1ec7n<\/strong>: B\u00e1nh r\u0103ng th\u1eb3ng truy\u1ec1n n\u0103ng l\u01b0\u1ee3ng quay hi\u1ec7u qu\u1ea3 gi\u1eefa c\u00e1c tr\u1ee5c song song, d\u1eabn \u0111\u1ed9ng b\u00e1nh xe v\u00e0 c\u00e1c ph\u1ee5 t\u00f9ng c\u1ee7a m\u00e1y k\u00e9o.<\/li>\n<li class=\"break-words\"><strong>\u0110\u1ed9 b\u1ec1n<\/strong>: \u0110\u01b0\u1ee3c l\u00e0m t\u1eeb v\u1eadt li\u1ec7u b\u1ec1n ch\u1eafc nh\u01b0 16MnCrn5 v\u00e0 \u0111\u01b0\u1ee3c x\u1eed l\u00fd nhi\u1ec7t qua qu\u00e1 tr\u00ecnh th\u1ea5m cacbon \u0111\u1ebfn \u0111\u1ed9 c\u1ee9ng 58-62 HRC, b\u00e1nh r\u0103ng c\u1ee7a ch\u00fang t\u00f4i ch\u1ecbu \u0111\u01b0\u1ee3c s\u1ef1 hao m\u00f2n c\u1ee7a c\u00e1c nhi\u1ec7m v\u1ee5 n\u1eb7ng nh\u1ecdc.<\/li>\n<li class=\"break-words\"><strong>\u0110\u1ed9 ch\u00ednh x\u00e1c<\/strong>:V\u1edbi m\u00f4-\u0111un 4,6 v\u00e0 g\u00f3c \u00e1p su\u1ea5t 20\u00b0, b\u00e1nh r\u0103ng tr\u1ee5 c\u1ee7a ch\u00fang t\u00f4i c\u00f3 c\u00e1c s\u1eeda \u0111\u1ed5i v\u1ec1 h\u00ecnh d\u1ea1ng v\u00e0 b\u01b0\u1edbc (t\u1ed1i \u01b0u h\u00f3a bi\u1ec3u \u0111\u1ed3 K) \u0111\u1ec3 gi\u1ea3m thi\u1ec3u ti\u1ebfng \u1ed3n v\u00e0 \u0111\u1ea1t hi\u1ec7u su\u1ea5t t\u1ed1i \u0111a.<\/li>\n<\/ul>\n<p class=\"break-words\">T\u1eeb nh\u1eefng v\u01b0\u1eddn nho \u1edf Florence \u0111\u1ebfn c\u00e1c trung t\u00e2m c\u00f4ng nghi\u1ec7p \u1edf Milan, n\u00f4ng d\u00e2n v\u00e0 nh\u00e0 s\u1ea3n xu\u1ea5t \u00dd \u0111\u1ec1u tin t\u01b0\u1edfng v\u00e0o m\u00e1y k\u00e9o \u0111\u01b0\u1ee3c trang b\u1ecb b\u00e1nh r\u0103ng tr\u1ee5 \u0111\u00e1ng tin c\u1eady \u0111\u1ec3 duy tr\u00ec n\u0103ng su\u1ea5t. D\u00f9 c\u00e0y ru\u1ed9ng g\u1ea7n Bologna hay v\u1eadn chuy\u1ec3n h\u00e0ng h\u00f3a \u1edf Venice, nh\u1eefng b\u00e1nh r\u0103ng n\u00e0y \u0111\u1ec1u \u0111\u1ea3m b\u1ea3o hi\u1ec7u su\u1ea5t \u1ed5n \u0111\u1ecbnh.<\/p>\n<div>\n<h4>T\u1ea1i sao n\u00ean ch\u1ecdn C\u00f4ng ty FMP cho b\u00e1nh r\u0103ng th\u1eb3ng?<\/h4>\n<p class=\"break-words\">T\u1ea1i FMP, ch\u00fang t\u00f4i chuy\u00ean s\u1ea3n xu\u1ea5t \u0111a d\u1ea1ng c\u00e1c lo\u1ea1i b\u00e1nh r\u0103ng tr\u1ee5 th\u1eb3ng ph\u00f9 h\u1ee3p v\u1edbi nhi\u1ec1u ng\u00e0nh c\u00f4ng nghi\u1ec7p kh\u00e1c nhau, bao g\u1ed3m c\u1ea3 n\u00f4ng nghi\u1ec7p. D\u00f2ng s\u1ea3n ph\u1ea9m c\u1ee7a ch\u00fang t\u00f4i bao g\u1ed3m c\u00e1c thi\u1ebft k\u1ebf ti\u00eau chu\u1ea9n c\u0169ng nh\u01b0 c\u00e1c t\u00f9y ch\u1ecdn ho\u00e0n to\u00e0n t\u00f9y ch\u1ec9nh \u0111\u1ec3 \u0111\u00e1p \u1ee9ng nhu c\u1ea7u c\u1ee5 th\u1ec3 c\u1ee7a b\u1ea1n. V\u1edbi nhi\u1ec1u n\u0103m kinh nghi\u1ec7m, ch\u00fang t\u00f4i ph\u1ee5c v\u1ee5 kh\u00e1ch h\u00e0ng tr\u00ean kh\u1eafp n\u01b0\u1edbc \u00dd, \u0111\u1ea3m b\u1ea3o c\u00e1c doanh nghi\u1ec7p t\u1ea1i Milan, Venice, Florence, Bologna v\u00e0 nhi\u1ec1u n\u01a1i kh\u00e1c c\u00f3 th\u1ec3 ti\u1ebfp c\u1eadn c\u00e1c linh ki\u1ec7n h\u00e0ng \u0111\u1ea7u.<\/p>\n<ul class=\"marker:text-secondary\">\n<li class=\"break-words\"><strong>\u0110a d\u1ea1ng<\/strong>:Ch\u00fang t\u00f4i s\u1ea3n xu\u1ea5t b\u00e1nh r\u0103ng th\u1eb3ng cho m\u00e1y k\u00e9o, thi\u1ebft b\u1ecb luy\u1ec7n kim, v.v., t\u1ea5t c\u1ea3 \u0111\u1ec1u \u0111\u01b0\u1ee3c ch\u1ebf t\u1ea1o v\u1edbi \u0111\u1ed9 ch\u00ednh x\u00e1c v\u00e0 c\u1ea9n th\u1eadn.<\/li>\n<li class=\"break-words\"><strong>T\u00f9y ch\u1ec9nh<\/strong>: B\u1ea1n c\u1ea7n m\u1ed9t b\u1ed9 truy\u1ec1n \u0111\u1ed9ng \u0111\u1ed9c \u0111\u00e1o cho m\u00e1y k\u00e9o c\u1ee7a m\u00ecnh? Ch\u00fang t\u00f4i nh\u1eadn \u0111\u1eb7t h\u00e0ng theo y\u00eau c\u1ea7u \u0111\u1ec3 ph\u00f9 h\u1ee3p v\u1edbi th\u00f4ng s\u1ed1 k\u1ef9 thu\u1eadt ch\u00ednh x\u00e1c c\u1ee7a b\u1ea1n.<\/li>\n<li class=\"break-words\"><strong>\u1ee6ng h\u1ed9<\/strong>: N\u1ebfu b\u1ea1n kh\u00f4ng th\u1ea5y model m\u00ecnh c\u1ea7n trong danh s\u00e1ch s\u1ea3n ph\u1ea9m c\u1ee7a ch\u00fang t\u00f4i, \u0111\u1eebng lo l\u1eafng! C\u00f3 th\u1ec3 model \u0111\u00f3 ch\u01b0a \u0111\u01b0\u1ee3c t\u1ea3i l\u00ean. Ch\u1ec9 c\u1ea7n g\u1eedi email cho ch\u00fang t\u00f4i n\u00eau r\u00f5 y\u00eau c\u1ea7u c\u1ee7a b\u1ea1n, v\u00e0 c\u00e1c k\u1ef9 s\u01b0 c\u1ee7a ch\u00fang t\u00f4i s\u1ebd ph\u1ea3n h\u1ed3i trong v\u00f2ng 24 gi\u1edd k\u00e8m theo gi\u1ea3i ph\u00e1p.<\/li>\n<\/ul>\n<p class=\"break-words\">Ng\u00e0nh n\u00f4ng nghi\u1ec7p \u00dd ph\u00e1t tri\u1ec3n m\u1ea1nh m\u1ebd nh\u1edd s\u1ef1 \u0111\u1ed5i m\u1edbi v\u00e0 \u0111\u1ed9 tin c\u1eady, v\u00e0 FMP t\u1ef1 h\u00e0o \u0111\u00f3ng g\u00f3p v\u00e0o di s\u1ea3n n\u00e0y. T\u1ea1i FMP, ch\u00fang t\u00f4i cam k\u1ebft \u0111\u1ed3ng h\u00e0nh c\u00f9ng th\u00e0nh c\u00f4ng c\u1ee7a b\u1ea1n - t\u1eebng b\u01b0\u1edbc m\u1ed9t.<\/p>\n<\/div>\n<\/div>","protected":false},"excerpt":{"rendered":"<p>The Role of Spur Gears in Tractors When it comes to the robust machinery powering Italy\u2019s agricultural heartlands\u2014such as the fertile fields near Milan, the rolling hills of Tuscany around Florence, or the productive plains of Bologna\u2014tractors are indispensable. At the core of these machines lies a critical component: the spur gear. As a leading [&hellip;]<\/p>","protected":false},"featured_media":7393,"comment_status":"open","ping_status":"closed","template":"","meta":{"_et_pb_use_builder":"","_et_pb_old_content":"","_et_gb_content_width":""},"product_brand":[],"product_cat":[109],"product_tag":[],"class_list":{"0":"post-7390","1":"product","2":"type-product","3":"status-publish","4":"has-post-thumbnail","6":"product_cat-spur-gear","8":"first","9":"instock","10":"shipping-taxable","11":"product-type-simple"},"_links":{"self":[{"href":"https:\/\/fmp-components.com\/vi\/wp-json\/wp\/v2\/product\/7390","targetHints":{"allow":["GET"]}}],"collection":[{"href":"https:\/\/fmp-components.com\/vi\/wp-json\/wp\/v2\/product"}],"about":[{"href":"https:\/\/fmp-components.com\/vi\/wp-json\/wp\/v2\/types\/product"}],"replies":[{"embeddable":true,"href":"https:\/\/fmp-components.com\/vi\/wp-json\/wp\/v2\/comments?post=7390"}],"wp:featuredmedia":[{"embeddable":true,"href":"https:\/\/fmp-components.com\/vi\/wp-json\/wp\/v2\/media\/7393"}],"wp:attachment":[{"href":"https:\/\/fmp-components.com\/vi\/wp-json\/wp\/v2\/media?parent=7390"}],"wp:term":[{"taxonomy":"product_brand","embeddable":true,"href":"https:\/\/fmp-components.com\/vi\/wp-json\/wp\/v2\/product_brand?post=7390"},{"taxonomy":"product_cat","embeddable":true,"href":"https:\/\/fmp-components.com\/vi\/wp-json\/wp\/v2\/product_cat?post=7390"},{"taxonomy":"product_tag","embeddable":true,"href":"https:\/\/fmp-components.com\/vi\/wp-json\/wp\/v2\/product_tag?post=7390"}],"curies":[{"name":"wp","href":"https:\/\/api.w.org\/{rel}","templated":true}]}}