{"id":7380,"date":"2025-03-24T06:05:22","date_gmt":"2025-03-24T06:05:22","guid":{"rendered":"https:\/\/fmp-components.com\/?post_type=product&#038;p=7380"},"modified":"2025-03-26T08:41:57","modified_gmt":"2025-03-26T08:41:57","slug":"plastic-helical-gear","status":"publish","type":"product","link":"https:\/\/fmp-components.com\/vi\/product\/plastic-helical-gear\/","title":{"rendered":"B\u00e1nh r\u0103ng xo\u1eafn \u1ed1c b\u1eb1ng nh\u1ef1a"},"content":{"rendered":"<div>\n<h2>B\u00e1nh r\u0103ng xo\u1eafn \u1ed1c b\u1eb1ng nh\u1ef1a<\/h2>\n<p class=\"break-words\">Khi n\u00f3i \u0111\u1ebfn kh\u1ea3 n\u0103ng truy\u1ec1n \u0111\u1ed9ng hi\u1ec7u qu\u1ea3 v\u00e0 v\u1eadn h\u00e0nh \u00eam \u00e1i, b\u00e1nh r\u0103ng xo\u1eafn \u1ed1c nh\u1ef1a l\u00e0 l\u1ef1a ch\u1ecdn h\u00e0ng \u0111\u1ea7u cho c\u00e1c ng\u00e0nh c\u00f4ng nghi\u1ec7p tr\u00ean to\u00e0n th\u1ebf gi\u1edbi. N\u1ed5i ti\u1ebfng v\u1edbi r\u0103ng g\u00f3c c\u1ea1nh v\u00e0 hi\u1ec7u su\u1ea5t v\u1eadn h\u00e0nh \u00eam \u00e1i, lo\u1ea1i b\u00e1nh r\u0103ng n\u00e0y ng\u00e0y c\u00e0ng ph\u1ed5 bi\u1ebfn trong c\u00e1c \u1ee9ng d\u1ee5ng t\u1eeb h\u1ec7 th\u1ed1ng \u00f4 t\u00f4 \u0111\u1ebfn m\u00e1y m\u00f3c c\u00f4ng nghi\u1ec7p. T\u1ea1i C\u00f4ng ty FMP, ch\u00fang t\u00f4i chuy\u00ean s\u1ea3n xu\u1ea5t nhi\u1ec1u lo\u1ea1i b\u00e1nh r\u0103ng xo\u1eafn \u1ed1c nh\u1ef1a. <a href=\"https:\/\/fmp-components.com\/vi\/helical-gears\/\">b\u00e1nh r\u0103ng xo\u1eafn \u1ed1c<\/a>cung c\u1ea5p c\u1ea3 c\u00e1c m\u1eabu ti\u00eau chu\u1ea9n v\u00e0 gi\u1ea3i ph\u00e1p t\u00f9y ch\u1ec9nh \u0111\u1ec3 \u0111\u00e1p \u1ee9ng nhu c\u1ea7u \u0111a d\u1ea1ng c\u1ee7a c\u00e1c doanh nghi\u1ec7p tr\u00ean kh\u1eafp n\u01b0\u1edbc \u00dd\u2014t\u1eeb c\u00e1c trung t\u00e2m s\u1ea3n xu\u1ea5t c\u1ee7a Milan \u0111\u1ebfn c\u00e1c ng\u00e0nh c\u00f4ng nghi\u1ec7p h\u00e0ng h\u1ea3i c\u1ee7a Venice.<\/p>\n<h3>T\u1ea1i sao l\u1ea1i s\u1eed d\u1ee5ng b\u00e1nh r\u0103ng xo\u1eafn \u1ed1c b\u1eb1ng nh\u1ef1a?<\/h3>\n<p class=\"break-words\">B\u00e1nh r\u0103ng xo\u1eafn \u1ed1c b\u1eb1ng nh\u1ef1a k\u1ebft h\u1ee3p nh\u1eefng \u01b0u \u0111i\u1ec3m c\u1ee7a thi\u1ebft k\u1ebf b\u00e1nh r\u0103ng xo\u1eafn \u1ed1c\u2014ch\u1eb3ng h\u1ea1n nh\u01b0 kh\u1edbp r\u0103ng d\u1ea7n d\u1ea7n gi\u00fap gi\u1ea3m ti\u1ebfng \u1ed3n v\u00e0 t\u0103ng kh\u1ea3 n\u0103ng ch\u1ecbu t\u1ea3i\u2014v\u1edbi nh\u1eefng l\u1ee3i \u00edch c\u1ee7a v\u1eadt li\u1ec7u nh\u1ef1a, bao g\u1ed3m kh\u1ea3 n\u0103ng ch\u1ed1ng \u0103n m\u00f2n, k\u1ebft c\u1ea5u nh\u1eb9 v\u00e0 hi\u1ec7u qu\u1ea3 v\u1ec1 chi ph\u00ed. Kh\u00f4ng gi\u1ed1ng nh\u01b0 c\u00e1c s\u1ea3n ph\u1ea9m kim lo\u1ea1i, b\u00e1nh r\u0103ng xo\u1eafn \u1ed1c b\u1eb1ng nh\u1ef1a l\u00fd t\u01b0\u1edfng cho c\u00e1c \u1ee9ng d\u1ee5ng \u01b0u ti\u00ean gi\u1ea3m tr\u1ecdng l\u01b0\u1ee3ng v\u00e0 v\u1eadn h\u00e0nh \u00eam \u00e1i, khi\u1ebfn ch\u00fang tr\u1edf th\u00e0nh s\u1ea3n ph\u1ea9m ch\u1ee7 l\u1ef1c trong c\u00e1c l\u0129nh v\u1ef1c \u0111ang ph\u00e1t tri\u1ec3n m\u1ea1nh m\u1ebd t\u1ea1i c\u00e1c th\u00e0nh ph\u1ed1 nh\u01b0 Bologna v\u00e0 Florence.<\/p>\n<\/div>\n<p><img loading=\"lazy\" decoding=\"async\" class=\"alignnone size-full wp-image-7382\" src=\"https:\/\/fmp-components.com\/wp-content\/uploads\/2025\/03\/plastic-helical-gear-2.webp\" alt=\"b\u00e1nh r\u0103ng xo\u1eafn \u1ed1c b\u1eb1ng nh\u1ef1a\" width=\"900\" height=\"300\" title=\"\" srcset=\"https:\/\/fmp-components.com\/wp-content\/uploads\/2025\/03\/plastic-helical-gear-2.webp 900w, https:\/\/fmp-components.com\/wp-content\/uploads\/2025\/03\/plastic-helical-gear-2-480x160.webp 480w\" sizes=\"(min-width: 0px) and (max-width: 480px) 480px, (min-width: 481px) 900px, 100vw\" \/><\/p>\n<p>\u3001<\/p>\n<div>\n<h4>V\u1eadt li\u1ec7u \u0111\u01b0\u1ee3c s\u1eed d\u1ee5ng trong b\u00e1nh r\u0103ng xo\u1eafn \u1ed1c b\u1eb1ng nh\u1ef1a<\/h4>\n<p class=\"break-words\">Hi\u1ec7u su\u1ea5t c\u1ee7a b\u00e1nh r\u0103ng xo\u1eafn \u1ed1c b\u1eb1ng nh\u1ef1a ph\u1ee5 thu\u1ed9c r\u1ea5t nhi\u1ec1u v\u00e0o v\u1eadt li\u1ec7u ch\u1ebf t\u1ea1o. T\u1ea1i FMP, ch\u00fang t\u00f4i s\u1eed d\u1ee5ng c\u00e1c lo\u1ea1i polymer ch\u1ea5t l\u01b0\u1ee3ng cao \u0111\u01b0\u1ee3c thi\u1ebft k\u1ebf ri\u00eang cho t\u1eebng \u1ee9ng d\u1ee5ng c\u1ee5 th\u1ec3. D\u01b0\u1edbi \u0111\u00e2y l\u00e0 b\u1ea3ng t\u00f3m t\u1eaft c\u00e1c v\u1eadt li\u1ec7u ph\u1ed5 bi\u1ebfn v\u00e0 \u0111\u1eb7c t\u00ednh c\u1ee7a ch\u00fang:<\/p>\n<div class=\"overflow-x-auto my-2\">\n<table style=\"width: 100%;\" border=\"1\" width=\"100%\" cellspacing=\"0\" cellpadding=\"0\">\n<thead class=\"border-b border-primary\/20\">\n<tr class=\"border-primary\/10\">\n<th class=\"break-words\"><strong>V\u1eadt li\u1ec7u<\/strong><\/th>\n<th class=\"break-words\"><strong>C\u1ee7a c\u1ea3i<\/strong><\/th>\n<th class=\"break-words\"><strong>\u1ee8ng d\u1ee5ng ph\u1ed5 bi\u1ebfn<\/strong><\/th>\n<\/tr>\n<\/thead>\n<tbody>\n<tr class=\"border-primary\/10\">\n<td class=\"break-words\"><strong>Nylon (PA)<\/strong><\/td>\n<td class=\"break-words\">\u0110\u1ed9 b\u1ec1n cao, ch\u1ed1ng m\u00e0i m\u00f2n, ma s\u00e1t th\u1ea5p<\/td>\n<td class=\"break-words\">M\u00e1y m\u00f3c c\u00f4ng nghi\u1ec7p, ph\u1ee5 t\u00f9ng \u00f4 t\u00f4<\/td>\n<\/tr>\n<tr class=\"border-primary\/10\">\n<td class=\"break-words\"><strong>POM (Acetal)<\/strong><\/td>\n<td class=\"break-words\">\u0110\u1ed9 \u1ed5n \u0111\u1ecbnh k\u00edch th\u01b0\u1edbc tuy\u1ec7t v\u1eddi, kh\u1ea3 n\u0103ng h\u1ea5p th\u1ee5 \u0111\u1ed9 \u1ea9m th\u1ea5p<\/td>\n<td class=\"break-words\">B\u00e1nh r\u0103ng ch\u00ednh x\u00e1c, m\u00e1y b\u01a1m, b\u0103ng t\u1ea3i<\/td>\n<\/tr>\n<tr class=\"border-primary\/10\">\n<td class=\"break-words\"><strong>NH\u00ccN<\/strong><\/td>\n<td class=\"break-words\">Kh\u1ea3 n\u0103ng ch\u1ecbu nhi\u1ec7t \u0111\u1ed9 cao, kh\u00e1ng h\u00f3a ch\u1ea5t<\/td>\n<td class=\"break-words\">H\u00e0ng kh\u00f4ng v\u0169 tr\u1ee5, thi\u1ebft b\u1ecb y t\u1ebf<\/td>\n<\/tr>\n<tr class=\"border-primary\/10\">\n<td class=\"break-words\"><strong>Polycarbonate (PC)<\/strong><\/td>\n<td class=\"break-words\">Ch\u1ed1ng va \u0111\u1eadp, trong su\u1ed1t<\/td>\n<td class=\"break-words\">\u0110\u1ed3 \u0111i\u1ec7n t\u1eed ti\u00eau d\u00f9ng, thi\u1ebft b\u1ecb nh\u1eb9<\/td>\n<\/tr>\n<tr class=\"border-primary\/10\">\n<td class=\"break-words\"><strong>PP (Polypropylen)<\/strong><\/td>\n<td class=\"break-words\">Nh\u1eb9, kh\u00e1ng h\u00f3a ch\u1ea5t<\/td>\n<td class=\"break-words\">H\u1ec7 th\u1ed1ng ch\u1ea5t l\u1ecfng, \u1ee9ng d\u1ee5ng t\u1ea3i th\u1ea5p<\/td>\n<\/tr>\n<\/tbody>\n<\/table>\n<\/div>\n<p class=\"break-words\">Nh\u1eefng v\u1eadt li\u1ec7u n\u00e0y cho ph\u00e9p ch\u00fang t\u00f4i ch\u1ebf t\u1ea1o c\u00e1c b\u00e1nh r\u0103ng \u0111\u00e1p \u1ee9ng nhu c\u1ea7u c\u1ee5 th\u1ec3 c\u1ee7a c\u00e1c ng\u00e0nh c\u00f4ng nghi\u1ec7p \u1edf Milan, n\u01a1i k\u1ef9 thu\u1eadt ch\u00ednh x\u00e1c chi\u1ebfm \u01b0u th\u1ebf, ho\u1eb7c Venice, n\u01a1i c\u00e1c th\u00e0nh ph\u1ea7n ch\u1ed1ng \u0103n m\u00f2n l\u00e0 thi\u1ebft y\u1ebfu \u0111\u1ed1i v\u1edbi m\u00f4i tr\u01b0\u1eddng bi\u1ec3n.<\/p>\n<h4>C\u00e1c m\u1eabu b\u00e1nh r\u0103ng xo\u1eafn \u1ed1c b\u1eb1ng nh\u1ef1a c\u00f3 s\u1eb5n<\/h4>\n<p class=\"break-words\">C\u00f4ng ty FMP cung c\u1ea5p nhi\u1ec1u m\u1eabu b\u00e1nh r\u0103ng xo\u1eafn \u1ed1c b\u1eb1ng nh\u1ef1a ph\u00f9 h\u1ee3p v\u1edbi c\u00e1c th\u00f4ng s\u1ed1 k\u1ef9 thu\u1eadt kh\u00e1c nhau. D\u01b0\u1edbi \u0111\u00e2y l\u00e0 b\u1ea3ng gi\u1edbi thi\u1ec7u m\u1ed9t s\u1ed1 m\u1eabu ti\u00eau chu\u1ea9n c\u1ee7a ch\u00fang t\u00f4i, m\u1eb7c d\u00f9 n\u0103ng l\u1ef1c c\u1ee7a ch\u00fang t\u00f4i v\u01b0\u1ee3t xa danh s\u00e1ch n\u00e0y:<\/p>\n<div class=\"overflow-x-auto my-2\">\n<table style=\"width: 100%;\" border=\"1\" width=\"100%\" cellspacing=\"0\" cellpadding=\"0\">\n<thead class=\"border-b border-primary\/20\">\n<tr class=\"border-primary\/10\">\n<th class=\"break-words\"><strong>Ng\u01b0\u1eddi m\u1eabu<\/strong><\/th>\n<th class=\"break-words\"><strong>M\u00f4-\u0111un<\/strong><\/th>\n<th class=\"break-words\"><strong>S\u1ed1 r\u0103ng<\/strong><\/th>\n<th class=\"break-words\"><strong>G\u00f3c \u00e1p su\u1ea5t<\/strong><\/th>\n<th class=\"break-words\"><strong>G\u00f3c xo\u1eafn \u1ed1c<\/strong><\/th>\n<th class=\"break-words\"><strong>T\u00f9y ch\u1ecdn v\u1eadt li\u1ec7u<\/strong><\/th>\n<\/tr>\n<\/thead>\n<tbody>\n<tr class=\"border-primary\/10\">\n<td class=\"break-words\">PHG-101<\/td>\n<td class=\"break-words\">1.0<\/td>\n<td class=\"break-words\">20<\/td>\n<td class=\"break-words\">20\u00b0<\/td>\n<td class=\"break-words\">15\u00b0<\/td>\n<td class=\"break-words\">Nylon, POM<\/td>\n<\/tr>\n<tr class=\"border-primary\/10\">\n<td class=\"break-words\">PHG-152<\/td>\n<td class=\"break-words\">1.5<\/td>\n<td class=\"break-words\">30<\/td>\n<td class=\"break-words\">20\u00b0<\/td>\n<td class=\"break-words\">20\u00b0<\/td>\n<td class=\"break-words\">POM, PEEK<\/td>\n<\/tr>\n<tr class=\"border-primary\/10\">\n<td class=\"break-words\">PHG-203<\/td>\n<td class=\"break-words\">2.0<\/td>\n<td class=\"break-words\">25<\/td>\n<td class=\"break-words\">20\u00b0<\/td>\n<td class=\"break-words\">15\u00b0<\/td>\n<td class=\"break-words\">Nylon, Polycarbonate<\/td>\n<\/tr>\n<tr class=\"border-primary\/10\">\n<td class=\"break-words\">PHG-305<\/td>\n<td class=\"break-words\">3.0<\/td>\n<td class=\"break-words\">40<\/td>\n<td class=\"break-words\">20\u00b0<\/td>\n<td class=\"break-words\">25\u00b0<\/td>\n<td class=\"break-words\">PEEK, PP<\/td>\n<\/tr>\n<tr class=\"border-primary\/10\">\n<td class=\"break-words\">PHG-T\u00f9y ch\u1ec9nh<\/td>\n<td class=\"break-words\">Phong t\u1ee5c<\/td>\n<td class=\"break-words\">Phong t\u1ee5c<\/td>\n<td class=\"break-words\">Phong t\u1ee5c<\/td>\n<td class=\"break-words\">Phong t\u1ee5c<\/td>\n<td class=\"break-words\">B\u1ea5t k\u00ec<\/td>\n<\/tr>\n<\/tbody>\n<\/table>\n<\/div>\n<p class=\"break-words\">C\u00e1c m\u1eabu n\u00e0y \u0111\u01b0\u1ee3c thi\u1ebft k\u1ebf \u0111\u1ec3 \u0111\u00e1p \u1ee9ng nhi\u1ec1u \u1ee9ng d\u1ee5ng kh\u00e1c nhau, t\u1eeb thi\u1ebft b\u1ecb quy m\u00f4 nh\u1ecf trong c\u00e1c x\u01b0\u1edfng th\u1ee7 c\u00f4ng \u1edf Florence \u0111\u1ebfn c\u00e1c h\u1ec7 th\u1ed1ng h\u1ea1ng n\u1eb7ng trong c\u00e1c khu c\u00f4ng nghi\u1ec7p \u1edf Bologna. M\u1ed7i b\u00e1nh r\u0103ng \u0111\u1ec1u \u0111\u01b0\u1ee3c thi\u1ebft k\u1ebf \u0111\u1ec3 \u0111\u1ea1t hi\u1ec7u su\u1ea5t t\u1ed1i \u01b0u, \u0111\u1ea3m b\u1ea3o truy\u1ec1n l\u1ef1c m\u01b0\u1ee3t m\u00e0 v\u00e0 \u0111\u1ed9 b\u1ec1n cao.<\/p>\n<div>\n<h3>C\u00f4ng ty FMP: \u0110\u1ed1i t\u00e1c c\u1ee7a b\u1ea1n v\u1ec1 b\u00e1nh r\u0103ng xo\u1eafn \u1ed1c b\u1eb1ng nh\u1ef1a t\u1ea1i \u00dd<\/h3>\n<p class=\"break-words\">T\u1ea1i FMP, ch\u00fang t\u00f4i t\u1ef1 h\u00e0o l\u00e0 nh\u00e0 s\u1ea3n xu\u1ea5t b\u00e1nh r\u0103ng xo\u1eafn \u1ed1c b\u1eb1ng nh\u1ef1a h\u00e0ng \u0111\u1ea7u t\u1ea1i \u00dd. D\u00f9 b\u1ea1n \u1edf Milan, Venice, Florence hay Bologna, ch\u00fang t\u00f4i \u0111\u1ec1u cung c\u1ea5p:<\/p>\n<ul class=\"marker:text-secondary\">\n<li class=\"break-words\"><strong>Ph\u1ea1m vi s\u1ea3n ph\u1ea9m \u0111a d\u1ea1ng<\/strong>:T\u1eeb c\u00e1c m\u1eabu ti\u00eau chu\u1ea9n \u0111\u1ebfn c\u00e1c thi\u1ebft k\u1ebf chuy\u00ean d\u1ee5ng, ch\u00fang t\u00f4i \u0111\u00e1p \u1ee9ng m\u1ecdi nhu c\u1ea7u v\u1ec1 thi\u1ebft b\u1ecb c\u1ee7a b\u1ea1n.<\/li>\n<li class=\"break-words\"><strong>D\u1ecbch v\u1ee5 t\u00f9y ch\u1ec9nh<\/strong>: B\u1ea1n c\u1ea7n m\u1ed9t lo\u1ea1i b\u00e1nh r\u0103ng \u0111\u1ed9c \u0111\u00e1o cho m\u1ed9t d\u1ef1 \u00e1n c\u1ee5 th\u1ec3? \u0110\u1ed9i ng\u0169 c\u1ee7a ch\u00fang t\u00f4i c\u00f3 th\u1ec3 thi\u1ebft k\u1ebf v\u00e0 s\u1ea3n xu\u1ea5t b\u00e1nh r\u0103ng xo\u1eafn \u1ed1c b\u1eb1ng nh\u1ef1a t\u00f9y ch\u1ec9nh theo \u0111\u00fang th\u00f4ng s\u1ed1 k\u1ef9 thu\u1eadt c\u1ee7a b\u1ea1n.<\/li>\n<li class=\"break-words\"><strong>Chuy\u00ean m\u00f4n b\u1ea3n \u0111\u1ecba h\u00f3a<\/strong>:Ch\u00fang t\u00f4i hi\u1ec3u r\u00f5 b\u1ed1i c\u1ea3nh c\u00f4ng nghi\u1ec7p c\u1ee7a \u00dd, \u0111\u1ea3m b\u1ea3o c\u00e1c gi\u1ea3i ph\u00e1p c\u1ee7a ch\u00fang t\u00f4i ph\u00f9 h\u1ee3p v\u1edbi nhu c\u1ea7u c\u1ee7a th\u1ecb tr\u01b0\u1eddng \u0111\u1ecba ph\u01b0\u01a1ng.<\/li>\n<\/ul>\n<h3>Kh\u00f4ng t\u00ecm th\u1ea5y m\u00f4 h\u00ecnh c\u1ee7a b\u1ea1n?<\/h3>\n<p class=\"break-words\">N\u1ebfu model b\u1ea1n c\u1ea7n kh\u00f4ng c\u00f3 trong danh s\u00e1ch \u1edf tr\u00ean, \u0111\u1eebng lo l\u1eafng - danh m\u1ee5c s\u1ea3n ph\u1ea9m c\u1ee7a ch\u00fang t\u00f4i li\u00ean t\u1ee5c \u0111\u01b0\u1ee3c c\u1eadp nh\u1eadt. C\u00f3 th\u1ec3 ch\u00fang t\u00f4i ch\u01b0a t\u1ea3i l\u00ean nh\u1eefng s\u1ea3n ph\u1ea9m m\u1edbi nh\u1ea5t. Ch\u1ec9 c\u1ea7n g\u1eedi email cho ch\u00fang t\u00f4i n\u00eau r\u00f5 y\u00eau c\u1ea7u c\u1ee7a b\u1ea1n, \u0111\u1ed9i ng\u0169 k\u1ef9 s\u01b0 l\u00e0nh ngh\u1ec1 c\u1ee7a ch\u00fang t\u00f4i s\u1ebd ph\u1ea3n h\u1ed3i trong v\u00f2ng 24 gi\u1edd v\u00e0 \u0111\u01b0a ra gi\u1ea3i ph\u00e1p.<\/p>\n<\/div>\n<\/div>","protected":false},"excerpt":{"rendered":"<p>Plastic Helical Gears When it comes to efficient power transmission and smooth operation, Plastic Helical Gears are a top choice for industries worldwide. Known for their angled teeth and quiet performance, these gears are increasingly popular in applications ranging from automotive systems to industrial machinery. At FMP Company, we specialize in manufacturing a wide range [&hellip;]<\/p>","protected":false},"featured_media":7381,"comment_status":"open","ping_status":"closed","template":"","meta":{"_et_pb_use_builder":"","_et_pb_old_content":"","_et_gb_content_width":""},"product_brand":[],"product_cat":[108],"product_tag":[],"class_list":{"0":"post-7380","1":"product","2":"type-product","3":"status-publish","4":"has-post-thumbnail","6":"product_cat-helical-gear","8":"first","9":"instock","10":"shipping-taxable","11":"product-type-simple"},"_links":{"self":[{"href":"https:\/\/fmp-components.com\/vi\/wp-json\/wp\/v2\/product\/7380","targetHints":{"allow":["GET"]}}],"collection":[{"href":"https:\/\/fmp-components.com\/vi\/wp-json\/wp\/v2\/product"}],"about":[{"href":"https:\/\/fmp-components.com\/vi\/wp-json\/wp\/v2\/types\/product"}],"replies":[{"embeddable":true,"href":"https:\/\/fmp-components.com\/vi\/wp-json\/wp\/v2\/comments?post=7380"}],"wp:featuredmedia":[{"embeddable":true,"href":"https:\/\/fmp-components.com\/vi\/wp-json\/wp\/v2\/media\/7381"}],"wp:attachment":[{"href":"https:\/\/fmp-components.com\/vi\/wp-json\/wp\/v2\/media?parent=7380"}],"wp:term":[{"taxonomy":"product_brand","embeddable":true,"href":"https:\/\/fmp-components.com\/vi\/wp-json\/wp\/v2\/product_brand?post=7380"},{"taxonomy":"product_cat","embeddable":true,"href":"https:\/\/fmp-components.com\/vi\/wp-json\/wp\/v2\/product_cat?post=7380"},{"taxonomy":"product_tag","embeddable":true,"href":"https:\/\/fmp-components.com\/vi\/wp-json\/wp\/v2\/product_tag?post=7380"}],"curies":[{"name":"wp","href":"https:\/\/api.w.org\/{rel}","templated":true}]}}