{"id":7377,"date":"2025-03-24T05:33:09","date_gmt":"2025-03-24T05:33:09","guid":{"rendered":"https:\/\/fmp-components.com\/?post_type=product&#038;p=7377"},"modified":"2025-03-26T08:42:16","modified_gmt":"2025-03-26T08:42:16","slug":"parallel-axis-helical-gears","status":"publish","type":"product","link":"https:\/\/fmp-components.com\/vi\/product\/parallel-axis-helical-gears\/","title":{"rendered":"B\u00e1nh r\u0103ng xo\u1eafn tr\u1ee5c song song"},"content":{"rendered":"<div>\n<p class=\"break-words\">Khi n\u00f3i \u0111\u1ebfn k\u1ef9 thu\u1eadt ch\u00ednh x\u00e1c v\u00e0 truy\u1ec1n \u0111\u1ed9ng, B\u00e1nh r\u0103ng xo\u1eafn tr\u1ee5c song song n\u1ed5i b\u1eadt l\u00e0 m\u1ed9t gi\u1ea3i ph\u00e1p \u0111\u00e1ng tin c\u1eady v\u00e0 hi\u1ec7u qu\u1ea3. T\u1ea1i C\u00f4ng ty FMP, ch\u00fang t\u00f4i t\u1ef1 h\u00e0o l\u00e0 nh\u00e0 s\u1ea3n xu\u1ea5t h\u00e0ng \u0111\u1ea7u c\u00e1c lo\u1ea1i b\u00e1nh r\u0103ng xo\u1eafn tr\u1ee5c song song, ph\u1ee5c v\u1ee5 cho c\u00e1c ng\u00e0nh c\u00f4ng nghi\u1ec7p tr\u00ean kh\u1eafp n\u01b0\u1edbc \u00dd - t\u1eeb c\u00e1c trung t\u00e2m c\u00f4ng nghi\u1ec7p Milan v\u00e0 Bologna \u0111\u1ebfn c\u00e1c th\u00e0nh ph\u1ed1 l\u1ecbch s\u1eed Venice v\u00e0 Florence.<\/p>\n<h2>B\u00e1nh r\u0103ng xo\u1eafn tr\u1ee5c song song l\u00e0 g\u00ec?<\/h2>\n<p class=\"break-words\">B\u00e1nh r\u0103ng tr\u1ee5c song song l\u00e0 m\u1ed9t lo\u1ea1i b\u00e1nh r\u0103ng \u0111\u01b0\u1ee3c thi\u1ebft k\u1ebf \u0111\u1ec3 truy\u1ec1n chuy\u1ec3n \u0111\u1ed9ng v\u00e0 c\u00f4ng su\u1ea5t gi\u1eefa hai tr\u1ee5c song song. Trong s\u1ed1 \u0111\u00f3, <a href=\"https:\/\/fmp-components.com\/vi\/helical-gears\/\">b\u00e1nh r\u0103ng xo\u1eafn \u1ed1c<\/a> B\u00e1nh r\u0103ng c\u00f4n xo\u1eafn \u1ed1c \u0111\u01b0\u1ee3c ph\u00e2n bi\u1ec7t b\u1edfi thi\u1ebft k\u1ebf r\u0103ng \u0111\u1ed9c \u0111\u00e1o, \u0111\u01b0\u1ee3c c\u1eaft theo g\u00f3c v\u1edbi tr\u1ee5c b\u00e1nh r\u0103ng theo h\u00ecnh xo\u1eafn \u1ed1c. \u0110i\u1ec1u n\u00e0y tr\u00e1i ng\u01b0\u1ee3c v\u1edbi b\u00e1nh r\u0103ng th\u1eb3ng, c\u00f3 r\u0103ng th\u1eb3ng song song v\u1edbi tr\u1ee5c. Thi\u1ebft k\u1ebf xo\u1eafn \u1ed1c cho ph\u00e9p v\u1eadn h\u00e0nh \u00eam \u00e1i, y\u00ean t\u0129nh h\u01a1n v\u00e0 kh\u1ea3 n\u0103ng ch\u1ecbu t\u1ea3i l\u1edbn h\u01a1n, khi\u1ebfn ch\u00fang tr\u1edf n\u00ean l\u00fd t\u01b0\u1edfng cho nhi\u1ec1u \u1ee9ng d\u1ee5ng kh\u00e1c nhau.<\/p>\n<p class=\"break-words\">T\u1ea1i FMP, ch\u00fang t\u00f4i chuy\u00ean s\u1ea3n xu\u1ea5t b\u00e1nh r\u0103ng xo\u1eafn song song, \u0111\u01b0\u1ee3c s\u1eed d\u1ee5ng ri\u00eang cho c\u00e1c c\u1ee5m tr\u1ee5c song song. C\u00e1c b\u00e1nh r\u0103ng n\u00e0y \u0111\u00f2i h\u1ecfi k\u1ef9 thu\u1eadt ch\u00ednh x\u00e1c: hai b\u00e1nh r\u0103ng \u0103n kh\u1edbp ph\u1ea3i c\u00f3 c\u00f9ng m\u00f4-\u0111un v\u00e0 g\u00f3c \u00e1p su\u1ea5t nh\u01b0ng ng\u01b0\u1ee3c h\u01b0\u1edbng xo\u1eafn (v\u00ed d\u1ee5: b\u00e1nh r\u0103ng xo\u1eafn ph\u1ea3i \u0111\u01b0\u1ee3c gh\u00e9p v\u1edbi b\u00e1nh r\u0103ng xo\u1eafn tr\u00e1i). \u0110i\u1ec1u n\u00e0y \u0111\u1ea3m b\u1ea3o s\u1ef1 \u0103n kh\u1edbp li\u1ec1n m\u1ea1ch v\u00e0 truy\u1ec1n \u0111\u1ed9ng hi\u1ec7u qu\u1ea3, v\u1edbi hi\u1ec7u su\u1ea5t dao \u0111\u1ed9ng t\u1eeb 98,0% \u0111\u1ebfn 99,5% nh\u1edd v\u00e0o s\u1ef1 \u0103n kh\u1edbp ti\u1ebfp x\u00fac l\u0103n c\u1ee7a ch\u00fang.<\/p>\n<\/div>\n<h2>Th\u00f4ng s\u1ed1 k\u1ef9 thu\u1eadt c\u1ee7a b\u00e1nh r\u0103ng xo\u1eafn tr\u1ee5c song song<\/h2>\n<table border=\"1\" width=\"100%\" cellspacing=\"0\" cellpadding=\"0\">\n<tbody>\n<tr class=\"firstRow\">\n<td width=\"132\" height=\"33\">S\u1ed1 hi\u1ec7u m\u1eabu<\/td>\n<td width=\"325\" height=\"33\">M1, M1.5, M2, M2.5, M3, M4, M5, M8, M12, v.v.<\/td>\n<\/tr>\n<tr>\n<td width=\"132\" height=\"32\">V\u1eadt li\u1ec7u<\/td>\n<td width=\"325\" height=\"32\">\u0110\u1ed3ng thau, th\u00e9p C45, th\u00e9p kh\u00f4ng g\u1ec9, \u0111\u1ed3ng, POM, nh\u00f4m, h\u1ee3p kim, v.v.<\/td>\n<\/tr>\n<tr>\n<td width=\"132\" height=\"31\">X\u1eed l\u00fd b\u1ec1 m\u1eb7t<\/td>\n<td width=\"325\" height=\"31\">M\u1ea1 k\u1ebdm, m\u1ea1 niken, th\u1ee5 \u0111\u1ed9ng h\u00f3a, oxy h\u00f3a, anot h\u00f3a,<br \/>\nGeomet, Dacromet, Oxit \u0111en, Phosphat h\u00f3a, S\u01a1n t\u0129nh \u0111i\u1ec7n v\u00e0 \u0110i\u1ec7n di<\/td>\n<\/tr>\n<tr>\n<td width=\"132\" height=\"31\">Ti\u00eau chu\u1ea9n<\/td>\n<td width=\"325\" height=\"31\">ISO, DIN, ANSI, JIS, BS v\u00e0 Phi ti\u00eau chu\u1ea9n.<\/td>\n<\/tr>\n<tr>\n<td width=\"132\" height=\"31\">\u0110\u1ed9 ch\u00ednh x\u00e1c<\/td>\n<td width=\"325\" height=\"31\">DIN6, DIN7, DIN8, DIN9.<\/td>\n<\/tr>\n<tr>\n<td width=\"132\" height=\"31\">\u0110i\u1ec1u tr\u1ecb r\u0103ng<\/td>\n<td width=\"325\" height=\"31\">L\u00e0m c\u1ee9ng, nghi\u1ec1n ho\u1eb7c xay<\/td>\n<\/tr>\n<tr>\n<td width=\"132\" height=\"31\">S\u1ee9c ch\u1ecbu \u0111\u1ef1ng<\/td>\n<td width=\"325\" height=\"31\">0,001mm-0,01mm-0,1mm<\/td>\n<\/tr>\n<tr>\n<td width=\"132\" height=\"31\">Ho\u00e0n th\u00e0nh<\/td>\n<td width=\"325\" height=\"31\">phun c\u00e1t, x\u1eed l\u00fd nhi\u1ec7t, \u1ee7, ram, \u0111\u00e1nh b\u00f3ng, anot h\u00f3a, m\u1ea1 k\u1ebdm<\/td>\n<\/tr>\n<tr>\n<td width=\"132\" height=\"30\">\u0110\u00f3ng g\u00f3i c\u00e1c m\u1eb7t h\u00e0ng<\/td>\n<td width=\"325\" height=\"30\">T\u00fai nh\u1ef1a + Th\u00f9ng carton ho\u1eb7c Bao b\u00ec b\u1eb1ng g\u1ed7<\/td>\n<\/tr>\n<tr>\n<td width=\"132\" height=\"28\">\u0110i\u1ec1u kho\u1ea3n thanh to\u00e1n<\/td>\n<td width=\"325\" height=\"28\">T\/T, L\/C<\/td>\n<\/tr>\n<tr>\n<td width=\"132\" height=\"30\">Th\u1eddi gian s\u1ea3n xu\u1ea5t<\/td>\n<td width=\"325\" height=\"30\">20 ng\u00e0y l\u00e0m vi\u1ec7c cho m\u1eabu, 25 ng\u00e0y cho s\u1ed1 l\u01b0\u1ee3ng l\u1edbn<\/td>\n<\/tr>\n<tr>\n<td width=\"132\" height=\"43\">M\u1eabu<\/td>\n<td width=\"325\" height=\"43\">Gi\u00e1 m\u1eabu dao \u0111\u1ed9ng t\u1eeb $2 \u0111\u1ebfn $100.<br \/>\nm\u1eabu y\u00eau c\u1ea7u chuy\u1ec3n ph\u00e1t nhanh \u0111\u01b0\u1ee3c kh\u00e1ch h\u00e0ng thanh to\u00e1n<\/td>\n<\/tr>\n<tr>\n<td width=\"132\" height=\"167\">\u1ee8ng d\u1ee5ng<\/td>\n<td width=\"325\" height=\"167\">1. M\u00e1y \u0111i\u1ec1u khi\u1ec3n t\u1ef1 \u0111\u1ed9ng<br \/>\n2. Ng\u00e0nh c\u00f4ng nghi\u1ec7p b\u00e1n d\u1eabn<br \/>\n3. M\u00e1y m\u00f3c c\u00f4ng nghi\u1ec7p n\u00f3i chung<br \/>\n4. Thi\u1ebft b\u1ecb y t\u1ebf<br \/>\n5. Thi\u1ebft b\u1ecb n\u0103ng l\u01b0\u1ee3ng m\u1eb7t tr\u1eddi<br \/>\n6. M\u00e1y c\u00f4ng c\u1ee5<br \/>\n7. H\u1ec7 th\u1ed1ng \u0111\u1ed7 xe<br \/>\n8. Thi\u1ebft b\u1ecb v\u1eadn t\u1ea3i \u0111\u01b0\u1eddng s\u1eaft cao t\u1ed1c v\u00e0 h\u00e0ng kh\u00f4ng, v.v.<\/td>\n<\/tr>\n<\/tbody>\n<\/table>\n<div>\n<h4>T\u1ea1i sao n\u00ean ch\u1ecdn b\u00e1nh r\u0103ng xo\u1eafn tr\u1ee5c song song?<\/h4>\n<p class=\"break-words\">B\u00e1nh r\u0103ng xo\u1eafn song song c\u00f3 m\u1ed9t s\u1ed1 \u01b0u \u0111i\u1ec3m so v\u1edbi c\u00e1c lo\u1ea1i b\u00e1nh r\u0103ng kh\u00e1c, ch\u1eb3ng h\u1ea1n nh\u01b0 b\u00e1nh r\u0103ng th\u1eb3ng ho\u1eb7c b\u00e1nh r\u0103ng xo\u1eafn ch\u00e9o:<\/p>\n<ol class=\"marker:text-secondary\">\n<li class=\"break-words\"><strong>Kh\u1ea3 n\u0103ng truy\u1ec1n t\u1ea3i \u0111i\u1ec7n n\u0103ng cao<\/strong>: Nh\u1edd di\u1ec7n t\u00edch ti\u1ebfp x\u00fac r\u0103ng r\u1ed9ng h\u01a1n, b\u00e1nh r\u0103ng xo\u1eafn song song c\u00f3 th\u1ec3 ch\u1ecbu t\u1ea3i tr\u1ecdng cao h\u01a1n so v\u1edbi b\u00e1nh r\u0103ng tr\u1ee5 c\u00f9ng k\u00edch th\u01b0\u1edbc. Ch\u00fang ph\u00f9 h\u1ee3p cho c\u00e1c \u1ee9ng d\u1ee5ng t\u1eeb m\u00e1y m\u00f3c nh\u1ecf \u0111\u1ebfn h\u1ec7 th\u1ed1ng c\u00f4ng nghi\u1ec7p h\u1ea1ng n\u1eb7ng.<\/li>\n<li class=\"break-words\"><strong>Ho\u1ea1t \u0111\u1ed9ng \u00eam \u00e1i v\u00e0 y\u00ean t\u0129nh<\/strong>:S\u1ef1 \u0103n kh\u1edbp d\u1ea7n d\u1ea7n c\u1ee7a r\u0103ng xo\u1eafn \u1ed1c gi\u00fap gi\u1ea3m ti\u1ebfng \u1ed3n v\u00e0 \u0111\u1ed9 rung, khi\u1ebfn ch\u00fang tr\u1edf th\u00e0nh l\u1ef1a ch\u1ecdn \u01b0u ti\u00ean cho c\u00e1c \u1ee9ng d\u1ee5ng t\u1ed1c \u0111\u1ed9 cao \u1edf c\u00e1c th\u00e0nh ph\u1ed1 nh\u01b0 Milan, n\u01a1i s\u1ea3n xu\u1ea5t ch\u00ednh x\u00e1c ph\u00e1t tri\u1ec3n m\u1ea1nh.<\/li>\n<li class=\"break-words\"><strong>T\u00ednh linh ho\u1ea1t<\/strong>:C\u00e1c lo\u1ea1i b\u00e1nh r\u0103ng n\u00e0y \u0111\u01b0\u1ee3c s\u1eed d\u1ee5ng trong nhi\u1ec1u ng\u00e0nh c\u00f4ng nghi\u1ec7p kh\u00e1c nhau, bao g\u1ed3m h\u1ed9p s\u1ed1 \u00f4 t\u00f4, h\u00e0ng h\u1ea3i v\u00e0 c\u00f4ng nghi\u1ec7p\u2014nh\u1eefng ng\u00e0nh n\u1ed5i b\u1eadt \u1edf c\u00e1c khu v\u1ef1c nh\u01b0 Bologna v\u00e0 Florence.<\/li>\n<\/ol>\n<p class=\"break-words\">Tuy nhi\u00ean, b\u00e1nh r\u0103ng xo\u1eafn t\u1ea1o ra l\u1ef1c \u0111\u1ea9y d\u1ecdc theo tr\u1ee5c do r\u0103ng nghi\u00eang, \u0111\u00f2i h\u1ecfi ph\u1ea3i s\u1eed d\u1ee5ng \u1ed5 tr\u1ee5c \u0111\u1ea9y. T\u1ea1i FMP, c\u00e1c k\u1ef9 s\u01b0 c\u1ee7a ch\u00fang t\u00f4i thi\u1ebft k\u1ebf c\u00e1c gi\u1ea3i ph\u00e1p t\u00ednh \u0111\u1ebfn \u0111i\u1ec1u n\u00e0y, \u0111\u1ea3m b\u1ea3o hi\u1ec7u su\u1ea5t v\u00e0 \u0111\u1ed9 b\u1ec1n t\u1ed1i \u01b0u.<\/p>\n<h4>C\u00f4ng ty FMP: \u0110\u1ed1i t\u00e1c \u0111\u00e1ng tin c\u1eady c\u1ee7a b\u1ea1n v\u1ec1 b\u00e1nh r\u0103ng xo\u1eafn tr\u1ee5c song song t\u1ea1i \u00dd<\/h4>\n<p class=\"break-words\">V\u1edbi nhi\u1ec1u n\u0103m kinh nghi\u1ec7m, C\u00f4ng ty FMP s\u1ea3n xu\u1ea5t \u0111a d\u1ea1ng c\u00e1c lo\u1ea1i b\u00e1nh r\u0103ng xo\u1eafn tr\u1ee5c song song \u0111\u1ec3 \u0111\u00e1p \u1ee9ng nhu c\u1ea7u c\u1ee7a kh\u00e1ch h\u00e0ng tr\u00ean kh\u1eafp n\u01b0\u1edbc \u00dd v\u00e0 nhi\u1ec1u qu\u1ed1c gia kh\u00e1c. Cho d\u00f9 b\u1ea1n \u0111ang \u1edf Venice t\u00ecm ki\u1ebfm b\u00e1nh r\u0103ng cho c\u00e1c \u1ee9ng d\u1ee5ng h\u00e0ng h\u1ea3i hay \u1edf Milan t\u00ecm ki\u1ebfm linh ki\u1ec7n cho m\u00e1y m\u00f3c ti\u00ean ti\u1ebfn, ch\u00fang t\u00f4i \u0111\u1ec1u c\u00f3 th\u1ec3 \u0111\u00e1p \u1ee9ng. Danh m\u1ee5c s\u1ea3n ph\u1ea9m c\u1ee7a ch\u00fang t\u00f4i bao g\u1ed3m:<\/p>\n<ul class=\"marker:text-secondary\">\n<li class=\"break-words\"><strong>B\u00e1nh r\u0103ng xo\u1eafn song song ti\u00eau chu\u1ea9n<\/strong>: C\u00f3 s\u1eb5n nhi\u1ec1u k\u00edch c\u1ee1 v\u00e0 th\u00f4ng s\u1ed1 k\u1ef9 thu\u1eadt kh\u00e1c nhau \u0111\u1ec3 s\u1eed d\u1ee5ng ngay.<\/li>\n<li class=\"break-words\"><strong>B\u00e1nh r\u0103ng xo\u1eafn \u1ed1c t\u00f9y ch\u1ec9nh<\/strong>: \u0110\u01b0\u1ee3c thi\u1ebft k\u1ebf ri\u00eang theo y\u00eau c\u1ea7u c\u1ee5 th\u1ec3 c\u1ee7a b\u1ea1n, \u0111\u1ea3m b\u1ea3o ph\u00f9 h\u1ee3p ho\u00e0n h\u1ea3o v\u1edbi \u1ee9ng d\u1ee5ng c\u1ee7a b\u1ea1n.<\/li>\n<li class=\"break-words\"><strong>B\u00e1nh r\u0103ng b\u01a1m<\/strong>: M\u1ed9t lo\u1ea1i b\u00e1nh r\u0103ng tr\u1ee5c song song chuy\u00ean d\u1ee5ng \u0111\u01b0\u1ee3c s\u1eed d\u1ee5ng \u0111\u1ec3 d\u1ecbch chuy\u1ec3n ch\u1ea5t l\u1ecfng trong h\u1ec7 th\u1ed1ng nhi\u00ean li\u1ec7u v\u00e0 c\u00e1c \u1ee9ng d\u1ee5ng b\u01a1m kh\u00e1c.<\/li>\n<\/ul>\n<p class=\"break-words\">N\u1ebfu b\u1ea1n kh\u00f4ng t\u00ecm th\u1ea5y m\u1eabu s\u1ea3n ph\u1ea9m ch\u00ednh x\u00e1c trong danh s\u00e1ch s\u1ea3n ph\u1ea9m c\u1ee7a ch\u00fang t\u00f4i, \u0111\u1eebng lo l\u1eafng - ch\u00fang t\u00f4i \u0111ang li\u00ean t\u1ee5c m\u1edf r\u1ed9ng danh m\u1ee5c s\u1ea3n ph\u1ea9m. C\u00f3 th\u1ec3 ch\u00fang t\u00f4i ch\u01b0a c\u00f3 c\u01a1 h\u1ed9i c\u1eadp nh\u1eadt danh m\u1ee5c v\u1edbi nh\u1eefng thi\u1ebft k\u1ebf m\u1edbi nh\u1ea5t. Ch\u1ec9 c\u1ea7n g\u1eedi email cho ch\u00fang t\u00f4i n\u00eau r\u00f5 y\u00eau c\u1ea7u c\u1ee7a b\u1ea1n, v\u00e0 c\u00e1c k\u1ef9 s\u01b0 chuy\u00ean gia c\u1ee7a ch\u00fang t\u00f4i s\u1ebd ph\u1ea3n h\u1ed3i trong v\u00f2ng 24 gi\u1edd v\u1edbi m\u1ed9t gi\u1ea3i ph\u00e1p ph\u00f9 h\u1ee3p v\u1edbi nhu c\u1ea7u c\u1ee7a b\u1ea1n.<\/p>\n<h3>\u1ee8ng d\u1ee5ng c\u1ee7a b\u00e1nh r\u0103ng xo\u1eafn tr\u1ee5c song song<\/h3>\n<p class=\"break-words\">B\u00e1nh r\u0103ng xo\u1eafn song song c\u1ef1c k\u1ef3 linh ho\u1ea1t, khi\u1ebfn ch\u00fang tr\u1edf th\u00e0nh s\u1ea3n ph\u1ea9m ch\u1ee7 l\u1ef1c trong nhi\u1ec1u ng\u00e0nh c\u00f4ng nghi\u1ec7p tr\u00ean kh\u1eafp n\u01b0\u1edbc \u00dd:<\/p>\n<ul class=\"marker:text-secondary\">\n<li class=\"break-words\"><strong>\u00d4 t\u00f4<\/strong>: \u0110\u01b0\u1ee3c s\u1eed d\u1ee5ng trong h\u1ed9p s\u1ed1 \u0111\u1ec3 truy\u1ec1n l\u1ef1c m\u01b0\u1ee3t m\u00e0 trong c\u00e1c xe \u0111\u01b0\u1ee3c s\u1ea3n xu\u1ea5t t\u1ea1i Milan.<\/li>\n<li class=\"break-words\"><strong>\u0110\u01b0\u1eddng bi\u1ec3n<\/strong>: Thi\u1ebft y\u1ebfu cho h\u1ec7 th\u1ed1ng \u0111\u1ed9ng c\u01a1 \u0111\u1ea9y \u1edf Venice, m\u1ed9t th\u00e0nh ph\u1ed1 n\u1ed5i ti\u1ebfng v\u1edbi di s\u1ea3n h\u00e0ng h\u1ea3i.<\/li>\n<li class=\"break-words\"><strong>M\u00e1y m\u00f3c c\u00f4ng nghi\u1ec7p<\/strong>: Cung c\u1ea5p n\u0103ng l\u01b0\u1ee3ng cho c\u00e1c thi\u1ebft b\u1ecb trong c\u00e1c nh\u00e0 m\u00e1y tr\u00ean kh\u1eafp Bologna, m\u1ed9t trung t\u00e2m c\u00f4ng nghi\u1ec7p quan tr\u1ecdng.<\/li>\n<li class=\"break-words\"><strong>Nh\u00e0 m\u00e1y d\u1ea7u<\/strong>: H\u1ed7 tr\u1ee3 c\u00e1c \u1ee9ng d\u1ee5ng n\u1eb7ng \u1edf c\u00e1c v\u00f9ng n\u00f4ng th\u00f4n g\u1ea7n Florence.<\/li>\n<\/ul>\n<p class=\"break-words\">Kh\u1ea3 n\u0103ng x\u1eed l\u00fd c\u1ea3 ho\u1ea1t \u0111\u1ed9ng t\u1ed1c \u0111\u1ed9 th\u1ea5p v\u00e0 t\u1ed1c \u0111\u1ed9 cao, k\u1ebft h\u1ee3p v\u1edbi kh\u1ea3 n\u0103ng truy\u1ec1n t\u1ea3i \u0111i\u1ec7n n\u0103ng cao, khi\u1ebfn ch\u00fang tr\u1edf n\u00ean kh\u00f4ng th\u1ec3 thi\u1ebfu.<\/p>\n<\/div>","protected":false},"excerpt":{"rendered":"<p>When it comes to precision engineering and power transmission, Parallel Axis Helical Gears stand out as a reliable and efficient solution. At FMP Company, we take pride in being a leading manufacturer of various types of parallel axis helical gears, catering to industries across Italy\u2014from the industrial hubs of Milan and Bologna to the historic [&hellip;]<\/p>","protected":false},"featured_media":7379,"comment_status":"open","ping_status":"closed","template":"","meta":{"_et_pb_use_builder":"","_et_pb_old_content":"","_et_gb_content_width":""},"product_brand":[],"product_cat":[108],"product_tag":[],"class_list":{"0":"post-7377","1":"product","2":"type-product","3":"status-publish","4":"has-post-thumbnail","6":"product_cat-helical-gear","8":"first","9":"instock","10":"shipping-taxable","11":"product-type-simple"},"_links":{"self":[{"href":"https:\/\/fmp-components.com\/vi\/wp-json\/wp\/v2\/product\/7377","targetHints":{"allow":["GET"]}}],"collection":[{"href":"https:\/\/fmp-components.com\/vi\/wp-json\/wp\/v2\/product"}],"about":[{"href":"https:\/\/fmp-components.com\/vi\/wp-json\/wp\/v2\/types\/product"}],"replies":[{"embeddable":true,"href":"https:\/\/fmp-components.com\/vi\/wp-json\/wp\/v2\/comments?post=7377"}],"wp:featuredmedia":[{"embeddable":true,"href":"https:\/\/fmp-components.com\/vi\/wp-json\/wp\/v2\/media\/7379"}],"wp:attachment":[{"href":"https:\/\/fmp-components.com\/vi\/wp-json\/wp\/v2\/media?parent=7377"}],"wp:term":[{"taxonomy":"product_brand","embeddable":true,"href":"https:\/\/fmp-components.com\/vi\/wp-json\/wp\/v2\/product_brand?post=7377"},{"taxonomy":"product_cat","embeddable":true,"href":"https:\/\/fmp-components.com\/vi\/wp-json\/wp\/v2\/product_cat?post=7377"},{"taxonomy":"product_tag","embeddable":true,"href":"https:\/\/fmp-components.com\/vi\/wp-json\/wp\/v2\/product_tag?post=7377"}],"curies":[{"name":"wp","href":"https:\/\/api.w.org\/{rel}","templated":true}]}}