{"id":7367,"date":"2025-03-24T02:34:28","date_gmt":"2025-03-24T02:34:28","guid":{"rendered":"https:\/\/fmp-components.com\/?post_type=product&#038;p=7367"},"modified":"2025-03-26T08:43:11","modified_gmt":"2025-03-26T08:43:11","slug":"metallurgy-machinery-soft-tooth-flank-helical-gear","status":"publish","type":"product","link":"https:\/\/fmp-components.com\/vi\/product\/metallurgy-machinery-soft-tooth-flank-helical-gear\/","title":{"rendered":"M\u00e1y m\u00f3c luy\u1ec7n kim B\u00e1nh r\u0103ng xo\u1eafn s\u01b0\u1eddn r\u0103ng m\u1ec1m"},"content":{"rendered":"<div class=\"sliderTable mt10 mb10 sliderTable-index0 change-to-org\">\n<div class=\"inner\">\n<p>L\u00e0 nh\u00e0 s\u1ea3n xu\u1ea5t h\u00e0ng \u0111\u1ea7u trong ng\u00e0nh, C\u00f4ng ty FMP chuy\u00ean s\u1ea3n xu\u1ea5t \u0111a d\u1ea1ng c\u00e1c lo\u1ea1i B\u00e1nh r\u0103ng xo\u1eafn s\u01b0\u1eddn r\u0103ng m\u1ec1m cho M\u00e1y m\u00f3c Luy\u1ec7n kim, \u0111\u01b0\u1ee3c thi\u1ebft k\u1ebf \u0111\u1ec3 \u0111\u00e1p \u1ee9ng c\u00e1c nhu c\u1ea7u c\u00f4ng nghi\u1ec7p \u0111a d\u1ea1ng. S\u1ea3n ph\u1ea9m c\u1ee7a ch\u00fang t\u00f4i \u0111\u01b0\u1ee3c thi\u1ebft k\u1ebf ch\u00ednh x\u00e1c, \u0111\u1ea3m b\u1ea3o hi\u1ec7u su\u1ea5t, \u0111\u1ed9 b\u1ec1n v\u00e0 hi\u1ec7u qu\u1ea3 t\u1ed1i \u01b0u trong c\u00e1c \u1ee9ng d\u1ee5ng nh\u01b0 m\u00e1y m\u00f3c h\u1ea1ng n\u1eb7ng, thi\u1ebft b\u1ecb khai th\u00e1c m\u1ecf v\u00e0 h\u1ec7 th\u1ed1ng x\u1eed l\u00fd luy\u1ec7n kim. Cho d\u00f9 b\u1ea1n y\u00eau c\u1ea7u th\u00f4ng s\u1ed1 k\u1ef9 thu\u1eadt ti\u00eau chu\u1ea9n hay thi\u1ebft k\u1ebf \u0111\u1ed9c \u0111\u00e1o ph\u00f9 h\u1ee3p v\u1edbi ho\u1ea1t \u0111\u1ed9ng c\u1ee7a m\u00ecnh, FMP cung c\u1ea5p d\u1ecbch v\u1ee5 t\u00f9y ch\u1ec9nh \u0111\u1ec3 cung c\u1ea5p b\u00e1nh r\u0103ng ho\u00e0n to\u00e0n ph\u00f9 h\u1ee3p v\u1edbi y\u00eau c\u1ea7u c\u1ee7a b\u1ea1n, n\u00e2ng cao n\u0103ng su\u1ea5t v\u00e0 gi\u1ea3m th\u1eddi gian ch\u1ebft.<\/p>\n<p>N\u1ebfu b\u1ea1n kh\u00f4ng t\u00ecm th\u1ea5y m\u00f4 h\u00ecnh c\u1ee5 th\u1ec3 c\u1ee7a Metallurgy Machinery Soft Tooth Flank <a href=\"https:\/\/fmp-components.com\/vi\/helical-gears\/\">B\u00e1nh r\u0103ng xo\u1eafn \u1ed1c<\/a> N\u1ebfu b\u1ea1n \u0111ang t\u00ecm ki\u1ebfm s\u1ea3n ph\u1ea9m n\u00e0o trong danh s\u00e1ch s\u1ea3n ph\u1ea9m c\u1ee7a ch\u00fang t\u00f4i, \u0111\u1eebng lo l\u1eafng\u2014c\u00f3 th\u1ec3 ch\u00fang t\u00f4i ch\u01b0a k\u1ecbp c\u1eadp nh\u1eadt. T\u1ea1i FMP, ch\u00fang t\u00f4i cam k\u1ebft \u0111\u00e1p \u1ee9ng nhu c\u1ea7u c\u1ee7a b\u1ea1n, v\u00ec v\u1eady \u0111\u1eebng ng\u1ea7n ng\u1ea1i g\u1eedi email cho ch\u00fang t\u00f4i k\u00e8m theo th\u00f4ng tin chi ti\u1ebft v\u1ec1 m\u1eabu s\u1ea3n ph\u1ea9m b\u1ea1n c\u1ea7n. \u0110\u1ed9i ng\u0169 k\u1ef9 s\u01b0 t\u1eadn t\u00e2m c\u1ee7a ch\u00fang t\u00f4i s\u1ebd ph\u1ea3n h\u1ed3i trong v\u00f2ng 24 gi\u1edd, cung c\u1ea5p h\u01b0\u1edbng d\u1eabn v\u00e0 gi\u1ea3i ph\u00e1p chuy\u00ean m\u00f4n \u0111\u1ec3 \u0111\u1ea3m b\u1ea3o b\u1ea1n c\u00f3 \u0111\u01b0\u1ee3c s\u1ea3n ph\u1ea9m ch\u00ednh x\u00e1c cho d\u1ef1 \u00e1n c\u1ee7a m\u00ecnh. H\u00e3y li\u00ean h\u1ec7 v\u1edbi ch\u00fang t\u00f4i ngay h\u00f4m nay \u0111\u1ec3 kh\u00e1m ph\u00e1 c\u00e1ch FMP c\u00f3 th\u1ec3 h\u1ed7 tr\u1ee3 doanh nghi\u1ec7p c\u1ee7a b\u1ea1n v\u1edbi c\u00e1c b\u00e1nh r\u0103ng xo\u1eafn \u1ed1c ch\u1ea5t l\u01b0\u1ee3ng h\u00e0ng \u0111\u1ea7u!<\/p>\n<h2>\u0110\u1eb7c \u0111i\u1ec3m k\u1ef9 thu\u1eadt<\/h2>\n<table border=\"1\" width=\"100%\">\n<tbody>\n<tr class=\"firstRow\">\n<th colspan=\"2\" valign=\"top\">D\u1eef li\u1ec7u c\u01a1 b\u1ea3n v\u1ec1 b\u00e1nh r\u0103ng<\/th>\n<\/tr>\n<tr>\n<td valign=\"center\">H\u00ecnh d\u1ea1ng r\u0103ng b\u00e1nh r\u0103ng<\/td>\n<td valign=\"center\">xo\u1eafn l\u1ea1i<\/td>\n<\/tr>\n<tr>\n<td valign=\"center\">V\u1eadt li\u1ec7u b\u00e1nh r\u0103ng<\/td>\n<td valign=\"center\">45<\/td>\n<\/tr>\n<tr>\n<td valign=\"center\">Quy tr\u00ecnh b\u00e1nh r\u0103ng<\/td>\n<td valign=\"center\">r\u00e8n, ti\u1ec7n, phay, m\u00e0i ngo\u00e0i, phay r\u00e3nh then, m\u00e0i r\u0103ng<\/td>\n<\/tr>\n<tr>\n<td valign=\"center\">G\u00f3c \u00e1p su\u1ea5t<\/td>\n<td valign=\"center\">20\u00b0<\/td>\n<\/tr>\n<tr>\n<td valign=\"center\">M\u1ee9c ch\u1ea5t l\u01b0\u1ee3ng<\/td>\n<td valign=\"center\">DIN 3962 l\u1edbp 6<\/td>\n<\/tr>\n<tr>\n<td valign=\"center\">Lo\u1ea1i b\u00e1nh r\u0103ng<\/td>\n<td valign=\"center\">Mn=3, Z=128, \u03b2=11,5\u00b0, \u03b1=20\u00b0, thu\u1eadn tay tr\u00e1i<\/td>\n<\/tr>\n<\/tbody>\n<\/table>\n<\/div>\n<\/div>\n<p><strong>Kh\u1ea3 n\u0103ng c\u1ee7a Gear\/Spline<\/strong><\/p>\n<div class=\"sliderTable mt10 mb10 sliderTable-index1 change-to-org\">\n<div class=\"inner\">\n<table border=\"1\" width=\"100%\">\n<tbody>\n<tr class=\"firstRow\">\n<th colspan=\"4\" valign=\"top\">B\u00e1nh r\u0103ng trong v\u00e0 R\u00e3nh trong<\/th>\n<\/tr>\n<tr>\n<td valign=\"top\"><\/td>\n<td valign=\"top\">XAY<\/td>\n<td valign=\"top\">\u0110\u1ecaNH H\u00ccNH<\/td>\n<td valign=\"top\">Nghi\u1ebfn r\u0103ng<\/td>\n<\/tr>\n<tr>\n<td valign=\"top\">OD t\u1ed1i \u0111a<\/td>\n<td valign=\"top\">2500 mm<\/td>\n<td valign=\"top\">2500 mm<\/td>\n<td valign=\"top\">2500 mm<\/td>\n<\/tr>\n<tr>\n<td valign=\"top\">ID t\u1ed1i thi\u1ec3u<\/td>\n<td valign=\"top\">650 mm<\/td>\n<td valign=\"top\">50 mm<\/td>\n<td valign=\"top\">100 mm<\/td>\n<\/tr>\n<tr>\n<td valign=\"top\">Chi\u1ec1u r\u1ed9ng m\u1eb7t t\u1ed1i \u0111a<\/td>\n<td valign=\"top\">500 mm<\/td>\n<td valign=\"top\">500 mm<\/td>\n<td valign=\"top\">500 mm<\/td>\n<\/tr>\n<tr>\n<td valign=\"top\">B\u01b0\u1edbc \u0111\u01b0\u1eddng k\u00ednh t\u1ed1i \u0111a<\/td>\n<td valign=\"top\">DP 1<\/td>\n<td valign=\"top\">DP 1<\/td>\n<td valign=\"top\">DP 0.5<\/td>\n<\/tr>\n<tr>\n<td valign=\"top\">M\u00f4-\u0111un t\u1ed1i \u0111a<\/td>\n<td valign=\"top\">26 mm<\/td>\n<td valign=\"top\">26 mm<\/td>\n<td valign=\"top\">45 mm<\/td>\n<\/tr>\n<tr>\n<td valign=\"top\">C\u1ea5p \u0111\u1ed9 AGMA\/ C\u1ea5p \u0111\u1ed9 DIN<\/td>\n<td valign=\"top\">DIN L\u1edbp 8<\/td>\n<td valign=\"top\">DIN L\u1edbp 8<\/td>\n<td valign=\"top\">DIN L\u1edbp 4<\/td>\n<\/tr>\n<tr>\n<td valign=\"top\">Ho\u00e0n thi\u1ec7n b\u1ec1 m\u1eb7t r\u0103ng<\/td>\n<td valign=\"top\">Ra 3.2<\/td>\n<td valign=\"top\">Ra 3.2<\/td>\n<td valign=\"top\">Ra 0,6<\/td>\n<\/tr>\n<tr>\n<td valign=\"top\">G\u00f3c xo\u1eafn \u1ed1c t\u1ed1i \u0111a<\/td>\n<td valign=\"top\">\u00b122,5\u00b0<\/td>\n<td valign=\"top\">\u00b122,5\u00b0<\/td>\n<td valign=\"top\">\u00b145\u00b0<\/td>\n<\/tr>\n<tr>\n<th colspan=\"4\" valign=\"top\">B\u00e1nh r\u0103ng ngo\u00e0i v\u00e0 r\u00e3nh ngo\u00e0i<\/th>\n<\/tr>\n<tr>\n<td valign=\"top\"><\/td>\n<td valign=\"top\">HOBBING<\/td>\n<td valign=\"top\">XAY<\/td>\n<td valign=\"top\">Nghi\u1ebfn r\u0103ng<\/td>\n<\/tr>\n<tr>\n<td valign=\"top\">OD t\u1ed1i \u0111a<\/td>\n<td valign=\"top\">1250 mm<\/td>\n<td valign=\"top\">2500 mm<\/td>\n<td valign=\"top\">2500 mm<\/td>\n<\/tr>\n<tr>\n<td valign=\"top\">OD t\u1ed1i thi\u1ec3u<\/td>\n<td valign=\"top\">20 mm<\/td>\n<td valign=\"top\">200 mm<\/td>\n<td valign=\"top\">20 mm<\/td>\n<\/tr>\n<tr>\n<td valign=\"top\">Chi\u1ec1u r\u1ed9ng m\u1eb7t t\u1ed1i \u0111a<\/td>\n<td valign=\"top\">500 mm<\/td>\n<td valign=\"top\">500 mm<\/td>\n<td valign=\"top\">1480 mm<\/td>\n<\/tr>\n<tr>\n<td valign=\"top\">B\u01b0\u1edbc \u0111\u01b0\u1eddng k\u00ednh t\u1ed1i \u0111a<\/td>\n<td valign=\"top\">DP 1<\/td>\n<td valign=\"top\">DP 1<\/td>\n<td valign=\"top\">DP 0.5<\/td>\n<\/tr>\n<tr>\n<td valign=\"top\">M\u00f4-\u0111un t\u1ed1i \u0111a<\/td>\n<td valign=\"top\">26 mm<\/td>\n<td valign=\"top\">26 mm<\/td>\n<td valign=\"top\">45 mm<\/td>\n<\/tr>\n<tr>\n<td valign=\"top\">C\u1ea5p \u0111\u1ed9 AGMA\/ C\u1ea5p \u0111\u1ed9 DIN<\/td>\n<td valign=\"top\">DIN L\u1edbp 8<\/td>\n<td valign=\"top\">DIN L\u1edbp 8<\/td>\n<td valign=\"top\">DIN L\u1edbp 4<\/td>\n<\/tr>\n<tr>\n<td valign=\"top\">Ho\u00e0n thi\u1ec7n b\u1ec1 m\u1eb7t r\u0103ng<\/td>\n<td valign=\"top\">Ra 3.2<\/td>\n<td valign=\"top\">Ra 3.2<\/td>\n<td valign=\"top\">Ra 0,6<\/td>\n<\/tr>\n<tr>\n<td valign=\"top\">G\u00f3c xo\u1eafn \u1ed1c t\u1ed1i \u0111a<\/td>\n<td valign=\"top\">\u00b145\u00b0<\/td>\n<td valign=\"top\">\u00b145\u00b0<\/td>\n<td valign=\"top\">\u00b145\u00b0<\/td>\n<\/tr>\n<\/tbody>\n<\/table>\n<\/div>\n<\/div>","protected":false},"excerpt":{"rendered":"<ul class=\"pro-info-list fix\">\n<li class=\"prod-specifics-brand\"><label>H\u00ecnh d\u1ea1ng r\u0103ng b\u00e1nh r\u0103ng:\u00a0<\/label>xo\u1eafn l\u1ea1i<\/li>\n<li class=\"prod-specifics-brand\"><label>V\u1eadt li\u1ec7u b\u00e1nh r\u0103ng:<\/label>45<\/li>\n<li class=\"prod-specifics-brand\"><label>G\u00f3c \u00e1p su\u1ea5t:<\/label>20\u00b0<\/li>\n<li class=\"prod-specifics-brand\"><label>M\u1ee9c ch\u1ea5t l\u01b0\u1ee3ng:\u00a0<\/label>DIN 3962 l\u1edbp 6<\/li>\n<\/ul>","protected":false},"featured_media":4594,"comment_status":"open","ping_status":"closed","template":"","meta":{"_et_pb_use_builder":"","_et_pb_old_content":"","_et_gb_content_width":""},"product_brand":[],"product_cat":[108],"product_tag":[],"class_list":{"0":"post-7367","1":"product","2":"type-product","3":"status-publish","4":"has-post-thumbnail","6":"product_cat-helical-gear","8":"first","9":"instock","10":"shipping-taxable","11":"product-type-simple"},"_links":{"self":[{"href":"https:\/\/fmp-components.com\/vi\/wp-json\/wp\/v2\/product\/7367","targetHints":{"allow":["GET"]}}],"collection":[{"href":"https:\/\/fmp-components.com\/vi\/wp-json\/wp\/v2\/product"}],"about":[{"href":"https:\/\/fmp-components.com\/vi\/wp-json\/wp\/v2\/types\/product"}],"replies":[{"embeddable":true,"href":"https:\/\/fmp-components.com\/vi\/wp-json\/wp\/v2\/comments?post=7367"}],"wp:featuredmedia":[{"embeddable":true,"href":"https:\/\/fmp-components.com\/vi\/wp-json\/wp\/v2\/media\/4594"}],"wp:attachment":[{"href":"https:\/\/fmp-components.com\/vi\/wp-json\/wp\/v2\/media?parent=7367"}],"wp:term":[{"taxonomy":"product_brand","embeddable":true,"href":"https:\/\/fmp-components.com\/vi\/wp-json\/wp\/v2\/product_brand?post=7367"},{"taxonomy":"product_cat","embeddable":true,"href":"https:\/\/fmp-components.com\/vi\/wp-json\/wp\/v2\/product_cat?post=7367"},{"taxonomy":"product_tag","embeddable":true,"href":"https:\/\/fmp-components.com\/vi\/wp-json\/wp\/v2\/product_tag?post=7367"}],"curies":[{"name":"wp","href":"https:\/\/api.w.org\/{rel}","templated":true}]}}