{"id":7366,"date":"2025-03-24T02:32:27","date_gmt":"2025-03-24T02:32:27","guid":{"rendered":"https:\/\/fmp-components.com\/?post_type=product&#038;p=7366"},"modified":"2025-03-26T08:43:42","modified_gmt":"2025-03-26T08:43:42","slug":"beverage-packing-machinery-helical-gear","status":"publish","type":"product","link":"https:\/\/fmp-components.com\/vi\/product\/beverage-packing-machinery-helical-gear\/","title":{"rendered":"M\u00e1y \u0111\u00f3ng g\u00f3i \u0111\u1ed3 u\u1ed1ng B\u00e1nh r\u0103ng xo\u1eafn \u1ed1c"},"content":{"rendered":"<div class=\"sliderTable mt10 mb10 sliderTable-index0 change-to-org\">\n<div class=\"inner\">\n<div>\n<h2>Vai tr\u00f2 c\u1ee7a b\u00e1nh r\u0103ng xo\u1eafn \u1ed1c trong m\u00e1y \u0111\u00f3ng g\u00f3i \u0111\u1ed3 u\u1ed1ng<\/h2>\n<p class=\"break-words\">B\u00e1nh r\u0103ng xo\u1eafn \u1ed1c \u0111\u00f3ng vai tr\u00f2 quan tr\u1ecdng trong m\u00e1y \u0111\u00f3ng g\u00f3i \u0111\u1ed3 u\u1ed1ng, th\u00fac \u0111\u1ea9y hi\u1ec7u qu\u1ea3 v\u00e0 \u0111\u1ed9 ch\u00ednh x\u00e1c trong c\u00e1c d\u00e2y chuy\u1ec1n s\u1ea3n xu\u1ea5t t\u1ed1c \u0111\u1ed9 cao. Kh\u00f4ng gi\u1ed1ng nh\u01b0 truy\u1ec1n th\u1ed1ng <a href=\"https:\/\/fmp-components.com\/vi\/spur-gear-2\/\">b\u00e1nh r\u0103ng th\u1eb3ng<\/a>, <a href=\"https:\/\/fmp-components.com\/vi\/helical-gears\/\">b\u00e1nh r\u0103ng xo\u1eafn \u1ed1c<\/a> B\u00e1nh r\u0103ng nghi\u00eang \u0111\u1ea3m b\u1ea3o v\u1eadn h\u00e0nh \u00eam \u00e1i, y\u00ean t\u0129nh h\u01a1n v\u00e0 kh\u1ea3 n\u0103ng ch\u1ecbu t\u1ea3i cao h\u01a1n. \u0110i\u1ec1u n\u00e0y khi\u1ebfn ch\u00fang tr\u1edf th\u00e0nh l\u1ef1a ch\u1ecdn tuy\u1ec7t v\u1eddi cho m\u00f4i tr\u01b0\u1eddng \u0111\u00f3ng g\u00f3i \u0111\u1ed3 u\u1ed1ng kh\u1eafc nghi\u1ec7t, n\u01a1i hi\u1ec7u su\u1ea5t \u1ed5n \u0111\u1ecbnh v\u00e0 th\u1eddi gian ng\u1eebng ho\u1ea1t \u0111\u1ed9ng ng\u1eafn l\u00e0 \u0111i\u1ec1u c\u1ea7n thi\u1ebft. B\u1eb1ng c\u00e1ch gi\u1ea3m thi\u1ec3u rung \u0111\u1ed9ng v\u00e0 m\u00e0i m\u00f2n, b\u00e1nh r\u0103ng xo\u1eafn \u1ed1c gi\u00fap t\u0103ng c\u01b0\u1eddng \u0111\u1ed9 b\u1ec1n c\u1ee7a m\u00e1y m\u00f3c, khi\u1ebfn ch\u00fang tr\u1edf n\u00ean kh\u00f4ng th\u1ec3 thi\u1ebfu trong c\u00e1c nh\u00e0 m\u00e1y \u0111\u00f3ng chai v\u00e0 c\u01a1 s\u1edf \u0111\u00f3ng g\u00f3i.<\/p>\n<\/div>\n<h2>\u0110\u1eb7c \u0111i\u1ec3m k\u1ef9 thu\u1eadt<\/h2>\n<table border=\"1\" width=\"100%\">\n<tbody>\n<tr class=\"firstRow\">\n<th colspan=\"2\" valign=\"top\">D\u1eef li\u1ec7u c\u01a1 b\u1ea3n v\u1ec1 b\u00e1nh r\u0103ng<\/th>\n<\/tr>\n<tr>\n<td valign=\"center\">H\u00ecnh d\u1ea1ng r\u0103ng b\u00e1nh r\u0103ng<\/td>\n<td valign=\"center\">xo\u1eafn l\u1ea1i<\/td>\n<\/tr>\n<tr>\n<td valign=\"center\">V\u1eadt li\u1ec7u b\u00e1nh r\u0103ng<\/td>\n<td valign=\"center\">20CrNiMoA<\/td>\n<\/tr>\n<tr>\n<td valign=\"center\">Quy tr\u00ecnh b\u00e1nh r\u0103ng<\/td>\n<td valign=\"center\">r\u00e8n, th\u1ea5m cacbon, c\u1eaft d\u00e2y, m\u00e0i r\u0103ng<\/td>\n<\/tr>\n<tr>\n<td valign=\"center\">G\u00f3c \u00e1p su\u1ea5t<\/td>\n<td valign=\"center\">15\u00b0<\/td>\n<\/tr>\n<tr>\n<td valign=\"center\">M\u1ee9c ch\u1ea5t l\u01b0\u1ee3ng<\/td>\n<td valign=\"center\">L\u1edbp 8 AGMA<\/td>\n<\/tr>\n<tr>\n<td valign=\"center\">Lo\u1ea1i b\u00e1nh r\u0103ng<\/td>\n<td valign=\"center\">Mn=3,35, Z=9, a=15\u00b0, \u03b2=45\u00b0, thu\u1eadn tay tr\u00e1i<\/td>\n<\/tr>\n<\/tbody>\n<\/table>\n<\/div>\n<\/div>\n<p><strong>Kh\u1ea3 n\u0103ng c\u1ee7a Gear\/Spline<\/strong><\/p>\n<div class=\"sliderTable mt10 mb10 sliderTable-index1 change-to-org\">\n<div class=\"inner\">\n<table border=\"1\" width=\"100%\">\n<tbody>\n<tr class=\"firstRow\">\n<th colspan=\"4\" valign=\"top\">B\u00e1nh r\u0103ng trong v\u00e0 R\u00e3nh trong<\/th>\n<\/tr>\n<tr>\n<td valign=\"top\"><\/td>\n<td valign=\"top\">XAY<\/td>\n<td valign=\"top\">\u0110\u1ecaNH H\u00ccNH<\/td>\n<td valign=\"top\">Nghi\u1ebfn r\u0103ng<\/td>\n<\/tr>\n<tr>\n<td valign=\"top\">OD t\u1ed1i \u0111a<\/td>\n<td valign=\"top\">2500 mm<\/td>\n<td valign=\"top\">2500 mm<\/td>\n<td valign=\"top\">2500 mm<\/td>\n<\/tr>\n<tr>\n<td valign=\"top\">ID t\u1ed1i thi\u1ec3u<\/td>\n<td valign=\"top\">650 mm<\/td>\n<td valign=\"top\">50 mm<\/td>\n<td valign=\"top\">100 mm<\/td>\n<\/tr>\n<tr>\n<td valign=\"top\">Chi\u1ec1u r\u1ed9ng m\u1eb7t t\u1ed1i \u0111a<\/td>\n<td valign=\"top\">500 mm<\/td>\n<td valign=\"top\">500 mm<\/td>\n<td valign=\"top\">500 mm<\/td>\n<\/tr>\n<tr>\n<td valign=\"top\">B\u01b0\u1edbc \u0111\u01b0\u1eddng k\u00ednh t\u1ed1i \u0111a<\/td>\n<td valign=\"top\">DP 1<\/td>\n<td valign=\"top\">DP 1<\/td>\n<td valign=\"top\">DP 0.5<\/td>\n<\/tr>\n<tr>\n<td valign=\"top\">M\u00f4-\u0111un t\u1ed1i \u0111a<\/td>\n<td valign=\"top\">26 mm<\/td>\n<td valign=\"top\">26 mm<\/td>\n<td valign=\"top\">45 mm<\/td>\n<\/tr>\n<tr>\n<td valign=\"top\">C\u1ea5p \u0111\u1ed9 AGMA\/ C\u1ea5p \u0111\u1ed9 DIN<\/td>\n<td valign=\"top\">DIN L\u1edbp 8<\/td>\n<td valign=\"top\">DIN L\u1edbp 8<\/td>\n<td valign=\"top\">DIN L\u1edbp 4<\/td>\n<\/tr>\n<tr>\n<td valign=\"top\">Ho\u00e0n thi\u1ec7n b\u1ec1 m\u1eb7t r\u0103ng<\/td>\n<td valign=\"top\">Ra 3.2<\/td>\n<td valign=\"top\">Ra 3.2<\/td>\n<td valign=\"top\">Ra 0,6<\/td>\n<\/tr>\n<tr>\n<td valign=\"top\">G\u00f3c xo\u1eafn \u1ed1c t\u1ed1i \u0111a<\/td>\n<td valign=\"top\">\u00b122,5\u00b0<\/td>\n<td valign=\"top\">\u00b122,5\u00b0<\/td>\n<td valign=\"top\">\u00b145\u00b0<\/td>\n<\/tr>\n<tr>\n<td valign=\"top\"><\/td>\n<td valign=\"top\"><\/td>\n<td valign=\"top\"><\/td>\n<td valign=\"top\"><\/td>\n<\/tr>\n<tr>\n<th colspan=\"4\" valign=\"top\">B\u00e1nh r\u0103ng ngo\u00e0i v\u00e0 r\u00e3nh ngo\u00e0i<\/th>\n<\/tr>\n<tr>\n<td valign=\"top\"><\/td>\n<td valign=\"top\">HOBBING<\/td>\n<td valign=\"top\">XAY<\/td>\n<td valign=\"top\">Nghi\u1ebfn r\u0103ng<\/td>\n<\/tr>\n<tr>\n<td valign=\"top\">OD t\u1ed1i \u0111a<\/td>\n<td valign=\"top\">1250 mm<\/td>\n<td valign=\"top\">2500 mm<\/td>\n<td valign=\"top\">2500 mm<\/td>\n<\/tr>\n<tr>\n<td valign=\"top\">OD t\u1ed1i thi\u1ec3u<\/td>\n<td valign=\"top\">20 mm<\/td>\n<td valign=\"top\">200 mm<\/td>\n<td valign=\"top\">20 mm<\/td>\n<\/tr>\n<tr>\n<td valign=\"top\">Chi\u1ec1u r\u1ed9ng m\u1eb7t t\u1ed1i \u0111a<\/td>\n<td valign=\"top\">500 mm<\/td>\n<td valign=\"top\">500 mm<\/td>\n<td valign=\"top\">1480 mm<\/td>\n<\/tr>\n<tr>\n<td valign=\"top\">B\u01b0\u1edbc \u0111\u01b0\u1eddng k\u00ednh t\u1ed1i \u0111a<\/td>\n<td valign=\"top\">DP 1<\/td>\n<td valign=\"top\">DP 1<\/td>\n<td valign=\"top\">DP 0.5<\/td>\n<\/tr>\n<tr>\n<td valign=\"top\">M\u00f4-\u0111un t\u1ed1i \u0111a<\/td>\n<td valign=\"top\">26 mm<\/td>\n<td valign=\"top\">26 mm<\/td>\n<td valign=\"top\">45 mm<\/td>\n<\/tr>\n<tr>\n<td valign=\"top\">C\u1ea5p \u0111\u1ed9 AGMA\/ C\u1ea5p \u0111\u1ed9 DIN<\/td>\n<td valign=\"top\">DIN L\u1edbp 8<\/td>\n<td valign=\"top\">DIN L\u1edbp 8<\/td>\n<td valign=\"top\">DIN L\u1edbp 4<\/td>\n<\/tr>\n<tr>\n<td valign=\"top\">Ho\u00e0n thi\u1ec7n b\u1ec1 m\u1eb7t r\u0103ng<\/td>\n<td valign=\"top\">Ra 3.2<\/td>\n<td valign=\"top\">Ra 3.2<\/td>\n<td valign=\"top\">Ra 0,6<\/td>\n<\/tr>\n<tr>\n<td valign=\"top\">G\u00f3c xo\u1eafn \u1ed1c t\u1ed1i \u0111a<\/td>\n<td valign=\"top\">\u00b145\u00b0<\/td>\n<td valign=\"top\">\u00b145\u00b0<\/td>\n<td valign=\"top\">\u00b145\u00b0<\/td>\n<\/tr>\n<\/tbody>\n<\/table>\n<div>\n<h3>C\u00f4ng ty FMP: \u0110\u1ed1i t\u00e1c \u0111\u00e1ng tin c\u1eady c\u1ee7a b\u1ea1n v\u1ec1 b\u00e1nh r\u0103ng xo\u1eafn \u1ed1c<\/h3>\n<p class=\"break-words\">T\u1ea1i C\u00f4ng ty FMP, ch\u00fang t\u00f4i chuy\u00ean s\u1ea3n xu\u1ea5t \u0111a d\u1ea1ng c\u00e1c lo\u1ea1i b\u00e1nh r\u0103ng xo\u1eafn \u1ed1c \u0111\u01b0\u1ee3c thi\u1ebft k\u1ebf ri\u00eang cho m\u00e1y \u0111\u00f3ng g\u00f3i \u0111\u1ed3 u\u1ed1ng. Cho d\u00f9 b\u1ea1n c\u1ea7n c\u00e1c t\u00f9y ch\u1ecdn ti\u00eau chu\u1ea9n hay gi\u1ea3i ph\u00e1p thi\u1ebft k\u1ebf ri\u00eang, b\u00e1nh r\u0103ng c\u1ee7a ch\u00fang t\u00f4i \u0111\u1ec1u \u0111\u01b0\u1ee3c ch\u1ebf t\u1ea1o v\u1edbi \u0111\u1ed9 ch\u00ednh x\u00e1c v\u00e0 \u0111\u1ed9 b\u1ec1n cao \u0111\u1ec3 \u0111\u00e1p \u1ee9ng nhu c\u1ea7u \u0111\u1eb7c bi\u1ec7t c\u1ee7a s\u1ea3n xu\u1ea5t s\u1ed1 l\u01b0\u1ee3ng l\u1edbn. N\u1ebfu b\u1ea1n kh\u00f4ng t\u00ecm th\u1ea5y m\u1eabu b\u00e1nh r\u0103ng c\u1ee5 th\u1ec3 trong danh s\u00e1ch s\u1ea3n ph\u1ea9m c\u1ee7a ch\u00fang t\u00f4i, \u0111\u1eebng lo l\u1eafng - \u0111i\u1ec1u \u0111\u00f3 ch\u1ec9 c\u00f3 ngh\u0129a l\u00e0 ch\u00fang t\u00f4i ch\u01b0a t\u1ea3i n\u00f3 l\u00ean. Vui l\u00f2ng g\u1eedi email cho ch\u00fang t\u00f4i y\u00eau c\u1ea7u c\u1ee7a b\u1ea1n, v\u00e0 c\u00e1c k\u1ef9 s\u01b0 chuy\u00ean gia c\u1ee7a ch\u00fang t\u00f4i s\u1ebd li\u00ean h\u1ec7 l\u1ea1i v\u1edbi b\u1ea1n trong v\u00f2ng 24 gi\u1edd v\u1edbi gi\u1ea3i ph\u00e1p b\u00e1nh r\u0103ng ho\u00e0n h\u1ea3o cho nhu c\u1ea7u c\u1ee7a b\u1ea1n.<\/p>\n<\/div>\n<\/div>\n<\/div>","protected":false},"excerpt":{"rendered":"<ul class=\"pro-info-list fix\">\n<li class=\"prod-specifics-brand\"><label>H\u00ecnh d\u1ea1ng r\u0103ng b\u00e1nh r\u0103ng:\u00a0<\/label>xo\u1eafn l\u1ea1i<\/li>\n<li class=\"prod-specifics-brand\"><label>V\u1eadt li\u1ec7u b\u00e1nh r\u0103ng:<\/label>20CrNiMoA<\/li>\n<li class=\"prod-specifics-brand\"><label>G\u00f3c \u00e1p su\u1ea5t:<\/label>15\u00b0<\/li>\n<li class=\"prod-specifics-brand\"><label>M\u1ee9c ch\u1ea5t l\u01b0\u1ee3ng:\u00a0<\/label>L\u1edbp 8 AGMA<\/li>\n<\/ul>","protected":false},"featured_media":4582,"comment_status":"open","ping_status":"closed","template":"","meta":{"_et_pb_use_builder":"","_et_pb_old_content":"","_et_gb_content_width":""},"product_brand":[],"product_cat":[108],"product_tag":[],"class_list":{"0":"post-7366","1":"product","2":"type-product","3":"status-publish","4":"has-post-thumbnail","6":"product_cat-helical-gear","8":"first","9":"instock","10":"shipping-taxable","11":"product-type-simple"},"_links":{"self":[{"href":"https:\/\/fmp-components.com\/vi\/wp-json\/wp\/v2\/product\/7366","targetHints":{"allow":["GET"]}}],"collection":[{"href":"https:\/\/fmp-components.com\/vi\/wp-json\/wp\/v2\/product"}],"about":[{"href":"https:\/\/fmp-components.com\/vi\/wp-json\/wp\/v2\/types\/product"}],"replies":[{"embeddable":true,"href":"https:\/\/fmp-components.com\/vi\/wp-json\/wp\/v2\/comments?post=7366"}],"wp:featuredmedia":[{"embeddable":true,"href":"https:\/\/fmp-components.com\/vi\/wp-json\/wp\/v2\/media\/4582"}],"wp:attachment":[{"href":"https:\/\/fmp-components.com\/vi\/wp-json\/wp\/v2\/media?parent=7366"}],"wp:term":[{"taxonomy":"product_brand","embeddable":true,"href":"https:\/\/fmp-components.com\/vi\/wp-json\/wp\/v2\/product_brand?post=7366"},{"taxonomy":"product_cat","embeddable":true,"href":"https:\/\/fmp-components.com\/vi\/wp-json\/wp\/v2\/product_cat?post=7366"},{"taxonomy":"product_tag","embeddable":true,"href":"https:\/\/fmp-components.com\/vi\/wp-json\/wp\/v2\/product_tag?post=7366"}],"curies":[{"name":"wp","href":"https:\/\/api.w.org\/{rel}","templated":true}]}}