{"id":7364,"date":"2025-03-24T02:21:03","date_gmt":"2025-03-24T02:21:03","guid":{"rendered":"https:\/\/fmp-components.com\/?post_type=product&#038;p=7364"},"modified":"2025-03-26T08:43:59","modified_gmt":"2025-03-26T08:43:59","slug":"high-speed-train-locomotive-hard-tooth-flank-helical-gear","status":"publish","type":"product","link":"https:\/\/fmp-components.com\/vi\/product\/high-speed-train-locomotive-hard-tooth-flank-helical-gear\/","title":{"rendered":"\u0110\u1ea7u m\u00e1y xe l\u1eeda t\u1ed1c \u0111\u1ed9 cao B\u00e1nh r\u0103ng xo\u1eafn s\u01b0\u1eddn r\u0103ng c\u1ee9ng"},"content":{"rendered":"<div class=\"sliderTable mt10 mb10 sliderTable-index0 change-to-org\">\n<div class=\"inner\">\n<h2>Vai tr\u00f2 c\u1ee7a b\u00e1nh r\u0103ng xo\u1eafn s\u01b0\u1eddn r\u0103ng c\u1ee9ng trong \u0111\u1ea7u m\u00e1y xe l\u1eeda t\u1ed1c \u0111\u1ed9 cao<\/h2>\n<div>\u0110\u1ea7u m\u00e1y xe l\u1eeda t\u1ed1c \u0111\u1ed9 cao c\u1ea7n c\u00f3 b\u00e1nh r\u0103ng c\u00f3 th\u1ec3 ch\u1ecbu \u0111\u01b0\u1ee3c \u0111i\u1ec1u ki\u1ec7n v\u1eadn h\u00e0nh kh\u1eafc nghi\u1ec7t trong khi v\u1eabn duy tr\u00ec hi\u1ec7u su\u1ea5t tr\u01a1n tru v\u00e0 hi\u1ec7u qu\u1ea3. S\u01b0\u1eddn r\u0103ng c\u1ee9ng <a href=\"https:\/\/fmp-components.com\/vi\/helical-gears\/\">b\u00e1nh r\u0103ng xo\u1eafn \u1ed1c<\/a> l\u00e0 gi\u1ea3i ph\u00e1p t\u1ed1i \u01b0u cho nh\u1eefng \u1ee9ng d\u1ee5ng n\u00e0y, nh\u1edd \u0111\u1ed9 b\u1ec1n, \u0111\u1ed9 ch\u00ednh x\u00e1c v\u01b0\u1ee3t tr\u1ed9i v\u00e0 kh\u1ea3 n\u0103ng ch\u1ecbu t\u1ea3i tr\u1ecdng v\u00e0 t\u1ed1c \u0111\u1ed9 cao. C\u00e1c b\u00e1nh r\u0103ng n\u00e0y \u0111\u01b0\u1ee3c thi\u1ebft k\u1ebf \u0111\u1eb7c bi\u1ec7t \u0111\u1ec3 gi\u1ea3m thi\u1ec3u ti\u1ebfng \u1ed3n v\u00e0 \u0111\u1ed9 rung, n\u00e2ng cao s\u1ef1 tho\u1ea3i m\u00e1i cho h\u00e0nh kh\u00e1ch \u0111\u1ed3ng th\u1eddi \u0111\u1ea3m b\u1ea3o \u0111\u1ed9 tin c\u1eady c\u1ee7a h\u1ec7 th\u1ed1ng \u0111\u01b0\u1eddng s\u1eaft cao t\u1ed1c. Thi\u1ebft k\u1ebf ch\u1eafc ch\u1eafn c\u1ee7a ch\u00fang c\u0169ng gi\u00fap gi\u1ea3m nhu c\u1ea7u b\u1ea3o tr\u00ec th\u01b0\u1eddng xuy\u00ean, bi\u1ebfn ch\u00fang th\u00e0nh m\u1ed9t b\u1ed9 ph\u1eadn quan tr\u1ecdng cho tu\u1ed5i th\u1ecd v\u00e0 \u0111\u1ed9 tin c\u1eady c\u1ee7a \u0111\u1ea7u m\u00e1y xe l\u1eeda hi\u1ec7n \u0111\u1ea1i.<\/div>\n<h2>Th\u00f4ng s\u1ed1 k\u1ef9 thu\u1eadt<\/h2>\n<table border=\"1\" width=\"100%\">\n<tbody>\n<tr class=\"firstRow\">\n<th colspan=\"2\" valign=\"top\">D\u1eef li\u1ec7u c\u01a1 b\u1ea3n v\u1ec1 b\u00e1nh r\u0103ng<\/th>\n<\/tr>\n<tr>\n<td valign=\"center\">H\u00ecnh d\u1ea1ng r\u0103ng b\u00e1nh r\u0103ng<\/td>\n<td valign=\"center\">xo\u1eafn l\u1ea1i<\/td>\n<\/tr>\n<tr>\n<td valign=\"center\">V\u1eadt li\u1ec7u b\u00e1nh r\u0103ng<\/td>\n<td valign=\"center\">17CrNiMo6<\/td>\n<\/tr>\n<tr>\n<td valign=\"center\">Quy tr\u00ecnh b\u00e1nh r\u0103ng<\/td>\n<td valign=\"center\">r\u00e8n, ti\u1ec7n, phay, th\u1ea5m cacbon, m\u00e0i ngo\u00e0i, m\u00e0i r\u0103ng<\/td>\n<\/tr>\n<tr>\n<td valign=\"center\">G\u00f3c \u00e1p su\u1ea5t<\/td>\n<td valign=\"center\">20\u00b0<\/td>\n<\/tr>\n<tr>\n<td valign=\"center\">M\u1ee9c ch\u1ea5t l\u01b0\u1ee3ng<\/td>\n<td valign=\"center\">DIN 3962 L\u1edbp 6<\/td>\n<\/tr>\n<tr>\n<td valign=\"center\">Lo\u1ea1i b\u00e1nh r\u0103ng<\/td>\n<td valign=\"center\">Mn=4, Z=132, \u03b2=18\u00b0<\/td>\n<\/tr>\n<\/tbody>\n<\/table>\n<\/div>\n<\/div>\n<p><strong>KH\u1ea2 N\u0102NG C\u1ee6A B\u00c1NH R\u0102NG\/SPLINE<\/strong><\/p>\n<div class=\"sliderTable mt10 mb10 sliderTable-index1 change-to-org\">\n<div class=\"inner\">\n<table border=\"1\" width=\"100%\">\n<tbody>\n<tr class=\"firstRow\">\n<th colspan=\"4\" valign=\"top\">B\u00c1NH R\u0102NG TRONG V\u00c0 R\u0102NG R\u0102NG TRONG<\/th>\n<\/tr>\n<tr>\n<td valign=\"top\"><\/td>\n<td valign=\"top\">XAY<\/td>\n<td valign=\"top\">\u0110\u1ecaNH H\u00ccNH<\/td>\n<td valign=\"top\">Nghi\u1ebfn r\u0103ng<\/td>\n<\/tr>\n<tr>\n<td valign=\"top\">OD t\u1ed1i \u0111a<\/td>\n<td valign=\"top\">2500 mm<\/td>\n<td valign=\"top\">2500 mm<\/td>\n<td valign=\"top\">2500 mm<\/td>\n<\/tr>\n<tr>\n<td valign=\"top\">ID t\u1ed1i thi\u1ec3u<\/td>\n<td valign=\"top\">650 mm<\/td>\n<td valign=\"top\">50 mm<\/td>\n<td valign=\"top\">100 mm<\/td>\n<\/tr>\n<tr>\n<td valign=\"top\">Chi\u1ec1u r\u1ed9ng m\u1eb7t t\u1ed1i \u0111a<\/td>\n<td valign=\"top\">500 mm<\/td>\n<td valign=\"top\">500 mm<\/td>\n<td valign=\"top\">500 mm<\/td>\n<\/tr>\n<tr>\n<td valign=\"top\">B\u01b0\u1edbc \u0111\u01b0\u1eddng k\u00ednh t\u1ed1i \u0111a<\/td>\n<td valign=\"top\">DP 1<\/td>\n<td valign=\"top\">DP 1<\/td>\n<td valign=\"top\">DP 0.5<\/td>\n<\/tr>\n<tr>\n<td valign=\"top\">M\u00f4-\u0111un t\u1ed1i \u0111a<\/td>\n<td valign=\"top\">26 mm<\/td>\n<td valign=\"top\">26 mm<\/td>\n<td valign=\"top\">45 mm<\/td>\n<\/tr>\n<tr>\n<td valign=\"top\">C\u1ea5p \u0111\u1ed9 AGMA\/ C\u1ea5p \u0111\u1ed9 DIN<\/td>\n<td valign=\"top\">DIN L\u1edbp 8<\/td>\n<td valign=\"top\">DIN L\u1edbp 8<\/td>\n<td valign=\"top\">DIN L\u1edbp 4<\/td>\n<\/tr>\n<tr>\n<td valign=\"top\">Ho\u00e0n thi\u1ec7n b\u1ec1 m\u1eb7t r\u0103ng<\/td>\n<td valign=\"top\">Ra 3.2<\/td>\n<td valign=\"top\">Ra 3.2<\/td>\n<td valign=\"top\">Ra 0,6<\/td>\n<\/tr>\n<tr>\n<td valign=\"top\">G\u00f3c xo\u1eafn \u1ed1c t\u1ed1i \u0111a<\/td>\n<td valign=\"top\">\u00b122,5\u00b0<\/td>\n<td valign=\"top\">\u00b122,5\u00b0<\/td>\n<td valign=\"top\">\u00b145\u00b0<\/td>\n<\/tr>\n<tr>\n<th colspan=\"4\" valign=\"top\">B\u00c1NH R\u0102NG NGO\u00c0I V\u00c0 KHU\u00d4N NGO\u00c0I<\/th>\n<\/tr>\n<tr>\n<td valign=\"top\"><\/td>\n<td valign=\"top\">HOBBING<\/td>\n<td valign=\"top\">XAY<\/td>\n<td valign=\"top\">Nghi\u1ebfn r\u0103ng<\/td>\n<\/tr>\n<tr>\n<td valign=\"top\">OD t\u1ed1i \u0111a<\/td>\n<td valign=\"top\">1250 mm<\/td>\n<td valign=\"top\">2500 mm<\/td>\n<td valign=\"top\">2500 mm<\/td>\n<\/tr>\n<tr>\n<td valign=\"top\">OD t\u1ed1i thi\u1ec3u<\/td>\n<td valign=\"top\">20 mm<\/td>\n<td valign=\"top\">200 mm<\/td>\n<td valign=\"top\">20 mm<\/td>\n<\/tr>\n<tr>\n<td valign=\"top\">Chi\u1ec1u r\u1ed9ng m\u1eb7t t\u1ed1i \u0111a<\/td>\n<td valign=\"top\">500 mm<\/td>\n<td valign=\"top\">500 mm<\/td>\n<td valign=\"top\">1480 mm<\/td>\n<\/tr>\n<tr>\n<td valign=\"top\">B\u01b0\u1edbc \u0111\u01b0\u1eddng k\u00ednh t\u1ed1i \u0111a<\/td>\n<td valign=\"top\">DP 1<\/td>\n<td valign=\"top\">DP 1<\/td>\n<td valign=\"top\">DP 0.5<\/td>\n<\/tr>\n<tr>\n<td valign=\"top\">M\u00f4-\u0111un t\u1ed1i \u0111a<\/td>\n<td valign=\"top\">26 mm<\/td>\n<td valign=\"top\">26 mm<\/td>\n<td valign=\"top\">45 mm<\/td>\n<\/tr>\n<tr>\n<td valign=\"top\">C\u1ea5p \u0111\u1ed9 AGMA\/ C\u1ea5p \u0111\u1ed9 DIN<\/td>\n<td valign=\"top\">DIN L\u1edbp 8<\/td>\n<td valign=\"top\">DIN L\u1edbp 8<\/td>\n<td valign=\"top\">DIN L\u1edbp 4<\/td>\n<\/tr>\n<tr>\n<td valign=\"top\">Ho\u00e0n thi\u1ec7n b\u1ec1 m\u1eb7t r\u0103ng<\/td>\n<td valign=\"top\">Ra 3.2<\/td>\n<td valign=\"top\">Ra 3.2<\/td>\n<td valign=\"top\">Ra 0,6<\/td>\n<\/tr>\n<tr>\n<td valign=\"top\">G\u00f3c xo\u1eafn \u1ed1c t\u1ed1i \u0111a<\/td>\n<td valign=\"top\">\u00b145\u00b0<\/td>\n<td valign=\"top\">\u00b145\u00b0<\/td>\n<td valign=\"top\">\u00b145\u00b0<\/td>\n<\/tr>\n<\/tbody>\n<\/table>\n<div><\/div>\n<h3>C\u00f4ng ty FMP: \u0110\u1ed1i t\u00e1c cung c\u1ea5p b\u00e1nh r\u0103ng \u0111\u1ea7u m\u00e1y ch\u1ea5t l\u01b0\u1ee3ng cao<\/h3>\n<div><\/div>\n<div>C\u00f4ng ty FMP l\u00e0 nh\u00e0 s\u1ea3n xu\u1ea5t h\u00e0ng \u0111\u1ea7u v\u1ec1 b\u00e1nh r\u0103ng xo\u1eafn s\u01b0\u1eddn r\u0103ng c\u1ee9ng cho \u0111\u1ea7u m\u00e1y xe l\u1eeda cao t\u1ed1c, cung c\u1ea5p \u0111a d\u1ea1ng c\u00e1c lo\u1ea1i b\u00e1nh r\u0103ng \u0111\u01b0\u1ee3c thi\u1ebft k\u1ebf \u0111\u1ec3 \u0111\u00e1p \u1ee9ng nh\u1eefng y\u00eau c\u1ea7u kh\u1eaft khe c\u1ee7a ng\u00e0nh \u0111\u01b0\u1eddng s\u1eaft. B\u00e1nh r\u0103ng c\u1ee7a ch\u00fang t\u00f4i \u0111\u01b0\u1ee3c ch\u1ebf t\u1ea1o theo ti\u00eau chu\u1ea9n cao nh\u1ea5t, \u0111\u1ea3m b\u1ea3o hi\u1ec7u su\u1ea5t v\u00e0 \u0111\u1ed9 b\u1ec1n t\u1ed1i \u0111a ngay c\u1ea3 trong nh\u1eefng m\u00f4i tr\u01b0\u1eddng kh\u1eafc nghi\u1ec7t nh\u1ea5t. Ch\u00fang t\u00f4i c\u0169ng cung c\u1ea5p d\u1ecbch v\u1ee5 s\u1ea3n xu\u1ea5t b\u00e1nh r\u0103ng theo y\u00eau c\u1ea7u \u0111\u1ec3 \u0111\u00e1p \u1ee9ng c\u00e1c th\u00f4ng s\u1ed1 k\u1ef9 thu\u1eadt ri\u00eang bi\u1ec7t. N\u1ebfu m\u1eabu b\u00e1nh r\u0103ng b\u1ea1n y\u00eau c\u1ea7u kh\u00f4ng c\u00f3 trong danh m\u1ee5c s\u1ea3n ph\u1ea9m c\u1ee7a ch\u00fang t\u00f4i, \u0111i\u1ec1u \u0111\u00f3 c\u00f3 ngh\u0129a l\u00e0 ch\u00fang t\u00f4i ch\u01b0a t\u1ea3i n\u00f3 l\u00ean \u2014 h\u00e3y y\u00ean t\u00e2m, ch\u00fang t\u00f4i v\u1eabn c\u00f3 th\u1ec3 \u0111\u00e1p \u1ee9ng nhu c\u1ea7u c\u1ee7a b\u1ea1n. Vui l\u00f2ng g\u1eedi email cho ch\u00fang t\u00f4i y\u00eau c\u1ea7u c\u1ee7a b\u1ea1n v\u00e0 c\u00e1c k\u1ef9 s\u01b0 l\u00e0nh ngh\u1ec1 c\u1ee7a ch\u00fang t\u00f4i s\u1ebd ph\u1ea3n h\u1ed3i trong v\u00f2ng 24 gi\u1edd \u0111\u1ec3 gi\u00fap b\u1ea1n t\u00ecm ra gi\u1ea3i ph\u00e1p b\u00e1nh r\u0103ng l\u00fd t\u01b0\u1edfng cho \u0111\u1ea7u m\u00e1y xe l\u1eeda c\u1ee7a m\u00ecnh.<\/div>\n<\/div>\n<\/div>","protected":false},"excerpt":{"rendered":"<ul class=\"pro-info-list fix\">\n<li class=\"prod-specifics-brand\"><label>H\u00ecnh d\u1ea1ng r\u0103ng b\u00e1nh r\u0103ng:\u00a0<\/label>xo\u1eafn l\u1ea1i<\/li>\n<li class=\"prod-specifics-brand\"><label>V\u1eadt li\u1ec7u b\u00e1nh r\u0103ng:<\/label>17CrNiMo6<\/li>\n<li class=\"prod-specifics-brand\"><label>G\u00f3c \u00e1p su\u1ea5t:<\/label>20\u00b0<\/li>\n<li class=\"prod-specifics-brand\"><label>M\u1ee9c ch\u1ea5t l\u01b0\u1ee3ng:\u00a0<\/label>DIN 3962 L\u1edbp 6<\/li>\n<\/ul>","protected":false},"featured_media":4590,"comment_status":"open","ping_status":"closed","template":"","meta":{"_et_pb_use_builder":"","_et_pb_old_content":"","_et_gb_content_width":""},"product_brand":[],"product_cat":[108],"product_tag":[],"class_list":{"0":"post-7364","1":"product","2":"type-product","3":"status-publish","4":"has-post-thumbnail","6":"product_cat-helical-gear","8":"first","9":"instock","10":"shipping-taxable","11":"product-type-simple"},"_links":{"self":[{"href":"https:\/\/fmp-components.com\/vi\/wp-json\/wp\/v2\/product\/7364","targetHints":{"allow":["GET"]}}],"collection":[{"href":"https:\/\/fmp-components.com\/vi\/wp-json\/wp\/v2\/product"}],"about":[{"href":"https:\/\/fmp-components.com\/vi\/wp-json\/wp\/v2\/types\/product"}],"replies":[{"embeddable":true,"href":"https:\/\/fmp-components.com\/vi\/wp-json\/wp\/v2\/comments?post=7364"}],"wp:featuredmedia":[{"embeddable":true,"href":"https:\/\/fmp-components.com\/vi\/wp-json\/wp\/v2\/media\/4590"}],"wp:attachment":[{"href":"https:\/\/fmp-components.com\/vi\/wp-json\/wp\/v2\/media?parent=7364"}],"wp:term":[{"taxonomy":"product_brand","embeddable":true,"href":"https:\/\/fmp-components.com\/vi\/wp-json\/wp\/v2\/product_brand?post=7364"},{"taxonomy":"product_cat","embeddable":true,"href":"https:\/\/fmp-components.com\/vi\/wp-json\/wp\/v2\/product_cat?post=7364"},{"taxonomy":"product_tag","embeddable":true,"href":"https:\/\/fmp-components.com\/vi\/wp-json\/wp\/v2\/product_tag?post=7364"}],"curies":[{"name":"wp","href":"https:\/\/api.w.org\/{rel}","templated":true}]}}