{"id":7344,"date":"2025-03-23T08:16:42","date_gmt":"2025-03-23T08:16:42","guid":{"rendered":"https:\/\/fmp-components.com\/?post_type=product&#038;p=7344"},"modified":"2025-03-26T08:46:39","modified_gmt":"2025-03-26T08:46:39","slug":"industrial-double-helical-gears","status":"publish","type":"product","link":"https:\/\/fmp-components.com\/vi\/product\/industrial-double-helical-gears\/","title":{"rendered":"B\u00e1nh r\u0103ng xo\u1eafn k\u00e9p c\u00f4ng nghi\u1ec7p"},"content":{"rendered":"<div>\n<h2>B\u00e1nh r\u0103ng xo\u1eafn k\u00e9p c\u00f4ng nghi\u1ec7p cao c\u1ea5p t\u1eeb FMP<\/h2>\n<p class=\"break-words\">B\u00e1nh r\u0103ng xo\u1eafn k\u00e9p c\u00f4ng nghi\u1ec7p l\u00e0 th\u00e0nh ph\u1ea7n thi\u1ebft y\u1ebfu trong m\u00e1y m\u00f3c h\u1ea1ng n\u1eb7ng, \u0111\u01b0\u1ee3c \u0111\u00e1nh gi\u00e1 cao nh\u1edd kh\u1ea3 n\u0103ng truy\u1ec1n m\u00f4-men xo\u1eafn cao v\u1edbi \u0111\u1ed9 tr\u01a1n tru v\u01b0\u1ee3t tr\u1ed9i v\u00e0 ti\u1ebfng \u1ed3n t\u1ed1i thi\u1ec3u. Kh\u00f4ng gi\u1ed1ng nh\u01b0 c\u00e1c b\u00e1nh r\u0103ng tr\u1ee5 \u0111\u01a1n gi\u1ea3n h\u01a1n, thi\u1ebft k\u1ebf r\u0103ng h\u00ecnh ch\u1eef V khi\u1ebfn ch\u00fang ph\u1ee9c t\u1ea1p v\u00e0 t\u1ed1n k\u00e9m h\u01a1n khi s\u1ea3n xu\u1ea5t, nh\u01b0ng l\u1ee3i \u00edch mang l\u1ea1i l\u00e0 hi\u1ec7u su\u1ea5t v\u01b0\u1ee3t tr\u1ed9i trong c\u00e1c \u1ee9ng d\u1ee5ng \u0111\u00f2i h\u1ecfi kh\u1eaft khe. T\u1eeb cung c\u1ea5p n\u0103ng l\u01b0\u1ee3ng cho c\u1ea7n c\u1ea9u v\u00e0 b\u01a1m ch\u1ea5t l\u1ecfng \u0111\u1ebfn h\u1ec7 th\u1ed1ng \u0111\u1ea9y tr\u00ean t\u00e0u qu\u00e2n s\u1ef1, nh\u1eefng b\u00e1nh r\u0103ng n\u00e0y v\u01b0\u1ee3t tr\u1ed9i trong nh\u1eefng \u1ee9ng d\u1ee5ng \u0111\u00f2i h\u1ecfi s\u1ef1 v\u1eadn h\u00e0nh \u00eam \u00e1i v\u00e0 gi\u1ea3m rung \u0111\u1ed9ng. T\u1ea1i C\u00f4ng ty FMP, ch\u00fang t\u00f4i t\u1ef1 h\u00e0o l\u00e0 m\u1ed9t trong nh\u1eefng nh\u00e0 s\u1ea3n xu\u1ea5t b\u00e1nh r\u0103ng xo\u1eafn k\u00e9p h\u00e0ng \u0111\u1ea7u. <a href=\"https:\/\/fmp-components.com\/vi\/helical-gears\/\">b\u00e1nh r\u0103ng xo\u1eafn \u1ed1c<\/a> C\u00e1c nh\u00e0 s\u1ea3n xu\u1ea5t t\u1ea1i Trung Qu\u1ed1c, cung c\u1ea5p \u0111a d\u1ea1ng c\u00e1c lo\u1ea1i b\u00e1nh r\u0103ng ch\u1ea5t l\u01b0\u1ee3ng cao. N\u0103ng l\u1ef1c s\u1ea3n xu\u1ea5t ti\u00ean ti\u1ebfn c\u1ee7a ch\u00fang t\u00f4i cho ph\u00e9p s\u1ea3n xu\u1ea5t b\u00e1nh r\u0103ng v\u1edbi \u0111\u01b0\u1eddng k\u00ednh ngo\u00e0i t\u1ed1i \u0111a 1370mm (54 inch) v\u00e0 chi\u1ec1u r\u1ed9ng to\u00e0n m\u1eb7t 250mm (10 inch) \u1edf g\u00f3c xo\u1eafn 30 \u0111\u1ed9, \u0111\u1ea3m b\u1ea3o \u0111\u1ed9 ch\u00ednh x\u00e1c v\u00e0 \u0111\u1ed9 b\u1ec1n cho nh\u1eefng th\u1eed th\u00e1ch kh\u00f3 kh\u0103n nh\u1ea5t c\u1ee7a b\u1ea1n.<\/p>\n<h3>Gi\u1ea3i ph\u00e1p t\u00f9y ch\u1ec9nh v\u00e0 h\u1ed7 tr\u1ee3 chuy\u00ean gia<\/h3>\n<p class=\"break-words\">V\u1edbi h\u01a1n m\u1ed9t th\u1eadp k\u1ef7 kinh nghi\u1ec7m, C\u00f4ng ty FMP n\u1ed5i b\u1eadt l\u00e0 nh\u00e0 cung c\u1ea5p B\u00e1nh r\u0103ng xo\u1eafn k\u00e9p c\u00f4ng nghi\u1ec7p \u0111\u00e1ng tin c\u1eady t\u1ea1i Trung Qu\u1ed1c, cung c\u1ea5p c\u1ea3 gi\u1ea3i ph\u00e1p ti\u00eau chu\u1ea9n v\u00e0 t\u00f9y ch\u1ec9nh v\u1edbi gi\u00e1 c\u1ea3 c\u1ea1nh tranh. Nh\u00e0 m\u00e1y c\u1ee7a ch\u00fang t\u00f4i \u0111\u01b0\u1ee3c trang b\u1ecb \u0111a d\u1ea1ng c\u00e1c lo\u1ea1i dao phay r\u00e3nh v\u00e0 nh\u1eadn \u0111\u1eb7t h\u00e0ng theo y\u00eau c\u1ea7u \u0111\u1ec3 \u0111\u00e1p \u1ee9ng c\u00e1c th\u00f4ng s\u1ed1 k\u1ef9 thu\u1eadt ri\u00eang c\u1ee7a b\u1ea1n, d\u00f9 l\u00e0 \u1ee9ng d\u1ee5ng c\u00f4ng nghi\u1ec7p, qu\u00e2n s\u1ef1 hay chuy\u00ean d\u1ee5ng. B\u1ea1n kh\u00f4ng t\u00ecm th\u1ea5y m\u1eabu m\u00e3 ch\u00ednh x\u00e1c trong danh s\u00e1ch s\u1ea3n ph\u1ea9m c\u1ee7a ch\u00fang t\u00f4i? \u0110i\u1ec1u \u0111\u00f3 c\u00f3 ngh\u0129a l\u00e0 ch\u00fang t\u00f4i ch\u01b0a c\u00f3 c\u01a1 h\u1ed9i t\u1ea3i l\u00ean! Ch\u1ec9 c\u1ea7n g\u1eedi email cho ch\u00fang t\u00f4i y\u00eau c\u1ea7u c\u1ee7a b\u1ea1n, v\u00e0 c\u00e1c k\u1ef9 s\u01b0 t\u1eadn t\u00e2m c\u1ee7a ch\u00fang t\u00f4i s\u1ebd ph\u1ea3n h\u1ed3i trong v\u00f2ng 24 gi\u1edd v\u1edbi s\u1ef1 h\u1ed7 tr\u1ee3 \u0111\u01b0\u1ee3c thi\u1ebft k\u1ebf ri\u00eang. T\u1ea1i FMP, ch\u00fang t\u00f4i cam k\u1ebft mang \u0111\u1ebfn s\u1ef1 ho\u00e0n h\u1ea3o, tr\u1edf th\u00e0nh \u0111\u1ed1i t\u00e1c \u0111\u00e1ng tin c\u1eady c\u1ee7a b\u1ea1n v\u1ec1 b\u00e1nh r\u0103ng xo\u1eafn k\u00e9p cao c\u1ea5p v\u00e0 d\u1ecbch v\u1ee5 kh\u00e1ch h\u00e0ng xu\u1ea5t s\u1eafc. Li\u00ean h\u1ec7 v\u1edbi ch\u00fang t\u00f4i ngay h\u00f4m nay \u0111\u1ec3 \u0111\u01b0\u1ee3c t\u01b0 v\u1ea5n b\u00e1n bu\u00f4n ho\u1eb7c gi\u1ea3i ph\u00e1p b\u00e1nh r\u0103ng \u0111\u01b0\u1ee3c c\u00e1 nh\u00e2n h\u00f3a!<\/p>\n<\/div>\n<h2>Th\u00f4ng s\u1ed1 k\u1ef9 thu\u1eadt s\u1ea3n ph\u1ea9m<\/h2>\n<div class=\"table-responsive\">\n<table class=\"table\" style=\"width: 97.2464%; height: 208px;\" border=\"1\">\n<tbody>\n<tr style=\"height: 26px;\">\n<td style=\"height: 26px;\">Lo\u1ea1i b\u00e1nh r\u0103ng<\/td>\n<td style=\"height: 26px;\">X\u01b0\u01a1ng c\u00e1 tr\u00edch<\/td>\n<\/tr>\n<tr style=\"height: 26px;\">\n<td style=\"height: 26px;\">S\u1eed d\u1ee5ng\/\u1ee8ng d\u1ee5ng<\/td>\n<td style=\"height: 26px;\">C\u00f4ng nghi\u1ec7p<\/td>\n<\/tr>\n<tr style=\"height: 26px;\">\n<td style=\"height: 26px;\">H\u00ecnh d\u1ea1ng r\u0103ng<\/td>\n<td style=\"height: 26px;\">X\u01b0\u01a1ng c\u00e1 tr\u00edch<\/td>\n<\/tr>\n<tr style=\"height: 26px;\">\n<td style=\"height: 26px;\">V\u1eadt li\u1ec7u<\/td>\n<td style=\"height: 26px;\">T\u00f9y ch\u1ec9nh<\/td>\n<\/tr>\n<tr style=\"height: 26px;\">\n<td style=\"height: 26px;\">H\u00ecnh d\u1ea1ng<\/td>\n<td style=\"height: 26px;\">Tr\u00f2n<\/td>\n<\/tr>\n<tr style=\"height: 26px;\">\n<td style=\"height: 26px;\">Dung t\u00edch<\/td>\n<td style=\"height: 26px;\">T\u00f9y ch\u1ec9nh<\/td>\n<\/tr>\n<tr style=\"height: 26px;\">\n<td style=\"height: 26px;\">\u0110\u01b0\u1eddng k\u00ednh<\/td>\n<td style=\"height: 26px;\">T\u00f9y ch\u1ec9nh<\/td>\n<\/tr>\n<tr style=\"height: 26px;\">\n<td style=\"height: 26px;\">K\u00edch c\u1ee1<\/td>\n<td style=\"height: 26px;\">T\u00f9y ch\u1ec9nh<\/td>\n<\/tr>\n<\/tbody>\n<\/table>\n<\/div>","protected":false},"excerpt":{"rendered":"<p>Premium Industrial Double Helical Gears from FMP Industrial Double Helical Gears are vital components in heavy-duty machinery, prized for their ability to transmit high torque with exceptional smoothness and minimal noise. Unlike simpler spur gears, their V-shaped tooth design makes them more complex and costly to produce, but the payoff is unmatched performance in demanding [&hellip;]<\/p>","protected":false},"featured_media":4592,"comment_status":"open","ping_status":"closed","template":"","meta":{"_et_pb_use_builder":"","_et_pb_old_content":"","_et_gb_content_width":""},"product_brand":[],"product_cat":[108],"product_tag":[],"class_list":{"0":"post-7344","1":"product","2":"type-product","3":"status-publish","4":"has-post-thumbnail","6":"product_cat-helical-gear","8":"first","9":"instock","10":"shipping-taxable","11":"product-type-simple"},"_links":{"self":[{"href":"https:\/\/fmp-components.com\/vi\/wp-json\/wp\/v2\/product\/7344","targetHints":{"allow":["GET"]}}],"collection":[{"href":"https:\/\/fmp-components.com\/vi\/wp-json\/wp\/v2\/product"}],"about":[{"href":"https:\/\/fmp-components.com\/vi\/wp-json\/wp\/v2\/types\/product"}],"replies":[{"embeddable":true,"href":"https:\/\/fmp-components.com\/vi\/wp-json\/wp\/v2\/comments?post=7344"}],"wp:featuredmedia":[{"embeddable":true,"href":"https:\/\/fmp-components.com\/vi\/wp-json\/wp\/v2\/media\/4592"}],"wp:attachment":[{"href":"https:\/\/fmp-components.com\/vi\/wp-json\/wp\/v2\/media?parent=7344"}],"wp:term":[{"taxonomy":"product_brand","embeddable":true,"href":"https:\/\/fmp-components.com\/vi\/wp-json\/wp\/v2\/product_brand?post=7344"},{"taxonomy":"product_cat","embeddable":true,"href":"https:\/\/fmp-components.com\/vi\/wp-json\/wp\/v2\/product_cat?post=7344"},{"taxonomy":"product_tag","embeddable":true,"href":"https:\/\/fmp-components.com\/vi\/wp-json\/wp\/v2\/product_tag?post=7344"}],"curies":[{"name":"wp","href":"https:\/\/api.w.org\/{rel}","templated":true}]}}