{"id":7343,"date":"2025-03-23T08:14:08","date_gmt":"2025-03-23T08:14:08","guid":{"rendered":"https:\/\/fmp-components.com\/?post_type=product&#038;p=7343"},"modified":"2025-03-26T08:46:51","modified_gmt":"2025-03-26T08:46:51","slug":"steel-double-helical-gear","status":"publish","type":"product","link":"https:\/\/fmp-components.com\/vi\/product\/steel-double-helical-gear\/","title":{"rendered":"B\u00e1nh r\u0103ng xo\u1eafn k\u00e9p b\u1eb1ng th\u00e9p"},"content":{"rendered":"<div>\n<h2>B\u00e1nh r\u0103ng xo\u1eafn k\u00e9p b\u1eb1ng th\u00e9p cao c\u1ea5p t\u1eeb FMP<\/h2>\n<p class=\"break-words\">B\u00e1nh r\u0103ng xo\u1eafn k\u00e9p th\u00e9p l\u00e0 th\u00e0nh ph\u1ea7n thi\u1ebft y\u1ebfu trong m\u00e1y m\u00f3c h\u1ea1ng n\u1eb7ng, \u0111\u01b0\u1ee3c \u0111\u00e1nh gi\u00e1 cao nh\u1edd kh\u1ea3 n\u0103ng truy\u1ec1n m\u00f4-men xo\u1eafn cao \u0111\u1ed3ng th\u1eddi gi\u1ea3m thi\u1ec3u ti\u1ebfng \u1ed3n v\u00e0 \u0111\u1ed9 rung. Lo\u1ea1i b\u00e1nh r\u0103ng n\u00e0y, \u0111\u1eb7c tr\u01b0ng b\u1edfi r\u0103ng h\u00ecnh ch\u1eef V, l\u00e0 thi\u1ebft b\u1ecb kh\u00f4ng th\u1ec3 thi\u1ebfu trong c\u00e1c ng\u00e0nh c\u00f4ng nghi\u1ec7p nh\u01b0 s\u1ea3n xu\u1ea5t th\u00e9p, ph\u00e1t \u0111i\u1ec7n v\u00e0 khai th\u00e1c m\u1ecf, n\u01a1i \u0111\u1ed9 tin c\u1eady v\u00e0 hi\u1ec7u qu\u1ea3 l\u00e0 y\u1ebfu t\u1ed1 then ch\u1ed1t. T\u1ea1i FMP, m\u1ed9t c\u00f4ng ty h\u00e0ng \u0111\u1ea7u \u0111\u00e1ng tin c\u1eady trong l\u0129nh v\u1ef1c s\u1ea3n xu\u1ea5t b\u00e1nh r\u0103ng, ch\u00fang t\u00f4i s\u1ea3n xu\u1ea5t \u0111a d\u1ea1ng c\u00e1c lo\u1ea1i b\u00e1nh r\u0103ng xo\u1eafn k\u00e9p th\u00e9p. <a href=\"https:\/\/fmp-components.com\/vi\/helical-gears\/\">B\u00e1nh r\u0103ng xo\u1eafn \u1ed1c<\/a> \u0111\u1ec3 \u0111\u00e1p \u1ee9ng nhu c\u1ea7u \u0111a d\u1ea1ng c\u1ee7a c\u00e1c l\u0129nh v\u1ef1c n\u00e0y. T\u1eeb c\u00e1c m\u1eabu ti\u00eau chu\u1ea9n \u0111\u1ebfn thi\u1ebft k\u1ebf chuy\u00ean bi\u1ec7t, m\u1ed7i b\u00e1nh r\u0103ng \u0111\u1ec1u \u0111\u01b0\u1ee3c ch\u1ebf t\u1ea1o t\u1ec9 m\u1ec9 b\u1eb1ng th\u00e9p ch\u1ea5t l\u01b0\u1ee3ng cao v\u00e0 k\u1ef9 thu\u1eadt s\u1ea3n xu\u1ea5t ti\u00ean ti\u1ebfn, \u0111\u1ea3m b\u1ea3o \u0111\u1ed9 ch\u00ednh x\u00e1c v\u00e0 \u0111\u1ed9 b\u1ec1n v\u01b0\u1ee3t tr\u1ed9i ngay c\u1ea3 cho nh\u1eefng \u1ee9ng d\u1ee5ng kh\u00f3 kh\u0103n nh\u1ea5t.<\/p>\n<h3>Gi\u1ea3i ph\u00e1p t\u00f9y ch\u1ec9nh v\u00e0 h\u1ed7 tr\u1ee3 chuy\u00ean gia<\/h3>\n<p class=\"break-words\">T\u1ea1i FMP, ch\u00fang t\u00f4i hi\u1ec3u r\u1eb1ng m\u1ed7i d\u1ef1 \u00e1n \u0111\u1ec1u c\u00f3 nh\u1eefng y\u00eau c\u1ea7u ri\u00eang, \u0111\u00f3 l\u00e0 l\u00fd do t\u1ea1i sao ch\u00fang t\u00f4i cung c\u1ea5p d\u1ecbch v\u1ee5 s\u1ea3n xu\u1ea5t theo y\u00eau c\u1ea7u cho B\u00e1nh r\u0103ng xo\u1eafn k\u00e9p th\u00e9p. Cho d\u00f9 b\u1ea1n c\u1ea7n k\u00edch th\u01b0\u1edbc, v\u1eadt li\u1ec7u c\u1ee5 th\u1ec3 hay thi\u1ebft k\u1ebf ri\u00eang, \u0111\u1ed9i ng\u0169 k\u1ef9 s\u01b0 l\u00e0nh ngh\u1ec1 c\u1ee7a ch\u00fang t\u00f4i \u0111\u1ec1u \u0111\u01b0\u1ee3c trang b\u1ecb \u0111\u1ec3 t\u1ea1o ra m\u1ed9t gi\u1ea3i ph\u00e1p ph\u00f9 h\u1ee3p ch\u00ednh x\u00e1c v\u1edbi th\u00f4ng s\u1ed1 k\u1ef9 thu\u1eadt c\u1ee7a b\u1ea1n. N\u1ebfu b\u1ea1n kh\u00f4ng th\u1ea5y m\u1eabu s\u1ea3n ph\u1ea9m m\u00ecnh \u0111ang t\u00ecm ki\u1ebfm trong danh s\u00e1ch s\u1ea3n ph\u1ea9m c\u1ee7a ch\u00fang t\u00f4i, \u0111i\u1ec1u \u0111\u00f3 c\u00f3 ngh\u0129a l\u00e0 ch\u00fang t\u00f4i ch\u01b0a c\u00f3 c\u01a1 h\u1ed9i \u0111\u0103ng n\u00f3 l\u00ean. Ch\u00fang t\u00f4i m\u1eddi b\u1ea1n li\u00ean h\u1ec7 v\u1edbi ch\u00fang t\u00f4i qua email v\u1edbi c\u00e1c y\u00eau c\u1ea7u c\u1ee7a b\u1ea1n v\u00e0 \u0111\u1ed9i ng\u0169 chuy\u00ean d\u1ee5ng c\u1ee7a ch\u00fang t\u00f4i s\u1ebd ph\u1ea3n h\u1ed3i trong v\u00f2ng 24 gi\u1edd \u0111\u1ec3 th\u1ea3o lu\u1eadn v\u1ec1 c\u00e1ch ch\u00fang t\u00f4i c\u00f3 th\u1ec3 \u0111\u00e1p \u1ee9ng nhu c\u1ea7u c\u1ee7a b\u1ea1n. V\u1edbi FMP, b\u1ea1n c\u00f3 th\u1ec3 tin t\u01b0\u1edfng v\u00e0o d\u1ecbch v\u1ee5 \u0111\u01b0\u1ee3c c\u00e1 nh\u00e2n h\u00f3a v\u00e0 chuy\u00ean m\u00f4n h\u00e0ng \u0111\u1ea7u trong ng\u00e0nh \u0111\u1ec3 mang \u0111\u1ebfn gi\u1ea3i ph\u00e1p b\u00e1nh r\u0103ng ho\u00e0n h\u1ea3o.<\/p>\n<\/div>\n<p>B\u00e1nh r\u0103ng xo\u1eafn k\u00e9p b\u1eb1ng th\u00e9p<\/p>\n<p>Ch\u1ea5t li\u1ec7u: SS, t\u00f9y ch\u1ec9nh<\/p>\n<p>\u0110\u01b0\u1eddng k\u00ednh: 20mm, t\u00f9y ch\u1ec9nh<\/p>\n<h2>Th\u00f4ng s\u1ed1 k\u1ef9 thu\u1eadt s\u1ea3n ph\u1ea9m<\/h2>\n<div class=\"table-responsive\">\n<table class=\"table\" style=\"width: 99.1008%; height: 212px;\" border=\"1\">\n<tbody>\n<tr>\n<td>Lo\u1ea1i b\u00e1nh r\u0103ng<\/td>\n<td>B\u00e1nh r\u0103ng xo\u1eafn \u1ed1c<\/td>\n<\/tr>\n<tr>\n<td>V\u1eadt li\u1ec7u<\/td>\n<td>SS<\/td>\n<\/tr>\n<tr>\n<td>H\u00ecnh d\u1ea1ng<\/td>\n<td>Tr\u00f2n<\/td>\n<\/tr>\n<tr>\n<td>\u0110\u01b0\u1eddng k\u00ednh<\/td>\n<td>20 mm<\/td>\n<\/tr>\n<tr>\n<td>Ho\u00e0n thi\u1ec7n b\u1ec1 m\u1eb7t<\/td>\n<td>\u0110\u00e1nh b\u00f3ng<\/td>\n<\/tr>\n<tr>\n<td>N\u01b0\u1edbc xu\u1ea5t x\u1ee9<\/td>\n<td>S\u1ea3n xu\u1ea5t t\u1ea1i Trung Qu\u1ed1c<\/td>\n<\/tr>\n<\/tbody>\n<\/table>\n<p>&nbsp;<\/p>\n<p><img loading=\"lazy\" decoding=\"async\" class=\"size-full wp-image-4579 aligncenter\" src=\"https:\/\/fmp-components.com\/wp-content\/uploads\/2025\/01\/Steel-Double-Helical-Gear.webp\" alt=\"B\u00e1nh r\u0103ng xo\u1eafn k\u00e9p b\u1eb1ng th\u00e9p\" width=\"800\" height=\"800\" title=\"\" srcset=\"https:\/\/fmp-components.com\/wp-content\/uploads\/2025\/01\/Steel-Double-Helical-Gear.webp 800w, https:\/\/fmp-components.com\/wp-content\/uploads\/2025\/01\/Steel-Double-Helical-Gear-480x480.webp 480w\" sizes=\"(min-width: 0px) and (max-width: 480px) 480px, (min-width: 481px) 800px, 100vw\" \/><\/p>\n<\/div>","protected":false},"excerpt":{"rendered":"<p>Premium Steel Double Helical Gears from FMP Steel Double Helical Gears are vital components in heavy-duty machinery, prized for their ability to transmit high torque while minimizing noise and vibration. These gears, distinguished by their V-shaped teeth, are indispensable in industries such as steel manufacturing, power generation, and mining, where reliability and efficiency are critical. [&hellip;]<\/p>","protected":false},"featured_media":4579,"comment_status":"open","ping_status":"closed","template":"","meta":{"_et_pb_use_builder":"","_et_pb_old_content":"","_et_gb_content_width":""},"product_brand":[],"product_cat":[108],"product_tag":[],"class_list":{"0":"post-7343","1":"product","2":"type-product","3":"status-publish","4":"has-post-thumbnail","6":"product_cat-helical-gear","8":"first","9":"instock","10":"shipping-taxable","11":"product-type-simple"},"_links":{"self":[{"href":"https:\/\/fmp-components.com\/vi\/wp-json\/wp\/v2\/product\/7343","targetHints":{"allow":["GET"]}}],"collection":[{"href":"https:\/\/fmp-components.com\/vi\/wp-json\/wp\/v2\/product"}],"about":[{"href":"https:\/\/fmp-components.com\/vi\/wp-json\/wp\/v2\/types\/product"}],"replies":[{"embeddable":true,"href":"https:\/\/fmp-components.com\/vi\/wp-json\/wp\/v2\/comments?post=7343"}],"wp:featuredmedia":[{"embeddable":true,"href":"https:\/\/fmp-components.com\/vi\/wp-json\/wp\/v2\/media\/4579"}],"wp:attachment":[{"href":"https:\/\/fmp-components.com\/vi\/wp-json\/wp\/v2\/media?parent=7343"}],"wp:term":[{"taxonomy":"product_brand","embeddable":true,"href":"https:\/\/fmp-components.com\/vi\/wp-json\/wp\/v2\/product_brand?post=7343"},{"taxonomy":"product_cat","embeddable":true,"href":"https:\/\/fmp-components.com\/vi\/wp-json\/wp\/v2\/product_cat?post=7343"},{"taxonomy":"product_tag","embeddable":true,"href":"https:\/\/fmp-components.com\/vi\/wp-json\/wp\/v2\/product_tag?post=7343"}],"curies":[{"name":"wp","href":"https:\/\/api.w.org\/{rel}","templated":true}]}}